{"id":10326,"date":"2025-09-18T11:53:26","date_gmt":"2025-09-18T11:53:26","guid":{"rendered":"https:\/\/wp-test-1.sweethome3d.eu\/tipy-a-triky\/"},"modified":"2025-10-31T10:13:37","modified_gmt":"2025-10-31T10:13:37","slug":"tipy-a-triky","status":"publish","type":"page","link":"https:\/\/wp-test-1.sweethome3d.eu\/cs\/tipy-a-triky\/","title":{"rendered":"Tipy a triky"},"content":{"rendered":"\n<p class=\"has-text-align-center\">Tato str\u00e1nka uv\u00e1d\u00ed tipy pro <a href=\"\/\">Sweet Home 3D<\/a> publikovan\u00e9 na <a href=\"https:\/\/wp-test-1.sweethome3d.eu\/blog\/\" data-type=\"page\" data-id=\"280\">blogu<\/a> a na <a href=\"https:\/\/www.youtube.com\/SweetHome3D\" target=\"_blank\" rel=\"noopener\">YouTube kan\u00e1lu Sweet Home 3D<\/a>.<\/p>\n\n\n\n<figure class=\"wp-block-flexible-table-block-table is-content-justification-center\"><table class=\"has-fixed-layout\" style=\"margin-top:30px\"><thead><tr><td style=\"text-align:center\">Tipy na YouTube<\/td><\/tr><\/thead><tbody><tr><td style=\"text-align:center\"><p style=\"margin-top:5px; margin-bottom:5px\"><a href=\"https:\/\/www.youtube.com\/watch?v=C7Vk5Ho0CeU\" target=\"_blank\" rel=\"noopener\">Jak vytvo\u0159it a upravit p\u011bkn\u00e1 videa<\/a><\/p>\n\t\t    <iframe loading=\"lazy\" src=\"https:\/\/www.youtube.com\/embed\/C7Vk5Ho0CeU\" width=\"640\" height=\"360\" frameborder=\"0\" allow=\"encrypted-media\" class=\"_iub_cs_activate _iub_cs_activate-activated\" data-iub-purposes=\"3\" data-cmp-info=\"8\" async=\"false\" data-cmp-ab=\"2\"><\/iframe><\/td><\/tr><tr><td style=\"text-align:center\"><p style=\"margin-top:5px; margin-bottom:5px\"><a href=\"https:\/\/www.youtube.com\/watch?v=n2_yg-v9Xfo\" target=\"_blank\" rel=\"noopener\">Jak p\u0159izp\u016fsobit n\u00e1bytek<\/a><\/p>\n\t\t    <iframe loading=\"lazy\" src=\"https:\/\/www.youtube.com\/embed\/n2_yg-v9Xfo\" width=\"640\" height=\"360\" frameborder=\"0\" allow=\"encrypted-media\" class=\"_iub_cs_activate _iub_cs_activate-activated\" data-iub-purposes=\"3\" data-cmp-info=\"8\" async=\"false\" data-cmp-ab=\"2\"><\/iframe><\/td><\/tr><tr><td style=\"text-align:center\"><p style=\"margin-top:5px; margin-bottom:5px\"><a href=\"https:\/\/www.youtube.com\/watch?v=5VrmOeQC934\" target=\"_blank\" rel=\"noopener\">Jak pou\u017e\u00edvat \u00farovn\u011b jako vrstvy<\/a><\/p>\n\t\t    <iframe loading=\"lazy\" src=\"https:\/\/www.youtube.com\/embed\/5VrmOeQC934\" width=\"640\" height=\"360\" frameborder=\"0\" allow=\"encrypted-media\" class=\"_iub_cs_activate _iub_cs_activate-activated\" data-iub-purposes=\"3\" data-cmp-info=\"8\" async=\"false\" data-cmp-ab=\"2\"><\/iframe><\/td><\/tr><tr><td style=\"text-align:center\"><p style=\"margin-top:5px; margin-bottom:5px\"><a href=\"https:\/\/www.youtube.com\/watch?v=Xe06RG_sn2Q\" target=\"_blank\" rel=\"noopener\">Jak p\u0159izp\u016fsobit figur\u00edny<\/a><\/p>\n\t\t    <iframe loading=\"lazy\" src=\"https:\/\/www.youtube.com\/embed\/Xe06RG_sn2Q\" width=\"640\" height=\"360\" frameborder=\"0\" allow=\"encrypted-media\" class=\"_iub_cs_activate _iub_cs_activate-activated\" data-iub-purposes=\"3\" data-cmp-info=\"8\" async=\"false\" data-cmp-ab=\"2\"><\/iframe><\/td><\/tr><tr><td style=\"text-align:center\"><p style=\"margin-top:5px; margin-bottom:5px\"><a href=\"https:\/\/www.youtube.com\/watch?v=07GjTQK8ZN0\" target=\"_blank\" rel=\"noopener\">Jak rychle navrhnout okol\u00ed domu<\/a><\/p>\n\t\t    <iframe loading=\"lazy\" src=\"https:\/\/www.youtube.com\/embed\/07GjTQK8ZN0\" width=\"640\" height=\"360\" frameborder=\"0\" allow=\"encrypted-media\" class=\"_iub_cs_activate _iub_cs_activate-activated\" data-iub-purposes=\"3\" data-cmp-info=\"8\" async=\"false\" data-cmp-ab=\"2\"><\/iframe><\/td><\/tr><tr><td style=\"text-align:center\"><p style=\"margin-top:5px; margin-bottom:5px\"><a href=\"https:\/\/www.youtube.com\/watch?v=D5xEznLTGFQ\" target=\"_blank\" rel=\"noopener\">Jak ovl\u00e1dat magnetismus<\/a><\/p>\n\t\t    <iframe loading=\"lazy\" src=\"https:\/\/www.youtube.com\/embed\/D5xEznLTGFQ\" width=\"640\" height=\"360\" frameborder=\"0\" allow=\"encrypted-media\" class=\"_iub_cs_activate _iub_cs_activate-activated\" data-iub-purposes=\"3\" data-cmp-info=\"8\" async=\"false\" data-cmp-ab=\"2\"><\/iframe><\/td><\/tr><tr><td style=\"text-align:center\"><p style=\"margin-top:5px; margin-bottom:5px\"><a href=\"https:\/\/www.youtube.com\/watch?v=GaG9Krjb_6Q\" target=\"_blank\" rel=\"noopener\">Jak vytvo\u0159it p\u011bkn\u00e9 fotorealistick\u00e9 rendery<\/a><\/p>\n\t\t    <iframe loading=\"lazy\" src=\"https:\/\/www.youtube.com\/embed\/GaG9Krjb_6Q\" width=\"640\" height=\"360\" frameborder=\"0\" allow=\"encrypted-media\" class=\"_iub_cs_activate _iub_cs_activate-activated\" data-iub-purposes=\"3\" data-cmp-info=\"8\" async=\"false\" data-cmp-ab=\"2\"><\/iframe><\/td><\/tr><tr><td style=\"text-align:center\"><p style=\"margin-top:5px; margin-bottom:5px\"><a href=\"https:\/\/www.youtube.com\/watch?v=b7tpTT5EMG0\" target=\"_blank\" rel=\"noopener\">Jak navrhnout m\u00edstnosti podle jejich vnit\u0159n\u00edch rozm\u011br\u016f<\/a><\/p>\n\t\t    <iframe loading=\"lazy\" src=\"https:\/\/www.youtube.com\/embed\/b7tpTT5EMG0\" width=\"640\" height=\"360\" frameborder=\"0\" allow=\"encrypted-media\" class=\"_iub_cs_activate _iub_cs_activate-activated\" data-iub-purposes=\"3\" data-cmp-info=\"8\" async=\"false\" data-cmp-ab=\"2\"><\/iframe><\/td><\/tr><tr><td style=\"text-align:center\"><p style=\"margin-top:5px; margin-bottom:5px\"><a href=\"https:\/\/www.youtube.com\/watch?v=-Jlk_4luBJs\" target=\"_blank\" rel=\"noopener\">Jak navrhnout v\u00edcepodla\u017en\u00ed d\u016fm na svahu<\/a><\/p>\n\t\t    <iframe loading=\"lazy\" src=\"https:\/\/www.youtube.com\/embed\/-Jlk_4luBJs\" width=\"640\" height=\"360\" frameborder=\"0\" allow=\"encrypted-media\" class=\"_iub_cs_activate _iub_cs_activate-activated\" data-iub-purposes=\"3\" data-cmp-info=\"8\" async=\"false\" data-cmp-ab=\"2\"><\/iframe><\/td><\/tr><tr><td style=\"text-align:center\"><p style=\"margin-top:5px; margin-bottom:5px\"><a href=\"https:\/\/www.youtube.com\/watch?v=-tDaB3D5E94\" target=\"_blank\" rel=\"noopener\">Jak zobrazit a p\u0159izp\u016fsobit textury<\/a><\/p>\n\t\t    <iframe loading=\"lazy\" src=\"https:\/\/www.youtube.com\/embed\/-tDaB3D5E94\" width=\"640\" height=\"360\" frameborder=\"0\" allow=\"encrypted-media\" class=\"_iub_cs_activate _iub_cs_activate-activated\" data-iub-purposes=\"3\" data-cmp-info=\"8\" async=\"false\" data-cmp-ab=\"2\"><\/iframe><\/td><\/tr><tr><td style=\"text-align:center\"><p style=\"margin-top:5px; margin-bottom:5px\"><a href=\"https:\/\/www.youtube.com\/watch?v=BP1m3XkIF2E\" target=\"_blank\" rel=\"noopener\">Jak nahradit obr\u00e1zek v r\u00e1me\u010dku<\/a><\/p>\n\t\t    <iframe loading=\"lazy\" src=\"https:\/\/www.youtube.com\/embed\/BP1m3XkIF2E\" width=\"640\" height=\"360\" frameborder=\"0\" allow=\"encrypted-media\" class=\"_iub_cs_activate _iub_cs_activate-activated\" data-iub-purposes=\"3\" data-cmp-info=\"8\" async=\"false\" data-cmp-ab=\"2\"><\/iframe><\/td><\/tr><\/tbody><\/table><\/figure>\n\n<p><\/p>\n","protected":false},"excerpt":{"rendered":"<p>Tato str\u00e1nka uv\u00e1d\u00ed tipy pro Sweet Home 3D publikovan\u00e9 na blogu a na YouTube kan\u00e1lu Sweet Home 3D.<\/p>\n","protected":false},"author":2,"featured_media":0,"parent":0,"menu_order":0,"comment_status":"closed","ping_status":"closed","template":"","meta":{"inline_featured_image":false,"footnotes":""},"class_list":["post-10326","page","type-page","status-publish","hentry"],"_links":{"self":[{"href":"https:\/\/wp-test-1.sweethome3d.eu\/cs\/wp-json\/wp\/v2\/pages\/10326","targetHints":{"allow":["GET"]}}],"collection":[{"href":"https:\/\/wp-test-1.sweethome3d.eu\/cs\/wp-json\/wp\/v2\/pages"}],"about":[{"href":"https:\/\/wp-test-1.sweethome3d.eu\/cs\/wp-json\/wp\/v2\/types\/page"}],"author":[{"embeddable":true,"href":"https:\/\/wp-test-1.sweethome3d.eu\/cs\/wp-json\/wp\/v2\/users\/2"}],"replies":[{"embeddable":true,"href":"https:\/\/wp-test-1.sweethome3d.eu\/cs\/wp-json\/wp\/v2\/comments?post=10326"}],"version-history":[{"count":1,"href":"https:\/\/wp-test-1.sweethome3d.eu\/cs\/wp-json\/wp\/v2\/pages\/10326\/revisions"}],"predecessor-version":[{"id":10327,"href":"https:\/\/wp-test-1.sweethome3d.eu\/cs\/wp-json\/wp\/v2\/pages\/10326\/revisions\/10327"}],"wp:attachment":[{"href":"https:\/\/wp-test-1.sweethome3d.eu\/cs\/wp-json\/wp\/v2\/media?parent=10326"}],"curies":[{"name":"wp","href":"https:\/\/api.w.org\/{rel}","templated":true}]}}