{"id":10699,"date":"2025-09-18T11:56:35","date_gmt":"2025-09-18T11:56:35","guid":{"rendered":"https:\/\/wp-test-1.sweethome3d.eu\/pluginy-a-nastroje\/"},"modified":"2025-11-11T16:36:22","modified_gmt":"2025-11-11T16:36:22","slug":"pluginy-a-nastroje","status":"publish","type":"page","link":"https:\/\/wp-test-1.sweethome3d.eu\/cs\/pluginy-a-nastroje\/","title":{"rendered":"Pluginy a n\u00e1stroje"},"content":{"rendered":"<ul class=\"simpletoc-list\">\n<li><a href=\"#pluginy\">Pluginy<\/a>\n\n<\/li>\n<li><a href=\"#nastroje\">N\u00e1stroje<\/a>\n<\/li><\/ul>\n<p class=\"has-text-align-center\">Tato str\u00e1nka popisuje hlavn\u00ed pluginy a dal\u0161\u00ed n\u00e1stroje dostupn\u00e9 pro <a href=\"\/\">Sweet Home 3D<\/a>.<\/p>\n<h2 class=\"wp-block-heading\" id=\"pluginy\"><img loading=\"lazy\" decoding=\"async\" width=\"16\" height=\"12\" src=\"https:\/\/www.sweethome3d.com\/images\/bullet.gif\">Pluginy<\/h2>\n<p>N\u00e1sleduj\u00edc\u00ed tabulka uv\u00e1d\u00ed nejzaj\u00edmav\u011bj\u0161\u00ed pluginy poskytovan\u00e9 spole\u010dnost\u00ed Space Mushrooms nebo v\u00fdvoj\u00e1\u0159i, kte\u0159\u00ed je navrhli v syst\u00e9mu sledov\u00e1n\u00ed <a href=\"https:\/\/sourceforge.net\/p\/sweethome3d\/plug-ins\" target=\"_blank\" rel=\"noopener\">Plug-ins Contributions<\/a>. Plugin nab\u00edz\u00ed dal\u0161\u00ed funkce v <a href=\"https:\/\/wp-test-1.sweethome3d.eu\/cs\/stahnout\/\" data-type=\"page\" data-id=\"396\">Sweet Home 3D<\/a> a lze jej nainstalovat dvojit\u00fdm kliknut\u00edm na jeho soubor SH3P. V syst\u00e9mu Linux, pokud to nefunguje, nainstalujte jej pomoc\u00ed p\u0159\u00edkazu <em>Terminal<\/em> <code><em>path<\/em>\/<em>to<\/em>\/<strong>SweetHome3D<\/strong> <em>path<\/em>\/<em>to<\/em>\/<em>plugin.sh3p<\/em><\/code> nebo zkop\u00edrujte soubor SH3P do podslo\u017eky <code>.eteks\/sweethome3d\/plugins<\/code> ve va\u0161\u00ed u\u017eivatelsk\u00e9 slo\u017ece.  <\/p>\n\n<figure class=\"wp-block-flexible-table-block-table is-content-justification-center\"><table class=\"has-fixed-layout\"><thead><tr><th style=\"text-align:center\">Plugin<\/th><th style=\"text-align:center\">Poskytovatel<\/th><th style=\"text-align:center\">Podpora Undo\/Redo<\/th><th style=\"text-align:center\">Podporov\u00e1no v Java Web Start<\/th><th style=\"text-align:center;width:500px\">Popis<\/th><\/tr><\/thead><tbody><tr><td style=\"text-align:left\"><a href=\"\/storage\/plugins\/CopyAsNewFurniturePlugin-1.3.1.sh3p\">CopyAsNewFurniturePlugin-1.3.1.sh3p<\/a><br>(29 kB \u2013 v\u010detn\u011b zdrojov\u00e9ho k\u00f3du)<\/td><td style=\"text-align:center\">Space mushrooms<\/td><td style=\"text-align:center\">N\/A<\/td><td style=\"text-align:center\">Ne<\/td><td style=\"width:500px\">P\u0159id\u00e1 polo\u017eku nab\u00eddky <em>N\u00e1stroje &gt; Kop\u00edrovat jako nov\u00fd n\u00e1bytek<\/em>, kter\u00e1 zkop\u00edruje vybran\u00e9 objekty v pl\u00e1nu jako nov\u00fd kus n\u00e1bytku do schr\u00e1nky (<a href=\"https:\/\/www.sweethome3d.com\/support\/forum\/viewthread_thread,1331_offset,11\" target=\"_blank\" rel=\"noopener\">v\u00edce informac\u00ed<\/a>)<\/td><\/tr><tr><td><a href=\"\/storage\/plugins\/ShapeGenerator-1.2.1.sh3p\">ShapeGenerator-1.2.1.sh3p<\/a><br>(53 kB \u2013 v\u010detn\u011b zdrojov\u00e9ho k\u00f3du)<\/td><td style=\"text-align:center\">Space mushrooms<\/td><td style=\"text-align:center\">Ano<\/td><td style=\"text-align:center\">Ne<\/td><td style=\"width:500px\">P\u0159id\u00e1 polo\u017eku nab\u00eddky <em>N\u00e1stroje &gt; Generovat 3D tvar<\/em>, kter\u00e1 vytvo\u0159\u00ed 3D tvar ze sou\u0159adnic 8 vrchol\u016f zadan\u00fdch u\u017eivatelem (<a href=\"https:\/\/www.sweethome3d.com\/support\/forum\/viewthread_thread,6600\" target=\"_blank\" rel=\"noopener\">v\u00edce informac\u00ed<\/a>)<\/td><\/tr><tr><td><a href=\"\/storage\/plugins\/StaircaseGenerator-1.0.1.sh3p\">StaircaseGenerator-1.0.1.sh3p<\/a><br>(150 kB \u2013 v\u010detn\u011b zdrojov\u00e9ho k\u00f3du)<\/td><td style=\"text-align:center\">Space mushrooms<br><br><\/td><td style=\"text-align:center\">Ano<\/td><td style=\"text-align:center\">Ne<\/td><td style=\"width:500px\">P\u0159id\u00e1 polo\u017eku nab\u00eddky <em>N\u00e1stroje &gt; Generovat schodi\u0161t\u011b<\/em>, kter\u00e1 vytvo\u0159\u00ed 3D tvar schodi\u0161t\u011b z po\u010dtu schod\u016f a jejich velikosti (<a href=\"https:\/\/www.sweethome3d.com\/support\/forum\/viewthread_thread,12160\" target=\"_blank\" rel=\"noopener\">v\u00edce informac\u00ed<\/a>)<\/td><\/tr><tr><td><a href=\"\/storage\/plugins\/TerrainGenerator-1.2.2.sh3p\">TerrainGenerator-1.2.2.sh3p<\/a><br>(111 kB \u2013 v\u010detn\u011b zdrojov\u00e9ho k\u00f3du)<\/td><td style=\"text-align:center\">Space mushrooms<\/td><td style=\"text-align:center\">Ano<\/td><td style=\"text-align:center\">Ne<\/td><td style=\"width:500px\">P\u0159id\u00e1 polo\u017eku nab\u00eddky <em>N\u00e1stroje &gt; Generovat 3D ter\u00e9n z m\u00edstnost\u00ed<\/em>, kter\u00e1 vytvo\u0159\u00ed 3D tvar z povrchu vybran\u00fdch m\u00edstnost\u00ed deformovan\u00e9ho u\u017eivatelem (<a href=\"https:\/\/www.sweethome3d.com\/support\/forum\/viewthread_thread,10995\" target=\"_blank\" rel=\"noopener\">v\u00edce informac\u00ed<\/a>)<\/td><\/tr><tr><td><a href=\"\/storage\/plugins\/SideView-1.1.1.sh3p\">SideView-1.1.1.sh3p<\/a><br>(44 kB \u2013 v\u010detn\u011b zdrojov\u00e9ho k\u00f3du)<\/td><td style=\"text-align:center\">Space mushrooms<\/td><td style=\"text-align:center\">N\/A<\/td><td style=\"text-align:center\">Ne<\/td><td style=\"width:500px\">P\u0159id\u00e1 polo\u017eku nab\u00eddky <em>N\u00e1stroje &gt; Zobrazit bo\u010dn\u00ed pohled<\/em>, kter\u00e1 zobraz\u00ed bo\u010dn\u00ed pohled na upravovan\u00fd d\u016fm s mo\u017enost\u00ed jeho ulo\u017een\u00ed (<a href=\"https:\/\/www.sweethome3d.com\/support\/forum\/viewthread_thread,11011\" target=\"_blank\" rel=\"noopener\">v\u00edce informac\u00ed<\/a>)<\/td><\/tr><tr><td><a href=\"\/storage\/plugins\/ExportPlanImage-1.0.3.sh3p\">ExportPlanImage-1.0.3.sh3p<\/a><br>(29 kB \u2013 v\u010detn\u011b zdrojov\u00e9ho k\u00f3du)<\/td><td style=\"text-align:center\">Space mushrooms<\/td><td style=\"text-align:center\">N\/A<\/td><td style=\"text-align:center\">Ne<\/td><td style=\"width:500px\">P\u0159id\u00e1 polo\u017eku nab\u00eddky <em>N\u00e1bytek &gt; Exportovat pl\u00e1n do obr\u00e1zku<\/em>, kter\u00e1 exportuje obr\u00e1zek pl\u00e1nu do form\u00e1tu PNG nebo JPEG ve velikosti dle va\u0161eho v\u00fdb\u011bru<\/td><\/tr><tr><td><a href=\"\/storage\/plugins\/ExportToSH3F-1.1.1.sh3p\">ExportToSH3F-1.1.1.sh3p<\/a><br>(32 kB \u2013 v\u010detn\u011b zdrojov\u00e9ho k\u00f3du)<\/td><td style=\"text-align:center\">Space mushrooms<\/td><td style=\"text-align:center\">N\/A<\/td><td style=\"text-align:center\">Ne<\/td><td style=\"width:500px\">P\u0159id\u00e1 polo\u017eku nab\u00eddky <em>N\u00e1bytek &gt; Exportovat importovan\u00fd n\u00e1bytek do SH3F<\/em>, kter\u00e1 exportuje ve\u0161ker\u00fd n\u00e1bytek importovan\u00fd do katalogu Sweet Home 3D do souboru SH3F (<a href=\"https:\/\/www.sweethome3d.com\/support\/forum\/viewthread_thread,966_offset,5\" target=\"_blank\" rel=\"noopener\">v\u00edce informac\u00ed<\/a>)<\/td><\/tr><tr><td><a href=\"\/storage\/plugins\/ExportToSH3T-1.1.1.sh3p\">ExportToSH3T-1.1.1.sh3p<\/a><br>(30 kB \u2013 v\u010detn\u011b zdrojov\u00e9ho k\u00f3du)<\/td><td style=\"text-align:center\">Space mushrooms<\/td><td style=\"text-align:center\">N\/A<\/td><td style=\"text-align:center\">Ne<\/td><td style=\"width:500px\">P\u0159id\u00e1 polo\u017eku nab\u00eddky <em>N\u00e1bytek &gt; Exportovat importovan\u00e9 textury do SH3T<\/em>, kter\u00e1 exportuje v\u0161echny textury importovan\u00e9 do katalogu Sweet Home 3D do souboru SH3T (<a href=\"https:\/\/www.sweethome3d.com\/support\/forum\/viewthread_thread,12391\" target=\"_blank\" rel=\"noopener\">v\u00edce informac\u00ed<\/a>)<\/td><\/tr><tr><td><a href=\"\/storage\/plugins\/ExportToHTML5-1.9.1.sh3p\">ExportToHTML5-1.9.1.sh3p<\/a><br>(391 kB \u2013 v\u010detn\u011b zdrojov\u00e9ho k\u00f3du)<\/td><td style=\"text-align:center\">Space mushrooms<\/td><td style=\"text-align:center\">N\/A<\/td><td style=\"text-align:center\">Ne<\/td><td style=\"width:500px\">P\u0159id\u00e1&nbsp;<em>N\u00e1stroje &gt; Exportovat do HTML5<\/em> polo\u017eku nab\u00eddky, kter\u00e1 exportuje 3D pohled na upravovan\u00fd d\u016fm do HTML5 str\u00e1nky zobraziteln\u00e9 v jak\u00e9mkoli WebGL prohl\u00ed\u017ee\u010di (<a href=\"https:\/\/www.sweethome3d.com\/support\/forum\/viewthread_thread,6708\" target=\"_blank\" rel=\"noopener\">v\u00edce informac\u00ed<\/a>). Tento n\u00e1stroj je tak\u00e9 dostupn\u00fd prost\u0159ednictv\u00edm &nbsp;<a href=\"https:\/\/www.sweethome3d.com\/exportHomes.jsp\" target=\"_blank\" rel=\"noopener\">Spr\u00e1vce exportovan\u00fdch dom\u016f<\/a>, kter\u00fd v\u00e1m umo\u017en\u00ed exportovat a hostovat soubory SH3D na webov\u00e9m serveru sweethome3d.com.<\/td><\/tr><tr><td><a href=\"\/storage\/plugins\/UpdateRoadLinesPlugin-1.0.1.sh3p\">UpdateRoadLinesPlugin-1.0.1.sh3p<\/a><br>(70 kB \u2013 v\u010detn\u011b zdrojov\u00e9ho k\u00f3du)<\/td><td style=\"text-align:center\">Space mushrooms<\/td><td style=\"text-align:center\">Ano<\/td><td style=\"text-align:center\">Ano<\/td><td style=\"width:500px\">P\u0159id\u00e1 polo\u017eku nab\u00eddky <em>N\u00e1stroje &gt; Zm\u011bnit styl silni\u010dn\u00ed \u010d\u00e1ry<\/em>, kter\u00e1 u\u017eivateli umo\u017en\u00ed vybrat <a href=\"https:\/\/fr.wikipedia.org\/wiki\/Signalisation_routi%C3%A8re_horizontale_en_France\" target=\"_blank\" rel=\"noopener\">francouzsk\u00fd styl silni\u010dn\u00ed \u010d\u00e1ry<\/a> pro vybran\u00e9 lomen\u00e9 \u010d\u00e1ry a jejich barvu (<a href=\"https:\/\/www.sweethome3d.com\/blog\/2018\/12\/10\/customization_for_the_forensic_police.html\" target=\"_blank\" rel=\"noopener\">v\u00edce informac\u00ed<\/a>)<\/td><\/tr><tr><td><a href=\"\/storage\/plugins\/EvidenceMarkerGenerator-1.1.1.sh3p\">EvidenceMarkerGenerator-1.1.1.sh3p<\/a><br>(38 kB \u2013 v\u010detn\u011b zdrojov\u00e9ho k\u00f3du)<\/td><td style=\"text-align:center\">Space mushrooms<\/td><td style=\"text-align:center\">Ano<\/td><td style=\"text-align:center\">Ne<\/td><td style=\"width:500px\">P\u0159id\u00e1 polo\u017eku nab\u00eddky <em>N\u00e1stroje &gt; P\u0159idat zna\u010dku d\u016fkazu<\/em>, kter\u00e1 dok\u00e1\u017ee vygenerovat \u010d\u00edslovanou zna\u010dku d\u016fkazu na polo\u017ece vybran\u00e9 v pl\u00e1nu (<a href=\"https:\/\/www.sweethome3d.com\/blog\/2018\/12\/10\/customization_for_the_forensic_police.html\" target=\"_blank\" rel=\"noopener\">v\u00edce informac\u00ed<\/a>)<\/td><\/tr><tr><td><a href=\"https:\/\/sourceforge.net\/p\/sweethome3d\/plug-ins\/_discuss\/thread\/5e6557c2\/fef8\/attachment\/AdvancedEditing.sh3p\" target=\"_blank\" rel=\"noopener\">AdvancedEditing.sh3p<\/a><br>(135 kB \u2013 <a href=\"https:\/\/sourceforge.net\/p\/sweethome3d\/plug-ins\/_discuss\/thread\/5e6557c2\/fef8\/attachment\/AdvancedEditingPlugin-src.zip\" target=\"_blank\" rel=\"noopener\">zdrojov\u00fd k\u00f3d<\/a>)<\/td><td style=\"text-align:center\">Tobias Liefke<\/td><td style=\"text-align:center\">Ano<\/td><td style=\"text-align:center\">Ano<\/td><td style=\"width:500px\">P\u0159id\u00e1 polo\u017eky nab\u00eddky&nbsp;<em>\u00dapravy &gt; oto\u010dit<\/em>,&nbsp;<em>\u00dapravy &gt; p\u0159esunout<\/em>,&nbsp;<em>\u00dapravy &gt; p\u0159evr\u00e1tit<\/em>,&nbsp;<em>\u00dapravy &gt; zm\u011bnit velikost, n\u00e1bytek &gt; zv\u00fd\u0161it<\/em>,&nbsp;<em>Pl\u00e1n &gt; Upravit body m\u00edstnosti<\/em>,&nbsp;<em>Pl\u00e1n &gt; Propojit st\u011bny<\/em>, kter\u00e9 umo\u017e\u0148uj\u00ed upravit vybran\u00e9 objekty v pl\u00e1nu (<a href=\"https:\/\/www.sweethome3d.com\/support\/forum\/viewthread_thread,1757\" target=\"_blank\" rel=\"noopener\">v\u00edce informac\u00ed<\/a>)<\/td><\/tr><tr><td><a href=\"https:\/\/sourceforge.net\/p\/sweethome3d\/plug-ins\/_discuss\/thread\/34cdde5620\/4c8d\/attachment\/Multiplier-2.2.sh3p\" target=\"_blank\" rel=\"noopener\">Multiplier-2.2.sh3p<\/a><br>(176 kB \u2013 v\u010detn\u011b zdrojov\u00e9ho k\u00f3du)<\/td><td style=\"text-align:center\">Dorin vatavu<\/td><td style=\"text-align:center\">Ano<\/td><td style=\"text-align:center\">Ano<\/td><td style=\"width:500px\">P\u0159id\u00e1 polo\u017eku nab\u00eddky <em>N\u00e1stroje &gt; N\u00e1sobit<\/em>, kter\u00e1 umo\u017e\u0148uje n\u00e1sobit a posouvat vybran\u00e9 objekty v pl\u00e1nu (<a href=\"https:\/\/www.sweethome3d.com\/support\/forum\/viewthread_thread,10554\" target=\"_blank\" rel=\"noopener\">v\u00edce informac\u00ed<\/a>)<\/td><\/tr><tr><td><a href=\"https:\/\/sourceforge.net\/p\/sweethome3d\/plug-ins\/_discuss\/thread\/015d788700\/98fc\/attachment\/AutoDimensioning.sh3p\" target=\"_blank\" rel=\"noopener\">AutoDimensioning.sh3p<\/a><br>(44 kB \u2013 v\u010detn\u011b zdrojov\u00e9ho k\u00f3du)<\/td><td style=\"text-align:center\">Dorin vatavu<\/td><td style=\"text-align:center\">Ano<\/td><td style=\"text-align:center\">Ano<\/td><td style=\"width:500px\">P\u0159id\u00e1 polo\u017eku nab\u00eddky <em>N\u00e1stroje &gt; Automatick\u00e9 k\u00f3tov\u00e1n\u00ed<\/em>, kter\u00e1 umo\u017e\u0148uje generovat k\u00f3tovac\u00ed \u010d\u00e1ry pro cel\u00fd pl\u00e1n (<a href=\"https:\/\/www.sweethome3d.com\/support\/forum\/viewthread_thread,10955\" target=\"_blank\" rel=\"noopener\">v\u00edce informac\u00ed<\/a>)<\/td><\/tr><tr><td><a href=\"https:\/\/sourceforge.net\/p\/sweethome3d\/plug-ins\/_discuss\/thread\/914cc4be82\/b551\/attachment\/GenerateRoof-4.5.sh3p\" target=\"_blank\" rel=\"noopener\">GenerateRoof-4.5.sh3p<\/a><br>(690 kB \u2013 v\u010detn\u011b zdrojov\u00e9ho k\u00f3du)<\/td><td style=\"text-align:center\">Dorin vatavu<br><br><\/td><td style=\"text-align:center\">N\/A<\/td><td style=\"text-align:center\">Ne<\/td><td style=\"width:500px\">P\u0159id\u00e1 polo\u017eku nab\u00eddky <em>N\u00e1stroje &gt; Generovat st\u0159echu<\/em>, kter\u00e1 umo\u017e\u0148uje generovat st\u0159echu s r\u016fzn\u00fdmi \u00fahly sklonu z tvaru vybran\u00e9 m\u00edstnosti (<a href=\"https:\/\/www.sweethome3d.com\/support\/forum\/viewthread_thread%2C11330\" target=\"_blank\" rel=\"noopener\">v\u00edce informac\u00ed<\/a>)<\/td><\/tr><tr><td><a href=\"https:\/\/sourceforge.net\/p\/sweethome3d\/plug-ins\/_discuss\/thread\/182d97c5\/ad56\/attachment\/AdvancedSettingsPhotoRendering-1.4.1.sh3p\" target=\"_blank\" rel=\"noopener\">AdvancedSettings<br>PhotoRendering-1.4.1.sh3p<\/a><br>(52 kB \u2013 v\u010detn\u011b zdrojov\u00e9ho k\u00f3du)<\/td><td style=\"text-align:center\">Enko nyito<\/td><td style=\"text-align:center\">N\/A<\/td><td style=\"text-align:center\">Ne<\/td><td style=\"width:500px\">P\u0159id\u00e1 polo\u017eku nab\u00eddky <em>N\u00e1stroje &gt; Pokro\u010dil\u00e9 nastaven\u00ed vykreslov\u00e1n\u00ed fotografi\u00ed<\/em>, kter\u00e1 umo\u017e\u0148uje upravit n\u011bkter\u00e9 <a href=\"https:\/\/sourceforge.net\/p\/sweethome3d\/code\/HEAD\/tree\/trunk\/SweetHome3D\/src\/com\/eteks\/sweethome3d\/j3d\/PhotoRenderer.properties\" target=\"_blank\" rel=\"noopener\">pokro\u010dil\u00e9 vlastnosti<\/a> pou\u017e\u00edvan\u00e9 vykreslova\u010di fotografi\u00ed na dvou nejlep\u0161\u00edch \u00farovn\u00edch kvality (<a href=\"https:\/\/www.sweethome3d.com\/support\/forum\/viewthread_thread,6122_offset,20\" target=\"_blank\" rel=\"noopener\">v\u00edce informac\u00ed<\/a>)<\/td><\/tr><tr><td><a href=\"https:\/\/sourceforge.net\/p\/sweethome3d\/plug-ins\/_discuss\/thread\/40b57f75\/5282\/attachment\/PhotoVideoRendering-2.8.zip\" target=\"_blank\" rel=\"noopener\">PhotoVideoRendering-2.8.zip<\/a><br>(15 MB \u2013 SH3P soubor + v\u010detn\u011b zdrojov\u00e9ho k\u00f3du)<\/td><td style=\"text-align:center\">Enko Nyito<\/td><td style=\"text-align:center\">N\/A<\/td><td style=\"text-align:center\">Ne<\/td><td style=\"width:500px\">P\u0159id\u00e1 nab\u00eddku <em>Vykreslov\u00e1n\u00ed fotografi\u00ed a vide\u00ed<\/em>, s polo\u017ekami nab\u00eddky pro vykreslov\u00e1n\u00ed fotografi\u00ed a vide\u00ed s dal\u0161\u00edmi nastaven\u00edmi (<a href=\"https:\/\/sourceforge.net\/p\/sweethome3d\/plug-ins\/18\/\" target=\"_blank\" rel=\"noopener\">v\u00edce informac\u00ed<\/a>)<\/td><\/tr><\/tbody><\/table><\/figure>\n\n<p>Chcete-li plugin odinstalovat, odstra\u0148te jeho soubor SH3P ze slo\u017eky plugin\u016f <a href=\"https:\/\/wp-test-1.sweethome3d.eu\/cs\/stahnout\/\" data-type=\"page\" data-id=\"396\">Sweet Home 3D<\/a> a restartujte aplikaci. Tato slo\u017eka se zobraz\u00ed, kdy\u017e kliknete na libovoln\u00fd soubor SH3P uveden\u00fd v sekci <em>Pluginy<\/em> v panelu <em>Pou\u017e\u00edvan\u00e9 knihovny<\/em>. Tento panel se zobraz\u00ed kliknut\u00edm na tla\u010d\u00edtko <em>Knihovny&#8230;<\/em> zobrazen\u00e9 v doln\u00ed \u010d\u00e1sti dialogov\u00e9ho okna <em>O aplikaci<\/em> Sweet Home 3D. Pokud chcete sami programovat n\u011bkter\u00e9 pluginy, p\u0159e\u010dt\u011bte si <a href=\"https:\/\/wp-test-1.sweethome3d.eu\/cs\/pruvodce-pro-vyvojare-pluginu\/\" data-type=\"page\" data-id=\"4964\">P\u0159\u00edru\u010dku pro v\u00fdvoj\u00e1\u0159e plugin\u016f<\/a>.   <\/p>\n\n<figure class=\"wp-block-image size-large\"><img loading=\"lazy\" decoding=\"async\" width=\"1024\" height=\"540\" src=\"https:\/\/wp-test-1.sweethome3d.eu\/wp-content\/uploads\/2025\/06\/PlugInScratchHomeDemo3-1024x540.jpg\" alt=\"pluginy\" class=\"wp-image-3616\" srcset=\"https:\/\/wp-test-1.sweethome3d.eu\/wp-content\/uploads\/2025\/06\/PlugInScratchHomeDemo3-1024x540.jpg 1024w, https:\/\/wp-test-1.sweethome3d.eu\/wp-content\/uploads\/2025\/06\/PlugInScratchHomeDemo3-360x190.jpg 360w, https:\/\/wp-test-1.sweethome3d.eu\/wp-content\/uploads\/2025\/06\/PlugInScratchHomeDemo3-247x130.jpg 247w, https:\/\/wp-test-1.sweethome3d.eu\/wp-content\/uploads\/2025\/06\/PlugInScratchHomeDemo3-768x405.jpg 768w, https:\/\/wp-test-1.sweethome3d.eu\/wp-content\/uploads\/2025\/06\/PlugInScratchHomeDemo3-400x211.jpg 400w, https:\/\/wp-test-1.sweethome3d.eu\/wp-content\/uploads\/2025\/06\/PlugInScratchHomeDemo3.jpg 1366w\" sizes=\"auto, (max-width: 1024px) 100vw, 1024px\" \/><\/figure>\n<h2 class=\"wp-block-heading\" id=\"nastroje\"><img loading=\"lazy\" decoding=\"async\" width=\"16\" height=\"12\" src=\"https:\/\/www.sweethome3d.com\/images\/bullet.gif\"><strong>N\u00e1stroje<\/strong><\/h2>\n<p>N\u00e1sleduj\u00edc\u00ed tabulka uv\u00e1d\u00ed n\u011bkter\u00e9 dal\u0161\u00ed n\u00e1stroje poskytovan\u00e9 spole\u010dnost\u00ed Space Mushrooms, kter\u00e9 jsou u\u017eite\u010dn\u00e9 pro <a href=\"https:\/\/wp-test-1.sweethome3d.eu\/cs\/stahnout\/\" data-type=\"page\" data-id=\"396\">Sweet Home 3D<\/a>. Tyto n\u00e1stroje jsou k dispozici jako spustiteln\u00e9 soubory Jar, kter\u00e9 lze spustit dvojit\u00fdm kliknut\u00edm, jakmile je na va\u0161em syst\u00e9mu nainstalov\u00e1na <a href=\"https:\/\/www.java.com\/\" target=\"_blank\" rel=\"noopener\">Java<\/a>. V syst\u00e9mu macOS je nutn\u00e9 prvn\u00ed spu\u0161t\u011bn\u00ed spustiteln\u00e9ho souboru Jar sta\u017een\u00e9ho z internetu prov\u00e9st kliknut\u00edm na soubor Jar p\u0159i sou\u010dasn\u00e9m stisknut\u00ed kl\u00e1vesy <em>ctrl<\/em> a pot\u00e9 zvolit <em>Otev\u0159\u00edt<\/em> v kontextov\u00e9 nab\u00eddce, kter\u00e1 se zobraz\u00ed.  <\/p>\n\n<figure class=\"wp-block-flexible-table-block-table is-content-justification-center\"><table class=\"has-fixed-layout\"><thead><tr><th style=\"text-align:center\">N\u00e1stroj<\/th><th style=\"text-align:center;width:500px\">Popis<\/th><\/tr><\/thead><tbody><tr><td style=\"text-align:left\"><a href=\"https:\/\/sourceforge.net\/projects\/sweethome3d\/files\/FurnitureLibraryEditor\/FurnitureLibraryEditor-2.2.jar\/download\" target=\"_blank\" rel=\"noopener\">FurnitureLibraryEditor-2.2.jar<\/a><br>(14.4 MB \u2013 <a href=\"https:\/\/sourceforge.net\/projects\/sweethome3d\/files\/FurnitureLibraryEditor-source\/FurnitureLibraryEditor-2.2-src.zip\" target=\"_blank\" rel=\"noopener\">zdrojov\u00fd k\u00f3d<\/a>)<\/td><td style=\"width:500px\">Tato aplikace v\u00e1m umo\u017e\u0148uje vytvo\u0159it soubor knihovny n\u00e1bytku SH3F a upravit vlastnosti 3D model\u016f, kter\u00e9 obsahuje (<a href=\"https:\/\/www.sweethome3d.com\/support\/forum\/viewthread_thread,1550\" target=\"_blank\" rel=\"noopener\">v\u00edce informac\u00ed<\/a>)<\/td><\/tr><tr><td><a href=\"https:\/\/sourceforge.net\/projects\/sweethome3d\/files\/TexturesLibraryEditor\/TexturesLibraryEditor-2.1.jar\/download\" target=\"_blank\" rel=\"noopener\">TexturesLibraryEditor-2.1.jar<\/a><br>(1.2 MB \u2013 <a href=\"https:\/\/sourceforge.net\/projects\/sweethome3d\/files\/TexturesLibraryEditor-source\/TexturesLibraryEditor-2.1-src.zip\" target=\"_blank\" rel=\"noopener\">zdrojov\u00fd k\u00f3d<\/a>)<\/td><td style=\"width:500px\">Tato aplikace v\u00e1m umo\u017e\u0148uje vytvo\u0159it soubor knihovny textur SH3T a upravit vlastnosti obr\u00e1zk\u016f textur, kter\u00e9 obsahuje (<a href=\"https:\/\/www.sweethome3d.com\/support\/forum\/viewthread_thread,3502\" target=\"_blank\" rel=\"noopener\">v\u00edce informac\u00ed<\/a>)<\/td><\/tr><tr><td><a href=\"\/storage\/downloads\/HugeFileCleaner-1.0.jar\">HugeFileCleaner-1.0.jar<\/a><br>(7 kB \u2013 v\u010detn\u011b zdrojov\u00e9ho k\u00f3du)<\/td><td style=\"width:500px\">Tato aplikace odstra\u0148uje zbyte\u010dn\u00e9 z\u00e1znamy, kter\u00e9 se mohly objevit v obrovsk\u00fdch souborech SH3D (obecn\u011b v\u011bt\u0161\u00edch ne\u017e 500 MB) vytvo\u0159en\u00fdch pomoc\u00ed verz\u00ed Sweet Home 3D star\u0161\u00edch ne\u017e 5.2, kdy\u017e jste pou\u017eili ned\u00e1vn\u00fd seznam textur zobrazen\u00fd v dialogov\u00e9m okn\u011b textur ke kop\u00edrov\u00e1n\u00ed textur 3D model\u016f nalezen\u00fdch v katalogu n\u00e1bytku (<a href=\"https:\/\/www.sweethome3d.com\/support\/forum\/viewthread_thread,6331_offset,21\" target=\"_blank\" rel=\"noopener\">v\u00edce informac\u00ed<\/a>)<\/td><\/tr><tr><td><a href=\"https:\/\/apps.apple.com\/us\/app\/tape-measure\/id1437807477\" target=\"_blank\" rel=\"noopener\">Tape Measure<\/a><\/td><td style=\"width:500px\">Tato aplikace v\u00e1m umo\u017e\u0148uje prov\u00e1d\u011bt m\u011b\u0159en\u00ed a vytv\u00e1\u0159et p\u0159esn\u00fd n\u00e1kres va\u0161eho domu skenov\u00e1n\u00edm prostoru kolem v\u00e1s a ozna\u010dov\u00e1n\u00edm roh\u016f m\u00edstnost\u00ed. Pot\u00e9 m\u016f\u017eete importovat p\u016fdorys p\u0159\u00edmo do Sweet Home 3d a za\u010d\u00edt na n\u011bm navrhovat. Upozor\u0148ujeme, \u017ee aplikace je prozat\u00edm dostupn\u00e1 pouze pro iOS.<\/td><\/tr><\/tbody><\/table><\/figure>\n","protected":false},"excerpt":{"rendered":"<p>Tato str\u00e1nka popisuje hlavn\u00ed pluginy a dal\u0161\u00ed n\u00e1stroje dostupn\u00e9 pro Sweet Home 3D. Pluginy N\u00e1sleduj\u00edc\u00ed tabulka uv\u00e1d\u00ed nejzaj\u00edmav\u011bj\u0161\u00ed pluginy poskytovan\u00e9 spole\u010dnost\u00ed Space Mushrooms nebo v\u00fdvoj\u00e1\u0159i, kte\u0159\u00ed je navrhli v syst\u00e9mu sledov\u00e1n\u00ed Plug-ins Contributions. Plugin nab\u00edz\u00ed dal\u0161\u00ed funkce v Sweet Home 3D a lze jej nainstalovat dvojit\u00fdm kliknut\u00edm na jeho soubor SH3P. V syst\u00e9mu Linux, pokud [&hellip;]<\/p>\n","protected":false},"author":2,"featured_media":10694,"parent":0,"menu_order":0,"comment_status":"closed","ping_status":"closed","template":"","meta":{"inline_featured_image":false,"footnotes":""},"class_list":["post-10699","page","type-page","status-publish","has-post-thumbnail","hentry"],"_links":{"self":[{"href":"https:\/\/wp-test-1.sweethome3d.eu\/cs\/wp-json\/wp\/v2\/pages\/10699","targetHints":{"allow":["GET"]}}],"collection":[{"href":"https:\/\/wp-test-1.sweethome3d.eu\/cs\/wp-json\/wp\/v2\/pages"}],"about":[{"href":"https:\/\/wp-test-1.sweethome3d.eu\/cs\/wp-json\/wp\/v2\/types\/page"}],"author":[{"embeddable":true,"href":"https:\/\/wp-test-1.sweethome3d.eu\/cs\/wp-json\/wp\/v2\/users\/2"}],"replies":[{"embeddable":true,"href":"https:\/\/wp-test-1.sweethome3d.eu\/cs\/wp-json\/wp\/v2\/comments?post=10699"}],"version-history":[{"count":1,"href":"https:\/\/wp-test-1.sweethome3d.eu\/cs\/wp-json\/wp\/v2\/pages\/10699\/revisions"}],"predecessor-version":[{"id":10700,"href":"https:\/\/wp-test-1.sweethome3d.eu\/cs\/wp-json\/wp\/v2\/pages\/10699\/revisions\/10700"}],"wp:featuredmedia":[{"embeddable":true,"href":"https:\/\/wp-test-1.sweethome3d.eu\/cs\/wp-json\/wp\/v2\/media\/10694"}],"wp:attachment":[{"href":"https:\/\/wp-test-1.sweethome3d.eu\/cs\/wp-json\/wp\/v2\/media?parent=10699"}],"curies":[{"name":"wp","href":"https:\/\/api.w.org\/{rel}","templated":true}]}}