{"id":11583,"date":"2025-10-01T14:26:57","date_gmt":"2025-10-01T14:26:57","guid":{"rendered":"https:\/\/wp-test-1.sweethome3d.eu\/import-textur\/"},"modified":"2025-11-03T16:32:15","modified_gmt":"2025-11-03T16:32:15","slug":"import-textur","status":"publish","type":"page","link":"https:\/\/wp-test-1.sweethome3d.eu\/cs\/import-textur\/","title":{"rendered":"Import textur"},"content":{"rendered":"\n<p class=\"has-text-align-center\">Tato str\u00e1nka obsahuje seznam n\u011bkter\u00fdch zdroj\u016f bezplatn\u00fdch textur, kter\u00e9 m\u016f\u017ee\u0161 importovat do <a href=\"\/\">Sweet Home 3D<\/a>.<\/p>\n<h2 class=\"wp-block-heading\" id=\"dostupne-zdroje-textur\">Dostupn\u00e9 zdroje textur<\/h2><h3 class=\"wp-block-heading\" id=\"knihovny-textur\"><img loading=\"lazy\" decoding=\"async\" width=\"16\" height=\"12\" src=\"https:\/\/www.sweethome3d.com\/images\/bullet.gif\">Knihovny textur<\/h3>\n<p><a href=\"https:\/\/www.sweethome3d.com\/download.jsp\" target=\"_blank\" rel=\"noopener\">Sweet Home 3D<\/a> ti umo\u017e\u0148uje importovat textury jednotliv\u011b nebo ve skupin\u00e1ch ulo\u017een\u00fdch v souborech SH3T. Soubor SH3T je knihovna textur s jejich popisem a lze ji snadno nainstalovat dvojit\u00fdm kliknut\u00edm nebo v\u00fdb\u011brem polo\u017eky menu <em>N\u00e1bytek &gt; Importovat knihovnu textur<\/em> v <a href=\"https:\/\/wp-test-1.sweethome3d.eu\/cs\/stahnout\/\" data-type=\"page\" data-id=\"396\">Sweet Home 3D<\/a>.<br\/>N\u00e1sleduj\u00edc\u00ed ZIP soubory obsahuj\u00ed SH3T soubor, kter\u00fd m\u016f\u017ee\u0161 importovat do <a href=\"https:\/\/wp-test-1.sweethome3d.eu\/cs\/stahnout\/\" data-type=\"page\" data-id=\"396\">Sweet Home 3D<\/a>. <\/p>\n\n<ul class=\"wp-block-list\">\n<li><a href=\"https:\/\/sourceforge.net\/projects\/sweethome3d\/files\/SweetHome3D-textures\/Textures-1.3.1\/Textures-Contributions-1.3.1.zip\/download\" target=\"_blank\" rel=\"noopener\">Textures-Contributions-1.3.1.zip<\/a> (1,1 MB &#8211; 57 textur &#8211; CC-BY licence)<\/li>\n\n\n\n<li><a href=\"https:\/\/sourceforge.net\/projects\/sweethome3d\/files\/SweetHome3D-textures\/Textures-1.3.1\/Textures-eTeksScopia-1.3.1.zip\/download\" target=\"_blank\" rel=\"noopener\">Textures-eTeksScopia-1.3.1.zip<\/a> (18,8 MB &#8211; 340 textur &#8211; CC-BY licence)<\/li>\n<\/ul>\n\n<p>M\u016f\u017ee\u0161 si tak\u00e9 <a href=\"#download\">st\u00e1hnout plnou verzi<\/a> s v\u00edce ne\u017e 10\u00a0000 <a href=\"https:\/\/wp-test-1.sweethome3d.eu\/cs\/import-modelu-ve-sweet-home-3d-pridej-vlastni-3d-nabytek-a-objekty\/\" data-type=\"page\" data-id=\"432\">3D modely<\/a> a 400 ji\u017e zahrnut\u00fdmi texturami<a href=\"https:\/\/apps.apple.com\/app\/sweet-home-3d\/id669289700\" target=\"_blank\" rel=\"noopener\"><\/a><\/p>\n\n<hr class=\"wp-block-separator has-text-color has-white-color has-alpha-channel-opacity has-white-background-color has-background is-style-wide\"\/>\n\n<div class=\"wp-block-buttons is-layout-flex wp-block-buttons-is-layout-flex\">\n<div class=\"wp-block-button btn-download btn-small\" data-wce-label=\"wce_textures_download_direct\"><a class=\"wp-block-button__link wp-element-button\" href=\"#download\" style=\"text-decoration:underline\"><img loading=\"lazy\" decoding=\"async\" width=\"20\" height=\"20\" class=\"wp-image-390\" style=\"width: 20px;\" src=\"http:\/\/wp-test-1.sweethome3d.eu\/wp-content\/uploads\/2025\/09\/download-bottom.svg\" alt=\"\"\/> St\u00e1hn\u011bte si Sweet Home 3D<\/a><\/div>\n<\/div>\n\n<hr class=\"wp-block-separator has-text-color has-white-color has-alpha-channel-opacity has-white-background-color has-background is-style-wide\"\/>\n<div class=\"wp-block-image\">\n<figure class=\"aligncenter size-full\"><img loading=\"lazy\" decoding=\"async\" width=\"600\" height=\"140\" src=\"https:\/\/wp-test-1.sweethome3d.eu\/wp-content\/uploads\/2025\/10\/texturesLibraries.jpg\" alt=\"\" class=\"wp-image-4930\" srcset=\"https:\/\/wp-test-1.sweethome3d.eu\/wp-content\/uploads\/2025\/10\/texturesLibraries.jpg 600w, https:\/\/wp-test-1.sweethome3d.eu\/wp-content\/uploads\/2025\/10\/texturesLibraries-360x84.jpg 360w, https:\/\/wp-test-1.sweethome3d.eu\/wp-content\/uploads\/2025\/10\/texturesLibraries-557x130.jpg 557w, https:\/\/wp-test-1.sweethome3d.eu\/wp-content\/uploads\/2025\/10\/texturesLibraries-400x93.jpg 400w\" sizes=\"auto, (max-width: 600px) 100vw, 600px\" \/><\/figure>\n<\/div>\n<p>Pamatuj, \u017ee soubor SH3T je jen ur\u010dit\u00fd typ ZIP souboru, ze kter\u00e9ho m\u016f\u017ee\u0161 extrahovat jednotliv\u00e9 textury pomoc\u00ed jak\u00e9hokoli ZIP n\u00e1stroje. V p\u0159\u00edpad\u011b pot\u0159eby m\u016f\u017ee\u0161 tak\u00e9 vytvo\u0159it vlastn\u00ed SH3T soubory pomoc\u00ed sta\u017eiteln\u00e9ho <a href=\"https:\/\/sourceforge.net\/projects\/sweethome3d\/files\/TexturesLibraryEditor\/TexturesLibraryEditor-2.1.jar\/download\" target=\"_blank\" rel=\"noopener\">Editoru knihovny textur<\/a>. <\/p>\n<h3 class=\"wp-block-heading\" id=\"webove-stranky-s-texturami\"><img loading=\"lazy\" decoding=\"async\" width=\"16\" height=\"12\" src=\"https:\/\/www.sweethome3d.com\/images\/bullet.gif\">Webov\u00e9 str\u00e1nky s texturami<br><a href=\"https:\/\/apps.apple.com\/app\/sweet-home-3d\/id669289700\" data-wce-label=\"wce_textures_download_hyperlink\" target=\"_blank\" rel=\"noopener\"><\/a><\/h3>\n<p>N\u00e1sleduj\u00edc\u00ed str\u00e1nky nab\u00edzej\u00ed n\u011bkter\u00e9 bezplatn\u00e9 textury podporovan\u00e9 pr\u016fvodcem importu textur v <a href=\"\/\">Sweet Home 3D<\/a>:<\/p>\n\n<figure class=\"wp-block-flexible-table-block-table is-content-justification-left td-border-0 stars-table\"><table class=\"has-fixed-layout\" style=\"border-width:0\"><tbody><tr><td><img loading=\"lazy\" decoding=\"async\" width=\"12\" height=\"12\" src=\"https:\/\/www.sweethome3d.com\/images\/star.gif\" alt=\"Hv\u011bzda\"><img loading=\"lazy\" decoding=\"async\" width=\"12\" height=\"12\" src=\"https:\/\/www.sweethome3d.com\/images\/star.gif\" alt=\"Hv\u011bzda\"><img loading=\"lazy\" decoding=\"async\" width=\"12\" height=\"12\" src=\"https:\/\/www.sweethome3d.com\/images\/star.gif\" alt=\"Hv\u011bzda\"><\/td><td><a href=\"https:\/\/ambientcg.com\/\" target=\"_blank\" rel=\"noopener\">ambientCG<\/a> (mnoho beze\u0161v\u00fdch textur publikovan\u00fdch jako voln\u00e9 d\u00edlo, dostupn\u00e9 tak\u00e9 jako SH3T knihovny <a href=\"https:\/\/github.com\/fabien-michel\/sweethome3d-textures-ambientcg\" target=\"_blank\" rel=\"noopener\">zde<\/a>)<\/td><\/tr><tr><td><img loading=\"lazy\" decoding=\"async\" width=\"12\" height=\"12\" src=\"https:\/\/www.sweethome3d.com\/images\/star.gif\" alt=\"Hv\u011bzda\"><img loading=\"lazy\" decoding=\"async\" width=\"12\" height=\"12\" src=\"https:\/\/www.sweethome3d.com\/images\/star.gif\" alt=\"Hv\u011bzda\"><\/td><td><a href=\"https:\/\/archivetextures.net\/\" class=\"broken_link\" target=\"_blank\" rel=\"noopener\">Archive textures<\/a> (velmi \u0161irok\u00fd v\u00fdb\u011br)<\/td><\/tr><tr><td><img loading=\"lazy\" decoding=\"async\" width=\"12\" height=\"12\" src=\"https:\/\/www.sweethome3d.com\/images\/star.gif\" alt=\"Hv\u011bzda\"><img loading=\"lazy\" decoding=\"async\" width=\"12\" height=\"12\" src=\"https:\/\/www.sweethome3d.com\/images\/star.gif\" alt=\"Hv\u011bzda\"><\/td><td><a href=\"https:\/\/www.sharetextures.com\/\" target=\"_blank\" rel=\"noopener\">Sharetextures<\/a> (p\u011bkn\u00e9 beze\u0161v\u00e9 textury publikovan\u00e9 jako voln\u00e9 d\u00edlo)<\/td><\/tr><tr><td><img loading=\"lazy\" decoding=\"async\" width=\"12\" height=\"12\" src=\"https:\/\/www.sweethome3d.com\/images\/star.gif\" alt=\"Hv\u011bzda\"><img loading=\"lazy\" decoding=\"async\" width=\"12\" height=\"12\" src=\"https:\/\/www.sweethome3d.com\/images\/star.gif\" alt=\"Hv\u011bzda\"><\/td><td><a href=\"https:\/\/3dtextures.me\/\" target=\"_blank\" rel=\"noopener\">3D textures<\/a> (dal\u0161\u00ed str\u00e1nka s beze\u0161v\u00fdmi texturami publikovan\u00fdmi jako voln\u00e9 d\u00edlo)<\/td><\/tr><tr><td><img loading=\"lazy\" decoding=\"async\" width=\"12\" height=\"12\" src=\"https:\/\/www.sweethome3d.com\/images\/star.gif\" alt=\"Hv\u011bzda\"><img loading=\"lazy\" decoding=\"async\" width=\"12\" height=\"12\" src=\"https:\/\/www.sweethome3d.com\/images\/star.gif\" alt=\"Hv\u011bzda\"><\/td><td><a href=\"https:\/\/tiled-bg.blogspot.com\/p\/about.html\" target=\"_blank\" rel=\"noopener\">Free Web Gallery of Tile-able Website Backgrounds<\/a> (p\u0159izp\u016fsobiteln\u00e9 beze\u0161v\u00e9 textury dostupn\u00e9 pod CC-BY licenc\u00ed)<\/td><\/tr><tr><td><img loading=\"lazy\" decoding=\"async\" width=\"12\" height=\"12\" src=\"https:\/\/www.sweethome3d.com\/images\/star.gif\" alt=\"Hv\u011bzda\"><img loading=\"lazy\" decoding=\"async\" width=\"12\" height=\"12\" src=\"https:\/\/www.sweethome3d.com\/images\/star.gif\" alt=\"Hv\u011bzda\"><\/td><td><a href=\"https:\/\/www.plaintextures.com\/\" target=\"_blank\" rel=\"noopener\">Plain textures<\/a> (velk\u00fd v\u00fdb\u011br textur, ale ne v\u0161echny jsou beze\u0161v\u00e9)<\/td><\/tr><tr><td><img loading=\"lazy\" decoding=\"async\" width=\"12\" height=\"12\" src=\"https:\/\/www.sweethome3d.com\/images\/star.gif\" alt=\"Hv\u011bzda\"><img loading=\"lazy\" decoding=\"async\" width=\"12\" height=\"12\" src=\"https:\/\/www.sweethome3d.com\/images\/star.gif\" alt=\"Hv\u011bzda\"><\/td><td><a href=\"https:\/\/www.cgtextures.com\/\" target=\"_blank\" rel=\"noopener\">CG Textures<\/a> (velk\u00fd v\u00fdb\u011br textur, ale ne v\u0161echny jsou beze\u0161v\u00e9)<\/td><\/tr><tr><td><img loading=\"lazy\" decoding=\"async\" width=\"12\" height=\"12\" src=\"https:\/\/www.sweethome3d.com\/images\/star.gif\" alt=\"Hv\u011bzda\"><img loading=\"lazy\" decoding=\"async\" width=\"12\" height=\"12\" src=\"https:\/\/www.sweethome3d.com\/images\/star.gif\" alt=\"Hv\u011bzda\"><\/td><td><a href=\"https:\/\/blender-archi.tuxfamily.org\/Textures\" target=\"_blank\" rel=\"noopener\">Blender for Architecture<\/a> (zaj\u00edmav\u00e9 pro <a href=\"https:\/\/blender-archi.tuxfamily.org\/Textures#Horizontal_maps\" target=\"_blank\" rel=\"noopener\">textury oblohy<\/a>)<\/td><\/tr><tr><td><img loading=\"lazy\" decoding=\"async\" width=\"12\" height=\"12\" src=\"https:\/\/www.sweethome3d.com\/images\/star.gif\" alt=\"Hv\u011bzda\"><img loading=\"lazy\" decoding=\"async\" width=\"12\" height=\"12\" src=\"https:\/\/www.sweethome3d.com\/images\/star.gif\" alt=\"Hv\u011bzda\"><\/td><td><a href=\"https:\/\/telias.gr\/textures_menu.html\" target=\"_blank\" rel=\"noopener\">Free the models<\/a> (p\u011bkn\u00e9 textury vytvo\u0159en\u00e9 p\u0159isp\u011bvatelem Sweet Home 3D)<\/td><\/tr><tr><td><img loading=\"lazy\" decoding=\"async\" width=\"12\" height=\"12\" src=\"https:\/\/www.sweethome3d.com\/images\/star.gif\" alt=\"Hv\u011bzda\"><img loading=\"lazy\" decoding=\"async\" width=\"12\" height=\"12\" src=\"https:\/\/www.sweethome3d.com\/images\/star.gif\" alt=\"Hv\u011bzda\"><\/td><td><a href=\"https:\/\/www.museumtextures.com\/\" target=\"_blank\" rel=\"noopener\">Museum Textures<\/a> (p\u011bkn\u00fd v\u00fdb\u011br textur s n\u011bkolika beze\u0161v\u00fdmi)<\/td><\/tr><tr><td><img loading=\"lazy\" decoding=\"async\" width=\"12\" height=\"12\" src=\"https:\/\/www.sweethome3d.com\/images\/star.gif\" alt=\"Hv\u011bzda\"><\/td><td><a href=\"https:\/\/www.alterlinks.com\/textures\/\" class=\"broken_link\" target=\"_blank\" rel=\"noopener\">Alterlinks<\/a> (n\u011bkolik jednoduch\u00fdch textur)<\/td><\/tr><tr><td><img loading=\"lazy\" decoding=\"async\" width=\"12\" height=\"12\" src=\"https:\/\/www.sweethome3d.com\/images\/star.gif\" alt=\"Hv\u011bzda\"><\/td><td><a href=\"https:\/\/www.hongkiat.com\/blog\/28-high-resolution-wood-textures-for-designers\/\" target=\"_blank\" rel=\"noopener\">Hongkiat.com<\/a> (d\u0159ev\u011bn\u00e9 textury, v\u011bt\u0161ina z nich nen\u00ed beze\u0161v\u00e1)<\/td><\/tr><tr><td><img loading=\"lazy\" decoding=\"async\" width=\"12\" height=\"12\" src=\"https:\/\/www.sweethome3d.com\/images\/star.gif\" alt=\"Hv\u011bzda\"><\/td><td><a href=\"https:\/\/webdesignledger.com\/freebies\/40-beautiful-patterns-and-textures-for-ornate-backgrounds\" target=\"_blank\" rel=\"noopener\">WDL<\/a> (textury vzor\u016f na ze\u010f)<\/td><\/tr><\/tbody><\/table><\/figure>\n\n<p>Pro pokryt\u00ed povrchu texturou, kter\u00e1 se opakuje jako vzor na zdi, je lep\u0161\u00ed vybrat beze\u0161vou texturu.<\/p>\n\n<p>Aby nedo\u0161lo ke sn\u00ed\u017een\u00ed v\u00fdkonu Sweet Home 3D, neimportuj obr\u00e1zky s velk\u00fdm rozli\u0161en\u00edm (obecn\u011b obr\u00e1zky 256&#215;256 pixel\u016f ji\u017e d\u00e1vaj\u00ed dobr\u00e9 v\u00fdsledky). Pokud mus\u00ed\u0161 sn\u00ed\u017eit rozli\u0161en\u00ed obr\u00e1zku, m\u011bl\/a bys up\u0159ednostnit lep\u0161\u00ed kvalitu JPEG p\u0159ed v\u011bt\u0161\u00edm rozli\u0161en\u00edm. <\/p>\n\n<p>Pros\u00edm respektuj licenci textur, kter\u00e9 si m\u016f\u017ee\u0161 st\u00e1hnout z t\u011bchto webov\u00fdch str\u00e1nek.<\/p>\n\n<figure class=\"wp-block-image size-large\"><img loading=\"lazy\" decoding=\"async\" width=\"1024\" height=\"276\" src=\"https:\/\/wp-test-1.sweethome3d.eu\/wp-content\/uploads\/2025\/06\/Textures-1024x276.jpg\" alt=\"Import textur\" class=\"wp-image-4507\" srcset=\"https:\/\/wp-test-1.sweethome3d.eu\/wp-content\/uploads\/2025\/06\/Textures-1024x276.jpg 1024w, https:\/\/wp-test-1.sweethome3d.eu\/wp-content\/uploads\/2025\/06\/Textures-360x97.jpg 360w, https:\/\/wp-test-1.sweethome3d.eu\/wp-content\/uploads\/2025\/06\/Textures-481x130.jpg 481w, https:\/\/wp-test-1.sweethome3d.eu\/wp-content\/uploads\/2025\/06\/Textures-768x207.jpg 768w, https:\/\/wp-test-1.sweethome3d.eu\/wp-content\/uploads\/2025\/06\/Textures-400x108.jpg 400w, https:\/\/wp-test-1.sweethome3d.eu\/wp-content\/uploads\/2025\/06\/Textures.jpg 1200w\" sizes=\"auto, (max-width: 1024px) 100vw, 1024px\" \/><\/figure>\n\n<hr class=\"wp-block-separator has-text-color has-white-color has-alpha-channel-opacity has-white-background-color has-background\"\/>\n\n<hr class=\"wp-block-separator has-text-color has-white-color has-alpha-channel-opacity has-white-background-color has-background\"\/>\n\n<p class=\"has-text-align-center\">D\u00edky Hansi Dirksemu za jeho pomoc<\/p>\n\n<p class=\"has-text-align-center\"><a href=\"mailto:info@sweethome3d.com\">Navrhni dal\u0161\u00ed str\u00e1nky nebo nahlas nefunk\u010dn\u00ed odkaz<\/a><\/p>\n\n<p class=\"has-text-align-center\"><em><em>Posledn\u00ed aktualizace: 23.1.2023<\/em><\/em><\/p>\n","protected":false},"excerpt":{"rendered":"<p>Tato str\u00e1nka obsahuje seznam n\u011bkter\u00fdch zdroj\u016f bezplatn\u00fdch textur, kter\u00e9 m\u016f\u017ee\u0161 importovat do Sweet Home 3D. Dostupn\u00e9 zdroje textur Knihovny textur Sweet Home 3D ti umo\u017e\u0148uje importovat textury jednotliv\u011b nebo ve skupin\u00e1ch ulo\u017een\u00fdch v souborech SH3T. Soubor SH3T je knihovna textur s jejich popisem a lze ji snadno nainstalovat dvojit\u00fdm kliknut\u00edm nebo v\u00fdb\u011brem polo\u017eky menu N\u00e1bytek [&hellip;]<\/p>\n","protected":false},"author":3,"featured_media":11573,"parent":0,"menu_order":0,"comment_status":"closed","ping_status":"closed","template":"","meta":{"inline_featured_image":false,"footnotes":""},"class_list":["post-11583","page","type-page","status-publish","has-post-thumbnail","hentry"],"_links":{"self":[{"href":"https:\/\/wp-test-1.sweethome3d.eu\/cs\/wp-json\/wp\/v2\/pages\/11583","targetHints":{"allow":["GET"]}}],"collection":[{"href":"https:\/\/wp-test-1.sweethome3d.eu\/cs\/wp-json\/wp\/v2\/pages"}],"about":[{"href":"https:\/\/wp-test-1.sweethome3d.eu\/cs\/wp-json\/wp\/v2\/types\/page"}],"author":[{"embeddable":true,"href":"https:\/\/wp-test-1.sweethome3d.eu\/cs\/wp-json\/wp\/v2\/users\/3"}],"replies":[{"embeddable":true,"href":"https:\/\/wp-test-1.sweethome3d.eu\/cs\/wp-json\/wp\/v2\/comments?post=11583"}],"version-history":[{"count":1,"href":"https:\/\/wp-test-1.sweethome3d.eu\/cs\/wp-json\/wp\/v2\/pages\/11583\/revisions"}],"predecessor-version":[{"id":11584,"href":"https:\/\/wp-test-1.sweethome3d.eu\/cs\/wp-json\/wp\/v2\/pages\/11583\/revisions\/11584"}],"wp:featuredmedia":[{"embeddable":true,"href":"https:\/\/wp-test-1.sweethome3d.eu\/cs\/wp-json\/wp\/v2\/media\/11573"}],"wp:attachment":[{"href":"https:\/\/wp-test-1.sweethome3d.eu\/cs\/wp-json\/wp\/v2\/media?parent=11583"}],"curies":[{"name":"wp","href":"https:\/\/api.w.org\/{rel}","templated":true}]}}