{"id":11747,"date":"2025-09-19T09:07:08","date_gmt":"2025-09-19T09:07:08","guid":{"rendered":"https:\/\/wp-test-1.sweethome3d.eu\/pravni-upozorneni\/"},"modified":"2025-11-03T17:23:12","modified_gmt":"2025-11-03T17:23:12","slug":"pravni-upozorneni","status":"publish","type":"page","link":"https:\/\/wp-test-1.sweethome3d.eu\/cs\/pravni-upozorneni\/","title":{"rendered":"Pr\u00e1vn\u00ed upozorn\u011bn\u00ed"},"content":{"rendered":"\n<p>Software Sweet Home 3D a webov\u00e9 str\u00e1nky <a href=\"\/\">https:\/\/www.sweethome3d.com<\/a> vyd\u00e1v\u00e1:<br\/><\/p>\n\n<p><a href=\"https:\/\/www.spacemushrooms.it\/\" target=\"_blank\" rel=\"noopener\">Space Mushrooms srl<\/a><br\/>Via Melzi d&#8217;Eril 29<br\/>20154, Mil\u00e1n<br\/>It\u00e1lie<br\/>Email: <a href=\"mailto:info@sweethome3d.com\">info@sweethome3d.com<\/a><\/p>\n\n<p><br\/><a href=\"https:\/\/www.spacemushrooms.it\/\" target=\"_blank\" rel=\"noopener\">Space Mushrooms srl<\/a> je nez\u00e1visl\u00e1 spole\u010dnost zalo\u017een\u00e1 v roce 2021.<\/p>\n\n<p><br\/>Sweet Home 3D<sup>\u00ae<\/sup> je registrovan\u00e1 ochrann\u00e1 zn\u00e1mka.<br\/>Ostatn\u00ed obchodn\u00ed n\u00e1zvy zm\u00edn\u011bn\u00e9 na tomto webu jsou ochrann\u00e9 zn\u00e1mky nebo registrovan\u00e9 ochrann\u00e9 zn\u00e1mky, kter\u00e9 jsou majetkem p\u0159\u00edslu\u0161n\u00fdch vlastn\u00edk\u016f.<\/p>\n\n<p><br\/><a href=\"https:\/\/www.sweethome3d.com\/\" target=\"_blank\" rel=\"noopener\">sweethome3d.com<\/a>, <a href=\"https:\/\/www.sweethome3d.eu\/\">sweethome3d.eu<\/a>, <a href=\"https:\/\/www.sweethome3d.online\/\" target=\"_blank\" rel=\"noopener\">sweethome3d.online<\/a> a <a href=\"https:\/\/www.sweethome2d.com\/\" target=\"_blank\" rel=\"noopener\">sweethome2d.com<\/a> jsou hostov\u00e1ny spole\u010dnost\u00ed:<\/p>\n\n<p>OVH<br\/>140, quai du Sartel<br\/>59100 Roubaix<br\/>Francie<br\/>Tel: +33 8 203 203 63<\/p>\n","protected":false},"excerpt":{"rendered":"<p>Software Sweet Home 3D a webov\u00e9 str\u00e1nky https:\/\/www.sweethome3d.com vyd\u00e1v\u00e1: Space Mushrooms srlVia Melzi d&#8217;Eril 2920154, Mil\u00e1nIt\u00e1lieEmail: info@sweethome3d.com Space Mushrooms srl je nez\u00e1visl\u00e1 spole\u010dnost zalo\u017een\u00e1 v roce 2021. Sweet Home 3D\u00ae je registrovan\u00e1 ochrann\u00e1 zn\u00e1mka.Ostatn\u00ed obchodn\u00ed n\u00e1zvy zm\u00edn\u011bn\u00e9 na tomto webu jsou ochrann\u00e9 zn\u00e1mky nebo registrovan\u00e9 ochrann\u00e9 zn\u00e1mky, kter\u00e9 jsou majetkem p\u0159\u00edslu\u0161n\u00fdch vlastn\u00edk\u016f. sweethome3d.com, sweethome3d.eu, sweethome3d.online [&hellip;]<\/p>\n","protected":false},"author":2,"featured_media":0,"parent":0,"menu_order":0,"comment_status":"closed","ping_status":"closed","template":"","meta":{"inline_featured_image":false,"footnotes":""},"class_list":["post-11747","page","type-page","status-publish","hentry"],"_links":{"self":[{"href":"https:\/\/wp-test-1.sweethome3d.eu\/cs\/wp-json\/wp\/v2\/pages\/11747","targetHints":{"allow":["GET"]}}],"collection":[{"href":"https:\/\/wp-test-1.sweethome3d.eu\/cs\/wp-json\/wp\/v2\/pages"}],"about":[{"href":"https:\/\/wp-test-1.sweethome3d.eu\/cs\/wp-json\/wp\/v2\/types\/page"}],"author":[{"embeddable":true,"href":"https:\/\/wp-test-1.sweethome3d.eu\/cs\/wp-json\/wp\/v2\/users\/2"}],"replies":[{"embeddable":true,"href":"https:\/\/wp-test-1.sweethome3d.eu\/cs\/wp-json\/wp\/v2\/comments?post=11747"}],"version-history":[{"count":1,"href":"https:\/\/wp-test-1.sweethome3d.eu\/cs\/wp-json\/wp\/v2\/pages\/11747\/revisions"}],"predecessor-version":[{"id":11748,"href":"https:\/\/wp-test-1.sweethome3d.eu\/cs\/wp-json\/wp\/v2\/pages\/11747\/revisions\/11748"}],"wp:attachment":[{"href":"https:\/\/wp-test-1.sweethome3d.eu\/cs\/wp-json\/wp\/v2\/media?parent=11747"}],"curies":[{"name":"wp","href":"https:\/\/api.w.org\/{rel}","templated":true}]}}