{"id":11822,"date":"2025-09-18T11:59:08","date_gmt":"2025-09-18T11:59:08","guid":{"rendered":"https:\/\/wp-test-1.sweethome3d.eu\/licence\/"},"modified":"2025-11-03T18:13:58","modified_gmt":"2025-11-03T18:13:58","slug":"licence","status":"publish","type":"page","link":"https:\/\/wp-test-1.sweethome3d.eu\/cs\/licence\/","title":{"rendered":"Licence"},"content":{"rendered":"\n<p>Sweet Home 3D, Copyright (c) 2024 Space Mushrooms &lt;<a href=\"mailto:info@sweethome3d.com\">info@sweethome3d.com<\/a>&gt;<\/p>\n\n<p>Bezplatn\u00e1 verze aplikace <a href=\"\/\">Sweet Home 3D<\/a>, aplikace <a href=\"https:\/\/www.sweethome3d.com\/support\/forum\/viewthread_thread,1550\" target=\"_blank\" rel=\"noopener\">Furniture Library Editor<\/a> a <a href=\"https:\/\/www.sweethome3d.com\/support\/forum\/viewthread_thread,3502\" target=\"_blank\" rel=\"noopener\">Textures Library Editor<\/a>, stejn\u011b jako <a href=\"https:\/\/sourceforge.net\/p\/sweethome3d\/code\/HEAD\/tree\/trunk\/SweetHome3DJS\/\" target=\"_blank\" rel=\"noopener\">Sweet Home 3D JS<\/a> jsou distribuov\u00e1ny pod <a href=\"https:\/\/www.gnu.org\/licenses\/gpl-2.0.txt\" target=\"_blank\" rel=\"noopener\">GNU General Public License<\/a>; m\u016f\u017ee\u0161 je pou\u017e\u00edvat, kop\u00edrovat, redistribuovat a\/nebo upravovat podle podm\u00ednek t\u00e9to licence, jak ji publikovala Free Software Foundation; bu\u010f verze 2 licence, nebo (podle tv\u00e9ho v\u00fdb\u011bru) jak\u00e1koli pozd\u011bj\u0161\u00ed verze. Pro v\u00edce detail\u016f si pros\u00edm p\u0159e\u010dti podm\u00ednky <a href=\"https:\/\/www.gnu.org\/licenses\/gpl-2.0.txt\" target=\"_blank\" rel=\"noopener\">GNU General Public License<\/a> a jej\u00ed <a href=\"https:\/\/www.gnu.org\/licenses\/gpl-faq.html\" target=\"_blank\" rel=\"noopener\">FAQ<\/a>. <\/p>\n\n<p>Tyto programy jsou distribuov\u00e1ny v nad\u011bji, \u017ee budou u\u017eite\u010dn\u00e9, ale BEZ JAK\u00c9KOLI Z\u00c1RUKY; dokonce bez p\u0159edpokl\u00e1dan\u00e9 z\u00e1ruky PRODEJNOSTI nebo VHODNOSTI PRO KONKR\u00c9TN\u00cd \u00da\u010cEL.<\/p>\n\n<p>GNU General Public License a dal\u0161\u00ed licence, pod kter\u00fdmi jsou dostupn\u00e9 aplikace Sweet Home 3D, Sweet Home 3D Mobile, Furniture Library Editor, Textures Library Editor a Sweet Home 3D JS, ti umo\u017e\u0148uj\u00ed publikovat dokumenty vytvo\u0159en\u00e9 t\u011bmito aplikacemi, a\u0165 u\u017e pro osobn\u00ed nebo komer\u010dn\u00ed pou\u017eit\u00ed, v r\u00e1mci limit\u016f pr\u00e1v ud\u011blen\u00fdch licencemi 3D model\u016f a textur, kter\u00e9 jsi importoval do dokument\u016f generovan\u00fdch t\u011bmito aplikacemi.<br\/>M\u016f\u017ee\u0161 pou\u017e\u00edvat a redistribuovat 3D modely a textury dostupn\u00e9 ve v\u00fdchoz\u00edch kataloz\u00edch v\u0161ech verz\u00ed Sweet Home 3D pro osobn\u00ed nebo komer\u010dn\u00ed pou\u017eit\u00ed, stejn\u011b jako <g id=\"gid_0\">bezplatn\u00e9 3D modely<\/g> hostovan\u00e9 na <g id=\"gid_1\">sweethome3d.com<\/g>, a <g id=\"gid_2\">knihovny n\u00e1bytku<\/g> nebo <g id=\"gid_3\">knihovny textur<\/g> dostupn\u00e9 mezi <g id=\"gid_4\">soubory Sweet Home 3D na SourceForge.net<\/g>. Pokud zahrne\u0161 n\u011bkter\u00e9 z t\u011bchto 3D model\u016f a textur do sv\u00fdch dokument\u016f, m\u011bl bys uv\u00e9st autora t\u011bch, kter\u00e9 jsou distribuov\u00e1ny pod <a href=\"https:\/\/artlibre.org\/licence\/lal\/en\/\" target=\"_blank\" rel=\"noopener\">Free Art License<\/a> nebo <a href=\"https:\/\/creativecommons.org\/licenses\/by\/3.0\/\" target=\"_blank\" rel=\"noopener\">CC-BY License<\/a>, p\u0159\u00edpadn\u011b pou\u017eit\u00edm ozn\u00e1men\u00ed podobn\u00e9ho n\u00e1sleduj\u00edc\u00edmu (v\u010detn\u011b odkaz\u016f, aby u\u017eivatel\u00e9 mohli naj\u00edt autory um\u011bleck\u00fdch d\u011bl, kter\u00e9 jsi pou\u017eil):  <\/p>\n\n<div class=\"wp-block-group is-nowrap is-layout-flex wp-container-core-group-is-layout-ad2f72ca wp-block-group-is-layout-flex\">\n<div style=\"height:10px;width:0px\" aria-hidden=\"true\" class=\"wp-block-spacer wp-container-content-728072c3\"><\/div>\n\n\n\n<p><em>Projekt navr\u017een pomoc\u00ed <a href=\"\/\">Sweet Home 3D<\/a>. Zahrnuje <a href=\"https:\/\/wp-test-1.sweethome3d.eu\/cs\/bezplatne-3d-modely\/\" data-type=\"page\" data-id=\"4869\">3D modely<\/a> a <a href=\"https:\/\/wp-test-1.sweethome3d.eu\/cs\/import-textur\/\" data-type=\"page\" data-id=\"4928\">textury<\/a> distribuovan\u00e9 pod bezplatnou licenc\u00ed. <\/em><\/p>\n<\/div>\n\n<p>Pou\u017e\u00edv\u00e1n\u00ed a redistribuce 3D model\u016f nebo textur nalezen\u00fdch na <strong>jin\u00fdch webov\u00fdch str\u00e1nk\u00e1ch<\/strong> m\u016f\u017ee b\u00fdt omezeno licenc\u00ed, pod kterou jsou distribuov\u00e1ny, a je na tob\u011b, abys zkontroloval jejich licenci. Nap\u0159\u00edklad 3D modely dostupn\u00e9 na <a href=\"https:\/\/www.2d3dmodels.com\/3dmodels.htm\" target=\"_blank\" rel=\"noopener\">Archibit<\/a> jsou distribuov\u00e1ny pod licenc\u00ed <a href=\"https:\/\/creativecommons.org\/licenses\/by-nc-sa\/2.5\/it\/\" target=\"_blank\" rel=\"noopener\">Creative Commons BY-NC-SA<\/a>, kter\u00e1 zakazuje pou\u017eit\u00ed d\u00edla pro komer\u010dn\u00ed \u00fa\u010dely, zat\u00edmco sekce 1.B a 2.vi <a href=\"https:\/\/3dwarehouse.sketchup.com\/tos#license\" target=\"_blank\" rel=\"noopener\">General Model License<\/a> pro modely dostupn\u00e9 na <a href=\"https:\/\/3dwarehouse.sketchup.com\/\" target=\"_blank\" rel=\"noopener\">Trimble 3D Warehouse<\/a> ti umo\u017e\u0148uj\u00ed je pou\u017e\u00edvat pro <em>obchodn\u00ed \u00fa\u010dely (v\u010detn\u011b komer\u010dn\u00edch \u00fa\u010del\u016f)<\/em>, ale zakazuj\u00ed <em>agregovat jak\u00fdkoli obsah z\u00edskan\u00fd ze Str\u00e1nky pro redistribuci<\/em>, co\u017e je podm\u00ednka, kter\u00e1 br\u00e1n\u00ed redistribuci knihoven n\u00e1bytku obsahuj\u00edc\u00edch modely z 3D Warehouse. <\/p>\n\n<p>GNU General Public License ti tak\u00e9 umo\u017e\u0148uje voln\u011b redistribuovat pod stejnou licenc\u00ed bezplatnou verzi aplikace Sweet Home 3D, aplikace Furniture Library Editor a Textures Library Editor, stejn\u011b jako Sweet Home 3D JS, pokud s nimi poskytne\u0161 podm\u00ednky <a href=\"https:\/\/www.gnu.org\/licenses\/gpl-2.0.txt\" target=\"_blank\" rel=\"noopener\">GNU General Public License<\/a> a p\u0159id\u00e1\u0161 n\u00e1sleduj\u00edc\u00ed ozn\u00e1men\u00ed o autorsk\u00fdch pr\u00e1vech na p\u0159\u00edslu\u0161n\u00e9 m\u00edsto (s odkazem na webovou str\u00e1nku <a href=\"\/\">https:\/\/www.sweethome3d.com<\/a>, pokud je to mo\u017en\u00e9):<\/p>\n\n<div class=\"wp-block-group is-nowrap is-layout-flex wp-container-core-group-is-layout-ad2f72ca wp-block-group-is-layout-flex\">\n<div style=\"height:10px;width:0px\" aria-hidden=\"true\" class=\"wp-block-spacer wp-container-content-728072c3\"><\/div>\n\n\n\n<p><em><em>Sweet Home 3D, Copyright (c) 2024 Space Mushrooms &lt;info@sweehome3d.com&gt;<\/em><\/em><\/p>\n<\/div>\n\n<p>Toto pravidlo plat\u00ed tak\u00e9 pro pou\u017eit\u00ed <a href=\"https:\/\/sourceforge.net\/projects\/sweethome3d\/files\/SweetHome3D-viewer\/SweetHome3DJSViewer-7.5.2.zip\/download\" target=\"_blank\" rel=\"noopener\">Sweet Home 3D JS Viewer<\/a> nebo <a href=\"https:\/\/wp-test-1.sweethome3d.eu\/cs\/sweet-home-3d-online-manager\/\" data-type=\"page\" data-id=\"398\">Online verze<\/a> na tv\u00e9m webu, co\u017e je ur\u010dit\u00fd druh redistribuce.<\/p>\n\n<p><em>Pamatuj, \u017ee GNU General Public License zakazuje v\u00fdvoj\u00e1\u0159\u016fm, kte\u0159\u00ed nevlastn\u00ed autorsk\u00e1 pr\u00e1va k Sweet Home 3D, vytv\u00e1\u0159et propriet\u00e1rn\u00ed programy odvozen\u00e9 z tohoto softwaru nebo jej za\u010dle\u0148ovat do propriet\u00e1rn\u00edch program\u016f.<\/em><\/p>\n\n<p><em>Pokud m\u00e1\u0161 z\u00e1jem o Sweet Home 3D pro takov\u00e9 pou\u017eit\u00ed, napi\u0161 pros\u00edm na <a href=\"mailto:info@sweethome3d.com\">info@sweethome3d.com<\/a> pro z\u00edsk\u00e1n\u00ed informac\u00ed o dal\u0161\u00edch dostupn\u00fdch licenc\u00edch, kter\u00e9 by mohly vyhovovat tv\u00fdm pot\u0159eb\u00e1m.<\/em><\/p>\n\n<p>Sweet Home 3D tak\u00e9 zahrnuje n\u00e1sleduj\u00edc\u00ed knihovny distribuovan\u00e9 pod licencemi m\u00e9n\u011b restriktivn\u00edmi ne\u017e GNU GPL:<\/p>\n\n<ul class=\"wp-block-list\">\n<li>Knihovna Java 3D distribuovan\u00e1 pod <a href=\"https:\/\/www.opensource.org\/licenses\/bsd-license.php\" target=\"_blank\" rel=\"noopener\">BSD licenc\u00ed<\/a> a <a href=\"https:\/\/openjdk.java.net\/legal\/gplv2+ce.html\" target=\"_blank\" rel=\"noopener\">GNU General Public License s v\u00fdjimkou Classpath<\/a>,<\/li>\n\n\n\n<li>Knihovna <a href=\"https:\/\/java.sun.com\/javase\/technologies\/desktop\/media\/jmf\/\" target=\"_blank\" rel=\"noopener\">Java Media Framework<\/a> distribuovan\u00e1 pod <a href=\"https:\/\/java.sun.com\/javase\/technologies\/desktop\/media\/jmf\/2.1.1\/license.html\" target=\"_blank\" rel=\"noopener\">JMF 2.1.1 Binary Code License<\/a>,<\/li>\n\n\n\n<li>Knihovna pro tisk PDF <a href=\"https:\/\/www.lowagie.com\/iText\/\" target=\"_blank\" rel=\"noopener\">iText<\/a> verze 2.1.7 distribuovan\u00e1 pod <a href=\"https:\/\/www.gnu.org\/licenses\/old-licenses\/lgpl-2.1.txt\" target=\"_blank\" rel=\"noopener\">GNU Lesser General Public License<\/a>,<\/li>\n\n\n\n<li>Knihovna pro export SVG <a href=\"https:\/\/java.freehep.org\/\" target=\"_blank\" rel=\"noopener\">FreeHep<\/a> distribuovan\u00e1 pod <a href=\"https:\/\/www.gnu.org\/licenses\/old-licenses\/lgpl-2.1.txt\" target=\"_blank\" rel=\"noopener\">GNU Lesser General Public License<\/a>,<\/li>\n\n\n\n<li>Knihovna pro kompilaci SVG cest <a href=\"https:\/\/xmlgraphics.apache.org\/batik\/\" target=\"_blank\" rel=\"noopener\">Batik<\/a> <a href=\"https:\/\/xmlgraphics.apache.org\/batik\/\" target=\"_blank\" rel=\"noopener\"><\/a>distribuovan\u00e1 pod <a href=\"https:\/\/xmlgraphics.apache.org\/batik\/license.html\" target=\"_blank\" rel=\"noopener\">Apache License<\/a>,<\/li>\n\n\n\n<li>Knihovna kalkul\u00e1toru <a href=\"https:\/\/www.eteks.com\/jeks\/\" target=\"_blank\" rel=\"noopener\">Jeks Parser<\/a> pro podporu matematick\u00fdch v\u00fdraz\u016f distribuovan\u00e1 pod <a href=\"https:\/\/www.gnu.org\/licenses\/old-licenses\/lgpl-2.1.txt\" target=\"_blank\" rel=\"noopener\">GNU Lesser General Public License<\/a>,<\/li>\n\n\n\n<li>Knihovna pro renderov\u00e1n\u00ed glob\u00e1ln\u00edho osv\u011btlen\u00ed <a href=\"https:\/\/sunflow.sourceforge.net\/\" target=\"_blank\" rel=\"noopener\">SunFlow<\/a> distribuovan\u00e1 pod <a href=\"https:\/\/www.opensource.org\/licenses\/mit-license.php\" target=\"_blank\" rel=\"noopener\">MIT licenc\u00ed<\/a>,<\/li>\n\n\n\n<li>Knihovna pro renderov\u00e1n\u00ed <a href=\"https:\/\/github.com\/YafaRay\" target=\"_blank\" rel=\"noopener\">YafaRay<\/a> distribuovan\u00e1 pod <a href=\"https:\/\/www.gnu.org\/licenses\/old-licenses\/lgpl-2.1.txt\" target=\"_blank\" rel=\"noopener\">GNU Lesser General Public License<\/a><a href=\"https:\/\/www.opensource.org\/licenses\/mit-license.php\" target=\"_blank\" rel=\"noopener\"><\/a>,<\/li>\n\n\n\n<li><a href=\"https:\/\/wp-test-1.sweethome3d.eu\/cs\/bezplatne-3d-modely\/\" data-type=\"page\" data-id=\"4869\">3D modely<\/a> a textury dostupn\u00e9 v kataloz\u00edch bezplatn\u00e9 verze jsou distribuov\u00e1ny pod GNU GPL nebo <a>CC-BY licenc\u00ed<\/a>,<\/li>\n\n\n\n<li>dodate\u010dn\u00e9 <a href=\"https:\/\/wp-test-1.sweethome3d.eu\/cs\/bezplatne-3d-modely\/\" data-type=\"page\" data-id=\"4869\">3D modely<\/a> a <a href=\"https:\/\/wp-test-1.sweethome3d.eu\/cs\/import-textur\/\" data-type=\"page\" data-id=\"4928\">textury<\/a> dostupn\u00e9 v kataloz\u00edch verz\u00ed pro <a href=\"https:\/\/apps.apple.com\/app\/sweet-home-3d\/id669289700\" target=\"_blank\" rel=\"noopener\">Mac App Store<\/a>, <a href=\"https:\/\/apps.microsoft.com\/detail\/9nblggh2smtq\" target=\"_blank\" rel=\"noopener\">Microsoft Store<\/a> a <a href=\"https:\/\/www.amazon.com\/gp\/product\/B00NLVKPDM\" target=\"_blank\" rel=\"noopener\">Amazon Store<\/a> jsou distribuov\u00e1ny pod <a href=\"https:\/\/artlibre.org\/licence\/lal\/en\" target=\"_blank\" rel=\"noopener\">Free Art Licence<\/a>, <a href=\"https:\/\/creativecommons.org\/licenses\/by\/3.0\/\" target=\"_blank\" rel=\"noopener\">CC-BY licenc\u00ed<\/a> nebo jsou dostupn\u00e9 ve ve\u0159ejn\u00e9 dom\u00e9n\u011b v z\u00e1vislosti na modelech.<\/li>\n<\/ul>\n\n<p>Sweet Home 3D JS tak\u00e9 z\u00e1vis\u00ed na n\u00e1sleduj\u00edc\u00edch knihovn\u00e1ch:<\/p>\n\n<ul class=\"wp-block-list\">\n<li>Knihovna <a href=\"https:\/\/stuk.github.io\/jszip\/\" target=\"_blank\" rel=\"noopener\">JSZip<\/a> distribuovan\u00e1 pod <a href=\"https:\/\/github.com\/Stuk\/jszip\/blob\/master\/LICENSE.markdown\" target=\"_blank\" rel=\"noopener\">MIT licenc\u00ed<\/a>,<\/li>\n\n\n\n<li>Knihovna <a href=\"https:\/\/glmatrix.net\/\" target=\"_blank\" rel=\"noopener\">glMatrix<\/a> distribuovan\u00e1 pod <a href=\"https:\/\/github.com\/toji\/gl-matrix\/blob\/master\/LICENSE.md\" target=\"_blank\" rel=\"noopener\">MIT licenc\u00ed<\/a>,<\/li>\n\n\n\n<li>Knihovna <a href=\"https:\/\/github.com\/MikeMcl\/big.js\/\" target=\"_blank\" rel=\"noopener\">big.js<\/a> distribuovan\u00e1 pod <a href=\"https:\/\/github.com\/MikeMcl\/big.js\/blob\/main\/LICENCE.md\" target=\"_blank\" rel=\"noopener\">MIT licenc\u00ed<\/a>,<\/li>\n\n\n\n<li>Knihovna <a href=\"https:\/\/github.com\/ndebeiss\/jsXmlSaxParser\" target=\"_blank\" rel=\"noopener\">jsXmlSaxParser<\/a> distribuovan\u00e1 pod <a href=\"https:\/\/raw.githubusercontent.com\/ndebeiss\/jsXmlSaxParser\/master\/LICENSE\" target=\"_blank\" rel=\"noopener\">Apache licenc\u00ed<\/a>,<\/li>\n\n\n\n<li>JavaScript p\u0159eklad <code>Triangulator<\/code> t\u0159\u00eddy v knihovn\u011b <a href=\"https:\/\/github.com\/hharrison\/java3d-utils\" target=\"_blank\" rel=\"noopener\">Java 3D utils<\/a> distribuovan\u00e9 pod <a href=\"https:\/\/github.com\/hharrison\/java3d-utils\/blob\/master\/LICENSE.txt\" target=\"_blank\" rel=\"noopener\">BSD licenc\u00ed<\/a>,<\/li>\n\n\n\n<li>JavaScript p\u0159eklad knihovny pro kompilaci SVG cest <a href=\"https:\/\/xmlgraphics.apache.org\/batik\/\" target=\"_blank\" rel=\"noopener\">Batik<\/a> distribuovan\u00e9 pod <a href=\"https:\/\/xmlgraphics.apache.org\/batik\/license.html\" target=\"_blank\" rel=\"noopener\">Apache licenc\u00ed<\/a>,<\/li>\n\n\n\n<li>Knihovna <a href=\"https:\/\/github.com\/stleary\/JSON-java\" target=\"_blank\" rel=\"noopener\">JSON.org<\/a> distribuovan\u00e1 pod <a href=\"https:\/\/github.com\/stleary\/JSON-java\/blob\/master\/LICENSE\" target=\"_blank\" rel=\"noopener\">JSON free licenc\u00ed<\/a>,<\/li>\n\n\n\n<li>JavaScript p\u0159eklad bal\u00ed\u010dk\u016f <code>java.awt.geom<\/code> a <code>javax.swing.undo<\/code> v knihovn\u011b <a href=\"https:\/\/openjdk.java.net\/\" target=\"_blank\" rel=\"noopener\">OpenJDK<\/a> distribuovan\u00e9 pod <a href=\"https:\/\/openjdk.java.net\/legal\/gplv2+ce.html\" target=\"_blank\" rel=\"noopener\">GNU General Public License s v\u00fdjimkou Classpath<\/a>.<\/li>\n<\/ul>\n","protected":false},"excerpt":{"rendered":"<p>Sweet Home 3D, Copyright (c) 2024 Space Mushrooms &lt;info@sweethome3d.com&gt; Bezplatn\u00e1 verze aplikace Sweet Home 3D, aplikace Furniture Library Editor a Textures Library Editor, stejn\u011b jako Sweet Home 3D JS jsou distribuov\u00e1ny pod GNU General Public License; m\u016f\u017ee\u0161 je pou\u017e\u00edvat, kop\u00edrovat, redistribuovat a\/nebo upravovat podle podm\u00ednek t\u00e9to licence, jak ji publikovala Free Software Foundation; bu\u010f verze [&hellip;]<\/p>\n","protected":false},"author":2,"featured_media":0,"parent":0,"menu_order":0,"comment_status":"closed","ping_status":"closed","template":"","meta":{"inline_featured_image":false,"footnotes":""},"class_list":["post-11822","page","type-page","status-publish","hentry"],"_links":{"self":[{"href":"https:\/\/wp-test-1.sweethome3d.eu\/cs\/wp-json\/wp\/v2\/pages\/11822","targetHints":{"allow":["GET"]}}],"collection":[{"href":"https:\/\/wp-test-1.sweethome3d.eu\/cs\/wp-json\/wp\/v2\/pages"}],"about":[{"href":"https:\/\/wp-test-1.sweethome3d.eu\/cs\/wp-json\/wp\/v2\/types\/page"}],"author":[{"embeddable":true,"href":"https:\/\/wp-test-1.sweethome3d.eu\/cs\/wp-json\/wp\/v2\/users\/2"}],"replies":[{"embeddable":true,"href":"https:\/\/wp-test-1.sweethome3d.eu\/cs\/wp-json\/wp\/v2\/comments?post=11822"}],"version-history":[{"count":1,"href":"https:\/\/wp-test-1.sweethome3d.eu\/cs\/wp-json\/wp\/v2\/pages\/11822\/revisions"}],"predecessor-version":[{"id":11823,"href":"https:\/\/wp-test-1.sweethome3d.eu\/cs\/wp-json\/wp\/v2\/pages\/11822\/revisions\/11823"}],"wp:attachment":[{"href":"https:\/\/wp-test-1.sweethome3d.eu\/cs\/wp-json\/wp\/v2\/media?parent=11822"}],"curies":[{"name":"wp","href":"https:\/\/api.w.org\/{rel}","templated":true}]}}