{"id":11858,"date":"2025-09-11T08:47:20","date_gmt":"2025-09-11T08:47:20","guid":{"rendered":"https:\/\/wp-test-1.sweethome3d.eu\/zasady-ochrany-osobnich-udaju\/"},"modified":"2025-11-04T10:04:49","modified_gmt":"2025-11-04T10:04:49","slug":"zasady-ochrany-osobnich-udaju","status":"publish","type":"page","link":"https:\/\/wp-test-1.sweethome3d.eu\/cs\/zasady-ochrany-osobnich-udaju\/","title":{"rendered":"Z\u00e1sady ochrany osobn\u00edch \u00fadaj\u016f"},"content":{"rendered":"\n<p>Space Mushrooms, vlastn\u00edk softwaru a autorsk\u00fdch pr\u00e1v Sweet Home 3D, stejn\u011b jako webov\u00fdch str\u00e1nek <code>sweethome3d.com<\/code>, neshroma\u017e\u010fuje na webov\u00fdch str\u00e1nk\u00e1ch <code>sweethome3d.com<\/code> soukrom\u00e9 \u00fadaje, s v\u00fdjimkou u\u017eivatel\u016f <a href=\"https:\/\/www.sweethome3d.com\/support\/forum\/registermember\" target=\"_blank\" rel=\"noopener\">registrovan\u00fdch<\/a> na <a href=\"https:\/\/www.sweethome3d.com\/support\/forum\/?lang=en\" target=\"_blank\" rel=\"noopener\">f\u00f3ru<\/a>. Z\u00e1znamy o provozu ulo\u017een\u00e9 na serveru nejsou ve\u0159ejn\u00e9 a <code>sweethome3d.com<\/code> nezobrazuje \u017e\u00e1dnou reklamu.<br\/>Nicm\u00e9n\u011b v\u011bt\u0161ina str\u00e1nek publikovan\u00fdch na webov\u00fdch str\u00e1nk\u00e1ch <code>sweethome3d.com<\/code> zobrazuje logo Sourceforge, n\u011bkolik str\u00e1nek ukazuje n\u011bkter\u00e1 videa hostovan\u00e1 jinde a f\u00f3rum umo\u017e\u0148uje u\u017eivatel\u016fm sd\u00edlet obr\u00e1zky hostovan\u00e9 na jin\u00fdch webov\u00fdch str\u00e1nk\u00e1ch. Tyto obr\u00e1zky a videa poch\u00e1zej\u00ed z <code>sourceforge.net<\/code>, <code>youtube.com<\/code>, <code>dailymotion.com<\/code> a dal\u0161\u00edch webov\u00fdch server\u016f, co\u017e m\u016f\u017ee vlastn\u00edk\u016fm t\u011bchto webov\u00fdch str\u00e1nek umo\u017enit sledovat n\u00e1v\u0161t\u011bvy u\u017eivatel\u016f na webov\u00fdch str\u00e1nk\u00e1ch <code>sweethome3d.com<\/code> podle jejich uv\u00e1\u017een\u00ed.  <\/p>\n\n<p>Pro registrovan\u00e9 u\u017eivatele se data ulo\u017een\u00e1 na <code>sweethome3d.com<\/code> skl\u00e1daj\u00ed z:<\/p>\n\n<ul class=\"wp-block-list\">\n<li>informac\u00ed poskytnut\u00fdch p\u0159i registraci (minim\u00e1ln\u011b p\u0159ihla\u0161ovac\u00ed jm\u00e9no, za\u0161ifrovan\u00e9 heslo a e-mail)<\/li>\n\n\n\n<li>jejich zpr\u00e1v zve\u0159ejn\u011bn\u00fdch na <a href=\"https:\/\/www.sweethome3d.com\/support\/forum\/?lang=en\" target=\"_blank\" rel=\"noopener\">f\u00f3ru<\/a><\/li>\n\n\n\n<li>online dom\u016f, kter\u00e9 vytvo\u0159ili v <a href=\"https:\/\/wp-test-1.sweethome3d.eu\/cs\/sweet-home-3d-online-manager\/\" data-type=\"page\" data-id=\"398\">Sweet Home 3D Online<\/a> nebo exportovali v <a href=\"https:\/\/wp-test-1.sweethome3d.eu\/cs\/spravce-exportovanych-domu\/\" data-type=\"page\" data-id=\"4976\">Spr\u00e1vci exportovan\u00fdch dom\u016f<\/a>.<\/li>\n<\/ul>\n\n<p>Data dom\u016f jsou soukrom\u00e1, pokud u\u017eivatel v\u00fdslovn\u011b nesouhlas\u00ed s jejich ve\u0159ejn\u00fdm sd\u00edlen\u00edm. Ka\u017ed\u00fd u\u017eivatel m\u016f\u017ee sv\u00e1 vlastn\u00ed data z\u00edskat s\u00e1m nebo po\u017e\u00e1dat o jejich odstran\u011bn\u00ed, pokud je to pot\u0159eba, zasl\u00e1n\u00edm \u017e\u00e1dosti na <g id=\"gid_0\">info@sweethome3d.com<\/g>. Space Mushrooms zaru\u010duje, \u017ee jsou p\u0159ijata v\u0161echna nezbytn\u00e1 opat\u0159en\u00ed k zaji\u0161t\u011bn\u00ed toho, aby data u\u017eivatelsk\u00fdch dom\u016f spravovan\u00e1 pod p\u0159edchoz\u00edm vlastnictv\u00edm webov\u00fdch str\u00e1nek eTeks nebyla nikdy pou\u017eita k \u017e\u00e1dn\u00e9mu \u00fa\u010delu bez informov\u00e1n\u00ed u\u017eivatel\u016f.  <\/p>\n\n<p><strong>Aplikace distribuovan\u00e9 prost\u0159ednictv\u00edm obchod\u016f t\u0159et\u00edch stran<\/strong><br\/>Informace o u\u017eivatel\u00edch, kte\u0159\u00ed si st\u00e1hnou a nainstaluj\u00ed Sweet Home 3D nebo Sweet Home 3D Mobile z Mac App Store, App Store, Microsoft Store, Google Play nebo Amazon, jsou prim\u00e1rn\u011b spravov\u00e1ny t\u011bmito spole\u010dnostmi. Space Mushrooms nedost\u00e1v\u00e1 z t\u011bchto platforem \u017e\u00e1dn\u00e9 osobn\u011b identifikovateln\u00e9 \u00fadaje o u\u017eivatel\u00edch. <\/p>\n\n<p><strong>Analytika a sledov\u00e1n\u00ed v aplikac\u00edch<\/strong><br\/>Na\u0161e verze Sweet Home 3D pro iOS a macOS obsahuj\u00ed Firebase Analytics pro \u00fa\u010dely zlep\u0161ov\u00e1n\u00ed aplikace. Firebase Analytics shroma\u017e\u010fuje data jako anonymn\u00ed statistiky pou\u017e\u00edv\u00e1n\u00ed aplikace a hl\u00e1\u0161en\u00ed o p\u00e1dech. Tato data nejsou spojena s tvou identitou a jsou pou\u017e\u00edv\u00e1na v\u00fdhradn\u011b ke zlep\u0161en\u00ed funk\u010dnosti aplikace a u\u017eivatelsk\u00e9 zku\u0161enosti. Prost\u0159ednictv\u00edm Firebase neshroma\u017e\u010fujeme \u017e\u00e1dn\u00e9 osobn\u00ed \u00fadaje, jako jsou jm\u00e9na nebo e-maily.   <\/p>\n\n<p>V\u00edce informac\u00ed o Space Mushrooms a Sweet Home 3D najde\u0161 tak\u00e9 v <a href=\"https:\/\/wp-test-1.sweethome3d.eu\/cs\/zasady-ochrany-osobnich-udaju\/\" data-type=\"page\" data-id=\"3\">pr\u00e1vn\u00edm upozorn\u011bn\u00ed<\/a>.<\/p>\n","protected":false},"excerpt":{"rendered":"<p>Space Mushrooms, vlastn\u00edk softwaru a autorsk\u00fdch pr\u00e1v Sweet Home 3D, stejn\u011b jako webov\u00fdch str\u00e1nek sweethome3d.com, neshroma\u017e\u010fuje na webov\u00fdch str\u00e1nk\u00e1ch sweethome3d.com soukrom\u00e9 \u00fadaje, s v\u00fdjimkou u\u017eivatel\u016f registrovan\u00fdch na f\u00f3ru. Z\u00e1znamy o provozu ulo\u017een\u00e9 na serveru nejsou ve\u0159ejn\u00e9 a sweethome3d.com nezobrazuje \u017e\u00e1dnou reklamu.Nicm\u00e9n\u011b v\u011bt\u0161ina str\u00e1nek publikovan\u00fdch na webov\u00fdch str\u00e1nk\u00e1ch sweethome3d.com zobrazuje logo Sourceforge, n\u011bkolik str\u00e1nek ukazuje n\u011bkter\u00e1 [&hellip;]<\/p>\n","protected":false},"author":1,"featured_media":0,"parent":0,"menu_order":0,"comment_status":"closed","ping_status":"open","template":"","meta":{"inline_featured_image":false,"footnotes":""},"class_list":["post-11858","page","type-page","status-publish","hentry"],"_links":{"self":[{"href":"https:\/\/wp-test-1.sweethome3d.eu\/cs\/wp-json\/wp\/v2\/pages\/11858","targetHints":{"allow":["GET"]}}],"collection":[{"href":"https:\/\/wp-test-1.sweethome3d.eu\/cs\/wp-json\/wp\/v2\/pages"}],"about":[{"href":"https:\/\/wp-test-1.sweethome3d.eu\/cs\/wp-json\/wp\/v2\/types\/page"}],"author":[{"embeddable":true,"href":"https:\/\/wp-test-1.sweethome3d.eu\/cs\/wp-json\/wp\/v2\/users\/1"}],"replies":[{"embeddable":true,"href":"https:\/\/wp-test-1.sweethome3d.eu\/cs\/wp-json\/wp\/v2\/comments?post=11858"}],"version-history":[{"count":1,"href":"https:\/\/wp-test-1.sweethome3d.eu\/cs\/wp-json\/wp\/v2\/pages\/11858\/revisions"}],"predecessor-version":[{"id":11859,"href":"https:\/\/wp-test-1.sweethome3d.eu\/cs\/wp-json\/wp\/v2\/pages\/11858\/revisions\/11859"}],"wp:attachment":[{"href":"https:\/\/wp-test-1.sweethome3d.eu\/cs\/wp-json\/wp\/v2\/media?parent=11858"}],"curies":[{"name":"wp","href":"https:\/\/api.w.org\/{rel}","templated":true}]}}