{"id":5721,"date":"2025-09-18T11:52:32","date_gmt":"2025-09-18T11:52:32","guid":{"rendered":"https:\/\/wp-test-1.sweethome3d.eu\/dokumentace\/"},"modified":"2025-11-03T11:11:50","modified_gmt":"2025-11-03T11:11:50","slug":"dokumentace","status":"publish","type":"page","link":"https:\/\/wp-test-1.sweethome3d.eu\/cs\/dokumentace\/","title":{"rendered":"Dokumentace"},"content":{"rendered":"<ul class=\"simpletoc-list\">\n<li><a href=\"#uzivatelske-prirucky\">U\u017eivatelsk\u00e9 p\u0159\u00edru\u010dky<\/a>\n\n<\/li>\n<li><a href=\"#video-tutorialy\">Video tutori\u00e1ly<\/a>\n\n\n<\/li>\n\n<\/li>\n\n<\/li>\n\n<\/li>\n\n<li><a href=\"#prirucky-pro-vyvojare\">P\u0159\u00edru\u010dky pro v\u00fdvoj\u00e1\u0159e<\/a>\n\n<\/li>\n<li><a href=\"#recenze-a-oceneni\">Recenze a ocen\u011bn\u00ed<\/a>\n<\/li><\/ul>\n<p class=\"has-text-align-center\">Tato str\u00e1nka popisuje dokumentace, kter\u00e9 jsou aktu\u00e1ln\u011b dostupn\u00e9 pro <a href=\"\/\">Sweet Home 3D<\/a>.<\/p>\n<h2 class=\"wp-block-heading\" id=\"uzivatelske-prirucky\"><img loading=\"lazy\" decoding=\"async\" width=\"16\" height=\"12\" src=\"https:\/\/www.sweethome3d.com\/images\/bullet.gif\">U\u017eivatelsk\u00e9 p\u0159\u00edru\u010dky<\/h2>\n<p>U\u017eivatelsk\u00e1 p\u0159\u00edru\u010dka <a href=\"https:\/\/wp-test-1.sweethome3d.eu\/cs\/stahnout\/\" data-type=\"page\" data-id=\"396\">Sweet Home 3D<\/a> je k dispozici na <a href=\"https:\/\/wp-test-1.sweethome3d.eu\/cs\/uzivatelska-prirucka-sweet-home-3d\/\" data-type=\"page\" data-id=\"424\">t\u00e9to str\u00e1nce<\/a> a seznam kl\u00e1vesov\u00fdch zkratek v <a href=\"\/storage\/SweetHome3DShortcuts.pdf\">tomto dokumentu<\/a> (PDF).<\/p>\n\n<p><a href=\"https:\/\/wp-test-1.sweethome3d.eu\/cs\/stahnout\/\" data-type=\"page\" data-id=\"396\">Sweet Home 3D<\/a> tak\u00e9 pravideln\u011b aktualizuje <a href=\"https:\/\/wp-test-1.sweethome3d.eu\/cs\/faq\/\" data-type=\"page\" data-id=\"422\">FAQ<\/a> a nab\u00edz\u00ed kompletn\u00ed n\u00e1pov\u011bdu, kter\u00e1 je p\u0159\u00edstupn\u00e1 z polo\u017eky nab\u00eddky <em>N\u00e1pov\u011bda &gt; N\u00e1pov\u011bda Sweet Home 3D<\/em>.<\/p>\n\n<div class=\"wp-block-group is-nowrap is-layout-flex wp-container-core-group-is-layout-ad2f72ca wp-block-group-is-layout-flex\">\n<figure class=\"wp-block-image size-full\"><img loading=\"lazy\" decoding=\"async\" width=\"381\" height=\"284\" src=\"https:\/\/wp-test-1.sweethome3d.eu\/wp-content\/uploads\/2025\/10\/SweetHome3DHelp.png\" alt=\"N&#xE1;pov&#x11B;da k dokumentaci Sweet Home 3D \" class=\"wp-image-4791\" srcset=\"https:\/\/wp-test-1.sweethome3d.eu\/wp-content\/uploads\/2025\/10\/SweetHome3DHelp.png 381w, https:\/\/wp-test-1.sweethome3d.eu\/wp-content\/uploads\/2025\/10\/SweetHome3DHelp-360x268.png 360w, https:\/\/wp-test-1.sweethome3d.eu\/wp-content\/uploads\/2025\/10\/SweetHome3DHelp-174x130.png 174w\" sizes=\"auto, (max-width: 381px) 100vw, 381px\" \/><\/figure>\n<\/div>\n\n<p>M\u016f\u017eete si tak\u00e9 p\u0159e\u010d\u00edst n\u00e1sleduj\u00edc\u00ed p\u0159\u00edru\u010dky napsan\u00e9 p\u0159isp\u011bvateli:<\/p>\n\n<ul class=\"wp-block-list\">\n<li><a href=\"https:\/\/wp-test-1.sweethome3d.eu\/wp-content\/uploads\/2025\/10\/personalizedTexturesGuide.pdf\" data-type=\"attachment\" data-id=\"4801\">Jak vytvo\u0159it vlastn\u00ed textury pro Sweet Home 3D<\/a> (PDF) od Ouais, p\u0159elo\u017eil Hans Dirkse<\/li>\n\n\n\n<li><a href=\"https:\/\/wp-test-1.sweethome3d.eu\/wp-content\/uploads\/2025\/10\/multiLevelHouseGuide.pdf\" data-type=\"attachment\" data-id=\"4800\">Jak vytvo\u0159it v\u00edcepatrov\u00fd d\u016fm pomoc\u00ed Sweet Home 3D 3.3 nebo star\u0161\u00edch verz\u00ed<\/a> (PDF) od Hanse Dirkse<\/li>\n\n\n\n<li><a href=\"https:\/\/wp-test-1.sweethome3d.eu\/wp-content\/uploads\/2025\/10\/pluginsUserGuide.pdf\" data-type=\"attachment\" data-id=\"4799\">Tutori\u00e1l pro pluginy a roz\u0161\u00ed\u0159en\u00ed<\/a> (PDF) od Hanse Dirkse<\/li>\n\n\n\n<li><a href=\"https:\/\/wp-test-1.sweethome3d.eu\/wp-content\/uploads\/2025\/10\/slopingCeilingGuide.pdf\" data-type=\"attachment\" data-id=\"4798\">Tutori\u00e1l pro \u0161ikm\u00e9 stropy, st\u0159echy, vik\u00fd\u0159e a dal\u0161\u00ed<\/a> (PDF) od Hanse Dirkse<\/li>\n\n\n\n<li><a href=\"https:\/\/wp-test-1.sweethome3d.eu\/wp-content\/uploads\/2025\/10\/SVGPathMiniManualForSweetHome3D.pdf\" data-type=\"attachment\" data-id=\"4797\">Pr\u016fvodce pro v\u00fd\u0159ezy SVG cest a dal\u0161\u00ed vlastnosti n\u00e1bytku<\/a> (PDF) od OKH<\/li>\n\n\n\n<li><a href=\"https:\/\/wp-test-1.sweethome3d.eu\/cs\/tipy-a-triky\/\" data-type=\"page\" data-id=\"426\">N\u011bkolik tip\u016f v blogu Sweet Home 3D<\/a><\/li>\n<\/ul>\n<h2 class=\"wp-block-heading\" id=\"video-tutorialy\"><img loading=\"lazy\" decoding=\"async\" width=\"16\" height=\"12\" src=\"https:\/\/www.sweethome3d.com\/images\/bullet.gif\">Video tutori\u00e1ly<\/h2>\n<p>Pod\u00edvejte se na n\u00e1sleduj\u00edc\u00ed video tutori\u00e1ly, kde se dozv\u00edte, jak pou\u017e\u00edvat z\u00e1kladn\u00ed funkce Sweet Home 3D na po\u010d\u00edta\u010di a mobilu.<\/p>\n<h3 class=\"wp-block-heading\" id=\"kresleni-rostlin-a-urovni\">Kreslen\u00ed rostlin a \u00farovn\u00ed<\/h3>\n<div class=\"wp-block-group is-layout-grid wp-container-core-group-is-layout-da7a6a80 wp-block-group-is-layout-grid\">\n<figure class=\"wp-block-embed is-type-video is-provider-youtube wp-block-embed-youtube wp-embed-aspect-16-9 wp-has-aspect-ratio embed-responsive\"><div class=\"wp-block-embed__wrapper\">\n<iframe loading=\"lazy\" title=\"Sweet Home 3D Tutorial: Layer Control Walkthrough\" width=\"500\" height=\"281\" src=\"https:\/\/www.youtube.com\/embed\/7c5OMgbHFUs?feature=oembed\" frameborder=\"0\" allow=\"accelerometer; autoplay; clipboard-write; encrypted-media; gyroscope; picture-in-picture; web-share\" referrerpolicy=\"strict-origin-when-cross-origin\" allowfullscreen><\/iframe>\n<\/div><\/figure>\n\n\n\n<figure class=\"wp-block-embed is-type-video is-provider-youtube wp-block-embed-youtube wp-embed-aspect-16-9 wp-has-aspect-ratio embed-responsive\"><div class=\"wp-block-embed__wrapper\">\n<iframe loading=\"lazy\" title=\"Sweet Home 3D Tutorial - 1 Minute to create a balcony\" width=\"500\" height=\"281\" src=\"https:\/\/www.youtube.com\/embed\/dByMK7ezL7U?feature=oembed\" frameborder=\"0\" allow=\"accelerometer; autoplay; clipboard-write; encrypted-media; gyroscope; picture-in-picture; web-share\" referrerpolicy=\"strict-origin-when-cross-origin\" allowfullscreen><\/iframe>\n<\/div><\/figure>\n<\/div>\n<h3 class=\"wp-block-heading\" id=\"vkladani-a-uprava-nabytku\">Vkl\u00e1d\u00e1n\u00ed a \u00faprava n\u00e1bytku<\/h3>\n<div class=\"wp-block-group is-layout-grid wp-container-core-group-is-layout-da7a6a80 wp-block-group-is-layout-grid\">\n<figure class=\"wp-block-embed is-type-video is-provider-youtube wp-block-embed-youtube embed-responsive wp-embed-aspect-16-9 wp-has-aspect-ratio\"><div class=\"wp-block-embed__wrapper\">\n<iframe loading=\"lazy\" title=\"Sweet Home 3D Tutorial - How to customize furniture\" width=\"500\" height=\"281\" src=\"https:\/\/www.youtube.com\/embed\/5Ni5zE4q5kk?feature=oembed\" frameborder=\"0\" allow=\"accelerometer; autoplay; clipboard-write; encrypted-media; gyroscope; picture-in-picture; web-share\" referrerpolicy=\"strict-origin-when-cross-origin\" allowfullscreen><\/iframe>\n<\/div><\/figure>\n\n\n\n<figure class=\"wp-block-embed is-type-video is-provider-youtube wp-block-embed-youtube embed-responsive wp-embed-aspect-16-9 wp-has-aspect-ratio\"><div class=\"wp-block-embed__wrapper\">\n<iframe loading=\"lazy\" title=\"Sweet Home 3D Tutorial - How to create new furniture\" width=\"500\" height=\"281\" src=\"https:\/\/www.youtube.com\/embed\/4zEG8dqNy6w?feature=oembed\" frameborder=\"0\" allow=\"accelerometer; autoplay; clipboard-write; encrypted-media; gyroscope; picture-in-picture; web-share\" referrerpolicy=\"strict-origin-when-cross-origin\" allowfullscreen><\/iframe>\n<\/div><\/figure>\n\n\n\n<figure class=\"wp-block-embed is-type-video is-provider-youtube wp-block-embed-youtube embed-responsive wp-embed-aspect-16-9 wp-has-aspect-ratio\"><div class=\"wp-block-embed__wrapper\">\n<iframe loading=\"lazy\" title=\"Sweet Home 3D Tutorial - How to combine models together\" width=\"500\" height=\"281\" src=\"https:\/\/www.youtube.com\/embed\/sljp8C4WwGA?feature=oembed\" frameborder=\"0\" allow=\"accelerometer; autoplay; clipboard-write; encrypted-media; gyroscope; picture-in-picture; web-share\" referrerpolicy=\"strict-origin-when-cross-origin\" allowfullscreen><\/iframe>\n<\/div><\/figure>\n\n\n\n<figure class=\"wp-block-embed is-type-video is-provider-youtube wp-block-embed-youtube embed-responsive wp-embed-aspect-16-9 wp-has-aspect-ratio\"><div class=\"wp-block-embed__wrapper\">\n<iframe loading=\"lazy\" title=\"Sweet Home 3D Tutorial - 1 Minute to create a mirror effect\" width=\"500\" height=\"281\" src=\"https:\/\/www.youtube.com\/embed\/_Lilr9r9JvU?feature=oembed\" frameborder=\"0\" allow=\"accelerometer; autoplay; clipboard-write; encrypted-media; gyroscope; picture-in-picture; web-share\" referrerpolicy=\"strict-origin-when-cross-origin\" allowfullscreen><\/iframe>\n<\/div><\/figure>\n<\/div>\n<h3 class=\"wp-block-heading\" id=\"renderovani-fotografii-a-videi\">Renderov\u00e1n\u00ed fotografi\u00ed a vide\u00ed<\/h3>\n<div class=\"wp-block-group is-layout-grid wp-container-core-group-is-layout-da7a6a80 wp-block-group-is-layout-grid\">\n<figure class=\"wp-block-embed is-type-video is-provider-youtube wp-block-embed-youtube embed-responsive wp-embed-aspect-16-9 wp-has-aspect-ratio\"><div class=\"wp-block-embed__wrapper\">\n<iframe loading=\"lazy\" title=\"Sweet Home 3D Tutorial - How to create a video rendering\" width=\"500\" height=\"281\" src=\"https:\/\/www.youtube.com\/embed\/W_ExaiIvSHU?feature=oembed\" frameborder=\"0\" allow=\"accelerometer; autoplay; clipboard-write; encrypted-media; gyroscope; picture-in-picture; web-share\" referrerpolicy=\"strict-origin-when-cross-origin\" allowfullscreen><\/iframe>\n<\/div><\/figure>\n\n\n\n<figure class=\"wp-block-embed is-type-video is-provider-youtube wp-block-embed-youtube embed-responsive wp-embed-aspect-16-9 wp-has-aspect-ratio\"><div class=\"wp-block-embed__wrapper\">\n<iframe loading=\"lazy\" title=\"Sweet Home 3D - House with terrace video tour\" width=\"500\" height=\"281\" src=\"https:\/\/www.youtube.com\/embed\/wTnmSzyTvIs?feature=oembed\" frameborder=\"0\" allow=\"accelerometer; autoplay; clipboard-write; encrypted-media; gyroscope; picture-in-picture; web-share\" referrerpolicy=\"strict-origin-when-cross-origin\" allowfullscreen><\/iframe>\n<\/div><\/figure>\n<\/div>\n<h3 class=\"wp-block-heading\" id=\"3d-pohled\">3D pohled<\/h3>\n<div class=\"wp-block-group is-layout-grid wp-container-core-group-is-layout-da7a6a80 wp-block-group-is-layout-grid\">\n<figure class=\"wp-block-embed is-type-video is-provider-youtube wp-block-embed-youtube embed-responsive wp-embed-aspect-16-9 wp-has-aspect-ratio\"><div class=\"wp-block-embed__wrapper\">\n<iframe loading=\"lazy\" title=\"Sweet Home 3D Tutorial - 1 Minute to create a side view with dimensions\" width=\"500\" height=\"281\" src=\"https:\/\/www.youtube.com\/embed\/72Lz6qGNtr0?feature=oembed\" frameborder=\"0\" allow=\"accelerometer; autoplay; clipboard-write; encrypted-media; gyroscope; picture-in-picture; web-share\" referrerpolicy=\"strict-origin-when-cross-origin\" allowfullscreen><\/iframe>\n<\/div><\/figure>\n<\/div>\n<h3 class=\"wp-block-heading\" id=\"sweet-home-3d-mobile\">Sweet Home 3D Mobile<\/h3>\n<div class=\"wp-block-group is-layout-grid wp-container-core-group-is-layout-da7a6a80 wp-block-group-is-layout-grid\">\n<figure class=\"wp-block-embed is-type-video is-provider-youtube wp-block-embed-youtube embed-responsive wp-embed-aspect-16-9 wp-has-aspect-ratio\"><div class=\"wp-block-embed__wrapper\">\n<iframe loading=\"lazy\" title=\"Sweet Home 3D Tutorial for mobile version\" width=\"500\" height=\"281\" src=\"https:\/\/www.youtube.com\/embed\/kXd1S2xpaQk?feature=oembed\" frameborder=\"0\" allow=\"accelerometer; autoplay; clipboard-write; encrypted-media; gyroscope; picture-in-picture; web-share\" referrerpolicy=\"strict-origin-when-cross-origin\" allowfullscreen><\/iframe>\n<\/div><\/figure>\n<\/div>\n\n<p>Nav\u0161tivte tak\u00e9 <a href=\"https:\/\/www.youtube.com\/SweetHome3D\" target=\"_blank\" rel=\"noopener\">kan\u00e1l Sweet Home 3D na YouTube<\/a>, kde najdete dal\u0161\u00ed tutori\u00e1ly, a p\u0159e\u010dt\u011bte si \u010dl\u00e1nek na blogu o <a href=\"\/blog\/2016\/11\/29\/best_video_tutorials_about_sweet_home_3d.html\">nejlep\u0161\u00edch video tutori\u00e1lech<\/a>.<\/p>\n<h2 class=\"wp-block-heading\" id=\"prirucky-pro-vyvojare\">P\u0159\u00edru\u010dky pro v\u00fdvoj\u00e1\u0159e<\/h2>\n<p>Pokud chcete programovat <a href=\"https:\/\/wp-test-1.sweethome3d.eu\/cs\/pluginy-a-nastroje\/\" data-type=\"page\" data-id=\"437\">plugin<\/a> pro <a href=\"https:\/\/wp-test-1.sweethome3d.eu\/cs\/stahnout\/\" data-type=\"page\" data-id=\"396\">Sweet Home 3D<\/a>, p\u0159e\u010dt\u011bte si nejprve <a href=\"https:\/\/wp-test-1.sweethome3d.eu\/cs\/pruvodce-pro-vyvojare-pluginu\/\" data-type=\"page\" data-id=\"4964\">p\u0159\u00edru\u010dku pro v\u00fdvoj\u00e1\u0159e plugin\u016f<\/a>.<\/p>\n\n<p>Pokud hled\u00e1te informace o architektu\u0159e <a href=\"https:\/\/wp-test-1.sweethome3d.eu\/cs\/stahnout\/\" data-type=\"page\" data-id=\"396\">Sweet Home 3D<\/a>, m\u016f\u017eete si p\u0159e\u010d\u00edst:<\/p>\n\n<ul class=\"wp-block-list\">\n<li>jeho API generovan\u00e9 pomoc\u00ed javadoc, dostupn\u00e9 <a href=\"\/javadoc\/index.html\">online<\/a> nebo <a href=\"https:\/\/sourceforge.net\/projects\/sweethome3d\/files\/SweetHome3D-source\/SweetHome3D-7.5-src\/SweetHome3D-7.5-javadoc.zip\/download\" target=\"_blank\" rel=\"noopener\">ke sta\u017een\u00ed<\/a>,<\/li>\n\n\n\n<li><a href=\"https:\/\/wp-test-1.sweethome3d.eu\/cs\/pruvodce-pro-vyvojare-pluginu\/\" data-type=\"page\" data-id=\"4964\">posledn\u00ed \u010d\u00e1st p\u0159\u00edru\u010dky pro v\u00fdvoj\u00e1\u0159e plugin\u016f<\/a>, kter\u00e1 uv\u00e1d\u00ed n\u011bkter\u00e9 podrobnosti o t\u0159\u00edd\u00e1ch <a href=\"\/javadoc\/com\/eteks\/sweethome3d\/model\/package-summary.html\">modelu<\/a> Sweet Home 3D,<\/li>\n\n\n\n<li>francouzskou knihu <a href=\"https:\/\/www.eteks.com\/services\/cahierswing.html\" target=\"_blank\" rel=\"noopener\">Les cahiers du programmeur Swing<\/a>, kterou napsal Emmanuel Puybaret a vydalo nakladatelstv\u00ed Editions Eyrolles v prosinci 2006, <a href=\"\/v0.10\/SweetHome3D.jnlp\">Sweet Home 3D verze 0.10<\/a> je p\u0159\u00edpadov\u00e1 studie.<\/li>\n<\/ul>\n\n<p>Pokud chcete p\u0159elo\u017eit <a href=\"https:\/\/wp-test-1.sweethome3d.eu\/cs\/stahnout\/\" data-type=\"page\" data-id=\"396\">Sweet Home 3D<\/a> do sv\u00e9ho jazyka, p\u0159e\u010dt\u011bte si <a href=\"https:\/\/wp-test-1.sweethome3d.eu\/cs\/pruvodce-prekladem\/\" data-type=\"page\" data-id=\"5142\">p\u0159\u00edru\u010dku pro p\u0159ekladatele<\/a>.<\/p>\n<h2 class=\"wp-block-heading\" id=\"recenze-a-oceneni\">Recenze a ocen\u011bn\u00ed<\/h2>\n<p>N\u011bkter\u00e9 recenze na webu:<\/p>\n\n<ul class=\"wp-block-list\">\n<li><a href=\"https:\/\/www.softpedia.com\/reviews\/windows\/Sweet-Home-3D--Review-77686.shtml\" class=\"broken_link\" target=\"_blank\" rel=\"noopener\">M\u016f\u017eete se snadno st\u00e1t interi\u00e9rov\u00fdm design\u00e9rem!<\/a> a <a href=\"https:\/\/mac.softpedia.com\/get\/Graphics\/Sweet-Home-3D.shtml\" class=\"broken_link\" target=\"_blank\" rel=\"noopener\">Sweet Home 3D for Mac Review<\/a> na <a href=\"https:\/\/www.softpedia.com\/\" target=\"_blank\" rel=\"noopener\">Softpedia<\/a><\/li>\n\n\n\n<li><a href=\"https:\/\/www.linux.com\/news\/sweet-home-3d-simple-interior-design\/\" target=\"_blank\" rel=\"noopener\">Sweet Home 3D: jednoduch\u00fd interi\u00e9rov\u00fd design<\/a> na <a href=\"https:\/\/www.linux.com\/\" target=\"_blank\" rel=\"noopener\">linux.com<\/a><\/li>\n\n\n\n<li><a href=\"https:\/\/www.brighthub.com\/computing\/mac-platform\/reviews\/33256.aspx\" target=\"_blank\" rel=\"noopener\">Sweet Home 3D Review<\/a> na <a href=\"https:\/\/www.brighthub.com\/\" target=\"_blank\" rel=\"noopener\">Bright hub<\/a><\/li>\n\n\n\n<li><a href=\"https:\/\/linuxlock.blogspot.com\/2011\/01\/of-software-and-soffits.html\" target=\"_blank\" rel=\"noopener\">O softwaru a podhledech<\/a> na <a href=\"https:\/\/linuxlock.blogspot.com\/\" target=\"_blank\" rel=\"noopener\">blogu helios<\/a><\/li>\n\n\n\n<li><a href=\"https:\/\/www.becoming-home.com\/2008\/04\/03\/its-better-than-moving-furniture\/\" target=\"_blank\" rel=\"noopener\">Je to lep\u0161\u00ed ne\u017e st\u011bhov\u00e1n\u00ed n\u00e1bytku<\/a> na <a href=\"https:\/\/www.becoming-home.com\/\" target=\"_blank\" rel=\"noopener\">becoming home<\/a><\/li>\n\n\n\n<li><a href=\"https:\/\/www.g2.com\/\" class=\"broken_link\" target=\"_blank\" rel=\"noopener\">Vzestup amat\u00e9rsk\u00e9ho architekta<\/a> na <a href=\"https:\/\/ragnvald.medium.com\/\" class=\"broken_link\" target=\"_blank\" rel=\"noopener\">blogu Ragnvalda Larsena<\/a><\/li>\n\n\n\n<li><a href=\"https:\/\/svedic.org\/personal\/free-interior-design-with-sweet-home-3d-and-sketchup\" target=\"_blank\" rel=\"noopener\">Interi\u00e9rov\u00fd design zdarma s Sweet Home 3D a SketchUp<\/a> na <a href=\"https:\/\/svedic.org\/\" target=\"_blank\" rel=\"noopener\">blogu Svedic<\/a><\/li>\n\n\n\n<li><a href=\"https:\/\/3djunkfair.blogspot.co.at\/\" target=\"_blank\" rel=\"noopener\">My 3D Junk Fair<\/a> blog, kde Leonhard Grugl sd\u00edl\u00ed sv\u00e9 poznatky o Sweet Home 3D<\/li>\n\n\n\n<li><a href=\"https:\/\/listoffreeware.com\/best-free-3d-floor-plan-software-windows\/\" target=\"_blank\" rel=\"noopener\">5 nejlep\u0161\u00edch bezplatn\u00fdch program\u016f pro 3D p\u016fdorysy pro Windows<\/a> na <a href=\"https:\/\/listoffreeware.com\/\" target=\"_blank\" rel=\"noopener\">List of freeware<\/a><\/li>\n\n\n\n<li><a href=\"https:\/\/sourceforge.net\/projects\/sweethome3d\/reviews\/\" target=\"_blank\" rel=\"noopener\">U\u017eivatelsk\u00e9 recenze<\/a> na <a href=\"https:\/\/sourceforge.net\/\" class=\"broken_link\" target=\"_blank\" rel=\"noopener\">SourceForge.net<\/a><\/li>\n<\/ul>\n\n<p>Recenze v tisku:<\/p>\n\n<ul class=\"wp-block-list\">\n<li><a href=\"https:\/\/www.linuxpromagazine.com\/issues\/2008\/95\/projects_on_the_move\" target=\"_blank\" rel=\"noopener\">Projekty v pohybu<\/a>, ve vyd\u00e1n\u00ed <a href=\"https:\/\/www.linuxpromagazine.com\/issues\/2008\/95\" target=\"_blank\" rel=\"noopener\">#95 \u010dasopisu Linux Pro Magazine<\/a> (\u0159\u00edjen 2008)<\/li>\n<\/ul>\n\n<p>Pod\u00edvejte se tak\u00e9 na recenze ve <a href=\"https:\/\/wp-test-1.sweethome3d.eu\/cs\/dokumentace\/\" data-type=\"page\" data-id=\"418\">francouz\u0161tin\u011b<\/a>, <a href=\"https:\/\/wp-test-1.sweethome3d.eu\/cs\/dokumentace\/\" data-type=\"page\" data-id=\"418\">n\u011bm\u010din\u011b<\/a>, <a href=\"https:\/\/wp-test-1.sweethome3d.eu\/cs\/dokumentace\/\" data-type=\"page\" data-id=\"418\">\u0161pan\u011bl\u0161tin\u011b<\/a> a <a href=\"https:\/\/wp-test-1.sweethome3d.eu\/cs\/dokumentace\/\" data-type=\"page\" data-id=\"418\">ru\u0161tin\u011b<\/a>.<\/p>\n\n<hr class=\"wp-block-separator has-text-color has-white-color has-alpha-channel-opacity has-white-background-color has-background is-style-default\" \/>\n\n<div class=\"wp-block-group is-content-justification-center is-nowrap is-layout-flex wp-container-core-group-is-layout-94bc23d7 wp-block-group-is-layout-flex\">\n<figure class=\"wp-block-image size-full\"><a href=\"https:\/\/www.softpedia.com\/reviews\/mac\/Sweet-Home-3D--Review-77686.shtml\" class=\"broken_link\" target=\"_blank\" rel=\"noopener\"><img loading=\"lazy\" decoding=\"async\" width=\"157\" height=\"100\" src=\"https:\/\/wp-test-1.sweethome3d.eu\/wp-content\/uploads\/2025\/10\/softpediaAward.png\" alt=\"\" class=\"wp-image-4814\" \/><\/a><\/figure>\n\n\n\n<figure class=\"wp-block-image size-full\"><a href=\"https:\/\/sweet-home-3d.en.softonic.com\/\" target=\"_blank\" rel=\"noopener\"><img loading=\"lazy\" decoding=\"async\" width=\"167\" height=\"99\" src=\"https:\/\/wp-test-1.sweethome3d.eu\/wp-content\/uploads\/2025\/10\/softonicEditorChoice.png\" alt=\"\" class=\"wp-image-4815\" \/><\/a><\/figure>\n\n\n\n<figure class=\"wp-block-image size-full\"><a href=\"https:\/\/sweet-home-3d.software.informer.com\/\" target=\"_blank\" rel=\"noopener\"><img loading=\"lazy\" decoding=\"async\" width=\"170\" height=\"170\" src=\"https:\/\/wp-test-1.sweethome3d.eu\/wp-content\/uploads\/2025\/10\/si-award-epick5.png\" alt=\"\" class=\"wp-image-4816\" srcset=\"https:\/\/wp-test-1.sweethome3d.eu\/wp-content\/uploads\/2025\/10\/si-award-epick5.png 170w, https:\/\/wp-test-1.sweethome3d.eu\/wp-content\/uploads\/2025\/10\/si-award-epick5-130x130.png 130w\" sizes=\"auto, (max-width: 170px) 100vw, 170px\" \/><\/a><\/figure>\n\n\n\n<figure class=\"wp-block-image size-full\"><a href=\"https:\/\/maddownload.com\/education-hobby\/sweet-home-3d\/\" target=\"_blank\" rel=\"noopener\"><img loading=\"lazy\" decoding=\"async\" width=\"150\" height=\"150\" src=\"https:\/\/wp-test-1.sweethome3d.eu\/wp-content\/uploads\/2025\/10\/maddownload_editors_choice_transparent-150x150-1-150x150-1.png\" alt=\"\" class=\"wp-image-4817\" srcset=\"https:\/\/wp-test-1.sweethome3d.eu\/wp-content\/uploads\/2025\/10\/maddownload_editors_choice_transparent-150x150-1-150x150-1.png 150w, https:\/\/wp-test-1.sweethome3d.eu\/wp-content\/uploads\/2025\/10\/maddownload_editors_choice_transparent-150x150-1-150x150-1-130x130.png 130w\" sizes=\"auto, (max-width: 150px) 100vw, 150px\" \/><\/a><\/figure>\n\n\n\n<figure class=\"wp-block-image size-full\"><a href=\"https:\/\/sweet-home-3d.findmysoft.com\/\" class=\"broken_link\" target=\"_blank\" rel=\"noopener\"><img loading=\"lazy\" decoding=\"async\" width=\"158\" height=\"57\" src=\"https:\/\/wp-test-1.sweethome3d.eu\/wp-content\/uploads\/2025\/10\/review2_5_Sweet-Home-3D_award.png\" alt=\"\" class=\"wp-image-4818\" \/><\/a><\/figure>\n<\/div>\n","protected":false},"excerpt":{"rendered":"<p>Tato str\u00e1nka popisuje dokumentace, kter\u00e9 jsou aktu\u00e1ln\u011b dostupn\u00e9 pro Sweet Home 3D. U\u017eivatelsk\u00e9 p\u0159\u00edru\u010dky U\u017eivatelsk\u00e1 p\u0159\u00edru\u010dka Sweet Home 3D je k dispozici na t\u00e9to str\u00e1nce a seznam kl\u00e1vesov\u00fdch zkratek v tomto dokumentu (PDF). Sweet Home 3D tak\u00e9 pravideln\u011b aktualizuje FAQ a nab\u00edz\u00ed kompletn\u00ed n\u00e1pov\u011bdu, kter\u00e1 je p\u0159\u00edstupn\u00e1 z polo\u017eky nab\u00eddky N\u00e1pov\u011bda &gt; N\u00e1pov\u011bda Sweet Home [&hellip;]<\/p>\n","protected":false},"author":2,"featured_media":6248,"parent":0,"menu_order":0,"comment_status":"closed","ping_status":"closed","template":"","meta":{"inline_featured_image":false,"footnotes":""},"class_list":["post-5721","page","type-page","status-publish","has-post-thumbnail","hentry"],"_links":{"self":[{"href":"https:\/\/wp-test-1.sweethome3d.eu\/cs\/wp-json\/wp\/v2\/pages\/5721","targetHints":{"allow":["GET"]}}],"collection":[{"href":"https:\/\/wp-test-1.sweethome3d.eu\/cs\/wp-json\/wp\/v2\/pages"}],"about":[{"href":"https:\/\/wp-test-1.sweethome3d.eu\/cs\/wp-json\/wp\/v2\/types\/page"}],"author":[{"embeddable":true,"href":"https:\/\/wp-test-1.sweethome3d.eu\/cs\/wp-json\/wp\/v2\/users\/2"}],"replies":[{"embeddable":true,"href":"https:\/\/wp-test-1.sweethome3d.eu\/cs\/wp-json\/wp\/v2\/comments?post=5721"}],"version-history":[{"count":8,"href":"https:\/\/wp-test-1.sweethome3d.eu\/cs\/wp-json\/wp\/v2\/pages\/5721\/revisions"}],"predecessor-version":[{"id":11466,"href":"https:\/\/wp-test-1.sweethome3d.eu\/cs\/wp-json\/wp\/v2\/pages\/5721\/revisions\/11466"}],"wp:featuredmedia":[{"embeddable":true,"href":"https:\/\/wp-test-1.sweethome3d.eu\/cs\/wp-json\/wp\/v2\/media\/6248"}],"wp:attachment":[{"href":"https:\/\/wp-test-1.sweethome3d.eu\/cs\/wp-json\/wp\/v2\/media?parent=5721"}],"curies":[{"name":"wp","href":"https:\/\/api.w.org\/{rel}","templated":true}]}}