{"id":6192,"date":"2025-09-19T09:07:08","date_gmt":"2025-09-19T09:07:08","guid":{"rendered":"https:\/\/wp-test-1.sweethome3d.eu\/dary\/"},"modified":"2025-11-11T14:40:07","modified_gmt":"2025-11-11T14:40:07","slug":"dary","status":"publish","type":"page","link":"https:\/\/wp-test-1.sweethome3d.eu\/cs\/dary\/","title":{"rendered":"Dary"},"content":{"rendered":"\n<p class=\"has-text-align-center\"><a href=\"\/\" data-action=\"wce_test\">Sweet Home 3D<\/a> v\u00e1m \u00fasp\u011b\u0161n\u011b pomohl s va\u0161\u00edm projektem?<br\/>L\u00edb\u00ed se v\u00e1m podpora nab\u00edzen\u00e1 na tomto webu?<br\/>Oce\u0148ujete absenci reklam na tomto webu?<\/p>\n\n<p class=\"has-text-align-center\">Tak nev\u00e1hejte d\u00e9le! Pomozte <a href=\"https:\/\/wp-test-1.sweethome3d.eu\/cs\/stahnout\/\" data-type=\"page\" data-id=\"396\" data-action=\"wce_test\">Sweet Home 3D<\/a> a p\u0159isp\u011bjte na tento projekt.<br\/>Bude to velmi ocen\u011bno. <\/p>\n\n<p class=\"has-text-align-center\">Sta\u010d\u00ed zadat \u010d\u00e1stku va\u0161eho daru n\u00ed\u017ee<br\/>a kliknout na tla\u010d\u00edtko <em>Darovat<\/em> na Paypalu.<\/p>\n\n\n\t<div id=\"donate-button-container\" style=\"text-align:center; margin:2rem 0;\">\n\t\t<div id=\"donate-button\"><\/div>\n\t\t<script src=\"https:\/\/www.paypalobjects.com\/donate\/sdk\/donate-sdk.js\" charset=\"UTF-8\"><\/script>\n\t\t<script>\n\t\t\tPayPal.Donation.Button({\n\t\t\t\tenv: 'production',\n\t\t\t\thosted_button_id: 'Q2F4V9B6WMY7N',\n\t\t\t\timage: {\n\t\t\t\t\tsrc: 'https:\/\/wp-test-1.sweethome3d.eu\/wp-content\/themes\/sh3d\/assets\/img\/paypal\/btn_donateCC_LG_en_US.gif',\n\t\t\t\t\talt: 'Donate with PayPal button',\n\t\t\t\t\ttitle: 'PayPal - The safer, easier way to pay online!'\n\t\t\t\t}\n\t\t\t}).render('#donate-button');\n\t\t<\/script>\n\t<\/div>\n\n\t\n","protected":false},"excerpt":{"rendered":"<p>Sweet Home 3D v\u00e1m \u00fasp\u011b\u0161n\u011b pomohl s va\u0161\u00edm projektem?L\u00edb\u00ed se v\u00e1m podpora nab\u00edzen\u00e1 na tomto webu?Oce\u0148ujete absenci reklam na tomto webu? Tak nev\u00e1hejte d\u00e9le! Pomozte Sweet Home 3D a p\u0159isp\u011bjte na tento projekt.Bude to velmi ocen\u011bno. Sta\u010d\u00ed zadat \u010d\u00e1stku va\u0161eho daru n\u00ed\u017eea kliknout na tla\u010d\u00edtko Darovat na Paypalu.<\/p>\n","protected":false},"author":2,"featured_media":0,"parent":0,"menu_order":0,"comment_status":"closed","ping_status":"closed","template":"","meta":{"inline_featured_image":false,"footnotes":""},"class_list":["post-6192","page","type-page","status-publish","hentry"],"_links":{"self":[{"href":"https:\/\/wp-test-1.sweethome3d.eu\/cs\/wp-json\/wp\/v2\/pages\/6192","targetHints":{"allow":["GET"]}}],"collection":[{"href":"https:\/\/wp-test-1.sweethome3d.eu\/cs\/wp-json\/wp\/v2\/pages"}],"about":[{"href":"https:\/\/wp-test-1.sweethome3d.eu\/cs\/wp-json\/wp\/v2\/types\/page"}],"author":[{"embeddable":true,"href":"https:\/\/wp-test-1.sweethome3d.eu\/cs\/wp-json\/wp\/v2\/users\/2"}],"replies":[{"embeddable":true,"href":"https:\/\/wp-test-1.sweethome3d.eu\/cs\/wp-json\/wp\/v2\/comments?post=6192"}],"version-history":[{"count":3,"href":"https:\/\/wp-test-1.sweethome3d.eu\/cs\/wp-json\/wp\/v2\/pages\/6192\/revisions"}],"predecessor-version":[{"id":12805,"href":"https:\/\/wp-test-1.sweethome3d.eu\/cs\/wp-json\/wp\/v2\/pages\/6192\/revisions\/12805"}],"wp:attachment":[{"href":"https:\/\/wp-test-1.sweethome3d.eu\/cs\/wp-json\/wp\/v2\/media?parent=6192"}],"curies":[{"name":"wp","href":"https:\/\/api.w.org\/{rel}","templated":true}]}}