{"id":6457,"date":"2025-09-18T11:00:31","date_gmt":"2025-09-18T11:00:31","guid":{"rendered":"https:\/\/wp-test-1.sweethome3d.eu\/sweet-home-3d-online-manager\/"},"modified":"2025-11-07T13:09:14","modified_gmt":"2025-11-07T13:09:14","slug":"sweet-home-3d-online-manager","status":"publish","type":"page","link":"https:\/\/wp-test-1.sweethome3d.eu\/cs\/sweet-home-3d-online-manager\/","title":{"rendered":"Sweet Home 3D Online Manager"},"content":{"rendered":"<h2 class=\"wp-block-heading has-text-align-center\" id=\"navrhni-svuj-domov-primo-v-prohlizeci\">Navrhni sv\u016fj domov p\u0159\u00edmo v prohl\u00ed\u017ee\u010di<\/h2><h3 class=\"wp-block-heading has-text-align-center\" id=\"vyzkousej-sweet-home-3d-js-online-jako-demo-verzi\">Vyzkou\u0161ej Sweet Home 3D JS Online jako demo verzi<\/h3><div class=\"wp-block-image\">\n<figure class=\"aligncenter size-full\"><img loading=\"lazy\" decoding=\"async\" width=\"128\" height=\"74\" src=\"https:\/\/wp-test-1.sweethome3d.eu\/wp-content\/uploads\/2025\/09\/smartphoneTabletComputer.png\" alt=\"\" class=\"wp-image-496\"\/><\/figure>\n<\/div>\n<p class=\"has-text-align-center\"><strong>Sweet Home 3D Online Manager<\/strong> je v\u00fdkonn\u00e1 <strong>slu\u017eba pro interi\u00e9rov\u00fd design<\/strong>, kter\u00e1 ti umo\u017e\u0148uje navrhnout <strong>pl\u00e1n domu<\/strong> online p\u0159\u00edmo z prohl\u00ed\u017ee\u010de, bez nutnosti instalace. Online verze nab\u00edz\u00ed mo\u017enost vyzkou\u0161et Sweet Home 3D p\u0159ed jeho sta\u017een\u00edm. <\/p>\n\n<p class=\"has-text-align-center\"><a href=\"https:\/\/www.sweethome3d.com\/SweetHome3DJSOnline.jsp\" data-type=\"link\" data-id=\"https:\/\/www.sweethome3d.com\/SweetHome3DJSOnline.jsp\" data-action=\"wce_online_testonline_hyperlink\" target=\"_blank\" rel=\"noopener\">Vyzkou\u0161ej Sweet Home 3D JS Online jako demo verzi<\/a><\/p>\n\n<p class=\"has-text-align-center\">Pokud pou\u017e\u00edv\u00e1\u0161 verzi Sweet Home 3D dostupnou ke <a href=\"https:\/\/wp-test-1.sweethome3d.eu\/cs\/stahnout\/\" data-type=\"page\" data-id=\"396\">sta\u017een\u00ed<\/a>, m\u016f\u017ee\u0161 tak\u00e9 <a href=\"https:\/\/wp-test-1.sweethome3d.eu\/cs\/uzivatelska-prirucka-sweet-home-3d\/#importing-home-blueprint\" data-type=\"link\" data-id=\"https:\/\/wp-test-1.sweethome3d.eu\/users-guide\/#importing-home-blueprint\">importovat<\/a> soubor domova, kter\u00fd jsi navrhl, <a href=\"https:\/\/wp-test-1.sweethome3d.eu\/cs\/uzivatelska-prirucka-sweet-home-3d\/#editing-3d-view\" data-type=\"link\" data-id=\"https:\/\/wp-test-1.sweethome3d.eu\/users-guide\/#editing-3d-view\">zobrazit ho ve 2D \/ 3D<\/a>, upravit ho a <a href=\"https:\/\/wp-test-1.sweethome3d.eu\/cs\/uzivatelska-prirucka-sweet-home-3d\/#export-to-obj-format\" data-type=\"link\" data-id=\"https:\/\/wp-test-1.sweethome3d.eu\/users-guide\/#export-to-obj-format\">exportovat<\/a> pomoc\u00ed tohoto n\u00e1stroje \u2014 co\u017e z n\u011bj d\u011bl\u00e1 pohodln\u00fd <strong>gener\u00e1tor p\u016fdorys\u016f<\/strong> a <strong>software pro kreslen\u00ed interi\u00e9r\u016f<\/strong>.<\/p>\n\n<p class=\"has-text-align-center\"><a href=\"#download\" data-type=\"internal\" data-id=\"#download\">St\u00e1hni si plnou verzi<\/a> pro p\u0159\u00edstup k v\u00edce ne\u017e 10\u00a0000 <a href=\"https:\/\/wp-test-1.sweethome3d.eu\/cs\/import-modelu-ve-sweet-home-3d-pridej-vlastni-3d-nabytek-a-objekty\/\" data-type=\"page\" data-id=\"432\">3D model\u016fm<\/a>, 400 <a href=\"https:\/\/wp-test-1.sweethome3d.eu\/cs\/import-textur\/\" data-type=\"page\" data-id=\"4928\">textur\u00e1m<\/a> a mo\u017enost p\u0159idat unik\u00e1tn\u00ed funkce pro skute\u010dn\u011b p\u0159izp\u016fsoben\u00fd <a href=\"https:\/\/wp-test-1.sweethome3d.eu\/cs\/uzivatelska-prirucka-sweet-home-3d\/#starting-a-new-home\" data-type=\"link\" data-id=\"https:\/\/wp-test-1.sweethome3d.eu\/users-guide\/#starting-a-new-home\">designov\u00fd z\u00e1\u017eitek.<\/a><\/p>\n\n<div class=\"wp-block-buttons is-content-justification-center is-layout-flex wp-container-core-buttons-is-layout-16018d1d wp-block-buttons-is-layout-flex\">\n<div class=\"wp-block-button\" data-page=\"online\" data-append-os=\"true\"><a class=\"wp-block-button__link wp-element-button\" href=\"#download\"><img loading=\"lazy\" decoding=\"async\" width=\"21\" height=\"21\" class=\"wp-image-390\" style=\"width: 21px;\" src=\"http:\/\/wp-test-1.sweethome3d.eu\/wp-content\/uploads\/2025\/09\/download-bottom.svg\" alt=\"\"\/> St\u00e1hn\u011bte si Sweet Home 3D<\/a><\/div>\n<\/div>\n<h3 class=\"wp-block-heading has-text-align-center\" id=\"jak-pouzivat-sweet-home-3d-js-online\">Jak pou\u017e\u00edvat Sweet Home 3D JS online<\/h3>\n<p class=\"has-text-align-center\"><strong>Sweet Home 3D Online Manager<\/strong> je slu\u017eba, kter\u00e1 ti umo\u017e\u0148uje navrhovat <strong>p\u016fdorysy dom\u016f<\/strong> online s jak\u00fdmkoli prohl\u00ed\u017ee\u010dem kompatibiln\u00edm s <a href=\"https:\/\/caniuse.com\/webgl\" target=\"_blank\" rel=\"noopener\">WebGL<\/a>.<\/p>\n\n<p class=\"has-text-align-center\">M\u016f\u017ee\u0161 vyzkou\u0161et tuto slu\u017ebu kliknut\u00edm na odkaz n\u00ed\u017ee, ale pokud chce\u0161 b\u00fdt schopen <strong>ulo\u017eit<\/strong> sv\u016fj n\u00e1vrh, nejprve se <a href=\"https:\/\/www.sweethome3d.com\/support\/forum\/registermember\" target=\"_blank\" rel=\"noopener\">zaregistruj<\/a> zdarma a pak se <a href=\"https:\/\/www.sweethome3d.com\/support\/forum\/login?url=https%3A%2F%2Fwww.sweethome3d.com%2FSweetHome3DOnlineManager.jsp&amp;forumLogin=false&amp;lang=en\" target=\"_blank\" rel=\"noopener\">p\u0159ihlas<\/a>.<\/p>\n<div class=\"wp-block-image\">\n<figure class=\"aligncenter size-large is-resized\" data-action=\"wce_online_picture\"><img loading=\"lazy\" decoding=\"async\" width=\"1024\" height=\"768\" src=\"https:\/\/wp-test-1.sweethome3d.eu\/wp-content\/uploads\/2025\/09\/SweetHome3DJSOnlineWindows-1024x768.jpg\" alt=\"Sweet Home 3D Online Manager\" class=\"wp-image-498\" style=\"width:600px\" srcset=\"https:\/\/wp-test-1.sweethome3d.eu\/wp-content\/uploads\/2025\/09\/SweetHome3DJSOnlineWindows-1024x768.jpg 1024w, https:\/\/wp-test-1.sweethome3d.eu\/wp-content\/uploads\/2025\/09\/SweetHome3DJSOnlineWindows-173x130.jpg 173w, https:\/\/wp-test-1.sweethome3d.eu\/wp-content\/uploads\/2025\/09\/SweetHome3DJSOnlineWindows-360x270.jpg 360w, https:\/\/wp-test-1.sweethome3d.eu\/wp-content\/uploads\/2025\/09\/SweetHome3DJSOnlineWindows-768x576.jpg 768w, https:\/\/wp-test-1.sweethome3d.eu\/wp-content\/uploads\/2025\/09\/SweetHome3DJSOnlineWindows-400x300.jpg 400w, https:\/\/wp-test-1.sweethome3d.eu\/wp-content\/uploads\/2025\/09\/SweetHome3DJSOnlineWindows-120x90.jpg 120w, https:\/\/wp-test-1.sweethome3d.eu\/wp-content\/uploads\/2025\/09\/SweetHome3DJSOnlineWindows.jpg 1200w\" sizes=\"auto, (max-width: 1024px) 100vw, 1024px\" \/><\/figure>\n<\/div>","protected":false},"excerpt":{"rendered":"<p>Navrhni sv\u016fj domov p\u0159\u00edmo v prohl\u00ed\u017ee\u010di Vyzkou\u0161ej Sweet Home 3D JS Online jako demo verzi Sweet Home 3D Online Manager je v\u00fdkonn\u00e1 slu\u017eba pro interi\u00e9rov\u00fd design, kter\u00e1 ti umo\u017e\u0148uje navrhnout pl\u00e1n domu online p\u0159\u00edmo z prohl\u00ed\u017ee\u010de, bez nutnosti instalace. Online verze nab\u00edz\u00ed mo\u017enost vyzkou\u0161et Sweet Home 3D p\u0159ed jeho sta\u017een\u00edm. Vyzkou\u0161ej Sweet Home 3D JS [&hellip;]<\/p>\n","protected":false},"author":2,"featured_media":6456,"parent":0,"menu_order":0,"comment_status":"closed","ping_status":"closed","template":"","meta":{"inline_featured_image":false,"footnotes":""},"class_list":["post-6457","page","type-page","status-publish","has-post-thumbnail","hentry"],"_links":{"self":[{"href":"https:\/\/wp-test-1.sweethome3d.eu\/cs\/wp-json\/wp\/v2\/pages\/6457","targetHints":{"allow":["GET"]}}],"collection":[{"href":"https:\/\/wp-test-1.sweethome3d.eu\/cs\/wp-json\/wp\/v2\/pages"}],"about":[{"href":"https:\/\/wp-test-1.sweethome3d.eu\/cs\/wp-json\/wp\/v2\/types\/page"}],"author":[{"embeddable":true,"href":"https:\/\/wp-test-1.sweethome3d.eu\/cs\/wp-json\/wp\/v2\/users\/2"}],"replies":[{"embeddable":true,"href":"https:\/\/wp-test-1.sweethome3d.eu\/cs\/wp-json\/wp\/v2\/comments?post=6457"}],"version-history":[{"count":7,"href":"https:\/\/wp-test-1.sweethome3d.eu\/cs\/wp-json\/wp\/v2\/pages\/6457\/revisions"}],"predecessor-version":[{"id":12652,"href":"https:\/\/wp-test-1.sweethome3d.eu\/cs\/wp-json\/wp\/v2\/pages\/6457\/revisions\/12652"}],"wp:featuredmedia":[{"embeddable":true,"href":"https:\/\/wp-test-1.sweethome3d.eu\/cs\/wp-json\/wp\/v2\/media\/6456"}],"wp:attachment":[{"href":"https:\/\/wp-test-1.sweethome3d.eu\/cs\/wp-json\/wp\/v2\/media?parent=6457"}],"curies":[{"name":"wp","href":"https:\/\/api.w.org\/{rel}","templated":true}]}}