{"id":8632,"date":"2025-09-18T11:52:42","date_gmt":"2025-09-18T11:52:42","guid":{"rendered":"https:\/\/wp-test-1.sweethome3d.eu\/funkce-sweet-home-3d\/"},"modified":"2025-11-03T16:32:17","modified_gmt":"2025-11-03T16:32:17","slug":"funkce-sweet-home-3d","status":"publish","type":"page","link":"https:\/\/wp-test-1.sweethome3d.eu\/cs\/funkce-sweet-home-3d\/","title":{"rendered":"Funkce Sweet Home 3D"},"content":{"rendered":"<h2 class=\"wp-block-heading has-text-align-center\" id=\"objevte-hlavni-funkce-ktere-nabizi-sweet-home-3d\">Objevte hlavn\u00ed funkce, kter\u00e9 nab\u00edz\u00ed Sweet Home 3D<\/h2>\n<p class=\"has-text-align-center\">Objevte hlavn\u00ed funkce, kter\u00e9 nab\u00edz\u00ed <strong><a href=\"https:\/\/wp-test-1.sweethome3d.eu\/cs\/stahnout\/\" data-type=\"page\" data-id=\"396\">Sweet Home 3D<\/a><\/strong>,<br\/>bezplatn\u00e1 aplikace pro interi\u00e9rov\u00fd design dostupn\u00e1 na <a href=\"https:\/\/www.sweethome3d.com\/\" target=\"_blank\" rel=\"noopener\">https:\/\/www.sweethome3d.com<\/a>.<\/p>\n\n<p class=\"has-text-align-center\">Sweet Home 3D je v\u00fdkonn\u00fd a u\u017eivatelsky p\u0159\u00edv\u011btiv\u00fd software pro interi\u00e9rov\u00fd design, kter\u00fd ti pom\u016f\u017ee snadno vytv\u00e1\u0159et detailn\u00ed p\u016fdorysy dom\u016f a stylov\u00e9 n\u00e1pady pro interi\u00e9ry. A\u0165 u\u017e jsi profesion\u00e1ln\u00ed interi\u00e9rov\u00fd design\u00e9r nebo si jen chce\u0161 vyzkou\u0161et n\u00e1pady na pokoje, tento n\u00e1stroj m\u00e1 v\u0161echny funkce, kter\u00e9 ti pomohou efektivn\u011b navrhovat dispozice dom\u016f. <\/p>\n<div class=\"wp-block-image\">\n<figure class=\"aligncenter size-full\"><img loading=\"lazy\" decoding=\"async\" width=\"393\" height=\"266\" src=\"https:\/\/wp-test-1.sweethome3d.eu\/wp-content\/uploads\/2025\/09\/SweetHome3DSmall.jpg\" alt=\"Funkce Sweet Home 3D\" class=\"wp-image-501\" srcset=\"https:\/\/wp-test-1.sweethome3d.eu\/wp-content\/uploads\/2025\/09\/SweetHome3DSmall.jpg 393w, https:\/\/wp-test-1.sweethome3d.eu\/wp-content\/uploads\/2025\/09\/SweetHome3DSmall-192x130.jpg 192w, https:\/\/wp-test-1.sweethome3d.eu\/wp-content\/uploads\/2025\/09\/SweetHome3DSmall-360x244.jpg 360w, https:\/\/wp-test-1.sweethome3d.eu\/wp-content\/uploads\/2025\/09\/SweetHome3DSmall-133x90.jpg 133w\" sizes=\"auto, (max-width: 393px) 100vw, 393px\" \/><\/figure>\n<\/div>\n<div style=\"height:50px\" aria-hidden=\"true\" class=\"wp-block-spacer\"><\/div>\n<h3 class=\"wp-block-heading has-text-align-center\" id=\"kresleni-zdi-a-vytvareni-presnych-pudorysu\">Kreslen\u00ed zd\u00ed a vytv\u00e1\u0159en\u00ed p\u0159esn\u00fdch p\u016fdorys\u016f<\/h3>\n<hr class=\"wp-block-separator has-alpha-channel-opacity is-style-default\"\/>\n\n<div class=\"wp-block-group is-nowrap is-layout-flex wp-container-core-group-is-layout-ad2f72ca wp-block-group-is-layout-flex\">\n<div class=\"wp-block-group is-nowrap is-layout-flex wp-container-core-group-is-layout-ad2f72ca wp-block-group-is-layout-flex\">\n<p><strong>Kresli <\/strong>rovn\u00e9, kulat\u00e9 nebo \u0161ikm\u00e9 <strong><a href=\"https:\/\/wp-test-1.sweethome3d.eu\/cs\/uzivatelska-prirucka-sweet-home-3d\/#drawing-walls\" data-type=\"link\" data-id=\"https:\/\/wp-test-1.sweethome3d.eu\/users-guide\/#drawing-walls\">zdi<\/a><\/strong> s p\u0159esn\u00fdmi rozm\u011bry pomoc\u00ed my\u0161i nebo kl\u00e1vesnice.<\/p>\n<\/div>\n\n\n\n<figure class=\"wp-block-image size-full is-resized\"><img loading=\"lazy\" decoding=\"async\" width=\"275\" height=\"100\" src=\"https:\/\/wp-test-1.sweethome3d.eu\/wp-content\/uploads\/2025\/09\/drawWalls.png\" alt=\"\" class=\"wp-image-504\" style=\"width:275px\" srcset=\"https:\/\/wp-test-1.sweethome3d.eu\/wp-content\/uploads\/2025\/09\/drawWalls.png 275w, https:\/\/wp-test-1.sweethome3d.eu\/wp-content\/uploads\/2025\/09\/drawWalls-248x90.png 248w\" sizes=\"auto, (max-width: 275px) 100vw, 275px\" \/><\/figure>\n<\/div>\n\n<hr class=\"wp-block-separator has-alpha-channel-opacity\"\/>\n\n<div class=\"wp-block-group is-nowrap is-layout-flex wp-container-core-group-is-layout-ad2f72ca wp-block-group-is-layout-flex\">\n<figure class=\"wp-block-image size-full is-resized\"><img loading=\"lazy\" decoding=\"async\" width=\"275\" height=\"100\" src=\"https:\/\/wp-test-1.sweethome3d.eu\/wp-content\/uploads\/2025\/09\/annotate.png\" alt=\"\" class=\"wp-image-505\" style=\"width:275px\" srcset=\"https:\/\/wp-test-1.sweethome3d.eu\/wp-content\/uploads\/2025\/09\/annotate.png 275w, https:\/\/wp-test-1.sweethome3d.eu\/wp-content\/uploads\/2025\/09\/annotate-248x90.png 248w\" sizes=\"auto, (max-width: 275px) 100vw, 275px\" \/><\/figure>\n\n\n\n<p><strong>Opat\u0159i p\u016fdorys pozn\u00e1mkami <\/strong>s <a href=\"https:\/\/wp-test-1.sweethome3d.eu\/cs\/uzivatelska-prirucka-sweet-home-3d\/#drawing-rooms\" data-type=\"link\" data-id=\"https:\/\/wp-test-1.sweethome3d.eu\/users-guide\/#drawing-rooms\">plochami m\u00edstnost\u00ed<\/a>, <a href=\"https:\/\/wp-test-1.sweethome3d.eu\/cs\/uzivatelska-prirucka-sweet-home-3d\/#drawing-dimensions\">k\u00f3tovac\u00edmi \u010darami<\/a>, <a href=\"https:\/\/wp-test-1.sweethome3d.eu\/cs\/uzivatelska-prirucka-sweet-home-3d\/#adding-texts\" data-type=\"link\" data-id=\"https:\/\/wp-test-1.sweethome3d.eu\/users-guide\/#adding-texts\">texty<\/a>, \u0161ipkami a uka\u017e sm\u011br severu pomoc\u00ed v\u011btrn\u00e9 r\u016f\u017eice.<\/p>\n<\/div>\n<h3 class=\"wp-block-heading has-text-align-center\" id=\"vkladani-dveri-oken-nabytku-a-prizpusobeni-kazde-mistnosti\">Vkl\u00e1d\u00e1n\u00ed dve\u0159\u00ed, oken, n\u00e1bytku a p\u0159izp\u016fsoben\u00ed ka\u017ed\u00e9 m\u00edstnosti<\/h3>\n<hr class=\"wp-block-separator has-alpha-channel-opacity\"\/>\n\n<div class=\"wp-block-group is-nowrap is-layout-flex wp-container-core-group-is-layout-ad2f72ca wp-block-group-is-layout-flex\">\n<p><strong>Vlo\u017e <a href=\"https:\/\/wp-test-1.sweethome3d.eu\/cs\/uzivatelska-prirucka-sweet-home-3d\/#adding-doors-windows-and-furniture\">dve\u0159e a okna<\/a><\/strong> do zd\u00ed jejich p\u0159eta\u017een\u00edm do p\u016fdorysu a nech <a href=\"https:\/\/wp-test-1.sweethome3d.eu\/cs\/stahnout\/\" data-type=\"page\" data-id=\"396\">Sweet Home 3D<\/a> vypo\u010d\u00edtat jejich otvory ve zdech<\/p>\n\n\n\n<figure class=\"wp-block-image size-full is-resized\"><img loading=\"lazy\" decoding=\"async\" width=\"275\" height=\"100\" src=\"https:\/\/wp-test-1.sweethome3d.eu\/wp-content\/uploads\/2025\/09\/insertDoors.png\" alt=\"\" class=\"wp-image-506\" style=\"width:275px\" srcset=\"https:\/\/wp-test-1.sweethome3d.eu\/wp-content\/uploads\/2025\/09\/insertDoors.png 275w, https:\/\/wp-test-1.sweethome3d.eu\/wp-content\/uploads\/2025\/09\/insertDoors-248x90.png 248w\" sizes=\"auto, (max-width: 275px) 100vw, 275px\" \/><\/figure>\n<\/div>\n\n<hr class=\"wp-block-separator has-alpha-channel-opacity\"\/>\n\n<div class=\"wp-block-group is-nowrap is-layout-flex wp-container-core-group-is-layout-ad2f72ca wp-block-group-is-layout-flex\">\n<figure class=\"wp-block-image size-full is-resized\"><img loading=\"lazy\" decoding=\"async\" width=\"275\" height=\"100\" src=\"https:\/\/wp-test-1.sweethome3d.eu\/wp-content\/uploads\/2025\/09\/addFurniture.png\" alt=\"\" class=\"wp-image-507\" style=\"width:275px\" srcset=\"https:\/\/wp-test-1.sweethome3d.eu\/wp-content\/uploads\/2025\/09\/addFurniture.png 275w, https:\/\/wp-test-1.sweethome3d.eu\/wp-content\/uploads\/2025\/09\/addFurniture-248x90.png 248w\" sizes=\"auto, (max-width: 275px) 100vw, 275px\" \/><\/figure>\n\n\n\n<p><strong><a href=\"https:\/\/wp-test-1.sweethome3d.eu\/cs\/uzivatelska-prirucka-sweet-home-3d\/#adding-doors-windows-and-furniture\">P\u0159idej n\u00e1bytek<\/a><\/strong> do p\u016fdorysu z prohled\u00e1vateln\u00e9ho a roz\u0161i\u0159iteln\u00e9ho katalogu organizovan\u00e9ho podle kategori\u00ed jako kuchy\u0148, ob\u00fdvac\u00ed pokoj, lo\u017enice, koupelna&#8230;<\/p>\n<\/div>\n\n<hr class=\"wp-block-separator has-alpha-channel-opacity\"\/>\n\n<div class=\"wp-block-group is-nowrap is-layout-flex wp-container-core-group-is-layout-ad2f72ca wp-block-group-is-layout-flex\">\n<p><strong><a href=\"https:\/\/wp-test-1.sweethome3d.eu\/cs\/uzivatelska-prirucka-sweet-home-3d\/#adding-doors-windows-and-furniture\">Zm\u011b\u0148 barvu<\/a>, texturu<\/strong>, velikost, tlou\u0161\u0165ku, um\u00edst\u011bn\u00ed a orientaci n\u00e1bytku, zd\u00ed, podlah a strop\u016f.<\/p>\n\n\n\n<figure class=\"wp-block-image size-full is-resized\"><img loading=\"lazy\" decoding=\"async\" width=\"275\" height=\"100\" src=\"https:\/\/wp-test-1.sweethome3d.eu\/wp-content\/uploads\/2025\/09\/changeTexture.png\" alt=\"\" class=\"wp-image-508\" style=\"width:275px\" srcset=\"https:\/\/wp-test-1.sweethome3d.eu\/wp-content\/uploads\/2025\/09\/changeTexture.png 275w, https:\/\/wp-test-1.sweethome3d.eu\/wp-content\/uploads\/2025\/09\/changeTexture-248x90.png 248w\" sizes=\"auto, (max-width: 275px) 100vw, 275px\" \/><\/figure>\n<\/div>\n<h3 class=\"wp-block-heading has-text-align-center\" id=\"zobrazeni-navrhu-ve-2d-a-3d\">Zobrazen\u00ed n\u00e1vrh\u016f ve 2D a 3D<\/h3>\n<hr class=\"wp-block-separator has-alpha-channel-opacity\"\/>\n\n<div class=\"wp-block-group is-nowrap is-layout-flex wp-container-core-group-is-layout-ad2f72ca wp-block-group-is-layout-flex\">\n<figure class=\"wp-block-image size-full is-resized\"><img loading=\"lazy\" decoding=\"async\" width=\"275\" height=\"100\" src=\"https:\/\/wp-test-1.sweethome3d.eu\/wp-content\/uploads\/2025\/09\/view3D.png\" alt=\"\" class=\"wp-image-509\" style=\"width:275px\" srcset=\"https:\/\/wp-test-1.sweethome3d.eu\/wp-content\/uploads\/2025\/09\/view3D.png 275w, https:\/\/wp-test-1.sweethome3d.eu\/wp-content\/uploads\/2025\/09\/view3D-248x90.png 248w\" sizes=\"auto, (max-width: 275px) 100vw, 275px\" \/><\/figure>\n\n\n\n<p>P\u0159i navrhov\u00e1n\u00ed domu ve 2D ho <strong>sou\u010dasn\u011b<\/strong> <strong><a href=\"https:\/\/wp-test-1.sweethome3d.eu\/cs\/uzivatelska-prirucka-sweet-home-3d\/#editing-3d-view\">prohl\u00ed\u017eej ve 3D<\/a><\/strong> z leteck\u00e9ho pohledu nebo se v n\u011bm pohybuj z pohledu virtu\u00e1ln\u00edho n\u00e1v\u0161t\u011bvn\u00edka.<\/p>\n<\/div>\n\n<hr class=\"wp-block-separator has-alpha-channel-opacity\"\/>\n\n<div class=\"wp-block-group is-nowrap is-layout-flex wp-container-core-group-is-layout-ad2f72ca wp-block-group-is-layout-flex\">\n<p><strong>Vytv\u00e1rej fotorealistick\u00e9 <a href=\"https:\/\/wp-test-1.sweethome3d.eu\/cs\/uzivatelska-prirucka-sweet-home-3d\/#creating-photos-of-the-3d-view\">obr\u00e1zky<\/a><\/strong> <strong>a <a href=\"https:\/\/wp-test-1.sweethome3d.eu\/cs\/uzivatelska-prirucka-sweet-home-3d\/#creating-3d-videos\">videa<\/a><\/strong> s mo\u017enost\u00ed p\u0159izp\u016fsoben\u00ed osv\u011btlen\u00ed a ovl\u00e1d\u00e1n\u00ed efektu slune\u010dn\u00edho sv\u011btla podle denn\u00ed doby a geografick\u00e9 polohy.<\/p>\n\n\n\n<figure class=\"wp-block-image size-full is-resized\"><img loading=\"lazy\" decoding=\"async\" width=\"275\" height=\"100\" src=\"https:\/\/wp-test-1.sweethome3d.eu\/wp-content\/uploads\/2025\/09\/createPhoto.jpg\" alt=\"\" class=\"wp-image-510\" style=\"width:275px\" srcset=\"https:\/\/wp-test-1.sweethome3d.eu\/wp-content\/uploads\/2025\/09\/createPhoto.jpg 275w, https:\/\/wp-test-1.sweethome3d.eu\/wp-content\/uploads\/2025\/09\/createPhoto-248x90.jpg 248w\" sizes=\"auto, (max-width: 275px) 100vw, 275px\" \/><\/figure>\n<\/div>\n<h3 class=\"wp-block-heading has-text-align-center\" id=\"import-a-export\">Import a export<\/h3>\n<hr class=\"wp-block-separator has-alpha-channel-opacity\"\/>\n\n<div class=\"wp-block-group is-nowrap is-layout-flex wp-container-core-group-is-layout-ad2f72ca wp-block-group-is-layout-flex\">\n<figure class=\"wp-block-image size-full is-resized\"><img loading=\"lazy\" decoding=\"async\" width=\"275\" height=\"100\" src=\"https:\/\/wp-test-1.sweethome3d.eu\/wp-content\/uploads\/2025\/09\/importFurniture.png\" alt=\"\" class=\"wp-image-511\" style=\"width:275px\" srcset=\"https:\/\/wp-test-1.sweethome3d.eu\/wp-content\/uploads\/2025\/09\/importFurniture.png 275w, https:\/\/wp-test-1.sweethome3d.eu\/wp-content\/uploads\/2025\/09\/importFurniture-248x90.png 248w\" sizes=\"auto, (max-width: 275px) 100vw, 275px\" \/><\/figure>\n\n\n\n<p><a href=\"https:\/\/wp-test-1.sweethome3d.eu\/cs\/uzivatelska-prirucka-sweet-home-3d\/#importing-home-blueprint\"><strong>Importuj<\/strong> p\u016fdorys domu<\/a> pro <a href=\"https:\/\/wp-test-1.sweethome3d.eu\/cs\/uzivatelska-prirucka-sweet-home-3d\/#drawing-walls\" data-type=\"link\" data-id=\"https:\/\/wp-test-1.sweethome3d.eu\/users-guide\/#drawing-walls\">kreslen\u00ed zd\u00ed<\/a> na n\u011bm, <a href=\"https:\/\/wp-test-1.sweethome3d.eu\/cs\/import-modelu-ve-sweet-home-3d-pridej-vlastni-3d-nabytek-a-objekty\/\" data-type=\"page\" data-id=\"432\">3D modely<\/a> pro dopln\u011bn\u00ed v\u00fdchoz\u00edho katalogu a <a href=\"https:\/\/wp-test-1.sweethome3d.eu\/cs\/import-textur\/\" data-type=\"page\" data-id=\"4928\">textury<\/a> pro p\u0159izp\u016fsoben\u00ed povrch\u016f.<\/p>\n<\/div>\n\n<hr class=\"wp-block-separator has-alpha-channel-opacity\"\/>\n\n<div class=\"wp-block-group is-nowrap is-layout-flex wp-container-core-group-is-layout-ad2f72ca wp-block-group-is-layout-flex\">\n<p><strong>Tiskni a exportuj<\/strong> PDF, bitmapov\u00e9 nebo vektorov\u00e9 grafick\u00e9 obr\u00e1zky, videa a 3D soubory ve standardn\u00edch form\u00e1tech.<\/p>\n\n\n\n<figure class=\"wp-block-image size-full is-resized\"><img loading=\"lazy\" decoding=\"async\" width=\"275\" height=\"71\" src=\"https:\/\/wp-test-1.sweethome3d.eu\/wp-content\/uploads\/2025\/09\/export.png\" alt=\"\" class=\"wp-image-512\" style=\"width:275px\"\/><\/figure>\n<\/div>\n<h3 class=\"wp-block-heading has-text-align-center\" id=\"dalsi-informace\">Dal\u0161\u00ed informace<\/h3>\n<hr class=\"wp-block-separator has-alpha-channel-opacity\"\/>\n\n<div class=\"wp-block-group is-nowrap is-layout-flex wp-container-core-group-is-layout-ad2f72ca wp-block-group-is-layout-flex\">\n<figure class=\"wp-block-image size-full is-resized\"><img loading=\"lazy\" decoding=\"async\" width=\"275\" height=\"100\" src=\"https:\/\/wp-test-1.sweethome3d.eu\/wp-content\/uploads\/2025\/09\/extend.png\" alt=\"\" class=\"wp-image-513\" style=\"width:275px\" srcset=\"https:\/\/wp-test-1.sweethome3d.eu\/wp-content\/uploads\/2025\/09\/extend.png 275w, https:\/\/wp-test-1.sweethome3d.eu\/wp-content\/uploads\/2025\/09\/extend-248x90.png 248w\" sizes=\"auto, (max-width: 275px) 100vw, 275px\" \/><\/figure>\n\n\n\n<p><strong>Roz\u0161i\u0159 funkce<\/strong> Sweet Home 3D pomoc\u00ed <a href=\"https:\/\/wp-test-1.sweethome3d.eu\/cs\/pruvodce-pro-vyvojare-pluginu\/\" data-type=\"page\" data-id=\"4964\">z\u00e1suvn\u00fdch modul\u016f<\/a> naprogramovan\u00fdch v Jav\u011b nebo <a href=\"https:\/\/wp-test-1.sweethome3d.eu\/cs\/dokumentace\/#developers-guides\" data-type=\"link\" data-id=\"https:\/\/wp-test-1.sweethome3d.eu\/documentation\/#developers-guides\">v\u00fdvojem<\/a> odvozen\u00e9 verze zalo\u017een\u00e9 na jeho architektu\u0159e Model View Controller.<\/p>\n<\/div>\n\n<hr class=\"wp-block-separator has-alpha-channel-opacity\"\/>\n\n<div class=\"wp-block-group is-nowrap is-layout-flex wp-container-core-group-is-layout-ad2f72ca wp-block-group-is-layout-flex\">\n<p><strong>Vyber jazyk<\/strong> zobrazovan\u00fd v u\u017eivatelsk\u00e9m rozhran\u00ed Sweet Home 3D a jeho bohat\u00e9 n\u00e1pov\u011bdy z <a href=\"https:\/\/wp-test-1.sweethome3d.eu\/cs\/preklady\/\" type=\"page\" id=\"439\" class=\"broken_link\">29 jazyk\u016f<\/a>.<\/p>\n\n\n\n<figure class=\"wp-block-image size-full is-resized\"><img loading=\"lazy\" decoding=\"async\" width=\"275\" height=\"38\" src=\"https:\/\/wp-test-1.sweethome3d.eu\/wp-content\/uploads\/2025\/09\/chooseLanguage.png\" alt=\"\" class=\"wp-image-514\" style=\"width:275px\"\/><\/figure>\n<\/div>\n\n<hr class=\"wp-block-separator has-alpha-channel-opacity\"\/>\n\n<div class=\"wp-block-group is-nowrap is-layout-flex wp-container-core-group-is-layout-ad2f72ca wp-block-group-is-layout-flex\">\n<figure class=\"wp-block-image size-full is-resized\"><img loading=\"lazy\" decoding=\"async\" width=\"275\" height=\"100\" src=\"https:\/\/wp-test-1.sweethome3d.eu\/wp-content\/uploads\/2025\/09\/run.png\" alt=\"\" class=\"wp-image-515\" style=\"width:275px\" srcset=\"https:\/\/wp-test-1.sweethome3d.eu\/wp-content\/uploads\/2025\/09\/run.png 275w, https:\/\/wp-test-1.sweethome3d.eu\/wp-content\/uploads\/2025\/09\/run-248x90.png 248w\" sizes=\"auto, (max-width: 275px) 100vw, 275px\" \/><\/figure>\n\n\n\n<p><strong><a href=\"https:\/\/wp-test-1.sweethome3d.eu\/cs\/stahnout\/\" data-type=\"page\" data-id=\"396\">St\u00e1hni<\/a><\/strong> Sweet Home 3D pro<strong> spu\u0161t\u011bn\u00ed<\/strong> offline pod Windows, macOS, Linux, iOS a Android, nebo pou\u017eij jeho <strong><a href=\"https:\/\/wp-test-1.sweethome3d.eu\/cs\/sweet-home-3d-online-manager\/\" data-type=\"page\" data-id=\"398\">online<\/a><\/strong> verzi z jak\u00e9hokoli prohl\u00ed\u017ee\u010de podporuj\u00edc\u00edho WebGL.<\/p>\n<\/div>\n\n<hr class=\"wp-block-separator has-alpha-channel-opacity\"\/>\n\n<div class=\"wp-block-group is-nowrap is-layout-flex wp-container-core-group-is-layout-ad2f72ca wp-block-group-is-layout-flex\">\n<p><strong>Navrhuj <\/strong>p\u016fdorysy dom\u016f <strong>zdarma<\/strong> se Sweet Home 3D distribuovan\u00fdm pod <a href=\"https:\/\/www.gnu.org\/licenses\/gpl-2.0.txt\" data-type=\"link\" data-id=\"https:\/\/www.gnu.org\/licenses\/gpl-2.0.txt\" target=\"_blank\" rel=\"noopener\">GNU General Public License<\/a>, dokonce i pro komer\u010dn\u00ed \u00fa\u010dely.<\/p>\n\n\n\n<figure class=\"wp-block-image size-full\"><img loading=\"lazy\" decoding=\"async\" width=\"134\" height=\"55\" src=\"https:\/\/wp-test-1.sweethome3d.eu\/wp-content\/uploads\/2025\/09\/gpl.png\" alt=\"\" class=\"wp-image-516\" style=\"object-fit:cover\"\/><\/figure>\n<\/div>\n","protected":false},"excerpt":{"rendered":"<p>Objevte hlavn\u00ed funkce, kter\u00e9 nab\u00edz\u00ed Sweet Home 3D Objevte hlavn\u00ed funkce, kter\u00e9 nab\u00edz\u00ed Sweet Home 3D,bezplatn\u00e1 aplikace pro interi\u00e9rov\u00fd design dostupn\u00e1 na https:\/\/www.sweethome3d.com. Sweet Home 3D je v\u00fdkonn\u00fd a u\u017eivatelsky p\u0159\u00edv\u011btiv\u00fd software pro interi\u00e9rov\u00fd design, kter\u00fd ti pom\u016f\u017ee snadno vytv\u00e1\u0159et detailn\u00ed p\u016fdorysy dom\u016f a stylov\u00e9 n\u00e1pady pro interi\u00e9ry. A\u0165 u\u017e jsi profesion\u00e1ln\u00ed interi\u00e9rov\u00fd design\u00e9r nebo [&hellip;]<\/p>\n","protected":false},"author":2,"featured_media":8618,"parent":0,"menu_order":0,"comment_status":"closed","ping_status":"closed","template":"","meta":{"inline_featured_image":false,"footnotes":""},"class_list":["post-8632","page","type-page","status-publish","has-post-thumbnail","hentry"],"_links":{"self":[{"href":"https:\/\/wp-test-1.sweethome3d.eu\/cs\/wp-json\/wp\/v2\/pages\/8632","targetHints":{"allow":["GET"]}}],"collection":[{"href":"https:\/\/wp-test-1.sweethome3d.eu\/cs\/wp-json\/wp\/v2\/pages"}],"about":[{"href":"https:\/\/wp-test-1.sweethome3d.eu\/cs\/wp-json\/wp\/v2\/types\/page"}],"author":[{"embeddable":true,"href":"https:\/\/wp-test-1.sweethome3d.eu\/cs\/wp-json\/wp\/v2\/users\/2"}],"replies":[{"embeddable":true,"href":"https:\/\/wp-test-1.sweethome3d.eu\/cs\/wp-json\/wp\/v2\/comments?post=8632"}],"version-history":[{"count":5,"href":"https:\/\/wp-test-1.sweethome3d.eu\/cs\/wp-json\/wp\/v2\/pages\/8632\/revisions"}],"predecessor-version":[{"id":11587,"href":"https:\/\/wp-test-1.sweethome3d.eu\/cs\/wp-json\/wp\/v2\/pages\/8632\/revisions\/11587"}],"wp:featuredmedia":[{"embeddable":true,"href":"https:\/\/wp-test-1.sweethome3d.eu\/cs\/wp-json\/wp\/v2\/media\/8618"}],"wp:attachment":[{"href":"https:\/\/wp-test-1.sweethome3d.eu\/cs\/wp-json\/wp\/v2\/media?parent=8632"}],"curies":[{"name":"wp","href":"https:\/\/api.w.org\/{rel}","templated":true}]}}