{"id":9805,"date":"2025-10-01T15:08:20","date_gmt":"2025-10-01T15:08:20","guid":{"rendered":"https:\/\/wp-test-1.sweethome3d.eu\/spravce-exportovanych-domu\/"},"modified":"2025-10-30T17:37:56","modified_gmt":"2025-10-30T17:37:56","slug":"spravce-exportovanych-domu","status":"publish","type":"page","link":"https:\/\/wp-test-1.sweethome3d.eu\/cs\/spravce-exportovanych-domu\/","title":{"rendered":"Spr\u00e1vce exportovan\u00fdch dom\u016f"},"content":{"rendered":"\n<p class=\"has-text-align-center\">Na z\u00e1klad\u011b <a href=\"https:\/\/www.sweethome3d.com\/support\/forum\/viewthread_thread,6708\" target=\"_blank\" rel=\"noopener\">pluginu Export do HTML5<\/a> umo\u017e\u0148uje tato slu\u017eba registrovan\u00fdm u\u017eivatel\u016fm nahr\u00e1t sv\u00e9 soubory Sweet Home 3D na tento webov\u00fd server, aby je mohli prohl\u00ed\u017eet ve 3D s jak\u00fdmkoli prohl\u00ed\u017ee\u010dem kompatibiln\u00edm s WebGL, jako v <a href=\"https:\/\/www.sweethome3d.com\/viewHome.jsp?id=1\" target=\"_blank\" rel=\"noopener\">tomto p\u0159\u00edkladu<\/a> zobrazen\u00e9m na sn\u00edmku obrazovky n\u00ed\u017ee, kter\u00fd zobrazuje soubor <em>SweetHome3DExample3.sh3d<\/em> dostupn\u00fd v <a href=\"https:\/\/wp-test-1.sweethome3d.eu\/cs\/galerie\/\" data-type=\"page\" data-id=\"400\">galerii<\/a>.<br\/>Pokud chce\u0161 pou\u017e\u00edvat spr\u00e1vce exportovan\u00fdch dom\u016f, nejprve se <a href=\"https:\/\/www.sweethome3d.com\/support\/forum\/registermember\" target=\"_blank\" rel=\"noopener\"><strong>zaregistruj<\/strong><\/a> do slu\u017eeb Sweet Home 3D zdarma a <a href=\"https:\/\/www.sweethome3d.com\/support\/forum\/login?url=https%3A%2F%2Fwww.sweethome3d.com%2FexportHomes.jsp&amp;forumLogin=false&amp;lang=en\" target=\"_blank\" rel=\"noopener\"><strong>p\u0159ihlas se<\/strong><\/a>.<br\/><\/p>\n<div class=\"wp-block-image\">\n<figure class=\"aligncenter size-full\"><img loading=\"lazy\" decoding=\"async\" width=\"600\" height=\"406\" src=\"https:\/\/wp-test-1.sweethome3d.eu\/wp-content\/uploads\/2025\/10\/viewSweetHome3DExample3.jpg\" alt=\"Spr&#xE1;vce exportovan&#xFD;ch dom&#x16F;\" class=\"wp-image-4978\" srcset=\"https:\/\/wp-test-1.sweethome3d.eu\/wp-content\/uploads\/2025\/10\/viewSweetHome3DExample3.jpg 600w, https:\/\/wp-test-1.sweethome3d.eu\/wp-content\/uploads\/2025\/10\/viewSweetHome3DExample3-360x244.jpg 360w, https:\/\/wp-test-1.sweethome3d.eu\/wp-content\/uploads\/2025\/10\/viewSweetHome3DExample3-192x130.jpg 192w, https:\/\/wp-test-1.sweethome3d.eu\/wp-content\/uploads\/2025\/10\/viewSweetHome3DExample3-400x271.jpg 400w\" sizes=\"auto, (max-width: 600px) 100vw, 600px\" \/><\/figure>\n<\/div>","protected":false},"excerpt":{"rendered":"<p>Na z\u00e1klad\u011b pluginu Export do HTML5 umo\u017e\u0148uje tato slu\u017eba registrovan\u00fdm u\u017eivatel\u016fm nahr\u00e1t sv\u00e9 soubory Sweet Home 3D na tento webov\u00fd server, aby je mohli prohl\u00ed\u017eet ve 3D s jak\u00fdmkoli prohl\u00ed\u017ee\u010dem kompatibiln\u00edm s WebGL, jako v tomto p\u0159\u00edkladu zobrazen\u00e9m na sn\u00edmku obrazovky n\u00ed\u017ee, kter\u00fd zobrazuje soubor SweetHome3DExample3.sh3d dostupn\u00fd v galerii.Pokud chce\u0161 pou\u017e\u00edvat spr\u00e1vce exportovan\u00fdch dom\u016f, nejprve [&hellip;]<\/p>\n","protected":false},"author":3,"featured_media":9804,"parent":0,"menu_order":0,"comment_status":"closed","ping_status":"closed","template":"","meta":{"inline_featured_image":false,"footnotes":""},"class_list":["post-9805","page","type-page","status-publish","has-post-thumbnail","hentry"],"_links":{"self":[{"href":"https:\/\/wp-test-1.sweethome3d.eu\/cs\/wp-json\/wp\/v2\/pages\/9805","targetHints":{"allow":["GET"]}}],"collection":[{"href":"https:\/\/wp-test-1.sweethome3d.eu\/cs\/wp-json\/wp\/v2\/pages"}],"about":[{"href":"https:\/\/wp-test-1.sweethome3d.eu\/cs\/wp-json\/wp\/v2\/types\/page"}],"author":[{"embeddable":true,"href":"https:\/\/wp-test-1.sweethome3d.eu\/cs\/wp-json\/wp\/v2\/users\/3"}],"replies":[{"embeddable":true,"href":"https:\/\/wp-test-1.sweethome3d.eu\/cs\/wp-json\/wp\/v2\/comments?post=9805"}],"version-history":[{"count":1,"href":"https:\/\/wp-test-1.sweethome3d.eu\/cs\/wp-json\/wp\/v2\/pages\/9805\/revisions"}],"predecessor-version":[{"id":9806,"href":"https:\/\/wp-test-1.sweethome3d.eu\/cs\/wp-json\/wp\/v2\/pages\/9805\/revisions\/9806"}],"wp:featuredmedia":[{"embeddable":true,"href":"https:\/\/wp-test-1.sweethome3d.eu\/cs\/wp-json\/wp\/v2\/media\/9804"}],"wp:attachment":[{"href":"https:\/\/wp-test-1.sweethome3d.eu\/cs\/wp-json\/wp\/v2\/media?parent=9805"}],"curies":[{"name":"wp","href":"https:\/\/api.w.org\/{rel}","templated":true}]}}