{"id":9929,"date":"2025-09-18T11:54:48","date_gmt":"2025-09-18T11:54:48","guid":{"rendered":"https:\/\/wp-test-1.sweethome3d.eu\/import-modelu-ve-sweet-home-3d-pridej-vlastni-3d-nabytek-a-objekty\/"},"modified":"2025-11-03T16:32:19","modified_gmt":"2025-11-03T16:32:19","slug":"import-modelu-ve-sweet-home-3d-pridej-vlastni-3d-nabytek-a-objekty","status":"publish","type":"page","link":"https:\/\/wp-test-1.sweethome3d.eu\/cs\/import-modelu-ve-sweet-home-3d-pridej-vlastni-3d-nabytek-a-objekty\/","title":{"rendered":"Import model\u016f ve Sweet Home 3D \u2013 P\u0159idej vlastn\u00ed 3D n\u00e1bytek a objekty"},"content":{"rendered":"\n<p class=\"has-text-align-center\">Pro <strong>import model\u016f<\/strong> tato str\u00e1nka uv\u00e1d\u00ed n\u011bkter\u00e9 zdroje <strong>bezplatn\u00fdch 3D model\u016f<\/strong>, kter\u00e9 m\u016f\u017ee\u0161 importovat do <a href=\"\/\">Sweet Home 3D<\/a>, bu\u010f <a href=\"https:\/\/wp-test-1.sweethome3d.eu\/cs\/import-modelu-ve-sweet-home-3d-pridej-vlastni-3d-nabytek-a-objekty\/\" data-type=\"page\" data-id=\"432\">jeden po druh\u00e9m<\/a> nebo po <a href=\"https:\/\/wp-test-1.sweethome3d.eu\/cs\/import-modelu-ve-sweet-home-3d-pridej-vlastni-3d-nabytek-a-objekty\/#ModelsLibraries\" data-type=\"link\" data-id=\"https:\/\/wp-test-1.sweethome3d.eu\/import-models\/#ModelsLibraries\">skupin\u00e1ch model\u016f<\/a>, a <a href=\"https:\/\/wp-test-1.sweethome3d.eu\/cs\/import-modelu-ve-sweet-home-3d-pridej-vlastni-3d-nabytek-a-objekty\/#WebSitesWithModels\">webov\u00e9 str\u00e1nky<\/a>, kter\u00e9 nab\u00edzej\u00ed 3D modely.<\/p>\n<h2 class=\"wp-block-heading\" id=\"dostupne-zdroje-3d-modelu\">Dostupn\u00e9 zdroje 3D model\u016f<\/h2><h3 class=\"wp-block-heading\" id=\"bezplatne-3d-modely-vytvorene-prispevateli\"><img loading=\"lazy\" decoding=\"async\" width=\"16\" height=\"12\" src=\"https:\/\/www.sweethome3d.com\/images\/bullet.gif\">Bezplatn\u00e9 3D modely vytvo\u0159en\u00e9 p\u0159isp\u011bvateli<\/h3>\n<p>The\u00a0<a href=\"https:\/\/wp-test-1.sweethome3d.eu\/free-3d-models\/\" data-type=\"page\" data-id=\"4869\">free 3D models page<\/a>\u00a0proposes more than 1.600 additional 3D models created by contributors and supported in the\u00a0<a href=\"https:\/\/wp-test-1.sweethome3d.eu\/users-guide\/#importing3DModels\" data-type=\"page\" data-id=\"424\">furniture import wizard<\/a>\u00a0of Sweet Home 3D.<\/p>\n\n<div class=\"wp-block-group models-row is-content-justification-center is-nowrap is-layout-flex wp-container-core-group-is-layout-94bc23d7 wp-block-group-is-layout-flex\">\n<figure class=\"wp-block-image size-full is-resized\"><a href=\"https:\/\/wp-test-1.sweethome3d.eu\/cs\/bezplatne-3d-modely\/\"><img loading=\"lazy\" decoding=\"async\" width=\"128\" height=\"128\" src=\"https:\/\/wp-test-1.sweethome3d.eu\/wp-content\/uploads\/2025\/10\/bedWithTexture.png\" alt=\"\" class=\"wp-image-4856\" style=\"width:64px\"\/><\/a><\/figure>\n\n\n\n<figure class=\"wp-block-image size-full is-resized\"><a href=\"https:\/\/wp-test-1.sweethome3d.eu\/cs\/bezplatne-3d-modely\/\"><img loading=\"lazy\" decoding=\"async\" width=\"128\" height=\"128\" src=\"https:\/\/wp-test-1.sweethome3d.eu\/wp-content\/uploads\/2025\/10\/burlap_sofa.png\" alt=\"\" class=\"wp-image-4857\" style=\"width:64px\"\/><\/a><\/figure>\n\n\n\n<figure class=\"wp-block-image size-full is-resized\"><a href=\"https:\/\/wp-test-1.sweethome3d.eu\/cs\/bezplatne-3d-modely\/\"><img loading=\"lazy\" decoding=\"async\" width=\"128\" height=\"128\" src=\"https:\/\/wp-test-1.sweethome3d.eu\/wp-content\/uploads\/2025\/10\/wooden_table_office.png\" alt=\"\" class=\"wp-image-4858\" style=\"width:64px\"\/><\/a><\/figure>\n\n\n\n<figure class=\"wp-block-image size-full is-resized\"><a href=\"https:\/\/wp-test-1.sweethome3d.eu\/cs\/bezplatne-3d-modely\/\"><img loading=\"lazy\" decoding=\"async\" width=\"128\" height=\"128\" src=\"https:\/\/wp-test-1.sweethome3d.eu\/wp-content\/uploads\/2025\/10\/meubleSalleDeBain.png\" alt=\"\" class=\"wp-image-4859\" style=\"width:64px\"\/><\/a><\/figure>\n\n\n\n<figure class=\"wp-block-image size-full is-resized\"><a href=\"https:\/\/wp-test-1.sweethome3d.eu\/cs\/bezplatne-3d-modely\/\"><img loading=\"lazy\" decoding=\"async\" width=\"128\" height=\"128\" src=\"https:\/\/wp-test-1.sweethome3d.eu\/wp-content\/uploads\/2025\/10\/kitchenSink.png\" alt=\"\" class=\"wp-image-4860\" style=\"width:64px\"\/><\/a><\/figure>\n\n\n\n<figure class=\"wp-block-image size-full is-resized\"><a href=\"https:\/\/wp-test-1.sweethome3d.eu\/cs\/bezplatne-3d-modely\/\"><img loading=\"lazy\" decoding=\"async\" width=\"128\" height=\"128\" src=\"https:\/\/wp-test-1.sweethome3d.eu\/wp-content\/uploads\/2025\/10\/office_chair.png\" alt=\"\" class=\"wp-image-4861\" style=\"width:64px\"\/><\/a><\/figure>\n\n\n\n<figure class=\"wp-block-image size-full is-resized\"><a href=\"https:\/\/wp-test-1.sweethome3d.eu\/cs\/bezplatne-3d-modely\/\"><img loading=\"lazy\" decoding=\"async\" width=\"128\" height=\"128\" src=\"https:\/\/wp-test-1.sweethome3d.eu\/wp-content\/uploads\/2025\/10\/bureau3.png\" alt=\"\" class=\"wp-image-4862\" style=\"width:64px\"\/><\/a><\/figure>\n\n\n\n<figure class=\"wp-block-image size-full is-resized\"><a href=\"https:\/\/wp-test-1.sweethome3d.eu\/cs\/bezplatne-3d-modely\/\"><img loading=\"lazy\" decoding=\"async\" width=\"128\" height=\"128\" src=\"https:\/\/wp-test-1.sweethome3d.eu\/wp-content\/uploads\/2025\/10\/apple-ibook-2001.png\" alt=\"\" class=\"wp-image-4863\" style=\"width:64px\"\/><\/a><\/figure>\n\n\n\n<figure class=\"wp-block-image size-full is-resized\"><a href=\"https:\/\/wp-test-1.sweethome3d.eu\/cs\/bezplatne-3d-modely\/\"><img loading=\"lazy\" decoding=\"async\" width=\"128\" height=\"128\" src=\"https:\/\/wp-test-1.sweethome3d.eu\/wp-content\/uploads\/2025\/10\/pianoAQueue.png\" alt=\"\" class=\"wp-image-4864\" style=\"width:64px\"\/><\/a><\/figure>\n\n\n\n<figure class=\"wp-block-image size-full is-resized\"><a href=\"https:\/\/wp-test-1.sweethome3d.eu\/cs\/bezplatne-3d-modely\/\"><img loading=\"lazy\" decoding=\"async\" width=\"128\" height=\"128\" src=\"https:\/\/wp-test-1.sweethome3d.eu\/wp-content\/uploads\/2025\/10\/male03.png\" alt=\"\" class=\"wp-image-4865\" style=\"width:64px\"\/><\/a><\/figure>\n\n\n\n<figure class=\"wp-block-image size-full is-resized\"><a href=\"https:\/\/wp-test-1.sweethome3d.eu\/cs\/bezplatne-3d-modely\/\"><img loading=\"lazy\" decoding=\"async\" width=\"128\" height=\"128\" src=\"https:\/\/wp-test-1.sweethome3d.eu\/wp-content\/uploads\/2025\/10\/concept-sedan-02-sport.png\" alt=\"\" class=\"wp-image-4866\" style=\"width:64px\"\/><\/a><\/figure>\n\n\n\n<figure class=\"wp-block-image size-full is-resized\"><a href=\"https:\/\/wp-test-1.sweethome3d.eu\/cs\/bezplatne-3d-modely\/\"><img loading=\"lazy\" decoding=\"async\" width=\"128\" height=\"128\" src=\"https:\/\/wp-test-1.sweethome3d.eu\/wp-content\/uploads\/2025\/10\/blackTupelo.png\" alt=\"\" class=\"wp-image-4867\" style=\"width:64px\"\/><\/a><\/figure>\n<\/div>\n\n<p>M\u016f\u017ee\u0161 si tak\u00e9 <a href=\"#download\">st\u00e1hnout plnou verzi<\/a> s v\u00edce ne\u017e 10\u00a0000 3D modely a 400 ji\u017e zahrnut\u00fdmi <a href=\"https:\/\/wp-test-1.sweethome3d.eu\/cs\/import-textur\/\" data-type=\"page\" data-id=\"435\">texturami<\/a><\/p>\n\n<div class=\"wp-block-buttons is-layout-flex wp-block-buttons-is-layout-flex\">\n<div class=\"wp-block-button btn-download btn-small\" data-wce-label=\"wce_3Dmodels_download_direct\"><a class=\"wp-block-button__link wp-element-button\" href=\"#download\" style=\"text-decoration:underline\"><img loading=\"lazy\" decoding=\"async\" width=\"20\" height=\"20\" class=\"wp-image-390\" style=\"width: 20px;\" src=\"http:\/\/wp-test-1.sweethome3d.eu\/wp-content\/uploads\/2025\/09\/download-bottom.svg\" alt=\"\"\/> St\u00e1hn\u011bte si Sweet Home 3D<\/a><\/div>\n<\/div>\n<h3 class=\"wp-block-heading\" id=\"knihovny-3d-modelu\"><img loading=\"lazy\" decoding=\"async\" width=\"16\" height=\"12\" src=\"https:\/\/www.sweethome3d.com\/images\/bullet.gif\">Knihovny 3D model\u016f<br><a href=\"https:\/\/apps.apple.com\/app\/sweet-home-3d\/id669289700\" data-wce-label=\"wce_3Dmodels_download_hyperlink\" target=\"_blank\" rel=\"noopener\"><\/a><\/h3>\n<p><a href=\"https:\/\/www.sweethome3d.com\/download.jsp\" target=\"_blank\" rel=\"noopener\">Sweet Home 3D<\/a> ti tak\u00e9 umo\u017e\u0148uje importovat modely (knihovny 3D model\u016f) ulo\u017een\u00e9 v souborech SH3F. Soubor SH3F seskupuje n\u011bkter\u00e9 modely s jejich popisem a lze jej snadno nainstalovat dvojit\u00fdm kliknut\u00edm nebo v\u00fdb\u011brem polo\u017eky menu <g id=\"gid_1\">N\u00e1bytek <x id=\"gid_2\"><\/x> Importovat knihovnu n\u00e1bytku<\/g> v <g id=\"gid_3\">Sweet Home 3D<\/g>.<br\/>N\u00e1sleduj\u00edc\u00ed ZIP soubory obsahuj\u00ed SH3F soubor, kter\u00fd m\u016f\u017ee\u0161 importovat do <g id=\"gid_4\">Sweet Home 3D<\/g>. Tyto knihovny obsahuj\u00ed 3D modely dostupn\u00e9 na <a href=\"https:\/\/www.sweethome3d.com\/freeModels.jsp\" target=\"_blank\" rel=\"noopener\">str\u00e1nce bezplatn\u00fdch model\u016f<\/a>.  <\/p>\n\n<div class=\"wp-block-group is-layout-grid wp-container-core-group-is-layout-9649a0d9 wp-block-group-is-layout-grid\">\n<figure class=\"wp-block-image size-full is-resized mx-auto\"><img loading=\"lazy\" decoding=\"async\" width=\"178\" height=\"89\" src=\"http:\/\/wp-test-1.sweethome3d.eu\/wp-content\/uploads\/2025\/10\/sweethome3d64x64.png\" alt=\"\" class=\"wp-image-4886\" style=\"width:135px\"\/><\/figure>\n\n\n\n<p class=\"wp-container-content-5f80b302\"><a href=\"https:\/\/sourceforge.net\/projects\/sweethome3d\/files\/SweetHome3D-models\/3DModels-1.9.3\/3DModels-Contributions-1.9.3.zip\/download\" target=\"_blank\" rel=\"noopener\">3DModels-Contributions-1.9.3.zip<\/a> (29 MB &#8211; 511 model\u016f &#8211; Free Art License)<br\/><a href=\"https:\/\/sourceforge.net\/projects\/sweethome3d\/files\/SweetHome3D-models\/3DModels-1.9.3\/3DModels-LucaPresidente-1.9.3.zip\/download\" target=\"_blank\" rel=\"noopener\">3DModels-LucaPresidente-1.9.3.zip<\/a> (3,7 MB &#8211; 64 model\u016f &#8211; Free Art License)<br\/><a href=\"https:\/\/sourceforge.net\/projects\/sweethome3d\/files\/SweetHome3D-models\/3DModels-1.9.3\/3DModels-Trees-1.9.3.zip\/download\" target=\"_blank\" rel=\"noopener\">3DModels-Trees-1.9.3.zip<\/a> (6,7 MB &#8211; 10 model\u016f strom\u016f &#8211; Free Art License)<\/p>\n<\/div>\n\n<div class=\"wp-block-group is-layout-grid wp-container-core-group-is-layout-9649a0d9 wp-block-group-is-layout-grid\">\n<figure class=\"wp-block-image size-full is-resized mx-auto\"><img loading=\"lazy\" decoding=\"async\" width=\"222\" height=\"56\" src=\"http:\/\/wp-test-1.sweethome3d.eu\/wp-content\/uploads\/2025\/10\/scopia.png\" alt=\"\" class=\"wp-image-4885\" style=\"width:111px\"\/><\/figure>\n\n\n\n<p class=\"wp-container-content-5f80b302\"><a href=\"https:\/\/sourceforge.net\/projects\/sweethome3d\/files\/SweetHome3D-models\/3DModels-1.9.3\/3DModels-Scopia-1.9.3.zip\/download\" target=\"_blank\" rel=\"noopener\">3DModels-Scopia-1.9.3.zip<\/a> (69,5 MB &#8211; 500 model\u016f &#8211; CC-BY License)<\/p>\n<\/div>\n\n<div class=\"wp-block-group is-layout-grid wp-container-core-group-is-layout-9649a0d9 wp-block-group-is-layout-grid\">\n<figure class=\"wp-block-image size-full is-resized mx-auto\"><img loading=\"lazy\" decoding=\"async\" width=\"330\" height=\"60\" src=\"http:\/\/wp-test-1.sweethome3d.eu\/wp-content\/uploads\/2025\/10\/katorlegaz.png\" alt=\"\" class=\"wp-image-4899\" style=\"width:150px\"\/><\/figure>\n\n\n\n<p class=\"wp-container-content-5f80b302\"><a href=\"https:\/\/sourceforge.net\/projects\/sweethome3d\/files\/SweetHome3D-models\/3DModels-1.9.3\/3DModels-KatorLegaz-1.9.3.zip\/download\" target=\"_blank\" rel=\"noopener\">3DModels-KatorLegaz-1.9.3.zip<\/a> (8,9 MB &#8211; 90 model\u016f &#8211; CC-BY License)<\/p>\n<\/div>\n\n<div class=\"wp-block-group is-layout-grid wp-container-core-group-is-layout-9649a0d9 wp-block-group-is-layout-grid\">\n<figure class=\"wp-block-image size-full is-resized mx-auto\"><img loading=\"lazy\" decoding=\"async\" width=\"136\" height=\"41\" src=\"http:\/\/wp-test-1.sweethome3d.eu\/wp-content\/uploads\/2025\/10\/blendswap.png\" alt=\"\" class=\"wp-image-4902\" style=\"width:136px\"\/><\/figure>\n\n\n\n<p class=\"wp-container-content-5f80b302\"><a href=\"https:\/\/sourceforge.net\/projects\/sweethome3d\/files\/SweetHome3D-models\/3DModels-1.9.3\/3DModels-BlendSwap-CC-0-1.9.3.zip\/download\" target=\"_blank\" rel=\"noopener\">3DModels-BlendSwap-CC-0-1.9.3.zip<\/a> (23,8 MB &#8211; 175 model\u016f &#8211; Public domain)<br\/><a href=\"https:\/\/sourceforge.net\/projects\/sweethome3d\/files\/SweetHome3D-models\/3DModels-1.9.3\/3DModels-BlendSwap-CC-BY-1.9.3.zip\/download\" target=\"_blank\" rel=\"noopener\">3DModels-BlendSwap-CC-BY-1.9.3.zip<\/a> (23,9 MB &#8211; 135 model\u016f &#8211; CC-BY License)<\/p>\n<\/div>\n\n<div class=\"wp-block-group is-layout-grid wp-container-core-group-is-layout-9649a0d9 wp-block-group-is-layout-grid\">\n<figure class=\"wp-block-image size-full is-resized mx-auto\"><img loading=\"lazy\" decoding=\"async\" width=\"140\" height=\"60\" src=\"https:\/\/wp-test-1.sweethome3d.eu\/wp-content\/uploads\/2025\/10\/reallusion.png\" alt=\"\" class=\"wp-image-4904\" style=\"width:110px\"\/><\/figure>\n\n\n\n<p class=\"wp-container-content-5f80b302\"><a href=\"https:\/\/sourceforge.net\/projects\/sweethome3d\/files\/SweetHome3D-models\/3DModels-1.9.3\/3DModels-Reallusion-1.9.3.zip\/download\" target=\"_blank\" rel=\"noopener\">3DModels-Reallusion-1.9.3.zip<\/a> (10,7 MB &#8211; 25 model\u016f postav &#8211; CC-BY License)<\/p>\n<\/div>\n\n<p>Mo\u017en\u00e1 t\u011b tak\u00e9 zaujme \u010dl\u00e1nek na <a href=\"https:\/\/wp-test-1.sweethome3d.eu\/blog\/\" data-type=\"page\" data-id=\"280\">blogu<\/a> <a href=\"https:\/\/www.sweethome3d.com\/blog\/2017\/12\/08\/additional_contributors_libraries.html\" target=\"_blank\" rel=\"noopener\">Dal\u0161\u00ed knihovny od p\u0159isp\u011bvatel\u016f<\/a>, kter\u00fd uv\u00e1d\u00ed dal\u0161\u00ed speci\u00e1ln\u00ed knihovny model\u016f navr\u017een\u00e9 n\u011bkter\u00fdmi p\u0159isp\u011bvateli Sweet Home 3D (2D symboly, instalat\u00e9rsk\u00e9 prvky, \u010d\u00e1sti st\u0159ech,&#8230;).<\/p>\n<h3 class=\"wp-block-heading\" id=\"vytvor-si-vlastni-3d-modely\"><img loading=\"lazy\" decoding=\"async\" width=\"16\" height=\"12\" src=\"https:\/\/www.sweethome3d.com\/images\/bullet.gif\">Vytvo\u0159 si vlastn\u00ed 3D modely<\/h3>\n<p>Pro vytvo\u0159en\u00ed vlastn\u00edch model\u016f m\u016f\u017ee\u0161 pou\u017e\u00edt jak\u00fdkoliv software schopn\u00fd generovat soubory ve form\u00e1tu OBJ, DAE \/ Collada, KMZ nebo 3DS, jako je nap\u0159\u00edklad bezplatn\u00fd software <a href=\"https:\/\/www.blender.org\/\" target=\"_blank\" rel=\"noopener\">Blender<\/a>. V p\u0159\u00edpad\u011b pot\u0159eby m\u016f\u017ee\u0161 tak\u00e9 vytvo\u0159it vlastn\u00ed SH3F soubory pomoc\u00ed sta\u017eiteln\u00e9ho <a href=\"https:\/\/sourceforge.net\/projects\/sweethome3d\/files\/FurnitureLibraryEditor\/FurnitureLibraryEditor-2.2.jar\/download\" target=\"_blank\" rel=\"noopener\">Editoru knihovny n\u00e1bytku<\/a>.<br\/>Pokud chce\u0161 sd\u00edlet sv\u00e9 modely nebo je nab\u00eddnout na <a href=\"https:\/\/wp-test-1.sweethome3d.eu\/cs\/bezplatne-3d-modely\/\" data-type=\"page\" data-id=\"4869\">str\u00e1nce bezplatn\u00fdch 3D model\u016f<\/a>, nahraj je pros\u00edm do syst\u00e9mu sledov\u00e1n\u00ed <a href=\"https:\/\/sourceforge.net\/p\/sweethome3d\/d-models\/\" target=\"_blank\" rel=\"noopener\">P\u0159\u00edsp\u011bvk\u016f 3D model\u016f<\/a>. <\/p>\n<h3 class=\"wp-block-heading\" id=\"dalsi-webove-stranky-s-3d-modely\"><img loading=\"lazy\" decoding=\"async\" width=\"16\" height=\"12\" src=\"https:\/\/www.sweethome3d.com\/images\/bullet.gif\">Dal\u0161\u00ed webov\u00e9 str\u00e1nky s 3D modely<\/h3>\n<p>N\u00e1sleduj\u00edc\u00ed str\u00e1nky tak\u00e9 nab\u00edzej\u00ed n\u011bkter\u00e9 bezplatn\u00e9 3D modely ve form\u00e1tech OBJ, DAE, KMZ nebo 3DS podporovan\u00fdch pr\u016fvodcem importu n\u00e1bytku v <a href=\"\/\">Sweet Home 3D<\/a>:<\/p>\n\n<figure class=\"wp-block-flexible-table-block-table is-content-justification-left td-border-0 stars-table\"><table class=\"has-fixed-layout\" style=\"border-width:0\"><tbody><tr><td><img loading=\"lazy\" decoding=\"async\" width=\"12\" height=\"12\" src=\"https:\/\/www.sweethome3d.com\/images\/star.gif\" alt=\"Hv\u011bzda\"><img loading=\"lazy\" decoding=\"async\" width=\"12\" height=\"12\" src=\"https:\/\/www.sweethome3d.com\/images\/star.gif\" alt=\"Hv\u011bzda\"><img loading=\"lazy\" decoding=\"async\" width=\"12\" height=\"12\" src=\"https:\/\/www.sweethome3d.com\/images\/star.gif\" alt=\"Hv\u011bzda\"><\/td><td><a href=\"https:\/\/3dwarehouse.sketchup.com\/\" target=\"_blank\" rel=\"noopener\">Trimble 3D Warehouse<\/a> (velk\u00fd v\u00fdb\u011br model\u016f ve form\u00e1tu KMZ a Collada) *<\/td><\/tr><tr><td><img loading=\"lazy\" decoding=\"async\" width=\"12\" height=\"12\" src=\"https:\/\/www.sweethome3d.com\/images\/star.gif\" alt=\"Hv\u011bzda\"><img loading=\"lazy\" decoding=\"async\" width=\"12\" height=\"12\" src=\"https:\/\/www.sweethome3d.com\/images\/star.gif\" alt=\"Hv\u011bzda\"><img loading=\"lazy\" decoding=\"async\" width=\"12\" height=\"12\" src=\"https:\/\/www.sweethome3d.com\/images\/star.gif\" alt=\"Hv\u011bzda\"><\/td><td><a href=\"https:\/\/resources.blogscopia.com\/category\/models\/\" target=\"_blank\" rel=\"noopener\">Resources.blogscopia<\/a> (bezplatn\u00e9 dob\u0159e navr\u017een\u00e9 modely zobrazen\u00e9 tak\u00e9 <a href=\"https:\/\/www.sweethome3d.com\/freeModels.jsp#ScopiaModels\" target=\"_blank\" rel=\"noopener\">zde<\/a>)<\/td><\/tr><tr><td><img loading=\"lazy\" decoding=\"async\" width=\"12\" height=\"12\" src=\"https:\/\/www.sweethome3d.com\/images\/star.gif\" alt=\"Hv\u011bzda\"><img loading=\"lazy\" decoding=\"async\" width=\"12\" height=\"12\" src=\"https:\/\/www.sweethome3d.com\/images\/star.gif\" alt=\"Hv\u011bzda\"><img loading=\"lazy\" decoding=\"async\" width=\"12\" height=\"12\" src=\"https:\/\/www.sweethome3d.com\/images\/star.gif\" alt=\"Hv\u011bzda\"><\/td><td><a href=\"https:\/\/www.dodecagon.nl\/\" target=\"_blank\" rel=\"noopener\">Dodecagon<\/a> (r\u016fzn\u00e9 knihovny n\u00e1bytku vydan\u00e9 jako Public Domain)<\/td><\/tr><tr><td><img loading=\"lazy\" decoding=\"async\" width=\"12\" height=\"12\" src=\"https:\/\/www.sweethome3d.com\/images\/star.gif\" alt=\"Hv\u011bzda\"><img loading=\"lazy\" decoding=\"async\" width=\"12\" height=\"12\" src=\"https:\/\/www.sweethome3d.com\/images\/star.gif\" alt=\"Hv\u011bzda\"><img loading=\"lazy\" decoding=\"async\" width=\"12\" height=\"12\" src=\"https:\/\/www.sweethome3d.com\/images\/star.gif\" alt=\"Hv\u011bzda\"><\/td><td><a href=\"https:\/\/www.2d3dmodels.com\/3dmodels.htm\" target=\"_blank\" rel=\"noopener\">ArchiBit Generation<\/a> (r\u016fzn\u00e9 dob\u0159e navr\u017een\u00e9 modely)<\/td><\/tr><tr><td><img loading=\"lazy\" decoding=\"async\" width=\"12\" height=\"12\" src=\"https:\/\/www.sweethome3d.com\/images\/star.gif\" alt=\"Hv\u011bzda\"><img loading=\"lazy\" decoding=\"async\" width=\"12\" height=\"12\" src=\"https:\/\/www.sweethome3d.com\/images\/star.gif\" alt=\"Hv\u011bzda\"><\/td><td><a href=\"https:\/\/telias.gr\/models_wavefront_menu.html\" target=\"_blank\" rel=\"noopener\">Free the models<\/a> (n\u00e1bytek testovan\u00fd ve Sweet Home 3D)<\/td><\/tr><tr><td><img loading=\"lazy\" decoding=\"async\" width=\"12\" height=\"12\" src=\"https:\/\/www.sweethome3d.com\/images\/star.gif\" alt=\"Hv\u011bzda\"><img loading=\"lazy\" decoding=\"async\" width=\"12\" height=\"12\" src=\"https:\/\/www.sweethome3d.com\/images\/star.gif\" alt=\"Hv\u011bzda\"><\/td><td><a href=\"https:\/\/archive3d.net\/\" class=\"broken_link\" target=\"_blank\" rel=\"noopener\">Archive3D<\/a> (mnoho model\u016f, ale n\u011bkter\u00e9 nelze importovat do Sweet Home 3D)<\/td><\/tr><tr><td><img loading=\"lazy\" decoding=\"async\" width=\"12\" height=\"12\" src=\"https:\/\/www.sweethome3d.com\/images\/star.gif\" alt=\"Hv\u011bzda\"><img loading=\"lazy\" decoding=\"async\" width=\"12\" height=\"12\" src=\"https:\/\/www.sweethome3d.com\/images\/star.gif\" alt=\"Hv\u011bzda\"><\/td><td><a href=\"https:\/\/www.kolo-international.com\/\" target=\"_blank\" rel=\"noopener\">Kolo<\/a> (koupelnov\u00fd n\u00e1bytek)<\/td><\/tr><tr><td><img loading=\"lazy\" decoding=\"async\" width=\"12\" height=\"12\" src=\"https:\/\/www.sweethome3d.com\/images\/star.gif\" alt=\"Hv\u011bzda\"><img loading=\"lazy\" decoding=\"async\" width=\"12\" height=\"12\" src=\"https:\/\/www.sweethome3d.com\/images\/star.gif\" alt=\"Hv\u011bzda\"><\/td><td><a href=\"https:\/\/www.klicker.de\/interior.html\" target=\"_blank\" rel=\"noopener\">Klicker<\/a> (n\u011bkolik \u017eidl\u00ed a strom\u016f)<\/td><\/tr><\/tbody><\/table><\/figure>\n\n<p>* Pozn\u00e1mka: Stahov\u00e1n\u00ed model\u016f z <a href=\"https:\/\/3dwarehouse.sketchup.com\/\" target=\"_blank\" rel=\"noopener\">Trimble 3D Warehouse<\/a> vy\u017eaduje od konce roku 2019 p\u0159ihl\u00e1\u0161en\u00ed pomoc\u00ed Trimble ID. V\u011bnuj tak\u00e9 pozornost stahov\u00e1n\u00ed 3D model\u016f ve form\u00e1tech Collada nebo KMZ, kter\u00e9 jsou dostupn\u00e9 v seznamu form\u00e1t\u016f zobrazen\u00fdch po kliknut\u00ed na tla\u010d\u00edtko <g id=\"gid_1\">St\u00e1hnout<\/g> na str\u00e1nce zobrazuj\u00edc\u00ed 3D model. Modely dostupn\u00e9 ve form\u00e1tu SKP\/SketchUp lze upravovat a p\u0159ev\u00e1d\u011bt do form\u00e1tu DAE\/Collada pomoc\u00ed <a href=\"https:\/\/www.sketchup.com\/download\" target=\"_blank\" rel=\"noopener\">SketchUp<\/a>.  <\/p>\n\n<p>Pokud <a href=\"https:\/\/www.sweethome3d.com\/download.jsp\" target=\"_blank\" rel=\"noopener\">Sweet Home 3D<\/a> odm\u00edtne importovat n\u011bkter\u00e9 ZIP soubory nab\u00edzen\u00e9 na t\u011bchto str\u00e1nk\u00e1ch, nejprve je rozbal.<\/p>\n\n<p>Respektuj pros\u00edm licenci model\u016f, kter\u00e9 si m\u016f\u017ee\u0161 st\u00e1hnout z t\u011bchto webov\u00fdch str\u00e1nek.<\/p>\n\n<hr class=\"wp-block-separator has-text-color has-white-color has-alpha-channel-opacity has-white-background-color has-background\"\/>\n<div class=\"wp-block-image\">\n<figure class=\"aligncenter size-full\"><img loading=\"lazy\" decoding=\"async\" width=\"128\" height=\"128\" src=\"https:\/\/wp-test-1.sweethome3d.eu\/wp-content\/uploads\/2025\/10\/bedWithTexture.png\" alt=\"P&#x159;&#xED;klad importu model&#x16F;\" class=\"wp-image-4856\"\/><\/figure>\n<\/div>\n<hr class=\"wp-block-separator has-text-color has-white-color has-alpha-channel-opacity has-white-background-color has-background\"\/>\n\n<p class=\"has-text-align-center\"><a href=\"mailto:info@sweethome3d.com\">Navrhni dal\u0161\u00ed str\u00e1nky nebo nahlas nefunk\u010dn\u00ed odkaz<\/a><\/p>\n\n<p class=\"has-text-align-center\"><em>Posledn\u00ed aktualizace: 7.12.2024<\/em><\/p>\n","protected":false},"excerpt":{"rendered":"<p>Pro import model\u016f tato str\u00e1nka uv\u00e1d\u00ed n\u011bkter\u00e9 zdroje bezplatn\u00fdch 3D model\u016f, kter\u00e9 m\u016f\u017ee\u0161 importovat do Sweet Home 3D, bu\u010f jeden po druh\u00e9m nebo po skupin\u00e1ch model\u016f, a webov\u00e9 str\u00e1nky, kter\u00e9 nab\u00edzej\u00ed 3D modely. Dostupn\u00e9 zdroje 3D model\u016f Bezplatn\u00e9 3D modely vytvo\u0159en\u00e9 p\u0159isp\u011bvateli The\u00a0free 3D models page\u00a0proposes more than 1.600 additional 3D models created by contributors [&hellip;]<\/p>\n","protected":false},"author":2,"featured_media":9909,"parent":0,"menu_order":0,"comment_status":"closed","ping_status":"closed","template":"","meta":{"inline_featured_image":false,"footnotes":""},"class_list":["post-9929","page","type-page","status-publish","has-post-thumbnail","hentry"],"_links":{"self":[{"href":"https:\/\/wp-test-1.sweethome3d.eu\/cs\/wp-json\/wp\/v2\/pages\/9929","targetHints":{"allow":["GET"]}}],"collection":[{"href":"https:\/\/wp-test-1.sweethome3d.eu\/cs\/wp-json\/wp\/v2\/pages"}],"about":[{"href":"https:\/\/wp-test-1.sweethome3d.eu\/cs\/wp-json\/wp\/v2\/types\/page"}],"author":[{"embeddable":true,"href":"https:\/\/wp-test-1.sweethome3d.eu\/cs\/wp-json\/wp\/v2\/users\/2"}],"replies":[{"embeddable":true,"href":"https:\/\/wp-test-1.sweethome3d.eu\/cs\/wp-json\/wp\/v2\/comments?post=9929"}],"version-history":[{"count":3,"href":"https:\/\/wp-test-1.sweethome3d.eu\/cs\/wp-json\/wp\/v2\/pages\/9929\/revisions"}],"predecessor-version":[{"id":11590,"href":"https:\/\/wp-test-1.sweethome3d.eu\/cs\/wp-json\/wp\/v2\/pages\/9929\/revisions\/11590"}],"wp:featuredmedia":[{"embeddable":true,"href":"https:\/\/wp-test-1.sweethome3d.eu\/cs\/wp-json\/wp\/v2\/media\/9909"}],"wp:attachment":[{"href":"https:\/\/wp-test-1.sweethome3d.eu\/cs\/wp-json\/wp\/v2\/media?parent=9929"}],"curies":[{"name":"wp","href":"https:\/\/api.w.org\/{rel}","templated":true}]}}