{"id":10007,"date":"2025-09-18T11:54:48","date_gmt":"2025-09-18T11:54:48","guid":{"rendered":"https:\/\/wp-test-1.sweethome3d.eu\/modelle-in-sweet-home-3d-importieren-eigene-3d-moebel-und-objekte-hinzufuegen\/"},"modified":"2025-11-03T16:38:01","modified_gmt":"2025-11-03T16:38:01","slug":"modelle-in-sweet-home-3d-importieren-eigene-3d-moebel-und-objekte-hinzufuegen","status":"publish","type":"page","link":"https:\/\/wp-test-1.sweethome3d.eu\/de\/modelle-in-sweet-home-3d-importieren-eigene-3d-moebel-und-objekte-hinzufuegen\/","title":{"rendered":"Modelle in Sweet Home 3D importieren \u2013 Eigene 3D-M\u00f6bel und -Objekte hinzuf\u00fcgen"},"content":{"rendered":"\n<p class=\"has-text-align-center\">Um <strong>Modelle zu importieren<\/strong>, listet diese Seite einige Quellen f\u00fcr <strong>kostenlose 3D-Modelle<\/strong> auf, die du in <a href=\"\/\">Sweet Home 3D<\/a> importieren kannst, entweder <a href=\"https:\/\/wp-test-1.sweethome3d.eu\/de\/modelle-in-sweet-home-3d-importieren-eigene-3d-moebel-und-objekte-hinzufuegen\/\" data-type=\"page\" data-id=\"432\">einzeln<\/a> oder als <a href=\"https:\/\/wp-test-1.sweethome3d.eu\/de\/modelle-in-sweet-home-3d-importieren-eigene-3d-moebel-und-objekte-hinzufuegen\/#ModelsLibraries\" data-type=\"link\" data-id=\"https:\/\/wp-test-1.sweethome3d.eu\/import-models\/#ModelsLibraries\">Modellgruppe<\/a>, sowie <a href=\"https:\/\/wp-test-1.sweethome3d.eu\/de\/modelle-in-sweet-home-3d-importieren-eigene-3d-moebel-und-objekte-hinzufuegen\/#WebSitesWithModels\">Webseiten<\/a>, die 3D-Modelle anbieten.<\/p>\n<h2 class=\"wp-block-heading\" id=\"verfuegbare-quellen-fuer-3dmodelle\">Verf\u00fcgbare Quellen f\u00fcr 3D-Modelle<\/h2><h3 class=\"wp-block-heading\" id=\"kostenlose-3dmodelle-von-mitwirkenden\"><img loading=\"lazy\" decoding=\"async\" width=\"16\" height=\"12\" src=\"https:\/\/www.sweethome3d.com\/images\/bullet.gif\">Kostenlose 3D-Modelle von Mitwirkenden<\/h3>\n<p>The\u00a0<a href=\"https:\/\/wp-test-1.sweethome3d.eu\/free-3d-models\/\" data-type=\"page\" data-id=\"4869\">free 3D models page<\/a>\u00a0proposes more than 1.600 additional 3D models created by contributors and supported in the\u00a0<a href=\"https:\/\/wp-test-1.sweethome3d.eu\/users-guide\/#importing3DModels\" data-type=\"page\" data-id=\"424\">furniture import wizard<\/a>\u00a0of Sweet Home 3D.<\/p>\n\n<div class=\"wp-block-group models-row is-content-justification-center is-nowrap is-layout-flex wp-container-core-group-is-layout-94bc23d7 wp-block-group-is-layout-flex\">\n<figure class=\"wp-block-image size-full is-resized\"><a href=\"https:\/\/wp-test-1.sweethome3d.eu\/de\/kostenlose-3d-modelle\/\"><img loading=\"lazy\" decoding=\"async\" width=\"128\" height=\"128\" src=\"https:\/\/wp-test-1.sweethome3d.eu\/wp-content\/uploads\/2025\/10\/bedWithTexture.png\" alt=\"\" class=\"wp-image-4856\" style=\"width:64px\" \/><\/a><\/figure>\n\n\n\n<figure class=\"wp-block-image size-full is-resized\"><a href=\"https:\/\/wp-test-1.sweethome3d.eu\/de\/kostenlose-3d-modelle\/\"><img loading=\"lazy\" decoding=\"async\" width=\"128\" height=\"128\" src=\"https:\/\/wp-test-1.sweethome3d.eu\/wp-content\/uploads\/2025\/10\/burlap_sofa.png\" alt=\"\" class=\"wp-image-4857\" style=\"width:64px\" \/><\/a><\/figure>\n\n\n\n<figure class=\"wp-block-image size-full is-resized\"><a href=\"https:\/\/wp-test-1.sweethome3d.eu\/de\/kostenlose-3d-modelle\/\"><img loading=\"lazy\" decoding=\"async\" width=\"128\" height=\"128\" src=\"https:\/\/wp-test-1.sweethome3d.eu\/wp-content\/uploads\/2025\/10\/wooden_table_office.png\" alt=\"\" class=\"wp-image-4858\" style=\"width:64px\" \/><\/a><\/figure>\n\n\n\n<figure class=\"wp-block-image size-full is-resized\"><a href=\"https:\/\/wp-test-1.sweethome3d.eu\/de\/kostenlose-3d-modelle\/\"><img loading=\"lazy\" decoding=\"async\" width=\"128\" height=\"128\" src=\"https:\/\/wp-test-1.sweethome3d.eu\/wp-content\/uploads\/2025\/10\/meubleSalleDeBain.png\" alt=\"\" class=\"wp-image-4859\" style=\"width:64px\" \/><\/a><\/figure>\n\n\n\n<figure class=\"wp-block-image size-full is-resized\"><a href=\"https:\/\/wp-test-1.sweethome3d.eu\/de\/kostenlose-3d-modelle\/\"><img loading=\"lazy\" decoding=\"async\" width=\"128\" height=\"128\" src=\"https:\/\/wp-test-1.sweethome3d.eu\/wp-content\/uploads\/2025\/10\/kitchenSink.png\" alt=\"\" class=\"wp-image-4860\" style=\"width:64px\" \/><\/a><\/figure>\n\n\n\n<figure class=\"wp-block-image size-full is-resized\"><a href=\"https:\/\/wp-test-1.sweethome3d.eu\/de\/kostenlose-3d-modelle\/\"><img loading=\"lazy\" decoding=\"async\" width=\"128\" height=\"128\" src=\"https:\/\/wp-test-1.sweethome3d.eu\/wp-content\/uploads\/2025\/10\/office_chair.png\" alt=\"\" class=\"wp-image-4861\" style=\"width:64px\" \/><\/a><\/figure>\n\n\n\n<figure class=\"wp-block-image size-full is-resized\"><a href=\"https:\/\/wp-test-1.sweethome3d.eu\/de\/kostenlose-3d-modelle\/\"><img loading=\"lazy\" decoding=\"async\" width=\"128\" height=\"128\" src=\"https:\/\/wp-test-1.sweethome3d.eu\/wp-content\/uploads\/2025\/10\/bureau3.png\" alt=\"\" class=\"wp-image-4862\" style=\"width:64px\" \/><\/a><\/figure>\n\n\n\n<figure class=\"wp-block-image size-full is-resized\"><a href=\"https:\/\/wp-test-1.sweethome3d.eu\/de\/kostenlose-3d-modelle\/\"><img loading=\"lazy\" decoding=\"async\" width=\"128\" height=\"128\" src=\"https:\/\/wp-test-1.sweethome3d.eu\/wp-content\/uploads\/2025\/10\/apple-ibook-2001.png\" alt=\"\" class=\"wp-image-4863\" style=\"width:64px\" \/><\/a><\/figure>\n\n\n\n<figure class=\"wp-block-image size-full is-resized\"><a href=\"https:\/\/wp-test-1.sweethome3d.eu\/de\/kostenlose-3d-modelle\/\"><img loading=\"lazy\" decoding=\"async\" width=\"128\" height=\"128\" src=\"https:\/\/wp-test-1.sweethome3d.eu\/wp-content\/uploads\/2025\/10\/pianoAQueue.png\" alt=\"\" class=\"wp-image-4864\" style=\"width:64px\" \/><\/a><\/figure>\n\n\n\n<figure class=\"wp-block-image size-full is-resized\"><a href=\"https:\/\/wp-test-1.sweethome3d.eu\/de\/kostenlose-3d-modelle\/\"><img loading=\"lazy\" decoding=\"async\" width=\"128\" height=\"128\" src=\"https:\/\/wp-test-1.sweethome3d.eu\/wp-content\/uploads\/2025\/10\/male03.png\" alt=\"\" class=\"wp-image-4865\" style=\"width:64px\" \/><\/a><\/figure>\n\n\n\n<figure class=\"wp-block-image size-full is-resized\"><a href=\"https:\/\/wp-test-1.sweethome3d.eu\/de\/kostenlose-3d-modelle\/\"><img loading=\"lazy\" decoding=\"async\" width=\"128\" height=\"128\" src=\"https:\/\/wp-test-1.sweethome3d.eu\/wp-content\/uploads\/2025\/10\/concept-sedan-02-sport.png\" alt=\"\" class=\"wp-image-4866\" style=\"width:64px\" \/><\/a><\/figure>\n\n\n\n<figure class=\"wp-block-image size-full is-resized\"><a href=\"https:\/\/wp-test-1.sweethome3d.eu\/de\/kostenlose-3d-modelle\/\"><img loading=\"lazy\" decoding=\"async\" width=\"128\" height=\"128\" src=\"https:\/\/wp-test-1.sweethome3d.eu\/wp-content\/uploads\/2025\/10\/blackTupelo.png\" alt=\"\" class=\"wp-image-4867\" style=\"width:64px\" \/><\/a><\/figure>\n<\/div>\n\n<p>Du kannst auch die <a href=\"#download\">Vollversion herunterladen<\/a>, mit \u00fcber 10.000 3D-Modellen und 400 <a href=\"https:\/\/wp-test-1.sweethome3d.eu\/de\/texturen-importieren\/\" data-type=\"page\" data-id=\"435\">Texturen<\/a>, die bereits enthalten sind.<\/p>\n\n<div class=\"wp-block-buttons is-layout-flex wp-block-buttons-is-layout-flex\">\n<div class=\"wp-block-button btn-download btn-small\" data-wce-label=\"wce_3Dmodels_download_direct\"><a class=\"wp-block-button__link wp-element-button\" href=\"#download\" style=\"text-decoration:underline\"><img loading=\"lazy\" decoding=\"async\" width=\"43\" height=\"42\" class=\"wp-image-390\" style=\"width: 20px\" src=\"http:\/\/wp-test-1.sweethome3d.eu\/wp-content\/uploads\/2025\/09\/download-bottom.svg\" alt=\"\" \/> Sweet Home 3D herunterladen<\/a><\/div>\n<\/div>\n<h3 class=\"wp-block-heading\" id=\"bibliotheken-fuer-3dmodelle\"><img loading=\"lazy\" decoding=\"async\" width=\"16\" height=\"12\" src=\"https:\/\/www.sweethome3d.com\/images\/bullet.gif\">Bibliotheken f\u00fcr 3D-Modelle<br><a href=\"https:\/\/apps.apple.com\/app\/sweet-home-3d\/id669289700\" data-wce-label=\"wce_3Dmodels_download_hyperlink\" target=\"_blank\" rel=\"noopener\"><\/a><\/h3>\n<p><a href=\"https:\/\/www.sweethome3d.com\/download.jsp\" target=\"_blank\" rel=\"noopener\">Sweet Home 3D<\/a> erm\u00f6glicht dir auch den Import von Modellen (Bibliotheken von 3D-Modellen), die in SH3F-Dateien gespeichert sind. Eine SH3F-Datei gruppiert Modelle mit ihrer Beschreibung und kann einfach durch Doppelklicken installiert werden oder indem du den Men\u00fcpunkt <em>M\u00f6bel &gt; M\u00f6belbibliothek importieren<\/em> in <a href=\"https:\/\/www.sweethome3d.com\/download.jsp\" target=\"_blank\" rel=\"noopener\">Sweet Home 3D<\/a> w\u00e4hlst.<br \/>Die folgenden ZIP-Dateien enthalten eine SH3F-Datei, die du in <a href=\"https:\/\/www.sweethome3d.com\/download.jsp\" target=\"_blank\" rel=\"noopener\">Sweet Home 3D<\/a> importieren kannst. Diese Bibliotheken enthalten die 3D-Modelle, die auf der <a href=\"https:\/\/www.sweethome3d.com\/freeModels.jsp\" target=\"_blank\" rel=\"noopener\">Seite f\u00fcr kostenlose Modelle<\/a> verf\u00fcgbar sind.  <\/p>\n\n<div class=\"wp-block-group is-layout-grid wp-container-core-group-is-layout-9649a0d9 wp-block-group-is-layout-grid\">\n<figure class=\"wp-block-image size-full is-resized mx-auto\"><img loading=\"lazy\" decoding=\"async\" width=\"178\" height=\"89\" src=\"http:\/\/wp-test-1.sweethome3d.eu\/wp-content\/uploads\/2025\/10\/sweethome3d64x64.png\" alt=\"\" class=\"wp-image-4886\" style=\"width:135px\" \/><\/figure>\n\n\n\n<p class=\"wp-container-content-5f80b302\"><a href=\"https:\/\/sourceforge.net\/projects\/sweethome3d\/files\/SweetHome3D-models\/3DModels-1.9.3\/3DModels-Contributions-1.9.3.zip\/download\" target=\"_blank\" rel=\"noopener\">3DModels-Contributions-1.9.3.zip<\/a> (29 MB \u2013 511 Modelle \u2013 Free Art License)<br \/><a href=\"https:\/\/sourceforge.net\/projects\/sweethome3d\/files\/SweetHome3D-models\/3DModels-1.9.3\/3DModels-LucaPresidente-1.9.3.zip\/download\" target=\"_blank\" rel=\"noopener\">3DModels-LucaPresidente-1.9.3.zip<\/a> (3,7 MB \u2013 64 Modelle \u2013 Free Art License)<br \/><a href=\"https:\/\/sourceforge.net\/projects\/sweethome3d\/files\/SweetHome3D-models\/3DModels-1.9.3\/3DModels-Trees-1.9.3.zip\/download\" target=\"_blank\" rel=\"noopener\">3DModels-Trees-1.9.3.zip<\/a> (6,7 MB \u2013 10 Baummodelle \u2013 Free Art License)<\/p>\n<\/div>\n\n<div class=\"wp-block-group is-layout-grid wp-container-core-group-is-layout-9649a0d9 wp-block-group-is-layout-grid\">\n<figure class=\"wp-block-image size-full is-resized mx-auto\"><img loading=\"lazy\" decoding=\"async\" width=\"222\" height=\"56\" src=\"http:\/\/wp-test-1.sweethome3d.eu\/wp-content\/uploads\/2025\/10\/scopia.png\" alt=\"\" class=\"wp-image-4885\" style=\"width:111px\" \/><\/figure>\n\n\n\n<p class=\"wp-container-content-5f80b302\"><a href=\"https:\/\/sourceforge.net\/projects\/sweethome3d\/files\/SweetHome3D-models\/3DModels-1.9.3\/3DModels-Scopia-1.9.3.zip\/download\" target=\"_blank\" rel=\"noopener\">3DModels-Scopia-1.9.3.zip<\/a> (69,5 MB \u2013 500 Modelle \u2013 CC-BY Lizenz)<\/p>\n<\/div>\n\n<div class=\"wp-block-group is-layout-grid wp-container-core-group-is-layout-9649a0d9 wp-block-group-is-layout-grid\">\n<figure class=\"wp-block-image size-full is-resized mx-auto\"><img loading=\"lazy\" decoding=\"async\" width=\"330\" height=\"60\" src=\"http:\/\/wp-test-1.sweethome3d.eu\/wp-content\/uploads\/2025\/10\/katorlegaz.png\" alt=\"\" class=\"wp-image-4899\" style=\"width:150px\" \/><\/figure>\n\n\n\n<p class=\"wp-container-content-5f80b302\"><a href=\"https:\/\/sourceforge.net\/projects\/sweethome3d\/files\/SweetHome3D-models\/3DModels-1.9.3\/3DModels-KatorLegaz-1.9.3.zip\/download\" target=\"_blank\" rel=\"noopener\">3DModels-KatorLegaz-1.9.3.zip<\/a> (8,9 MB \u2013 90 Modelle \u2013 CC-BY Lizenz)<\/p>\n<\/div>\n\n<div class=\"wp-block-group is-layout-grid wp-container-core-group-is-layout-9649a0d9 wp-block-group-is-layout-grid\">\n<figure class=\"wp-block-image size-full is-resized mx-auto\"><img loading=\"lazy\" decoding=\"async\" width=\"136\" height=\"41\" src=\"http:\/\/wp-test-1.sweethome3d.eu\/wp-content\/uploads\/2025\/10\/blendswap.png\" alt=\"\" class=\"wp-image-4902\" style=\"width:136px\" \/><\/figure>\n\n\n\n<p class=\"wp-container-content-5f80b302\"><a href=\"https:\/\/sourceforge.net\/projects\/sweethome3d\/files\/SweetHome3D-models\/3DModels-1.9.3\/3DModels-BlendSwap-CC-0-1.9.3.zip\/download\" target=\"_blank\" rel=\"noopener\">3DModels-BlendSwap-CC-0-1.9.3.zip<\/a> (23,8 MB \u2013 175 Modelle \u2013 Gemeinfrei)<br \/><a href=\"https:\/\/sourceforge.net\/projects\/sweethome3d\/files\/SweetHome3D-models\/3DModels-1.9.3\/3DModels-BlendSwap-CC-BY-1.9.3.zip\/download\" target=\"_blank\" rel=\"noopener\">3DModels-BlendSwap-CC-BY-1.9.3.zip<\/a> (23,9 MB \u2013 135 Modelle \u2013 CC-BY Lizenz)<\/p>\n<\/div>\n\n<div class=\"wp-block-group is-layout-grid wp-container-core-group-is-layout-9649a0d9 wp-block-group-is-layout-grid\">\n<figure class=\"wp-block-image size-full is-resized mx-auto\"><img loading=\"lazy\" decoding=\"async\" width=\"140\" height=\"60\" src=\"https:\/\/wp-test-1.sweethome3d.eu\/wp-content\/uploads\/2025\/10\/reallusion.png\" alt=\"\" class=\"wp-image-4904\" style=\"width:110px\" \/><\/figure>\n\n\n\n<p class=\"wp-container-content-5f80b302\"><a href=\"https:\/\/sourceforge.net\/projects\/sweethome3d\/files\/SweetHome3D-models\/3DModels-1.9.3\/3DModels-Reallusion-1.9.3.zip\/download\" target=\"_blank\" rel=\"noopener\">3DModels-Reallusion-1.9.3.zip<\/a> (10,7 MB \u2013 25 menschliche Modelle \u2013 CC-BY Lizenz)<\/p>\n<\/div>\n\n<p>Dich k\u00f6nnte auch der <a href=\"https:\/\/wp-test-1.sweethome3d.eu\/blog\/\" data-type=\"page\" data-id=\"280\">Blog-Artikel<\/a> <a href=\"https:\/\/www.sweethome3d.com\/blog\/2017\/12\/08\/additional_contributors_libraries.html\" target=\"_blank\" rel=\"noopener\">Zus\u00e4tzliche Bibliotheken von Mitwirkenden<\/a> interessieren, der weitere spezielle Modellbibliotheken auflistet, die von einigen Sweet Home 3D Mitwirkenden entworfen wurden (2D-Symbole, Sanit\u00e4r, Dachteile,\u2026).<\/p>\n<h3 class=\"wp-block-heading\" id=\"erstelle-deine-3dmodelle\"><img loading=\"lazy\" decoding=\"async\" width=\"16\" height=\"12\" src=\"https:\/\/www.sweethome3d.com\/images\/bullet.gif\">Erstelle deine 3D-Modelle<\/h3>\n<p>Um deine eigenen Modelle zu erstellen, kannst du jede Software verwenden, die Dateien im OBJ-, DAE-\/Collada-, KMZ- oder 3DS-Format generieren kann, wie die kostenlose Software <a href=\"https:\/\/www.blender.org\/\" target=\"_blank\" rel=\"noopener\">Blender<\/a>. Bei Bedarf kannst du auch deine eigenen SH3F-Dateien mit dem herunterladbaren <a href=\"https:\/\/sourceforge.net\/projects\/sweethome3d\/files\/FurnitureLibraryEditor\/FurnitureLibraryEditor-2.2.jar\/download\" target=\"_blank\" rel=\"noopener\">M\u00f6belbibliotheks-Editor<\/a> erstellen.<br \/>Wenn du deine Modelle teilen oder auf der <a href=\"https:\/\/wp-test-1.sweethome3d.eu\/de\/kostenlose-3d-modelle\/\" data-type=\"page\" data-id=\"4869\">Seite f\u00fcr kostenlose 3D-Modelle<\/a> vorschlagen m\u00f6chtest, poste sie bitte im <a href=\"https:\/\/sourceforge.net\/p\/sweethome3d\/d-models\/\" target=\"_blank\" rel=\"noopener\">3D Models Contributions<\/a> Tracking System. <\/p>\n<h3 class=\"wp-block-heading\" id=\"andere-webseiten-mit-3dmodellen\"><img loading=\"lazy\" decoding=\"async\" width=\"16\" height=\"12\" src=\"https:\/\/www.sweethome3d.com\/images\/bullet.gif\">Andere Webseiten mit 3D-Modellen<\/h3>\n<p>Die folgenden Seiten bieten auch einige kostenlose 3D-Modelle in den Formaten OBJ, DAE, KMZ oder 3DS an, die vom M\u00f6belimport-Assistenten von <a href=\"\/\">Sweet Home 3D<\/a> unterst\u00fctzt werden:<\/p>\n\n<figure class=\"wp-block-flexible-table-block-table is-content-justification-left td-border-0 stars-table\"><table class=\"has-fixed-layout\" style=\"border-width:0\"><tbody><tr><td><img loading=\"lazy\" decoding=\"async\" width=\"12\" height=\"12\" src=\"https:\/\/www.sweethome3d.com\/images\/star.gif\" alt=\"Stern\"><img loading=\"lazy\" decoding=\"async\" width=\"12\" height=\"12\" src=\"https:\/\/www.sweethome3d.com\/images\/star.gif\" alt=\"Stern\"><img loading=\"lazy\" decoding=\"async\" width=\"12\" height=\"12\" src=\"https:\/\/www.sweethome3d.com\/images\/star.gif\" alt=\"Stern\"><\/td><td><a href=\"https:\/\/3dwarehouse.sketchup.com\/\" target=\"_blank\" rel=\"noopener\">Trimble 3D Warehouse<\/a> (eine gro\u00dfe Auswahl an Modellen im KMZ- und Collada-Format) *<\/td><\/tr><tr><td><img loading=\"lazy\" decoding=\"async\" width=\"12\" height=\"12\" src=\"https:\/\/www.sweethome3d.com\/images\/star.gif\" alt=\"Stern\"><img loading=\"lazy\" decoding=\"async\" width=\"12\" height=\"12\" src=\"https:\/\/www.sweethome3d.com\/images\/star.gif\" alt=\"Stern\"><img loading=\"lazy\" decoding=\"async\" width=\"12\" height=\"12\" src=\"https:\/\/www.sweethome3d.com\/images\/star.gif\" alt=\"Stern\"><\/td><td><a href=\"https:\/\/resources.blogscopia.com\/category\/models\/\" target=\"_blank\" rel=\"noopener\">Resources.blogscopia<\/a> (kostenlose, gut gestaltete Modelle, auch <a href=\"https:\/\/www.sweethome3d.com\/freeModels.jsp#ScopiaModels\" target=\"_blank\" rel=\"noopener\">hier<\/a> gezeigt)<\/td><\/tr><tr><td><img loading=\"lazy\" decoding=\"async\" width=\"12\" height=\"12\" src=\"https:\/\/www.sweethome3d.com\/images\/star.gif\" alt=\"Stern\"><img loading=\"lazy\" decoding=\"async\" width=\"12\" height=\"12\" src=\"https:\/\/www.sweethome3d.com\/images\/star.gif\" alt=\"Stern\"><img loading=\"lazy\" decoding=\"async\" width=\"12\" height=\"12\" src=\"https:\/\/www.sweethome3d.com\/images\/star.gif\" alt=\"Stern\"><\/td><td><a href=\"https:\/\/www.dodecagon.nl\/\" target=\"_blank\" rel=\"noopener\">Dodecagon<\/a> (verschiedene M\u00f6belbibliotheken, als Gemeinfrei ver\u00f6ffentlicht)<\/td><\/tr><tr><td><img loading=\"lazy\" decoding=\"async\" width=\"12\" height=\"12\" src=\"https:\/\/www.sweethome3d.com\/images\/star.gif\" alt=\"Stern\"><img loading=\"lazy\" decoding=\"async\" width=\"12\" height=\"12\" src=\"https:\/\/www.sweethome3d.com\/images\/star.gif\" alt=\"Stern\"><img loading=\"lazy\" decoding=\"async\" width=\"12\" height=\"12\" src=\"https:\/\/www.sweethome3d.com\/images\/star.gif\" alt=\"Stern\"><\/td><td><a href=\"https:\/\/www.2d3dmodels.com\/3dmodels.htm\" target=\"_blank\" rel=\"noopener\">ArchiBit Generation<\/a> (verschiedene gut gestaltete Modelle)<\/td><\/tr><tr><td><img loading=\"lazy\" decoding=\"async\" width=\"12\" height=\"12\" src=\"https:\/\/www.sweethome3d.com\/images\/star.gif\" alt=\"Stern\"><img loading=\"lazy\" decoding=\"async\" width=\"12\" height=\"12\" src=\"https:\/\/www.sweethome3d.com\/images\/star.gif\" alt=\"Stern\"><\/td><td><a href=\"https:\/\/telias.gr\/models_wavefront_menu.html\" target=\"_blank\" rel=\"noopener\">Free the models<\/a> (M\u00f6bel, die in Sweet Home 3D getestet wurden)<\/td><\/tr><tr><td><img loading=\"lazy\" decoding=\"async\" width=\"12\" height=\"12\" src=\"https:\/\/www.sweethome3d.com\/images\/star.gif\" alt=\"Stern\"><img loading=\"lazy\" decoding=\"async\" width=\"12\" height=\"12\" src=\"https:\/\/www.sweethome3d.com\/images\/star.gif\" alt=\"Stern\"><\/td><td><a href=\"https:\/\/archive3d.net\/\" class=\"broken_link\" target=\"_blank\" rel=\"noopener\">Archive3D<\/a> (viele Modelle, aber einige davon k\u00f6nnen nicht in Sweet Home 3D importiert werden)<\/td><\/tr><tr><td><img loading=\"lazy\" decoding=\"async\" width=\"12\" height=\"12\" src=\"https:\/\/www.sweethome3d.com\/images\/star.gif\" alt=\"Stern\"><img loading=\"lazy\" decoding=\"async\" width=\"12\" height=\"12\" src=\"https:\/\/www.sweethome3d.com\/images\/star.gif\" alt=\"Stern\"><\/td><td><a href=\"https:\/\/www.kolo-international.com\/\" target=\"_blank\" rel=\"noopener\">Kolo<\/a> (Badezimmerm\u00f6bel)<\/td><\/tr><tr><td><img loading=\"lazy\" decoding=\"async\" width=\"12\" height=\"12\" src=\"https:\/\/www.sweethome3d.com\/images\/star.gif\" alt=\"Stern\"><img loading=\"lazy\" decoding=\"async\" width=\"12\" height=\"12\" src=\"https:\/\/www.sweethome3d.com\/images\/star.gif\" alt=\"Stern\"><\/td><td><a href=\"https:\/\/www.klicker.de\/interior.html\" target=\"_blank\" rel=\"noopener\">Klicker<\/a> (einige St\u00fchle und B\u00e4ume)<\/td><\/tr><\/tbody><\/table><\/figure>\n\n<p>* Beachte, dass das Herunterladen von Modellen vom <a href=\"https:\/\/3dwarehouse.sketchup.com\/\" target=\"_blank\" rel=\"noopener\">Trimble 3D Warehouse<\/a> seit Ende 2019 eine Anmeldung mit einer Trimble ID erfordert. Achte auch darauf, dort 3D-Modelle in den Formaten Collada oder KMZ herunterzuladen, die in der Liste der Formate verf\u00fcgbar sind, die nach einem Klick auf den <span style=\"background-color:#005E9E;color:white;font-weight:lighter;padding: 2px\">Download<\/span>-Button auf der Seite mit einem 3D-Modell angezeigt werden. Modelle im SKP-\/SketchUp-Format k\u00f6nnen mit <a href=\"https:\/\/www.sketchup.com\/download\" target=\"_blank\" rel=\"noopener\">SketchUp<\/a> bearbeitet und in das DAE-\/Collada-Format konvertiert werden.  <\/p>\n\n<p>Wenn <a href=\"https:\/\/www.sweethome3d.com\/download.jsp\" target=\"_blank\" rel=\"noopener\">Sweet Home 3D<\/a> sich weigert, einige der auf diesen Seiten angebotenen ZIP-Dateien zu importieren, entpacke sie bitte zuerst.<\/p>\n\n<p>Bitte beachte die Lizenz der Modelle, die du auf diesen Webseiten herunterladen kannst.<\/p>\n\n<hr class=\"wp-block-separator has-text-color has-white-color has-alpha-channel-opacity has-white-background-color has-background\" \/>\n<div class=\"wp-block-image\">\n<figure class=\"aligncenter size-full\"><img loading=\"lazy\" decoding=\"async\" width=\"128\" height=\"128\" src=\"https:\/\/wp-test-1.sweethome3d.eu\/wp-content\/uploads\/2025\/10\/bedWithTexture.png\" alt=\"Beispiel f&#xFC;r Modellimport\" class=\"wp-image-4856\" \/><\/figure>\n<\/div>\n<hr class=\"wp-block-separator has-text-color has-white-color has-alpha-channel-opacity has-white-background-color has-background\" \/>\n\n<p class=\"has-text-align-center\"><a href=\"mailto:info@sweethome3d.com\">Andere Seiten vorschlagen oder einen defekten Link melden<\/a><\/p>\n\n<p class=\"has-text-align-center\"><em>Letzte Aktualisierung: 07.12.2024<\/em><\/p>\n","protected":false},"excerpt":{"rendered":"<p>Um Modelle zu importieren, listet diese Seite einige Quellen f\u00fcr kostenlose 3D-Modelle auf, die du in Sweet Home 3D importieren kannst, entweder einzeln oder als Modellgruppe, sowie Webseiten, die 3D-Modelle anbieten. Verf\u00fcgbare Quellen f\u00fcr 3D-Modelle Kostenlose 3D-Modelle von Mitwirkenden The\u00a0free 3D models page\u00a0proposes more than 1.600 additional 3D models created by contributors and supported in [&hellip;]<\/p>\n","protected":false},"author":2,"featured_media":9985,"parent":0,"menu_order":0,"comment_status":"closed","ping_status":"closed","template":"","meta":{"inline_featured_image":false,"footnotes":""},"class_list":["post-10007","page","type-page","status-publish","has-post-thumbnail","hentry"],"_links":{"self":[{"href":"https:\/\/wp-test-1.sweethome3d.eu\/de\/wp-json\/wp\/v2\/pages\/10007","targetHints":{"allow":["GET"]}}],"collection":[{"href":"https:\/\/wp-test-1.sweethome3d.eu\/de\/wp-json\/wp\/v2\/pages"}],"about":[{"href":"https:\/\/wp-test-1.sweethome3d.eu\/de\/wp-json\/wp\/v2\/types\/page"}],"author":[{"embeddable":true,"href":"https:\/\/wp-test-1.sweethome3d.eu\/de\/wp-json\/wp\/v2\/users\/2"}],"replies":[{"embeddable":true,"href":"https:\/\/wp-test-1.sweethome3d.eu\/de\/wp-json\/wp\/v2\/comments?post=10007"}],"version-history":[{"count":2,"href":"https:\/\/wp-test-1.sweethome3d.eu\/de\/wp-json\/wp\/v2\/pages\/10007\/revisions"}],"predecessor-version":[{"id":11611,"href":"https:\/\/wp-test-1.sweethome3d.eu\/de\/wp-json\/wp\/v2\/pages\/10007\/revisions\/11611"}],"wp:featuredmedia":[{"embeddable":true,"href":"https:\/\/wp-test-1.sweethome3d.eu\/de\/wp-json\/wp\/v2\/media\/9985"}],"wp:attachment":[{"href":"https:\/\/wp-test-1.sweethome3d.eu\/de\/wp-json\/wp\/v2\/media?parent=10007"}],"curies":[{"name":"wp","href":"https:\/\/api.w.org\/{rel}","templated":true}]}}