{"id":10721,"date":"2025-09-18T11:56:35","date_gmt":"2025-09-18T11:56:35","guid":{"rendered":"https:\/\/wp-test-1.sweethome3d.eu\/plugins-und-tools\/"},"modified":"2025-11-11T16:36:23","modified_gmt":"2025-11-11T16:36:23","slug":"plugins-und-tools","status":"publish","type":"page","link":"https:\/\/wp-test-1.sweethome3d.eu\/de\/plugins-und-tools\/","title":{"rendered":"Plugins und Tools"},"content":{"rendered":"<ul class=\"simpletoc-list\">\n<li><a href=\"#plugins\">Plug-ins<\/a>\n\n<\/li>\n<li><a href=\"#werkzeuge\">Werkzeuge<\/a>\n<\/li><\/ul>\n<p class=\"has-text-align-center\">Diese Seite beschreibt die wichtigsten Plug-ins und andere Tools, die f\u00fcr <a href=\"\/\">Sweet Home 3D<\/a> verf\u00fcgbar sind.<\/p>\n<h2 class=\"wp-block-heading\" id=\"plugins\"><img loading=\"lazy\" decoding=\"async\" width=\"16\" height=\"12\" src=\"https:\/\/www.sweethome3d.com\/images\/bullet.gif\">Plug-ins<\/h2>\n<p>Die folgende Tabelle listet die interessantesten Plug-ins auf, die von Space Mushrooms oder von den Entwicklern bereitgestellt werden, die sie im <a href=\"https:\/\/sourceforge.net\/p\/sweethome3d\/plug-ins\" target=\"_blank\" rel=\"noopener\">Plug-ins Contributions<\/a> Tracking System vorgeschlagen haben. Ein Plug-in bietet zus\u00e4tzliche Funktionen in <a href=\"https:\/\/wp-test-1.sweethome3d.eu\/de\/herunterladen\/\" data-type=\"page\" data-id=\"396\">Sweet Home 3D<\/a> und kann durch Doppelklicken auf die SH3P-Datei installiert werden. Wenn es unter Linux nicht funktioniert, installiere es mit dem <em>Terminal<\/em>-Befehl <code><em>path<\/em>\/<em>to<\/em>\/<strong>SweetHome3D<\/strong> <em>path<\/em>\/<em>to<\/em>\/<em>plugin.sh3p<\/em><\/code> oder kopiere die SH3P-Datei in den Unterordner <code>.eteks\/sweethome3d\/plugins<\/code> deines Benutzerordners.  <\/p>\n\n<figure class=\"wp-block-flexible-table-block-table is-content-justification-center\"><table class=\"has-fixed-layout\"><thead><tr><th style=\"text-align:center\">Plug-in<\/th><th style=\"text-align:center\">Anbieter<\/th><th style=\"text-align:center\">Undo\/Redo support<\/th><th style=\"text-align:center\">Supported in Java Web Start<\/th><th style=\"text-align:center;width:500px\">Beschreibung<\/th><\/tr><\/thead><tbody><tr><td style=\"text-align:left\"><a href=\"\/storage\/plugins\/CopyAsNewFurniturePlugin-1.3.1.sh3p\">CopyAsNewFurniturePlugin-1.3.1.sh3p<\/a><br>(29 kB &#8211; Quellcode enthalten)<\/td><td style=\"text-align:center\">Space Mushrooms<\/td><td style=\"text-align:center\">N\/A<\/td><td style=\"text-align:center\">Nein<\/td><td style=\"width:500px\">F\u00fcgt den Men\u00fcpunkt <em>Werkzeuge &gt; Als neues M\u00f6belst\u00fcck kopieren<\/em> hinzu, der die ausgew\u00e4hlten Objekte im Plan als neues M\u00f6belst\u00fcck in die Zwischenablage kopiert (<a href=\"https:\/\/www.sweethome3d.com\/support\/forum\/viewthread_thread,1331_offset,11\" target=\"_blank\" rel=\"noopener\">mehr erfahren<\/a>)<\/td><\/tr><tr><td><a href=\"\/storage\/plugins\/ShapeGenerator-1.2.1.sh3p\">ShapeGenerator-1.2.1.sh3p<\/a><br>(53 kB &#8211; Quellcode enthalten)<\/td><td style=\"text-align:center\">Space Mushrooms<\/td><td style=\"text-align:center\">Ja<\/td><td style=\"text-align:center\">Nein<\/td><td style=\"width:500px\">F\u00fcgt den Men\u00fcpunkt <em>Werkzeuge &gt; 3D-Form generieren<\/em> hinzu, der eine 3D-Form aus den Koordinaten von 8 vom Benutzer eingegebenen Eckpunkten erstellt (<a href=\"https:\/\/www.sweethome3d.com\/support\/forum\/viewthread_thread,6600\" target=\"_blank\" rel=\"noopener\">mehr erfahren<\/a>)<\/td><\/tr><tr><td><a href=\"\/storage\/plugins\/StaircaseGenerator-1.0.1.sh3p\">StaircaseGenerator-1.0.1.sh3p<\/a><br>(150 kB &#8211; Quellcode enthalten)<\/td><td style=\"text-align:center\">Space Mushrooms<br><br><\/td><td style=\"text-align:center\">Ja<\/td><td style=\"text-align:center\">Nein<\/td><td style=\"width:500px\">F\u00fcgt den Men\u00fcpunkt <em>Werkzeuge &gt; Treppe generieren<\/em> hinzu, der die 3D-Form einer Treppe aus der Anzahl der Stufen und ihrer Gr\u00f6\u00dfe erstellt (<a href=\"https:\/\/www.sweethome3d.com\/support\/forum\/viewthread_thread,12160\" target=\"_blank\" rel=\"noopener\">mehr erfahren<\/a>)<\/td><\/tr><tr><td><a href=\"\/storage\/plugins\/TerrainGenerator-1.2.2.sh3p\">TerrainGenerator-1.2.2.sh3p<\/a><br>(111 kB &#8211; Quellcode enthalten)<\/td><td style=\"text-align:center\">Space Mushrooms<\/td><td style=\"text-align:center\">Ja<\/td><td style=\"text-align:center\">Nein<\/td><td style=\"width:500px\">F\u00fcgt den Men\u00fcpunkt <em>Werkzeuge &gt; 3D-Gel\u00e4nde aus R\u00e4umen generieren<\/em> hinzu, der eine 3D-Form aus der Oberfl\u00e4che der ausgew\u00e4hlten R\u00e4ume erstellt, die vom Benutzer verformt wurde (<a href=\"https:\/\/www.sweethome3d.com\/support\/forum\/viewthread_thread,10995\" target=\"_blank\" rel=\"noopener\">mehr erfahren<\/a>)<\/td><\/tr><tr><td><a href=\"\/storage\/plugins\/SideView-1.1.1.sh3p\">SideView-1.1.1.sh3p<\/a><br>(44 kB &#8211; Quellcode enthalten)<\/td><td style=\"text-align:center\">Space Mushrooms<\/td><td style=\"text-align:center\">N\/A<\/td><td style=\"text-align:center\">Nein<\/td><td style=\"width:500px\">F\u00fcgt den Men\u00fcpunkt <em>Werkzeuge &gt; Seitenansicht anzeigen<\/em> hinzu, der eine Seitenansicht des bearbeiteten Hauses mit der M\u00f6glichkeit zum Speichern anzeigt (<a href=\"https:\/\/www.sweethome3d.com\/support\/forum\/viewthread_thread,11011\" target=\"_blank\" rel=\"noopener\">mehr erfahren<\/a>)<\/td><\/tr><tr><td><a href=\"\/storage\/plugins\/ExportPlanImage-1.0.3.sh3p\">ExportPlanImage-1.0.3.sh3p<\/a><br>(29 kB &#8211; Quellcode enthalten)<\/td><td style=\"text-align:center\">Space Mushrooms<\/td><td style=\"text-align:center\">N\/A<\/td><td style=\"text-align:center\">Nein<\/td><td style=\"width:500px\">F\u00fcgt den Men\u00fcpunkt <em>M\u00f6bel &gt; Plan als Bild exportieren<\/em> hinzu, der ein Bild des Plans im PNG- oder JPEG-Format in der Gr\u00f6\u00dfe deiner Wahl exportiert<\/td><\/tr><tr><td><a href=\"\/storage\/plugins\/ExportToSH3F-1.1.1.sh3p\">ExportToSH3F-1.1.1.sh3p<\/a><br>(32 kB &#8211; Quellcode enthalten)<\/td><td style=\"text-align:center\">Space Mushrooms<\/td><td style=\"text-align:center\">N\/A<\/td><td style=\"text-align:center\">Nein<\/td><td style=\"width:500px\">F\u00fcgt den Men\u00fcpunkt <em>M\u00f6bel &gt; Importierte M\u00f6bel in SH3F exportieren<\/em> hinzu, der alle in den Sweet Home 3D-Katalog importierten M\u00f6bel in eine SH3F-Datei exportiert (<a href=\"https:\/\/www.sweethome3d.com\/support\/forum\/viewthread_thread,966_offset,5\" target=\"_blank\" rel=\"noopener\">mehr erfahren<\/a>)<\/td><\/tr><tr><td><a href=\"\/storage\/plugins\/ExportToSH3T-1.1.1.sh3p\">ExportToSH3T-1.1.1.sh3p<\/a><br>(30 kB &#8211; Quellcode enthalten)<\/td><td style=\"text-align:center\">Space Mushrooms<\/td><td style=\"text-align:center\">N\/A<\/td><td style=\"text-align:center\">Nein<\/td><td style=\"width:500px\">F\u00fcgt den Men\u00fcpunkt <em>M\u00f6bel &gt; Importierte Texturen in SH3T exportieren<\/em> hinzu, der alle in den Sweet Home 3D-Katalog importierten Texturen in eine SH3T-Datei exportiert (<a href=\"https:\/\/www.sweethome3d.com\/support\/forum\/viewthread_thread,12391\" target=\"_blank\" rel=\"noopener\">mehr erfahren<\/a>)<\/td><\/tr><tr><td><a href=\"\/storage\/plugins\/ExportToHTML5-1.9.1.sh3p\">ExportToHTML5-1.9.1.sh3p<\/a><br>(391 kB &#8211; Quellcode enthalten)<\/td><td style=\"text-align:center\">Space Mushrooms<\/td><td style=\"text-align:center\">N\/A<\/td><td style=\"text-align:center\">Nein<\/td><td style=\"width:500px\">F\u00fcgt den&nbsp;<em>Werkzeuge &gt; In HTML5 exportieren<\/em> Men\u00fcpunkt hinzu, der die 3D-Ansicht des bearbeiteten Hauses in eine HTML5-Seite exportiert, die in jedem WebGL-Browser angezeigt werden kann (<a href=\"https:\/\/www.sweethome3d.com\/support\/forum\/viewthread_thread,6708\" target=\"_blank\" rel=\"noopener\">mehr erfahren<\/a>). Dieses Tool ist auch \u00fcber den &nbsp;<a href=\"https:\/\/www.sweethome3d.com\/exportHomes.jsp\" target=\"_blank\" rel=\"noopener\">Exported homes manager<\/a> verf\u00fcgbar, mit dem du SH3D-Dateien exportieren und auf dem sweethome3d.com-Webserver hosten kannst.<\/td><\/tr><tr><td><a href=\"\/storage\/plugins\/UpdateRoadLinesPlugin-1.0.1.sh3p\">UpdateRoadLinesPlugin-1.0.1.sh3p<\/a><br>(70 kB &#8211; Quellcode enthalten)<\/td><td style=\"text-align:center\">Space Mushrooms<\/td><td style=\"text-align:center\">Ja<\/td><td style=\"text-align:center\">Ja<\/td><td style=\"width:500px\">F\u00fcgt den Men\u00fcpunkt <em>Werkzeuge &gt; Stra\u00dfenlinien-Stil \u00e4ndern<\/em> hinzu, mit dem der Benutzer einen <a href=\"https:\/\/fr.wikipedia.org\/wiki\/Signalisation_routi%C3%A8re_horizontale_en_France\" target=\"_blank\" rel=\"noopener\">franz\u00f6sischen Stra\u00dfenlinien-Stil<\/a> f\u00fcr die ausgew\u00e4hlten Polylinien und deren Farbe ausw\u00e4hlen kann (<a href=\"https:\/\/www.sweethome3d.com\/blog\/2018\/12\/10\/customization_for_the_forensic_police.html\" target=\"_blank\" rel=\"noopener\">mehr erfahren<\/a>)<\/td><\/tr><tr><td><a href=\"\/storage\/plugins\/EvidenceMarkerGenerator-1.1.1.sh3p\">EvidenceMarkerGenerator-1.1.1.sh3p<\/a><br>(38 kB &#8211; Quellcode enthalten)<\/td><td style=\"text-align:center\">Space Mushrooms<\/td><td style=\"text-align:center\">Ja<\/td><td style=\"text-align:center\">Nein<\/td><td style=\"width:500px\">F\u00fcgt den Men\u00fcpunkt <em>Werkzeuge &gt; Beweismarker hinzuf\u00fcgen<\/em> hinzu, mit dem ein nummerierter Beweismarker auf dem im Plan ausgew\u00e4hlten Element generiert werden kann (<a href=\"https:\/\/www.sweethome3d.com\/blog\/2018\/12\/10\/customization_for_the_forensic_police.html\" target=\"_blank\" rel=\"noopener\">mehr erfahren<\/a>)<\/td><\/tr><tr><td><a href=\"https:\/\/sourceforge.net\/p\/sweethome3d\/plug-ins\/_discuss\/thread\/5e6557c2\/fef8\/attachment\/AdvancedEditing.sh3p\" target=\"_blank\" rel=\"noopener\">AdvancedEditing.sh3p<\/a><br>(135 kB &#8211; <a href=\"https:\/\/sourceforge.net\/p\/sweethome3d\/plug-ins\/_discuss\/thread\/5e6557c2\/fef8\/attachment\/AdvancedEditingPlugin-src.zip\" target=\"_blank\" rel=\"noopener\">Quellcode<\/a>)<\/td><td style=\"text-align:center\">Tobias Liefke<\/td><td style=\"text-align:center\">Ja<\/td><td style=\"text-align:center\">Ja<\/td><td style=\"width:500px\">F\u00fcgt die Men\u00fcpunkte hinzu&nbsp;<em>Bearbeiten &gt; drehen<\/em>,&nbsp;<em>Bearbeiten &gt; verschieben<\/em>,&nbsp;<em>Bearbeiten &gt; spiegeln<\/em>,&nbsp;<em>Bearbeiten &gt; Gr\u00f6\u00dfe \u00e4ndern, M\u00f6bel &gt; erh\u00f6hen<\/em>,&nbsp;<em>Plan &gt; Raumpunkte bearbeiten<\/em>,&nbsp;<em>Plan &gt; W\u00e4nde verbinden<\/em>, mit denen die ausgew\u00e4hlten Objekte im Plan ge\u00e4ndert werden k\u00f6nnen (<a href=\"https:\/\/www.sweethome3d.com\/support\/forum\/viewthread_thread,1757\" target=\"_blank\" rel=\"noopener\">mehr erfahren<\/a>)<\/td><\/tr><tr><td><a href=\"https:\/\/sourceforge.net\/p\/sweethome3d\/plug-ins\/_discuss\/thread\/34cdde5620\/4c8d\/attachment\/Multiplier-2.2.sh3p\" target=\"_blank\" rel=\"noopener\">Multiplier-2.2.sh3p<\/a><br>(176 kB &#8211; Quellcode enthalten)<\/td><td style=\"text-align:center\">Dorin vatavu<\/td><td style=\"text-align:center\">Ja<\/td><td style=\"text-align:center\">Ja<\/td><td style=\"width:500px\">F\u00fcgt den Men\u00fcpunkt <em>Werkzeuge &gt; Multiplizieren<\/em> hinzu, mit dem die ausgew\u00e4hlten Objekte im Plan multipliziert und verschoben werden k\u00f6nnen (<a href=\"https:\/\/www.sweethome3d.com\/support\/forum\/viewthread_thread,10554\" target=\"_blank\" rel=\"noopener\">mehr erfahren<\/a>)<\/td><\/tr><tr><td><a href=\"https:\/\/sourceforge.net\/p\/sweethome3d\/plug-ins\/_discuss\/thread\/015d788700\/98fc\/attachment\/AutoDimensioning.sh3p\" target=\"_blank\" rel=\"noopener\">AutoDimensioning.sh3p<\/a><br>(44 kB &#8211; Quellcode enthalten)<\/td><td style=\"text-align:center\">Dorin vatavu<\/td><td style=\"text-align:center\">Ja<\/td><td style=\"text-align:center\">Ja<\/td><td style=\"width:500px\">F\u00fcgt den Men\u00fcpunkt <em>Werkzeuge &gt; Automatische Bema\u00dfung<\/em> hinzu, mit dem Bema\u00dfungslinien f\u00fcr den gesamten Plan generiert werden k\u00f6nnen (<a href=\"https:\/\/www.sweethome3d.com\/support\/forum\/viewthread_thread,10955\" target=\"_blank\" rel=\"noopener\">mehr erfahren<\/a>)<\/td><\/tr><tr><td><a href=\"https:\/\/sourceforge.net\/p\/sweethome3d\/plug-ins\/_discuss\/thread\/914cc4be82\/b551\/attachment\/GenerateRoof-4.5.sh3p\" target=\"_blank\" rel=\"noopener\">GenerateRoof-4.5.sh3p<\/a><br>(690 kB &#8211; Quellcode enthalten)<\/td><td style=\"text-align:center\">Dorin vatavu<br><br><\/td><td style=\"text-align:center\">N\/A<\/td><td style=\"text-align:center\">Nein<\/td><td style=\"width:500px\">F\u00fcgt den Men\u00fcpunkt <em>Werkzeuge &gt; Dach generieren<\/em> hinzu, mit dem ein Dach mit verschiedenen Neigungswinkeln aus der Form des ausgew\u00e4hlten Raums generiert werden kann (<a href=\"https:\/\/www.sweethome3d.com\/support\/forum\/viewthread_thread%2C11330\" target=\"_blank\" rel=\"noopener\">mehr erfahren<\/a>)<\/td><\/tr><tr><td><a href=\"https:\/\/sourceforge.net\/p\/sweethome3d\/plug-ins\/_discuss\/thread\/182d97c5\/ad56\/attachment\/AdvancedSettingsPhotoRendering-1.4.1.sh3p\" target=\"_blank\" rel=\"noopener\">AdvancedSettings<br>PhotoRendering-1.4.1.sh3p<\/a><br>(52 kB &#8211; Quellcode enthalten)<\/td><td style=\"text-align:center\">Enko nyito<\/td><td style=\"text-align:center\">N\/A<\/td><td style=\"text-align:center\">Nein<\/td><td style=\"width:500px\">F\u00fcgt den Men\u00fcpunkt <em>Werkzeuge &gt; Erweiterte Einstellungen f\u00fcr das Fotorendering<\/em> hinzu, mit dem einige <a href=\"https:\/\/sourceforge.net\/p\/sweethome3d\/code\/HEAD\/tree\/trunk\/SweetHome3D\/src\/com\/eteks\/sweethome3d\/j3d\/PhotoRenderer.properties\" target=\"_blank\" rel=\"noopener\">erweiterte Eigenschaften<\/a> ge\u00e4ndert werden k\u00f6nnen, die von Fotorenderern auf den beiden besten Qualit\u00e4tsstufen verwendet werden (<a href=\"https:\/\/www.sweethome3d.com\/support\/forum\/viewthread_thread,6122_offset,20\" target=\"_blank\" rel=\"noopener\">mehr erfahren<\/a>)<\/td><\/tr><tr><td><a href=\"https:\/\/sourceforge.net\/p\/sweethome3d\/plug-ins\/_discuss\/thread\/40b57f75\/5282\/attachment\/PhotoVideoRendering-2.8.zip\" target=\"_blank\" rel=\"noopener\">PhotoVideoRendering-2.8.zip<\/a><br>(15 MB &#8211; SH3P-Datei + Quellcode enthalten)<\/td><td style=\"text-align:center\">Enko Nyito<\/td><td style=\"text-align:center\">N\/A<\/td><td style=\"text-align:center\">Nein<\/td><td style=\"width:500px\">F\u00fcgt das Men\u00fc <em>Foto-Video-Rendering<\/em> hinzu, mit Men\u00fcpunkten zum Rendern von Fotos und Videos mit zus\u00e4tzlichen Einstellungen (<a href=\"https:\/\/sourceforge.net\/p\/sweethome3d\/plug-ins\/18\/\" target=\"_blank\" rel=\"noopener\">mehr erfahren<\/a>)<\/td><\/tr><\/tbody><\/table><\/figure>\n\n<p>Um ein Plug-in zu deinstallieren, entferne die SH3P-Datei aus dem Plug-in-Ordner von <a href=\"https:\/\/wp-test-1.sweethome3d.eu\/de\/herunterladen\/\" data-type=\"page\" data-id=\"396\">Sweet Home 3D<\/a> und starte die Anwendung neu. Dieser Ordner wird angezeigt, wenn du auf eine SH3P-Datei klickst, die im Abschnitt <em>Plug-ins<\/em> des Fensters <em>Verwendete Bibliotheken<\/em> aufgef\u00fchrt ist. Letzteres Fenster wird angezeigt, indem du auf die Schaltfl\u00e4che <em>Bibliotheken&#8230;<\/em> klickst, die sich unten im Sweet Home 3D <em>\u00dcber<\/em>-Dialogfeld befindet. Wenn du selbst einige Plug-ins programmieren m\u00f6chtest, lies die <a href=\"https:\/\/wp-test-1.sweethome3d.eu\/de\/plug-in-entwicklerhandbuch\/\" data-type=\"page\" data-id=\"4964\">Anleitung f\u00fcr Plug-in-Entwickler<\/a>.   <\/p>\n\n<figure class=\"wp-block-image size-large\"><img loading=\"lazy\" decoding=\"async\" width=\"1024\" height=\"540\" src=\"https:\/\/wp-test-1.sweethome3d.eu\/wp-content\/uploads\/2025\/06\/PlugInScratchHomeDemo3-1024x540.jpg\" alt=\"Plugins\" class=\"wp-image-3616\" srcset=\"https:\/\/wp-test-1.sweethome3d.eu\/wp-content\/uploads\/2025\/06\/PlugInScratchHomeDemo3-1024x540.jpg 1024w, https:\/\/wp-test-1.sweethome3d.eu\/wp-content\/uploads\/2025\/06\/PlugInScratchHomeDemo3-360x190.jpg 360w, https:\/\/wp-test-1.sweethome3d.eu\/wp-content\/uploads\/2025\/06\/PlugInScratchHomeDemo3-247x130.jpg 247w, https:\/\/wp-test-1.sweethome3d.eu\/wp-content\/uploads\/2025\/06\/PlugInScratchHomeDemo3-768x405.jpg 768w, https:\/\/wp-test-1.sweethome3d.eu\/wp-content\/uploads\/2025\/06\/PlugInScratchHomeDemo3-400x211.jpg 400w, https:\/\/wp-test-1.sweethome3d.eu\/wp-content\/uploads\/2025\/06\/PlugInScratchHomeDemo3.jpg 1366w\" sizes=\"auto, (max-width: 1024px) 100vw, 1024px\" \/><\/figure>\n<h2 class=\"wp-block-heading\" id=\"werkzeuge\"><img loading=\"lazy\" decoding=\"async\" width=\"16\" height=\"12\" src=\"https:\/\/www.sweethome3d.com\/images\/bullet.gif\"><strong>Werkzeuge<\/strong><\/h2>\n<p>Die folgende Tabelle listet einige zus\u00e4tzliche Tools auf, die von Space Mushrooms bereitgestellt werden und f\u00fcr <a href=\"https:\/\/wp-test-1.sweethome3d.eu\/de\/herunterladen\/\" data-type=\"page\" data-id=\"396\">Sweet Home 3D<\/a> n\u00fctzlich sind. Diese Tools sind als Jar-ausf\u00fchrbare Dateien verf\u00fcgbar, die durch Doppelklicken gestartet werden k\u00f6nnen, sobald <a href=\"https:\/\/www.java.com\/\" target=\"_blank\" rel=\"noopener\">Java<\/a> auf deinem System installiert ist. Unter macOS muss der erste Start einer aus dem Internet heruntergeladenen Jar-Datei erfolgen, indem du bei gedr\u00fcckter <em>ctrl<\/em>-Taste auf die Jar-Datei klickst und dann im Kontextmen\u00fc, das erscheint, <em>\u00d6ffnen<\/em> w\u00e4hlst.  <\/p>\n\n<figure class=\"wp-block-flexible-table-block-table is-content-justification-center\"><table class=\"has-fixed-layout\"><thead><tr><th style=\"text-align:center\">Tool<\/th><th style=\"text-align:center;width:500px\">Beschreibung<\/th><\/tr><\/thead><tbody><tr><td style=\"text-align:left\"><a href=\"https:\/\/sourceforge.net\/projects\/sweethome3d\/files\/FurnitureLibraryEditor\/FurnitureLibraryEditor-2.2.jar\/download\" target=\"_blank\" rel=\"noopener\">FurnitureLibraryEditor-2.2.jar<\/a><br>(14.4 MB &#8211; <a href=\"https:\/\/sourceforge.net\/projects\/sweethome3d\/files\/FurnitureLibraryEditor-source\/FurnitureLibraryEditor-2.2-src.zip\" target=\"_blank\" rel=\"noopener\">Quellcode<\/a>)<\/td><td style=\"width:500px\">Mit dieser Anwendung kannst du eine SH3F-M\u00f6belbibliotheksdatei erstellen und die Eigenschaften der darin enthaltenen 3D-Modelle bearbeiten (<a href=\"https:\/\/www.sweethome3d.com\/support\/forum\/viewthread_thread,1550\" target=\"_blank\" rel=\"noopener\">mehr erfahren<\/a>)<\/td><\/tr><tr><td><a href=\"https:\/\/sourceforge.net\/projects\/sweethome3d\/files\/TexturesLibraryEditor\/TexturesLibraryEditor-2.1.jar\/download\" target=\"_blank\" rel=\"noopener\">TexturesLibraryEditor-2.1.jar<\/a><br>(1.2 MB &#8211; <a href=\"https:\/\/sourceforge.net\/projects\/sweethome3d\/files\/TexturesLibraryEditor-source\/TexturesLibraryEditor-2.1-src.zip\" target=\"_blank\" rel=\"noopener\">Quellcode<\/a>)<\/td><td style=\"width:500px\">Mit dieser Anwendung kannst du eine SH3T-Texturbibliotheksdatei erstellen und die Eigenschaften der darin enthaltenen Texturbilder bearbeiten (<a href=\"https:\/\/www.sweethome3d.com\/support\/forum\/viewthread_thread,3502\" target=\"_blank\" rel=\"noopener\">mehr erfahren<\/a>)<\/td><\/tr><tr><td><a href=\"\/storage\/downloads\/HugeFileCleaner-1.0.jar\">HugeFileCleaner-1.0.jar<\/a><br>(7 kB &#8211; Quellcode enthalten)<\/td><td style=\"width:500px\">Diese Anwendung entfernt nutzlose Eintr\u00e4ge, die in gro\u00dfen SH3D-Dateien (im Allgemeinen gr\u00f6\u00dfer als 500 MB) vorhanden sein k\u00f6nnen, die mit Sweet Home 3D-Versionen \u00e4lter als 5.2 erstellt wurden, als du die aktuelle Liste der Texturen im Texturdialogfeld verwendet hast, um Texturen der 3D-Modelle im M\u00f6belkatalog zu kopieren (<a href=\"https:\/\/www.sweethome3d.com\/support\/forum\/viewthread_thread,6331_offset,21\" target=\"_blank\" rel=\"noopener\">mehr erfahren<\/a>)<\/td><\/tr><tr><td><a href=\"https:\/\/apps.apple.com\/us\/app\/tape-measure\/id1437807477\" target=\"_blank\" rel=\"noopener\">Tape Measure<\/a><\/td><td style=\"width:500px\">Diese Anwendung erm\u00f6glicht es dir, Messungen vorzunehmen und einen genauen Grundriss deines Hauses zu erstellen, indem du den Raum um dich herum scannst und die Ecken der R\u00e4ume markierst. Du kannst den Grundriss dann direkt in Sweet Home 3d importieren, um mit dem Entwurf zu beginnen. Beachte, dass die App vorerst nur f\u00fcr iOS verf\u00fcgbar ist.<\/td><\/tr><\/tbody><\/table><\/figure>\n","protected":false},"excerpt":{"rendered":"<p>Diese Seite beschreibt die wichtigsten Plug-ins und andere Tools, die f\u00fcr Sweet Home 3D verf\u00fcgbar sind. Plug-ins Die folgende Tabelle listet die interessantesten Plug-ins auf, die von Space Mushrooms oder von den Entwicklern bereitgestellt werden, die sie im Plug-ins Contributions Tracking System vorgeschlagen haben. Ein Plug-in bietet zus\u00e4tzliche Funktionen in Sweet Home 3D und kann [&hellip;]<\/p>\n","protected":false},"author":2,"featured_media":10714,"parent":0,"menu_order":0,"comment_status":"closed","ping_status":"closed","template":"","meta":{"inline_featured_image":false,"footnotes":""},"class_list":["post-10721","page","type-page","status-publish","has-post-thumbnail","hentry"],"_links":{"self":[{"href":"https:\/\/wp-test-1.sweethome3d.eu\/de\/wp-json\/wp\/v2\/pages\/10721","targetHints":{"allow":["GET"]}}],"collection":[{"href":"https:\/\/wp-test-1.sweethome3d.eu\/de\/wp-json\/wp\/v2\/pages"}],"about":[{"href":"https:\/\/wp-test-1.sweethome3d.eu\/de\/wp-json\/wp\/v2\/types\/page"}],"author":[{"embeddable":true,"href":"https:\/\/wp-test-1.sweethome3d.eu\/de\/wp-json\/wp\/v2\/users\/2"}],"replies":[{"embeddable":true,"href":"https:\/\/wp-test-1.sweethome3d.eu\/de\/wp-json\/wp\/v2\/comments?post=10721"}],"version-history":[{"count":2,"href":"https:\/\/wp-test-1.sweethome3d.eu\/de\/wp-json\/wp\/v2\/pages\/10721\/revisions"}],"predecessor-version":[{"id":10856,"href":"https:\/\/wp-test-1.sweethome3d.eu\/de\/wp-json\/wp\/v2\/pages\/10721\/revisions\/10856"}],"wp:featuredmedia":[{"embeddable":true,"href":"https:\/\/wp-test-1.sweethome3d.eu\/de\/wp-json\/wp\/v2\/media\/10714"}],"wp:attachment":[{"href":"https:\/\/wp-test-1.sweethome3d.eu\/de\/wp-json\/wp\/v2\/media?parent=10721"}],"curies":[{"name":"wp","href":"https:\/\/api.w.org\/{rel}","templated":true}]}}