{"id":11601,"date":"2025-10-01T14:26:57","date_gmt":"2025-10-01T14:26:57","guid":{"rendered":"https:\/\/wp-test-1.sweethome3d.eu\/texturen-importieren\/"},"modified":"2025-11-03T16:37:56","modified_gmt":"2025-11-03T16:37:56","slug":"texturen-importieren","status":"publish","type":"page","link":"https:\/\/wp-test-1.sweethome3d.eu\/de\/texturen-importieren\/","title":{"rendered":"Texturen importieren"},"content":{"rendered":"\n<p class=\"has-text-align-center\">Diese Seite listet einige Quellen f\u00fcr kostenlose Texturbilder auf, die du in <a href=\"\/\">Sweet Home 3D<\/a> importieren kannst.<\/p>\n<h2 class=\"wp-block-heading\" id=\"verfuegbare-texturquellen\">Verf\u00fcgbare Texturquellen<\/h2><h3 class=\"wp-block-heading\" id=\"texturbibliotheken\"><img loading=\"lazy\" decoding=\"async\" width=\"16\" height=\"12\" src=\"https:\/\/www.sweethome3d.com\/images\/bullet.gif\">Texturbibliotheken<\/h3>\n<p><a href=\"https:\/\/www.sweethome3d.com\/download.jsp\" target=\"_blank\" rel=\"noopener\">Sweet Home 3D<\/a> erm\u00f6glicht es dir, Texturbilder einzeln oder als Gruppe von Texturen, die in SH3T-Dateien gespeichert sind, zu importieren. Eine SH3T-Datei ist eine Bibliothek von Texturen mit ihrer Beschreibung und kann einfach durch Doppelklicken darauf oder durch Auswahl des Men\u00fcpunkts <em>M\u00f6bel &gt; Texturbibliothek importieren<\/em> in <a href=\"https:\/\/wp-test-1.sweethome3d.eu\/de\/herunterladen\/\" data-type=\"page\" data-id=\"396\">Sweet Home 3D<\/a> installiert werden.<br \/>Die folgenden ZIP-Dateien enthalten eine SH3T-Datei, die du in <a href=\"https:\/\/wp-test-1.sweethome3d.eu\/de\/herunterladen\/\" data-type=\"page\" data-id=\"396\">Sweet Home 3D<\/a> importieren kannst. <\/p>\n\n<ul class=\"wp-block-list\">\n<li><a href=\"https:\/\/sourceforge.net\/projects\/sweethome3d\/files\/SweetHome3D-textures\/Textures-1.3.1\/Textures-Contributions-1.3.1.zip\/download\" target=\"_blank\" rel=\"noopener\">Textures-Contributions-1.3.1.zip<\/a> (1,1 MB &#8211; 57 Texturen &#8211; CC-BY Lizenz)<\/li>\n\n\n\n<li><a href=\"https:\/\/sourceforge.net\/projects\/sweethome3d\/files\/SweetHome3D-textures\/Textures-1.3.1\/Textures-eTeksScopia-1.3.1.zip\/download\" target=\"_blank\" rel=\"noopener\">Textures-eTeksScopia-1.3.1.zip<\/a> (18,8 MB &#8211; 340 Texturen &#8211; CC-BY Lizenz)<\/li>\n<\/ul>\n\n<p>Du kannst auch die <a href=\"#download\">Vollversion herunterladen<\/a> mit \u00fcber 10.000 <a href=\"https:\/\/wp-test-1.sweethome3d.eu\/de\/modelle-in-sweet-home-3d-importieren-eigene-3d-moebel-und-objekte-hinzufuegen\/\" data-type=\"page\" data-id=\"432\">3D-Modellen<\/a>, 400 bereits enthaltenen Texturen<a href=\"https:\/\/apps.apple.com\/app\/sweet-home-3d\/id669289700\" target=\"_blank\" rel=\"noopener\"><\/a><\/p>\n\n<hr class=\"wp-block-separator has-text-color has-white-color has-alpha-channel-opacity has-white-background-color has-background is-style-wide\" \/>\n\n<div class=\"wp-block-buttons is-layout-flex wp-block-buttons-is-layout-flex\">\n<div class=\"wp-block-button btn-download btn-small\" data-wce-label=\"wce_textures_download_direct\"><a class=\"wp-block-button__link wp-element-button\" href=\"#download\" style=\"text-decoration:underline\"><img loading=\"lazy\" decoding=\"async\" width=\"43\" height=\"42\" class=\"wp-image-390\" style=\"width: 20px\" src=\"http:\/\/wp-test-1.sweethome3d.eu\/wp-content\/uploads\/2025\/09\/download-bottom.svg\" alt=\"\" \/> Sweet Home 3D herunterladen<\/a><\/div>\n<\/div>\n\n<hr class=\"wp-block-separator has-text-color has-white-color has-alpha-channel-opacity has-white-background-color has-background is-style-wide\" \/>\n<div class=\"wp-block-image\">\n<figure class=\"aligncenter size-full\"><img loading=\"lazy\" decoding=\"async\" width=\"600\" height=\"140\" src=\"https:\/\/wp-test-1.sweethome3d.eu\/wp-content\/uploads\/2025\/10\/texturesLibraries.jpg\" alt=\"\" class=\"wp-image-4930\" srcset=\"https:\/\/wp-test-1.sweethome3d.eu\/wp-content\/uploads\/2025\/10\/texturesLibraries.jpg 600w, https:\/\/wp-test-1.sweethome3d.eu\/wp-content\/uploads\/2025\/10\/texturesLibraries-360x84.jpg 360w, https:\/\/wp-test-1.sweethome3d.eu\/wp-content\/uploads\/2025\/10\/texturesLibraries-557x130.jpg 557w, https:\/\/wp-test-1.sweethome3d.eu\/wp-content\/uploads\/2025\/10\/texturesLibraries-400x93.jpg 400w\" sizes=\"auto, (max-width: 600px) 100vw, 600px\" \/><\/figure>\n<\/div>\n<p>Beachte, dass eine SH3T-Datei nur eine Art ZIP-Datei ist, aus der du einzelne Texturbilder mit jedem ZIP-Tool extrahieren kannst. Bei Bedarf kannst du auch deine eigenen SH3T-Dateien mit dem herunterladbaren <a href=\"https:\/\/sourceforge.net\/projects\/sweethome3d\/files\/TexturesLibraryEditor\/TexturesLibraryEditor-2.1.jar\/download\" target=\"_blank\" rel=\"noopener\">Texturen-Bibliothekseditor<\/a> erstellen. <\/p>\n<h3 class=\"wp-block-heading\" id=\"websites-mit-texturen\"><img loading=\"lazy\" decoding=\"async\" width=\"16\" height=\"12\" src=\"https:\/\/www.sweethome3d.com\/images\/bullet.gif\">Websites mit Texturen<br><a href=\"https:\/\/apps.apple.com\/app\/sweet-home-3d\/id669289700\" data-wce-label=\"wce_textures_download_hyperlink\" target=\"_blank\" rel=\"noopener\"><\/a><\/h3>\n<p>Die folgenden Seiten bieten einige kostenlose Texturbilder, die vom Texturimport-Assistenten von <a href=\"\/\">Sweet Home 3D<\/a> unterst\u00fctzt werden:<\/p>\n\n<figure class=\"wp-block-flexible-table-block-table is-content-justification-left td-border-0 stars-table\"><table class=\"has-fixed-layout\" style=\"border-width:0\"><tbody><tr><td><img loading=\"lazy\" decoding=\"async\" width=\"12\" height=\"12\" src=\"https:\/\/www.sweethome3d.com\/images\/star.gif\" alt=\"Stern\"><img loading=\"lazy\" decoding=\"async\" width=\"12\" height=\"12\" src=\"https:\/\/www.sweethome3d.com\/images\/star.gif\" alt=\"Stern\"><img loading=\"lazy\" decoding=\"async\" width=\"12\" height=\"12\" src=\"https:\/\/www.sweethome3d.com\/images\/star.gif\" alt=\"Stern\"><\/td><td><a href=\"https:\/\/ambientcg.com\/\" target=\"_blank\" rel=\"noopener\">ambientCG<\/a> (viele nahtlose Texturen, die gemeinfrei ver\u00f6ffentlicht wurden, auch als SH3T-Bibliotheken <a href=\"https:\/\/github.com\/fabien-michel\/sweethome3d-textures-ambientcg\" target=\"_blank\" rel=\"noopener\">hier<\/a> verf\u00fcgbar)<\/td><\/tr><tr><td><img loading=\"lazy\" decoding=\"async\" width=\"12\" height=\"12\" src=\"https:\/\/www.sweethome3d.com\/images\/star.gif\" alt=\"Stern\"><img loading=\"lazy\" decoding=\"async\" width=\"12\" height=\"12\" src=\"https:\/\/www.sweethome3d.com\/images\/star.gif\" alt=\"Stern\"><\/td><td><a href=\"https:\/\/archivetextures.net\/\" class=\"broken_link\" target=\"_blank\" rel=\"noopener\">Archive textures<\/a> (sehr gro\u00dfe Auswahl)<\/td><\/tr><tr><td><img loading=\"lazy\" decoding=\"async\" width=\"12\" height=\"12\" src=\"https:\/\/www.sweethome3d.com\/images\/star.gif\" alt=\"Stern\"><img loading=\"lazy\" decoding=\"async\" width=\"12\" height=\"12\" src=\"https:\/\/www.sweethome3d.com\/images\/star.gif\" alt=\"Stern\"><\/td><td><a href=\"https:\/\/www.sharetextures.com\/\" target=\"_blank\" rel=\"noopener\">Sharetextures<\/a> (sch\u00f6ne nahtlose Texturen, die gemeinfrei ver\u00f6ffentlicht wurden)<\/td><\/tr><tr><td><img loading=\"lazy\" decoding=\"async\" width=\"12\" height=\"12\" src=\"https:\/\/www.sweethome3d.com\/images\/star.gif\" alt=\"Stern\"><img loading=\"lazy\" decoding=\"async\" width=\"12\" height=\"12\" src=\"https:\/\/www.sweethome3d.com\/images\/star.gif\" alt=\"Stern\"><\/td><td><a href=\"https:\/\/3dtextures.me\/\" target=\"_blank\" rel=\"noopener\">3D textures<\/a> (eine weitere Seite mit nahtlosen Texturen, die gemeinfrei ver\u00f6ffentlicht wurden)<\/td><\/tr><tr><td><img loading=\"lazy\" decoding=\"async\" width=\"12\" height=\"12\" src=\"https:\/\/www.sweethome3d.com\/images\/star.gif\" alt=\"Stern\"><img loading=\"lazy\" decoding=\"async\" width=\"12\" height=\"12\" src=\"https:\/\/www.sweethome3d.com\/images\/star.gif\" alt=\"Stern\"><\/td><td><a href=\"https:\/\/tiled-bg.blogspot.com\/p\/about.html\" target=\"_blank\" rel=\"noopener\">Free Web Gallery of Tile-able Website Backgrounds<\/a> (anpassbare nahtlose Texturen, die unter CC-BY-Lizenz verf\u00fcgbar sind)<\/td><\/tr><tr><td><img loading=\"lazy\" decoding=\"async\" width=\"12\" height=\"12\" src=\"https:\/\/www.sweethome3d.com\/images\/star.gif\" alt=\"Stern\"><img loading=\"lazy\" decoding=\"async\" width=\"12\" height=\"12\" src=\"https:\/\/www.sweethome3d.com\/images\/star.gif\" alt=\"Stern\"><\/td><td><a href=\"https:\/\/www.plaintextures.com\/\" target=\"_blank\" rel=\"noopener\">Plain textures<\/a> (eine gro\u00dfe Auswahl an Texturen, aber nicht alle sind nahtlos)<\/td><\/tr><tr><td><img loading=\"lazy\" decoding=\"async\" width=\"12\" height=\"12\" src=\"https:\/\/www.sweethome3d.com\/images\/star.gif\" alt=\"Stern\"><img loading=\"lazy\" decoding=\"async\" width=\"12\" height=\"12\" src=\"https:\/\/www.sweethome3d.com\/images\/star.gif\" alt=\"Stern\"><\/td><td><a href=\"https:\/\/www.cgtextures.com\/\" target=\"_blank\" rel=\"noopener\">CG Textures<\/a> (eine gro\u00dfe Auswahl an Texturen, aber nicht alle sind nahtlos)<\/td><\/tr><tr><td><img loading=\"lazy\" decoding=\"async\" width=\"12\" height=\"12\" src=\"https:\/\/www.sweethome3d.com\/images\/star.gif\" alt=\"Stern\"><img loading=\"lazy\" decoding=\"async\" width=\"12\" height=\"12\" src=\"https:\/\/www.sweethome3d.com\/images\/star.gif\" alt=\"Stern\"><\/td><td><a href=\"https:\/\/blender-archi.tuxfamily.org\/Textures\" target=\"_blank\" rel=\"noopener\">Blender for Architecture<\/a> (interessant f\u00fcr <a href=\"https:\/\/blender-archi.tuxfamily.org\/Textures#Horizontal_maps\" target=\"_blank\" rel=\"noopener\">Himmelstexturen<\/a>)<\/td><\/tr><tr><td><img loading=\"lazy\" decoding=\"async\" width=\"12\" height=\"12\" src=\"https:\/\/www.sweethome3d.com\/images\/star.gif\" alt=\"Stern\"><img loading=\"lazy\" decoding=\"async\" width=\"12\" height=\"12\" src=\"https:\/\/www.sweethome3d.com\/images\/star.gif\" alt=\"Stern\"><\/td><td><a href=\"https:\/\/telias.gr\/textures_menu.html\" target=\"_blank\" rel=\"noopener\">Free the models<\/a> (sch\u00f6ne Texturen, die von einem Sweet Home 3D-Mitarbeiter erstellt wurden)<\/td><\/tr><tr><td><img loading=\"lazy\" decoding=\"async\" width=\"12\" height=\"12\" src=\"https:\/\/www.sweethome3d.com\/images\/star.gif\" alt=\"Stern\"><img loading=\"lazy\" decoding=\"async\" width=\"12\" height=\"12\" src=\"https:\/\/www.sweethome3d.com\/images\/star.gif\" alt=\"Stern\"><\/td><td><a href=\"https:\/\/www.museumtextures.com\/\" target=\"_blank\" rel=\"noopener\">Museum Textures<\/a> (sch\u00f6ne Auswahl an Texturen mit einigen nahtlosen)<\/td><\/tr><tr><td><img loading=\"lazy\" decoding=\"async\" width=\"12\" height=\"12\" src=\"https:\/\/www.sweethome3d.com\/images\/star.gif\" alt=\"Stern\"><\/td><td><a href=\"https:\/\/www.alterlinks.com\/textures\/\" class=\"broken_link\" target=\"_blank\" rel=\"noopener\">Alterlinks<\/a> (ein paar einfache Texturen)<\/td><\/tr><tr><td><img loading=\"lazy\" decoding=\"async\" width=\"12\" height=\"12\" src=\"https:\/\/www.sweethome3d.com\/images\/star.gif\" alt=\"Stern\"><\/td><td><a href=\"https:\/\/www.hongkiat.com\/blog\/28-high-resolution-wood-textures-for-designers\/\" target=\"_blank\" rel=\"noopener\">Hongkiat.com<\/a> (Holztexturen, die meisten davon sind nicht nahtlos)<\/td><\/tr><tr><td><img loading=\"lazy\" decoding=\"async\" width=\"12\" height=\"12\" src=\"https:\/\/www.sweethome3d.com\/images\/star.gif\" alt=\"Stern\"><\/td><td><a href=\"https:\/\/webdesignledger.com\/freebies\/40-beautiful-patterns-and-textures-for-ornate-backgrounds\" target=\"_blank\" rel=\"noopener\">WDL<\/a> (Tapetenmuster-Texturen)<\/td><\/tr><\/tbody><\/table><\/figure>\n\n<p>Um eine Oberfl\u00e4che mit einer Textur zu bedecken, die sich wie ein Wandmuster wiederholt, solltest du eine nahtlose Textur w\u00e4hlen.<\/p>\n\n<p>Um die Leistung von Sweet Home 3D nicht zu beeintr\u00e4chtigen, importiere keine Bilder mit einer gro\u00dfen Aufl\u00f6sung (im Allgemeinen liefern Bilder mit 256&#215;256 Pixeln bereits gute Ergebnisse). Wenn du die Aufl\u00f6sung eines Bildes reduzieren musst, solltest du eine bessere JPEG-Qualit\u00e4t einer gr\u00f6\u00dferen Aufl\u00f6sung vorziehen. <\/p>\n\n<p>Bitte beachte die Lizenz der Texturen, die du m\u00f6glicherweise von diesen Websites herunterl\u00e4dst.<\/p>\n\n<figure class=\"wp-block-image size-large\"><img loading=\"lazy\" decoding=\"async\" width=\"1024\" height=\"276\" src=\"https:\/\/wp-test-1.sweethome3d.eu\/wp-content\/uploads\/2025\/06\/Textures-1024x276.jpg\" alt=\"Texturen importieren\" class=\"wp-image-4507\" srcset=\"https:\/\/wp-test-1.sweethome3d.eu\/wp-content\/uploads\/2025\/06\/Textures-1024x276.jpg 1024w, https:\/\/wp-test-1.sweethome3d.eu\/wp-content\/uploads\/2025\/06\/Textures-360x97.jpg 360w, https:\/\/wp-test-1.sweethome3d.eu\/wp-content\/uploads\/2025\/06\/Textures-481x130.jpg 481w, https:\/\/wp-test-1.sweethome3d.eu\/wp-content\/uploads\/2025\/06\/Textures-768x207.jpg 768w, https:\/\/wp-test-1.sweethome3d.eu\/wp-content\/uploads\/2025\/06\/Textures-400x108.jpg 400w, https:\/\/wp-test-1.sweethome3d.eu\/wp-content\/uploads\/2025\/06\/Textures.jpg 1200w\" sizes=\"auto, (max-width: 1024px) 100vw, 1024px\" \/><\/figure>\n\n<hr class=\"wp-block-separator has-text-color has-white-color has-alpha-channel-opacity has-white-background-color has-background\" \/>\n\n<hr class=\"wp-block-separator has-text-color has-white-color has-alpha-channel-opacity has-white-background-color has-background\" \/>\n\n<p class=\"has-text-align-center\">Vielen Dank an Hans Dirkse f\u00fcr seine Hilfe<\/p>\n\n<p class=\"has-text-align-center\"><a href=\"mailto:info@sweethome3d.com\">Andere Seiten vorschlagen oder einen defekten Link melden<\/a><\/p>\n\n<p class=\"has-text-align-center\"><em><em>Letzte Aktualisierung: 23.01.2023<\/em><\/em><\/p>\n","protected":false},"excerpt":{"rendered":"<p>Diese Seite listet einige Quellen f\u00fcr kostenlose Texturbilder auf, die du in Sweet Home 3D importieren kannst. Verf\u00fcgbare Texturquellen Texturbibliotheken Sweet Home 3D erm\u00f6glicht es dir, Texturbilder einzeln oder als Gruppe von Texturen, die in SH3T-Dateien gespeichert sind, zu importieren. Eine SH3T-Datei ist eine Bibliothek von Texturen mit ihrer Beschreibung und kann einfach durch Doppelklicken [&hellip;]<\/p>\n","protected":false},"author":3,"featured_media":11594,"parent":0,"menu_order":0,"comment_status":"closed","ping_status":"closed","template":"","meta":{"inline_featured_image":false,"footnotes":""},"class_list":["post-11601","page","type-page","status-publish","has-post-thumbnail","hentry"],"_links":{"self":[{"href":"https:\/\/wp-test-1.sweethome3d.eu\/de\/wp-json\/wp\/v2\/pages\/11601","targetHints":{"allow":["GET"]}}],"collection":[{"href":"https:\/\/wp-test-1.sweethome3d.eu\/de\/wp-json\/wp\/v2\/pages"}],"about":[{"href":"https:\/\/wp-test-1.sweethome3d.eu\/de\/wp-json\/wp\/v2\/types\/page"}],"author":[{"embeddable":true,"href":"https:\/\/wp-test-1.sweethome3d.eu\/de\/wp-json\/wp\/v2\/users\/3"}],"replies":[{"embeddable":true,"href":"https:\/\/wp-test-1.sweethome3d.eu\/de\/wp-json\/wp\/v2\/comments?post=11601"}],"version-history":[{"count":2,"href":"https:\/\/wp-test-1.sweethome3d.eu\/de\/wp-json\/wp\/v2\/pages\/11601\/revisions"}],"predecessor-version":[{"id":11605,"href":"https:\/\/wp-test-1.sweethome3d.eu\/de\/wp-json\/wp\/v2\/pages\/11601\/revisions\/11605"}],"wp:featuredmedia":[{"embeddable":true,"href":"https:\/\/wp-test-1.sweethome3d.eu\/de\/wp-json\/wp\/v2\/media\/11594"}],"wp:attachment":[{"href":"https:\/\/wp-test-1.sweethome3d.eu\/de\/wp-json\/wp\/v2\/media?parent=11601"}],"curies":[{"name":"wp","href":"https:\/\/api.w.org\/{rel}","templated":true}]}}