{"id":11828,"date":"2025-09-18T11:59:08","date_gmt":"2025-09-18T11:59:08","guid":{"rendered":"https:\/\/wp-test-1.sweethome3d.eu\/lizenz\/"},"modified":"2025-11-03T18:40:15","modified_gmt":"2025-11-03T18:40:15","slug":"lizenz","status":"publish","type":"page","link":"https:\/\/wp-test-1.sweethome3d.eu\/de\/lizenz\/","title":{"rendered":"Lizenz"},"content":{"rendered":"\n<p>Sweet Home 3D, Copyright (c) 2024 Space Mushrooms &lt;<a href=\"mailto:info@sweethome3d.com\">info@sweethome3d.com<\/a>&gt;<\/p>\n\n<p>Die kostenlose Version der Anwendung <a href=\"\/\">Sweet Home 3D<\/a>, die Anwendungen <a href=\"https:\/\/www.sweethome3d.com\/support\/forum\/viewthread_thread,1550\" target=\"_blank\" rel=\"noopener\">Furniture Library Editor<\/a> und <a href=\"https:\/\/www.sweethome3d.com\/support\/forum\/viewthread_thread,3502\" target=\"_blank\" rel=\"noopener\">Textures Library Editor<\/a> sowie <a href=\"https:\/\/sourceforge.net\/p\/sweethome3d\/code\/HEAD\/tree\/trunk\/SweetHome3DJS\/\" target=\"_blank\" rel=\"noopener\">Sweet Home 3D JS<\/a> werden unter der <a href=\"https:\/\/www.gnu.org\/licenses\/gpl-2.0.txt\" target=\"_blank\" rel=\"noopener\">GNU General Public License<\/a> vertrieben; du darfst sie verwenden, kopieren, weiterverbreiten und\/oder unter den Bedingungen dieser Lizenz, wie von der Free Software Foundation ver\u00f6ffentlicht, ver\u00e4ndern; entweder Version 2 der Lizenz oder (nach deiner Wahl) jede sp\u00e4tere Version. F\u00fcr weitere Details lies bitte die Bedingungen der <a href=\"https:\/\/www.gnu.org\/licenses\/gpl-2.0.txt\" target=\"_blank\" rel=\"noopener\">GNU General Public License<\/a> und ihre <a href=\"https:\/\/www.gnu.org\/licenses\/gpl-faq.html\" target=\"_blank\" rel=\"noopener\">FAQ<\/a>. <\/p>\n\n<p>Diese Programme werden in der Hoffnung verbreitet, dass sie n\u00fctzlich sein werden, aber OHNE JEGLICHE GARANTIE; nicht einmal die stillschweigende Garantie der MARKTG\u00c4NGIGKEIT oder EIGNUNG F\u00dcR EINEN BESTIMMTEN ZWECK.<\/p>\n\n<p>Die GNU General Public License und andere Lizenzen, unter denen Sweet Home 3D, Sweet Home 3D Mobile, Furniture Library Editor, Textures Library Editor Anwendungen und Sweet Home 3D JS verf\u00fcgbar sind, erlauben dir, die mit diesen Anwendungen erstellten Dokumente zu ver\u00f6ffentlichen, sei es f\u00fcr den pers\u00f6nlichen oder kommerziellen Gebrauch, innerhalb der Grenzen der Rechte, die durch die Lizenzen der 3D-Modelle und Texturen gew\u00e4hrt werden, die du in die mit diesen Anwendungen erstellten Dokumente importiert hast.<br\/>Du kannst die 3D-Modelle und Texturen, die in den Standardkatalogen aller Sweet Home 3D Versionen verf\u00fcgbar sind, sowie die <g id=\"gid_0\">kostenlosen 3D-Modelle<\/g>, die auf <g id=\"gid_1\">sweethome3d.com<\/g> gehostet werden, und die <g id=\"gid_2\">M\u00f6belbibliotheken<\/g> oder <g id=\"gid_3\">Texturbibliotheken<\/g>, die unter den <g id=\"gid_4\">Sweet Home 3D Dateien auf SourceForge.net<\/g> verf\u00fcgbar sind, f\u00fcr den pers\u00f6nlichen oder kommerziellen Gebrauch verwenden und weiterverbreiten. Wenn du einige dieser 3D-Modelle und Texturen in deine Dokumente einf\u00fcgst, solltest du den Autor derjenigen nennen, die unter der <a href=\"https:\/\/artlibre.org\/licence\/lal\/en\/\" target=\"_blank\" rel=\"noopener\">Free Art License<\/a> oder <a href=\"https:\/\/creativecommons.org\/licenses\/by\/3.0\/\" target=\"_blank\" rel=\"noopener\">CC-BY License<\/a> vertrieben werden, m\u00f6glicherweise mit einem Hinweis \u00e4hnlich dem folgenden (einschlie\u00dflich der Links, damit Benutzer die Autoren der von dir verwendeten Kunstwerke finden k\u00f6nnen):  <\/p>\n\n<div class=\"wp-block-group is-nowrap is-layout-flex wp-container-core-group-is-layout-ad2f72ca wp-block-group-is-layout-flex\">\n<div style=\"height:10px;width:0px\" aria-hidden=\"true\" class=\"wp-block-spacer wp-container-content-728072c3\"><\/div>\n\n\n\n<p><em>Projekt entworfen mit <a href=\"\/\">Sweet Home 3D<\/a>. Enth\u00e4lt <a href=\"https:\/\/wp-test-1.sweethome3d.eu\/de\/kostenlose-3d-modelle\/\" data-type=\"page\" data-id=\"4869\">3D-Modelle<\/a> und <a href=\"https:\/\/wp-test-1.sweethome3d.eu\/de\/texturen-importieren\/\" data-type=\"page\" data-id=\"4928\">Texturen<\/a>, die unter einer freien Lizenz vertrieben werden. <\/em><\/p>\n<\/div>\n\n<p>Die Verwendung und Weiterverbreitung von 3D-Modellen oder Texturen, die auf <strong>anderen Webseiten<\/strong> gefunden werden, kann durch die Lizenz eingeschr\u00e4nkt sein, unter der sie vertrieben werden, und es liegt an dir, ihre Lizenz zu \u00fcberpr\u00fcfen. Zum Beispiel werden 3D-Modelle, die bei <a href=\"https:\/\/www.2d3dmodels.com\/3dmodels.htm\" target=\"_blank\" rel=\"noopener\">Archibit<\/a> verf\u00fcgbar sind, unter der <a href=\"https:\/\/creativecommons.org\/licenses\/by-nc-sa\/2.5\/it\/\" target=\"_blank\" rel=\"noopener\">Creative Commons BY-NC-SA<\/a> Lizenz vertrieben, die es verbietet, ein Werk f\u00fcr kommerzielle Zwecke zu verwenden, w\u00e4hrend die Abschnitte 1.B und 2.vi der <a href=\"https:\/\/3dwarehouse.sketchup.com\/tos#license\" target=\"_blank\" rel=\"noopener\">General Model License<\/a> f\u00fcr die Modelle, die bei <a href=\"https:\/\/3dwarehouse.sketchup.com\/\" target=\"_blank\" rel=\"noopener\">Trimble 3D Warehouse<\/a> verf\u00fcgbar sind, es dir erlauben, sie f\u00fcr <em>gesch\u00e4ftliche Zwecke (einschlie\u00dflich f\u00fcr kommerzielle Zwecke)<\/em> zu verwenden, aber es verbietet, <em>Inhalte, die von der Seite bezogen wurden, zur Weiterverbreitung zusammenzufassen<\/em>, eine Bedingung, die verhindert, M\u00f6belbibliotheken zu verbreiten, die 3D Warehouse Modelle enthalten. <\/p>\n\n<p>Die GNU General Public License erlaubt es dir auch, die kostenlose Version der Sweet Home 3D Anwendung, die Furniture Library Editor und Textures Library Editor Anwendungen sowie Sweet Home 3D JS frei unter derselben Lizenz weiterzuverbreiten, wenn du die Bedingungen der <a href=\"https:\/\/www.gnu.org\/licenses\/gpl-2.0.txt\" target=\"_blank\" rel=\"noopener\">GNU General Public License<\/a> mit ihnen bereitstellst und den folgenden Copyright-Hinweis an der entsprechenden Stelle hinzuf\u00fcgst (mit einem Link zur Webseite <a href=\"\/\">https:\/\/www.sweethome3d.com<\/a>, wenn m\u00f6glich):<\/p>\n\n<div class=\"wp-block-group is-nowrap is-layout-flex wp-container-core-group-is-layout-ad2f72ca wp-block-group-is-layout-flex\">\n<div style=\"height:10px;width:0px\" aria-hidden=\"true\" class=\"wp-block-spacer wp-container-content-728072c3\"><\/div>\n\n\n\n<p><em><em>Sweet Home 3D, Copyright (c) 2024 Space Mushrooms &lt;info@sweehome3d.com&gt;<\/em><\/em><\/p>\n<\/div>\n\n<p>Diese Regel gilt auch f\u00fcr die Verwendung von <a href=\"https:\/\/sourceforge.net\/projects\/sweethome3d\/files\/SweetHome3D-viewer\/SweetHome3DJSViewer-7.5.2.zip\/download\" target=\"_blank\" rel=\"noopener\">Sweet Home 3D JS Viewer<\/a> oder der <a href=\"https:\/\/wp-test-1.sweethome3d.eu\/de\/sweet-home-3d-online-manager\/\" data-type=\"page\" data-id=\"398\">Online-Version<\/a> auf deiner Webseite, was eine Art Weiterverbreitung darstellt.<\/p>\n\n<p><em>Beachte, dass die GNU General Public License Entwicklern, die nicht die Urheberrechte von Sweet Home 3D besitzen, verbietet, propriet\u00e4re Programme zu erstellen, die von dieser Software abgeleitet sind oder sie in propriet\u00e4re Programme zu integrieren.<\/em><\/p>\n\n<p><em>Wenn du an Sweet Home 3D f\u00fcr eine solche Verwendung interessiert bist, schreibe bitte an <a href=\"mailto:info@sweethome3d.com\">info@sweethome3d.com<\/a>, um Informationen \u00fcber die anderen verf\u00fcgbaren Lizenzen zu erhalten, die deinen Bed\u00fcrfnissen entsprechen k\u00f6nnten.<\/em><\/p>\n\n<p>Sweet Home 3D enth\u00e4lt auch die folgenden Bibliotheken, die unter Lizenzen vertrieben werden, die weniger restriktiv sind als die GNU GPL:<\/p>\n\n<ul class=\"wp-block-list\">\n<li>Java 3D Bibliothek, die unter der <a href=\"https:\/\/www.opensource.org\/licenses\/bsd-license.php\" target=\"_blank\" rel=\"noopener\">BSD-Lizenz<\/a> und der <a href=\"https:\/\/openjdk.java.net\/legal\/gplv2+ce.html\" target=\"_blank\" rel=\"noopener\">GNU General Public License mit der Classpath Exception<\/a> vertrieben wird,<\/li>\n\n\n\n<li>Die Bibliothek <a href=\"https:\/\/java.sun.com\/javase\/technologies\/desktop\/media\/jmf\/\" target=\"_blank\" rel=\"noopener\">Java Media Framework<\/a>, die unter der <a href=\"https:\/\/java.sun.com\/javase\/technologies\/desktop\/media\/jmf\/2.1.1\/license.html\" target=\"_blank\" rel=\"noopener\">JMF 2.1.1 Binary Code License<\/a> vertrieben wird,<\/li>\n\n\n\n<li>Die <a href=\"https:\/\/www.lowagie.com\/iText\/\" target=\"_blank\" rel=\"noopener\">iText<\/a> PDF-Druckbibliothek Version 2.1.7, die unter der <a href=\"https:\/\/www.gnu.org\/licenses\/old-licenses\/lgpl-2.1.txt\" target=\"_blank\" rel=\"noopener\">GNU Lesser General Public License<\/a> vertrieben wird,<\/li>\n\n\n\n<li>Die <a href=\"https:\/\/java.freehep.org\/\" target=\"_blank\" rel=\"noopener\">FreeHep<\/a> SVG-Exportbibliothek, die unter der <a href=\"https:\/\/www.gnu.org\/licenses\/old-licenses\/lgpl-2.1.txt\" target=\"_blank\" rel=\"noopener\">GNU Lesser General Public License<\/a> vertrieben wird,<\/li>\n\n\n\n<li>Die <a href=\"https:\/\/xmlgraphics.apache.org\/batik\/\" target=\"_blank\" rel=\"noopener\">Batik<\/a> SVG-Pfad<a href=\"https:\/\/xmlgraphics.apache.org\/batik\/\" target=\"_blank\" rel=\"noopener\"><\/a>Kompilierungsbibliothek, die unter der <a href=\"https:\/\/xmlgraphics.apache.org\/batik\/license.html\" target=\"_blank\" rel=\"noopener\">Apache License<\/a> vertrieben wird,<\/li>\n\n\n\n<li>Die <a href=\"https:\/\/www.eteks.com\/jeks\/\" target=\"_blank\" rel=\"noopener\">Jeks Parser calculator<\/a> Bibliothek zur Unterst\u00fctzung mathematischer Ausdr\u00fccke, die unter der <a href=\"https:\/\/www.gnu.org\/licenses\/old-licenses\/lgpl-2.1.txt\" target=\"_blank\" rel=\"noopener\">GNU Lesser General Public License<\/a> vertrieben wird,<\/li>\n\n\n\n<li>Die <a href=\"https:\/\/sunflow.sourceforge.net\/\" target=\"_blank\" rel=\"noopener\">SunFlow<\/a> Global Illumination Rendering Bibliothek, die unter der <a href=\"https:\/\/www.opensource.org\/licenses\/mit-license.php\" target=\"_blank\" rel=\"noopener\">MIT-Lizenz<\/a> vertrieben wird,<\/li>\n\n\n\n<li>Die <a href=\"https:\/\/github.com\/YafaRay\" target=\"_blank\" rel=\"noopener\">YafaRay<\/a> Rendering Bibliothek, die unter der <a href=\"https:\/\/www.gnu.org\/licenses\/old-licenses\/lgpl-2.1.txt\" target=\"_blank\" rel=\"noopener\">GNU Lesser General Public License<\/a><a href=\"https:\/\/www.opensource.org\/licenses\/mit-license.php\" target=\"_blank\" rel=\"noopener\"><\/a> vertrieben wird,<\/li>\n\n\n\n<li>Die in den Katalogen der kostenlosen Version verf\u00fcgbaren <a href=\"https:\/\/wp-test-1.sweethome3d.eu\/de\/kostenlose-3d-modelle\/\" data-type=\"page\" data-id=\"4869\">3D-Modelle<\/a> und Texturen werden unter der GNU GPL oder der <a>CC-BY License<\/a> vertrieben,<\/li>\n\n\n\n<li>Die zus\u00e4tzlichen <a href=\"https:\/\/wp-test-1.sweethome3d.eu\/de\/kostenlose-3d-modelle\/\" data-type=\"page\" data-id=\"4869\">3D-Modelle<\/a> und <a href=\"https:\/\/wp-test-1.sweethome3d.eu\/de\/texturen-importieren\/\" data-type=\"page\" data-id=\"4928\">Texturen<\/a>, die in den Katalogen der Versionen im <a href=\"https:\/\/apps.apple.com\/app\/sweet-home-3d\/id669289700\" target=\"_blank\" rel=\"noopener\">Mac App Store<\/a>, <a href=\"https:\/\/apps.microsoft.com\/detail\/9nblggh2smtq\" target=\"_blank\" rel=\"noopener\">Microsoft Store<\/a> und <a href=\"https:\/\/www.amazon.com\/gp\/product\/B00NLVKPDM\" target=\"_blank\" rel=\"noopener\">Amazon Store<\/a> verf\u00fcgbar sind, werden unter der <a href=\"https:\/\/artlibre.org\/licence\/lal\/en\" target=\"_blank\" rel=\"noopener\">Free Art Licence<\/a>, der <a href=\"https:\/\/creativecommons.org\/licenses\/by\/3.0\/\" target=\"_blank\" rel=\"noopener\">CC-BY License<\/a> vertrieben oder sind, je nach Modell, gemeinfrei.<\/li>\n<\/ul>\n\n<p>Sweet Home 3D JS h\u00e4ngt auch von den folgenden Bibliotheken ab:<\/p>\n\n<ul class=\"wp-block-list\">\n<li>Die <a href=\"https:\/\/stuk.github.io\/jszip\/\" target=\"_blank\" rel=\"noopener\">JSZip<\/a> Bibliothek, die unter der <a href=\"https:\/\/github.com\/Stuk\/jszip\/blob\/master\/LICENSE.markdown\" target=\"_blank\" rel=\"noopener\">MIT-Lizenz<\/a> vertrieben wird,<\/li>\n\n\n\n<li>Die <a href=\"https:\/\/glmatrix.net\/\" target=\"_blank\" rel=\"noopener\">glMatrix<\/a> Bibliothek, die unter der <a href=\"https:\/\/github.com\/toji\/gl-matrix\/blob\/master\/LICENSE.md\" target=\"_blank\" rel=\"noopener\">MIT-Lizenz<\/a> vertrieben wird,<\/li>\n\n\n\n<li>Die <a href=\"https:\/\/github.com\/MikeMcl\/big.js\/\" target=\"_blank\" rel=\"noopener\">big.js<\/a> Bibliothek, die unter der <a href=\"https:\/\/github.com\/MikeMcl\/big.js\/blob\/main\/LICENCE.md\" target=\"_blank\" rel=\"noopener\">MIT-Lizenz<\/a> vertrieben wird,<\/li>\n\n\n\n<li>Die <a href=\"https:\/\/github.com\/ndebeiss\/jsXmlSaxParser\" target=\"_blank\" rel=\"noopener\">jsXmlSaxParser<\/a> Bibliothek, die unter der <a href=\"https:\/\/raw.githubusercontent.com\/ndebeiss\/jsXmlSaxParser\/master\/LICENSE\" target=\"_blank\" rel=\"noopener\">Apache-Lizenz<\/a> vertrieben wird,<\/li>\n\n\n\n<li>JavaScript-\u00dcbersetzung der <code>Triangulator<\/code> Klasse in der <a href=\"https:\/\/github.com\/hharrison\/java3d-utils\" target=\"_blank\" rel=\"noopener\">Java 3D utils<\/a> Bibliothek, die unter der <a href=\"https:\/\/github.com\/hharrison\/java3d-utils\/blob\/master\/LICENSE.txt\" target=\"_blank\" rel=\"noopener\">BSD-Lizenz<\/a> vertrieben wird,<\/li>\n\n\n\n<li>JavaScript-\u00dcbersetzung der <a href=\"https:\/\/xmlgraphics.apache.org\/batik\/\" target=\"_blank\" rel=\"noopener\">Batik<\/a> SVG-Pfadkompilierungsbibliothek, die unter der <a href=\"https:\/\/xmlgraphics.apache.org\/batik\/license.html\" target=\"_blank\" rel=\"noopener\">Apache License<\/a> vertrieben wird,<\/li>\n\n\n\n<li>Die <a href=\"https:\/\/github.com\/stleary\/JSON-java\" target=\"_blank\" rel=\"noopener\">JSON.org<\/a> Bibliothek, die unter der <a href=\"https:\/\/github.com\/stleary\/JSON-java\/blob\/master\/LICENSE\" target=\"_blank\" rel=\"noopener\">JSON Free License<\/a> vertrieben wird,<\/li>\n\n\n\n<li>JavaScript-\u00dcbersetzung der Pakete <code>java.awt.geom<\/code> und <code>javax.swing.undo<\/code> in der <a href=\"https:\/\/openjdk.java.net\/\" target=\"_blank\" rel=\"noopener\">OpenJDK<\/a> Bibliothek, die unter der <a href=\"https:\/\/openjdk.java.net\/legal\/gplv2+ce.html\" target=\"_blank\" rel=\"noopener\">GNU General Public License mit der Classpath Exception<\/a> vertrieben wird.<\/li>\n<\/ul>\n","protected":false},"excerpt":{"rendered":"<p>Sweet Home 3D, Copyright (c) 2024 Space Mushrooms &lt;info@sweethome3d.com&gt; Die kostenlose Version der Anwendung Sweet Home 3D, die Anwendungen Furniture Library Editor und Textures Library Editor sowie Sweet Home 3D JS werden unter der GNU General Public License vertrieben; du darfst sie verwenden, kopieren, weiterverbreiten und\/oder unter den Bedingungen dieser Lizenz, wie von der Free [&hellip;]<\/p>\n","protected":false},"author":2,"featured_media":0,"parent":0,"menu_order":0,"comment_status":"closed","ping_status":"closed","template":"","meta":{"inline_featured_image":false,"footnotes":""},"class_list":["post-11828","page","type-page","status-publish","hentry"],"_links":{"self":[{"href":"https:\/\/wp-test-1.sweethome3d.eu\/de\/wp-json\/wp\/v2\/pages\/11828","targetHints":{"allow":["GET"]}}],"collection":[{"href":"https:\/\/wp-test-1.sweethome3d.eu\/de\/wp-json\/wp\/v2\/pages"}],"about":[{"href":"https:\/\/wp-test-1.sweethome3d.eu\/de\/wp-json\/wp\/v2\/types\/page"}],"author":[{"embeddable":true,"href":"https:\/\/wp-test-1.sweethome3d.eu\/de\/wp-json\/wp\/v2\/users\/2"}],"replies":[{"embeddable":true,"href":"https:\/\/wp-test-1.sweethome3d.eu\/de\/wp-json\/wp\/v2\/comments?post=11828"}],"version-history":[{"count":1,"href":"https:\/\/wp-test-1.sweethome3d.eu\/de\/wp-json\/wp\/v2\/pages\/11828\/revisions"}],"predecessor-version":[{"id":11829,"href":"https:\/\/wp-test-1.sweethome3d.eu\/de\/wp-json\/wp\/v2\/pages\/11828\/revisions\/11829"}],"wp:attachment":[{"href":"https:\/\/wp-test-1.sweethome3d.eu\/de\/wp-json\/wp\/v2\/media?parent=11828"}],"curies":[{"name":"wp","href":"https:\/\/api.w.org\/{rel}","templated":true}]}}