{"id":11864,"date":"2025-09-11T08:47:20","date_gmt":"2025-09-11T08:47:20","guid":{"rendered":"https:\/\/wp-test-1.sweethome3d.eu\/datenschutzrichtlinie\/"},"modified":"2025-11-04T10:18:14","modified_gmt":"2025-11-04T10:18:14","slug":"datenschutzrichtlinie","status":"publish","type":"page","link":"https:\/\/wp-test-1.sweethome3d.eu\/de\/datenschutzrichtlinie\/","title":{"rendered":"Datenschutzrichtlinie"},"content":{"rendered":"\n<p>Space Mushrooms, der Eigent\u00fcmer der Sweet Home 3D Software und des Urheberrechts sowie der <code>sweethome3d.com<\/code> Website, erhebt keine privaten Daten auf der <code>sweethome3d.com<\/code> Website, au\u00dfer von Benutzern, die im <a href=\"https:\/\/www.sweethome3d.com\/support\/forum\/registermember\" target=\"_blank\" rel=\"noopener\">registriert<\/a> <a href=\"https:\/\/www.sweethome3d.com\/support\/forum\/?lang=en\" target=\"_blank\" rel=\"noopener\">Forum<\/a> sind. Server-Verkehrsprotokolle sind nicht \u00f6ffentlich und <code>sweethome3d.com<\/code> zeigt keine Werbung an.<br\/>Dennoch zeigen die meisten auf der <code>sweethome3d.com<\/code> Website ver\u00f6ffentlichten Seiten das Sourceforge-Logo, einige Seiten zeigen Videos, die anderswo gehostet werden, und das Forum erm\u00f6glicht es Benutzern, Bilder zu teilen, die auf anderen Websites gehostet werden. Diese Bilder und Videos stammen von <code>sourceforge.net<\/code>, <code>youtube.com<\/code>, <code>dailymotion.com<\/code> und anderen Webservern, was den Eigent\u00fcmern dieser Websites m\u00f6glicherweise die M\u00f6glichkeit gibt, die Besuche der Benutzer auf der <code>sweethome3d.com<\/code> Website nach Belieben zu verfolgen.  <\/p>\n\n<p>F\u00fcr registrierte Benutzer bestehen die auf <code>sweethome3d.com<\/code> gespeicherten Daten aus:<\/p>\n\n<ul class=\"wp-block-list\">\n<li>den bei der Registrierung angegebenen Informationen (mindestens ein Login, ein verschl\u00fcsseltes Passwort und eine E-Mail-Adresse)<\/li>\n\n\n\n<li>ihren im <a href=\"https:\/\/www.sweethome3d.com\/support\/forum\/?lang=en\" target=\"_blank\" rel=\"noopener\">Forum<\/a> geposteten Nachrichten<\/li>\n\n\n\n<li>den Online-H\u00e4usern, die sie in <a href=\"https:\/\/wp-test-1.sweethome3d.eu\/de\/sweet-home-3d-online-manager\/\" data-type=\"page\" data-id=\"398\">Sweet Home 3D Online<\/a> erstellt oder im <a href=\"https:\/\/wp-test-1.sweethome3d.eu\/de\/exportierter-haeuser-manager\/\" data-type=\"page\" data-id=\"4976\">Exportierten H\u00e4user-Manager<\/a> exportiert haben.<\/li>\n<\/ul>\n\n<p>Hausdaten sind privat, es sei denn, der Benutzer stimmt ausdr\u00fccklich der \u00f6ffentlichen Freigabe zu. Jeder Benutzer kann seine eigenen Daten selbst abrufen oder bei Bedarf deren Entfernung beantragen, indem er an <g id=\"gid_0\">info@sweethome3d.com<\/g> schreibt. Space Mushrooms garantiert, dass alle notwendigen Ma\u00dfnahmen ergriffen werden, um sicherzustellen, dass die Hausdaten der Benutzer, die unter der fr\u00fcheren Website-Eigent\u00fcmerschaft von eTeks verwaltet wurden, niemals ohne Information der Benutzer f\u00fcr irgendeinen Zweck verwendet werden.  <\/p>\n\n<p><strong>Apps, die \u00fcber Drittanbieter-Stores vertrieben werden<\/strong><br\/>Die Informationen \u00fcber Benutzer, die Sweet Home 3D oder Sweet Home 3D Mobile aus dem Mac App Store, App Store, Microsoft Store, Google Play oder Amazon herunterladen und installieren, werden haupts\u00e4chlich von diesen Unternehmen verwaltet. Space Mushrooms erh\u00e4lt keine personenbezogenen Daten \u00fcber Benutzer von diesen Plattformen. <\/p>\n\n<p><strong>Analysen und Tracking in Apps<\/strong><br\/>Unsere iOS- und macOS-Versionen von Sweet Home 3D enthalten Firebase Analytics zur Verbesserung der App. Firebase Analytics sammelt Daten wie anonyme App-Nutzungsstatistiken und Absturzberichte. Diese Daten sind nicht mit deiner Identit\u00e4t verkn\u00fcpft und werden ausschlie\u00dflich zur Verbesserung der App-Funktionalit\u00e4t und des Benutzererlebnisses verwendet. Es werden keine pers\u00f6nlichen Daten, wie Namen oder E-Mails, von uns \u00fcber Firebase gesammelt.   <\/p>\n\n<p>Siehe auch <a href=\"https:\/\/wp-test-1.sweethome3d.eu\/de\/datenschutzrichtlinie\/\" data-type=\"page\" data-id=\"3\">Impressum<\/a> f\u00fcr weitere Informationen \u00fcber Space Mushrooms und Sweet Home 3D.<\/p>\n","protected":false},"excerpt":{"rendered":"<p>Space Mushrooms, der Eigent\u00fcmer der Sweet Home 3D Software und des Urheberrechts sowie der sweethome3d.com Website, erhebt keine privaten Daten auf der sweethome3d.com Website, au\u00dfer von Benutzern, die im registriert Forum sind. Server-Verkehrsprotokolle sind nicht \u00f6ffentlich und sweethome3d.com zeigt keine Werbung an.Dennoch zeigen die meisten auf der sweethome3d.com Website ver\u00f6ffentlichten Seiten das Sourceforge-Logo, einige Seiten [&hellip;]<\/p>\n","protected":false},"author":1,"featured_media":0,"parent":0,"menu_order":0,"comment_status":"closed","ping_status":"open","template":"","meta":{"inline_featured_image":false,"footnotes":""},"class_list":["post-11864","page","type-page","status-publish","hentry"],"_links":{"self":[{"href":"https:\/\/wp-test-1.sweethome3d.eu\/de\/wp-json\/wp\/v2\/pages\/11864","targetHints":{"allow":["GET"]}}],"collection":[{"href":"https:\/\/wp-test-1.sweethome3d.eu\/de\/wp-json\/wp\/v2\/pages"}],"about":[{"href":"https:\/\/wp-test-1.sweethome3d.eu\/de\/wp-json\/wp\/v2\/types\/page"}],"author":[{"embeddable":true,"href":"https:\/\/wp-test-1.sweethome3d.eu\/de\/wp-json\/wp\/v2\/users\/1"}],"replies":[{"embeddable":true,"href":"https:\/\/wp-test-1.sweethome3d.eu\/de\/wp-json\/wp\/v2\/comments?post=11864"}],"version-history":[{"count":1,"href":"https:\/\/wp-test-1.sweethome3d.eu\/de\/wp-json\/wp\/v2\/pages\/11864\/revisions"}],"predecessor-version":[{"id":11865,"href":"https:\/\/wp-test-1.sweethome3d.eu\/de\/wp-json\/wp\/v2\/pages\/11864\/revisions\/11865"}],"wp:attachment":[{"href":"https:\/\/wp-test-1.sweethome3d.eu\/de\/wp-json\/wp\/v2\/media?parent=11864"}],"curies":[{"name":"wp","href":"https:\/\/api.w.org\/{rel}","templated":true}]}}