{"id":6196,"date":"2025-09-19T09:07:08","date_gmt":"2025-09-19T09:07:08","guid":{"rendered":"https:\/\/wp-test-1.sweethome3d.eu\/spenden\/"},"modified":"2025-11-11T14:40:07","modified_gmt":"2025-11-11T14:40:07","slug":"spenden","status":"publish","type":"page","link":"https:\/\/wp-test-1.sweethome3d.eu\/de\/spenden\/","title":{"rendered":"Spenden"},"content":{"rendered":"\n<p class=\"has-text-align-center\">Hat <a href=\"\/\" data-action=\"wce_test\">Sweet Home 3D<\/a> Ihnen erfolgreich bei Ihrem Projekt geholfen?<br\/>Gef\u00e4llt Ihnen die Unterst\u00fctzung, die diese Website bietet?<br\/>Sch\u00e4tzen Sie das Fehlen von Werbung auf dieser Seite?<\/p>\n\n<p class=\"has-text-align-center\">Dann&#8230; z\u00f6gern Sie nicht l\u00e4nger! Helfen Sie <a href=\"https:\/\/wp-test-1.sweethome3d.eu\/de\/herunterladen\/\" data-type=\"page\" data-id=\"396\" data-action=\"wce_test\">Sweet Home 3D<\/a> und spenden Sie f\u00fcr dieses Projekt.<br\/>Es wird sehr gesch\u00e4tzt. <\/p>\n\n<p class=\"has-text-align-center\">Sie m\u00fcssen lediglich den Betrag Ihrer Spende unten eingeben<br\/>und auf die Schaltfl\u00e4che <em>Spenden<\/em> von Paypal klicken.<\/p>\n\n\n\t<div id=\"donate-button-container\" style=\"text-align:center; margin:2rem 0;\">\n\t\t<div id=\"donate-button\"><\/div>\n\t\t<script src=\"https:\/\/www.paypalobjects.com\/donate\/sdk\/donate-sdk.js\" charset=\"UTF-8\"><\/script>\n\t\t<script>\n\t\t\tPayPal.Donation.Button({\n\t\t\t\tenv: 'production',\n\t\t\t\thosted_button_id: 'Q2F4V9B6WMY7N',\n\t\t\t\timage: {\n\t\t\t\t\tsrc: 'https:\/\/wp-test-1.sweethome3d.eu\/wp-content\/themes\/sh3d\/assets\/img\/paypal\/btn_donateCC_LG_en_US.gif',\n\t\t\t\t\talt: 'Donate with PayPal button',\n\t\t\t\t\ttitle: 'PayPal - The safer, easier way to pay online!'\n\t\t\t\t}\n\t\t\t}).render('#donate-button');\n\t\t<\/script>\n\t<\/div>\n\n\t\n","protected":false},"excerpt":{"rendered":"<p>Hat Sweet Home 3D Ihnen erfolgreich bei Ihrem Projekt geholfen?Gef\u00e4llt Ihnen die Unterst\u00fctzung, die diese Website bietet?Sch\u00e4tzen Sie das Fehlen von Werbung auf dieser Seite? Dann&#8230; z\u00f6gern Sie nicht l\u00e4nger! Helfen Sie Sweet Home 3D und spenden Sie f\u00fcr dieses Projekt.Es wird sehr gesch\u00e4tzt. Sie m\u00fcssen lediglich den Betrag Ihrer Spende unten eingebenund auf die [&hellip;]<\/p>\n","protected":false},"author":2,"featured_media":0,"parent":0,"menu_order":0,"comment_status":"closed","ping_status":"closed","template":"","meta":{"inline_featured_image":false,"footnotes":""},"class_list":["post-6196","page","type-page","status-publish","hentry"],"_links":{"self":[{"href":"https:\/\/wp-test-1.sweethome3d.eu\/de\/wp-json\/wp\/v2\/pages\/6196","targetHints":{"allow":["GET"]}}],"collection":[{"href":"https:\/\/wp-test-1.sweethome3d.eu\/de\/wp-json\/wp\/v2\/pages"}],"about":[{"href":"https:\/\/wp-test-1.sweethome3d.eu\/de\/wp-json\/wp\/v2\/types\/page"}],"author":[{"embeddable":true,"href":"https:\/\/wp-test-1.sweethome3d.eu\/de\/wp-json\/wp\/v2\/users\/2"}],"replies":[{"embeddable":true,"href":"https:\/\/wp-test-1.sweethome3d.eu\/de\/wp-json\/wp\/v2\/comments?post=6196"}],"version-history":[{"count":2,"href":"https:\/\/wp-test-1.sweethome3d.eu\/de\/wp-json\/wp\/v2\/pages\/6196\/revisions"}],"predecessor-version":[{"id":6270,"href":"https:\/\/wp-test-1.sweethome3d.eu\/de\/wp-json\/wp\/v2\/pages\/6196\/revisions\/6270"}],"wp:attachment":[{"href":"https:\/\/wp-test-1.sweethome3d.eu\/de\/wp-json\/wp\/v2\/media?parent=6196"}],"curies":[{"name":"wp","href":"https:\/\/api.w.org\/{rel}","templated":true}]}}