{"id":8680,"date":"2025-09-18T11:52:42","date_gmt":"2025-09-18T11:52:42","guid":{"rendered":"https:\/\/wp-test-1.sweethome3d.eu\/sweet-home-3d-funktionen\/"},"modified":"2025-11-03T16:37:58","modified_gmt":"2025-11-03T16:37:58","slug":"sweet-home-3d-funktionen","status":"publish","type":"page","link":"https:\/\/wp-test-1.sweethome3d.eu\/de\/sweet-home-3d-funktionen\/","title":{"rendered":"Sweet Home 3D Funktionen"},"content":{"rendered":"<h2 class=\"wp-block-heading has-text-align-center\" id=\"entdecke-die-hauptfunktionen-von-sweet-home-3d\">Entdecke die Hauptfunktionen von Sweet Home 3D<\/h2>\n<p class=\"has-text-align-center\">Entdecke die Hauptfunktionen von <strong><a href=\"https:\/\/wp-test-1.sweethome3d.eu\/de\/herunterladen\/\" data-type=\"page\" data-id=\"396\">Sweet Home 3D<\/a><\/strong>,<br \/>einer kostenlosen Innenarchitektur-Anwendung, die unter <a href=\"https:\/\/www.sweethome3d.com\/\" target=\"_blank\" rel=\"noopener\">https:\/\/www.sweethome3d.com<\/a> verf\u00fcgbar ist.<\/p>\n\n<p class=\"has-text-align-center\">Sweet Home 3D ist eine leistungsstarke und benutzerfreundliche Innenarchitektursoftware, mit der du detaillierte Grundrisse und stilvolle Ideen f\u00fcr die Inneneinrichtung deines Zuhauses erstellen kannst. Egal, ob du ein professioneller Innenarchitekt bist oder einfach nur Raumideen ausprobieren m\u00f6chtest, dieses Tool bietet alle Funktionen, mit denen du effizient Hauslayouts entwerfen kannst. <\/p>\n<div class=\"wp-block-image\">\n<figure class=\"aligncenter size-full\"><img loading=\"lazy\" decoding=\"async\" width=\"393\" height=\"266\" src=\"https:\/\/wp-test-1.sweethome3d.eu\/wp-content\/uploads\/2025\/09\/SweetHome3DSmall.jpg\" alt=\"Sweet Home 3D Funktionen\" class=\"wp-image-501\" srcset=\"https:\/\/wp-test-1.sweethome3d.eu\/wp-content\/uploads\/2025\/09\/SweetHome3DSmall.jpg 393w, https:\/\/wp-test-1.sweethome3d.eu\/wp-content\/uploads\/2025\/09\/SweetHome3DSmall-192x130.jpg 192w, https:\/\/wp-test-1.sweethome3d.eu\/wp-content\/uploads\/2025\/09\/SweetHome3DSmall-360x244.jpg 360w, https:\/\/wp-test-1.sweethome3d.eu\/wp-content\/uploads\/2025\/09\/SweetHome3DSmall-133x90.jpg 133w\" sizes=\"auto, (max-width: 393px) 100vw, 393px\" \/><\/figure>\n<\/div>\n<div style=\"height:50px\" aria-hidden=\"true\" class=\"wp-block-spacer\"><\/div>\n<h3 class=\"wp-block-heading has-text-align-center\" id=\"waende-zeichnen-und-genaue-grundrisse-erstellen\">W\u00e4nde zeichnen und genaue Grundrisse erstellen<\/h3>\n<hr class=\"wp-block-separator has-alpha-channel-opacity is-style-default\" \/>\n\n<div class=\"wp-block-group is-nowrap is-layout-flex wp-container-core-group-is-layout-ad2f72ca wp-block-group-is-layout-flex\">\n<div class=\"wp-block-group is-nowrap is-layout-flex wp-container-core-group-is-layout-ad2f72ca wp-block-group-is-layout-flex\">\n<p><strong>Zeichne<\/strong> gerade, runde oder schr\u00e4ge <strong><a href=\"https:\/\/wp-test-1.sweethome3d.eu\/de\/sweet-home-3d-benutzerhandbuch\/#drawing-walls\" data-type=\"link\" data-id=\"https:\/\/wp-test-1.sweethome3d.eu\/users-guide\/#drawing-walls\">W\u00e4nde<\/a><\/strong> mit pr\u00e4zisen Abmessungen mit der Maus oder der Tastatur.<\/p>\n<\/div>\n\n\n\n<figure class=\"wp-block-image size-full is-resized\"><img loading=\"lazy\" decoding=\"async\" width=\"275\" height=\"100\" src=\"https:\/\/wp-test-1.sweethome3d.eu\/wp-content\/uploads\/2025\/09\/drawWalls.png\" alt=\"\" class=\"wp-image-504\" style=\"width:275px\" srcset=\"https:\/\/wp-test-1.sweethome3d.eu\/wp-content\/uploads\/2025\/09\/drawWalls.png 275w, https:\/\/wp-test-1.sweethome3d.eu\/wp-content\/uploads\/2025\/09\/drawWalls-248x90.png 248w\" sizes=\"auto, (max-width: 275px) 100vw, 275px\" \/><\/figure>\n<\/div>\n\n<hr class=\"wp-block-separator has-alpha-channel-opacity\" \/>\n\n<div class=\"wp-block-group is-nowrap is-layout-flex wp-container-core-group-is-layout-ad2f72ca wp-block-group-is-layout-flex\">\n<figure class=\"wp-block-image size-full is-resized\"><img loading=\"lazy\" decoding=\"async\" width=\"275\" height=\"100\" src=\"https:\/\/wp-test-1.sweethome3d.eu\/wp-content\/uploads\/2025\/09\/annotate.png\" alt=\"\" class=\"wp-image-505\" style=\"width:275px\" srcset=\"https:\/\/wp-test-1.sweethome3d.eu\/wp-content\/uploads\/2025\/09\/annotate.png 275w, https:\/\/wp-test-1.sweethome3d.eu\/wp-content\/uploads\/2025\/09\/annotate-248x90.png 248w\" sizes=\"auto, (max-width: 275px) 100vw, 275px\" \/><\/figure>\n\n\n\n<p><strong>Beschrifte den Plan<\/strong> mit <a href=\"https:\/\/wp-test-1.sweethome3d.eu\/de\/sweet-home-3d-benutzerhandbuch\/#drawing-rooms\" data-type=\"link\" data-id=\"https:\/\/wp-test-1.sweethome3d.eu\/users-guide\/#drawing-rooms\">Raumfl\u00e4chen<\/a>, <a href=\"https:\/\/wp-test-1.sweethome3d.eu\/de\/sweet-home-3d-benutzerhandbuch\/#drawing-dimensions\">Ma\u00dflinien<\/a>, <a href=\"https:\/\/wp-test-1.sweethome3d.eu\/de\/sweet-home-3d-benutzerhandbuch\/#adding-texts\" data-type=\"link\" data-id=\"https:\/\/wp-test-1.sweethome3d.eu\/users-guide\/#adding-texts\">Texten<\/a>, Pfeilen und zeige die Nordrichtung mit einer Windrose.<\/p>\n<\/div>\n<h3 class=\"wp-block-heading has-text-align-center\" id=\"tueren-fenster-moebel-einfuegen-und-jeden-raum-anpassen\">T\u00fcren, Fenster, M\u00f6bel einf\u00fcgen und jeden Raum anpassen<\/h3>\n<hr class=\"wp-block-separator has-alpha-channel-opacity\" \/>\n\n<div class=\"wp-block-group is-nowrap is-layout-flex wp-container-core-group-is-layout-ad2f72ca wp-block-group-is-layout-flex\">\n<p><strong>F\u00fcge <a href=\"https:\/\/wp-test-1.sweethome3d.eu\/de\/sweet-home-3d-benutzerhandbuch\/#adding-doors-windows-and-furniture\">T\u00fcren und Fenster<\/a><\/strong> in W\u00e4nde ein, indem du sie in den Plan ziehst, und lasse <a href=\"https:\/\/wp-test-1.sweethome3d.eu\/de\/herunterladen\/\" data-type=\"page\" data-id=\"396\">Sweet Home 3D<\/a> ihre L\u00f6cher in W\u00e4nden berechnen<\/p>\n\n\n\n<figure class=\"wp-block-image size-full is-resized\"><img loading=\"lazy\" decoding=\"async\" width=\"275\" height=\"100\" src=\"https:\/\/wp-test-1.sweethome3d.eu\/wp-content\/uploads\/2025\/09\/insertDoors.png\" alt=\"\" class=\"wp-image-506\" style=\"width:275px\" srcset=\"https:\/\/wp-test-1.sweethome3d.eu\/wp-content\/uploads\/2025\/09\/insertDoors.png 275w, https:\/\/wp-test-1.sweethome3d.eu\/wp-content\/uploads\/2025\/09\/insertDoors-248x90.png 248w\" sizes=\"auto, (max-width: 275px) 100vw, 275px\" \/><\/figure>\n<\/div>\n\n<hr class=\"wp-block-separator has-alpha-channel-opacity\" \/>\n\n<div class=\"wp-block-group is-nowrap is-layout-flex wp-container-core-group-is-layout-ad2f72ca wp-block-group-is-layout-flex\">\n<figure class=\"wp-block-image size-full is-resized\"><img loading=\"lazy\" decoding=\"async\" width=\"275\" height=\"100\" src=\"https:\/\/wp-test-1.sweethome3d.eu\/wp-content\/uploads\/2025\/09\/addFurniture.png\" alt=\"\" class=\"wp-image-507\" style=\"width:275px\" srcset=\"https:\/\/wp-test-1.sweethome3d.eu\/wp-content\/uploads\/2025\/09\/addFurniture.png 275w, https:\/\/wp-test-1.sweethome3d.eu\/wp-content\/uploads\/2025\/09\/addFurniture-248x90.png 248w\" sizes=\"auto, (max-width: 275px) 100vw, 275px\" \/><\/figure>\n\n\n\n<p><strong><a href=\"https:\/\/wp-test-1.sweethome3d.eu\/de\/sweet-home-3d-benutzerhandbuch\/#adding-doors-windows-and-furniture\">F\u00fcge M\u00f6bel<\/a><\/strong> aus einem durchsuchbaren und erweiterbaren Katalog zum Plan hinzu, der nach Kategorien wie K\u00fcche, Wohnzimmer, Schlafzimmer, Badezimmer usw. geordnet ist.<\/p>\n<\/div>\n\n<hr class=\"wp-block-separator has-alpha-channel-opacity\" \/>\n\n<div class=\"wp-block-group is-nowrap is-layout-flex wp-container-core-group-is-layout-ad2f72ca wp-block-group-is-layout-flex\">\n<p><strong><a href=\"https:\/\/wp-test-1.sweethome3d.eu\/de\/sweet-home-3d-benutzerhandbuch\/#adding-doors-windows-and-furniture\">\u00c4ndere Farbe<\/a>, Textur<\/strong>, Gr\u00f6\u00dfe, Dicke, Position und Ausrichtung von M\u00f6beln, W\u00e4nden, B\u00f6den und Decken.<\/p>\n\n\n\n<figure class=\"wp-block-image size-full is-resized\"><img loading=\"lazy\" decoding=\"async\" width=\"275\" height=\"100\" src=\"https:\/\/wp-test-1.sweethome3d.eu\/wp-content\/uploads\/2025\/09\/changeTexture.png\" alt=\"\" class=\"wp-image-508\" style=\"width:275px\" srcset=\"https:\/\/wp-test-1.sweethome3d.eu\/wp-content\/uploads\/2025\/09\/changeTexture.png 275w, https:\/\/wp-test-1.sweethome3d.eu\/wp-content\/uploads\/2025\/09\/changeTexture-248x90.png 248w\" sizes=\"auto, (max-width: 275px) 100vw, 275px\" \/><\/figure>\n<\/div>\n<h3 class=\"wp-block-heading has-text-align-center\" id=\"designs-in-2d-und-3d-anzeigen\">Designs in 2D und 3D anzeigen<\/h3>\n<hr class=\"wp-block-separator has-alpha-channel-opacity\" \/>\n\n<div class=\"wp-block-group is-nowrap is-layout-flex wp-container-core-group-is-layout-ad2f72ca wp-block-group-is-layout-flex\">\n<figure class=\"wp-block-image size-full is-resized\"><img loading=\"lazy\" decoding=\"async\" width=\"275\" height=\"100\" src=\"https:\/\/wp-test-1.sweethome3d.eu\/wp-content\/uploads\/2025\/09\/view3D.png\" alt=\"\" class=\"wp-image-509\" style=\"width:275px\" srcset=\"https:\/\/wp-test-1.sweethome3d.eu\/wp-content\/uploads\/2025\/09\/view3D.png 275w, https:\/\/wp-test-1.sweethome3d.eu\/wp-content\/uploads\/2025\/09\/view3D-248x90.png 248w\" sizes=\"auto, (max-width: 275px) 100vw, 275px\" \/><\/figure>\n\n\n\n<p>W\u00e4hrend du das Haus in 2D entwirfst, kannst du es <strong>gleichzeitig<\/strong> <strong><a href=\"https:\/\/wp-test-1.sweethome3d.eu\/de\/sweet-home-3d-benutzerhandbuch\/#editing-3d-view\">in 3D ansehen<\/a><\/strong> aus der Vogelperspektive oder darin aus der Sicht eines virtuellen Besuchers navigieren.<\/p>\n<\/div>\n\n<hr class=\"wp-block-separator has-alpha-channel-opacity\" \/>\n\n<div class=\"wp-block-group is-nowrap is-layout-flex wp-container-core-group-is-layout-ad2f72ca wp-block-group-is-layout-flex\">\n<p><strong>Erstelle fotorealistische <a href=\"https:\/\/wp-test-1.sweethome3d.eu\/de\/sweet-home-3d-benutzerhandbuch\/#creating-photos-of-the-3d-view\">Bilder<\/a><\/strong> <strong>und <a href=\"https:\/\/wp-test-1.sweethome3d.eu\/de\/sweet-home-3d-benutzerhandbuch\/#creating-3d-videos\">Videos<\/a><\/strong> mit der M\u00f6glichkeit, Lichter anzupassen und den Sonnenlichteffekt entsprechend der Tageszeit und dem geografischen Standort zu steuern.<\/p>\n\n\n\n<figure class=\"wp-block-image size-full is-resized\"><img loading=\"lazy\" decoding=\"async\" width=\"275\" height=\"100\" src=\"https:\/\/wp-test-1.sweethome3d.eu\/wp-content\/uploads\/2025\/09\/createPhoto.jpg\" alt=\"\" class=\"wp-image-510\" style=\"width:275px\" srcset=\"https:\/\/wp-test-1.sweethome3d.eu\/wp-content\/uploads\/2025\/09\/createPhoto.jpg 275w, https:\/\/wp-test-1.sweethome3d.eu\/wp-content\/uploads\/2025\/09\/createPhoto-248x90.jpg 248w\" sizes=\"auto, (max-width: 275px) 100vw, 275px\" \/><\/figure>\n<\/div>\n<h3 class=\"wp-block-heading has-text-align-center\" id=\"importieren-amp-exportieren\">Importieren &amp; exportieren<\/h3>\n<hr class=\"wp-block-separator has-alpha-channel-opacity\" \/>\n\n<div class=\"wp-block-group is-nowrap is-layout-flex wp-container-core-group-is-layout-ad2f72ca wp-block-group-is-layout-flex\">\n<figure class=\"wp-block-image size-full is-resized\"><img loading=\"lazy\" decoding=\"async\" width=\"275\" height=\"100\" src=\"https:\/\/wp-test-1.sweethome3d.eu\/wp-content\/uploads\/2025\/09\/importFurniture.png\" alt=\"\" class=\"wp-image-511\" style=\"width:275px\" srcset=\"https:\/\/wp-test-1.sweethome3d.eu\/wp-content\/uploads\/2025\/09\/importFurniture.png 275w, https:\/\/wp-test-1.sweethome3d.eu\/wp-content\/uploads\/2025\/09\/importFurniture-248x90.png 248w\" sizes=\"auto, (max-width: 275px) 100vw, 275px\" \/><\/figure>\n\n\n\n<p><a href=\"https:\/\/wp-test-1.sweethome3d.eu\/de\/sweet-home-3d-benutzerhandbuch\/#importing-home-blueprint\"><strong>Importiere<\/strong> Hauspl\u00e4ne<\/a>, um <a href=\"https:\/\/wp-test-1.sweethome3d.eu\/de\/sweet-home-3d-benutzerhandbuch\/#drawing-walls\" data-type=\"link\" data-id=\"https:\/\/wp-test-1.sweethome3d.eu\/users-guide\/#drawing-walls\">W\u00e4nde darauf zu zeichnen<\/a>, <a href=\"https:\/\/wp-test-1.sweethome3d.eu\/de\/modelle-in-sweet-home-3d-importieren-eigene-3d-moebel-und-objekte-hinzufuegen\/\" data-type=\"page\" data-id=\"432\">3D-Modelle<\/a>, um den Standardkatalog zu vervollst\u00e4ndigen, und <a href=\"https:\/\/wp-test-1.sweethome3d.eu\/de\/texturen-importieren\/\" data-type=\"page\" data-id=\"4928\">Texturen<\/a>, um Oberfl\u00e4chen anzupassen.<\/p>\n<\/div>\n\n<hr class=\"wp-block-separator has-alpha-channel-opacity\" \/>\n\n<div class=\"wp-block-group is-nowrap is-layout-flex wp-container-core-group-is-layout-ad2f72ca wp-block-group-is-layout-flex\">\n<p><strong>Drucke und exportiere<\/strong> PDFs, Bitmap- oder Vektorgrafikbilder, Videos und 3D-Dateien in Standarddateiformaten.<\/p>\n\n\n\n<figure class=\"wp-block-image size-full is-resized\"><img loading=\"lazy\" decoding=\"async\" width=\"275\" height=\"71\" src=\"https:\/\/wp-test-1.sweethome3d.eu\/wp-content\/uploads\/2025\/09\/export.png\" alt=\"\" class=\"wp-image-512\" style=\"width:275px\" \/><\/figure>\n<\/div>\n<h3 class=\"wp-block-heading has-text-align-center\" id=\"weitere-infos\">Weitere Infos<\/h3>\n<hr class=\"wp-block-separator has-alpha-channel-opacity\" \/>\n\n<div class=\"wp-block-group is-nowrap is-layout-flex wp-container-core-group-is-layout-ad2f72ca wp-block-group-is-layout-flex\">\n<figure class=\"wp-block-image size-full is-resized\"><img loading=\"lazy\" decoding=\"async\" width=\"275\" height=\"100\" src=\"https:\/\/wp-test-1.sweethome3d.eu\/wp-content\/uploads\/2025\/09\/extend.png\" alt=\"\" class=\"wp-image-513\" style=\"width:275px\" srcset=\"https:\/\/wp-test-1.sweethome3d.eu\/wp-content\/uploads\/2025\/09\/extend.png 275w, https:\/\/wp-test-1.sweethome3d.eu\/wp-content\/uploads\/2025\/09\/extend-248x90.png 248w\" sizes=\"auto, (max-width: 275px) 100vw, 275px\" \/><\/figure>\n\n\n\n<p><strong>Erweitere die Funktionen<\/strong> von Sweet Home 3D mit <a href=\"https:\/\/wp-test-1.sweethome3d.eu\/de\/plug-in-entwicklerhandbuch\/\" data-type=\"page\" data-id=\"4964\">Plug-ins<\/a>, die in Java programmiert sind, oder durch <a href=\"https:\/\/wp-test-1.sweethome3d.eu\/de\/dokumentation\/#developers-guides\" data-type=\"link\" data-id=\"https:\/\/wp-test-1.sweethome3d.eu\/documentation\/#developers-guides\">Entwickeln<\/a> einer abgeleiteten Version basierend auf seiner Model View Controller-Architektur.<\/p>\n<\/div>\n\n<hr class=\"wp-block-separator has-alpha-channel-opacity\" \/>\n\n<div class=\"wp-block-group is-nowrap is-layout-flex wp-container-core-group-is-layout-ad2f72ca wp-block-group-is-layout-flex\">\n<p><strong>W\u00e4hle die Sprache<\/strong>, die in der Benutzeroberfl\u00e4che von Sweet Home 3D und seiner umfangreichen Hilfe angezeigt wird, aus <a href=\"https:\/\/wp-test-1.sweethome3d.eu\/de\/uebersetzungen\/\" type=\"page\" id=\"439\" class=\"broken_link\">29 Sprachen<\/a>.<\/p>\n\n\n\n<figure class=\"wp-block-image size-full is-resized\"><img loading=\"lazy\" decoding=\"async\" width=\"275\" height=\"38\" src=\"https:\/\/wp-test-1.sweethome3d.eu\/wp-content\/uploads\/2025\/09\/chooseLanguage.png\" alt=\"\" class=\"wp-image-514\" style=\"width:275px\" \/><\/figure>\n<\/div>\n\n<hr class=\"wp-block-separator has-alpha-channel-opacity\" \/>\n\n<div class=\"wp-block-group is-nowrap is-layout-flex wp-container-core-group-is-layout-ad2f72ca wp-block-group-is-layout-flex\">\n<figure class=\"wp-block-image size-full is-resized\"><img loading=\"lazy\" decoding=\"async\" width=\"275\" height=\"100\" src=\"https:\/\/wp-test-1.sweethome3d.eu\/wp-content\/uploads\/2025\/09\/run.png\" alt=\"\" class=\"wp-image-515\" style=\"width:275px\" srcset=\"https:\/\/wp-test-1.sweethome3d.eu\/wp-content\/uploads\/2025\/09\/run.png 275w, https:\/\/wp-test-1.sweethome3d.eu\/wp-content\/uploads\/2025\/09\/run-248x90.png 248w\" sizes=\"auto, (max-width: 275px) 100vw, 275px\" \/><\/figure>\n\n\n\n<p><strong><a href=\"https:\/\/wp-test-1.sweethome3d.eu\/de\/herunterladen\/\" data-type=\"page\" data-id=\"396\">Lade<\/a><\/strong> Sweet Home 3D herunter, um es <strong>offline<\/strong> unter Windows, macOS, Linux, iOS und Android auszuf\u00fchren, oder verwende die <strong><a href=\"https:\/\/wp-test-1.sweethome3d.eu\/de\/sweet-home-3d-online-manager\/\" data-type=\"page\" data-id=\"398\">Online<\/a><\/strong>-Version von jedem Browser aus, der WebGL unterst\u00fctzt.<\/p>\n<\/div>\n\n<hr class=\"wp-block-separator has-alpha-channel-opacity\" \/>\n\n<div class=\"wp-block-group is-nowrap is-layout-flex wp-container-core-group-is-layout-ad2f72ca wp-block-group-is-layout-flex\">\n<p><strong>Entwirf<\/strong> Hauspl\u00e4ne <strong>kostenlos<\/strong> mit Sweet Home 3D, das unter der <a href=\"https:\/\/www.gnu.org\/licenses\/gpl-2.0.txt\" data-type=\"link\" data-id=\"https:\/\/www.gnu.org\/licenses\/gpl-2.0.txt\" target=\"_blank\" rel=\"noopener\">GNU General Public License<\/a> vertrieben wird, auch f\u00fcr kommerzielle Zwecke.<\/p>\n\n\n\n<figure class=\"wp-block-image size-full\"><img loading=\"lazy\" decoding=\"async\" width=\"134\" height=\"55\" src=\"https:\/\/wp-test-1.sweethome3d.eu\/wp-content\/uploads\/2025\/09\/gpl.png\" alt=\"\" class=\"wp-image-516\" style=\"object-fit:cover\" \/><\/figure>\n<\/div>\n","protected":false},"excerpt":{"rendered":"<p>Entdecke die Hauptfunktionen von Sweet Home 3D Entdecke die Hauptfunktionen von Sweet Home 3D,einer kostenlosen Innenarchitektur-Anwendung, die unter https:\/\/www.sweethome3d.com verf\u00fcgbar ist. Sweet Home 3D ist eine leistungsstarke und benutzerfreundliche Innenarchitektursoftware, mit der du detaillierte Grundrisse und stilvolle Ideen f\u00fcr die Inneneinrichtung deines Zuhauses erstellen kannst. Egal, ob du ein professioneller Innenarchitekt bist oder einfach nur [&hellip;]<\/p>\n","protected":false},"author":2,"featured_media":8666,"parent":0,"menu_order":0,"comment_status":"closed","ping_status":"closed","template":"","meta":{"inline_featured_image":false,"footnotes":""},"class_list":["post-8680","page","type-page","status-publish","has-post-thumbnail","hentry"],"_links":{"self":[{"href":"https:\/\/wp-test-1.sweethome3d.eu\/de\/wp-json\/wp\/v2\/pages\/8680","targetHints":{"allow":["GET"]}}],"collection":[{"href":"https:\/\/wp-test-1.sweethome3d.eu\/de\/wp-json\/wp\/v2\/pages"}],"about":[{"href":"https:\/\/wp-test-1.sweethome3d.eu\/de\/wp-json\/wp\/v2\/types\/page"}],"author":[{"embeddable":true,"href":"https:\/\/wp-test-1.sweethome3d.eu\/de\/wp-json\/wp\/v2\/users\/2"}],"replies":[{"embeddable":true,"href":"https:\/\/wp-test-1.sweethome3d.eu\/de\/wp-json\/wp\/v2\/comments?post=8680"}],"version-history":[{"count":6,"href":"https:\/\/wp-test-1.sweethome3d.eu\/de\/wp-json\/wp\/v2\/pages\/8680\/revisions"}],"predecessor-version":[{"id":11608,"href":"https:\/\/wp-test-1.sweethome3d.eu\/de\/wp-json\/wp\/v2\/pages\/8680\/revisions\/11608"}],"wp:featuredmedia":[{"embeddable":true,"href":"https:\/\/wp-test-1.sweethome3d.eu\/de\/wp-json\/wp\/v2\/media\/8666"}],"wp:attachment":[{"href":"https:\/\/wp-test-1.sweethome3d.eu\/de\/wp-json\/wp\/v2\/media?parent=8680"}],"curies":[{"name":"wp","href":"https:\/\/api.w.org\/{rel}","templated":true}]}}