{"id":10233,"date":"2025-09-18T11:54:48","date_gmt":"2025-09-18T11:54:48","guid":{"rendered":"https:\/\/wp-test-1.sweethome3d.eu\/importar-modelos-en-sweet-home-3d-anadir-muebles-y-objetos-3d-personalizados\/"},"modified":"2025-11-03T17:17:13","modified_gmt":"2025-11-03T17:17:13","slug":"importar-modelos-en-sweet-home-3d-anadir-muebles-y-objetos-3d-personalizados","status":"publish","type":"page","link":"https:\/\/wp-test-1.sweethome3d.eu\/es\/importar-modelos-en-sweet-home-3d-anadir-muebles-y-objetos-3d-personalizados\/","title":{"rendered":"Importar modelos en Sweet Home 3D: a\u00f1adir muebles y objetos 3D personalizados"},"content":{"rendered":"\n<p class=\"has-text-align-center\">Para <strong>importar modelos<\/strong>, esta p\u00e1gina enumera algunas fuentes de <strong>modelos 3D gratuitos<\/strong> que puedes importar en <a href=\"\/\">Sweet Home 3D<\/a>, ya sea <a href=\"https:\/\/wp-test-1.sweethome3d.eu\/es\/importar-modelos-en-sweet-home-3d-anadir-muebles-y-objetos-3d-personalizados\/\" data-type=\"page\" data-id=\"432\">uno por uno<\/a> o por <a href=\"https:\/\/wp-test-1.sweethome3d.eu\/es\/importar-modelos-en-sweet-home-3d-anadir-muebles-y-objetos-3d-personalizados\/#ModelsLibraries\" data-type=\"link\" data-id=\"https:\/\/wp-test-1.sweethome3d.eu\/import-models\/#ModelsLibraries\">grupos de modelos<\/a>, y <a href=\"https:\/\/wp-test-1.sweethome3d.eu\/es\/importar-modelos-en-sweet-home-3d-anadir-muebles-y-objetos-3d-personalizados\/#WebSitesWithModels\">sitios web<\/a> que proponen modelos 3D.<\/p>\n<h2 class=\"wp-block-heading\" id=\"fuentes-disponibles-de-modelos-3d\">Fuentes disponibles de modelos 3D<\/h2><h3 class=\"wp-block-heading\" id=\"modelos-3d-gratuitos-creados-por-colaboradores\"><img loading=\"lazy\" decoding=\"async\" width=\"16\" height=\"12\" src=\"https:\/\/www.sweethome3d.com\/images\/bullet.gif\">Modelos 3D gratuitos creados por colaboradores<\/h3>\n<p>La <a href=\"https:\/\/wp-test-1.sweethome3d.eu\/es\/modelos-3d-gratuitos\/\" data-type=\"page\" data-id=\"4869\">p\u00e1gina de modelos 3D gratuitos<\/a> propone m\u00e1s de 1600 modelos 3D adicionales creados por colaboradores y compatibles con el <a href=\"https:\/\/wp-test-1.sweethome3d.eu\/es\/guia-del-usuario-de-sweet-home-3d\/#importing3DModels\" data-type=\"page\" data-id=\"424\">asistente de importaci\u00f3n de muebles<\/a> de Sweet Home 3D.<\/p>\n\n<div class=\"wp-block-group models-row is-content-justification-center is-nowrap is-layout-flex wp-container-core-group-is-layout-94bc23d7 wp-block-group-is-layout-flex\">\n<figure class=\"wp-block-image size-full is-resized\"><a href=\"https:\/\/wp-test-1.sweethome3d.eu\/es\/modelos-3d-gratuitos\/\"><img loading=\"lazy\" decoding=\"async\" width=\"128\" height=\"128\" src=\"https:\/\/wp-test-1.sweethome3d.eu\/wp-content\/uploads\/2025\/10\/bedWithTexture.png\" alt=\"\" class=\"wp-image-4856\" style=\"width:64px\" \/><\/a><\/figure>\n\n\n\n<figure class=\"wp-block-image size-full is-resized\"><a href=\"https:\/\/wp-test-1.sweethome3d.eu\/es\/modelos-3d-gratuitos\/\"><img loading=\"lazy\" decoding=\"async\" width=\"128\" height=\"128\" src=\"https:\/\/wp-test-1.sweethome3d.eu\/wp-content\/uploads\/2025\/10\/burlap_sofa.png\" alt=\"\" class=\"wp-image-4857\" style=\"width:64px\" \/><\/a><\/figure>\n\n\n\n<figure class=\"wp-block-image size-full is-resized\"><a href=\"https:\/\/wp-test-1.sweethome3d.eu\/es\/modelos-3d-gratuitos\/\"><img loading=\"lazy\" decoding=\"async\" width=\"128\" height=\"128\" src=\"https:\/\/wp-test-1.sweethome3d.eu\/wp-content\/uploads\/2025\/10\/wooden_table_office.png\" alt=\"\" class=\"wp-image-4858\" style=\"width:64px\" \/><\/a><\/figure>\n\n\n\n<figure class=\"wp-block-image size-full is-resized\"><a href=\"https:\/\/wp-test-1.sweethome3d.eu\/es\/modelos-3d-gratuitos\/\"><img loading=\"lazy\" decoding=\"async\" width=\"128\" height=\"128\" src=\"https:\/\/wp-test-1.sweethome3d.eu\/wp-content\/uploads\/2025\/10\/meubleSalleDeBain.png\" alt=\"\" class=\"wp-image-4859\" style=\"width:64px\" \/><\/a><\/figure>\n\n\n\n<figure class=\"wp-block-image size-full is-resized\"><a href=\"https:\/\/wp-test-1.sweethome3d.eu\/es\/modelos-3d-gratuitos\/\"><img loading=\"lazy\" decoding=\"async\" width=\"128\" height=\"128\" src=\"https:\/\/wp-test-1.sweethome3d.eu\/wp-content\/uploads\/2025\/10\/kitchenSink.png\" alt=\"\" class=\"wp-image-4860\" style=\"width:64px\" \/><\/a><\/figure>\n\n\n\n<figure class=\"wp-block-image size-full is-resized\"><a href=\"https:\/\/wp-test-1.sweethome3d.eu\/es\/modelos-3d-gratuitos\/\"><img loading=\"lazy\" decoding=\"async\" width=\"128\" height=\"128\" src=\"https:\/\/wp-test-1.sweethome3d.eu\/wp-content\/uploads\/2025\/10\/office_chair.png\" alt=\"\" class=\"wp-image-4861\" style=\"width:64px\" \/><\/a><\/figure>\n\n\n\n<figure class=\"wp-block-image size-full is-resized\"><a href=\"https:\/\/wp-test-1.sweethome3d.eu\/es\/modelos-3d-gratuitos\/\"><img loading=\"lazy\" decoding=\"async\" width=\"128\" height=\"128\" src=\"https:\/\/wp-test-1.sweethome3d.eu\/wp-content\/uploads\/2025\/10\/bureau3.png\" alt=\"\" class=\"wp-image-4862\" style=\"width:64px\" \/><\/a><\/figure>\n\n\n\n<figure class=\"wp-block-image size-full is-resized\"><a href=\"https:\/\/wp-test-1.sweethome3d.eu\/es\/modelos-3d-gratuitos\/\"><img loading=\"lazy\" decoding=\"async\" width=\"128\" height=\"128\" src=\"https:\/\/wp-test-1.sweethome3d.eu\/wp-content\/uploads\/2025\/10\/apple-ibook-2001.png\" alt=\"\" class=\"wp-image-4863\" style=\"width:64px\" \/><\/a><\/figure>\n\n\n\n<figure class=\"wp-block-image size-full is-resized\"><a href=\"https:\/\/wp-test-1.sweethome3d.eu\/es\/modelos-3d-gratuitos\/\"><img loading=\"lazy\" decoding=\"async\" width=\"128\" height=\"128\" src=\"https:\/\/wp-test-1.sweethome3d.eu\/wp-content\/uploads\/2025\/10\/pianoAQueue.png\" alt=\"\" class=\"wp-image-4864\" style=\"width:64px\" \/><\/a><\/figure>\n\n\n\n<figure class=\"wp-block-image size-full is-resized\"><a href=\"https:\/\/wp-test-1.sweethome3d.eu\/es\/modelos-3d-gratuitos\/\"><img loading=\"lazy\" decoding=\"async\" width=\"128\" height=\"128\" src=\"https:\/\/wp-test-1.sweethome3d.eu\/wp-content\/uploads\/2025\/10\/male03.png\" alt=\"\" class=\"wp-image-4865\" style=\"width:64px\" \/><\/a><\/figure>\n\n\n\n<figure class=\"wp-block-image size-full is-resized\"><a href=\"https:\/\/wp-test-1.sweethome3d.eu\/es\/modelos-3d-gratuitos\/\"><img loading=\"lazy\" decoding=\"async\" width=\"128\" height=\"128\" src=\"https:\/\/wp-test-1.sweethome3d.eu\/wp-content\/uploads\/2025\/10\/concept-sedan-02-sport.png\" alt=\"\" class=\"wp-image-4866\" style=\"width:64px\" \/><\/a><\/figure>\n\n\n\n<figure class=\"wp-block-image size-full is-resized\"><a href=\"https:\/\/wp-test-1.sweethome3d.eu\/es\/modelos-3d-gratuitos\/\"><img loading=\"lazy\" decoding=\"async\" width=\"128\" height=\"128\" src=\"https:\/\/wp-test-1.sweethome3d.eu\/wp-content\/uploads\/2025\/10\/blackTupelo.png\" alt=\"\" class=\"wp-image-4867\" style=\"width:64px\" \/><\/a><\/figure>\n<\/div>\n\n<p>Tambi\u00e9n puedes <a href=\"#download\">descargar la versi\u00f3n completa<\/a> con m\u00e1s de 10.000 modelos 3D y 400 <a href=\"https:\/\/wp-test-1.sweethome3d.eu\/es\/importar-texturas\/\" data-type=\"page\" data-id=\"435\">texturas<\/a> ya incluidas<\/p>\n\n<div class=\"wp-block-buttons is-layout-flex wp-block-buttons-is-layout-flex\">\n<div class=\"wp-block-button btn-download btn-small\" data-wce-label=\"wce_3Dmodels_download_direct\"><a class=\"wp-block-button__link wp-element-button\" href=\"#download\" style=\"text-decoration:underline\"><img loading=\"lazy\" decoding=\"async\" width=\"43\" height=\"42\" class=\"wp-image-390\" style=\"width: 20px\" src=\"http:\/\/wp-test-1.sweethome3d.eu\/wp-content\/uploads\/2025\/09\/download-bottom.svg\" alt=\"\" \/> Descarga Sweet Home 3D<\/a><\/div>\n<\/div>\n<h3 class=\"wp-block-heading\" id=\"bibliotecas-de-modelos-3d\"><img loading=\"lazy\" decoding=\"async\" width=\"16\" height=\"12\" src=\"https:\/\/www.sweethome3d.com\/images\/bullet.gif\">Bibliotecas de modelos 3D<br><a href=\"https:\/\/apps.apple.com\/app\/sweet-home-3d\/id669289700\" data-wce-label=\"wce_3Dmodels_download_hyperlink\" target=\"_blank\" rel=\"noopener\"><\/a><\/h3>\n<p><a href=\"https:\/\/www.sweethome3d.com\/download.jsp\" target=\"_blank\" rel=\"noopener\">Sweet Home 3D<\/a> tambi\u00e9n te permite importar modelos (bibliotecas de modelos 3D) almacenados en archivos SH3F. Un archivo SH3F agrupa algunos modelos con su descripci\u00f3n y se puede instalar f\u00e1cilmente haciendo doble clic en \u00e9l o eligiendo el elemento del men\u00fa Mobiliario  Importar biblioteca de mobiliario en Sweet Home 3D.<br \/>Los siguientes archivos ZIP contienen un archivo SH3F que puedes importar en Sweet Home 3D. Estas bibliotecas contienen los modelos 3D disponibles en la <a href=\"https:\/\/www.sweethome3d.com\/freeModels.jsp\" target=\"_blank\" rel=\"noopener\">p\u00e1gina de modelos gratuitos<\/a>.  <\/p>\n\n<div class=\"wp-block-group is-layout-grid wp-container-core-group-is-layout-9649a0d9 wp-block-group-is-layout-grid\">\n<figure class=\"wp-block-image size-full is-resized mx-auto\"><img loading=\"lazy\" decoding=\"async\" width=\"178\" height=\"89\" src=\"http:\/\/wp-test-1.sweethome3d.eu\/wp-content\/uploads\/2025\/10\/sweethome3d64x64.png\" alt=\"\" class=\"wp-image-4886\" style=\"width:135px\" \/><\/figure>\n\n\n\n<p class=\"wp-container-content-5f80b302\"><a href=\"https:\/\/sourceforge.net\/projects\/sweethome3d\/files\/SweetHome3D-models\/3DModels-1.9.3\/3DModels-Contributions-1.9.3.zip\/download\" target=\"_blank\" rel=\"noopener\">3DModels-Contributions-1.9.3.zip<\/a> (29 MB &#8211; 511 modelos &#8211; Licencia de Arte Libre)<br \/><a href=\"https:\/\/sourceforge.net\/projects\/sweethome3d\/files\/SweetHome3D-models\/3DModels-1.9.3\/3DModels-LucaPresidente-1.9.3.zip\/download\" target=\"_blank\" rel=\"noopener\">3DModels-LucaPresidente-1.9.3.zip<\/a> (3,7 MB &#8211; 64 modelos &#8211; Licencia de Arte Libre)<br \/><a href=\"https:\/\/sourceforge.net\/projects\/sweethome3d\/files\/SweetHome3D-models\/3DModels-1.9.3\/3DModels-Trees-1.9.3.zip\/download\" target=\"_blank\" rel=\"noopener\">3DModels-Trees-1.9.3.zip<\/a> (6,7 MB &#8211; 10 modelos de \u00e1rboles &#8211; Licencia de Arte Libre)<\/p>\n<\/div>\n\n<div class=\"wp-block-group is-layout-grid wp-container-core-group-is-layout-9649a0d9 wp-block-group-is-layout-grid\">\n<figure class=\"wp-block-image size-full is-resized mx-auto\"><img loading=\"lazy\" decoding=\"async\" width=\"222\" height=\"56\" src=\"http:\/\/wp-test-1.sweethome3d.eu\/wp-content\/uploads\/2025\/10\/scopia.png\" alt=\"\" class=\"wp-image-4885\" style=\"width:111px\" \/><\/figure>\n\n\n\n<p class=\"wp-container-content-5f80b302\"><a href=\"https:\/\/sourceforge.net\/projects\/sweethome3d\/files\/SweetHome3D-models\/3DModels-1.9.3\/3DModels-Scopia-1.9.3.zip\/download\" target=\"_blank\" rel=\"noopener\">3DModels-Scopia-1.9.3.zip<\/a> (69,5 MB &#8211; 500 modelos &#8211; Licencia CC-BY)<\/p>\n<\/div>\n\n<div class=\"wp-block-group is-layout-grid wp-container-core-group-is-layout-9649a0d9 wp-block-group-is-layout-grid\">\n<figure class=\"wp-block-image size-full is-resized mx-auto\"><img loading=\"lazy\" decoding=\"async\" width=\"330\" height=\"60\" src=\"http:\/\/wp-test-1.sweethome3d.eu\/wp-content\/uploads\/2025\/10\/katorlegaz.png\" alt=\"\" class=\"wp-image-4899\" style=\"width:150px\" \/><\/figure>\n\n\n\n<p class=\"wp-container-content-5f80b302\"><a href=\"https:\/\/sourceforge.net\/projects\/sweethome3d\/files\/SweetHome3D-models\/3DModels-1.9.3\/3DModels-KatorLegaz-1.9.3.zip\/download\" target=\"_blank\" rel=\"noopener\">3DModels-KatorLegaz-1.9.3.zip<\/a> (8,9 MB &#8211; 90 modelos &#8211; Licencia CC-BY)<\/p>\n<\/div>\n\n<div class=\"wp-block-group is-layout-grid wp-container-core-group-is-layout-9649a0d9 wp-block-group-is-layout-grid\">\n<figure class=\"wp-block-image size-full is-resized mx-auto\"><img loading=\"lazy\" decoding=\"async\" width=\"136\" height=\"41\" src=\"http:\/\/wp-test-1.sweethome3d.eu\/wp-content\/uploads\/2025\/10\/blendswap.png\" alt=\"\" class=\"wp-image-4902\" style=\"width:136px\" \/><\/figure>\n\n\n\n<p class=\"wp-container-content-5f80b302\"><a href=\"https:\/\/sourceforge.net\/projects\/sweethome3d\/files\/SweetHome3D-models\/3DModels-1.9.3\/3DModels-BlendSwap-CC-0-1.9.3.zip\/download\" target=\"_blank\" rel=\"noopener\">3DModels-BlendSwap-CC-0-1.9.3.zip<\/a> (23,8 MB &#8211; 175 modelos &#8211; Dominio p\u00fablico)<br \/><a href=\"https:\/\/sourceforge.net\/projects\/sweethome3d\/files\/SweetHome3D-models\/3DModels-1.9.3\/3DModels-BlendSwap-CC-BY-1.9.3.zip\/download\" target=\"_blank\" rel=\"noopener\">3DModels-BlendSwap-CC-BY-1.9.3.zip<\/a> (23,9 MB &#8211; 135 modelos &#8211; Licencia CC-BY)<\/p>\n<\/div>\n\n<div class=\"wp-block-group is-layout-grid wp-container-core-group-is-layout-9649a0d9 wp-block-group-is-layout-grid\">\n<figure class=\"wp-block-image size-full is-resized mx-auto\"><img loading=\"lazy\" decoding=\"async\" width=\"140\" height=\"60\" src=\"https:\/\/wp-test-1.sweethome3d.eu\/wp-content\/uploads\/2025\/10\/reallusion.png\" alt=\"\" class=\"wp-image-4904\" style=\"width:110px\" \/><\/figure>\n\n\n\n<p class=\"wp-container-content-5f80b302\"><a href=\"https:\/\/sourceforge.net\/projects\/sweethome3d\/files\/SweetHome3D-models\/3DModels-1.9.3\/3DModels-Reallusion-1.9.3.zip\/download\" target=\"_blank\" rel=\"noopener\">3DModels-Reallusion-1.9.3.zip<\/a> (10,7 MB &#8211; 25 modelos humanos &#8211; Licencia CC-BY)<\/p>\n<\/div>\n\n<p>Tambi\u00e9n te podr\u00eda interesar el art\u00edculo del <a href=\"https:\/\/wp-test-1.sweethome3d.eu\/blog\/\" data-type=\"page\" data-id=\"280\">blog<\/a> <a href=\"https:\/\/www.sweethome3d.com\/blog\/2017\/12\/08\/additional_contributors_libraries.html\" target=\"_blank\" rel=\"noopener\">Additional contributors libraries<\/a> que enumera otras bibliotecas especiales de modelos dise\u00f1adas por algunos colaboradores de Sweet Home 3D (s\u00edmbolos 2D, fontaner\u00eda, partes de tejados&#8230;).<\/p>\n<h3 class=\"wp-block-heading\" id=\"crea-tus-modelos-3d\"><img loading=\"lazy\" decoding=\"async\" width=\"16\" height=\"12\" src=\"https:\/\/www.sweethome3d.com\/images\/bullet.gif\">Crea tus modelos 3D<\/h3>\n<p>Para crear tus propios modelos, puedes utilizar cualquier software capaz de generar archivos en formato OBJ, DAE \/ Collada, KMZ o 3DS, como el software gratuito <a href=\"https:\/\/www.blender.org\/\" target=\"_blank\" rel=\"noopener\">Blender<\/a>. Si es necesario, tambi\u00e9n puedes crear tus propios archivos SH3F con el <a href=\"https:\/\/sourceforge.net\/projects\/sweethome3d\/files\/FurnitureLibraryEditor\/FurnitureLibraryEditor-2.2.jar\/download\" target=\"_blank\" rel=\"noopener\">Editor de bibliotecas de mobiliario<\/a> descargable.<br \/>Si quieres compartir tus modelos o proponerlos en la <a href=\"https:\/\/wp-test-1.sweethome3d.eu\/es\/modelos-3d-gratuitos\/\" data-type=\"page\" data-id=\"4869\">p\u00e1gina de modelos 3D gratuitos<\/a>, publ\u00edcalos en el Sistema de seguimiento de <a href=\"https:\/\/sourceforge.net\/p\/sweethome3d\/d-models\/\" target=\"_blank\" rel=\"noopener\">contribuciones de modelos 3D<\/a>. <\/p>\n<h3 class=\"wp-block-heading\" id=\"otros-sitios-web-con-modelos-3d\"><img loading=\"lazy\" decoding=\"async\" width=\"16\" height=\"12\" src=\"https:\/\/www.sweethome3d.com\/images\/bullet.gif\">Otros sitios web con modelos 3D<\/h3>\n<p>Los siguientes sitios tambi\u00e9n ofrecen algunos modelos 3D gratuitos en formatos OBJ, DAE, KMZ o 3DS compatibles con el asistente de importaci\u00f3n de muebles de <a href=\"\/\">Sweet Home 3D<\/a>:<\/p>\n\n<figure class=\"wp-block-flexible-table-block-table is-content-justification-left td-border-0 stars-table\"><table class=\"has-fixed-layout\" style=\"border-width:0\"><tbody><tr><td><img loading=\"lazy\" decoding=\"async\" width=\"12\" height=\"12\" src=\"https:\/\/www.sweethome3d.com\/images\/star.gif\" alt=\"Estrella\"><img loading=\"lazy\" decoding=\"async\" width=\"12\" height=\"12\" src=\"https:\/\/www.sweethome3d.com\/images\/star.gif\" alt=\"Estrella\"><img loading=\"lazy\" decoding=\"async\" width=\"12\" height=\"12\" src=\"https:\/\/www.sweethome3d.com\/images\/star.gif\" alt=\"Estrella\"><\/td><td><a href=\"https:\/\/3dwarehouse.sketchup.com\/\" target=\"_blank\" rel=\"noopener\">Trimble 3D Warehouse<\/a> (una gran selecci\u00f3n de modelos en formato KMZ y Collada) *<\/td><\/tr><tr><td><img loading=\"lazy\" decoding=\"async\" width=\"12\" height=\"12\" src=\"https:\/\/www.sweethome3d.com\/images\/star.gif\" alt=\"Estrella\"><img loading=\"lazy\" decoding=\"async\" width=\"12\" height=\"12\" src=\"https:\/\/www.sweethome3d.com\/images\/star.gif\" alt=\"Estrella\"><img loading=\"lazy\" decoding=\"async\" width=\"12\" height=\"12\" src=\"https:\/\/www.sweethome3d.com\/images\/star.gif\" alt=\"Estrella\"><\/td><td><a href=\"https:\/\/resources.blogscopia.com\/category\/models\/\" target=\"_blank\" rel=\"noopener\">Resources.blogscopia<\/a> (modelos gratuitos bien dise\u00f1ados que tambi\u00e9n se muestran <a href=\"https:\/\/www.sweethome3d.com\/freeModels.jsp#ScopiaModels\" target=\"_blank\" rel=\"noopener\">aqu\u00ed<\/a>)<\/td><\/tr><tr><td><img loading=\"lazy\" decoding=\"async\" width=\"12\" height=\"12\" src=\"https:\/\/www.sweethome3d.com\/images\/star.gif\" alt=\"Estrella\"><img loading=\"lazy\" decoding=\"async\" width=\"12\" height=\"12\" src=\"https:\/\/www.sweethome3d.com\/images\/star.gif\" alt=\"Estrella\"><img loading=\"lazy\" decoding=\"async\" width=\"12\" height=\"12\" src=\"https:\/\/www.sweethome3d.com\/images\/star.gif\" alt=\"Estrella\"><\/td><td><a href=\"https:\/\/www.dodecagon.nl\/\" target=\"_blank\" rel=\"noopener\">Dodecagon<\/a> (varias bibliotecas de muebles publicadas en Dominio P\u00fablico)<\/td><\/tr><tr><td><img loading=\"lazy\" decoding=\"async\" width=\"12\" height=\"12\" src=\"https:\/\/www.sweethome3d.com\/images\/star.gif\" alt=\"Estrella\"><img loading=\"lazy\" decoding=\"async\" width=\"12\" height=\"12\" src=\"https:\/\/www.sweethome3d.com\/images\/star.gif\" alt=\"Estrella\"><img loading=\"lazy\" decoding=\"async\" width=\"12\" height=\"12\" src=\"https:\/\/www.sweethome3d.com\/images\/star.gif\" alt=\"Estrella\"><\/td><td><a href=\"https:\/\/www.2d3dmodels.com\/3dmodels.htm\" target=\"_blank\" rel=\"noopener\">ArchiBit Generation<\/a> (varios modelos bien dise\u00f1ados)<\/td><\/tr><tr><td><img loading=\"lazy\" decoding=\"async\" width=\"12\" height=\"12\" src=\"https:\/\/www.sweethome3d.com\/images\/star.gif\" alt=\"Estrella\"><img loading=\"lazy\" decoding=\"async\" width=\"12\" height=\"12\" src=\"https:\/\/www.sweethome3d.com\/images\/star.gif\" alt=\"Estrella\"><\/td><td><a href=\"https:\/\/telias.gr\/models_wavefront_menu.html\" target=\"_blank\" rel=\"noopener\">Free the models<\/a> (muebles probados en Sweet Home 3D)<\/td><\/tr><tr><td><img loading=\"lazy\" decoding=\"async\" width=\"12\" height=\"12\" src=\"https:\/\/www.sweethome3d.com\/images\/star.gif\" alt=\"Estrella\"><img loading=\"lazy\" decoding=\"async\" width=\"12\" height=\"12\" src=\"https:\/\/www.sweethome3d.com\/images\/star.gif\" alt=\"Estrella\"><\/td><td><a href=\"https:\/\/archive3d.net\/\" class=\"broken_link\" target=\"_blank\" rel=\"noopener\">Archive3D<\/a> (muchos modelos, pero algunos de ellos no se pueden importar en Sweet Home 3D)<\/td><\/tr><tr><td><img loading=\"lazy\" decoding=\"async\" width=\"12\" height=\"12\" src=\"https:\/\/www.sweethome3d.com\/images\/star.gif\" alt=\"Estrella\"><img loading=\"lazy\" decoding=\"async\" width=\"12\" height=\"12\" src=\"https:\/\/www.sweethome3d.com\/images\/star.gif\" alt=\"Estrella\"><\/td><td><a href=\"https:\/\/www.kolo-international.com\/\" target=\"_blank\" rel=\"noopener\">Kolo<\/a> (muebles de ba\u00f1o)<\/td><\/tr><tr><td><img loading=\"lazy\" decoding=\"async\" width=\"12\" height=\"12\" src=\"https:\/\/www.sweethome3d.com\/images\/star.gif\" alt=\"Estrella\"><img loading=\"lazy\" decoding=\"async\" width=\"12\" height=\"12\" src=\"https:\/\/www.sweethome3d.com\/images\/star.gif\" alt=\"Estrella\"><\/td><td><a href=\"https:\/\/www.klicker.de\/interior.html\" target=\"_blank\" rel=\"noopener\">Klicker<\/a> (algunas sillas y \u00e1rboles)<\/td><\/tr><\/tbody><\/table><\/figure>\n\n<p>* Ten en cuenta que la descarga de modelos de <a href=\"https:\/\/3dwarehouse.sketchup.com\/\" target=\"_blank\" rel=\"noopener\">Trimble 3D Warehouse<\/a> requiere iniciar sesi\u00f3n con un Trimble ID a partir de finales de 2019. Presta tambi\u00e9n atenci\u00f3n a descargar all\u00ed modelos 3D en formatos Collada o KMZ, disponibles entre la lista de formatos que se muestran despu\u00e9s de hacer clic en el bot\u00f3n Download en la p\u00e1gina que muestra un modelo 3D. Los modelos disponibles en formato SKP\/SketchUp se pueden editar y convertir a formato DAE\/Collada con <a href=\"https:\/\/www.sketchup.com\/download\" target=\"_blank\" rel=\"noopener\">SketchUp<\/a>.  <\/p>\n\n<p>Si <a href=\"https:\/\/www.sweethome3d.com\/download.jsp\" target=\"_blank\" rel=\"noopener\">Sweet Home 3D<\/a> se niega a importar algunos de los archivos ZIP propuestos en estos sitios, descompr\u00edmelos primero.<\/p>\n\n<p>Por favor, respeta la licencia de los modelos que descargues de estos sitios web.<\/p>\n\n<hr class=\"wp-block-separator has-text-color has-white-color has-alpha-channel-opacity has-white-background-color has-background\" \/>\n<div class=\"wp-block-image\">\n<figure class=\"aligncenter size-full\"><img loading=\"lazy\" decoding=\"async\" width=\"128\" height=\"128\" src=\"https:\/\/wp-test-1.sweethome3d.eu\/wp-content\/uploads\/2025\/10\/bedWithTexture.png\" alt=\"Ejemplo de importaci&#xF3;n de modelos\" class=\"wp-image-4856\" \/><\/figure>\n<\/div>\n<hr class=\"wp-block-separator has-text-color has-white-color has-alpha-channel-opacity has-white-background-color has-background\" \/>\n\n<p class=\"has-text-align-center\"><a href=\"mailto:info@sweethome3d.com\">Proponer otros sitios o informar de un enlace roto<\/a><\/p>\n\n<p class=\"has-text-align-center\"><em>\u00daltima actualizaci\u00f3n: 12\/07\/2024<\/em><\/p>\n","protected":false},"excerpt":{"rendered":"<p>Para importar modelos, esta p\u00e1gina enumera algunas fuentes de modelos 3D gratuitos que puedes importar en Sweet Home 3D, ya sea uno por uno o por grupos de modelos, y sitios web que proponen modelos 3D. Fuentes disponibles de modelos 3D Modelos 3D gratuitos creados por colaboradores La p\u00e1gina de modelos 3D gratuitos propone m\u00e1s [&hellip;]<\/p>\n","protected":false},"author":2,"featured_media":10214,"parent":0,"menu_order":0,"comment_status":"closed","ping_status":"closed","template":"","meta":{"inline_featured_image":false,"footnotes":""},"class_list":["post-10233","page","type-page","status-publish","has-post-thumbnail","hentry"],"_links":{"self":[{"href":"https:\/\/wp-test-1.sweethome3d.eu\/es\/wp-json\/wp\/v2\/pages\/10233","targetHints":{"allow":["GET"]}}],"collection":[{"href":"https:\/\/wp-test-1.sweethome3d.eu\/es\/wp-json\/wp\/v2\/pages"}],"about":[{"href":"https:\/\/wp-test-1.sweethome3d.eu\/es\/wp-json\/wp\/v2\/types\/page"}],"author":[{"embeddable":true,"href":"https:\/\/wp-test-1.sweethome3d.eu\/es\/wp-json\/wp\/v2\/users\/2"}],"replies":[{"embeddable":true,"href":"https:\/\/wp-test-1.sweethome3d.eu\/es\/wp-json\/wp\/v2\/comments?post=10233"}],"version-history":[{"count":2,"href":"https:\/\/wp-test-1.sweethome3d.eu\/es\/wp-json\/wp\/v2\/pages\/10233\/revisions"}],"predecessor-version":[{"id":11709,"href":"https:\/\/wp-test-1.sweethome3d.eu\/es\/wp-json\/wp\/v2\/pages\/10233\/revisions\/11709"}],"wp:featuredmedia":[{"embeddable":true,"href":"https:\/\/wp-test-1.sweethome3d.eu\/es\/wp-json\/wp\/v2\/media\/10214"}],"wp:attachment":[{"href":"https:\/\/wp-test-1.sweethome3d.eu\/es\/wp-json\/wp\/v2\/media?parent=10233"}],"curies":[{"name":"wp","href":"https:\/\/api.w.org\/{rel}","templated":true}]}}