{"id":11701,"date":"2025-10-01T14:26:57","date_gmt":"2025-10-01T14:26:57","guid":{"rendered":"https:\/\/wp-test-1.sweethome3d.eu\/importar-texturas\/"},"modified":"2025-11-03T17:17:08","modified_gmt":"2025-11-03T17:17:08","slug":"importar-texturas","status":"publish","type":"page","link":"https:\/\/wp-test-1.sweethome3d.eu\/es\/importar-texturas\/","title":{"rendered":"Importar texturas"},"content":{"rendered":"\n<p class=\"has-text-align-center\">Esta p\u00e1gina enumera algunas fuentes de im\u00e1genes de texturas gratuitas que puedes importar en <a href=\"\/\">Sweet Home 3D<\/a>.<\/p>\n<h2 class=\"wp-block-heading\" id=\"fuentes-de-texturas-disponibles\">Fuentes de texturas disponibles<\/h2><h3 class=\"wp-block-heading\" id=\"bibliotecas-de-texturas\"><img loading=\"lazy\" decoding=\"async\" width=\"16\" height=\"12\" src=\"https:\/\/www.sweethome3d.com\/images\/bullet.gif\">Bibliotecas de texturas<\/h3>\n<p><a href=\"https:\/\/www.sweethome3d.com\/download.jsp\" target=\"_blank\" rel=\"noopener\">Sweet Home 3D<\/a> te permite importar im\u00e1genes de texturas de una en una, o por grupos de texturas almacenadas en archivos SH3T. Un archivo SH3T es una biblioteca de texturas con su descripci\u00f3n, y se puede instalar f\u00e1cilmente haciendo doble clic en \u00e9l o eligiendo el elemento de men\u00fa <em>Mobiliario &gt; Importar biblioteca de texturas<\/em> en <a href=\"https:\/\/wp-test-1.sweethome3d.eu\/es\/descargar\/\" data-type=\"page\" data-id=\"396\">Sweet Home 3D<\/a>.<br \/>Los siguientes archivos ZIP contienen un archivo SH3T que puedes importar en <a href=\"https:\/\/wp-test-1.sweethome3d.eu\/es\/descargar\/\" data-type=\"page\" data-id=\"396\">Sweet Home 3D<\/a>. <\/p>\n\n<ul class=\"wp-block-list\">\n<li><a href=\"https:\/\/sourceforge.net\/projects\/sweethome3d\/files\/SweetHome3D-textures\/Textures-1.3.1\/Textures-Contributions-1.3.1.zip\/download\" target=\"_blank\" rel=\"noopener\">Textures-Contributions-1.3.1.zip<\/a> (1,1 MB &#8211; 57 texturas &#8211; Licencia CC-BY)<\/li>\n\n\n\n<li><a href=\"https:\/\/sourceforge.net\/projects\/sweethome3d\/files\/SweetHome3D-textures\/Textures-1.3.1\/Textures-eTeksScopia-1.3.1.zip\/download\" target=\"_blank\" rel=\"noopener\">Textures-eTeksScopia-1.3.1.zip<\/a> (18,8 MB &#8211; 340 texturas &#8211; Licencia CC-BY)<\/li>\n<\/ul>\n\n<p>Tambi\u00e9n puedes <a href=\"#download\">descargar la versi\u00f3n completa<\/a> con m\u00e1s de 10.000 <a href=\"https:\/\/wp-test-1.sweethome3d.eu\/es\/importar-modelos-en-sweet-home-3d-anadir-muebles-y-objetos-3d-personalizados\/\" data-type=\"page\" data-id=\"432\">modelos 3D<\/a>, 400 texturas ya incluidas<a href=\"https:\/\/apps.apple.com\/app\/sweet-home-3d\/id669289700\" target=\"_blank\" rel=\"noopener\"><\/a><\/p>\n\n<hr class=\"wp-block-separator has-text-color has-white-color has-alpha-channel-opacity has-white-background-color has-background is-style-wide\" \/>\n\n<div class=\"wp-block-buttons is-layout-flex wp-block-buttons-is-layout-flex\">\n<div class=\"wp-block-button btn-download btn-small\" data-wce-label=\"wce_textures_download_direct\"><a class=\"wp-block-button__link wp-element-button\" href=\"#download\" style=\"text-decoration:underline\"><img loading=\"lazy\" decoding=\"async\" width=\"43\" height=\"42\" class=\"wp-image-390\" style=\"width: 20px\" src=\"http:\/\/wp-test-1.sweethome3d.eu\/wp-content\/uploads\/2025\/09\/download-bottom.svg\" alt=\"\" \/> Descarga Sweet Home 3D<\/a><\/div>\n<\/div>\n\n<hr class=\"wp-block-separator has-text-color has-white-color has-alpha-channel-opacity has-white-background-color has-background is-style-wide\" \/>\n<div class=\"wp-block-image\">\n<figure class=\"aligncenter size-full\"><img loading=\"lazy\" decoding=\"async\" width=\"600\" height=\"140\" src=\"https:\/\/wp-test-1.sweethome3d.eu\/wp-content\/uploads\/2025\/10\/texturesLibraries.jpg\" alt=\"\" class=\"wp-image-4930\" srcset=\"https:\/\/wp-test-1.sweethome3d.eu\/wp-content\/uploads\/2025\/10\/texturesLibraries.jpg 600w, https:\/\/wp-test-1.sweethome3d.eu\/wp-content\/uploads\/2025\/10\/texturesLibraries-360x84.jpg 360w, https:\/\/wp-test-1.sweethome3d.eu\/wp-content\/uploads\/2025\/10\/texturesLibraries-557x130.jpg 557w, https:\/\/wp-test-1.sweethome3d.eu\/wp-content\/uploads\/2025\/10\/texturesLibraries-400x93.jpg 400w\" sizes=\"auto, (max-width: 600px) 100vw, 600px\" \/><\/figure>\n<\/div>\n<p>Ten en cuenta que un archivo SH3T es solo un tipo de archivo ZIP, del que puedes extraer im\u00e1genes de texturas individuales con cualquier herramienta ZIP. Si es necesario, tambi\u00e9n puedes crear tus propios archivos SH3T con el <a href=\"https:\/\/sourceforge.net\/projects\/sweethome3d\/files\/TexturesLibraryEditor\/TexturesLibraryEditor-2.1.jar\/download\" target=\"_blank\" rel=\"noopener\">Editor de bibliotecas de texturas<\/a> descargable. <\/p>\n<h3 class=\"wp-block-heading\" id=\"sitios-web-con-texturas\"><img loading=\"lazy\" decoding=\"async\" width=\"16\" height=\"12\" src=\"https:\/\/www.sweethome3d.com\/images\/bullet.gif\">Sitios web con texturas<br><a href=\"https:\/\/apps.apple.com\/app\/sweet-home-3d\/id669289700\" data-wce-label=\"wce_textures_download_hyperlink\" target=\"_blank\" rel=\"noopener\"><\/a><\/h3>\n<p>Los siguientes sitios ofrecen algunas im\u00e1genes de texturas gratuitas compatibles con el asistente de importaci\u00f3n de texturas de <a href=\"\/\">Sweet Home 3D<\/a>:<\/p>\n\n<figure class=\"wp-block-flexible-table-block-table is-content-justification-left td-border-0 stars-table\"><table class=\"has-fixed-layout\" style=\"border-width:0\"><tbody><tr><td><img loading=\"lazy\" decoding=\"async\" width=\"12\" height=\"12\" src=\"https:\/\/www.sweethome3d.com\/images\/star.gif\" alt=\"Estrella\"><img loading=\"lazy\" decoding=\"async\" width=\"12\" height=\"12\" src=\"https:\/\/www.sweethome3d.com\/images\/star.gif\" alt=\"Estrella\"><img loading=\"lazy\" decoding=\"async\" width=\"12\" height=\"12\" src=\"https:\/\/www.sweethome3d.com\/images\/star.gif\" alt=\"Estrella\"><\/td><td><a href=\"https:\/\/ambientcg.com\/\" target=\"_blank\" rel=\"noopener\">ambientCG<\/a> (muchas texturas sin fisuras publicadas en dominio p\u00fablico, tambi\u00e9n disponibles como bibliotecas SH3T <a href=\"https:\/\/github.com\/fabien-michel\/sweethome3d-textures-ambientcg\" target=\"_blank\" rel=\"noopener\">aqu\u00ed<\/a>)<\/td><\/tr><tr><td><img loading=\"lazy\" decoding=\"async\" width=\"12\" height=\"12\" src=\"https:\/\/www.sweethome3d.com\/images\/star.gif\" alt=\"Estrella\"><img loading=\"lazy\" decoding=\"async\" width=\"12\" height=\"12\" src=\"https:\/\/www.sweethome3d.com\/images\/star.gif\" alt=\"Estrella\"><\/td><td><a href=\"https:\/\/archivetextures.net\/\" class=\"broken_link\" target=\"_blank\" rel=\"noopener\">Archive textures<\/a> (una gran variedad)<\/td><\/tr><tr><td><img loading=\"lazy\" decoding=\"async\" width=\"12\" height=\"12\" src=\"https:\/\/www.sweethome3d.com\/images\/star.gif\" alt=\"Estrella\"><img loading=\"lazy\" decoding=\"async\" width=\"12\" height=\"12\" src=\"https:\/\/www.sweethome3d.com\/images\/star.gif\" alt=\"Estrella\"><\/td><td><a href=\"https:\/\/www.sharetextures.com\/\" target=\"_blank\" rel=\"noopener\">Sharetextures<\/a> (texturas agradables sin fisuras publicadas en dominio p\u00fablico)<\/td><\/tr><tr><td><img loading=\"lazy\" decoding=\"async\" width=\"12\" height=\"12\" src=\"https:\/\/www.sweethome3d.com\/images\/star.gif\" alt=\"Estrella\"><img loading=\"lazy\" decoding=\"async\" width=\"12\" height=\"12\" src=\"https:\/\/www.sweethome3d.com\/images\/star.gif\" alt=\"Estrella\"><\/td><td><a href=\"https:\/\/3dtextures.me\/\" target=\"_blank\" rel=\"noopener\">3D textures<\/a> (otro sitio con texturas sin fisuras publicadas en dominio p\u00fablico)<\/td><\/tr><tr><td><img loading=\"lazy\" decoding=\"async\" width=\"12\" height=\"12\" src=\"https:\/\/www.sweethome3d.com\/images\/star.gif\" alt=\"Estrella\"><img loading=\"lazy\" decoding=\"async\" width=\"12\" height=\"12\" src=\"https:\/\/www.sweethome3d.com\/images\/star.gif\" alt=\"Estrella\"><\/td><td><a href=\"https:\/\/tiled-bg.blogspot.com\/p\/about.html\" target=\"_blank\" rel=\"noopener\">Free Web Gallery of Tile-able Website Backgrounds<\/a> (texturas sin fisuras personalizables disponibles bajo licencia CC-BY)<\/td><\/tr><tr><td><img loading=\"lazy\" decoding=\"async\" width=\"12\" height=\"12\" src=\"https:\/\/www.sweethome3d.com\/images\/star.gif\" alt=\"Estrella\"><img loading=\"lazy\" decoding=\"async\" width=\"12\" height=\"12\" src=\"https:\/\/www.sweethome3d.com\/images\/star.gif\" alt=\"Estrella\"><\/td><td><a href=\"https:\/\/www.plaintextures.com\/\" target=\"_blank\" rel=\"noopener\">Plain textures<\/a> (una gran variedad de texturas, pero no todas son sin fisuras)<\/td><\/tr><tr><td><img loading=\"lazy\" decoding=\"async\" width=\"12\" height=\"12\" src=\"https:\/\/www.sweethome3d.com\/images\/star.gif\" alt=\"Estrella\"><img loading=\"lazy\" decoding=\"async\" width=\"12\" height=\"12\" src=\"https:\/\/www.sweethome3d.com\/images\/star.gif\" alt=\"Estrella\"><\/td><td><a href=\"https:\/\/www.cgtextures.com\/\" target=\"_blank\" rel=\"noopener\">CG Textures<\/a> (una gran variedad de texturas, pero no todas son sin fisuras)<\/td><\/tr><tr><td><img loading=\"lazy\" decoding=\"async\" width=\"12\" height=\"12\" src=\"https:\/\/www.sweethome3d.com\/images\/star.gif\" alt=\"Estrella\"><img loading=\"lazy\" decoding=\"async\" width=\"12\" height=\"12\" src=\"https:\/\/www.sweethome3d.com\/images\/star.gif\" alt=\"Estrella\"><\/td><td><a href=\"https:\/\/blender-archi.tuxfamily.org\/Textures\" target=\"_blank\" rel=\"noopener\">Blender for Architecture<\/a> (interesante para <a href=\"https:\/\/blender-archi.tuxfamily.org\/Textures#Horizontal_maps\" target=\"_blank\" rel=\"noopener\">texturas de cielo<\/a>)<\/td><\/tr><tr><td><img loading=\"lazy\" decoding=\"async\" width=\"12\" height=\"12\" src=\"https:\/\/www.sweethome3d.com\/images\/star.gif\" alt=\"Estrella\"><img loading=\"lazy\" decoding=\"async\" width=\"12\" height=\"12\" src=\"https:\/\/www.sweethome3d.com\/images\/star.gif\" alt=\"Estrella\"><\/td><td><a href=\"https:\/\/telias.gr\/textures_menu.html\" target=\"_blank\" rel=\"noopener\">Free the models<\/a> (texturas agradables creadas por un colaborador de Sweet Home 3D)<\/td><\/tr><tr><td><img loading=\"lazy\" decoding=\"async\" width=\"12\" height=\"12\" src=\"https:\/\/www.sweethome3d.com\/images\/star.gif\" alt=\"Estrella\"><img loading=\"lazy\" decoding=\"async\" width=\"12\" height=\"12\" src=\"https:\/\/www.sweethome3d.com\/images\/star.gif\" alt=\"Estrella\"><\/td><td><a href=\"https:\/\/www.museumtextures.com\/\" target=\"_blank\" rel=\"noopener\">Museum Textures<\/a> (una buena selecci\u00f3n de texturas con algunas sin fisuras)<\/td><\/tr><tr><td><img loading=\"lazy\" decoding=\"async\" width=\"12\" height=\"12\" src=\"https:\/\/www.sweethome3d.com\/images\/star.gif\" alt=\"Estrella\"><\/td><td><a href=\"https:\/\/www.alterlinks.com\/textures\/\" class=\"broken_link\" target=\"_blank\" rel=\"noopener\">Alterlinks<\/a> (algunas texturas sencillas)<\/td><\/tr><tr><td><img loading=\"lazy\" decoding=\"async\" width=\"12\" height=\"12\" src=\"https:\/\/www.sweethome3d.com\/images\/star.gif\" alt=\"Estrella\"><\/td><td><a href=\"https:\/\/www.hongkiat.com\/blog\/28-high-resolution-wood-textures-for-designers\/\" target=\"_blank\" rel=\"noopener\">Hongkiat.com<\/a> (texturas de madera, la mayor\u00eda no son sin fisuras)<\/td><\/tr><tr><td><img loading=\"lazy\" decoding=\"async\" width=\"12\" height=\"12\" src=\"https:\/\/www.sweethome3d.com\/images\/star.gif\" alt=\"Estrella\"><\/td><td><a href=\"https:\/\/webdesignledger.com\/freebies\/40-beautiful-patterns-and-textures-for-ornate-backgrounds\" target=\"_blank\" rel=\"noopener\">WDL<\/a> (texturas de patrones de pared)<\/td><\/tr><\/tbody><\/table><\/figure>\n\n<p>Para cubrir una superficie con una textura que se repite como un patr\u00f3n de pared, es preferible elegir una textura sin fisuras.<\/p>\n\n<p>Para evitar reducir el rendimiento de Sweet Home 3D, no importes im\u00e1genes con una resoluci\u00f3n grande (generalmente, las im\u00e1genes de 256&#215;256 p\u00edxeles ya dan buenos resultados). Si tienes que reducir la resoluci\u00f3n de una imagen, es preferible una mejor calidad JPEG a una resoluci\u00f3n mayor. <\/p>\n\n<p>Por favor, respeta la licencia de las texturas que descargues de estos sitios web.<\/p>\n\n<figure class=\"wp-block-image size-large\"><img loading=\"lazy\" decoding=\"async\" width=\"1024\" height=\"276\" src=\"https:\/\/wp-test-1.sweethome3d.eu\/wp-content\/uploads\/2025\/06\/Textures-1024x276.jpg\" alt=\"Importar texturas\" class=\"wp-image-4507\" srcset=\"https:\/\/wp-test-1.sweethome3d.eu\/wp-content\/uploads\/2025\/06\/Textures-1024x276.jpg 1024w, https:\/\/wp-test-1.sweethome3d.eu\/wp-content\/uploads\/2025\/06\/Textures-360x97.jpg 360w, https:\/\/wp-test-1.sweethome3d.eu\/wp-content\/uploads\/2025\/06\/Textures-481x130.jpg 481w, https:\/\/wp-test-1.sweethome3d.eu\/wp-content\/uploads\/2025\/06\/Textures-768x207.jpg 768w, https:\/\/wp-test-1.sweethome3d.eu\/wp-content\/uploads\/2025\/06\/Textures-400x108.jpg 400w, https:\/\/wp-test-1.sweethome3d.eu\/wp-content\/uploads\/2025\/06\/Textures.jpg 1200w\" sizes=\"auto, (max-width: 1024px) 100vw, 1024px\" \/><\/figure>\n\n<hr class=\"wp-block-separator has-text-color has-white-color has-alpha-channel-opacity has-white-background-color has-background\" \/>\n\n<hr class=\"wp-block-separator has-text-color has-white-color has-alpha-channel-opacity has-white-background-color has-background\" \/>\n\n<p class=\"has-text-align-center\">Gracias a Hans Dirkse por su ayuda<\/p>\n\n<p class=\"has-text-align-center\"><a href=\"mailto:info@sweethome3d.com\">Proponer otros sitios o informar de un enlace roto<\/a><\/p>\n\n<p class=\"has-text-align-center\"><em><em>\u00daltima actualizaci\u00f3n: 23\/01\/2023<\/em><\/em><\/p>\n","protected":false},"excerpt":{"rendered":"<p>Esta p\u00e1gina enumera algunas fuentes de im\u00e1genes de texturas gratuitas que puedes importar en Sweet Home 3D. Fuentes de texturas disponibles Bibliotecas de texturas Sweet Home 3D te permite importar im\u00e1genes de texturas de una en una, o por grupos de texturas almacenadas en archivos SH3T. Un archivo SH3T es una biblioteca de texturas con [&hellip;]<\/p>\n","protected":false},"author":3,"featured_media":11693,"parent":0,"menu_order":0,"comment_status":"closed","ping_status":"closed","template":"","meta":{"inline_featured_image":false,"footnotes":""},"class_list":["post-11701","page","type-page","status-publish","has-post-thumbnail","hentry"],"_links":{"self":[{"href":"https:\/\/wp-test-1.sweethome3d.eu\/es\/wp-json\/wp\/v2\/pages\/11701","targetHints":{"allow":["GET"]}}],"collection":[{"href":"https:\/\/wp-test-1.sweethome3d.eu\/es\/wp-json\/wp\/v2\/pages"}],"about":[{"href":"https:\/\/wp-test-1.sweethome3d.eu\/es\/wp-json\/wp\/v2\/types\/page"}],"author":[{"embeddable":true,"href":"https:\/\/wp-test-1.sweethome3d.eu\/es\/wp-json\/wp\/v2\/users\/3"}],"replies":[{"embeddable":true,"href":"https:\/\/wp-test-1.sweethome3d.eu\/es\/wp-json\/wp\/v2\/comments?post=11701"}],"version-history":[{"count":2,"href":"https:\/\/wp-test-1.sweethome3d.eu\/es\/wp-json\/wp\/v2\/pages\/11701\/revisions"}],"predecessor-version":[{"id":11703,"href":"https:\/\/wp-test-1.sweethome3d.eu\/es\/wp-json\/wp\/v2\/pages\/11701\/revisions\/11703"}],"wp:featuredmedia":[{"embeddable":true,"href":"https:\/\/wp-test-1.sweethome3d.eu\/es\/wp-json\/wp\/v2\/media\/11693"}],"wp:attachment":[{"href":"https:\/\/wp-test-1.sweethome3d.eu\/es\/wp-json\/wp\/v2\/media?parent=11701"}],"curies":[{"name":"wp","href":"https:\/\/api.w.org\/{rel}","templated":true}]}}