{"id":11788,"date":"2025-09-18T11:56:35","date_gmt":"2025-09-18T11:56:35","guid":{"rendered":"https:\/\/wp-test-1.sweethome3d.eu\/plugins-y-herramientas\/"},"modified":"2025-11-11T16:36:24","modified_gmt":"2025-11-11T16:36:24","slug":"plugins-y-herramientas","status":"publish","type":"page","link":"https:\/\/wp-test-1.sweethome3d.eu\/es\/plugins-y-herramientas\/","title":{"rendered":"Plugins y herramientas"},"content":{"rendered":"<ul class=\"simpletoc-list\">\n<li><a href=\"#plugins\">Plugins<\/a>\n\n<\/li>\n<li><a href=\"#herramientas\">Herramientas<\/a>\n<\/li><\/ul>\n<p class=\"has-text-align-center\">Esta p\u00e1gina describe los principales plugins y otras herramientas disponibles para <a href=\"\/\">Sweet Home 3D<\/a>.<\/p>\n<h2 class=\"wp-block-heading\" id=\"plugins\"><img loading=\"lazy\" decoding=\"async\" width=\"16\" height=\"12\" src=\"https:\/\/www.sweethome3d.com\/images\/bullet.gif\">Plugins<\/h2>\n<p>La siguiente tabla enumera los plugins m\u00e1s interesantes proporcionados por Space Mushrooms o por los desarrolladores que los propusieron en el sistema de seguimiento de <a href=\"https:\/\/sourceforge.net\/p\/sweethome3d\/plug-ins\" target=\"_blank\" rel=\"noopener\">contribuciones de plugins<\/a>. Un plugin propone caracter\u00edsticas adicionales en <a href=\"https:\/\/wp-test-1.sweethome3d.eu\/es\/descargar\/\" data-type=\"page\" data-id=\"396\">Sweet Home 3D<\/a> y se puede instalar haciendo doble clic en su archivo SH3P. En Linux, si no funciona, inst\u00e1lalo con el comando <em>Terminal<\/em> <code><em>path<\/em>\/<em>to<\/em>\/<strong>SweetHome3D<\/strong> <em>path<\/em>\/<em>to<\/em>\/<em>plugin.sh3p<\/em><\/code> o copia el archivo SH3P en la subcarpeta <code>.eteks\/sweethome3d\/plugins<\/code> de tu carpeta de usuario.  <\/p>\n\n<figure class=\"wp-block-flexible-table-block-table is-content-justification-center\"><table class=\"has-fixed-layout\"><thead><tr><th style=\"text-align:center\">Plugin<\/th><th style=\"text-align:center\">Proveedor<\/th><th style=\"text-align:center\">Soporte deshacer\/rehacer<\/th><th style=\"text-align:center\">Compatible con Java Web Start<\/th><th style=\"text-align:center;width:500px\">Descripci\u00f3n<\/th><\/tr><\/thead><tbody><tr><td style=\"text-align:left\"><a href=\"\/storage\/plugins\/CopyAsNewFurniturePlugin-1.3.1.sh3p\">CopyAsNewFurniturePlugin-1.3.1.sh3p<\/a><br>(29 kB &#8211; c\u00f3digo fuente incluido)<\/td><td style=\"text-align:center\">Space mushrooms<\/td><td style=\"text-align:center\">N\/A<\/td><td style=\"text-align:center\">No<\/td><td style=\"width:500px\">A\u00f1ade el elemento de men\u00fa <em>Herramientas &gt; Copiar como mueble nuevo<\/em> que copia los objetos seleccionados en el plano como un nuevo mueble en el portapapeles (<a href=\"https:\/\/www.sweethome3d.com\/support\/forum\/viewthread_thread,1331_offset,11\" target=\"_blank\" rel=\"noopener\">leer m\u00e1s<\/a>)<\/td><\/tr><tr><td><a href=\"\/storage\/plugins\/ShapeGenerator-1.2.1.sh3p\">ShapeGenerator-1.2.1.sh3p<\/a><br>(53 kB &#8211; c\u00f3digo fuente incluido)<\/td><td style=\"text-align:center\">Space mushrooms<\/td><td style=\"text-align:center\">S\u00ed<\/td><td style=\"text-align:center\">No<\/td><td style=\"width:500px\">A\u00f1ade el elemento de men\u00fa <em>Herramientas &gt; Generar forma 3D<\/em> que crea una forma 3D a partir de las coordenadas de 8 v\u00e9rtices introducidas por el usuario (<a href=\"https:\/\/www.sweethome3d.com\/support\/forum\/viewthread_thread,6600\" target=\"_blank\" rel=\"noopener\">leer m\u00e1s<\/a>)<\/td><\/tr><tr><td><a href=\"\/storage\/plugins\/StaircaseGenerator-1.0.1.sh3p\">StaircaseGenerator-1.0.1.sh3p<\/a><br>(150 kB &#8211; c\u00f3digo fuente incluido)<\/td><td style=\"text-align:center\">Space mushrooms<br><br><\/td><td style=\"text-align:center\">S\u00ed<\/td><td style=\"text-align:center\">No<\/td><td style=\"width:500px\">A\u00f1ade el elemento de men\u00fa <em>Herramientas &gt; Generar escalera<\/em> que crea la forma 3D de una escalera a partir de su n\u00famero de escalones y su tama\u00f1o (<a href=\"https:\/\/www.sweethome3d.com\/support\/forum\/viewthread_thread,12160\" target=\"_blank\" rel=\"noopener\">leer m\u00e1s<\/a>)<\/td><\/tr><tr><td><a href=\"\/storage\/plugins\/TerrainGenerator-1.2.2.sh3p\">TerrainGenerator-1.2.2.sh3p<\/a><br>(111 kB &#8211; c\u00f3digo fuente incluido)<\/td><td style=\"text-align:center\">Space mushrooms<\/td><td style=\"text-align:center\">S\u00ed<\/td><td style=\"text-align:center\">No<\/td><td style=\"width:500px\">A\u00f1ade el elemento de men\u00fa <em>Herramientas &gt; Generar terreno 3D a partir de habitaciones<\/em> que crea una forma 3D a partir de la superficie de las habitaciones seleccionadas deformada por el usuario (<a href=\"https:\/\/www.sweethome3d.com\/support\/forum\/viewthread_thread,10995\" target=\"_blank\" rel=\"noopener\">leer m\u00e1s<\/a>)<\/td><\/tr><tr><td><a href=\"\/storage\/plugins\/SideView-1.1.1.sh3p\">SideView-1.1.1.sh3p<\/a><br>(44 kB &#8211; c\u00f3digo fuente incluido)<\/td><td style=\"text-align:center\">Space mushrooms<\/td><td style=\"text-align:center\">N\/A<\/td><td style=\"text-align:center\">No<\/td><td style=\"width:500px\">A\u00f1ade el elemento de men\u00fa <em>Herramientas &gt; Mostrar vista lateral<\/em> que muestra una vista lateral de la casa editada con la posibilidad de guardarla (<a href=\"https:\/\/www.sweethome3d.com\/support\/forum\/viewthread_thread,11011\" target=\"_blank\" rel=\"noopener\">leer m\u00e1s<\/a>)<\/td><\/tr><tr><td><a href=\"\/storage\/plugins\/ExportPlanImage-1.0.3.sh3p\">ExportPlanImage-1.0.3.sh3p<\/a><br>(29 kB &#8211; c\u00f3digo fuente incluido)<\/td><td style=\"text-align:center\">Space mushrooms<\/td><td style=\"text-align:center\">N\/A<\/td><td style=\"text-align:center\">No<\/td><td style=\"width:500px\">A\u00f1ade el elemento de men\u00fa <em>Muebles &gt; Exportar plano a imagen<\/em> que exporta una imagen del plano a formato PNG o JPEG al tama\u00f1o que elijas<\/td><\/tr><tr><td><a href=\"\/storage\/plugins\/ExportToSH3F-1.1.1.sh3p\">ExportToSH3F-1.1.1.sh3p<\/a><br>(32 kB &#8211; c\u00f3digo fuente incluido)<\/td><td style=\"text-align:center\">Space mushrooms<\/td><td style=\"text-align:center\">N\/A<\/td><td style=\"text-align:center\">No<\/td><td style=\"width:500px\">A\u00f1ade el elemento de men\u00fa <em>Muebles &gt; Exportar muebles importados a SH3F<\/em> que exporta todos los muebles importados en el cat\u00e1logo de Sweet Home 3D a un archivo SH3F (<a href=\"https:\/\/www.sweethome3d.com\/support\/forum\/viewthread_thread,966_offset,5\" target=\"_blank\" rel=\"noopener\">leer m\u00e1s<\/a>)<\/td><\/tr><tr><td><a href=\"\/storage\/plugins\/ExportToSH3T-1.1.1.sh3p\">ExportToSH3T-1.1.1.sh3p<\/a><br>(30 kB &#8211; c\u00f3digo fuente incluido)<\/td><td style=\"text-align:center\">Space mushrooms<\/td><td style=\"text-align:center\">N\/A<\/td><td style=\"text-align:center\">No<\/td><td style=\"width:500px\">A\u00f1ade el elemento de men\u00fa <em>Muebles &gt; Exportar texturas importadas a SH3T<\/em> que exporta todas las texturas importadas en el cat\u00e1logo de Sweet Home 3D a un archivo SH3T (<a href=\"https:\/\/www.sweethome3d.com\/support\/forum\/viewthread_thread,12391\" target=\"_blank\" rel=\"noopener\">leer m\u00e1s<\/a>)<\/td><\/tr><tr><td><a href=\"\/storage\/plugins\/ExportToHTML5-1.9.1.sh3p\">ExportToHTML5-1.9.1.sh3p<\/a><br>(391 kB &#8211; c\u00f3digo fuente incluido)<\/td><td style=\"text-align:center\">Space mushrooms<\/td><td style=\"text-align:center\">N\/A<\/td><td style=\"text-align:center\">No<\/td><td style=\"width:500px\">A\u00f1ade el&nbsp;<em>Herramientas &gt; Exportar a HTML5<\/em> elemento de men\u00fa que exporta la vista 3D de la casa editada a una p\u00e1gina HTML5 visible en cualquier navegador WebGL (<a href=\"https:\/\/www.sweethome3d.com\/support\/forum\/viewthread_thread,6708\" target=\"_blank\" rel=\"noopener\">leer m\u00e1s<\/a>). Esta herramienta tambi\u00e9n est\u00e1 disponible a trav\u00e9s del &nbsp;<a href=\"https:\/\/www.sweethome3d.com\/exportHomes.jsp\" target=\"_blank\" rel=\"noopener\">Administrador de casas exportadas<\/a> que te permite exportar y alojar archivos SH3D en el servidor web sweethome3d.com.<\/td><\/tr><tr><td><a href=\"\/storage\/plugins\/UpdateRoadLinesPlugin-1.0.1.sh3p\">UpdateRoadLinesPlugin-1.0.1.sh3p<\/a><br>(70 kB &#8211; c\u00f3digo fuente incluido)<\/td><td style=\"text-align:center\">Space mushrooms<\/td><td style=\"text-align:center\">S\u00ed<\/td><td style=\"text-align:center\">S\u00ed<\/td><td style=\"width:500px\">A\u00f1ade el elemento de men\u00fa <em>Herramientas &gt; Modificar estilo de l\u00ednea de carretera<\/em> que permite al usuario elegir un <a href=\"https:\/\/fr.wikipedia.org\/wiki\/Signalisation_routi%C3%A8re_horizontale_en_France\" target=\"_blank\" rel=\"noopener\">estilo de l\u00ednea de carretera franc\u00e9s<\/a> para las polil\u00edneas seleccionadas y su color (<a href=\"https:\/\/www.sweethome3d.com\/blog\/2018\/12\/10\/customization_for_the_forensic_police.html\" target=\"_blank\" rel=\"noopener\">leer m\u00e1s<\/a>)<\/td><\/tr><tr><td><a href=\"\/storage\/plugins\/EvidenceMarkerGenerator-1.1.1.sh3p\">EvidenceMarkerGenerator-1.1.1.sh3p<\/a><br>(38 kB &#8211; c\u00f3digo fuente incluido)<\/td><td style=\"text-align:center\">Space mushrooms<\/td><td style=\"text-align:center\">S\u00ed<\/td><td style=\"text-align:center\">No<\/td><td style=\"width:500px\">A\u00f1ade el elemento de men\u00fa <em>Herramientas &gt; A\u00f1adir marcador de evidencia<\/em> capaz de generar un marcador de evidencia numerado en el elemento seleccionado en el plano (<a href=\"https:\/\/www.sweethome3d.com\/blog\/2018\/12\/10\/customization_for_the_forensic_police.html\" target=\"_blank\" rel=\"noopener\">leer m\u00e1s<\/a>)<\/td><\/tr><tr><td><a href=\"https:\/\/sourceforge.net\/p\/sweethome3d\/plug-ins\/_discuss\/thread\/5e6557c2\/fef8\/attachment\/AdvancedEditing.sh3p\" target=\"_blank\" rel=\"noopener\">AdvancedEditing.sh3p<\/a><br>(135 kB &#8211; <a href=\"https:\/\/sourceforge.net\/p\/sweethome3d\/plug-ins\/_discuss\/thread\/5e6557c2\/fef8\/attachment\/AdvancedEditingPlugin-src.zip\" target=\"_blank\" rel=\"noopener\">c\u00f3digo fuente<\/a>)<\/td><td style=\"text-align:center\">Tobias Liefke<\/td><td style=\"text-align:center\">S\u00ed<\/td><td style=\"text-align:center\">S\u00ed<\/td><td style=\"width:500px\">A\u00f1ade los elementos de men\u00fa&nbsp;<em>Editar &gt; rotar<\/em>,&nbsp;<em>Editar &gt; mover<\/em>,&nbsp;<em>Editar &gt; voltear<\/em>,&nbsp;<em>Editar &gt; redimensionar, muebles &gt; elevar<\/em>,&nbsp;<em>Plano &gt; Editar puntos de habitaci\u00f3n<\/em>,&nbsp;<em>Plano &gt; Conectar paredes<\/em> que permiten modificar los objetos seleccionados en el plano (<a href=\"https:\/\/www.sweethome3d.com\/support\/forum\/viewthread_thread,1757\" target=\"_blank\" rel=\"noopener\">leer m\u00e1s<\/a>)<\/td><\/tr><tr><td><a href=\"https:\/\/sourceforge.net\/p\/sweethome3d\/plug-ins\/_discuss\/thread\/34cdde5620\/4c8d\/attachment\/Multiplier-2.2.sh3p\" target=\"_blank\" rel=\"noopener\">Multiplier-2.2.sh3p<\/a><br>(176 kB &#8211; c\u00f3digo fuente incluido)<\/td><td style=\"text-align:center\">Dorin vatavu<\/td><td style=\"text-align:center\">S\u00ed<\/td><td style=\"text-align:center\">S\u00ed<\/td><td style=\"width:500px\">A\u00f1ade el elemento de men\u00fa <em>Herramientas &gt; Multiplicar<\/em> que permite multiplicar y desplazar los objetos seleccionados en el plano (<a href=\"https:\/\/www.sweethome3d.com\/support\/forum\/viewthread_thread,10554\" target=\"_blank\" rel=\"noopener\">leer m\u00e1s<\/a>)<\/td><\/tr><tr><td><a href=\"https:\/\/sourceforge.net\/p\/sweethome3d\/plug-ins\/_discuss\/thread\/015d788700\/98fc\/attachment\/AutoDimensioning.sh3p\" target=\"_blank\" rel=\"noopener\">AutoDimensioning.sh3p<\/a><br>(44 kB &#8211; c\u00f3digo fuente incluido)<\/td><td style=\"text-align:center\">Dorin vatavu<\/td><td style=\"text-align:center\">S\u00ed<\/td><td style=\"text-align:center\">S\u00ed<\/td><td style=\"width:500px\">A\u00f1ade el elemento de men\u00fa <em>Herramientas &gt; Acotaci\u00f3n autom\u00e1tica<\/em> que permite generar l\u00edneas de cota para todo el plano (<a href=\"https:\/\/www.sweethome3d.com\/support\/forum\/viewthread_thread,10955\" target=\"_blank\" rel=\"noopener\">leer m\u00e1s<\/a>)<\/td><\/tr><tr><td><a href=\"https:\/\/sourceforge.net\/p\/sweethome3d\/plug-ins\/_discuss\/thread\/914cc4be82\/b551\/attachment\/GenerateRoof-4.5.sh3p\" target=\"_blank\" rel=\"noopener\">GenerateRoof-4.5.sh3p<\/a><br>(690 kB &#8211; c\u00f3digo fuente incluido)<\/td><td style=\"text-align:center\">Dorin vatavu<br><br><\/td><td style=\"text-align:center\">N\/A<\/td><td style=\"text-align:center\">No<\/td><td style=\"width:500px\">A\u00f1ade el elemento de men\u00fa <em>Herramientas &gt; Generar tejado<\/em> que permite generar un tejado con varios \u00e1ngulos de inclinaci\u00f3n a partir de la forma de la habitaci\u00f3n seleccionada (<a href=\"https:\/\/www.sweethome3d.com\/support\/forum\/viewthread_thread%2C11330\" target=\"_blank\" rel=\"noopener\">leer m\u00e1s<\/a>)<\/td><\/tr><tr><td><a href=\"https:\/\/sourceforge.net\/p\/sweethome3d\/plug-ins\/_discuss\/thread\/182d97c5\/ad56\/attachment\/AdvancedSettingsPhotoRendering-1.4.1.sh3p\" target=\"_blank\" rel=\"noopener\">AdvancedSettings<br>PhotoRendering-1.4.1.sh3p<\/a><br>(52 kB &#8211; c\u00f3digo fuente incluido)<\/td><td style=\"text-align:center\">Enko nyito<\/td><td style=\"text-align:center\">N\/A<\/td><td style=\"text-align:center\">No<\/td><td style=\"width:500px\">A\u00f1ade el elemento de men\u00fa <em>Herramientas &gt; Configuraci\u00f3n avanzada de renderizado de fotos<\/em> que permite modificar algunas <a href=\"https:\/\/sourceforge.net\/p\/sweethome3d\/code\/HEAD\/tree\/trunk\/SweetHome3D\/src\/com\/eteks\/sweethome3d\/j3d\/PhotoRenderer.properties\" target=\"_blank\" rel=\"noopener\">propiedades avanzadas<\/a> utilizadas por los renderizadores de fotos en los dos mejores niveles de calidad (<a href=\"https:\/\/www.sweethome3d.com\/support\/forum\/viewthread_thread,6122_offset,20\" target=\"_blank\" rel=\"noopener\">leer m\u00e1s<\/a>)<\/td><\/tr><tr><td><a href=\"https:\/\/sourceforge.net\/p\/sweethome3d\/plug-ins\/_discuss\/thread\/40b57f75\/5282\/attachment\/PhotoVideoRendering-2.8.zip\" target=\"_blank\" rel=\"noopener\">PhotoVideoRendering-2.8.zip<\/a><br>(15 MB &#8211; archivo SH3P + c\u00f3digo fuente incluido)<\/td><td style=\"text-align:center\">Enko Nyito<\/td><td style=\"text-align:center\">N\/A<\/td><td style=\"text-align:center\">No<\/td><td style=\"width:500px\">A\u00f1ade el men\u00fa <em>Renderizado de foto y v\u00eddeo<\/em>, con elementos de men\u00fa para renderizar fotos y v\u00eddeos con ajustes adicionales (<a href=\"https:\/\/sourceforge.net\/p\/sweethome3d\/plug-ins\/18\/\" target=\"_blank\" rel=\"noopener\">leer m\u00e1s<\/a>)<\/td><\/tr><\/tbody><\/table><\/figure>\n\n<p>Para desinstalar un plugin, elimina su archivo SH3P de la carpeta de plugins de <a href=\"https:\/\/wp-test-1.sweethome3d.eu\/es\/descargar\/\" data-type=\"page\" data-id=\"396\">Sweet Home 3D<\/a> y reinicia la aplicaci\u00f3n. Esta carpeta se muestra cuando haces clic en cualquier archivo SH3P que aparece en la secci\u00f3n <em>Plugins<\/em> del panel <em>Bibliotecas en uso<\/em>. Este \u00faltimo panel se muestra al hacer clic en el bot\u00f3n <em>Bibliotecas&#8230;<\/em> que se muestra en la parte inferior del cuadro de di\u00e1logo <em>Acerca de<\/em> de Sweet Home 3D. Si quieres programar algunos plugins t\u00fa mismo, lee la <a href=\"https:\/\/wp-test-1.sweethome3d.eu\/es\/guia-para-desarrolladores-de-plug-ins\/\" data-type=\"page\" data-id=\"4964\">Gu\u00eda del desarrollador de plugins<\/a>.   <\/p>\n\n<figure class=\"wp-block-image size-large\"><img loading=\"lazy\" decoding=\"async\" width=\"1024\" height=\"540\" src=\"https:\/\/wp-test-1.sweethome3d.eu\/wp-content\/uploads\/2025\/06\/PlugInScratchHomeDemo3-1024x540.jpg\" alt=\"plugins\" class=\"wp-image-3616\" srcset=\"https:\/\/wp-test-1.sweethome3d.eu\/wp-content\/uploads\/2025\/06\/PlugInScratchHomeDemo3-1024x540.jpg 1024w, https:\/\/wp-test-1.sweethome3d.eu\/wp-content\/uploads\/2025\/06\/PlugInScratchHomeDemo3-360x190.jpg 360w, https:\/\/wp-test-1.sweethome3d.eu\/wp-content\/uploads\/2025\/06\/PlugInScratchHomeDemo3-247x130.jpg 247w, https:\/\/wp-test-1.sweethome3d.eu\/wp-content\/uploads\/2025\/06\/PlugInScratchHomeDemo3-768x405.jpg 768w, https:\/\/wp-test-1.sweethome3d.eu\/wp-content\/uploads\/2025\/06\/PlugInScratchHomeDemo3-400x211.jpg 400w, https:\/\/wp-test-1.sweethome3d.eu\/wp-content\/uploads\/2025\/06\/PlugInScratchHomeDemo3.jpg 1366w\" sizes=\"auto, (max-width: 1024px) 100vw, 1024px\" \/><\/figure>\n<h2 class=\"wp-block-heading\" id=\"herramientas\"><img loading=\"lazy\" decoding=\"async\" width=\"16\" height=\"12\" src=\"https:\/\/www.sweethome3d.com\/images\/bullet.gif\"><strong>Herramientas<\/strong><\/h2>\n<p>La siguiente tabla enumera algunas herramientas adicionales proporcionadas por Space Mushrooms \u00fatiles para <a href=\"https:\/\/wp-test-1.sweethome3d.eu\/es\/descargar\/\" data-type=\"page\" data-id=\"396\">Sweet Home 3D<\/a>. Estas herramientas est\u00e1n disponibles como archivos ejecutables Jar que se pueden ejecutar haciendo doble clic en ellos una vez que <g id=\"gid_1\">Java<\/g> est\u00e1 instalado en tu sistema. En macOS, el primer lanzamiento de un archivo ejecutable Jar descargado de Internet debe hacerse haciendo clic en el archivo Jar mientras se mantiene pulsada la tecla <em>ctrl<\/em>, y luego eligiendo <em>Abrir<\/em> en el men\u00fa contextual que aparecer\u00e1.  <\/p>\n\n<figure class=\"wp-block-flexible-table-block-table is-content-justification-center\"><table class=\"has-fixed-layout\"><thead><tr><th style=\"text-align:center\">Herramienta<\/th><th style=\"text-align:center;width:500px\">Descripci\u00f3n<\/th><\/tr><\/thead><tbody><tr><td style=\"text-align:left\"><a href=\"https:\/\/sourceforge.net\/projects\/sweethome3d\/files\/FurnitureLibraryEditor\/FurnitureLibraryEditor-2.2.jar\/download\" target=\"_blank\" rel=\"noopener\">FurnitureLibraryEditor-2.2.jar<\/a><br>(14.4 MB &#8211; <a href=\"https:\/\/sourceforge.net\/projects\/sweethome3d\/files\/FurnitureLibraryEditor-source\/FurnitureLibraryEditor-2.2-src.zip\" target=\"_blank\" rel=\"noopener\">c\u00f3digo fuente<\/a>)<\/td><td style=\"width:500px\">Esta aplicaci\u00f3n te permite crear un archivo de biblioteca de muebles SH3F y editar las propiedades de los modelos 3D que contiene (<a href=\"https:\/\/www.sweethome3d.com\/support\/forum\/viewthread_thread,1550\" target=\"_blank\" rel=\"noopener\">leer m\u00e1s<\/a>)<\/td><\/tr><tr><td><a href=\"https:\/\/sourceforge.net\/projects\/sweethome3d\/files\/TexturesLibraryEditor\/TexturesLibraryEditor-2.1.jar\/download\" target=\"_blank\" rel=\"noopener\">TexturesLibraryEditor-2.1.jar<\/a><br>(1.2 MB &#8211; <a href=\"https:\/\/sourceforge.net\/projects\/sweethome3d\/files\/TexturesLibraryEditor-source\/TexturesLibraryEditor-2.1-src.zip\" target=\"_blank\" rel=\"noopener\">c\u00f3digo fuente<\/a>)<\/td><td style=\"width:500px\">Esta aplicaci\u00f3n te permite crear un archivo de biblioteca de texturas SH3T y editar las propiedades de las im\u00e1genes de textura que contiene (<a href=\"https:\/\/www.sweethome3d.com\/support\/forum\/viewthread_thread,3502\" target=\"_blank\" rel=\"noopener\">leer m\u00e1s<\/a>)<\/td><\/tr><tr><td><a href=\"\/storage\/downloads\/HugeFileCleaner-1.0.jar\">HugeFileCleaner-1.0.jar<\/a><br>(7 kB &#8211; c\u00f3digo fuente incluido)<\/td><td style=\"width:500px\">Esta aplicaci\u00f3n elimina las entradas in\u00fatiles que pueden haber aparecido en archivos SH3D enormes (generalmente mayores de 500 MB) creados con versiones de Sweet Home 3D anteriores a la 5.2, cuando utilizaste la lista reciente de texturas que se muestra en el cuadro de di\u00e1logo de texturas para copiar texturas de los modelos 3D que se encuentran en el cat\u00e1logo de muebles (<a href=\"https:\/\/www.sweethome3d.com\/support\/forum\/viewthread_thread,6331_offset,21\" target=\"_blank\" rel=\"noopener\">leer m\u00e1s<\/a>)<\/td><\/tr><tr><td><a href=\"https:\/\/apps.apple.com\/us\/app\/tape-measure\/id1437807477\" target=\"_blank\" rel=\"noopener\">Cinta m\u00e9trica<\/a><\/td><td style=\"width:500px\">Esta aplicaci\u00f3n te permite tomar medidas y crear un plano preciso de tu casa, escaneando el espacio que te rodea y marcando las esquinas de las habitaciones. A continuaci\u00f3n, puedes importar el plano directamente a Sweet Home 3D para empezar a dise\u00f1ar sobre \u00e9l. Ten en cuenta que la aplicaci\u00f3n est\u00e1 disponible por ahora solo en iOS.<\/td><\/tr><\/tbody><\/table><\/figure>\n","protected":false},"excerpt":{"rendered":"<p>Esta p\u00e1gina describe los principales plugins y otras herramientas disponibles para Sweet Home 3D. Plugins La siguiente tabla enumera los plugins m\u00e1s interesantes proporcionados por Space Mushrooms o por los desarrolladores que los propusieron en el sistema de seguimiento de contribuciones de plugins. Un plugin propone caracter\u00edsticas adicionales en Sweet Home 3D y se puede [&hellip;]<\/p>\n","protected":false},"author":2,"featured_media":11787,"parent":0,"menu_order":0,"comment_status":"closed","ping_status":"closed","template":"","meta":{"inline_featured_image":false,"footnotes":""},"class_list":["post-11788","page","type-page","status-publish","has-post-thumbnail","hentry"],"_links":{"self":[{"href":"https:\/\/wp-test-1.sweethome3d.eu\/es\/wp-json\/wp\/v2\/pages\/11788","targetHints":{"allow":["GET"]}}],"collection":[{"href":"https:\/\/wp-test-1.sweethome3d.eu\/es\/wp-json\/wp\/v2\/pages"}],"about":[{"href":"https:\/\/wp-test-1.sweethome3d.eu\/es\/wp-json\/wp\/v2\/types\/page"}],"author":[{"embeddable":true,"href":"https:\/\/wp-test-1.sweethome3d.eu\/es\/wp-json\/wp\/v2\/users\/2"}],"replies":[{"embeddable":true,"href":"https:\/\/wp-test-1.sweethome3d.eu\/es\/wp-json\/wp\/v2\/comments?post=11788"}],"version-history":[{"count":3,"href":"https:\/\/wp-test-1.sweethome3d.eu\/es\/wp-json\/wp\/v2\/pages\/11788\/revisions"}],"predecessor-version":[{"id":12811,"href":"https:\/\/wp-test-1.sweethome3d.eu\/es\/wp-json\/wp\/v2\/pages\/11788\/revisions\/12811"}],"wp:featuredmedia":[{"embeddable":true,"href":"https:\/\/wp-test-1.sweethome3d.eu\/es\/wp-json\/wp\/v2\/media\/11787"}],"wp:attachment":[{"href":"https:\/\/wp-test-1.sweethome3d.eu\/es\/wp-json\/wp\/v2\/media?parent=11788"}],"curies":[{"name":"wp","href":"https:\/\/api.w.org\/{rel}","templated":true}]}}