{"id":11846,"date":"2025-09-18T11:59:08","date_gmt":"2025-09-18T11:59:08","guid":{"rendered":"https:\/\/wp-test-1.sweethome3d.eu\/licencia\/"},"modified":"2025-11-04T08:21:23","modified_gmt":"2025-11-04T08:21:23","slug":"licencia","status":"publish","type":"page","link":"https:\/\/wp-test-1.sweethome3d.eu\/es\/licencia\/","title":{"rendered":"Licencia"},"content":{"rendered":"\n<p>Sweet Home 3D, Copyright (c) 2024 Space Mushrooms &lt;<a href=\"mailto:info@sweethome3d.com\">info@sweethome3d.com<\/a>&gt;<\/p>\n\n<p>La versi\u00f3n gratuita de la aplicaci\u00f3n <a href=\"\/\">Sweet Home 3D<\/a>, las aplicaciones <a href=\"https:\/\/www.sweethome3d.com\/support\/forum\/viewthread_thread,1550\" target=\"_blank\" rel=\"noopener\">Furniture Library Editor<\/a> y <a href=\"https:\/\/www.sweethome3d.com\/support\/forum\/viewthread_thread,3502\" target=\"_blank\" rel=\"noopener\">Textures Library Editor<\/a>, as\u00ed como <a href=\"https:\/\/sourceforge.net\/p\/sweethome3d\/code\/HEAD\/tree\/trunk\/SweetHome3DJS\/\" target=\"_blank\" rel=\"noopener\">Sweet Home 3D JS<\/a> se distribuyen bajo la <a href=\"https:\/\/www.gnu.org\/licenses\/gpl-2.0.txt\" target=\"_blank\" rel=\"noopener\">Licencia P\u00fablica General de GNU<\/a>; puedes usarlos, copiarlos, redistribuirlos y\/o modificarlos bajo los t\u00e9rminos de esa licencia tal como la publica la Free Software Foundation; ya sea la versi\u00f3n 2 de la Licencia, o (a tu elecci\u00f3n) cualquier versi\u00f3n posterior. Para m\u00e1s detalles, por favor, lee los t\u00e9rminos de la <a href=\"https:\/\/www.gnu.org\/licenses\/gpl-2.0.txt\" target=\"_blank\" rel=\"noopener\">Licencia P\u00fablica General de GNU<\/a> y sus <a href=\"https:\/\/www.gnu.org\/licenses\/gpl-faq.html\" target=\"_blank\" rel=\"noopener\">preguntas frecuentes<\/a>. <\/p>\n\n<p>Estos programas se distribuyen con la esperanza de que sean \u00fatiles, pero SIN NINGUNA GARANT\u00cdA; ni siquiera la garant\u00eda impl\u00edcita de COMERCIABILIDAD o IDONEIDAD PARA UN PROP\u00d3SITO PARTICULAR.<\/p>\n\n<p>La Licencia P\u00fablica General de GNU y otras licencias bajo las cuales est\u00e1n disponibles Sweet Home 3D, Sweet Home 3D Mobile, Furniture Library Editor, Textures Library Editor y Sweet Home 3D JS, te permiten publicar los documentos creados con estas aplicaciones, ya sea para uso personal o comercial, dentro de los l\u00edmites de los derechos otorgados por las licencias de los modelos 3D y las texturas que importaste en los documentos generados con estas aplicaciones.<br\/>Puedes usar y redistribuir los modelos 3D y las texturas disponibles en los cat\u00e1logos predeterminados de todas las versiones de Sweet Home 3D para uso personal o comercial, as\u00ed como los <a href=\"https:\/\/wp-test-1.sweethome3d.eu\/es\/modelos-3d-gratuitos\/\" data-type=\"page\" data-id=\"4869\">modelos 3D gratuitos<\/a> alojados en <strong>sweethome3d.com<\/strong>, y las <a href=\"https:\/\/sourceforge.net\/projects\/sweethome3d\/files\/SweetHome3D-models\/\" target=\"_blank\" rel=\"noopener\">bibliotecas de muebles<\/a> o <a href=\"https:\/\/sourceforge.net\/projects\/sweethome3d\/files\/SweetHome3D-textures\/\" target=\"_blank\" rel=\"noopener\">bibliotecas de texturas<\/a> disponibles entre los <a href=\"https:\/\/sourceforge.net\/projects\/sweethome3d\/files\/\" target=\"_blank\" rel=\"noopener\">archivos de Sweet Home 3D en SourceForge.net<\/a>. Si incluyes algunos de estos modelos 3D y texturas en tus documentos, debes atribuir al autor de los que se distribuyen bajo la <a href=\"https:\/\/artlibre.org\/licence\/lal\/en\/\" target=\"_blank\" rel=\"noopener\">Licencia de Arte Libre<\/a> o la <a href=\"https:\/\/creativecommons.org\/licenses\/by\/3.0\/\" target=\"_blank\" rel=\"noopener\">Licencia CC-BY<\/a>, posiblemente usando un aviso similar al siguiente (incluyendo los enlaces para que los usuarios encuentren a los autores de las obras de arte que usaste):  <\/p>\n\n<div class=\"wp-block-group is-nowrap is-layout-flex wp-container-core-group-is-layout-ad2f72ca wp-block-group-is-layout-flex\">\n<div style=\"height:10px;width:0px\" aria-hidden=\"true\" class=\"wp-block-spacer wp-container-content-728072c3\"><\/div>\n\n\n\n<p><em>Proyecto dise\u00f1ado con <a href=\"\/\">Sweet Home 3D<\/a>. Incluye <a href=\"https:\/\/wp-test-1.sweethome3d.eu\/es\/modelos-3d-gratuitos\/\" data-type=\"page\" data-id=\"4869\">modelos 3D<\/a> y <a href=\"https:\/\/wp-test-1.sweethome3d.eu\/es\/importar-texturas\/\" data-type=\"page\" data-id=\"4928\">texturas<\/a> distribuidos bajo una licencia gratuita. <\/em><\/p>\n<\/div>\n\n<p>El uso y la redistribuci\u00f3n de modelos 3D o texturas que se encuentren en <strong>otros sitios web<\/strong> pueden estar restringidos por la licencia bajo la cual se distribuyen, y depende de ti verificar su licencia. Por ejemplo, los modelos 3D disponibles en <a href=\"https:\/\/www.2d3dmodels.com\/3dmodels.htm\" target=\"_blank\" rel=\"noopener\">Archibit<\/a> se distribuyen bajo la licencia <a href=\"https:\/\/creativecommons.org\/licenses\/by-nc-sa\/2.5\/it\/\" target=\"_blank\" rel=\"noopener\">Creative Commons BY-NC-SA<\/a> que proh\u00edbe el uso de una obra con fines comerciales, mientras que las secciones 1.B y 2.vi de la <a href=\"https:\/\/3dwarehouse.sketchup.com\/tos#license\" target=\"_blank\" rel=\"noopener\">Licencia General de Modelos<\/a> para los modelos disponibles en <a href=\"https:\/\/3dwarehouse.sketchup.com\/\" target=\"_blank\" rel=\"noopener\">Trimble 3D Warehouse<\/a> te permiten usarlos para <em>fines comerciales (incluidos los fines comerciales)<\/em>, pero proh\u00edben <em>agregar cualquier contenido obtenido del Sitio para su redistribuci\u00f3n<\/em>, una condici\u00f3n que impide redistribuir bibliotecas de muebles que contengan modelos de 3D Warehouse. <\/p>\n\n<p>La Licencia P\u00fablica General de GNU tambi\u00e9n te permite redistribuir libremente bajo la misma licencia la versi\u00f3n gratuita de la aplicaci\u00f3n Sweet Home 3D, las aplicaciones Furniture Library Editor y Textures Library Editor, as\u00ed como Sweet Home 3D JS, si proporcionas los t\u00e9rminos de la <a href=\"https:\/\/www.gnu.org\/licenses\/gpl-2.0.txt\" target=\"_blank\" rel=\"noopener\">Licencia P\u00fablica General de GNU<\/a> con ellos y agregas el siguiente aviso de copyright en el lugar apropiado (con un enlace al sitio web <a href=\"\/\">https:\/\/www.sweethome3d.com<\/a> cuando sea posible):<\/p>\n\n<div class=\"wp-block-group is-nowrap is-layout-flex wp-container-core-group-is-layout-ad2f72ca wp-block-group-is-layout-flex\">\n<div style=\"height:10px;width:0px\" aria-hidden=\"true\" class=\"wp-block-spacer wp-container-content-728072c3\"><\/div>\n\n\n\n<p><em><em>Sweet Home 3D, Copyright (c) 2024 Space Mushrooms &lt;info@sweehome3d.com&gt;<\/em><\/em><\/p>\n<\/div>\n\n<p>Esta regla tambi\u00e9n se aplica al uso de <a href=\"https:\/\/sourceforge.net\/projects\/sweethome3d\/files\/SweetHome3D-viewer\/SweetHome3DJSViewer-7.5.2.zip\/download\" target=\"_blank\" rel=\"noopener\">Sweet Home 3D JS Viewer<\/a> o la <a href=\"https:\/\/wp-test-1.sweethome3d.eu\/es\/sweet-home-3d-online-manager\/\" data-type=\"page\" data-id=\"398\">versi\u00f3n en l\u00ednea<\/a> en tu sitio web, que es alg\u00fan tipo de redistribuci\u00f3n.<\/p>\n\n<p><em>Ten en cuenta que la Licencia P\u00fablica General de GNU proh\u00edbe a los desarrolladores que no poseen los derechos de autor de Sweet Home 3D crear programas propietarios derivados de este software o incorporarlo a programas propietarios.<\/em><\/p>\n\n<p><em>Si est\u00e1s interesado en Sweet Home 3D para tal uso, por favor, escribe a <a href=\"mailto:info@sweethome3d.com\">info@sweethome3d.com<\/a> para obtener informaci\u00f3n sobre las otras licencias disponibles que podr\u00edan satisfacer tus necesidades.<\/em><\/p>\n\n<p>Sweet Home 3D tambi\u00e9n incluye las siguientes bibliotecas distribuidas bajo licencias menos restrictivas que GNU GPL:<\/p>\n\n<ul class=\"wp-block-list\">\n<li>Biblioteca Java 3D distribuida bajo <a href=\"https:\/\/www.opensource.org\/licenses\/bsd-license.php\" target=\"_blank\" rel=\"noopener\">licencia BSD<\/a> y <a href=\"https:\/\/openjdk.java.net\/legal\/gplv2+ce.html\" target=\"_blank\" rel=\"noopener\">Licencia P\u00fablica General de GNU con la Excepci\u00f3n de Classpath<\/a>,<\/li>\n\n\n\n<li>Biblioteca <a href=\"https:\/\/java.sun.com\/javase\/technologies\/desktop\/media\/jmf\/\" target=\"_blank\" rel=\"noopener\">Java Media Framework<\/a> distribuida bajo <a href=\"https:\/\/java.sun.com\/javase\/technologies\/desktop\/media\/jmf\/2.1.1\/license.html\" target=\"_blank\" rel=\"noopener\">JMF 2.1.1 Binary Code License<\/a>,<\/li>\n\n\n\n<li>Biblioteca de impresi\u00f3n PDF <a href=\"https:\/\/www.lowagie.com\/iText\/\" target=\"_blank\" rel=\"noopener\">iText<\/a> versi\u00f3n 2.1.7 distribuida bajo la <a href=\"https:\/\/www.gnu.org\/licenses\/old-licenses\/lgpl-2.1.txt\" target=\"_blank\" rel=\"noopener\">Licencia P\u00fablica General Reducida de GNU<\/a>,<\/li>\n\n\n\n<li>Biblioteca de exportaci\u00f3n SVG <a href=\"https:\/\/java.freehep.org\/\" target=\"_blank\" rel=\"noopener\">FreeHep<\/a> distribuida bajo la <a href=\"https:\/\/www.gnu.org\/licenses\/old-licenses\/lgpl-2.1.txt\" target=\"_blank\" rel=\"noopener\">Licencia P\u00fablica General Reducida de GNU<\/a>,<\/li>\n\n\n\n<li><a href=\"https:\/\/xmlgraphics.apache.org\/batik\/\" target=\"_blank\" rel=\"noopener\">Batik<\/a> Biblioteca de <a href=\"https:\/\/xmlgraphics.apache.org\/batik\/\" target=\"_blank\" rel=\"noopener\"><\/a>compilaci\u00f3n de rutas SVG distribuida bajo la <a href=\"https:\/\/xmlgraphics.apache.org\/batik\/license.html\" target=\"_blank\" rel=\"noopener\">Licencia Apache<\/a>,<\/li>\n\n\n\n<li>Biblioteca <a href=\"https:\/\/www.eteks.com\/jeks\/\" target=\"_blank\" rel=\"noopener\">Jeks Parser calculator<\/a> para soporte de expresiones matem\u00e1ticas distribuida bajo la <a href=\"https:\/\/www.gnu.org\/licenses\/old-licenses\/lgpl-2.1.txt\" target=\"_blank\" rel=\"noopener\">Licencia P\u00fablica General Reducida de GNU<\/a>,<\/li>\n\n\n\n<li>Biblioteca de renderizado de iluminaci\u00f3n global <a href=\"https:\/\/sunflow.sourceforge.net\/\" target=\"_blank\" rel=\"noopener\">SunFlow<\/a> distribuida bajo la <a href=\"https:\/\/www.opensource.org\/licenses\/mit-license.php\" target=\"_blank\" rel=\"noopener\">licencia MIT<\/a>,<\/li>\n\n\n\n<li>Biblioteca de renderizado <a href=\"https:\/\/github.com\/YafaRay\" target=\"_blank\" rel=\"noopener\">YafaRay<\/a> distribuida bajo la <a href=\"https:\/\/www.gnu.org\/licenses\/old-licenses\/lgpl-2.1.txt\" target=\"_blank\" rel=\"noopener\">Licencia P\u00fablica General Reducida de GNU<\/a><a href=\"https:\/\/www.opensource.org\/licenses\/mit-license.php\" target=\"_blank\" rel=\"noopener\"><\/a>,<\/li>\n\n\n\n<li>Los <a href=\"https:\/\/wp-test-1.sweethome3d.eu\/es\/modelos-3d-gratuitos\/\" data-type=\"page\" data-id=\"4869\">modelos 3D<\/a> y las texturas disponibles en los cat\u00e1logos de la versi\u00f3n gratuita se distribuyen bajo GNU GPL o <a>Licencia CC-BY<\/a>,<\/li>\n\n\n\n<li>Los <a href=\"https:\/\/wp-test-1.sweethome3d.eu\/es\/modelos-3d-gratuitos\/\" data-type=\"page\" data-id=\"4869\">modelos 3D<\/a> y las <a href=\"https:\/\/wp-test-1.sweethome3d.eu\/es\/importar-texturas\/\" data-type=\"page\" data-id=\"4928\">texturas<\/a> adicionales disponibles en los cat\u00e1logos de las versiones de <a href=\"https:\/\/apps.apple.com\/app\/sweet-home-3d\/id669289700\" target=\"_blank\" rel=\"noopener\">Mac App Store<\/a>, <a href=\"https:\/\/apps.microsoft.com\/detail\/9nblggh2smtq\" target=\"_blank\" rel=\"noopener\">Microsoft Store<\/a> y <a href=\"https:\/\/www.amazon.com\/gp\/product\/B00NLVKPDM\" target=\"_blank\" rel=\"noopener\">Amazon Store<\/a> se distribuyen bajo la <a href=\"https:\/\/artlibre.org\/licence\/lal\/en\" target=\"_blank\" rel=\"noopener\">Licencia de Arte Libre<\/a>, la <a href=\"https:\/\/creativecommons.org\/licenses\/by\/3.0\/\" target=\"_blank\" rel=\"noopener\">Licencia CC-BY<\/a> o est\u00e1n disponibles en el dominio p\u00fablico dependiendo de los modelos.<\/li>\n<\/ul>\n\n<p>Sweet Home 3D JS tambi\u00e9n depende de las siguientes bibliotecas:<\/p>\n\n<ul class=\"wp-block-list\">\n<li>Biblioteca <a href=\"https:\/\/stuk.github.io\/jszip\/\" target=\"_blank\" rel=\"noopener\">JSZip<\/a> distribuida bajo la <a href=\"https:\/\/github.com\/Stuk\/jszip\/blob\/master\/LICENSE.markdown\" target=\"_blank\" rel=\"noopener\">licencia MIT<\/a>,<\/li>\n\n\n\n<li>Biblioteca <a href=\"https:\/\/glmatrix.net\/\" target=\"_blank\" rel=\"noopener\">glMatrix<\/a> distribuida bajo la <a href=\"https:\/\/github.com\/toji\/gl-matrix\/blob\/master\/LICENSE.md\" target=\"_blank\" rel=\"noopener\">licencia MIT<\/a>,<\/li>\n\n\n\n<li>Biblioteca <a href=\"https:\/\/github.com\/MikeMcl\/big.js\/\" target=\"_blank\" rel=\"noopener\">big.js<\/a> distribuida bajo la <a href=\"https:\/\/github.com\/MikeMcl\/big.js\/blob\/main\/LICENCE.md\" target=\"_blank\" rel=\"noopener\">licencia MIT<\/a>,<\/li>\n\n\n\n<li>Biblioteca <a href=\"https:\/\/github.com\/ndebeiss\/jsXmlSaxParser\" target=\"_blank\" rel=\"noopener\">jsXmlSaxParser<\/a> distribuida bajo la <a href=\"https:\/\/raw.githubusercontent.com\/ndebeiss\/jsXmlSaxParser\/master\/LICENSE\" target=\"_blank\" rel=\"noopener\">licencia Apache<\/a>,<\/li>\n\n\n\n<li>Traducci\u00f3n de JavaScript de la clase <code>Triangulator<\/code> en la biblioteca <a href=\"https:\/\/github.com\/hharrison\/java3d-utils\" target=\"_blank\" rel=\"noopener\">Java 3D utils<\/a> distribuida bajo la <a href=\"https:\/\/github.com\/hharrison\/java3d-utils\/blob\/master\/LICENSE.txt\" target=\"_blank\" rel=\"noopener\">licencia BSD<\/a>,<\/li>\n\n\n\n<li>Traducci\u00f3n de JavaScript de la biblioteca de compilaci\u00f3n de rutas SVG <a href=\"https:\/\/xmlgraphics.apache.org\/batik\/\" target=\"_blank\" rel=\"noopener\">Batik<\/a> distribuida bajo la <a href=\"https:\/\/xmlgraphics.apache.org\/batik\/license.html\" target=\"_blank\" rel=\"noopener\">Licencia Apache<\/a>,<\/li>\n\n\n\n<li>Biblioteca <a href=\"https:\/\/github.com\/stleary\/JSON-java\" target=\"_blank\" rel=\"noopener\">JSON.org<\/a> distribuida bajo la <a href=\"https:\/\/github.com\/stleary\/JSON-java\/blob\/master\/LICENSE\" target=\"_blank\" rel=\"noopener\">licencia gratuita de JSON<\/a>,<\/li>\n\n\n\n<li>Traducci\u00f3n de JavaScript de los paquetes <code>java.awt.geom<\/code> y <code>javax.swing.undo<\/code> en la biblioteca <a href=\"https:\/\/openjdk.java.net\/\" target=\"_blank\" rel=\"noopener\">OpenJDK<\/a> distribuida bajo la <a href=\"https:\/\/openjdk.java.net\/legal\/gplv2+ce.html\" target=\"_blank\" rel=\"noopener\">Licencia P\u00fablica General de GNU con la Excepci\u00f3n de Classpath<\/a>.<\/li>\n<\/ul>\n","protected":false},"excerpt":{"rendered":"<p>Sweet Home 3D, Copyright (c) 2024 Space Mushrooms &lt;info@sweethome3d.com&gt; La versi\u00f3n gratuita de la aplicaci\u00f3n Sweet Home 3D, las aplicaciones Furniture Library Editor y Textures Library Editor, as\u00ed como Sweet Home 3D JS se distribuyen bajo la Licencia P\u00fablica General de GNU; puedes usarlos, copiarlos, redistribuirlos y\/o modificarlos bajo los t\u00e9rminos de esa licencia tal [&hellip;]<\/p>\n","protected":false},"author":2,"featured_media":0,"parent":0,"menu_order":0,"comment_status":"closed","ping_status":"closed","template":"","meta":{"inline_featured_image":false,"footnotes":""},"class_list":["post-11846","page","type-page","status-publish","hentry"],"_links":{"self":[{"href":"https:\/\/wp-test-1.sweethome3d.eu\/es\/wp-json\/wp\/v2\/pages\/11846","targetHints":{"allow":["GET"]}}],"collection":[{"href":"https:\/\/wp-test-1.sweethome3d.eu\/es\/wp-json\/wp\/v2\/pages"}],"about":[{"href":"https:\/\/wp-test-1.sweethome3d.eu\/es\/wp-json\/wp\/v2\/types\/page"}],"author":[{"embeddable":true,"href":"https:\/\/wp-test-1.sweethome3d.eu\/es\/wp-json\/wp\/v2\/users\/2"}],"replies":[{"embeddable":true,"href":"https:\/\/wp-test-1.sweethome3d.eu\/es\/wp-json\/wp\/v2\/comments?post=11846"}],"version-history":[{"count":1,"href":"https:\/\/wp-test-1.sweethome3d.eu\/es\/wp-json\/wp\/v2\/pages\/11846\/revisions"}],"predecessor-version":[{"id":11847,"href":"https:\/\/wp-test-1.sweethome3d.eu\/es\/wp-json\/wp\/v2\/pages\/11846\/revisions\/11847"}],"wp:attachment":[{"href":"https:\/\/wp-test-1.sweethome3d.eu\/es\/wp-json\/wp\/v2\/media?parent=11846"}],"curies":[{"name":"wp","href":"https:\/\/api.w.org\/{rel}","templated":true}]}}