{"id":11882,"date":"2025-09-11T08:47:20","date_gmt":"2025-09-11T08:47:20","guid":{"rendered":"https:\/\/wp-test-1.sweethome3d.eu\/politica-de-privacidad\/"},"modified":"2025-11-04T11:18:48","modified_gmt":"2025-11-04T11:18:48","slug":"politica-de-privacidad","status":"publish","type":"page","link":"https:\/\/wp-test-1.sweethome3d.eu\/es\/politica-de-privacidad\/","title":{"rendered":"Pol\u00edtica de privacidad"},"content":{"rendered":"\n<p>Space Mushrooms, el propietario del software y los derechos de autor de Sweet Home 3D, as\u00ed como del sitio web <code>sweethome3d.com<\/code>, no recopila datos privados en el sitio web <code>sweethome3d.com<\/code>, excepto para los usuarios <a href=\"https:\/\/www.sweethome3d.com\/support\/forum\/registermember\" target=\"_blank\" rel=\"noopener\">registrados<\/a> en el <a href=\"https:\/\/www.sweethome3d.com\/support\/forum\/?lang=en\" target=\"_blank\" rel=\"noopener\">foro<\/a>. Los registros de tr\u00e1fico almacenados en el servidor no son p\u00fablicos y <x id=\"gid_4\"><\/x> no muestra publicidad.<br\/>Sin embargo, la mayor\u00eda de las p\u00e1ginas publicadas en el sitio web <x id=\"gid_5\"><\/x> muestran el logotipo de Sourceforge, algunas p\u00e1ginas muestran v\u00eddeos alojados en otros sitios y el foro permite a los usuarios compartir im\u00e1genes alojadas en otros sitios web. Estas im\u00e1genes y v\u00eddeos proceden de <code>sourceforge.net<\/code>, <code>youtube.com<\/code>, <code>dailymotion.com<\/code> y otros servidores web, lo que posiblemente permita a los propietarios de estos sitios web rastrear las visitas de los usuarios al sitio web <code>sweethome3d.com<\/code> a su voluntad.  <\/p>\n\n<p>Para los usuarios registrados, los datos almacenados en <code>sweethome3d.com<\/code> consisten en:<\/p>\n\n<ul class=\"wp-block-list\">\n<li>la informaci\u00f3n proporcionada en el momento del registro (al menos un nombre de usuario, una contrase\u00f1a cifrada y un correo electr\u00f3nico)<\/li>\n\n\n\n<li>sus mensajes publicados en el <a href=\"https:\/\/www.sweethome3d.com\/support\/forum\/?lang=en\" target=\"_blank\" rel=\"noopener\">foro<\/a><\/li>\n\n\n\n<li>las casas en l\u00ednea que crearon en <a href=\"https:\/\/wp-test-1.sweethome3d.eu\/es\/sweet-home-3d-online-manager\/\" data-type=\"page\" data-id=\"398\">Sweet Home 3D Online<\/a> o exportaron en el <a href=\"https:\/\/wp-test-1.sweethome3d.eu\/es\/gestor-de-casas-exportadas\/\" data-type=\"page\" data-id=\"4976\">Administrador de casas exportadas<\/a>.<\/li>\n<\/ul>\n\n<p>Los datos de las casas son privados a menos que el usuario acepte expl\u00edcitamente compartirlos p\u00fablicamente. Cada usuario puede recuperar sus propios datos por s\u00ed mismo o solicitar su eliminaci\u00f3n si es necesario, escribiendo a <a href=\"mailto:info@sweethome3d.com\">info@sweethome3d.com<\/a>. Space Mushrooms garantiza que se tomar\u00e1n todas las medidas necesarias para asegurar que los datos de las casas de los usuarios gestionados bajo la anterior propiedad del sitio web de eTeks nunca se utilicen para ning\u00fan prop\u00f3sito sin informar a los usuarios.  <\/p>\n\n<p><strong>Aplicaciones distribuidas a trav\u00e9s de tiendas de terceros<\/strong><br\/>La informaci\u00f3n sobre los usuarios que descargan e instalan Sweet Home 3D o Sweet Home 3D Mobile desde la Mac App Store, App Store, Microsoft Store, Google Play o Amazon es gestionada principalmente por estas empresas. Space Mushrooms no recibe datos de identificaci\u00f3n personal sobre los usuarios de estas plataformas. <\/p>\n\n<p><strong>An\u00e1lisis y seguimiento en aplicaciones<\/strong><br\/>Nuestras versiones de Sweet Home 3D para iOS y macOS incluyen Firebase Analytics para mejorar la aplicaci\u00f3n. Firebase Analytics recopila datos como estad\u00edsticas an\u00f3nimas de uso de la aplicaci\u00f3n e informes de fallos. Estos datos no est\u00e1n vinculados a su identidad y se utilizan \u00fanicamente para mejorar la funcionalidad de la aplicaci\u00f3n y la experiencia del usuario. No recopilamos datos personales, como nombres o correos electr\u00f3nicos, a trav\u00e9s de Firebase.   <\/p>\n\n<p>Consulte tambi\u00e9n el <a href=\"https:\/\/wp-test-1.sweethome3d.eu\/es\/politica-de-privacidad\/\" data-type=\"page\" data-id=\"3\">aviso legal<\/a> para obtener m\u00e1s informaci\u00f3n sobre Space Mushrooms y Sweet Home 3D.<\/p>\n","protected":false},"excerpt":{"rendered":"<p>Space Mushrooms, el propietario del software y los derechos de autor de Sweet Home 3D, as\u00ed como del sitio web sweethome3d.com, no recopila datos privados en el sitio web sweethome3d.com, excepto para los usuarios registrados en el foro. Los registros de tr\u00e1fico almacenados en el servidor no son p\u00fablicos y no muestra publicidad.Sin embargo, la [&hellip;]<\/p>\n","protected":false},"author":1,"featured_media":0,"parent":0,"menu_order":0,"comment_status":"closed","ping_status":"open","template":"","meta":{"inline_featured_image":false,"footnotes":""},"class_list":["post-11882","page","type-page","status-publish","hentry"],"_links":{"self":[{"href":"https:\/\/wp-test-1.sweethome3d.eu\/es\/wp-json\/wp\/v2\/pages\/11882","targetHints":{"allow":["GET"]}}],"collection":[{"href":"https:\/\/wp-test-1.sweethome3d.eu\/es\/wp-json\/wp\/v2\/pages"}],"about":[{"href":"https:\/\/wp-test-1.sweethome3d.eu\/es\/wp-json\/wp\/v2\/types\/page"}],"author":[{"embeddable":true,"href":"https:\/\/wp-test-1.sweethome3d.eu\/es\/wp-json\/wp\/v2\/users\/1"}],"replies":[{"embeddable":true,"href":"https:\/\/wp-test-1.sweethome3d.eu\/es\/wp-json\/wp\/v2\/comments?post=11882"}],"version-history":[{"count":1,"href":"https:\/\/wp-test-1.sweethome3d.eu\/es\/wp-json\/wp\/v2\/pages\/11882\/revisions"}],"predecessor-version":[{"id":11883,"href":"https:\/\/wp-test-1.sweethome3d.eu\/es\/wp-json\/wp\/v2\/pages\/11882\/revisions\/11883"}],"wp:attachment":[{"href":"https:\/\/wp-test-1.sweethome3d.eu\/es\/wp-json\/wp\/v2\/media?parent=11882"}],"curies":[{"name":"wp","href":"https:\/\/api.w.org\/{rel}","templated":true}]}}