{"id":6212,"date":"2025-09-19T09:07:08","date_gmt":"2025-09-19T09:07:08","guid":{"rendered":"https:\/\/wp-test-1.sweethome3d.eu\/donaciones\/"},"modified":"2025-11-11T14:40:07","modified_gmt":"2025-11-11T14:40:07","slug":"donaciones","status":"publish","type":"page","link":"https:\/\/wp-test-1.sweethome3d.eu\/es\/donaciones\/","title":{"rendered":"Donaciones"},"content":{"rendered":"\n<p class=\"has-text-align-center\">\u00bf<a href=\"\/\" data-action=\"wce_test\">Sweet Home 3D<\/a> te ha ayudado con \u00e9xito en tu proyecto?<br\/>\u00bfTe gusta el soporte ofrecido por este sitio web?<br\/>\u00bfAgradeces la falta de anuncios en este sitio?<\/p>\n\n<p class=\"has-text-align-center\">\u00a1Entonces&#8230; no lo dudes m\u00e1s! Ayuda a <a href=\"https:\/\/wp-test-1.sweethome3d.eu\/es\/descargar\/\" data-type=\"page\" data-id=\"396\" data-action=\"wce_test\">Sweet Home 3D<\/a> y dona a este proyecto.<br\/>Ser\u00e1 muy apreciado. <\/p>\n\n<p class=\"has-text-align-center\">Solo tienes que introducir la cantidad de tu donaci\u00f3n a continuaci\u00f3n<br\/>y hacer clic en el bot\u00f3n de Paypal <em>Donar<\/em>.<\/p>\n\n\n\t<div id=\"donate-button-container\" style=\"text-align:center; margin:2rem 0;\">\n\t\t<div id=\"donate-button\"><\/div>\n\t\t<script src=\"https:\/\/www.paypalobjects.com\/donate\/sdk\/donate-sdk.js\" charset=\"UTF-8\"><\/script>\n\t\t<script>\n\t\t\tPayPal.Donation.Button({\n\t\t\t\tenv: 'production',\n\t\t\t\thosted_button_id: 'Q2F4V9B6WMY7N',\n\t\t\t\timage: {\n\t\t\t\t\tsrc: 'https:\/\/wp-test-1.sweethome3d.eu\/wp-content\/themes\/sh3d\/assets\/img\/paypal\/btn_donateCC_LG_en_US.gif',\n\t\t\t\t\talt: 'Donate with PayPal button',\n\t\t\t\t\ttitle: 'PayPal - The safer, easier way to pay online!'\n\t\t\t\t}\n\t\t\t}).render('#donate-button');\n\t\t<\/script>\n\t<\/div>\n\n\t\n","protected":false},"excerpt":{"rendered":"<p>\u00bfSweet Home 3D te ha ayudado con \u00e9xito en tu proyecto?\u00bfTe gusta el soporte ofrecido por este sitio web?\u00bfAgradeces la falta de anuncios en este sitio? \u00a1Entonces&#8230; no lo dudes m\u00e1s! Ayuda a Sweet Home 3D y dona a este proyecto.Ser\u00e1 muy apreciado. Solo tienes que introducir la cantidad de tu donaci\u00f3n a continuaci\u00f3ny hacer [&hellip;]<\/p>\n","protected":false},"author":2,"featured_media":0,"parent":0,"menu_order":0,"comment_status":"closed","ping_status":"closed","template":"","meta":{"inline_featured_image":false,"footnotes":""},"class_list":["post-6212","page","type-page","status-publish","hentry"],"_links":{"self":[{"href":"https:\/\/wp-test-1.sweethome3d.eu\/es\/wp-json\/wp\/v2\/pages\/6212","targetHints":{"allow":["GET"]}}],"collection":[{"href":"https:\/\/wp-test-1.sweethome3d.eu\/es\/wp-json\/wp\/v2\/pages"}],"about":[{"href":"https:\/\/wp-test-1.sweethome3d.eu\/es\/wp-json\/wp\/v2\/types\/page"}],"author":[{"embeddable":true,"href":"https:\/\/wp-test-1.sweethome3d.eu\/es\/wp-json\/wp\/v2\/users\/2"}],"replies":[{"embeddable":true,"href":"https:\/\/wp-test-1.sweethome3d.eu\/es\/wp-json\/wp\/v2\/comments?post=6212"}],"version-history":[{"count":1,"href":"https:\/\/wp-test-1.sweethome3d.eu\/es\/wp-json\/wp\/v2\/pages\/6212\/revisions"}],"predecessor-version":[{"id":6213,"href":"https:\/\/wp-test-1.sweethome3d.eu\/es\/wp-json\/wp\/v2\/pages\/6212\/revisions\/6213"}],"wp:attachment":[{"href":"https:\/\/wp-test-1.sweethome3d.eu\/es\/wp-json\/wp\/v2\/media?parent=6212"}],"curies":[{"name":"wp","href":"https:\/\/api.w.org\/{rel}","templated":true}]}}