{"id":6427,"date":"2025-09-18T11:00:31","date_gmt":"2025-09-18T11:00:31","guid":{"rendered":"https:\/\/wp-test-1.sweethome3d.eu\/sweet-home-3d-online-manager\/"},"modified":"2025-11-07T13:09:15","modified_gmt":"2025-11-07T13:09:15","slug":"sweet-home-3d-online-manager","status":"publish","type":"page","link":"https:\/\/wp-test-1.sweethome3d.eu\/es\/sweet-home-3d-online-manager\/","title":{"rendered":"Sweet Home 3D Online Manager"},"content":{"rendered":"<h2 class=\"wp-block-heading has-text-align-center\" id=\"disena-el-plano-de-tu-casa-desde-tu-navegador\">Dise\u00f1a el plano de tu casa desde tu navegador<\/h2><h3 class=\"wp-block-heading has-text-align-center\" id=\"prueba-sweet-home-3d-js-online-como-version-demo\">Prueba Sweet Home 3D JS online como versi\u00f3n demo<\/h3><div class=\"wp-block-image\">\n<figure class=\"aligncenter size-full\"><img loading=\"lazy\" decoding=\"async\" width=\"128\" height=\"74\" src=\"https:\/\/wp-test-1.sweethome3d.eu\/wp-content\/uploads\/2025\/09\/smartphoneTabletComputer.png\" alt=\"\" class=\"wp-image-496\"\/><\/figure>\n<\/div>\n<p class=\"has-text-align-center\"><strong>Sweet Home 3D Online Manager<\/strong> es un potente <strong>servicio de dise\u00f1o de interiores<\/strong> que te permite dise\u00f1ar el <strong>plano de tu casa<\/strong> online directamente desde tu navegador, sin necesidad de instalaci\u00f3n. La versi\u00f3n online ofrece la posibilidad de probar Sweet Home 3D antes de descargarlo. <\/p>\n\n<p class=\"has-text-align-center\"><a href=\"https:\/\/www.sweethome3d.com\/SweetHome3DJSOnline.jsp\" data-type=\"link\" data-id=\"https:\/\/www.sweethome3d.com\/SweetHome3DJSOnline.jsp\" data-action=\"wce_online_testonline_hyperlink\" target=\"_blank\" rel=\"noopener\">Prueba Sweet Home 3D JS Online como versi\u00f3n demo<\/a><\/p>\n\n<p class=\"has-text-align-center\">Si utilizas la versi\u00f3n de Sweet Home 3D disponible para <a href=\"https:\/\/wp-test-1.sweethome3d.eu\/es\/descargar\/\" data-type=\"page\" data-id=\"396\">descargar<\/a>, tambi\u00e9n puedes <a href=\"https:\/\/wp-test-1.sweethome3d.eu\/es\/guia-del-usuario-de-sweet-home-3d\/#importing-home-blueprint\" data-type=\"link\" data-id=\"https:\/\/wp-test-1.sweethome3d.eu\/users-guide\/#importing-home-blueprint\">importar<\/a> el archivo de la casa que dise\u00f1aste, <a href=\"https:\/\/wp-test-1.sweethome3d.eu\/es\/guia-del-usuario-de-sweet-home-3d\/#editing-3d-view\" data-type=\"link\" data-id=\"https:\/\/wp-test-1.sweethome3d.eu\/users-guide\/#editing-3d-view\">verlo en 2D \/ 3D<\/a>, modificarlo y <a href=\"https:\/\/wp-test-1.sweethome3d.eu\/es\/guia-del-usuario-de-sweet-home-3d\/#export-to-obj-format\" data-type=\"link\" data-id=\"https:\/\/wp-test-1.sweethome3d.eu\/users-guide\/#export-to-obj-format\">exportarlo<\/a> con esta herramienta, lo que lo convierte en un pr\u00e1ctico <strong>generador de planos<\/strong> y <strong>software de dibujo de interiores<\/strong>.<\/p>\n\n<p class=\"has-text-align-center\"><a href=\"#download\" data-type=\"internal\" data-id=\"#download\">Descarga la versi\u00f3n completa<\/a> para acceder a m\u00e1s de 10.000 <a href=\"https:\/\/wp-test-1.sweethome3d.eu\/es\/importar-modelos-en-sweet-home-3d-anadir-muebles-y-objetos-3d-personalizados\/\" data-type=\"page\" data-id=\"432\">modelos 3D<\/a>, 400 <a href=\"https:\/\/wp-test-1.sweethome3d.eu\/es\/importar-texturas\/\" data-type=\"page\" data-id=\"4928\">texturas<\/a> y la capacidad de agregar funcionalidades \u00fanicas para una <a href=\"https:\/\/wp-test-1.sweethome3d.eu\/es\/guia-del-usuario-de-sweet-home-3d\/#starting-a-new-home\" data-type=\"link\" data-id=\"https:\/\/wp-test-1.sweethome3d.eu\/users-guide\/#starting-a-new-home\">experiencia de dise\u00f1o<\/a> verdaderamente personalizada.<\/p>\n\n<div class=\"wp-block-buttons is-content-justification-center is-layout-flex wp-container-core-buttons-is-layout-16018d1d wp-block-buttons-is-layout-flex\">\n<div class=\"wp-block-button\" data-page=\"online\" data-append-os=\"true\"><a class=\"wp-block-button__link wp-element-button\" href=\"#download\"><img loading=\"lazy\" decoding=\"async\" width=\"21\" height=\"21\" class=\"wp-image-390\" style=\"width: 21px;\" src=\"http:\/\/wp-test-1.sweethome3d.eu\/wp-content\/uploads\/2025\/09\/download-bottom.svg\" alt=\"\"\/> Descarga Sweet Home 3D<\/a><\/div>\n<\/div>\n<h3 class=\"wp-block-heading has-text-align-center\" id=\"como-usar-sweet-home-3d-js-online\">C\u00f3mo usar Sweet Home 3D JS online<\/h3>\n<p class=\"has-text-align-center\"><strong>Sweet Home 3D Online Manager<\/strong> es un servicio que te permite dise\u00f1ar los <strong>planos de tu casa<\/strong> online con cualquier navegador compatible con <a href=\"https:\/\/caniuse.com\/webgl\" target=\"_blank\" rel=\"noopener\">WebGL<\/a>.<\/p>\n\n<p class=\"has-text-align-center\">Puedes probar este servicio haciendo clic en el enlace de abajo, pero si quieres poder <strong>guardar<\/strong> tu dise\u00f1o, primero <a href=\"https:\/\/www.sweethome3d.com\/support\/forum\/registermember\" target=\"_blank\" rel=\"noopener\">reg\u00edstrate<\/a> gratis y luego <a href=\"https:\/\/www.sweethome3d.com\/support\/forum\/login?url=https%3A%2F%2Fwww.sweethome3d.com%2FSweetHome3DOnlineManager.jsp&amp;forumLogin=false&amp;lang=en\" target=\"_blank\" rel=\"noopener\">inicia sesi\u00f3n<\/a>.<\/p>\n<div class=\"wp-block-image\">\n<figure class=\"aligncenter size-large is-resized\" data-action=\"wce_online_picture\"><img loading=\"lazy\" decoding=\"async\" width=\"1024\" height=\"768\" src=\"https:\/\/wp-test-1.sweethome3d.eu\/wp-content\/uploads\/2025\/09\/SweetHome3DJSOnlineWindows-1024x768.jpg\" alt=\"Sweet Home 3D Online Manager\" class=\"wp-image-498\" style=\"width:600px\" srcset=\"https:\/\/wp-test-1.sweethome3d.eu\/wp-content\/uploads\/2025\/09\/SweetHome3DJSOnlineWindows-1024x768.jpg 1024w, https:\/\/wp-test-1.sweethome3d.eu\/wp-content\/uploads\/2025\/09\/SweetHome3DJSOnlineWindows-173x130.jpg 173w, https:\/\/wp-test-1.sweethome3d.eu\/wp-content\/uploads\/2025\/09\/SweetHome3DJSOnlineWindows-360x270.jpg 360w, https:\/\/wp-test-1.sweethome3d.eu\/wp-content\/uploads\/2025\/09\/SweetHome3DJSOnlineWindows-768x576.jpg 768w, https:\/\/wp-test-1.sweethome3d.eu\/wp-content\/uploads\/2025\/09\/SweetHome3DJSOnlineWindows-400x300.jpg 400w, https:\/\/wp-test-1.sweethome3d.eu\/wp-content\/uploads\/2025\/09\/SweetHome3DJSOnlineWindows-120x90.jpg 120w, https:\/\/wp-test-1.sweethome3d.eu\/wp-content\/uploads\/2025\/09\/SweetHome3DJSOnlineWindows.jpg 1200w\" sizes=\"auto, (max-width: 1024px) 100vw, 1024px\" \/><\/figure>\n<\/div>","protected":false},"excerpt":{"rendered":"<p>Dise\u00f1a el plano de tu casa desde tu navegador Prueba Sweet Home 3D JS online como versi\u00f3n demo Sweet Home 3D Online Manager es un potente servicio de dise\u00f1o de interiores que te permite dise\u00f1ar el plano de tu casa online directamente desde tu navegador, sin necesidad de instalaci\u00f3n. La versi\u00f3n online ofrece la posibilidad [&hellip;]<\/p>\n","protected":false},"author":2,"featured_media":6426,"parent":0,"menu_order":0,"comment_status":"closed","ping_status":"closed","template":"","meta":{"inline_featured_image":false,"footnotes":""},"class_list":["post-6427","page","type-page","status-publish","has-post-thumbnail","hentry"],"_links":{"self":[{"href":"https:\/\/wp-test-1.sweethome3d.eu\/es\/wp-json\/wp\/v2\/pages\/6427","targetHints":{"allow":["GET"]}}],"collection":[{"href":"https:\/\/wp-test-1.sweethome3d.eu\/es\/wp-json\/wp\/v2\/pages"}],"about":[{"href":"https:\/\/wp-test-1.sweethome3d.eu\/es\/wp-json\/wp\/v2\/types\/page"}],"author":[{"embeddable":true,"href":"https:\/\/wp-test-1.sweethome3d.eu\/es\/wp-json\/wp\/v2\/users\/2"}],"replies":[{"embeddable":true,"href":"https:\/\/wp-test-1.sweethome3d.eu\/es\/wp-json\/wp\/v2\/comments?post=6427"}],"version-history":[{"count":7,"href":"https:\/\/wp-test-1.sweethome3d.eu\/es\/wp-json\/wp\/v2\/pages\/6427\/revisions"}],"predecessor-version":[{"id":12655,"href":"https:\/\/wp-test-1.sweethome3d.eu\/es\/wp-json\/wp\/v2\/pages\/6427\/revisions\/12655"}],"wp:featuredmedia":[{"embeddable":true,"href":"https:\/\/wp-test-1.sweethome3d.eu\/es\/wp-json\/wp\/v2\/media\/6426"}],"wp:attachment":[{"href":"https:\/\/wp-test-1.sweethome3d.eu\/es\/wp-json\/wp\/v2\/media?parent=6427"}],"curies":[{"name":"wp","href":"https:\/\/api.w.org\/{rel}","templated":true}]}}