{"id":8824,"date":"2025-09-18T11:52:42","date_gmt":"2025-09-18T11:52:42","guid":{"rendered":"https:\/\/wp-test-1.sweethome3d.eu\/funciones-de-sweet-home-3d\/"},"modified":"2025-11-05T11:04:12","modified_gmt":"2025-11-05T11:04:12","slug":"funciones-de-sweet-home-3d","status":"publish","type":"page","link":"https:\/\/wp-test-1.sweethome3d.eu\/es\/funciones-de-sweet-home-3d\/","title":{"rendered":"Funciones de Sweet Home 3D"},"content":{"rendered":"<h2 class=\"wp-block-heading has-text-align-center\" id=\"descubre-las-principales-funciones-de-sweet-home-3d\">Descubre las principales funciones de Sweet Home 3D<\/h2>\n<p class=\"has-text-align-center\">Descubre las principales funciones que ofrece <strong><a href=\"https:\/\/wp-test-1.sweethome3d.eu\/es\/descargar\/\" data-type=\"page\" data-id=\"396\">Sweet Home 3D<\/a><\/strong>,<br\/>una aplicaci\u00f3n gratuita de dise\u00f1o de interiores disponible en <a href=\"https:\/\/www.sweethome3d.com\/\" target=\"_blank\" rel=\"noopener\">https:\/\/www.sweethome3d.com<\/a>.<\/p>\n\n<p class=\"has-text-align-center\">Sweet Home 3D es un software potente y f\u00e1cil de usar que te ayuda a crear planos detallados y dise\u00f1os de interiores con estilo. Ya seas un profesional o un aficionado, esta herramienta tiene todo lo necesario para que dise\u00f1es con eficiencia. <\/p>\n<div class=\"wp-block-image\">\n<figure class=\"aligncenter size-full\"><img loading=\"lazy\" decoding=\"async\" width=\"393\" height=\"266\" src=\"https:\/\/wp-test-1.sweethome3d.eu\/wp-content\/uploads\/2025\/09\/SweetHome3DSmall.jpg\" alt=\"Funciones de Sweet Home 3D\" class=\"wp-image-501\" srcset=\"https:\/\/wp-test-1.sweethome3d.eu\/wp-content\/uploads\/2025\/09\/SweetHome3DSmall.jpg 393w, https:\/\/wp-test-1.sweethome3d.eu\/wp-content\/uploads\/2025\/09\/SweetHome3DSmall-192x130.jpg 192w, https:\/\/wp-test-1.sweethome3d.eu\/wp-content\/uploads\/2025\/09\/SweetHome3DSmall-360x244.jpg 360w, https:\/\/wp-test-1.sweethome3d.eu\/wp-content\/uploads\/2025\/09\/SweetHome3DSmall-133x90.jpg 133w\" sizes=\"auto, (max-width: 393px) 100vw, 393px\" \/><\/figure>\n<\/div>\n<div style=\"height:50px\" aria-hidden=\"true\" class=\"wp-block-spacer\"><\/div>\n<h3 class=\"wp-block-heading has-text-align-center\" id=\"dibujar-paredes-y-crear-planos-precisos\">Dibujar paredes y crear planos precisos<\/h3>\n<hr class=\"wp-block-separator has-alpha-channel-opacity is-style-default\"\/>\n\n<div class=\"wp-block-group is-nowrap is-layout-flex wp-container-core-group-is-layout-ad2f72ca wp-block-group-is-layout-flex\">\n<div class=\"wp-block-group is-nowrap is-layout-flex wp-container-core-group-is-layout-ad2f72ca wp-block-group-is-layout-flex\">\n<p><strong>Dibuja<\/strong> <strong><a href=\"https:\/\/wp-test-1.sweethome3d.eu\/es\/guia-del-usuario-de-sweet-home-3d\/#drawing-walls\" data-type=\"link\" data-id=\"https:\/\/wp-test-1.sweethome3d.eu\/users-guide\/#drawing-walls\">paredes<\/a><\/strong> rectas, curvas o inclinadas con medidas exactas usando el rat\u00f3n o el teclado.<\/p>\n<\/div>\n\n\n\n<figure class=\"wp-block-image size-full is-resized\"><img loading=\"lazy\" decoding=\"async\" width=\"275\" height=\"100\" src=\"https:\/\/wp-test-1.sweethome3d.eu\/wp-content\/uploads\/2025\/09\/drawWalls.png\" alt=\"\" class=\"wp-image-504\" style=\"width:275px\" srcset=\"https:\/\/wp-test-1.sweethome3d.eu\/wp-content\/uploads\/2025\/09\/drawWalls.png 275w, https:\/\/wp-test-1.sweethome3d.eu\/wp-content\/uploads\/2025\/09\/drawWalls-248x90.png 248w\" sizes=\"auto, (max-width: 275px) 100vw, 275px\" \/><\/figure>\n<\/div>\n\n<hr class=\"wp-block-separator has-alpha-channel-opacity\"\/>\n\n<div class=\"wp-block-group is-nowrap is-layout-flex wp-container-core-group-is-layout-ad2f72ca wp-block-group-is-layout-flex\">\n<figure class=\"wp-block-image size-full is-resized\"><img loading=\"lazy\" decoding=\"async\" width=\"275\" height=\"100\" src=\"https:\/\/wp-test-1.sweethome3d.eu\/wp-content\/uploads\/2025\/09\/annotate.png\" alt=\"\" class=\"wp-image-505\" style=\"width:275px\" srcset=\"https:\/\/wp-test-1.sweethome3d.eu\/wp-content\/uploads\/2025\/09\/annotate.png 275w, https:\/\/wp-test-1.sweethome3d.eu\/wp-content\/uploads\/2025\/09\/annotate-248x90.png 248w\" sizes=\"auto, (max-width: 275px) 100vw, 275px\" \/><\/figure>\n\n\n\n<p><strong>Anota el plano<\/strong> con <a href=\"https:\/\/wp-test-1.sweethome3d.eu\/es\/guia-del-usuario-de-sweet-home-3d\/#drawing-rooms\" data-type=\"link\" data-id=\"https:\/\/wp-test-1.sweethome3d.eu\/users-guide\/#drawing-rooms\">\u00e1reas<\/a>, <a href=\"https:\/\/wp-test-1.sweethome3d.eu\/es\/guia-del-usuario-de-sweet-home-3d\/#drawing-dimensions\">cotas<\/a>, <a href=\"https:\/\/wp-test-1.sweethome3d.eu\/es\/guia-del-usuario-de-sweet-home-3d\/#adding-texts\" data-type=\"link\" data-id=\"https:\/\/wp-test-1.sweethome3d.eu\/users-guide\/#adding-texts\">textos<\/a>, flechas y muestra el norte con una rosa de los vientos.<\/p>\n<\/div>\n<h3 class=\"wp-block-heading has-text-align-center\" id=\"insertar-puertas-ventanas-muebles-y-personalizar-cada-habitacion\">Insertar puertas, ventanas, muebles y personalizar cada habitaci\u00f3n<\/h3>\n<hr class=\"wp-block-separator has-alpha-channel-opacity\"\/>\n\n<div class=\"wp-block-group is-nowrap is-layout-flex wp-container-core-group-is-layout-ad2f72ca wp-block-group-is-layout-flex\">\n<p><strong>Arrastra y suelta <a href=\"https:\/\/wp-test-1.sweethome3d.eu\/es\/guia-del-usuario-de-sweet-home-3d\/#adding-doors-windows-and-furniture\">puertas y ventanas<\/a><\/strong> obre los muros para crear aberturas autom\u00e1ticamente con <a href=\"https:\/\/wp-test-1.sweethome3d.eu\/es\/descargar\/\" data-type=\"page\" data-id=\"396\">Sweet Home 3D.<\/a><\/p>\n\n\n\n<figure class=\"wp-block-image size-full is-resized\"><img loading=\"lazy\" decoding=\"async\" width=\"275\" height=\"100\" src=\"https:\/\/wp-test-1.sweethome3d.eu\/wp-content\/uploads\/2025\/09\/insertDoors.png\" alt=\"\" class=\"wp-image-506\" style=\"width:275px\" srcset=\"https:\/\/wp-test-1.sweethome3d.eu\/wp-content\/uploads\/2025\/09\/insertDoors.png 275w, https:\/\/wp-test-1.sweethome3d.eu\/wp-content\/uploads\/2025\/09\/insertDoors-248x90.png 248w\" sizes=\"auto, (max-width: 275px) 100vw, 275px\" \/><\/figure>\n<\/div>\n\n<hr class=\"wp-block-separator has-alpha-channel-opacity\"\/>\n\n<div class=\"wp-block-group is-nowrap is-layout-flex wp-container-core-group-is-layout-ad2f72ca wp-block-group-is-layout-flex\">\n<figure class=\"wp-block-image size-full is-resized\"><img loading=\"lazy\" decoding=\"async\" width=\"275\" height=\"100\" src=\"https:\/\/wp-test-1.sweethome3d.eu\/wp-content\/uploads\/2025\/09\/addFurniture.png\" alt=\"\" class=\"wp-image-507\" style=\"width:275px\" srcset=\"https:\/\/wp-test-1.sweethome3d.eu\/wp-content\/uploads\/2025\/09\/addFurniture.png 275w, https:\/\/wp-test-1.sweethome3d.eu\/wp-content\/uploads\/2025\/09\/addFurniture-248x90.png 248w\" sizes=\"auto, (max-width: 275px) 100vw, 275px\" \/><\/figure>\n\n\n\n<p><strong><a href=\"https:\/\/wp-test-1.sweethome3d.eu\/es\/guia-del-usuario-de-sweet-home-3d\/#adding-doors-windows-and-furniture\">A\u00f1ade muebles<\/a><\/strong> desde un cat\u00e1logo ampliable organizado por categor\u00edas como cocina, sal\u00f3n, dormitorio, ba\u00f1o&#8230;<\/p>\n<\/div>\n\n<hr class=\"wp-block-separator has-alpha-channel-opacity\"\/>\n\n<div class=\"wp-block-group is-nowrap is-layout-flex wp-container-core-group-is-layout-ad2f72ca wp-block-group-is-layout-flex\">\n<p><strong><a href=\"https:\/\/wp-test-1.sweethome3d.eu\/es\/guia-del-usuario-de-sweet-home-3d\/#adding-doors-windows-and-furniture\">Cambia color<\/a>, textura<\/strong>, tama\u00f1o, grosor, posici\u00f3n y orientaci\u00f3n de muebles, paredes, suelos y techos.<br\/><\/p>\n\n\n\n<figure class=\"wp-block-image size-full is-resized\"><img loading=\"lazy\" decoding=\"async\" width=\"275\" height=\"100\" src=\"https:\/\/wp-test-1.sweethome3d.eu\/wp-content\/uploads\/2025\/09\/changeTexture.png\" alt=\"\" class=\"wp-image-508\" style=\"width:275px\" srcset=\"https:\/\/wp-test-1.sweethome3d.eu\/wp-content\/uploads\/2025\/09\/changeTexture.png 275w, https:\/\/wp-test-1.sweethome3d.eu\/wp-content\/uploads\/2025\/09\/changeTexture-248x90.png 248w\" sizes=\"auto, (max-width: 275px) 100vw, 275px\" \/><\/figure>\n<\/div>\n<h3 class=\"wp-block-heading has-text-align-center\" id=\"ver-disenos-en-2d-y-3d\">Ver dise\u00f1os en 2D y 3D<\/h3>\n<hr class=\"wp-block-separator has-alpha-channel-opacity\"\/>\n\n<div class=\"wp-block-group is-nowrap is-layout-flex wp-container-core-group-is-layout-ad2f72ca wp-block-group-is-layout-flex\">\n<figure class=\"wp-block-image size-full is-resized\"><img loading=\"lazy\" decoding=\"async\" width=\"275\" height=\"100\" src=\"https:\/\/wp-test-1.sweethome3d.eu\/wp-content\/uploads\/2025\/09\/view3D.png\" alt=\"\" class=\"wp-image-509\" style=\"width:275px\" srcset=\"https:\/\/wp-test-1.sweethome3d.eu\/wp-content\/uploads\/2025\/09\/view3D.png 275w, https:\/\/wp-test-1.sweethome3d.eu\/wp-content\/uploads\/2025\/09\/view3D-248x90.png 248w\" sizes=\"auto, (max-width: 275px) 100vw, 275px\" \/><\/figure>\n\n\n\n<p>Mientras dise\u00f1as la casa en 2D, puedes ver <strong>simult\u00e1neamente<\/strong> el resultado<strong><a href=\"https:\/\/wp-test-1.sweethome3d.eu\/es\/guia-del-usuario-de-sweet-home-3d\/#editing-3d-view\"> en 3D<\/a><\/strong> desde una vista a\u00e9rea o moverte como visitante virtual.<\/p>\n<\/div>\n\n<hr class=\"wp-block-separator has-alpha-channel-opacity\"\/>\n\n<div class=\"wp-block-group is-nowrap is-layout-flex wp-container-core-group-is-layout-ad2f72ca wp-block-group-is-layout-flex\">\n<p><strong>Crea <a href=\"https:\/\/wp-test-1.sweethome3d.eu\/es\/guia-del-usuario-de-sweet-home-3d\/#creating-photos-of-the-3d-view\">im\u00e1genes<\/a><\/strong> <strong>y <a href=\"https:\/\/wp-test-1.sweethome3d.eu\/es\/guia-del-usuario-de-sweet-home-3d\/#creating-3d-videos\">v\u00eddeos<\/a><\/strong> fotorrealistas, personalizando la luz y el efecto solar seg\u00fan la hora del d\u00eda y la ubicaci\u00f3n geogr\u00e1fica.<\/p>\n\n\n\n<figure class=\"wp-block-image size-full is-resized\"><img loading=\"lazy\" decoding=\"async\" width=\"275\" height=\"100\" src=\"https:\/\/wp-test-1.sweethome3d.eu\/wp-content\/uploads\/2025\/09\/createPhoto.jpg\" alt=\"\" class=\"wp-image-510\" style=\"width:275px\" srcset=\"https:\/\/wp-test-1.sweethome3d.eu\/wp-content\/uploads\/2025\/09\/createPhoto.jpg 275w, https:\/\/wp-test-1.sweethome3d.eu\/wp-content\/uploads\/2025\/09\/createPhoto-248x90.jpg 248w\" sizes=\"auto, (max-width: 275px) 100vw, 275px\" \/><\/figure>\n<\/div>\n<h3 class=\"wp-block-heading has-text-align-center\" id=\"importar-y-exportar\">Importar y exportar<\/h3>\n<hr class=\"wp-block-separator has-alpha-channel-opacity\"\/>\n\n<div class=\"wp-block-group is-nowrap is-layout-flex wp-container-core-group-is-layout-ad2f72ca wp-block-group-is-layout-flex\">\n<figure class=\"wp-block-image size-full is-resized\"><img loading=\"lazy\" decoding=\"async\" width=\"275\" height=\"100\" src=\"https:\/\/wp-test-1.sweethome3d.eu\/wp-content\/uploads\/2025\/09\/importFurniture.png\" alt=\"\" class=\"wp-image-511\" style=\"width:275px\" srcset=\"https:\/\/wp-test-1.sweethome3d.eu\/wp-content\/uploads\/2025\/09\/importFurniture.png 275w, https:\/\/wp-test-1.sweethome3d.eu\/wp-content\/uploads\/2025\/09\/importFurniture-248x90.png 248w\" sizes=\"auto, (max-width: 275px) 100vw, 275px\" \/><\/figure>\n\n\n\n<p><a href=\"https:\/\/wp-test-1.sweethome3d.eu\/es\/guia-del-usuario-de-sweet-home-3d\/#importing-home-blueprint\"><strong>Importa<\/strong> el plano de la casa<\/a> para <a href=\"https:\/\/wp-test-1.sweethome3d.eu\/es\/guia-del-usuario-de-sweet-home-3d\/#drawing-walls\" data-type=\"link\" data-id=\"https:\/\/wp-test-1.sweethome3d.eu\/users-guide\/#drawing-walls\">dibujar paredes<\/a> sobre \u00e9l, <a href=\"https:\/\/wp-test-1.sweethome3d.eu\/es\/importar-modelos-en-sweet-home-3d-anadir-muebles-y-objetos-3d-personalizados\/\" data-type=\"page\" data-id=\"432\">modelos 3D<\/a> para completar el cat\u00e1logo predeterminado y <a href=\"https:\/\/wp-test-1.sweethome3d.eu\/es\/importar-texturas\/\" data-type=\"page\" data-id=\"4928\">texturas<\/a> para personalizar las superficies.<\/p>\n<\/div>\n\n<hr class=\"wp-block-separator has-alpha-channel-opacity\"\/>\n\n<div class=\"wp-block-group is-nowrap is-layout-flex wp-container-core-group-is-layout-ad2f72ca wp-block-group-is-layout-flex\">\n<p><strong>Imprime y exporta<\/strong> archivos PDF, im\u00e1genes de gr\u00e1ficos vectoriales o de mapa de bits, v\u00eddeos y archivos 3D en formatos de archivo est\u00e1ndar.<\/p>\n\n\n\n<figure class=\"wp-block-image size-full is-resized\"><img loading=\"lazy\" decoding=\"async\" width=\"275\" height=\"71\" src=\"https:\/\/wp-test-1.sweethome3d.eu\/wp-content\/uploads\/2025\/09\/export.png\" alt=\"\" class=\"wp-image-512\" style=\"width:275px\"\/><\/figure>\n<\/div>\n<h3 class=\"wp-block-heading has-text-align-center\" id=\"otra-informacion\">Otra informaci\u00f3n<\/h3>\n<hr class=\"wp-block-separator has-alpha-channel-opacity\"\/>\n\n<div class=\"wp-block-group is-nowrap is-layout-flex wp-container-core-group-is-layout-ad2f72ca wp-block-group-is-layout-flex\">\n<figure class=\"wp-block-image size-full is-resized\"><img loading=\"lazy\" decoding=\"async\" width=\"275\" height=\"100\" src=\"https:\/\/wp-test-1.sweethome3d.eu\/wp-content\/uploads\/2025\/09\/extend.png\" alt=\"\" class=\"wp-image-513\" style=\"width:275px\" srcset=\"https:\/\/wp-test-1.sweethome3d.eu\/wp-content\/uploads\/2025\/09\/extend.png 275w, https:\/\/wp-test-1.sweethome3d.eu\/wp-content\/uploads\/2025\/09\/extend-248x90.png 248w\" sizes=\"auto, (max-width: 275px) 100vw, 275px\" \/><\/figure>\n\n\n\n<p><strong>Ampl\u00eda las funciones<\/strong> de Sweet Home 3D con <a href=\"https:\/\/wp-test-1.sweethome3d.eu\/es\/guia-para-desarrolladores-de-plug-ins\/\" data-type=\"page\" data-id=\"4964\">plug-ins<\/a> programados en Java, o <a href=\"https:\/\/wp-test-1.sweethome3d.eu\/es\/documentacion\/#developers-guides\" data-type=\"link\" data-id=\"https:\/\/wp-test-1.sweethome3d.eu\/documentation\/#developers-guides\">desarrollando<\/a> una versi\u00f3n derivada basada en su arquitectura Modelo Vista Controlador.<\/p>\n<\/div>\n\n<hr class=\"wp-block-separator has-alpha-channel-opacity\"\/>\n\n<div class=\"wp-block-group is-nowrap is-layout-flex wp-container-core-group-is-layout-ad2f72ca wp-block-group-is-layout-flex\">\n<p><strong>Elige el idioma<\/strong> de la interfaz entre <a href=\"https:\/\/wp-test-1.sweethome3d.eu\/es\/traducciones\/\" type=\"page\" id=\"439\" class=\"broken_link\">29 idiomas<\/a>.<\/p>\n\n\n\n<figure class=\"wp-block-image size-full is-resized\"><img loading=\"lazy\" decoding=\"async\" width=\"275\" height=\"38\" src=\"https:\/\/wp-test-1.sweethome3d.eu\/wp-content\/uploads\/2025\/09\/chooseLanguage.png\" alt=\"\" class=\"wp-image-514\" style=\"width:275px\"\/><\/figure>\n<\/div>\n\n<hr class=\"wp-block-separator has-alpha-channel-opacity\"\/>\n\n<div class=\"wp-block-group is-nowrap is-layout-flex wp-container-core-group-is-layout-ad2f72ca wp-block-group-is-layout-flex\">\n<figure class=\"wp-block-image size-full is-resized\"><img loading=\"lazy\" decoding=\"async\" width=\"275\" height=\"100\" src=\"https:\/\/wp-test-1.sweethome3d.eu\/wp-content\/uploads\/2025\/09\/run.png\" alt=\"\" class=\"wp-image-515\" style=\"width:275px\" srcset=\"https:\/\/wp-test-1.sweethome3d.eu\/wp-content\/uploads\/2025\/09\/run.png 275w, https:\/\/wp-test-1.sweethome3d.eu\/wp-content\/uploads\/2025\/09\/run-248x90.png 248w\" sizes=\"auto, (max-width: 275px) 100vw, 275px\" \/><\/figure>\n\n\n\n<p><strong><a href=\"https:\/\/wp-test-1.sweethome3d.eu\/es\/descargar\/\" data-type=\"page\" data-id=\"396\">Descarga<\/a><\/strong> Sweet Home 3D para <strong>ejecutarlo<\/strong> sin conexi\u00f3n en Windows, macOS, Linux, iOS y Android, o utiliza su versi\u00f3n <strong><a href=\"https:\/\/wp-test-1.sweethome3d.eu\/es\/sweet-home-3d-online-manager\/\" data-type=\"page\" data-id=\"398\">online<\/a><\/strong> desde cualquier navegador que admita WebGL.<\/p>\n<\/div>\n\n<hr class=\"wp-block-separator has-alpha-channel-opacity\"\/>\n\n<div class=\"wp-block-group is-nowrap is-layout-flex wp-container-core-group-is-layout-ad2f72ca wp-block-group-is-layout-flex\">\n<p><strong>Dise\u00f1a<\/strong> planos de casas <strong>gratis<\/strong> con Sweet Home 3D distribuido bajo la <a href=\"https:\/\/www.gnu.org\/licenses\/gpl-2.0.txt\" data-type=\"link\" data-id=\"https:\/\/www.gnu.org\/licenses\/gpl-2.0.txt\" target=\"_blank\" rel=\"noopener\">Licencia P\u00fablica General GNU<\/a>, incluso para fines comerciales.<\/p>\n\n\n\n<figure class=\"wp-block-image size-full\"><img loading=\"lazy\" decoding=\"async\" width=\"134\" height=\"55\" src=\"https:\/\/wp-test-1.sweethome3d.eu\/wp-content\/uploads\/2025\/09\/gpl.png\" alt=\"\" class=\"wp-image-516\" style=\"object-fit:cover\"\/><\/figure>\n<\/div>\n","protected":false},"excerpt":{"rendered":"<p>Descubre las principales funciones de Sweet Home 3D Descubre las principales funciones que ofrece Sweet Home 3D,una aplicaci\u00f3n gratuita de dise\u00f1o de interiores disponible en https:\/\/www.sweethome3d.com. Sweet Home 3D es un software potente y f\u00e1cil de usar que te ayuda a crear planos detallados y dise\u00f1os de interiores con estilo. Ya seas un profesional o [&hellip;]<\/p>\n","protected":false},"author":2,"featured_media":8810,"parent":0,"menu_order":0,"comment_status":"closed","ping_status":"closed","template":"","meta":{"inline_featured_image":false,"footnotes":""},"class_list":["post-8824","page","type-page","status-publish","has-post-thumbnail","hentry"],"_links":{"self":[{"href":"https:\/\/wp-test-1.sweethome3d.eu\/es\/wp-json\/wp\/v2\/pages\/8824","targetHints":{"allow":["GET"]}}],"collection":[{"href":"https:\/\/wp-test-1.sweethome3d.eu\/es\/wp-json\/wp\/v2\/pages"}],"about":[{"href":"https:\/\/wp-test-1.sweethome3d.eu\/es\/wp-json\/wp\/v2\/types\/page"}],"author":[{"embeddable":true,"href":"https:\/\/wp-test-1.sweethome3d.eu\/es\/wp-json\/wp\/v2\/users\/2"}],"replies":[{"embeddable":true,"href":"https:\/\/wp-test-1.sweethome3d.eu\/es\/wp-json\/wp\/v2\/comments?post=8824"}],"version-history":[{"count":7,"href":"https:\/\/wp-test-1.sweethome3d.eu\/es\/wp-json\/wp\/v2\/pages\/8824\/revisions"}],"predecessor-version":[{"id":12450,"href":"https:\/\/wp-test-1.sweethome3d.eu\/es\/wp-json\/wp\/v2\/pages\/8824\/revisions\/12450"}],"wp:featuredmedia":[{"embeddable":true,"href":"https:\/\/wp-test-1.sweethome3d.eu\/es\/wp-json\/wp\/v2\/media\/8810"}],"wp:attachment":[{"href":"https:\/\/wp-test-1.sweethome3d.eu\/es\/wp-json\/wp\/v2\/media?parent=8824"}],"curies":[{"name":"wp","href":"https:\/\/api.w.org\/{rel}","templated":true}]}}