{"id":10715,"date":"2025-09-18T11:56:35","date_gmt":"2025-09-18T11:56:35","guid":{"rendered":"https:\/\/wp-test-1.sweethome3d.eu\/plugins-et-outils\/"},"modified":"2025-11-11T16:36:25","modified_gmt":"2025-11-11T16:36:25","slug":"plugins-et-outils","status":"publish","type":"page","link":"https:\/\/wp-test-1.sweethome3d.eu\/fr\/plugins-et-outils\/","title":{"rendered":"Plugins et outils"},"content":{"rendered":"<ul class=\"simpletoc-list\">\n<li><a href=\"#plugins\">Plug-ins<\/a>\n\n<\/li>\n<li><a href=\"#outils\">Outils<\/a>\n<\/li><\/ul>\n<p class=\"has-text-align-center\">Cette page d\u00e9crit les principaux plug-ins et autres outils disponibles pour <a href=\"\/\">Sweet Home 3D<\/a>.<\/p>\n<h2 class=\"wp-block-heading\" id=\"plugins\"><img loading=\"lazy\" decoding=\"async\" width=\"16\" height=\"12\" src=\"https:\/\/www.sweethome3d.com\/images\/bullet.gif\">Plug-ins<\/h2>\n<p>Le tableau suivant r\u00e9pertorie les plug-ins les plus int\u00e9ressants fournis par Space Mushrooms ou par les d\u00e9veloppeurs qui les ont propos\u00e9s dans le syst\u00e8me de suivi <a href=\"https:\/\/sourceforge.net\/p\/sweethome3d\/plug-ins\" target=\"_blank\" rel=\"noopener\">Contributions de plug-ins<\/a>. Un plug-in propose des fonctionnalit\u00e9s suppl\u00e9mentaires dans <a href=\"https:\/\/wp-test-1.sweethome3d.eu\/fr\/telecharger\/\" data-type=\"page\" data-id=\"396\">Sweet Home 3D<\/a> et peut \u00eatre install\u00e9 en double-cliquant sur son fichier SH3P. Sous Linux, si cela ne fonctionne pas, installez-le avec la commande <em>Terminal<\/em> <code><em>path<\/em>\/<em>to<\/em>\/<strong>SweetHome3D<\/strong> <em>path<\/em>\/<em>to<\/em>\/<em>plugin.sh3p<\/em><\/code> ou copiez le fichier SH3P dans le sous-dossier <code>.eteks\/sweethome3d\/plugins<\/code> de votre dossier utilisateur.  <\/p>\n\n<figure class=\"wp-block-flexible-table-block-table is-content-justification-center\"><table class=\"has-fixed-layout\"><thead><tr><th style=\"text-align:center\">Plug-in<\/th><th style=\"text-align:center\">Fournisseur<\/th><th style=\"text-align:center\">Support Annuler\/R\u00e9tablir<\/th><th style=\"text-align:center\">Pris en charge dans Java Web Start<\/th><th style=\"text-align:center;width:500px\">Description<\/th><\/tr><\/thead><tbody><tr><td style=\"text-align:left\"><a href=\"\/storage\/plugins\/CopyAsNewFurniturePlugin-1.3.1.sh3p\">CopyAsNewFurniturePlugin-1.3.1.sh3p<\/a><br>(29 ko &#8211; code source inclus)<\/td><td style=\"text-align:center\">Space mushrooms<\/td><td style=\"text-align:center\">N\/A<\/td><td style=\"text-align:center\">Non<\/td><td style=\"width:500px\">Ajoute l&rsquo;\u00e9l\u00e9ment de menu <em>Outils &gt; Copier comme nouveau meuble<\/em> qui copie les objets s\u00e9lectionn\u00e9s dans le plan comme un nouveau meuble dans le presse-papiers (<a href=\"https:\/\/www.sweethome3d.com\/support\/forum\/viewthread_thread,1331_offset,11\" target=\"_blank\" rel=\"noopener\">en savoir plus<\/a>)<\/td><\/tr><tr><td><a href=\"\/storage\/plugins\/ShapeGenerator-1.2.1.sh3p\">ShapeGenerator-1.2.1.sh3p<\/a><br>(53 ko &#8211; code source inclus)<\/td><td style=\"text-align:center\">Space mushrooms<\/td><td style=\"text-align:center\">Oui<\/td><td style=\"text-align:center\">Non<\/td><td style=\"width:500px\">Ajoute l&rsquo;\u00e9l\u00e9ment de menu <em>Outils &gt; G\u00e9n\u00e9rer une forme 3D<\/em> qui cr\u00e9e une forme 3D \u00e0 partir des coordonn\u00e9es de 8 sommets saisies par l&rsquo;utilisateur (<a href=\"https:\/\/www.sweethome3d.com\/support\/forum\/viewthread_thread,6600\" target=\"_blank\" rel=\"noopener\">en savoir plus<\/a>)<\/td><\/tr><tr><td><a href=\"\/storage\/plugins\/StaircaseGenerator-1.0.1.sh3p\">StaircaseGenerator-1.0.1.sh3p<\/a><br>(150 ko &#8211; code source inclus)<\/td><td style=\"text-align:center\">Space mushrooms<br><br><\/td><td style=\"text-align:center\">Oui<\/td><td style=\"text-align:center\">Non<\/td><td style=\"width:500px\">Ajoute l&rsquo;\u00e9l\u00e9ment de menu <em>Outils &gt; G\u00e9n\u00e9rer un escalier<\/em> qui cr\u00e9e la forme 3D d&rsquo;un escalier \u00e0 partir de son nombre de marches et de leur taille (<a href=\"https:\/\/www.sweethome3d.com\/support\/forum\/viewthread_thread,12160\" target=\"_blank\" rel=\"noopener\">en savoir plus<\/a>)<\/td><\/tr><tr><td><a href=\"\/storage\/plugins\/TerrainGenerator-1.2.2.sh3p\">TerrainGenerator-1.2.2.sh3p<\/a><br>(111 ko &#8211; code source inclus)<\/td><td style=\"text-align:center\">Space mushrooms<\/td><td style=\"text-align:center\">Oui<\/td><td style=\"text-align:center\">Non<\/td><td style=\"width:500px\">Ajoute l&rsquo;\u00e9l\u00e9ment de menu <em>Outils &gt; G\u00e9n\u00e9rer un terrain 3D \u00e0 partir des pi\u00e8ces<\/em> qui cr\u00e9e une forme 3D \u00e0 partir de la surface des pi\u00e8ces s\u00e9lectionn\u00e9es d\u00e9form\u00e9e par l&rsquo;utilisateur (<a href=\"https:\/\/www.sweethome3d.com\/support\/forum\/viewthread_thread,10995\" target=\"_blank\" rel=\"noopener\">en savoir plus<\/a>)<\/td><\/tr><tr><td><a href=\"\/storage\/plugins\/SideView-1.1.1.sh3p\">SideView-1.1.1.sh3p<\/a><br>(44 ko &#8211; code source inclus)<\/td><td style=\"text-align:center\">Space mushrooms<\/td><td style=\"text-align:center\">N\/A<\/td><td style=\"text-align:center\">Non<\/td><td style=\"width:500px\">Ajoute l&rsquo;\u00e9l\u00e9ment de menu <em>Outils &gt; Afficher la vue lat\u00e9rale<\/em> qui montre une vue lat\u00e9rale du logement \u00e9dit\u00e9 avec la possibilit\u00e9 de l&rsquo;enregistrer (<a href=\"https:\/\/www.sweethome3d.com\/support\/forum\/viewthread_thread,11011\" target=\"_blank\" rel=\"noopener\">en savoir plus<\/a>)<\/td><\/tr><tr><td><a href=\"\/storage\/plugins\/ExportPlanImage-1.0.3.sh3p\">ExportPlanImage-1.0.3.sh3p<\/a><br>(29 ko &#8211; code source inclus)<\/td><td style=\"text-align:center\">Space mushrooms<\/td><td style=\"text-align:center\">N\/A<\/td><td style=\"text-align:center\">Non<\/td><td style=\"width:500px\">Ajoute l&rsquo;\u00e9l\u00e9ment de menu <em>Meubles &gt; Exporter le plan en image<\/em> qui exporte une image du plan au format PNG ou JPEG \u00e0 la taille de ton choix<\/td><\/tr><tr><td><a href=\"\/storage\/plugins\/ExportToSH3F-1.1.1.sh3p\">ExportToSH3F-1.1.1.sh3p<\/a><br>(32 ko &#8211; code source inclus)<\/td><td style=\"text-align:center\">Space mushrooms<\/td><td style=\"text-align:center\">N\/A<\/td><td style=\"text-align:center\">Non<\/td><td style=\"width:500px\">Ajoute l&rsquo;\u00e9l\u00e9ment de menu <em>Meubles &gt; Exporter les meubles import\u00e9s vers SH3F<\/em> qui exporte tous les meubles import\u00e9s dans le catalogue Sweet Home 3D vers un fichier SH3F (<a href=\"https:\/\/www.sweethome3d.com\/support\/forum\/viewthread_thread,966_offset,5\" target=\"_blank\" rel=\"noopener\">en savoir plus<\/a>)<\/td><\/tr><tr><td><a href=\"\/storage\/plugins\/ExportToSH3T-1.1.1.sh3p\">ExportToSH3T-1.1.1.sh3p<\/a><br>(30 ko &#8211; code source inclus)<\/td><td style=\"text-align:center\">Space mushrooms<\/td><td style=\"text-align:center\">N\/A<\/td><td style=\"text-align:center\">Non<\/td><td style=\"width:500px\">Ajoute l&rsquo;\u00e9l\u00e9ment de menu <em>Meubles &gt; Exporter les textures import\u00e9es vers SH3T<\/em> qui exporte toutes les textures import\u00e9es dans le catalogue Sweet Home 3D vers un fichier SH3T (<a href=\"https:\/\/www.sweethome3d.com\/support\/forum\/viewthread_thread,12391\" target=\"_blank\" rel=\"noopener\">en savoir plus<\/a>)<\/td><\/tr><tr><td><a href=\"\/storage\/plugins\/ExportToHTML5-1.9.1.sh3p\">ExportToHTML5-1.9.1.sh3p<\/a><br>(391 ko &#8211; code source inclus)<\/td><td style=\"text-align:center\">Space mushrooms<\/td><td style=\"text-align:center\">N\/A<\/td><td style=\"text-align:center\">Non<\/td><td style=\"width:500px\">Ajoute l&rsquo;&nbsp;\u00e9l\u00e9ment de menu <em>Outils &gt; Exporter vers HTML5<\/em> qui exporte la vue 3D du logement \u00e9dit\u00e9 vers une page HTML5 visible dans n&rsquo;importe quel navigateur WebGL (<a href=\"https:\/\/www.sweethome3d.com\/support\/forum\/viewthread_thread,6708\" target=\"_blank\" rel=\"noopener\">en savoir plus<\/a>). Cet outil est \u00e9galement disponible via le &nbsp;<a href=\"https:\/\/www.sweethome3d.com\/exportHomes.jsp\" target=\"_blank\" rel=\"noopener\">Gestionnaire de logements export\u00e9s<\/a> qui te permet d&rsquo;exporter et d&rsquo;h\u00e9berger des fichiers SH3D sur le serveur web sweethome3d.com.<\/td><\/tr><tr><td><a href=\"\/storage\/plugins\/UpdateRoadLinesPlugin-1.0.1.sh3p\">UpdateRoadLinesPlugin-1.0.1.sh3p<\/a><br>(70 ko &#8211; code source inclus)<\/td><td style=\"text-align:center\">Space mushrooms<\/td><td style=\"text-align:center\">Oui<\/td><td style=\"text-align:center\">Oui<\/td><td style=\"width:500px\">Ajoute l&rsquo;\u00e9l\u00e9ment de menu <em>Outils &gt; Modifier le style de ligne de route<\/em> qui permet \u00e0 l&rsquo;utilisateur de choisir un <a href=\"https:\/\/fr.wikipedia.org\/wiki\/Signalisation_routi%C3%A8re_horizontale_en_France\" target=\"_blank\" rel=\"noopener\">style de ligne de route fran\u00e7ais<\/a> pour les polylignes s\u00e9lectionn\u00e9es et leur couleur (<a href=\"https:\/\/www.sweethome3d.com\/blog\/2018\/12\/10\/customization_for_the_forensic_police.html\" target=\"_blank\" rel=\"noopener\">en savoir plus<\/a>)<\/td><\/tr><tr><td><a href=\"\/storage\/plugins\/EvidenceMarkerGenerator-1.1.1.sh3p\">EvidenceMarkerGenerator-1.1.1.sh3p<\/a><br>(38 ko &#8211; code source inclus)<\/td><td style=\"text-align:center\">Space mushrooms<\/td><td style=\"text-align:center\">Oui<\/td><td style=\"text-align:center\">Non<\/td><td style=\"width:500px\">Ajoute l&rsquo;\u00e9l\u00e9ment de menu <em>Outils &gt; Ajouter un marqueur de preuve<\/em> capable de g\u00e9n\u00e9rer un marqueur de preuve num\u00e9rot\u00e9 sur l&rsquo;\u00e9l\u00e9ment s\u00e9lectionn\u00e9 dans le plan (<a href=\"https:\/\/www.sweethome3d.com\/blog\/2018\/12\/10\/customization_for_the_forensic_police.html\" target=\"_blank\" rel=\"noopener\">en savoir plus<\/a>)<\/td><\/tr><tr><td><a href=\"https:\/\/sourceforge.net\/p\/sweethome3d\/plug-ins\/_discuss\/thread\/5e6557c2\/fef8\/attachment\/AdvancedEditing.sh3p\" target=\"_blank\" rel=\"noopener\">AdvancedEditing.sh3p<\/a><br>(135 ko &#8211; <a href=\"https:\/\/sourceforge.net\/p\/sweethome3d\/plug-ins\/_discuss\/thread\/5e6557c2\/fef8\/attachment\/AdvancedEditingPlugin-src.zip\" target=\"_blank\" rel=\"noopener\">code source<\/a>)<\/td><td style=\"text-align:center\">Tobias Liefke<\/td><td style=\"text-align:center\">Oui<\/td><td style=\"text-align:center\">Oui<\/td><td style=\"width:500px\">Ajoute les \u00e9l\u00e9ments de menu&nbsp;<em>\u00c9dition &gt; rotation<\/em>,&nbsp;<em>\u00c9dition &gt; d\u00e9placer<\/em>,&nbsp;<em>\u00c9dition &gt; retourner<\/em>,&nbsp;<em>\u00c9dition &gt; redimensionner, meubles &gt; \u00e9lever<\/em>,&nbsp;<em>Plan &gt; Modifier les points de la pi\u00e8ce<\/em>,&nbsp;<em>Plan &gt; Connecter les murs<\/em> qui permettent de modifier les objets s\u00e9lectionn\u00e9s dans le plan (<a href=\"https:\/\/www.sweethome3d.com\/support\/forum\/viewthread_thread,1757\" target=\"_blank\" rel=\"noopener\">en savoir plus<\/a>)<\/td><\/tr><tr><td><a href=\"https:\/\/sourceforge.net\/p\/sweethome3d\/plug-ins\/_discuss\/thread\/34cdde5620\/4c8d\/attachment\/Multiplier-2.2.sh3p\" target=\"_blank\" rel=\"noopener\">Multiplier-2.2.sh3p<\/a><br>(176 ko &#8211; code source inclus)<\/td><td style=\"text-align:center\">Dorin vatavu<\/td><td style=\"text-align:center\">Oui<\/td><td style=\"text-align:center\">Oui<\/td><td style=\"width:500px\">Ajoute l&rsquo;\u00e9l\u00e9ment de menu <em>Outils &gt; Multiplier<\/em> qui permet de multiplier et de d\u00e9caler les objets s\u00e9lectionn\u00e9s dans le plan (<a href=\"https:\/\/www.sweethome3d.com\/support\/forum\/viewthread_thread,10554\" target=\"_blank\" rel=\"noopener\">en savoir plus<\/a>)<\/td><\/tr><tr><td><a href=\"https:\/\/sourceforge.net\/p\/sweethome3d\/plug-ins\/_discuss\/thread\/015d788700\/98fc\/attachment\/AutoDimensioning.sh3p\" target=\"_blank\" rel=\"noopener\">AutoDimensioning.sh3p<\/a><br>(44 ko &#8211; code source inclus)<\/td><td style=\"text-align:center\">Dorin vatavu<\/td><td style=\"text-align:center\">Oui<\/td><td style=\"text-align:center\">Oui<\/td><td style=\"width:500px\">Ajoute l&rsquo;\u00e9l\u00e9ment de menu <em>Outils &gt; Cotation automatique<\/em> qui permet de g\u00e9n\u00e9rer des lignes de cote pour l&rsquo;ensemble du plan (<a href=\"https:\/\/www.sweethome3d.com\/support\/forum\/viewthread_thread,10955\" target=\"_blank\" rel=\"noopener\">en savoir plus<\/a>)<\/td><\/tr><tr><td><a href=\"https:\/\/sourceforge.net\/p\/sweethome3d\/plug-ins\/_discuss\/thread\/914cc4be82\/b551\/attachment\/GenerateRoof-4.5.sh3p\" target=\"_blank\" rel=\"noopener\">GenerateRoof-4.5.sh3p<\/a><br>(690 ko &#8211; code source inclus)<\/td><td style=\"text-align:center\">Dorin vatavu<br><br><\/td><td style=\"text-align:center\">N\/A<\/td><td style=\"text-align:center\">Non<\/td><td style=\"width:500px\">Ajoute l&rsquo;\u00e9l\u00e9ment de menu <em>Outils &gt; G\u00e9n\u00e9rer un toit<\/em> qui permet de g\u00e9n\u00e9rer un toit avec diff\u00e9rents angles de pente \u00e0 partir de la forme de la pi\u00e8ce s\u00e9lectionn\u00e9e (<a href=\"https:\/\/www.sweethome3d.com\/support\/forum\/viewthread_thread%2C11330\" target=\"_blank\" rel=\"noopener\">en savoir plus<\/a>)<\/td><\/tr><tr><td><a href=\"https:\/\/sourceforge.net\/p\/sweethome3d\/plug-ins\/_discuss\/thread\/182d97c5\/ad56\/attachment\/AdvancedSettingsPhotoRendering-1.4.1.sh3p\" target=\"_blank\" rel=\"noopener\">AdvancedSettings<br>PhotoRendering-1.4.1.sh3p<\/a><br>(52 ko &#8211; code source inclus)<\/td><td style=\"text-align:center\">Enko nyito<\/td><td style=\"text-align:center\">N\/A<\/td><td style=\"text-align:center\">Non<\/td><td style=\"width:500px\">Ajoute l&rsquo;\u00e9l\u00e9ment de menu <em>Outils &gt; Param\u00e8tres avanc\u00e9s du rendu photo<\/em> qui permet de modifier certaines <a href=\"https:\/\/sourceforge.net\/p\/sweethome3d\/code\/HEAD\/tree\/trunk\/SweetHome3D\/src\/com\/eteks\/sweethome3d\/j3d\/PhotoRenderer.properties\" target=\"_blank\" rel=\"noopener\">propri\u00e9t\u00e9s avanc\u00e9es<\/a> utilis\u00e9es par les moteurs de rendu photo aux deux meilleurs niveaux de qualit\u00e9 (<a href=\"https:\/\/www.sweethome3d.com\/support\/forum\/viewthread_thread,6122_offset,20\" target=\"_blank\" rel=\"noopener\">en savoir plus<\/a>)<\/td><\/tr><tr><td><a href=\"https:\/\/sourceforge.net\/p\/sweethome3d\/plug-ins\/_discuss\/thread\/40b57f75\/5282\/attachment\/PhotoVideoRendering-2.8.zip\" target=\"_blank\" rel=\"noopener\">PhotoVideoRendering-2.8.zip<\/a><br>(15 Mo &#8211; fichier SH3P + code source inclus)<\/td><td style=\"text-align:center\">Enko Nyito<\/td><td style=\"text-align:center\">N\/A<\/td><td style=\"text-align:center\">Non<\/td><td style=\"width:500px\">Ajoute le menu <em>Rendu photo-vid\u00e9o<\/em>, avec des \u00e9l\u00e9ments de menu pour le rendu de photos et de vid\u00e9os avec des param\u00e8tres suppl\u00e9mentaires (<a href=\"https:\/\/sourceforge.net\/p\/sweethome3d\/plug-ins\/18\/\" target=\"_blank\" rel=\"noopener\">en savoir plus<\/a>)<\/td><\/tr><\/tbody><\/table><\/figure>\n\n<p>Pour d\u00e9sinstaller un plug-in, supprime son fichier SH3P du dossier des plug-ins de <a href=\"https:\/\/wp-test-1.sweethome3d.eu\/fr\/telecharger\/\" data-type=\"page\" data-id=\"396\">Sweet Home 3D<\/a>, et red\u00e9marre l&rsquo;application. Ce dossier est affich\u00e9 lorsque tu cliques sur n&rsquo;importe quel fichier SH3P r\u00e9pertori\u00e9 dans la section <em>Plug-ins<\/em> du volet <em>Biblioth\u00e8ques utilis\u00e9es<\/em>. Ce dernier volet s&rsquo;affiche en cliquant sur le bouton <em>Biblioth\u00e8ques&#8230;<\/em> affich\u00e9 en bas de la bo\u00eete de dialogue <em>\u00c0 propos<\/em> de Sweet Home 3D. Si tu veux programmer toi-m\u00eame des plug-ins, lis le <a href=\"https:\/\/wp-test-1.sweethome3d.eu\/fr\/plug-in-developers-guide\/\" data-type=\"page\" data-id=\"4964\">Guide du d\u00e9veloppeur de plug-ins<\/a>.   <\/p>\n\n<figure class=\"wp-block-image size-large\"><img loading=\"lazy\" decoding=\"async\" width=\"1024\" height=\"540\" src=\"https:\/\/wp-test-1.sweethome3d.eu\/wp-content\/uploads\/2025\/06\/PlugInScratchHomeDemo3-1024x540.jpg\" alt=\"plugins\" class=\"wp-image-3616\" srcset=\"https:\/\/wp-test-1.sweethome3d.eu\/wp-content\/uploads\/2025\/06\/PlugInScratchHomeDemo3-1024x540.jpg 1024w, https:\/\/wp-test-1.sweethome3d.eu\/wp-content\/uploads\/2025\/06\/PlugInScratchHomeDemo3-360x190.jpg 360w, https:\/\/wp-test-1.sweethome3d.eu\/wp-content\/uploads\/2025\/06\/PlugInScratchHomeDemo3-247x130.jpg 247w, https:\/\/wp-test-1.sweethome3d.eu\/wp-content\/uploads\/2025\/06\/PlugInScratchHomeDemo3-768x405.jpg 768w, https:\/\/wp-test-1.sweethome3d.eu\/wp-content\/uploads\/2025\/06\/PlugInScratchHomeDemo3-400x211.jpg 400w, https:\/\/wp-test-1.sweethome3d.eu\/wp-content\/uploads\/2025\/06\/PlugInScratchHomeDemo3.jpg 1366w\" sizes=\"auto, (max-width: 1024px) 100vw, 1024px\" \/><\/figure>\n<h2 class=\"wp-block-heading\" id=\"outils\"><img loading=\"lazy\" decoding=\"async\" width=\"16\" height=\"12\" src=\"https:\/\/www.sweethome3d.com\/images\/bullet.gif\"><strong>Outils<\/strong><\/h2>\n<p>Le tableau suivant r\u00e9pertorie quelques outils suppl\u00e9mentaires fournis par Space Mushrooms utiles pour <a href=\"https:\/\/wp-test-1.sweethome3d.eu\/fr\/telecharger\/\" data-type=\"page\" data-id=\"396\">Sweet Home 3D<\/a>. Ces outils sont disponibles sous forme de fichiers ex\u00e9cutables Jar qui peuvent \u00eatre lanc\u00e9s en double-cliquant dessus une fois que <a href=\"https:\/\/www.java.com\/\" target=\"_blank\" rel=\"noopener\">Java<\/a> est install\u00e9 sur ton syst\u00e8me. Sous macOS, le premier lancement d&rsquo;un fichier ex\u00e9cutable Jar t\u00e9l\u00e9charg\u00e9 depuis Internet doit \u00eatre effectu\u00e9 en cliquant sur le fichier Jar tout en maintenant la touche <em>ctrl<\/em> enfonc\u00e9e, puis en choisissant <em>Ouvrir<\/em> dans le menu contextuel qui appara\u00eetra.  <\/p>\n\n<figure class=\"wp-block-flexible-table-block-table is-content-justification-center\"><table class=\"has-fixed-layout\"><thead><tr><th style=\"text-align:center\">Outil<\/th><th style=\"text-align:center;width:500px\">description<\/th><\/tr><\/thead><tbody><tr><td style=\"text-align:left\"><a href=\"https:\/\/sourceforge.net\/projects\/sweethome3d\/files\/FurnitureLibraryEditor\/FurnitureLibraryEditor-2.2.jar\/download\" target=\"_blank\" rel=\"noopener\">FurnitureLibraryEditor-2.2.jar<\/a><br>(14,4 Mo &#8211; <a href=\"https:\/\/sourceforge.net\/projects\/sweethome3d\/files\/FurnitureLibraryEditor-source\/FurnitureLibraryEditor-2.2-src.zip\" target=\"_blank\" rel=\"noopener\">code source<\/a>)<\/td><td style=\"width:500px\">Cette application vous permet de cr\u00e9er un fichier de biblioth\u00e8que de meubles SH3F et de modifier les propri\u00e9t\u00e9s des mod\u00e8les 3D qu&rsquo;il contient (<a href=\"https:\/\/www.sweethome3d.com\/support\/forum\/viewthread_thread,1550\" target=\"_blank\" rel=\"noopener\">en savoir plus<\/a>)<\/td><\/tr><tr><td><a href=\"https:\/\/sourceforge.net\/projects\/sweethome3d\/files\/TexturesLibraryEditor\/TexturesLibraryEditor-2.1.jar\/download\" target=\"_blank\" rel=\"noopener\">TexturesLibraryEditor-2.1.jar<\/a><br>(1,2 Mo &#8211; <a href=\"https:\/\/sourceforge.net\/projects\/sweethome3d\/files\/TexturesLibraryEditor-source\/TexturesLibraryEditor-2.1-src.zip\" target=\"_blank\" rel=\"noopener\">code source<\/a>)<\/td><td style=\"width:500px\">Cette application vous permet de cr\u00e9er un fichier de biblioth\u00e8que de textures SH3T et de modifier les propri\u00e9t\u00e9s des images de texture qu&rsquo;il contient (<a href=\"https:\/\/www.sweethome3d.com\/support\/forum\/viewthread_thread,3502\" target=\"_blank\" rel=\"noopener\">en savoir plus<\/a>)<\/td><\/tr><tr><td><a href=\"\/storage\/downloads\/HugeFileCleaner-1.0.jar\">HugeFileCleaner-1.0.jar<\/a><br>(7 ko &#8211; code source inclus)<\/td><td style=\"width:500px\">Cette application supprime les entr\u00e9es inutiles qui peuvent \u00eatre apparues dans les fichiers SH3D volumineux (g\u00e9n\u00e9ralement sup\u00e9rieurs \u00e0 500 Mo) cr\u00e9\u00e9s avec les versions de Sweet Home 3D ant\u00e9rieures \u00e0 la version 5.2, lorsque vous avez utilis\u00e9 la liste r\u00e9cente des textures affich\u00e9es dans la bo\u00eete de dialogue des textures pour copier les textures des mod\u00e8les 3D trouv\u00e9s dans le catalogue de meubles (<a href=\"https:\/\/www.sweethome3d.com\/support\/forum\/viewthread_thread,6331_offset,21\" target=\"_blank\" rel=\"noopener\">en savoir plus<\/a>)<\/td><\/tr><tr><td><a href=\"https:\/\/apps.apple.com\/us\/app\/tape-measure\/id1437807477\" target=\"_blank\" rel=\"noopener\">Tape Measure<\/a><\/td><td style=\"width:500px\">Cette application vous permet de prendre des mesures et de cr\u00e9er un plan pr\u00e9cis de votre maison, en scannant l&rsquo;espace autour de vous et en marquant les coins des pi\u00e8ces. Vous pouvez ensuite importer le plan directement sur Sweet Home 3d pour commencer \u00e0 concevoir dessus. Notez que l&rsquo;application est pour l&rsquo;instant disponible sur iOS uniquement.<\/td><\/tr><\/tbody><\/table><\/figure>\n","protected":false},"excerpt":{"rendered":"<p>Cette page d\u00e9crit les principaux plug-ins et autres outils disponibles pour Sweet Home 3D. Plug-ins Le tableau suivant r\u00e9pertorie les plug-ins les plus int\u00e9ressants fournis par Space Mushrooms ou par les d\u00e9veloppeurs qui les ont propos\u00e9s dans le syst\u00e8me de suivi Contributions de plug-ins. Un plug-in propose des fonctionnalit\u00e9s suppl\u00e9mentaires dans Sweet Home 3D et [&hellip;]<\/p>\n","protected":false},"author":2,"featured_media":10706,"parent":0,"menu_order":0,"comment_status":"closed","ping_status":"closed","template":"","meta":{"inline_featured_image":false,"footnotes":""},"class_list":["post-10715","page","type-page","status-publish","has-post-thumbnail","hentry"],"_links":{"self":[{"href":"https:\/\/wp-test-1.sweethome3d.eu\/fr\/wp-json\/wp\/v2\/pages\/10715","targetHints":{"allow":["GET"]}}],"collection":[{"href":"https:\/\/wp-test-1.sweethome3d.eu\/fr\/wp-json\/wp\/v2\/pages"}],"about":[{"href":"https:\/\/wp-test-1.sweethome3d.eu\/fr\/wp-json\/wp\/v2\/types\/page"}],"author":[{"embeddable":true,"href":"https:\/\/wp-test-1.sweethome3d.eu\/fr\/wp-json\/wp\/v2\/users\/2"}],"replies":[{"embeddable":true,"href":"https:\/\/wp-test-1.sweethome3d.eu\/fr\/wp-json\/wp\/v2\/comments?post=10715"}],"version-history":[{"count":1,"href":"https:\/\/wp-test-1.sweethome3d.eu\/fr\/wp-json\/wp\/v2\/pages\/10715\/revisions"}],"predecessor-version":[{"id":10716,"href":"https:\/\/wp-test-1.sweethome3d.eu\/fr\/wp-json\/wp\/v2\/pages\/10715\/revisions\/10716"}],"wp:featuredmedia":[{"embeddable":true,"href":"https:\/\/wp-test-1.sweethome3d.eu\/fr\/wp-json\/wp\/v2\/media\/10706"}],"wp:attachment":[{"href":"https:\/\/wp-test-1.sweethome3d.eu\/fr\/wp-json\/wp\/v2\/media?parent=10715"}],"curies":[{"name":"wp","href":"https:\/\/api.w.org\/{rel}","templated":true}]}}