{"id":11862,"date":"2025-09-11T08:47:20","date_gmt":"2025-09-11T08:47:20","guid":{"rendered":"https:\/\/wp-test-1.sweethome3d.eu\/politique-de-confidentialite\/"},"modified":"2025-11-04T10:07:17","modified_gmt":"2025-11-04T10:07:17","slug":"politique-de-confidentialite","status":"publish","type":"page","link":"https:\/\/wp-test-1.sweethome3d.eu\/fr\/politique-de-confidentialite\/","title":{"rendered":"Politique de confidentialit\u00e9"},"content":{"rendered":"\n<p>Space Mushrooms, propri\u00e9taire du logiciel Sweet Home 3D et des droits d&rsquo;auteur ainsi que du site web <code>sweethome3d.com<\/code>, ne collecte pas de donn\u00e9es priv\u00e9es sur le site web <code>sweethome3d.com<\/code>, sauf pour les utilisateurs <a href=\"https:\/\/www.sweethome3d.com\/support\/forum\/registermember\" target=\"_blank\" rel=\"noopener\">inscrits<\/a> sur le <a href=\"https:\/\/www.sweethome3d.com\/support\/forum\/?lang=en\" target=\"_blank\" rel=\"noopener\">forum<\/a>. Les journaux de trafic stock\u00e9s sur le serveur ne sont pas publics et <x id=\"gid_4\"><\/x> n&rsquo;affiche aucune publicit\u00e9.<br\/>N\u00e9anmoins, la plupart des pages publi\u00e9es sur le site web <x id=\"gid_5\"><\/x> affichent le logo Sourceforge, quelques pages montrent des vid\u00e9os h\u00e9berg\u00e9es ailleurs, et le forum permet aux utilisateurs de partager des images h\u00e9berg\u00e9es sur d&rsquo;autres sites web. Ces images et vid\u00e9os proviennent de <code>sourceforge.net<\/code>, <code>youtube.com<\/code>, <code>dailymotion.com<\/code> et d&rsquo;autres serveurs web, permettant potentiellement aux propri\u00e9taires de ces sites web de suivre les visites des utilisateurs sur le site web <code>sweethome3d.com<\/code> \u00e0 leur guise.  <\/p>\n\n<p>Pour les utilisateurs inscrits, les donn\u00e9es stock\u00e9es sur <code>sweethome3d.com<\/code> comprennent :<\/p>\n\n<ul class=\"wp-block-list\">\n<li>les informations fournies lors de l&rsquo;inscription (au minimum un identifiant, un mot de passe crypt\u00e9 et une adresse e-mail)<\/li>\n\n\n\n<li>leurs messages publi\u00e9s sur le <a href=\"https:\/\/www.sweethome3d.com\/support\/forum\/?lang=en\" target=\"_blank\" rel=\"noopener\">forum<\/a><\/li>\n\n\n\n<li>les maisons en ligne qu&rsquo;ils ont cr\u00e9\u00e9es dans <a href=\"https:\/\/wp-test-1.sweethome3d.eu\/fr\/sweet-home-3d-online-manager\/\" data-type=\"page\" data-id=\"398\">Sweet Home 3D Online<\/a> ou export\u00e9es dans le <a href=\"https:\/\/wp-test-1.sweethome3d.eu\/fr\/gestionnaire-de-maisons-exportees\/\" data-type=\"page\" data-id=\"4976\">gestionnaire de maisons export\u00e9es<\/a>.<\/li>\n<\/ul>\n\n<p>Les donn\u00e9es des maisons sont priv\u00e9es sauf si l&rsquo;utilisateur accepte explicitement de les partager publiquement. Chaque utilisateur peut r\u00e9cup\u00e9rer ses propres donn\u00e9es par lui-m\u00eame ou demander leur suppression si n\u00e9cessaire, en \u00e9crivant \u00e0 <g id=\"gid_0\">info@sweethome3d.com<\/g>. Space Mushrooms garantit que toutes les mesures n\u00e9cessaires sont prises pour s&rsquo;assurer que les donn\u00e9es des maisons des utilisateurs g\u00e9r\u00e9es sous la pr\u00e9c\u00e9dente propri\u00e9t\u00e9 du site web eTeks ne seront jamais utilis\u00e9es \u00e0 quelque fin que ce soit sans en informer les utilisateurs.  <\/p>\n\n<p><strong>Applications distribu\u00e9es via des boutiques tierces<\/strong><br\/>Les informations concernant les utilisateurs qui t\u00e9l\u00e9chargent et installent Sweet Home 3D ou Sweet Home 3D Mobile depuis le Mac App Store, l&rsquo;App Store, le Microsoft Store, Google Play ou Amazon sont principalement g\u00e9r\u00e9es par ces entreprises. Space Mushrooms ne re\u00e7oit pas de donn\u00e9es personnellement identifiables sur les utilisateurs de ces plateformes. <\/p>\n\n<p><strong>Analyse et suivi dans les applications<\/strong><br\/>Nos versions iOS et macOS de Sweet Home 3D incluent Firebase Analytics \u00e0 des fins d&rsquo;am\u00e9lioration de l&rsquo;application. Firebase Analytics collecte des donn\u00e9es telles que des statistiques anonymes d&rsquo;utilisation de l&rsquo;application et des rapports de plantage. Ces donn\u00e9es ne sont pas li\u00e9es \u00e0 ton identit\u00e9 et sont utilis\u00e9es uniquement pour am\u00e9liorer les fonctionnalit\u00e9s et l&rsquo;exp\u00e9rience utilisateur. Aucune donn\u00e9e personnelle, comme les noms ou les e-mails, n&rsquo;est collect\u00e9e par nous via Firebase.   <\/p>\n\n<p>Consulte \u00e9galement la <a href=\"https:\/\/wp-test-1.sweethome3d.eu\/fr\/politique-de-confidentialite\/\" data-type=\"page\" data-id=\"3\">mention l\u00e9gale<\/a> pour plus d&rsquo;informations sur Space Mushrooms et Sweet Home 3D.<\/p>\n","protected":false},"excerpt":{"rendered":"<p>Space Mushrooms, propri\u00e9taire du logiciel Sweet Home 3D et des droits d&rsquo;auteur ainsi que du site web sweethome3d.com, ne collecte pas de donn\u00e9es priv\u00e9es sur le site web sweethome3d.com, sauf pour les utilisateurs inscrits sur le forum. Les journaux de trafic stock\u00e9s sur le serveur ne sont pas publics et n&rsquo;affiche aucune publicit\u00e9.N\u00e9anmoins, la plupart [&hellip;]<\/p>\n","protected":false},"author":1,"featured_media":0,"parent":0,"menu_order":0,"comment_status":"closed","ping_status":"open","template":"","meta":{"inline_featured_image":false,"footnotes":""},"class_list":["post-11862","page","type-page","status-publish","hentry"],"_links":{"self":[{"href":"https:\/\/wp-test-1.sweethome3d.eu\/fr\/wp-json\/wp\/v2\/pages\/11862","targetHints":{"allow":["GET"]}}],"collection":[{"href":"https:\/\/wp-test-1.sweethome3d.eu\/fr\/wp-json\/wp\/v2\/pages"}],"about":[{"href":"https:\/\/wp-test-1.sweethome3d.eu\/fr\/wp-json\/wp\/v2\/types\/page"}],"author":[{"embeddable":true,"href":"https:\/\/wp-test-1.sweethome3d.eu\/fr\/wp-json\/wp\/v2\/users\/1"}],"replies":[{"embeddable":true,"href":"https:\/\/wp-test-1.sweethome3d.eu\/fr\/wp-json\/wp\/v2\/comments?post=11862"}],"version-history":[{"count":1,"href":"https:\/\/wp-test-1.sweethome3d.eu\/fr\/wp-json\/wp\/v2\/pages\/11862\/revisions"}],"predecessor-version":[{"id":11863,"href":"https:\/\/wp-test-1.sweethome3d.eu\/fr\/wp-json\/wp\/v2\/pages\/11862\/revisions\/11863"}],"wp:attachment":[{"href":"https:\/\/wp-test-1.sweethome3d.eu\/fr\/wp-json\/wp\/v2\/media?parent=11862"}],"curies":[{"name":"wp","href":"https:\/\/api.w.org\/{rel}","templated":true}]}}