{"id":12434,"date":"2025-10-01T14:26:57","date_gmt":"2025-10-01T14:26:57","guid":{"rendered":"https:\/\/wp-test-1.sweethome3d.eu\/importer-des-textures\/"},"modified":"2025-11-04T18:41:58","modified_gmt":"2025-11-04T18:41:58","slug":"importer-des-textures","status":"publish","type":"page","link":"https:\/\/wp-test-1.sweethome3d.eu\/fr\/importer-des-textures\/","title":{"rendered":"Importer des textures"},"content":{"rendered":"\n<p class=\"has-text-align-center\">Cette page liste quelques sources d&rsquo;images de textures gratuites que tu peux importer dans <a href=\"\/\">Sweet Home 3D<\/a>.<\/p>\n<h2 class=\"wp-block-heading\" id=\"sources-de-textures-disponibles\">Sources de textures disponibles<\/h2><h3 class=\"wp-block-heading\" id=\"bibliotheques-de-textures\"><img loading=\"lazy\" decoding=\"async\" width=\"16\" height=\"12\" src=\"https:\/\/www.sweethome3d.com\/images\/bullet.gif\">Biblioth\u00e8ques de textures<\/h3>\n<p><a href=\"https:\/\/www.sweethome3d.com\/download.jsp\" target=\"_blank\" rel=\"noopener\">Sweet Home 3D<\/a> te permet d&rsquo;importer des images de textures une par une, ou par groupe de textures stock\u00e9es dans des fichiers SH3T. Un fichier SH3T est une biblioth\u00e8que de textures avec leur description, et peut \u00eatre facilement install\u00e9 en double-cliquant dessus ou en choisissant l&rsquo;option de menu <em>Meubles &gt; Importer une biblioth\u00e8que de textures<\/em> dans <a href=\"https:\/\/wp-test-1.sweethome3d.eu\/fr\/telecharger\/\" data-type=\"page\" data-id=\"396\">Sweet Home 3D<\/a>.<br\/>Les fichiers ZIP suivants contiennent un fichier SH3T que tu peux importer dans <a href=\"https:\/\/wp-test-1.sweethome3d.eu\/fr\/telecharger\/\" data-type=\"page\" data-id=\"396\">Sweet Home 3D<\/a>. <\/p>\n\n<ul class=\"wp-block-list\">\n<li><a href=\"https:\/\/sourceforge.net\/projects\/sweethome3d\/files\/SweetHome3D-textures\/Textures-1.3.1\/Textures-Contributions-1.3.1.zip\/download\" target=\"_blank\" rel=\"noopener\">Textures-Contributions-1.3.1.zip<\/a> (1,1 Mo &#8211; 57 textures &#8211; Licence CC-BY)<\/li>\n\n\n\n<li><a href=\"https:\/\/sourceforge.net\/projects\/sweethome3d\/files\/SweetHome3D-textures\/Textures-1.3.1\/Textures-eTeksScopia-1.3.1.zip\/download\" target=\"_blank\" rel=\"noopener\">Textures-eTeksScopia-1.3.1.zip<\/a> (18,8 Mo &#8211; 340 textures &#8211; Licence CC-BY)<\/li>\n<\/ul>\n\n<p>Tu peux aussi <a href=\"#download\">t\u00e9l\u00e9charger la version compl\u00e8te<\/a> avec plus de 10 000 <a href=\"https:\/\/wp-test-1.sweethome3d.eu\/fr\/importer-des-modeles-dans-sweet-home-3d-ajouter-des-meubles-et-objets-3d-personnalises\/\" data-type=\"page\" data-id=\"432\">mod\u00e8les 3D<\/a>, 400 textures d\u00e9j\u00e0 incluses<a href=\"https:\/\/apps.apple.com\/app\/sweet-home-3d\/id669289700\" target=\"_blank\" rel=\"noopener\"><\/a><\/p>\n\n<hr class=\"wp-block-separator has-text-color has-white-color has-alpha-channel-opacity has-white-background-color has-background is-style-wide\"\/>\n\n<div class=\"wp-block-buttons is-layout-flex wp-block-buttons-is-layout-flex\">\n<div class=\"wp-block-button btn-download btn-small\" data-wce-label=\"wce_textures_download_direct\"><a class=\"wp-block-button__link wp-element-button\" href=\"#download\" style=\"text-decoration:underline\"><img loading=\"lazy\" decoding=\"async\" width=\"20\" height=\"20\" class=\"wp-image-390\" style=\"width: 20px;\" src=\"http:\/\/wp-test-1.sweethome3d.eu\/wp-content\/uploads\/2025\/09\/download-bottom.svg\" alt=\"\"\/> T\u00e9l\u00e9charger Sweet Home 3D<\/a><\/div>\n<\/div>\n\n<hr class=\"wp-block-separator has-text-color has-white-color has-alpha-channel-opacity has-white-background-color has-background is-style-wide\"\/>\n<div class=\"wp-block-image\">\n<figure class=\"aligncenter size-full\"><img loading=\"lazy\" decoding=\"async\" width=\"600\" height=\"140\" src=\"https:\/\/wp-test-1.sweethome3d.eu\/wp-content\/uploads\/2025\/10\/texturesLibraries.jpg\" alt=\"\" class=\"wp-image-4930\" srcset=\"https:\/\/wp-test-1.sweethome3d.eu\/wp-content\/uploads\/2025\/10\/texturesLibraries.jpg 600w, https:\/\/wp-test-1.sweethome3d.eu\/wp-content\/uploads\/2025\/10\/texturesLibraries-360x84.jpg 360w, https:\/\/wp-test-1.sweethome3d.eu\/wp-content\/uploads\/2025\/10\/texturesLibraries-557x130.jpg 557w, https:\/\/wp-test-1.sweethome3d.eu\/wp-content\/uploads\/2025\/10\/texturesLibraries-400x93.jpg 400w\" sizes=\"auto, (max-width: 600px) 100vw, 600px\" \/><\/figure>\n<\/div>\n<p>Note qu&rsquo;un fichier SH3T est simplement une sorte de fichier ZIP, duquel tu peux extraire des images de textures individuelles avec n&rsquo;importe quel outil ZIP. Si n\u00e9cessaire, tu peux aussi cr\u00e9er tes propres fichiers SH3T avec l&rsquo;<a href=\"https:\/\/sourceforge.net\/projects\/sweethome3d\/files\/TexturesLibraryEditor\/TexturesLibraryEditor-2.1.jar\/download\" target=\"_blank\" rel=\"noopener\">\u00c9diteur de biblioth\u00e8que de textures<\/a> t\u00e9l\u00e9chargeable. <\/p>\n<h3 class=\"wp-block-heading\" id=\"sites-web-avec-des-textures\"><img loading=\"lazy\" decoding=\"async\" width=\"16\" height=\"12\" src=\"https:\/\/www.sweethome3d.com\/images\/bullet.gif\">Sites web avec des textures<br><a href=\"https:\/\/apps.apple.com\/app\/sweet-home-3d\/id669289700\" data-wce-label=\"wce_textures_download_hyperlink\" target=\"_blank\" rel=\"noopener\"><\/a><\/h3>\n<p>Les sites suivants proposent des images de textures gratuites prises en charge par l&rsquo;assistant d&rsquo;importation de textures de <a href=\"\/\">Sweet Home 3D<\/a> :<\/p>\n\n<figure class=\"wp-block-flexible-table-block-table is-content-justification-left td-border-0 stars-table\"><table class=\"has-fixed-layout\" style=\"border-width:0\"><tbody><tr><td><img loading=\"lazy\" decoding=\"async\" width=\"12\" height=\"12\" src=\"https:\/\/www.sweethome3d.com\/images\/star.gif\" alt=\"\u00c9toile\"><img loading=\"lazy\" decoding=\"async\" width=\"12\" height=\"12\" src=\"https:\/\/www.sweethome3d.com\/images\/star.gif\" alt=\"\u00c9toile\"><img loading=\"lazy\" decoding=\"async\" width=\"12\" height=\"12\" src=\"https:\/\/www.sweethome3d.com\/images\/star.gif\" alt=\"\u00c9toile\"><\/td><td><a href=\"https:\/\/ambientcg.com\/\" target=\"_blank\" rel=\"noopener\">ambientCG<\/a> (nombreuses textures sans couture publi\u00e9es dans le domaine public, \u00e9galement disponibles sous forme de biblioth\u00e8ques SH3T <a href=\"https:\/\/github.com\/fabien-michel\/sweethome3d-textures-ambientcg\" target=\"_blank\" rel=\"noopener\">ici<\/a>)<\/td><\/tr><tr><td><img loading=\"lazy\" decoding=\"async\" width=\"12\" height=\"12\" src=\"https:\/\/www.sweethome3d.com\/images\/star.gif\" alt=\"\u00c9toile\"><img loading=\"lazy\" decoding=\"async\" width=\"12\" height=\"12\" src=\"https:\/\/www.sweethome3d.com\/images\/star.gif\" alt=\"\u00c9toile\"><\/td><td><a href=\"https:\/\/archivetextures.net\/\" class=\"broken_link\" target=\"_blank\" rel=\"noopener\">Archive textures<\/a> (tr\u00e8s grand choix)<\/td><\/tr><tr><td><img loading=\"lazy\" decoding=\"async\" width=\"12\" height=\"12\" src=\"https:\/\/www.sweethome3d.com\/images\/star.gif\" alt=\"\u00c9toile\"><img loading=\"lazy\" decoding=\"async\" width=\"12\" height=\"12\" src=\"https:\/\/www.sweethome3d.com\/images\/star.gif\" alt=\"\u00c9toile\"><\/td><td><a href=\"https:\/\/www.sharetextures.com\/\" target=\"_blank\" rel=\"noopener\">Sharetextures<\/a> (belles textures sans couture publi\u00e9es dans le domaine public)<\/td><\/tr><tr><td><img loading=\"lazy\" decoding=\"async\" width=\"12\" height=\"12\" src=\"https:\/\/www.sweethome3d.com\/images\/star.gif\" alt=\"\u00c9toile\"><img loading=\"lazy\" decoding=\"async\" width=\"12\" height=\"12\" src=\"https:\/\/www.sweethome3d.com\/images\/star.gif\" alt=\"\u00c9toile\"><\/td><td><a href=\"https:\/\/3dtextures.me\/\" target=\"_blank\" rel=\"noopener\">3D textures<\/a> (un autre site avec des textures sans couture publi\u00e9es dans le domaine public)<\/td><\/tr><tr><td><img loading=\"lazy\" decoding=\"async\" width=\"12\" height=\"12\" src=\"https:\/\/www.sweethome3d.com\/images\/star.gif\" alt=\"\u00c9toile\"><img loading=\"lazy\" decoding=\"async\" width=\"12\" height=\"12\" src=\"https:\/\/www.sweethome3d.com\/images\/star.gif\" alt=\"\u00c9toile\"><\/td><td><a href=\"https:\/\/tiled-bg.blogspot.com\/p\/about.html\" target=\"_blank\" rel=\"noopener\">Free Web Gallery of Tile-able Website Backgrounds<\/a> (textures sans couture personnalisables disponibles sous licence CC-BY)<\/td><\/tr><tr><td><img loading=\"lazy\" decoding=\"async\" width=\"12\" height=\"12\" src=\"https:\/\/www.sweethome3d.com\/images\/star.gif\" alt=\"\u00c9toile\"><img loading=\"lazy\" decoding=\"async\" width=\"12\" height=\"12\" src=\"https:\/\/www.sweethome3d.com\/images\/star.gif\" alt=\"\u00c9toile\"><\/td><td><a href=\"https:\/\/www.plaintextures.com\/\" target=\"_blank\" rel=\"noopener\">Plain textures<\/a> (un large choix de textures mais toutes ne sont pas sans couture)<\/td><\/tr><tr><td><img loading=\"lazy\" decoding=\"async\" width=\"12\" height=\"12\" src=\"https:\/\/www.sweethome3d.com\/images\/star.gif\" alt=\"\u00c9toile\"><img loading=\"lazy\" decoding=\"async\" width=\"12\" height=\"12\" src=\"https:\/\/www.sweethome3d.com\/images\/star.gif\" alt=\"\u00c9toile\"><\/td><td><a href=\"https:\/\/www.cgtextures.com\/\" target=\"_blank\" rel=\"noopener\">CG Textures<\/a> (un large choix de textures mais toutes ne sont pas sans couture)<\/td><\/tr><tr><td><img loading=\"lazy\" decoding=\"async\" width=\"12\" height=\"12\" src=\"https:\/\/www.sweethome3d.com\/images\/star.gif\" alt=\"\u00c9toile\"><img loading=\"lazy\" decoding=\"async\" width=\"12\" height=\"12\" src=\"https:\/\/www.sweethome3d.com\/images\/star.gif\" alt=\"\u00c9toile\"><\/td><td><a href=\"https:\/\/blender-archi.tuxfamily.org\/Textures\" target=\"_blank\" rel=\"noopener\">Blender for Architecture<\/a> (int\u00e9ressant pour les <a href=\"https:\/\/blender-archi.tuxfamily.org\/Textures#Horizontal_maps\" target=\"_blank\" rel=\"noopener\">textures de ciel<\/a>)<\/td><\/tr><tr><td><img loading=\"lazy\" decoding=\"async\" width=\"12\" height=\"12\" src=\"https:\/\/www.sweethome3d.com\/images\/star.gif\" alt=\"\u00c9toile\"><img loading=\"lazy\" decoding=\"async\" width=\"12\" height=\"12\" src=\"https:\/\/www.sweethome3d.com\/images\/star.gif\" alt=\"\u00c9toile\"><\/td><td><a href=\"https:\/\/telias.gr\/textures_menu.html\" target=\"_blank\" rel=\"noopener\">Free the models<\/a> (belles textures cr\u00e9\u00e9es par un contributeur de Sweet Home 3D)<\/td><\/tr><tr><td><img loading=\"lazy\" decoding=\"async\" width=\"12\" height=\"12\" src=\"https:\/\/www.sweethome3d.com\/images\/star.gif\" alt=\"\u00c9toile\"><img loading=\"lazy\" decoding=\"async\" width=\"12\" height=\"12\" src=\"https:\/\/www.sweethome3d.com\/images\/star.gif\" alt=\"\u00c9toile\"><\/td><td><a href=\"https:\/\/www.museumtextures.com\/\" target=\"_blank\" rel=\"noopener\">Museum Textures<\/a> (beau choix de textures avec quelques-unes sans couture)<\/td><\/tr><tr><td><img loading=\"lazy\" decoding=\"async\" width=\"12\" height=\"12\" src=\"https:\/\/www.sweethome3d.com\/images\/star.gif\" alt=\"\u00c9toile\"><\/td><td><a href=\"https:\/\/www.alterlinks.com\/textures\/\" class=\"broken_link\" target=\"_blank\" rel=\"noopener\">Alterlinks<\/a> (quelques textures simples)<\/td><\/tr><tr><td><img loading=\"lazy\" decoding=\"async\" width=\"12\" height=\"12\" src=\"https:\/\/www.sweethome3d.com\/images\/star.gif\" alt=\"\u00c9toile\"><\/td><td><a href=\"https:\/\/www.hongkiat.com\/blog\/28-high-resolution-wood-textures-for-designers\/\" target=\"_blank\" rel=\"noopener\">Hongkiat.com<\/a> (textures de bois, la plupart ne sont pas sans couture)<\/td><\/tr><tr><td><img loading=\"lazy\" decoding=\"async\" width=\"12\" height=\"12\" src=\"https:\/\/www.sweethome3d.com\/images\/star.gif\" alt=\"\u00c9toile\"><\/td><td><a href=\"https:\/\/webdesignledger.com\/freebies\/40-beautiful-patterns-and-textures-for-ornate-backgrounds\" target=\"_blank\" rel=\"noopener\">WDL<\/a> (textures de motifs muraux)<\/td><\/tr><\/tbody><\/table><\/figure>\n\n<p>Pour couvrir une surface avec une texture qui se r\u00e9p\u00e8te comme un motif mural, pr\u00e9f\u00e8re choisir une texture sans couture.<\/p>\n\n<p>Pour \u00e9viter de r\u00e9duire les performances de Sweet Home 3D, n&rsquo;importe pas d&rsquo;images avec une r\u00e9solution \u00e9lev\u00e9e (g\u00e9n\u00e9ralement, des images de 256&#215;256 pixels donnent d\u00e9j\u00e0 de bons r\u00e9sultats). Si tu dois r\u00e9duire la r\u00e9solution d&rsquo;une image, tu devrais pr\u00e9f\u00e9rer une meilleure qualit\u00e9 JPEG plut\u00f4t qu&rsquo;une r\u00e9solution plus grande. <\/p>\n\n<p>Respecte la licence des textures que tu peux t\u00e9l\u00e9charger sur ces sites web.<\/p>\n\n<figure class=\"wp-block-image size-large\"><img loading=\"lazy\" decoding=\"async\" width=\"1024\" height=\"276\" src=\"https:\/\/wp-test-1.sweethome3d.eu\/wp-content\/uploads\/2025\/06\/Textures-1024x276.jpg\" alt=\"Importer des textures\" class=\"wp-image-4507\" srcset=\"https:\/\/wp-test-1.sweethome3d.eu\/wp-content\/uploads\/2025\/06\/Textures-1024x276.jpg 1024w, https:\/\/wp-test-1.sweethome3d.eu\/wp-content\/uploads\/2025\/06\/Textures-360x97.jpg 360w, https:\/\/wp-test-1.sweethome3d.eu\/wp-content\/uploads\/2025\/06\/Textures-481x130.jpg 481w, https:\/\/wp-test-1.sweethome3d.eu\/wp-content\/uploads\/2025\/06\/Textures-768x207.jpg 768w, https:\/\/wp-test-1.sweethome3d.eu\/wp-content\/uploads\/2025\/06\/Textures-400x108.jpg 400w, https:\/\/wp-test-1.sweethome3d.eu\/wp-content\/uploads\/2025\/06\/Textures.jpg 1200w\" sizes=\"auto, (max-width: 1024px) 100vw, 1024px\" \/><\/figure>\n\n<hr class=\"wp-block-separator has-text-color has-white-color has-alpha-channel-opacity has-white-background-color has-background\"\/>\n\n<hr class=\"wp-block-separator has-text-color has-white-color has-alpha-channel-opacity has-white-background-color has-background\"\/>\n\n<p class=\"has-text-align-center\">Merci \u00e0 Hans Dirkse pour son aide<\/p>\n\n<p class=\"has-text-align-center\"><a href=\"mailto:info@sweethome3d.com\">Propose d&rsquo;autres sites ou signale un lien mort<\/a><\/p>\n\n<p class=\"has-text-align-center\"><em><em>Derni\u00e8re mise \u00e0 jour : 23\/01\/2023<\/em><\/em><\/p>\n","protected":false},"excerpt":{"rendered":"<p>Cette page liste quelques sources d&rsquo;images de textures gratuites que tu peux importer dans Sweet Home 3D. Sources de textures disponibles Biblioth\u00e8ques de textures Sweet Home 3D te permet d&rsquo;importer des images de textures une par une, ou par groupe de textures stock\u00e9es dans des fichiers SH3T. Un fichier SH3T est une biblioth\u00e8que de textures [&hellip;]<\/p>\n","protected":false},"author":3,"featured_media":12433,"parent":0,"menu_order":0,"comment_status":"closed","ping_status":"closed","template":"","meta":{"inline_featured_image":false,"footnotes":""},"class_list":["post-12434","page","type-page","status-publish","has-post-thumbnail","hentry"],"_links":{"self":[{"href":"https:\/\/wp-test-1.sweethome3d.eu\/fr\/wp-json\/wp\/v2\/pages\/12434","targetHints":{"allow":["GET"]}}],"collection":[{"href":"https:\/\/wp-test-1.sweethome3d.eu\/fr\/wp-json\/wp\/v2\/pages"}],"about":[{"href":"https:\/\/wp-test-1.sweethome3d.eu\/fr\/wp-json\/wp\/v2\/types\/page"}],"author":[{"embeddable":true,"href":"https:\/\/wp-test-1.sweethome3d.eu\/fr\/wp-json\/wp\/v2\/users\/3"}],"replies":[{"embeddable":true,"href":"https:\/\/wp-test-1.sweethome3d.eu\/fr\/wp-json\/wp\/v2\/comments?post=12434"}],"version-history":[{"count":4,"href":"https:\/\/wp-test-1.sweethome3d.eu\/fr\/wp-json\/wp\/v2\/pages\/12434\/revisions"}],"predecessor-version":[{"id":12445,"href":"https:\/\/wp-test-1.sweethome3d.eu\/fr\/wp-json\/wp\/v2\/pages\/12434\/revisions\/12445"}],"wp:featuredmedia":[{"embeddable":true,"href":"https:\/\/wp-test-1.sweethome3d.eu\/fr\/wp-json\/wp\/v2\/media\/12433"}],"wp:attachment":[{"href":"https:\/\/wp-test-1.sweethome3d.eu\/fr\/wp-json\/wp\/v2\/media?parent=12434"}],"curies":[{"name":"wp","href":"https:\/\/api.w.org\/{rel}","templated":true}]}}