{"id":5280,"date":"2025-09-19T09:07:08","date_gmt":"2025-09-19T09:07:08","guid":{"rendered":"https:\/\/wp-test-1.sweethome3d.eu\/dons\/"},"modified":"2025-11-11T14:40:07","modified_gmt":"2025-11-11T14:40:07","slug":"dons","status":"publish","type":"page","link":"https:\/\/wp-test-1.sweethome3d.eu\/fr\/dons\/","title":{"rendered":"Dons"},"content":{"rendered":"\n<p class=\"has-text-align-center\"><a href=\"\/\" data-action=\"wce_test\">Sweet Home 3D<\/a> t&rsquo;a aid\u00e9 avec succ\u00e8s dans ton projet ?<br\/>Tu appr\u00e9cies l&rsquo;aide offerte par ce site web ?<br\/>Tu appr\u00e9cies l&rsquo;absence de publicit\u00e9 sur ce site ?<\/p>\n\n<p class=\"has-text-align-center\">Then&#8230; don&rsquo;t hesitate longer! Help <a href=\"https:\/\/wp-test-1.sweethome3d.eu\/fr\/telecharger\/\" data-type=\"page\" data-id=\"396\" data-action=\"wce_test\">Sweet Home 3D<\/a> and donate to this project.<br\/>It will be deeply appreciated.<\/p>\n\n<p class=\"has-text-align-center\">Il te suffit d&rsquo;entrer le montant de ton don ci-dessous<br\/>et de cliquer sur le bouton Paypal <em>Faire un don<\/em>.<\/p>\n\n\n\t<div id=\"donate-button-container\" style=\"text-align:center; margin:2rem 0;\">\n\t\t<div id=\"donate-button\"><\/div>\n\t\t<script src=\"https:\/\/www.paypalobjects.com\/donate\/sdk\/donate-sdk.js\" charset=\"UTF-8\"><\/script>\n\t\t<script>\n\t\t\tPayPal.Donation.Button({\n\t\t\t\tenv: 'production',\n\t\t\t\thosted_button_id: 'Q2F4V9B6WMY7N',\n\t\t\t\timage: {\n\t\t\t\t\tsrc: 'https:\/\/wp-test-1.sweethome3d.eu\/wp-content\/themes\/sh3d\/assets\/img\/paypal\/btn_donateCC_LG_en_US.gif',\n\t\t\t\t\talt: 'Donate with PayPal button',\n\t\t\t\t\ttitle: 'PayPal - The safer, easier way to pay online!'\n\t\t\t\t}\n\t\t\t}).render('#donate-button');\n\t\t<\/script>\n\t<\/div>\n\n\t\n","protected":false},"excerpt":{"rendered":"<p>Sweet Home 3D t&rsquo;a aid\u00e9 avec succ\u00e8s dans ton projet ?Tu appr\u00e9cies l&rsquo;aide offerte par ce site web ?Tu appr\u00e9cies l&rsquo;absence de publicit\u00e9 sur ce site ? Then&#8230; don&rsquo;t hesitate longer! Help Sweet Home 3D and donate to this project.It will be deeply appreciated. Il te suffit d&rsquo;entrer le montant de ton don ci-dessouset de [&hellip;]<\/p>\n","protected":false},"author":2,"featured_media":0,"parent":0,"menu_order":0,"comment_status":"closed","ping_status":"closed","template":"","meta":{"inline_featured_image":false,"footnotes":""},"class_list":["post-5280","page","type-page","status-publish","hentry"],"_links":{"self":[{"href":"https:\/\/wp-test-1.sweethome3d.eu\/fr\/wp-json\/wp\/v2\/pages\/5280","targetHints":{"allow":["GET"]}}],"collection":[{"href":"https:\/\/wp-test-1.sweethome3d.eu\/fr\/wp-json\/wp\/v2\/pages"}],"about":[{"href":"https:\/\/wp-test-1.sweethome3d.eu\/fr\/wp-json\/wp\/v2\/types\/page"}],"author":[{"embeddable":true,"href":"https:\/\/wp-test-1.sweethome3d.eu\/fr\/wp-json\/wp\/v2\/users\/2"}],"replies":[{"embeddable":true,"href":"https:\/\/wp-test-1.sweethome3d.eu\/fr\/wp-json\/wp\/v2\/comments?post=5280"}],"version-history":[{"count":5,"href":"https:\/\/wp-test-1.sweethome3d.eu\/fr\/wp-json\/wp\/v2\/pages\/5280\/revisions"}],"predecessor-version":[{"id":12806,"href":"https:\/\/wp-test-1.sweethome3d.eu\/fr\/wp-json\/wp\/v2\/pages\/5280\/revisions\/12806"}],"wp:attachment":[{"href":"https:\/\/wp-test-1.sweethome3d.eu\/fr\/wp-json\/wp\/v2\/media?parent=5280"}],"curies":[{"name":"wp","href":"https:\/\/api.w.org\/{rel}","templated":true}]}}