{"id":6415,"date":"2025-09-18T11:00:31","date_gmt":"2025-09-18T11:00:31","guid":{"rendered":"https:\/\/wp-test-1.sweethome3d.eu\/sweet-home-3d-online-manager\/"},"modified":"2025-11-07T13:09:15","modified_gmt":"2025-11-07T13:09:15","slug":"sweet-home-3d-online-manager","status":"publish","type":"page","link":"https:\/\/wp-test-1.sweethome3d.eu\/fr\/sweet-home-3d-online-manager\/","title":{"rendered":"Sweet Home 3D Online Manager"},"content":{"rendered":"<h2 class=\"wp-block-heading has-text-align-center\" id=\"concevez-votre-maison-directement-depuis-le-navigateur\">Concevez votre maison directement depuis le navigateur<\/h2><h3 class=\"wp-block-heading has-text-align-center\" id=\"essayez-sweet-home-3d-js-online-en-version-demo\">Essayez Sweet Home 3D JS Online en version d\u00e9mo<\/h3><div class=\"wp-block-image\">\n<figure class=\"aligncenter size-full\"><img loading=\"lazy\" decoding=\"async\" width=\"128\" height=\"74\" src=\"https:\/\/wp-test-1.sweethome3d.eu\/wp-content\/uploads\/2025\/09\/smartphoneTabletComputer.png\" alt=\"\" class=\"wp-image-496\"\/><\/figure>\n<\/div>\n<p class=\"has-text-align-center\"><strong>Sweet Home 3D Online Manager<\/strong> est un puissant <strong>service de conception d\u2019int\u00e9rieur<\/strong> qui vous permet de cr\u00e9er le <strong>plan de votre maison<\/strong> directement depuis le navigateur, sans installation n\u00e9cessaire. <\/p>\n\n<p class=\"has-text-align-center\"><a href=\"https:\/\/www.sweethome3d.com\/SweetHome3DJSOnline.jsp\" data-type=\"link\" data-id=\"https:\/\/www.sweethome3d.com\/SweetHome3DJSOnline.jsp\" data-action=\"wce_online_testonline_hyperlink\" target=\"_blank\" rel=\"noopener\">Essayez Sweet Home 3D JS Online en version d\u00e9mo<\/a><\/p>\n\n<p class=\"has-text-align-center\">Si vous utilisez la la version de Sweet Home 3D disponible en <a href=\"https:\/\/wp-test-1.sweethome3d.eu\/fr\/telecharger\/\" data-type=\"page\" data-id=\"396\">t\u00e9l\u00e9chargement<\/a>, vous pouvez \u00e9galement <a href=\"https:\/\/wp-test-1.sweethome3d.eu\/fr\/guide-dutilisation-de-sweet-home-3d\/#importing-home-blueprint\" data-type=\"link\" data-id=\"https:\/\/wp-test-1.sweethome3d.eu\/users-guide\/#importing-home-blueprint\">importer<\/a> le fichier de votre projet, <a href=\"https:\/\/wp-test-1.sweethome3d.eu\/fr\/guide-dutilisation-de-sweet-home-3d\/#editing-3d-view\" data-type=\"link\" data-id=\"https:\/\/wp-test-1.sweethome3d.eu\/users-guide\/#editing-3d-view\">le visualiser en 2D \/ 3D<\/a>, le modifier et l&rsquo;<a href=\"https:\/\/wp-test-1.sweethome3d.eu\/fr\/guide-dutilisation-de-sweet-home-3d\/#export-to-obj-format\" data-type=\"link\" data-id=\"https:\/\/wp-test-1.sweethome3d.eu\/users-guide\/#export-to-obj-format\">exporter<\/a> avec cet outil \u2014 en faisant un <strong>g\u00e9n\u00e9rateur de plans<\/strong> pratique et un <strong>logiciel de design d\u2019int\u00e9rieur<\/strong> performant.<\/p>\n\n<p class=\"has-text-align-center\"><a href=\"#download\" data-type=\"internal\" data-id=\"#download\">T\u00e9l\u00e9charger la version compl\u00e8te<\/a> pour acc\u00e9der \u00e0 plus de 10 000 <a href=\"https:\/\/wp-test-1.sweethome3d.eu\/fr\/importer-des-modeles-dans-sweet-home-3d-ajouter-des-meubles-et-objets-3d-personnalises\/\" data-type=\"page\" data-id=\"432\">mod\u00e8les 3D<\/a>, 400 <a href=\"https:\/\/wp-test-1.sweethome3d.eu\/fr\/importer-des-textures\/\" data-type=\"page\" data-id=\"4928\">textures<\/a>, et \u00e0 la possibilit\u00e9 d&rsquo;ajouter des fonctionnalit\u00e9s uniques pour une <a href=\"https:\/\/wp-test-1.sweethome3d.eu\/fr\/guide-dutilisation-de-sweet-home-3d\/#starting-a-new-home\" data-type=\"link\" data-id=\"https:\/\/wp-test-1.sweethome3d.eu\/users-guide\/#starting-a-new-home\">exp\u00e9rience de design<\/a> enti\u00e8rement personnalis\u00e9e.<\/p>\n\n<div class=\"wp-block-buttons is-content-justification-center is-layout-flex wp-container-core-buttons-is-layout-16018d1d wp-block-buttons-is-layout-flex\">\n<div class=\"wp-block-button\" data-page=\"online\" data-append-os=\"true\"><a class=\"wp-block-button__link wp-element-button\" href=\"#download\"><img loading=\"lazy\" decoding=\"async\" width=\"21\" height=\"21\" class=\"wp-image-390\" style=\"width: 21px;\" src=\"http:\/\/wp-test-1.sweethome3d.eu\/wp-content\/uploads\/2025\/09\/download-bottom.svg\" alt=\"\"\/> T\u00e9l\u00e9charger Sweet Home 3D<\/a><\/div>\n<\/div>\n<h3 class=\"wp-block-heading has-text-align-center\" id=\"comment-utiliser-sweet-home-3d-js-online\">Comment utiliser Sweet Home 3D JS Online<\/h3>\n<p class=\"has-text-align-center\"><strong>Sweet Home 3D Online Manager<\/strong> est un service qui vois permet de concevoir des <strong>plans de maison<\/strong> en ligne avec tout navigateur compatible avec <a href=\"https:\/\/caniuse.com\/webgl\" target=\"_blank\" rel=\"noopener\">WebGL<\/a>.<\/p>\n\n<p class=\"has-text-align-center\">Vous pouvez tester ce service en cliquant sur le lien ci-dessous, mais si tu veux pouvoir <strong>sauvegarder<\/strong> ta conception, <a href=\"https:\/\/www.sweethome3d.com\/support\/forum\/registermember\" target=\"_blank\" rel=\"noopener\">inscrivez-vous<\/a> gratuitement, puis <a href=\"https:\/\/www.sweethome3d.com\/support\/forum\/login?url=https%3A%2F%2Fwww.sweethome3d.com%2FSweetHome3DOnlineManager.jsp&amp;forumLogin=false&amp;lang=en\" target=\"_blank\" rel=\"noopener\">connectez-vous<\/a>.<\/p>\n<div class=\"wp-block-image\">\n<figure class=\"aligncenter size-large is-resized\" data-action=\"wce_online_picture\"><img loading=\"lazy\" decoding=\"async\" width=\"1024\" height=\"768\" src=\"https:\/\/wp-test-1.sweethome3d.eu\/wp-content\/uploads\/2025\/09\/SweetHome3DJSOnlineWindows-1024x768.jpg\" alt=\"Sweet Home 3D Online Manager\" class=\"wp-image-498\" style=\"width:600px\" srcset=\"https:\/\/wp-test-1.sweethome3d.eu\/wp-content\/uploads\/2025\/09\/SweetHome3DJSOnlineWindows-1024x768.jpg 1024w, https:\/\/wp-test-1.sweethome3d.eu\/wp-content\/uploads\/2025\/09\/SweetHome3DJSOnlineWindows-173x130.jpg 173w, https:\/\/wp-test-1.sweethome3d.eu\/wp-content\/uploads\/2025\/09\/SweetHome3DJSOnlineWindows-360x270.jpg 360w, https:\/\/wp-test-1.sweethome3d.eu\/wp-content\/uploads\/2025\/09\/SweetHome3DJSOnlineWindows-768x576.jpg 768w, https:\/\/wp-test-1.sweethome3d.eu\/wp-content\/uploads\/2025\/09\/SweetHome3DJSOnlineWindows-400x300.jpg 400w, https:\/\/wp-test-1.sweethome3d.eu\/wp-content\/uploads\/2025\/09\/SweetHome3DJSOnlineWindows-120x90.jpg 120w, https:\/\/wp-test-1.sweethome3d.eu\/wp-content\/uploads\/2025\/09\/SweetHome3DJSOnlineWindows.jpg 1200w\" sizes=\"auto, (max-width: 1024px) 100vw, 1024px\" \/><\/figure>\n<\/div>","protected":false},"excerpt":{"rendered":"<p>Concevez votre maison directement depuis le navigateur Essayez Sweet Home 3D JS Online en version d\u00e9mo Sweet Home 3D Online Manager est un puissant service de conception d\u2019int\u00e9rieur qui vous permet de cr\u00e9er le plan de votre maison directement depuis le navigateur, sans installation n\u00e9cessaire. Essayez Sweet Home 3D JS Online en version d\u00e9mo Si [&hellip;]<\/p>\n","protected":false},"author":2,"featured_media":6414,"parent":0,"menu_order":0,"comment_status":"closed","ping_status":"closed","template":"","meta":{"inline_featured_image":false,"footnotes":""},"class_list":["post-6415","page","type-page","status-publish","has-post-thumbnail","hentry"],"_links":{"self":[{"href":"https:\/\/wp-test-1.sweethome3d.eu\/fr\/wp-json\/wp\/v2\/pages\/6415","targetHints":{"allow":["GET"]}}],"collection":[{"href":"https:\/\/wp-test-1.sweethome3d.eu\/fr\/wp-json\/wp\/v2\/pages"}],"about":[{"href":"https:\/\/wp-test-1.sweethome3d.eu\/fr\/wp-json\/wp\/v2\/types\/page"}],"author":[{"embeddable":true,"href":"https:\/\/wp-test-1.sweethome3d.eu\/fr\/wp-json\/wp\/v2\/users\/2"}],"replies":[{"embeddable":true,"href":"https:\/\/wp-test-1.sweethome3d.eu\/fr\/wp-json\/wp\/v2\/comments?post=6415"}],"version-history":[{"count":7,"href":"https:\/\/wp-test-1.sweethome3d.eu\/fr\/wp-json\/wp\/v2\/pages\/6415\/revisions"}],"predecessor-version":[{"id":12656,"href":"https:\/\/wp-test-1.sweethome3d.eu\/fr\/wp-json\/wp\/v2\/pages\/6415\/revisions\/12656"}],"wp:featuredmedia":[{"embeddable":true,"href":"https:\/\/wp-test-1.sweethome3d.eu\/fr\/wp-json\/wp\/v2\/media\/6414"}],"wp:attachment":[{"href":"https:\/\/wp-test-1.sweethome3d.eu\/fr\/wp-json\/wp\/v2\/media?parent=6415"}],"curies":[{"name":"wp","href":"https:\/\/api.w.org\/{rel}","templated":true}]}}