{"id":8664,"date":"2025-09-18T11:52:42","date_gmt":"2025-09-18T11:52:42","guid":{"rendered":"https:\/\/wp-test-1.sweethome3d.eu\/fonctionnalites-de-sweet-home-3d\/"},"modified":"2025-11-04T18:41:48","modified_gmt":"2025-11-04T18:41:48","slug":"fonctionnalites-de-sweet-home-3d","status":"publish","type":"page","link":"https:\/\/wp-test-1.sweethome3d.eu\/fr\/fonctionnalites-de-sweet-home-3d\/","title":{"rendered":"Fonctionnalit\u00e9s de Sweet Home 3D"},"content":{"rendered":"<h2 class=\"wp-block-heading has-text-align-center\" id=\"decouvrez-les-principales-fonctionnalites-offertes-par-sweet-home-3d\">D\u00e9couvrez les principales fonctionnalit\u00e9s offertes par Sweet Home 3D<\/h2>\n<p class=\"has-text-align-center\">D\u00e9couvrez les principales fonctionnalit\u00e9s offertes par <strong><a href=\"https:\/\/wp-test-1.sweethome3d.eu\/fr\/telecharger\/\" data-type=\"page\" data-id=\"396\">Sweet Home 3D<\/a><\/strong>,<br \/>une application gratuite de design d\u2019int\u00e9rieur disponible sur <a href=\"https:\/\/www.sweethome3d.com\/\" target=\"_blank\" rel=\"noopener\">https:\/\/www.sweethome3d.com<\/a>.<\/p>\n\n<p class=\"has-text-align-center\">Sweet Home 3D est un logiciel de design d\u2019int\u00e9rieur puissant et intuitif qui vous aide \u00e0 cr\u00e9er facilement des plans d\u00e9taill\u00e9s de maison et des id\u00e9es d\u2019int\u00e9rieur styl\u00e9es. Que vous soyez un professionnel ou un passionn\u00e9, ce logiciel a tout ce qu\u2019il faut pour vous aider \u00e0 concevoir vos am\u00e9nagements. <\/p>\n<div class=\"wp-block-image\">\n<figure class=\"aligncenter size-full\"><img loading=\"lazy\" decoding=\"async\" width=\"393\" height=\"266\" src=\"https:\/\/wp-test-1.sweethome3d.eu\/wp-content\/uploads\/2025\/09\/SweetHome3DSmall.jpg\" alt=\"Fonctionnalit&#xE9;s de Sweet Home 3D\" class=\"wp-image-501\" srcset=\"https:\/\/wp-test-1.sweethome3d.eu\/wp-content\/uploads\/2025\/09\/SweetHome3DSmall.jpg 393w, https:\/\/wp-test-1.sweethome3d.eu\/wp-content\/uploads\/2025\/09\/SweetHome3DSmall-192x130.jpg 192w, https:\/\/wp-test-1.sweethome3d.eu\/wp-content\/uploads\/2025\/09\/SweetHome3DSmall-360x244.jpg 360w, https:\/\/wp-test-1.sweethome3d.eu\/wp-content\/uploads\/2025\/09\/SweetHome3DSmall-133x90.jpg 133w\" sizes=\"auto, (max-width: 393px) 100vw, 393px\" \/><\/figure>\n<\/div>\n<div style=\"height:50px\" aria-hidden=\"true\" class=\"wp-block-spacer\"><\/div>\n<h3 class=\"wp-block-heading has-text-align-center\" id=\"dessiner-les-murs-et-creer-des-plans-precis\">Dessiner les murs et cr\u00e9er des plans pr\u00e9cis<\/h3>\n<hr class=\"wp-block-separator has-alpha-channel-opacity is-style-default\" \/>\n\n<div class=\"wp-block-group is-nowrap is-layout-flex wp-container-core-group-is-layout-ad2f72ca wp-block-group-is-layout-flex\">\n<div class=\"wp-block-group is-nowrap is-layout-flex wp-container-core-group-is-layout-ad2f72ca wp-block-group-is-layout-flex\">\n<p><strong>Dessinez<\/strong> des <strong><a href=\"https:\/\/wp-test-1.sweethome3d.eu\/fr\/guide-dutilisation-de-sweet-home-3d\/#drawing-walls\" data-type=\"link\" data-id=\"https:\/\/wp-test-1.sweethome3d.eu\/users-guide\/#drawing-walls\">murs<\/a><\/strong> droits, arrondis ou inclin\u00e9s avec des dimensions exactes \u00e0 la souris ou au clavier<\/p>\n<\/div>\n\n\n\n<figure class=\"wp-block-image size-full is-resized\"><img loading=\"lazy\" decoding=\"async\" width=\"275\" height=\"100\" src=\"https:\/\/wp-test-1.sweethome3d.eu\/wp-content\/uploads\/2025\/09\/drawWalls.png\" alt=\"\" class=\"wp-image-504\" style=\"width:275px\" srcset=\"https:\/\/wp-test-1.sweethome3d.eu\/wp-content\/uploads\/2025\/09\/drawWalls.png 275w, https:\/\/wp-test-1.sweethome3d.eu\/wp-content\/uploads\/2025\/09\/drawWalls-248x90.png 248w\" sizes=\"auto, (max-width: 275px) 100vw, 275px\" \/><\/figure>\n<\/div>\n\n<hr class=\"wp-block-separator has-alpha-channel-opacity\" \/>\n\n<div class=\"wp-block-group is-nowrap is-layout-flex wp-container-core-group-is-layout-ad2f72ca wp-block-group-is-layout-flex\">\n<figure class=\"wp-block-image size-full is-resized\"><img loading=\"lazy\" decoding=\"async\" width=\"275\" height=\"100\" src=\"https:\/\/wp-test-1.sweethome3d.eu\/wp-content\/uploads\/2025\/09\/annotate.png\" alt=\"\" class=\"wp-image-505\" style=\"width:275px\" srcset=\"https:\/\/wp-test-1.sweethome3d.eu\/wp-content\/uploads\/2025\/09\/annotate.png 275w, https:\/\/wp-test-1.sweethome3d.eu\/wp-content\/uploads\/2025\/09\/annotate-248x90.png 248w\" sizes=\"auto, (max-width: 275px) 100vw, 275px\" \/><\/figure>\n\n\n\n<p><strong>Annotez le plan <\/strong>avec les <a href=\"https:\/\/wp-test-1.sweethome3d.eu\/fr\/guide-dutilisation-de-sweet-home-3d\/#drawing-rooms\" data-type=\"link\" data-id=\"https:\/\/wp-test-1.sweethome3d.eu\/users-guide\/#drawing-rooms\">surfaces, <\/a> les<a href=\"https:\/\/wp-test-1.sweethome3d.eu\/fr\/guide-dutilisation-de-sweet-home-3d\/#drawing-dimensions\"> cotes<\/a>, les <a href=\"https:\/\/wp-test-1.sweethome3d.eu\/fr\/guide-dutilisation-de-sweet-home-3d\/#adding-texts\" data-type=\"link\" data-id=\"https:\/\/wp-test-1.sweethome3d.eu\/users-guide\/#adding-texts\">textes<\/a>, les fl\u00e8ches et affichez le Nord avec une rose des vents.<\/p>\n<\/div>\n<h3 class=\"wp-block-heading has-text-align-center\" id=\"inserer-portes-fenetres-meubles-et-personnaliser-chaque-piece\">Ins\u00e9rer portes, fen\u00eatres, meubles et personnaliser chaque pi\u00e8ce<\/h3>\n<hr class=\"wp-block-separator has-alpha-channel-opacity\" \/>\n\n<div class=\"wp-block-group is-nowrap is-layout-flex wp-container-core-group-is-layout-ad2f72ca wp-block-group-is-layout-flex\">\n<p><strong> Glissez-d\u00e9posez <a href=\"https:\/\/wp-test-1.sweethome3d.eu\/fr\/guide-dutilisation-de-sweet-home-3d\/#adding-doors-windows-and-furniture\">portes et fen\u00eatres<\/a><\/strong> dans les murs et laisseiz <a href=\"https:\/\/wp-test-1.sweethome3d.eu\/fr\/telecharger\/\" data-type=\"page\" data-id=\"396\">Sweet Home 3D<\/a> cr\u00e9er automatiquement les ouvertures.<\/p>\n\n\n\n<figure class=\"wp-block-image size-full is-resized\"><img loading=\"lazy\" decoding=\"async\" width=\"275\" height=\"100\" src=\"https:\/\/wp-test-1.sweethome3d.eu\/wp-content\/uploads\/2025\/09\/insertDoors.png\" alt=\"\" class=\"wp-image-506\" style=\"width:275px\" srcset=\"https:\/\/wp-test-1.sweethome3d.eu\/wp-content\/uploads\/2025\/09\/insertDoors.png 275w, https:\/\/wp-test-1.sweethome3d.eu\/wp-content\/uploads\/2025\/09\/insertDoors-248x90.png 248w\" sizes=\"auto, (max-width: 275px) 100vw, 275px\" \/><\/figure>\n<\/div>\n\n<hr class=\"wp-block-separator has-alpha-channel-opacity\" \/>\n\n<div class=\"wp-block-group is-nowrap is-layout-flex wp-container-core-group-is-layout-ad2f72ca wp-block-group-is-layout-flex\">\n<figure class=\"wp-block-image size-full is-resized\"><img loading=\"lazy\" decoding=\"async\" width=\"275\" height=\"100\" src=\"https:\/\/wp-test-1.sweethome3d.eu\/wp-content\/uploads\/2025\/09\/addFurniture.png\" alt=\"\" class=\"wp-image-507\" style=\"width:275px\" srcset=\"https:\/\/wp-test-1.sweethome3d.eu\/wp-content\/uploads\/2025\/09\/addFurniture.png 275w, https:\/\/wp-test-1.sweethome3d.eu\/wp-content\/uploads\/2025\/09\/addFurniture-248x90.png 248w\" sizes=\"auto, (max-width: 275px) 100vw, 275px\" \/><\/figure>\n\n\n\n<p><strong><a href=\"https:\/\/wp-test-1.sweethome3d.eu\/fr\/guide-dutilisation-de-sweet-home-3d\/#adding-doors-windows-and-furniture\">Ajoutez des meubles<\/a><\/strong> depuis un catalogue extensible et organis\u00e9 par pi\u00e8ces (cuisine, salon, chambre, salle de bain\u2026).<\/p>\n<\/div>\n\n<hr class=\"wp-block-separator has-alpha-channel-opacity\" \/>\n\n<div class=\"wp-block-group is-nowrap is-layout-flex wp-container-core-group-is-layout-ad2f72ca wp-block-group-is-layout-flex\">\n<p><strong><a href=\"https:\/\/wp-test-1.sweethome3d.eu\/fr\/guide-dutilisation-de-sweet-home-3d\/#adding-doors-windows-and-furniture\">Modifiez couleur<\/a>, texture<\/strong>, la taille, \u00e9paisseur, position et orientation des meubles, murs, sols et plafonds.<\/p>\n\n\n\n<figure class=\"wp-block-image size-full is-resized\"><img loading=\"lazy\" decoding=\"async\" width=\"275\" height=\"100\" src=\"https:\/\/wp-test-1.sweethome3d.eu\/wp-content\/uploads\/2025\/09\/changeTexture.png\" alt=\"\" class=\"wp-image-508\" style=\"width:275px\" srcset=\"https:\/\/wp-test-1.sweethome3d.eu\/wp-content\/uploads\/2025\/09\/changeTexture.png 275w, https:\/\/wp-test-1.sweethome3d.eu\/wp-content\/uploads\/2025\/09\/changeTexture-248x90.png 248w\" sizes=\"auto, (max-width: 275px) 100vw, 275px\" \/><\/figure>\n<\/div>\n<h3 class=\"wp-block-heading has-text-align-center\" id=\"visualiser-en-2d-et-3d\">Visualiser en 2D et 3D<\/h3>\n<hr class=\"wp-block-separator has-alpha-channel-opacity\" \/>\n\n<div class=\"wp-block-group is-nowrap is-layout-flex wp-container-core-group-is-layout-ad2f72ca wp-block-group-is-layout-flex\">\n<figure class=\"wp-block-image size-full is-resized\"><img loading=\"lazy\" decoding=\"async\" width=\"275\" height=\"100\" src=\"https:\/\/wp-test-1.sweethome3d.eu\/wp-content\/uploads\/2025\/09\/view3D.png\" alt=\"\" class=\"wp-image-509\" style=\"width:275px\" srcset=\"https:\/\/wp-test-1.sweethome3d.eu\/wp-content\/uploads\/2025\/09\/view3D.png 275w, https:\/\/wp-test-1.sweethome3d.eu\/wp-content\/uploads\/2025\/09\/view3D-248x90.png 248w\" sizes=\"auto, (max-width: 275px) 100vw, 275px\" \/><\/figure>\n\n\n\n<p>Visualisez le plan en 2D tout en <strong>naviguant<\/strong> <a href=\"https:\/\/wp-test-1.sweethome3d.eu\/fr\/guide-dutilisation-de-sweet-home-3d\/#editing-3d-view\">en 3D <\/a>vue a\u00e9rienne ou en visite virtuelle.<\/p>\n<\/div>\n\n<hr class=\"wp-block-separator has-alpha-channel-opacity\" \/>\n\n<div class=\"wp-block-group is-nowrap is-layout-flex wp-container-core-group-is-layout-ad2f72ca wp-block-group-is-layout-flex\">\n<p><strong>Cr\u00e9ez des <a href=\"https:\/\/wp-test-1.sweethome3d.eu\/fr\/guide-dutilisation-de-sweet-home-3d\/#creating-photos-of-the-3d-view\">images<\/a><\/strong> <strong>et <a href=\"https:\/\/wp-test-1.sweethome3d.eu\/fr\/guide-dutilisation-de-sweet-home-3d\/#creating-3d-videos\">vid\u00e9os<\/a><\/strong> photor\u00e9alistes, en personnalisant les \u00e9clairages et les effets de soleil selon l\u2019heure et la localisation.<\/p>\n\n\n\n<figure class=\"wp-block-image size-full is-resized\"><img loading=\"lazy\" decoding=\"async\" width=\"275\" height=\"100\" src=\"https:\/\/wp-test-1.sweethome3d.eu\/wp-content\/uploads\/2025\/09\/createPhoto.jpg\" alt=\"\" class=\"wp-image-510\" style=\"width:275px\" srcset=\"https:\/\/wp-test-1.sweethome3d.eu\/wp-content\/uploads\/2025\/09\/createPhoto.jpg 275w, https:\/\/wp-test-1.sweethome3d.eu\/wp-content\/uploads\/2025\/09\/createPhoto-248x90.jpg 248w\" sizes=\"auto, (max-width: 275px) 100vw, 275px\" \/><\/figure>\n<\/div>\n<h3 class=\"wp-block-heading has-text-align-center\" id=\"importation-amp-exportation\">Importation &amp; Exportation<\/h3>\n<hr class=\"wp-block-separator has-alpha-channel-opacity\" \/>\n\n<div class=\"wp-block-group is-nowrap is-layout-flex wp-container-core-group-is-layout-ad2f72ca wp-block-group-is-layout-flex\">\n<figure class=\"wp-block-image size-full is-resized\"><img loading=\"lazy\" decoding=\"async\" width=\"275\" height=\"100\" src=\"https:\/\/wp-test-1.sweethome3d.eu\/wp-content\/uploads\/2025\/09\/importFurniture.png\" alt=\"\" class=\"wp-image-511\" style=\"width:275px\" srcset=\"https:\/\/wp-test-1.sweethome3d.eu\/wp-content\/uploads\/2025\/09\/importFurniture.png 275w, https:\/\/wp-test-1.sweethome3d.eu\/wp-content\/uploads\/2025\/09\/importFurniture-248x90.png 248w\" sizes=\"auto, (max-width: 275px) 100vw, 275px\" \/><\/figure>\n\n\n\n<p><a href=\"https:\/\/wp-test-1.sweethome3d.eu\/fr\/guide-dutilisation-de-sweet-home-3d\/#importing-home-blueprint\"><strong>Importez<\/strong> un plan<\/a> pour <a href=\"https:\/\/wp-test-1.sweethome3d.eu\/fr\/guide-dutilisation-de-sweet-home-3d\/#drawing-walls\" data-type=\"link\" data-id=\"https:\/\/wp-test-1.sweethome3d.eu\/users-guide\/#drawing-walls\">dessiner <\/a>dessus, des <a href=\"https:\/\/wp-test-1.sweethome3d.eu\/fr\/importer-des-modeles-dans-sweet-home-3d-ajouter-des-meubles-et-objets-3d-personnalises\/\" data-type=\"page\" data-id=\"432\">mod\u00e8les 3D<\/a>, et des <a href=\"https:\/\/wp-test-1.sweethome3d.eu\/fr\/importer-des-textures\/\" data-type=\"page\" data-id=\"4928\">textures<\/a> pour personnaliser les surfaces.<\/p>\n<\/div>\n\n<hr class=\"wp-block-separator has-alpha-channel-opacity\" \/>\n\n<div class=\"wp-block-group is-nowrap is-layout-flex wp-container-core-group-is-layout-ad2f72ca wp-block-group-is-layout-flex\">\n<p><strong>Exportez<\/strong> en PDF, images bitmap ou vectorielles, vid\u00e9os et des fichiers 3D aux formats standards.<\/p>\n\n\n\n<figure class=\"wp-block-image size-full is-resized\"><img loading=\"lazy\" decoding=\"async\" width=\"275\" height=\"71\" src=\"https:\/\/wp-test-1.sweethome3d.eu\/wp-content\/uploads\/2025\/09\/export.png\" alt=\"\" class=\"wp-image-512\" style=\"width:275px\" \/><\/figure>\n<\/div>\n<h3 class=\"wp-block-heading has-text-align-center\" id=\"autres-informations\">Autres informations<\/h3>\n<hr class=\"wp-block-separator has-alpha-channel-opacity\" \/>\n\n<div class=\"wp-block-group is-nowrap is-layout-flex wp-container-core-group-is-layout-ad2f72ca wp-block-group-is-layout-flex\">\n<figure class=\"wp-block-image size-full is-resized\"><img loading=\"lazy\" decoding=\"async\" width=\"275\" height=\"100\" src=\"https:\/\/wp-test-1.sweethome3d.eu\/wp-content\/uploads\/2025\/09\/extend.png\" alt=\"\" class=\"wp-image-513\" style=\"width:275px\" srcset=\"https:\/\/wp-test-1.sweethome3d.eu\/wp-content\/uploads\/2025\/09\/extend.png 275w, https:\/\/wp-test-1.sweethome3d.eu\/wp-content\/uploads\/2025\/09\/extend-248x90.png 248w\" sizes=\"auto, (max-width: 275px) 100vw, 275px\" \/><\/figure>\n\n\n\n<p><strong>\u00c9tendez les fonctionnalit\u00e9s<\/strong> de Sweet Home 3D gr\u00e2ce a des <a href=\"https:\/\/wp-test-1.sweethome3d.eu\/fr\/plug-in-developers-guide\/\" data-type=\"page\" data-id=\"4964\">plug-ins<\/a> en Java, ou en <a href=\"https:\/\/wp-test-1.sweethome3d.eu\/fr\/documentation\/#developers-guides\" data-type=\"link\" data-id=\"https:\/\/wp-test-1.sweethome3d.eu\/documentation\/#developers-guides\">d\u00e9veloppant<\/a> une version personnalis\u00e9e.<\/p>\n<\/div>\n\n<hr class=\"wp-block-separator has-alpha-channel-opacity\" \/>\n\n<div class=\"wp-block-group is-nowrap is-layout-flex wp-container-core-group-is-layout-ad2f72ca wp-block-group-is-layout-flex\">\n<p><strong>Choisissez la langue<\/strong> de l&rsquo;interface parmi <a href=\"https:\/\/wp-test-1.sweethome3d.eu\/fr\/traductions\/\" type=\"page\" id=\"439\" class=\"broken_link\">29 langues<\/a>.<\/p>\n\n\n\n<figure class=\"wp-block-image size-full is-resized\"><img loading=\"lazy\" decoding=\"async\" width=\"275\" height=\"38\" src=\"https:\/\/wp-test-1.sweethome3d.eu\/wp-content\/uploads\/2025\/09\/chooseLanguage.png\" alt=\"\" class=\"wp-image-514\" style=\"width:275px\" \/><\/figure>\n<\/div>\n\n<hr class=\"wp-block-separator has-alpha-channel-opacity\" \/>\n\n<div class=\"wp-block-group is-nowrap is-layout-flex wp-container-core-group-is-layout-ad2f72ca wp-block-group-is-layout-flex\">\n<figure class=\"wp-block-image size-full is-resized\"><img loading=\"lazy\" decoding=\"async\" width=\"275\" height=\"100\" src=\"https:\/\/wp-test-1.sweethome3d.eu\/wp-content\/uploads\/2025\/09\/run.png\" alt=\"\" class=\"wp-image-515\" style=\"width:275px\" srcset=\"https:\/\/wp-test-1.sweethome3d.eu\/wp-content\/uploads\/2025\/09\/run.png 275w, https:\/\/wp-test-1.sweethome3d.eu\/wp-content\/uploads\/2025\/09\/run-248x90.png 248w\" sizes=\"auto, (max-width: 275px) 100vw, 275px\" \/><\/figure>\n\n\n\n<p><strong><a href=\"https:\/\/wp-test-1.sweethome3d.eu\/fr\/telecharger\/\" data-type=\"page\" data-id=\"396\">T\u00e9l\u00e9chargez<\/a><\/strong> Sweet Home 3D pour <strong>l&rsquo;utiliser<\/strong> hors ligne sous Windows, macOS, Linux, iOS et Android, ou utilise sa version <strong><a href=\"https:\/\/wp-test-1.sweethome3d.eu\/fr\/sweet-home-3d-online-manager\/\" data-type=\"page\" data-id=\"398\">en ligne<\/a><\/strong> via un navigateur compatible WebGL.<\/p>\n<\/div>\n\n<hr class=\"wp-block-separator has-alpha-channel-opacity\" \/>\n\n<div class=\"wp-block-group is-nowrap is-layout-flex wp-container-core-group-is-layout-ad2f72ca wp-block-group-is-layout-flex\">\n<p><strong>Cr\u00e9ez <\/strong>vos plans <strong>gratuitement<\/strong> m\u00eame pour un usage commercial, avec Sweet Home 3D distribu\u00e9 sous <a href=\"https:\/\/www.gnu.org\/licenses\/gpl-2.0.txt\" data-type=\"link\" data-id=\"https:\/\/www.gnu.org\/licenses\/gpl-2.0.txt\" target=\"_blank\" rel=\"noopener\">Licence Publique G\u00e9n\u00e9rale GNU.<\/a><\/p>\n\n\n\n<figure class=\"wp-block-image size-full\"><img loading=\"lazy\" decoding=\"async\" width=\"134\" height=\"55\" src=\"https:\/\/wp-test-1.sweethome3d.eu\/wp-content\/uploads\/2025\/09\/gpl.png\" alt=\"\" class=\"wp-image-516\" style=\"object-fit:cover\" \/><\/figure>\n<\/div>\n","protected":false},"excerpt":{"rendered":"<p>D\u00e9couvrez les principales fonctionnalit\u00e9s offertes par Sweet Home 3D D\u00e9couvrez les principales fonctionnalit\u00e9s offertes par Sweet Home 3D,une application gratuite de design d\u2019int\u00e9rieur disponible sur https:\/\/www.sweethome3d.com. Sweet Home 3D est un logiciel de design d\u2019int\u00e9rieur puissant et intuitif qui vous aide \u00e0 cr\u00e9er facilement des plans d\u00e9taill\u00e9s de maison et des id\u00e9es d\u2019int\u00e9rieur styl\u00e9es. Que [&hellip;]<\/p>\n","protected":false},"author":2,"featured_media":8650,"parent":0,"menu_order":0,"comment_status":"closed","ping_status":"closed","template":"","meta":{"inline_featured_image":false,"footnotes":""},"class_list":["post-8664","page","type-page","status-publish","has-post-thumbnail","hentry"],"_links":{"self":[{"href":"https:\/\/wp-test-1.sweethome3d.eu\/fr\/wp-json\/wp\/v2\/pages\/8664","targetHints":{"allow":["GET"]}}],"collection":[{"href":"https:\/\/wp-test-1.sweethome3d.eu\/fr\/wp-json\/wp\/v2\/pages"}],"about":[{"href":"https:\/\/wp-test-1.sweethome3d.eu\/fr\/wp-json\/wp\/v2\/types\/page"}],"author":[{"embeddable":true,"href":"https:\/\/wp-test-1.sweethome3d.eu\/fr\/wp-json\/wp\/v2\/users\/2"}],"replies":[{"embeddable":true,"href":"https:\/\/wp-test-1.sweethome3d.eu\/fr\/wp-json\/wp\/v2\/comments?post=8664"}],"version-history":[{"count":6,"href":"https:\/\/wp-test-1.sweethome3d.eu\/fr\/wp-json\/wp\/v2\/pages\/8664\/revisions"}],"predecessor-version":[{"id":12439,"href":"https:\/\/wp-test-1.sweethome3d.eu\/fr\/wp-json\/wp\/v2\/pages\/8664\/revisions\/12439"}],"wp:featuredmedia":[{"embeddable":true,"href":"https:\/\/wp-test-1.sweethome3d.eu\/fr\/wp-json\/wp\/v2\/media\/8650"}],"wp:attachment":[{"href":"https:\/\/wp-test-1.sweethome3d.eu\/fr\/wp-json\/wp\/v2\/media?parent=8664"}],"curies":[{"name":"wp","href":"https:\/\/api.w.org\/{rel}","templated":true}]}}