{"id":9811,"date":"2025-10-01T15:08:20","date_gmt":"2025-10-01T15:08:20","guid":{"rendered":"https:\/\/wp-test-1.sweethome3d.eu\/gestionnaire-de-maisons-exportees\/"},"modified":"2025-10-30T17:39:08","modified_gmt":"2025-10-30T17:39:08","slug":"gestionnaire-de-maisons-exportees","status":"publish","type":"page","link":"https:\/\/wp-test-1.sweethome3d.eu\/fr\/gestionnaire-de-maisons-exportees\/","title":{"rendered":"Gestionnaire de maisons export\u00e9es"},"content":{"rendered":"\n<p class=\"has-text-align-center\">Bas\u00e9 sur le <a href=\"https:\/\/www.sweethome3d.com\/support\/forum\/viewthread_thread,6708\" target=\"_blank\" rel=\"noopener\">plug-in Export vers HTML5<\/a>, ce service permet aux utilisateurs enregistr\u00e9s de t\u00e9l\u00e9charger leurs fichiers Sweet Home 3D sur ce serveur web, pour les visualiser en 3D avec n&rsquo;importe quel navigateur compatible WebGL, comme dans <a href=\"https:\/\/www.sweethome3d.com\/viewHome.jsp?id=1\" target=\"_blank\" rel=\"noopener\">cet exemple<\/a> montr\u00e9 dans la capture d&rsquo;\u00e9cran ci-dessous qui affiche le fichier <em>SweetHome3DExample3.sh3d<\/em> disponible dans la <a href=\"https:\/\/wp-test-1.sweethome3d.eu\/fr\/gallery\/\" data-type=\"page\" data-id=\"400\">galerie<\/a>.<br\/>Si tu veux utiliser le gestionnaire de maisons export\u00e9es, <a href=\"https:\/\/www.sweethome3d.com\/support\/forum\/registermember\" target=\"_blank\" rel=\"noopener\"><strong>inscris-toi<\/strong><\/a> d&rsquo;abord aux services Sweet Home 3D gratuitement et <a href=\"https:\/\/www.sweethome3d.com\/support\/forum\/login?url=https%3A%2F%2Fwww.sweethome3d.com%2FexportHomes.jsp&amp;forumLogin=false&amp;lang=en\" target=\"_blank\" rel=\"noopener\"><strong>connecte-toi<\/strong><\/a>.<br\/><\/p>\n<div class=\"wp-block-image\">\n<figure class=\"aligncenter size-full\"><img loading=\"lazy\" decoding=\"async\" width=\"600\" height=\"406\" src=\"https:\/\/wp-test-1.sweethome3d.eu\/wp-content\/uploads\/2025\/10\/viewSweetHome3DExample3.jpg\" alt=\"Gestionnaire de maisons export&#xE9;es\" class=\"wp-image-4978\" srcset=\"https:\/\/wp-test-1.sweethome3d.eu\/wp-content\/uploads\/2025\/10\/viewSweetHome3DExample3.jpg 600w, https:\/\/wp-test-1.sweethome3d.eu\/wp-content\/uploads\/2025\/10\/viewSweetHome3DExample3-360x244.jpg 360w, https:\/\/wp-test-1.sweethome3d.eu\/wp-content\/uploads\/2025\/10\/viewSweetHome3DExample3-192x130.jpg 192w, https:\/\/wp-test-1.sweethome3d.eu\/wp-content\/uploads\/2025\/10\/viewSweetHome3DExample3-400x271.jpg 400w\" sizes=\"auto, (max-width: 600px) 100vw, 600px\" \/><\/figure>\n<\/div>","protected":false},"excerpt":{"rendered":"<p>Bas\u00e9 sur le plug-in Export vers HTML5, ce service permet aux utilisateurs enregistr\u00e9s de t\u00e9l\u00e9charger leurs fichiers Sweet Home 3D sur ce serveur web, pour les visualiser en 3D avec n&rsquo;importe quel navigateur compatible WebGL, comme dans cet exemple montr\u00e9 dans la capture d&rsquo;\u00e9cran ci-dessous qui affiche le fichier SweetHome3DExample3.sh3d disponible dans la galerie.Si tu [&hellip;]<\/p>\n","protected":false},"author":3,"featured_media":9810,"parent":0,"menu_order":0,"comment_status":"closed","ping_status":"closed","template":"","meta":{"inline_featured_image":false,"footnotes":""},"class_list":["post-9811","page","type-page","status-publish","has-post-thumbnail","hentry"],"_links":{"self":[{"href":"https:\/\/wp-test-1.sweethome3d.eu\/fr\/wp-json\/wp\/v2\/pages\/9811","targetHints":{"allow":["GET"]}}],"collection":[{"href":"https:\/\/wp-test-1.sweethome3d.eu\/fr\/wp-json\/wp\/v2\/pages"}],"about":[{"href":"https:\/\/wp-test-1.sweethome3d.eu\/fr\/wp-json\/wp\/v2\/types\/page"}],"author":[{"embeddable":true,"href":"https:\/\/wp-test-1.sweethome3d.eu\/fr\/wp-json\/wp\/v2\/users\/3"}],"replies":[{"embeddable":true,"href":"https:\/\/wp-test-1.sweethome3d.eu\/fr\/wp-json\/wp\/v2\/comments?post=9811"}],"version-history":[{"count":1,"href":"https:\/\/wp-test-1.sweethome3d.eu\/fr\/wp-json\/wp\/v2\/pages\/9811\/revisions"}],"predecessor-version":[{"id":9813,"href":"https:\/\/wp-test-1.sweethome3d.eu\/fr\/wp-json\/wp\/v2\/pages\/9811\/revisions\/9813"}],"wp:featuredmedia":[{"embeddable":true,"href":"https:\/\/wp-test-1.sweethome3d.eu\/fr\/wp-json\/wp\/v2\/media\/9810"}],"wp:attachment":[{"href":"https:\/\/wp-test-1.sweethome3d.eu\/fr\/wp-json\/wp\/v2\/media?parent=9811"}],"curies":[{"name":"wp","href":"https:\/\/api.w.org\/{rel}","templated":true}]}}