{"id":10056,"date":"2025-09-18T11:54:48","date_gmt":"2025-09-18T11:54:48","guid":{"rendered":"https:\/\/wp-test-1.sweethome3d.eu\/modellek-importalasa-a-sweet-home-3d-be-egyedi-3d-butorok-es-targyak-hozzaadasa\/"},"modified":"2025-11-03T16:43:38","modified_gmt":"2025-11-03T16:43:38","slug":"modellek-importalasa-a-sweet-home-3d-be-egyedi-3d-butorok-es-targyak-hozzaadasa","status":"publish","type":"page","link":"https:\/\/wp-test-1.sweethome3d.eu\/hu\/modellek-importalasa-a-sweet-home-3d-be-egyedi-3d-butorok-es-targyak-hozzaadasa\/","title":{"rendered":"Modellek import\u00e1l\u00e1sa a Sweet Home 3D-be \u2013 Egyedi 3D b\u00fatorok \u00e9s t\u00e1rgyak hozz\u00e1ad\u00e1sa"},"content":{"rendered":"\n<p class=\"has-text-align-center\">Modellek <strong>import\u00e1l\u00e1s\u00e1hoz<\/strong> ez az oldal felsorol n\u00e9h\u00e1ny forr\u00e1st <strong>ingyenes 3D modellekhez<\/strong>, amelyeket import\u00e1lhatsz a <a href=\"\/\">Sweet Home 3D-be<\/a>, ak\u00e1r <a href=\"https:\/\/wp-test-1.sweethome3d.eu\/hu\/modellek-importalasa-a-sweet-home-3d-be-egyedi-3d-butorok-es-targyak-hozzaadasa\/\" data-type=\"page\" data-id=\"432\">egyenk\u00e9nt<\/a>, ak\u00e1r <a href=\"https:\/\/wp-test-1.sweethome3d.eu\/hu\/modellek-importalasa-a-sweet-home-3d-be-egyedi-3d-butorok-es-targyak-hozzaadasa\/#ModelsLibraries\" data-type=\"link\" data-id=\"https:\/\/wp-test-1.sweethome3d.eu\/import-models\/#ModelsLibraries\">modellcsoportk\u00e9nt<\/a>, valamint <a href=\"https:\/\/wp-test-1.sweethome3d.eu\/hu\/modellek-importalasa-a-sweet-home-3d-be-egyedi-3d-butorok-es-targyak-hozzaadasa\/#WebSitesWithModels\">weboldalakat<\/a>, amelyek 3D modelleket k\u00edn\u00e1lnak.<\/p>\n<h2 class=\"wp-block-heading\" id=\"elerheto-3d-modell-forrasok\">El\u00e9rhet\u0151 3D modell forr\u00e1sok<\/h2><h3 class=\"wp-block-heading\" id=\"kozremukodok-altal-keszitett-ingyenes-3d-modellek\"><img loading=\"lazy\" decoding=\"async\" width=\"16\" height=\"12\" src=\"https:\/\/www.sweethome3d.com\/images\/bullet.gif\">K\u00f6zrem\u0171k\u00f6d\u0151k \u00e1ltal k\u00e9sz\u00edtett ingyenes 3D modellek<\/h3>\n<p>The\u00a0<a href=\"https:\/\/wp-test-1.sweethome3d.eu\/free-3d-models\/\" data-type=\"page\" data-id=\"4869\">free 3D models page<\/a>\u00a0proposes more than 1.600 additional 3D models created by contributors and supported in the\u00a0<a href=\"https:\/\/wp-test-1.sweethome3d.eu\/users-guide\/#importing3DModels\" data-type=\"page\" data-id=\"424\">furniture import wizard<\/a>\u00a0of Sweet Home 3D.<\/p>\n\n<div class=\"wp-block-group models-row is-content-justification-center is-nowrap is-layout-flex wp-container-core-group-is-layout-94bc23d7 wp-block-group-is-layout-flex\">\n<figure class=\"wp-block-image size-full is-resized\"><a href=\"https:\/\/wp-test-1.sweethome3d.eu\/hu\/ingyenes-3d-modellek\/\"><img loading=\"lazy\" decoding=\"async\" width=\"128\" height=\"128\" src=\"https:\/\/wp-test-1.sweethome3d.eu\/wp-content\/uploads\/2025\/10\/bedWithTexture.png\" alt=\"\" class=\"wp-image-4856\" style=\"width:64px\" \/><\/a><\/figure>\n\n\n\n<figure class=\"wp-block-image size-full is-resized\"><a href=\"https:\/\/wp-test-1.sweethome3d.eu\/hu\/ingyenes-3d-modellek\/\"><img loading=\"lazy\" decoding=\"async\" width=\"128\" height=\"128\" src=\"https:\/\/wp-test-1.sweethome3d.eu\/wp-content\/uploads\/2025\/10\/burlap_sofa.png\" alt=\"\" class=\"wp-image-4857\" style=\"width:64px\" \/><\/a><\/figure>\n\n\n\n<figure class=\"wp-block-image size-full is-resized\"><a href=\"https:\/\/wp-test-1.sweethome3d.eu\/hu\/ingyenes-3d-modellek\/\"><img loading=\"lazy\" decoding=\"async\" width=\"128\" height=\"128\" src=\"https:\/\/wp-test-1.sweethome3d.eu\/wp-content\/uploads\/2025\/10\/wooden_table_office.png\" alt=\"\" class=\"wp-image-4858\" style=\"width:64px\" \/><\/a><\/figure>\n\n\n\n<figure class=\"wp-block-image size-full is-resized\"><a href=\"https:\/\/wp-test-1.sweethome3d.eu\/hu\/ingyenes-3d-modellek\/\"><img loading=\"lazy\" decoding=\"async\" width=\"128\" height=\"128\" src=\"https:\/\/wp-test-1.sweethome3d.eu\/wp-content\/uploads\/2025\/10\/meubleSalleDeBain.png\" alt=\"\" class=\"wp-image-4859\" style=\"width:64px\" \/><\/a><\/figure>\n\n\n\n<figure class=\"wp-block-image size-full is-resized\"><a href=\"https:\/\/wp-test-1.sweethome3d.eu\/hu\/ingyenes-3d-modellek\/\"><img loading=\"lazy\" decoding=\"async\" width=\"128\" height=\"128\" src=\"https:\/\/wp-test-1.sweethome3d.eu\/wp-content\/uploads\/2025\/10\/kitchenSink.png\" alt=\"\" class=\"wp-image-4860\" style=\"width:64px\" \/><\/a><\/figure>\n\n\n\n<figure class=\"wp-block-image size-full is-resized\"><a href=\"https:\/\/wp-test-1.sweethome3d.eu\/hu\/ingyenes-3d-modellek\/\"><img loading=\"lazy\" decoding=\"async\" width=\"128\" height=\"128\" src=\"https:\/\/wp-test-1.sweethome3d.eu\/wp-content\/uploads\/2025\/10\/office_chair.png\" alt=\"\" class=\"wp-image-4861\" style=\"width:64px\" \/><\/a><\/figure>\n\n\n\n<figure class=\"wp-block-image size-full is-resized\"><a href=\"https:\/\/wp-test-1.sweethome3d.eu\/hu\/ingyenes-3d-modellek\/\"><img loading=\"lazy\" decoding=\"async\" width=\"128\" height=\"128\" src=\"https:\/\/wp-test-1.sweethome3d.eu\/wp-content\/uploads\/2025\/10\/bureau3.png\" alt=\"\" class=\"wp-image-4862\" style=\"width:64px\" \/><\/a><\/figure>\n\n\n\n<figure class=\"wp-block-image size-full is-resized\"><a href=\"https:\/\/wp-test-1.sweethome3d.eu\/hu\/ingyenes-3d-modellek\/\"><img loading=\"lazy\" decoding=\"async\" width=\"128\" height=\"128\" src=\"https:\/\/wp-test-1.sweethome3d.eu\/wp-content\/uploads\/2025\/10\/apple-ibook-2001.png\" alt=\"\" class=\"wp-image-4863\" style=\"width:64px\" \/><\/a><\/figure>\n\n\n\n<figure class=\"wp-block-image size-full is-resized\"><a href=\"https:\/\/wp-test-1.sweethome3d.eu\/hu\/ingyenes-3d-modellek\/\"><img loading=\"lazy\" decoding=\"async\" width=\"128\" height=\"128\" src=\"https:\/\/wp-test-1.sweethome3d.eu\/wp-content\/uploads\/2025\/10\/pianoAQueue.png\" alt=\"\" class=\"wp-image-4864\" style=\"width:64px\" \/><\/a><\/figure>\n\n\n\n<figure class=\"wp-block-image size-full is-resized\"><a href=\"https:\/\/wp-test-1.sweethome3d.eu\/hu\/ingyenes-3d-modellek\/\"><img loading=\"lazy\" decoding=\"async\" width=\"128\" height=\"128\" src=\"https:\/\/wp-test-1.sweethome3d.eu\/wp-content\/uploads\/2025\/10\/male03.png\" alt=\"\" class=\"wp-image-4865\" style=\"width:64px\" \/><\/a><\/figure>\n\n\n\n<figure class=\"wp-block-image size-full is-resized\"><a href=\"https:\/\/wp-test-1.sweethome3d.eu\/hu\/ingyenes-3d-modellek\/\"><img loading=\"lazy\" decoding=\"async\" width=\"128\" height=\"128\" src=\"https:\/\/wp-test-1.sweethome3d.eu\/wp-content\/uploads\/2025\/10\/concept-sedan-02-sport.png\" alt=\"\" class=\"wp-image-4866\" style=\"width:64px\" \/><\/a><\/figure>\n\n\n\n<figure class=\"wp-block-image size-full is-resized\"><a href=\"https:\/\/wp-test-1.sweethome3d.eu\/hu\/ingyenes-3d-modellek\/\"><img loading=\"lazy\" decoding=\"async\" width=\"128\" height=\"128\" src=\"https:\/\/wp-test-1.sweethome3d.eu\/wp-content\/uploads\/2025\/10\/blackTupelo.png\" alt=\"\" class=\"wp-image-4867\" style=\"width:64px\" \/><\/a><\/figure>\n<\/div>\n\n<p>Let\u00f6ltheted a <a href=\"#download\">teljes verzi\u00f3t<\/a> is, t\u00f6bb mint 10 000 3D modellel \u00e9s 400 <a href=\"https:\/\/wp-test-1.sweethome3d.eu\/hu\/texturak-importalasa\/\" data-type=\"page\" data-id=\"435\">text\u00far\u00e1val<\/a>, amelyek m\u00e1r mell\u00e9kelve vannak.<\/p>\n\n<div class=\"wp-block-buttons is-layout-flex wp-block-buttons-is-layout-flex\">\n<div class=\"wp-block-button btn-download btn-small\" data-wce-label=\"wce_3Dmodels_download_direct\"><a class=\"wp-block-button__link wp-element-button\" href=\"#download\" style=\"text-decoration:underline\"><img loading=\"lazy\" decoding=\"async\" width=\"43\" height=\"42\" class=\"wp-image-390\" style=\"width: 20px\" src=\"http:\/\/wp-test-1.sweethome3d.eu\/wp-content\/uploads\/2025\/09\/download-bottom.svg\" alt=\"\" \/> T\u00f6ltse le a Sweet Home 3D-t<\/a><\/div>\n<\/div>\n<h3 class=\"wp-block-heading\" id=\"3d-modell-konyvtarak\"><img loading=\"lazy\" decoding=\"async\" width=\"16\" height=\"12\" src=\"https:\/\/www.sweethome3d.com\/images\/bullet.gif\">3D modell k\u00f6nyvt\u00e1rak<br><a href=\"https:\/\/apps.apple.com\/app\/sweet-home-3d\/id669289700\" data-wce-label=\"wce_3Dmodels_download_hyperlink\" target=\"_blank\" rel=\"noopener\"><\/a><\/h3>\n<p>A <a href=\"https:\/\/www.sweethome3d.com\/download.jsp\" target=\"_blank\" rel=\"noopener\">Sweet Home 3D<\/a> lehet\u0151v\u00e9 teszi modellek (3D modell k\u00f6nyvt\u00e1rak) import\u00e1l\u00e1s\u00e1t SH3F f\u00e1jlokb\u00f3l is. Egy SH3F f\u00e1jl modelleket csoportos\u00edt a le\u00edr\u00e1sukkal egy\u00fctt, \u00e9s k\u00f6nnyed\u00e9n telep\u00edthet\u0151 r\u00e1 dupla kattint\u00e1ssal, vagy a <em>B\u00fator &gt; B\u00fator k\u00f6nyvt\u00e1r import\u00e1l\u00e1sa<\/em> men\u00fcpontj\u00e1nak kiv\u00e1laszt\u00e1s\u00e1val a <a href=\"https:\/\/www.sweethome3d.com\/download.jsp\" target=\"_blank\" rel=\"noopener\">Sweet Home 3D<\/a>-ben.<br \/>Az al\u00e1bbi ZIP f\u00e1jlok SH3F f\u00e1jlt tartalmaznak, amelyet import\u00e1lhatsz a <a href=\"https:\/\/www.sweethome3d.com\/download.jsp\" target=\"_blank\" rel=\"noopener\">Sweet Home 3D-be<\/a>. Ezek a k\u00f6nyvt\u00e1rak az <a href=\"https:\/\/www.sweethome3d.com\/freeModels.jsp\" target=\"_blank\" rel=\"noopener\">ingyenes modellek oldal\u00e1n<\/a> el\u00e9rhet\u0151 3D modelleket tartalmazz\u00e1k.  <\/p>\n\n<div class=\"wp-block-group is-layout-grid wp-container-core-group-is-layout-9649a0d9 wp-block-group-is-layout-grid\">\n<figure class=\"wp-block-image size-full is-resized mx-auto\"><img loading=\"lazy\" decoding=\"async\" width=\"178\" height=\"89\" src=\"http:\/\/wp-test-1.sweethome3d.eu\/wp-content\/uploads\/2025\/10\/sweethome3d64x64.png\" alt=\"\" class=\"wp-image-4886\" style=\"width:135px\" \/><\/figure>\n\n\n\n<p class=\"wp-container-content-5f80b302\"><a href=\"https:\/\/sourceforge.net\/projects\/sweethome3d\/files\/SweetHome3D-models\/3DModels-1.9.3\/3DModels-Contributions-1.9.3.zip\/download\" target=\"_blank\" rel=\"noopener\">3DModels-Contributions-1.9.3.zip<\/a> (29 MB &#8211; 511 modell &#8211; Free Art License)<br \/><a href=\"https:\/\/sourceforge.net\/projects\/sweethome3d\/files\/SweetHome3D-models\/3DModels-1.9.3\/3DModels-LucaPresidente-1.9.3.zip\/download\" target=\"_blank\" rel=\"noopener\">3DModels-LucaPresidente-1.9.3.zip<\/a> (3,7 MB &#8211; 64 modell &#8211; Free Art License)<br \/><a href=\"https:\/\/sourceforge.net\/projects\/sweethome3d\/files\/SweetHome3D-models\/3DModels-1.9.3\/3DModels-Trees-1.9.3.zip\/download\" target=\"_blank\" rel=\"noopener\">3DModels-Trees-1.9.3.zip<\/a> (6,7 MB &#8211; 10 fa modell &#8211; Free Art License)<\/p>\n<\/div>\n\n<div class=\"wp-block-group is-layout-grid wp-container-core-group-is-layout-9649a0d9 wp-block-group-is-layout-grid\">\n<figure class=\"wp-block-image size-full is-resized mx-auto\"><img loading=\"lazy\" decoding=\"async\" width=\"222\" height=\"56\" src=\"http:\/\/wp-test-1.sweethome3d.eu\/wp-content\/uploads\/2025\/10\/scopia.png\" alt=\"\" class=\"wp-image-4885\" style=\"width:111px\" \/><\/figure>\n\n\n\n<p class=\"wp-container-content-5f80b302\"><a href=\"https:\/\/sourceforge.net\/projects\/sweethome3d\/files\/SweetHome3D-models\/3DModels-1.9.3\/3DModels-Scopia-1.9.3.zip\/download\" target=\"_blank\" rel=\"noopener\">3DModels-Scopia-1.9.3.zip<\/a> (69,5 MB &#8211; 500 modell &#8211; CC-BY License)<\/p>\n<\/div>\n\n<div class=\"wp-block-group is-layout-grid wp-container-core-group-is-layout-9649a0d9 wp-block-group-is-layout-grid\">\n<figure class=\"wp-block-image size-full is-resized mx-auto\"><img loading=\"lazy\" decoding=\"async\" width=\"330\" height=\"60\" src=\"http:\/\/wp-test-1.sweethome3d.eu\/wp-content\/uploads\/2025\/10\/katorlegaz.png\" alt=\"\" class=\"wp-image-4899\" style=\"width:150px\" \/><\/figure>\n\n\n\n<p class=\"wp-container-content-5f80b302\"><a href=\"https:\/\/sourceforge.net\/projects\/sweethome3d\/files\/SweetHome3D-models\/3DModels-1.9.3\/3DModels-KatorLegaz-1.9.3.zip\/download\" target=\"_blank\" rel=\"noopener\">3DModels-KatorLegaz-1.9.3.zip<\/a> (8,9 MB &#8211; 90 modell &#8211; CC-BY License)<\/p>\n<\/div>\n\n<div class=\"wp-block-group is-layout-grid wp-container-core-group-is-layout-9649a0d9 wp-block-group-is-layout-grid\">\n<figure class=\"wp-block-image size-full is-resized mx-auto\"><img loading=\"lazy\" decoding=\"async\" width=\"136\" height=\"41\" src=\"http:\/\/wp-test-1.sweethome3d.eu\/wp-content\/uploads\/2025\/10\/blendswap.png\" alt=\"\" class=\"wp-image-4902\" style=\"width:136px\" \/><\/figure>\n\n\n\n<p class=\"wp-container-content-5f80b302\"><a href=\"https:\/\/sourceforge.net\/projects\/sweethome3d\/files\/SweetHome3D-models\/3DModels-1.9.3\/3DModels-BlendSwap-CC-0-1.9.3.zip\/download\" target=\"_blank\" rel=\"noopener\">3DModels-BlendSwap-CC-0-1.9.3.zip<\/a> (23,8 MB &#8211; 175 modell &#8211; K\u00f6zkincs)<br \/><a href=\"https:\/\/sourceforge.net\/projects\/sweethome3d\/files\/SweetHome3D-models\/3DModels-1.9.3\/3DModels-BlendSwap-CC-BY-1.9.3.zip\/download\" target=\"_blank\" rel=\"noopener\">3DModels-BlendSwap-CC-BY-1.9.3.zip<\/a> (23,9 MB &#8211; 135 modell &#8211; CC-BY License)<\/p>\n<\/div>\n\n<div class=\"wp-block-group is-layout-grid wp-container-core-group-is-layout-9649a0d9 wp-block-group-is-layout-grid\">\n<figure class=\"wp-block-image size-full is-resized mx-auto\"><img loading=\"lazy\" decoding=\"async\" width=\"140\" height=\"60\" src=\"https:\/\/wp-test-1.sweethome3d.eu\/wp-content\/uploads\/2025\/10\/reallusion.png\" alt=\"\" class=\"wp-image-4904\" style=\"width:110px\" \/><\/figure>\n\n\n\n<p class=\"wp-container-content-5f80b302\"><a href=\"https:\/\/sourceforge.net\/projects\/sweethome3d\/files\/SweetHome3D-models\/3DModels-1.9.3\/3DModels-Reallusion-1.9.3.zip\/download\" target=\"_blank\" rel=\"noopener\">3DModels-Reallusion-1.9.3.zip<\/a> (10,7 MB &#8211; 25 emberi modell &#8211; CC-BY License)<\/p>\n<\/div>\n\n<p>\u00c9rdekelhet a <a href=\"https:\/\/wp-test-1.sweethome3d.eu\/blog\/\" data-type=\"page\" data-id=\"280\">blog<\/a> cikk is, <a href=\"https:\/\/www.sweethome3d.com\/blog\/2017\/12\/08\/additional_contributors_libraries.html\" target=\"_blank\" rel=\"noopener\">Tov\u00e1bbi k\u00f6zrem\u0171k\u00f6d\u0151i k\u00f6nyvt\u00e1rak<\/a> c\u00edmmel, amely m\u00e1s, a Sweet Home 3D k\u00f6zrem\u0171k\u00f6d\u0151i \u00e1ltal tervezett speci\u00e1lis modellk\u00f6nyvt\u00e1rakat sorol fel (2D szimb\u00f3lumok, v\u00edzvezet\u00e9k, tet\u0151elemek stb.).<\/p>\n<h3 class=\"wp-block-heading\" id=\"keszitsd-el-sajat-3d-modelljeidet\"><img loading=\"lazy\" decoding=\"async\" width=\"16\" height=\"12\" src=\"https:\/\/www.sweethome3d.com\/images\/bullet.gif\">K\u00e9sz\u00edtsd el saj\u00e1t 3D modelljeidet<\/h3>\n<p>Saj\u00e1t modellek l\u00e9trehoz\u00e1s\u00e1hoz haszn\u00e1lhatsz b\u00e1rmilyen szoftvert, amely k\u00e9pes OBJ, DAE \/ Collada, KMZ vagy 3DS form\u00e1tum\u00fa f\u00e1jlokat gener\u00e1lni, mint p\u00e9ld\u00e1ul az <a href=\"https:\/\/www.blender.org\/\" target=\"_blank\" rel=\"noopener\">Blender<\/a> ingyenes szoftver. Sz\u00fcks\u00e9g eset\u00e9n saj\u00e1t SH3F f\u00e1jlokat is l\u00e9trehozhatsz a let\u00f6lthet\u0151 <a href=\"https:\/\/sourceforge.net\/projects\/sweethome3d\/files\/FurnitureLibraryEditor\/FurnitureLibraryEditor-2.2.jar\/download\" target=\"_blank\" rel=\"noopener\">B\u00fator K\u00f6nyvt\u00e1r Szerkeszt\u0151vel<\/a>.<br \/>Ha meg szeretn\u00e9d osztani modelljeidet, vagy javasolni szeretn\u00e9d \u0151ket az <a href=\"https:\/\/wp-test-1.sweethome3d.eu\/hu\/ingyenes-3d-modellek\/\" data-type=\"page\" data-id=\"4869\">ingyenes 3D modellek oldal\u00e1n<\/a>, k\u00e9rj\u00fck, tedd k\u00f6zz\u00e9 \u0151ket a <a href=\"https:\/\/sourceforge.net\/p\/sweethome3d\/d-models\/\" target=\"_blank\" rel=\"noopener\">3D Modellek K\u00f6zrem\u0171k\u00f6d\u00e9sei<\/a> nyomk\u00f6vet\u0151 rendszerben. <\/p>\n<h3 class=\"wp-block-heading\" id=\"mas-weboldalak-3d-modellekkel\"><img loading=\"lazy\" decoding=\"async\" width=\"16\" height=\"12\" src=\"https:\/\/www.sweethome3d.com\/images\/bullet.gif\">M\u00e1s weboldalak 3D modellekkel<\/h3>\n<p>Az al\u00e1bbi oldalak ingyenes 3D modelleket is k\u00edn\u00e1lnak OBJ, DAE, KMZ vagy 3DS form\u00e1tumban, amelyeket a <a href=\"\/\">Sweet Home 3D<\/a> b\u00fatorimport\u00e1l\u00f3 var\u00e1zsl\u00f3ja t\u00e1mogat:<\/p>\n\n<figure class=\"wp-block-flexible-table-block-table is-content-justification-left td-border-0 stars-table\"><table class=\"has-fixed-layout\" style=\"border-width:0\"><tbody><tr><td><img loading=\"lazy\" decoding=\"async\" width=\"12\" height=\"12\" src=\"https:\/\/www.sweethome3d.com\/images\/star.gif\" alt=\"Csillag\"><img loading=\"lazy\" decoding=\"async\" width=\"12\" height=\"12\" src=\"https:\/\/www.sweethome3d.com\/images\/star.gif\" alt=\"Csillag\"><img loading=\"lazy\" decoding=\"async\" width=\"12\" height=\"12\" src=\"https:\/\/www.sweethome3d.com\/images\/star.gif\" alt=\"Csillag\"><\/td><td><a href=\"https:\/\/3dwarehouse.sketchup.com\/\" target=\"_blank\" rel=\"noopener\">Trimble 3D Warehouse<\/a> (modellek sz\u00e9les v\u00e1laszt\u00e9ka KMZ \u00e9s Collada form\u00e1tumban) *<\/td><\/tr><tr><td><img loading=\"lazy\" decoding=\"async\" width=\"12\" height=\"12\" src=\"https:\/\/www.sweethome3d.com\/images\/star.gif\" alt=\"Csillag\"><img loading=\"lazy\" decoding=\"async\" width=\"12\" height=\"12\" src=\"https:\/\/www.sweethome3d.com\/images\/star.gif\" alt=\"Csillag\"><img loading=\"lazy\" decoding=\"async\" width=\"12\" height=\"12\" src=\"https:\/\/www.sweethome3d.com\/images\/star.gif\" alt=\"Csillag\"><\/td><td><a href=\"https:\/\/resources.blogscopia.com\/category\/models\/\" target=\"_blank\" rel=\"noopener\">Resources.blogscopia<\/a> (ingyenes, j\u00f3l megtervezett modellek, amelyek <a href=\"https:\/\/www.sweethome3d.com\/freeModels.jsp#ScopiaModels\" target=\"_blank\" rel=\"noopener\">itt<\/a> is megtekinthet\u0151k)<\/td><\/tr><tr><td><img loading=\"lazy\" decoding=\"async\" width=\"12\" height=\"12\" src=\"https:\/\/www.sweethome3d.com\/images\/star.gif\" alt=\"Csillag\"><img loading=\"lazy\" decoding=\"async\" width=\"12\" height=\"12\" src=\"https:\/\/www.sweethome3d.com\/images\/star.gif\" alt=\"Csillag\"><img loading=\"lazy\" decoding=\"async\" width=\"12\" height=\"12\" src=\"https:\/\/www.sweethome3d.com\/images\/star.gif\" alt=\"Csillag\"><\/td><td><a href=\"https:\/\/www.dodecagon.nl\/\" target=\"_blank\" rel=\"noopener\">Dodecagon<\/a> (k\u00fcl\u00f6nb\u00f6z\u0151 b\u00fator k\u00f6nyvt\u00e1rak, k\u00f6zkincsbe adva)<\/td><\/tr><tr><td><img loading=\"lazy\" decoding=\"async\" width=\"12\" height=\"12\" src=\"https:\/\/www.sweethome3d.com\/images\/star.gif\" alt=\"Csillag\"><img loading=\"lazy\" decoding=\"async\" width=\"12\" height=\"12\" src=\"https:\/\/www.sweethome3d.com\/images\/star.gif\" alt=\"Csillag\"><img loading=\"lazy\" decoding=\"async\" width=\"12\" height=\"12\" src=\"https:\/\/www.sweethome3d.com\/images\/star.gif\" alt=\"Csillag\"><\/td><td><a href=\"https:\/\/www.2d3dmodels.com\/3dmodels.htm\" target=\"_blank\" rel=\"noopener\">ArchiBit Generation<\/a> (k\u00fcl\u00f6nb\u00f6z\u0151, j\u00f3l megtervezett modellek)<\/td><\/tr><tr><td><img loading=\"lazy\" decoding=\"async\" width=\"12\" height=\"12\" src=\"https:\/\/www.sweethome3d.com\/images\/star.gif\" alt=\"Csillag\"><img loading=\"lazy\" decoding=\"async\" width=\"12\" height=\"12\" src=\"https:\/\/www.sweethome3d.com\/images\/star.gif\" alt=\"Csillag\"><\/td><td><a href=\"https:\/\/telias.gr\/models_wavefront_menu.html\" target=\"_blank\" rel=\"noopener\">Free the models<\/a> (Sweet Home 3D-ben tesztelt b\u00fatorok)<\/td><\/tr><tr><td><img loading=\"lazy\" decoding=\"async\" width=\"12\" height=\"12\" src=\"https:\/\/www.sweethome3d.com\/images\/star.gif\" alt=\"Csillag\"><img loading=\"lazy\" decoding=\"async\" width=\"12\" height=\"12\" src=\"https:\/\/www.sweethome3d.com\/images\/star.gif\" alt=\"Csillag\"><\/td><td><a href=\"https:\/\/archive3d.net\/\" class=\"broken_link\" target=\"_blank\" rel=\"noopener\">Archive3D<\/a> (sok modell, de n\u00e9melyik nem import\u00e1lhat\u00f3 a Sweet Home 3D-be)<\/td><\/tr><tr><td><img loading=\"lazy\" decoding=\"async\" width=\"12\" height=\"12\" src=\"https:\/\/www.sweethome3d.com\/images\/star.gif\" alt=\"Csillag\"><img loading=\"lazy\" decoding=\"async\" width=\"12\" height=\"12\" src=\"https:\/\/www.sweethome3d.com\/images\/star.gif\" alt=\"Csillag\"><\/td><td><a href=\"https:\/\/www.kolo-international.com\/\" target=\"_blank\" rel=\"noopener\">Kolo<\/a> (f\u00fcrd\u0151szoba b\u00fatorok)<\/td><\/tr><tr><td><img loading=\"lazy\" decoding=\"async\" width=\"12\" height=\"12\" src=\"https:\/\/www.sweethome3d.com\/images\/star.gif\" alt=\"Csillag\"><img loading=\"lazy\" decoding=\"async\" width=\"12\" height=\"12\" src=\"https:\/\/www.sweethome3d.com\/images\/star.gif\" alt=\"Csillag\"><\/td><td><a href=\"https:\/\/www.klicker.de\/interior.html\" target=\"_blank\" rel=\"noopener\">Klicker<\/a> (n\u00e9h\u00e1ny sz\u00e9k \u00e9s fa)<\/td><\/tr><\/tbody><\/table><\/figure>\n\n<p>* Vedd figyelembe, hogy a <a href=\"https:\/\/3dwarehouse.sketchup.com\/\" target=\"_blank\" rel=\"noopener\">Trimble 3D Warehouse<\/a>-b\u00f3l t\u00f6rt\u00e9n\u0151 modellek let\u00f6lt\u00e9s\u00e9hez 2019 v\u00e9g\u00e9t\u0151l Trimble ID-vel kell bejelentkezni. Figyelj arra is, hogy Collada vagy KMZ form\u00e1tum\u00fa 3D modelleket t\u00f6lts le onnan, amelyek a 3D modellt megjelen\u00edt\u0151 oldalon a <span style=\"background-color:#005E9E;color:white;font-weight:lighter;padding: 2px\">Let\u00f6lt\u00e9s<\/span> gombra kattintva megjelen\u0151 form\u00e1tumok list\u00e1j\u00e1ban tal\u00e1lhat\u00f3k. Az SKP\/SketchUp form\u00e1tumban el\u00e9rhet\u0151 modellek szerkeszthet\u0151k \u00e9s DAE\/Collada form\u00e1tumba konvert\u00e1lhat\u00f3k a <a href=\"https:\/\/www.sketchup.com\/download\" target=\"_blank\" rel=\"noopener\">SketchUp<\/a> seg\u00edts\u00e9g\u00e9vel.  <\/p>\n\n<p>Ha a <a href=\"https:\/\/www.sweethome3d.com\/download.jsp\" target=\"_blank\" rel=\"noopener\">Sweet Home 3D<\/a> nem hajland\u00f3 import\u00e1lni az ezeken az oldalakon javasolt ZIP f\u00e1jlok n\u00e9melyik\u00e9t, k\u00e9rj\u00fck, el\u0151sz\u00f6r csomagold ki \u0151ket.<\/p>\n\n<p>K\u00e9rj\u00fck, tartsd tiszteletben a modellek licenc\u00e9t, amelyeket ezekr\u0151l a weboldalakr\u00f3l t\u00f6lthetsz le.<\/p>\n\n<hr class=\"wp-block-separator has-text-color has-white-color has-alpha-channel-opacity has-white-background-color has-background\" \/>\n<div class=\"wp-block-image\">\n<figure class=\"aligncenter size-full\"><img loading=\"lazy\" decoding=\"async\" width=\"128\" height=\"128\" src=\"https:\/\/wp-test-1.sweethome3d.eu\/wp-content\/uploads\/2025\/10\/bedWithTexture.png\" alt=\"Modellimport&#xE1;l&#xE1;s p&#xE9;lda\" class=\"wp-image-4856\" \/><\/figure>\n<\/div>\n<hr class=\"wp-block-separator has-text-color has-white-color has-alpha-channel-opacity has-white-background-color has-background\" \/>\n\n<p class=\"has-text-align-center\"><a href=\"mailto:info@sweethome3d.com\">Javasolj m\u00e1s oldalakat vagy jelents be egy hib\u00e1s linket<\/a><\/p>\n\n<p class=\"has-text-align-center\"><em>Utols\u00f3 friss\u00edt\u00e9s: 2024. 12. 07.<\/em><\/p>\n","protected":false},"excerpt":{"rendered":"<p>Modellek import\u00e1l\u00e1s\u00e1hoz ez az oldal felsorol n\u00e9h\u00e1ny forr\u00e1st ingyenes 3D modellekhez, amelyeket import\u00e1lhatsz a Sweet Home 3D-be, ak\u00e1r egyenk\u00e9nt, ak\u00e1r modellcsoportk\u00e9nt, valamint weboldalakat, amelyek 3D modelleket k\u00edn\u00e1lnak. El\u00e9rhet\u0151 3D modell forr\u00e1sok K\u00f6zrem\u0171k\u00f6d\u0151k \u00e1ltal k\u00e9sz\u00edtett ingyenes 3D modellek The\u00a0free 3D models page\u00a0proposes more than 1.600 additional 3D models created by contributors and supported in the\u00a0furniture import [&hellip;]<\/p>\n","protected":false},"author":2,"featured_media":10038,"parent":0,"menu_order":0,"comment_status":"closed","ping_status":"closed","template":"","meta":{"inline_featured_image":false,"footnotes":""},"class_list":["post-10056","page","type-page","status-publish","has-post-thumbnail","hentry"],"_links":{"self":[{"href":"https:\/\/wp-test-1.sweethome3d.eu\/hu\/wp-json\/wp\/v2\/pages\/10056","targetHints":{"allow":["GET"]}}],"collection":[{"href":"https:\/\/wp-test-1.sweethome3d.eu\/hu\/wp-json\/wp\/v2\/pages"}],"about":[{"href":"https:\/\/wp-test-1.sweethome3d.eu\/hu\/wp-json\/wp\/v2\/types\/page"}],"author":[{"embeddable":true,"href":"https:\/\/wp-test-1.sweethome3d.eu\/hu\/wp-json\/wp\/v2\/users\/2"}],"replies":[{"embeddable":true,"href":"https:\/\/wp-test-1.sweethome3d.eu\/hu\/wp-json\/wp\/v2\/comments?post=10056"}],"version-history":[{"count":3,"href":"https:\/\/wp-test-1.sweethome3d.eu\/hu\/wp-json\/wp\/v2\/pages\/10056\/revisions"}],"predecessor-version":[{"id":11631,"href":"https:\/\/wp-test-1.sweethome3d.eu\/hu\/wp-json\/wp\/v2\/pages\/10056\/revisions\/11631"}],"wp:featuredmedia":[{"embeddable":true,"href":"https:\/\/wp-test-1.sweethome3d.eu\/hu\/wp-json\/wp\/v2\/media\/10038"}],"wp:attachment":[{"href":"https:\/\/wp-test-1.sweethome3d.eu\/hu\/wp-json\/wp\/v2\/media?parent=10056"}],"curies":[{"name":"wp","href":"https:\/\/api.w.org\/{rel}","templated":true}]}}