{"id":10736,"date":"2025-09-18T11:56:35","date_gmt":"2025-09-18T11:56:35","guid":{"rendered":"https:\/\/wp-test-1.sweethome3d.eu\/bovitmenyek-es-eszkozok\/"},"modified":"2025-11-11T16:36:26","modified_gmt":"2025-11-11T16:36:26","slug":"bovitmenyek-es-eszkozok","status":"publish","type":"page","link":"https:\/\/wp-test-1.sweethome3d.eu\/hu\/bovitmenyek-es-eszkozok\/","title":{"rendered":"B\u0151v\u00edtm\u00e9nyek \u00e9s eszk\u00f6z\u00f6k"},"content":{"rendered":"<ul class=\"simpletoc-list\">\n<li><a href=\"#bovitmenyek\">B\u0151v\u00edtm\u00e9nyek<\/a>\n\n<\/li>\n<li><a href=\"#eszkozok\">Eszk\u00f6z\u00f6k<\/a>\n<\/li><\/ul>\n<p class=\"has-text-align-center\">Ez az oldal bemutatja a <a href=\"\/\">Sweet Home 3D<\/a>-hez el\u00e9rhet\u0151 f\u0151 b\u0151v\u00edtm\u00e9nyeket \u00e9s egy\u00e9b eszk\u00f6z\u00f6ket.<\/p>\n<h2 class=\"wp-block-heading\" id=\"bovitmenyek\"><img loading=\"lazy\" decoding=\"async\" width=\"16\" height=\"12\" src=\"https:\/\/www.sweethome3d.com\/images\/bullet.gif\">B\u0151v\u00edtm\u00e9nyek<\/h2>\n<p>Az al\u00e1bbi t\u00e1bl\u00e1zat felsorolja a leg\u00e9rdekesebb b\u0151v\u00edtm\u00e9nyeket, amelyeket a Space Mushrooms vagy a fejleszt\u0151k javasoltak a <a href=\"https:\/\/sourceforge.net\/p\/sweethome3d\/plug-ins\" target=\"_blank\" rel=\"noopener\">Plug-ins Contributions<\/a> nyomk\u00f6vet\u0151 rendszerben. Egy b\u0151v\u00edtm\u00e9ny tov\u00e1bbi funkci\u00f3kat k\u00edn\u00e1l a <a href=\"https:\/\/wp-test-1.sweethome3d.eu\/hu\/letoltes\/\" data-type=\"page\" data-id=\"396\">Sweet Home 3D<\/a>-ben, \u00e9s telep\u00edthet\u0151 a SH3P f\u00e1jlj\u00e1ra dupl\u00e1n kattintva. Linux alatt, ha nem m\u0171k\u00f6dik, telep\u00edtsd a <em>Termin\u00e1l<\/em> paranccsal <code><em>path<\/em>\/<em>to<\/em>\/<strong>SweetHome3D<\/strong> <em>path<\/em>\/<em>to<\/em>\/<em>plugin.sh3p<\/em><\/code> vagy m\u00e1sold a SH3P f\u00e1jlt a felhaszn\u00e1l\u00f3i mapp\u00e1d <code>.eteks\/sweethome3d\/plugins<\/code> almapp\u00e1j\u00e1ba.  <\/p>\n\n<figure class=\"wp-block-flexible-table-block-table is-content-justification-center\"><table class=\"has-fixed-layout\"><thead><tr><th style=\"text-align:center\">B\u0151v\u00edtm\u00e9ny<\/th><th style=\"text-align:center\">Szolg\u00e1ltat\u00f3<\/th><th style=\"text-align:center\">Visszavon\u00e1s\/\u00dajra t\u00e1mogat\u00e1s<\/th><th style=\"text-align:center\">T\u00e1mogatott Java Web Startban<\/th><th style=\"text-align:center;width:500px\">Le\u00edr\u00e1s<\/th><\/tr><\/thead><tbody><tr><td style=\"text-align:left\"><a href=\"\/storage\/plugins\/CopyAsNewFurniturePlugin-1.3.1.sh3p\">CopyAsNewFurniturePlugin-1.3.1.sh3p<\/a><br>(29 kB &#8211; forr\u00e1sk\u00f3d mell\u00e9kelve)<\/td><td style=\"text-align:center\">Space Mushrooms<\/td><td style=\"text-align:center\">N\/A<\/td><td style=\"text-align:center\">Nem<\/td><td style=\"width:500px\">Hozz\u00e1adja az <em>Eszk\u00f6z\u00f6k &gt; M\u00e1sol\u00e1s \u00faj b\u00fatork\u00e9nt<\/em> men\u00fcpontot, amely a kijel\u00f6lt objektumokat \u00faj b\u00fatordarabk\u00e9nt a v\u00e1g\u00f3lapra m\u00e1solja (<a href=\"https:\/\/www.sweethome3d.com\/support\/forum\/viewthread_thread,1331_offset,11\" target=\"_blank\" rel=\"noopener\">tudj meg t\u00f6bbet<\/a>)<\/td><\/tr><tr><td><a href=\"\/storage\/plugins\/ShapeGenerator-1.2.1.sh3p\">ShapeGenerator-1.2.1.sh3p<\/a><br>(53 kB &#8211; forr\u00e1sk\u00f3d mell\u00e9kelve)<\/td><td style=\"text-align:center\">Space Mushrooms<\/td><td style=\"text-align:center\">Igen<\/td><td style=\"text-align:center\">Nem<\/td><td style=\"width:500px\">Hozz\u00e1adja az <em>Eszk\u00f6z\u00f6k &gt; 3D alakzat gener\u00e1l\u00e1sa<\/em> men\u00fcpontot, amely 3D alakzatot hoz l\u00e9tre a felhaszn\u00e1l\u00f3 \u00e1ltal megadott 8 cs\u00facs koordin\u00e1t\u00e1ib\u00f3l (<a href=\"https:\/\/www.sweethome3d.com\/support\/forum\/viewthread_thread,6600\" target=\"_blank\" rel=\"noopener\">tudj meg t\u00f6bbet<\/a>)<\/td><\/tr><tr><td><a href=\"\/storage\/plugins\/StaircaseGenerator-1.0.1.sh3p\">StaircaseGenerator-1.0.1.sh3p<\/a><br>(150 kB &#8211; forr\u00e1sk\u00f3d mell\u00e9kelve)<\/td><td style=\"text-align:center\">Space Mushrooms<br><br><\/td><td style=\"text-align:center\">Igen<\/td><td style=\"text-align:center\">Nem<\/td><td style=\"width:500px\">Hozz\u00e1adja az <em>Eszk\u00f6z\u00f6k &gt; L\u00e9pcs\u0151 gener\u00e1l\u00e1sa<\/em> men\u00fcpontot, amely l\u00e9pcs\u0151 3D alakzat\u00e1t hozza l\u00e9tre a l\u00e9pcs\u0151fokok sz\u00e1m\u00e1b\u00f3l \u00e9s m\u00e9ret\u00e9b\u0151l (<a href=\"https:\/\/www.sweethome3d.com\/support\/forum\/viewthread_thread,12160\" target=\"_blank\" rel=\"noopener\">tudj meg t\u00f6bbet<\/a>)<\/td><\/tr><tr><td><a href=\"\/storage\/plugins\/TerrainGenerator-1.2.2.sh3p\">TerrainGenerator-1.2.2.sh3p<\/a><br>(111 kB &#8211; forr\u00e1sk\u00f3d mell\u00e9kelve)<\/td><td style=\"text-align:center\">Space Mushrooms<\/td><td style=\"text-align:center\">Igen<\/td><td style=\"text-align:center\">Nem<\/td><td style=\"width:500px\">Hozz\u00e1adja az <em>Eszk\u00f6z\u00f6k &gt; 3D terep gener\u00e1l\u00e1sa szob\u00e1kb\u00f3l<\/em> men\u00fcpontot, amely 3D alakzatot hoz l\u00e9tre a felhaszn\u00e1l\u00f3 \u00e1ltal deform\u00e1lt kijel\u00f6lt szob\u00e1k fel\u00fclet\u00e9b\u0151l (<a href=\"https:\/\/www.sweethome3d.com\/support\/forum\/viewthread_thread,10995\" target=\"_blank\" rel=\"noopener\">tudj meg t\u00f6bbet<\/a>)<\/td><\/tr><tr><td><a href=\"\/storage\/plugins\/SideView-1.1.1.sh3p\">SideView-1.1.1.sh3p<\/a><br>(44 kB &#8211; forr\u00e1sk\u00f3d mell\u00e9kelve)<\/td><td style=\"text-align:center\">Space Mushrooms<\/td><td style=\"text-align:center\">N\/A<\/td><td style=\"text-align:center\">Nem<\/td><td style=\"width:500px\">Hozz\u00e1adja az <em>Eszk\u00f6z\u00f6k &gt; Oldaln\u00e9zet megjelen\u00edt\u00e9se<\/em> men\u00fcpontot, amely az szerkesztett otthon oldaln\u00e9zet\u00e9t mutatja, ment\u00e9si lehet\u0151s\u00e9ggel (<a href=\"https:\/\/www.sweethome3d.com\/support\/forum\/viewthread_thread,11011\" target=\"_blank\" rel=\"noopener\">tudj meg t\u00f6bbet<\/a>)<\/td><\/tr><tr><td><a href=\"\/storage\/plugins\/ExportPlanImage-1.0.3.sh3p\">ExportPlanImage-1.0.3.sh3p<\/a><br>(29 kB &#8211; forr\u00e1sk\u00f3d mell\u00e9kelve)<\/td><td style=\"text-align:center\">Space Mushrooms<\/td><td style=\"text-align:center\">N\/A<\/td><td style=\"text-align:center\">Nem<\/td><td style=\"width:500px\">Hozz\u00e1adja a <em>B\u00fator &gt; Terv export\u00e1l\u00e1sa k\u00e9pk\u00e9nt<\/em> men\u00fcpontot, amely a terv k\u00e9p\u00e9t PNG vagy JPEG form\u00e1tumba export\u00e1lja, tetsz\u0151leges m\u00e9retben<\/td><\/tr><tr><td><a href=\"\/storage\/plugins\/ExportToSH3F-1.1.1.sh3p\">ExportToSH3F-1.1.1.sh3p<\/a><br>(32 kB &#8211; forr\u00e1sk\u00f3d mell\u00e9kelve)<\/td><td style=\"text-align:center\">Space Mushrooms<\/td><td style=\"text-align:center\">N\/A<\/td><td style=\"text-align:center\">Nem<\/td><td style=\"width:500px\">Hozz\u00e1adja a <em>B\u00fator &gt; Import\u00e1lt b\u00fatorok export\u00e1l\u00e1sa SH3F-be<\/em> men\u00fcpontot, amely az \u00f6sszes Sweet Home 3D katal\u00f3gusba import\u00e1lt b\u00fatort SH3F f\u00e1jlba export\u00e1lja (<a href=\"https:\/\/www.sweethome3d.com\/support\/forum\/viewthread_thread,966_offset,5\" target=\"_blank\" rel=\"noopener\">tudj meg t\u00f6bbet<\/a>)<\/td><\/tr><tr><td><a href=\"\/storage\/plugins\/ExportToSH3T-1.1.1.sh3p\">ExportToSH3T-1.1.1.sh3p<\/a><br>(30 kB &#8211; forr\u00e1sk\u00f3d mell\u00e9kelve)<\/td><td style=\"text-align:center\">Space Mushrooms<\/td><td style=\"text-align:center\">N\/A<\/td><td style=\"text-align:center\">Nem<\/td><td style=\"width:500px\">Hozz\u00e1adja a <em>B\u00fator &gt; Import\u00e1lt text\u00far\u00e1k export\u00e1l\u00e1sa SH3T-be<\/em> men\u00fcpontot, amely az \u00f6sszes Sweet Home 3D katal\u00f3gusba import\u00e1lt text\u00far\u00e1t SH3T f\u00e1jlba export\u00e1lja (<a href=\"https:\/\/www.sweethome3d.com\/support\/forum\/viewthread_thread,12391\" target=\"_blank\" rel=\"noopener\">tudj meg t\u00f6bbet<\/a>)<\/td><\/tr><tr><td><a href=\"\/storage\/plugins\/ExportToHTML5-1.9.1.sh3p\">ExportToHTML5-1.9.1.sh3p<\/a><br>(391 kB &#8211; forr\u00e1sk\u00f3d mell\u00e9kelve)<\/td><td style=\"text-align:center\">Space Mushrooms<\/td><td style=\"text-align:center\">N\/A<\/td><td style=\"text-align:center\">Nem<\/td><td style=\"width:500px\">Hozz\u00e1adja a&nbsp;<em>Eszk\u00f6z\u00f6k &gt; Export\u00e1l\u00e1s HTML5-be<\/em> men\u00fcpontot, amely a szerkesztett otthon 3D n\u00e9zet\u00e9t HTML5 oldalra export\u00e1lja, amely b\u00e1rmely WebGL b\u00f6ng\u00e9sz\u0151ben megtekinthet\u0151 (<a href=\"https:\/\/www.sweethome3d.com\/support\/forum\/viewthread_thread,6708\" target=\"_blank\" rel=\"noopener\">tudj meg t\u00f6bbet<\/a>). Ez az eszk\u00f6z el\u00e9rhet\u0151 a &nbsp;<a href=\"https:\/\/www.sweethome3d.com\/exportHomes.jsp\" target=\"_blank\" rel=\"noopener\">Export\u00e1lt otthonok kezel\u0151je<\/a> seg\u00edts\u00e9g\u00e9vel, amely lehet\u0151v\u00e9 teszi SH3D f\u00e1jlok export\u00e1l\u00e1s\u00e1t \u00e9s t\u00e1rol\u00e1s\u00e1t a sweethome3d.com webszerveren.<\/td><\/tr><tr><td><a href=\"\/storage\/plugins\/UpdateRoadLinesPlugin-1.0.1.sh3p\">UpdateRoadLinesPlugin-1.0.1.sh3p<\/a><br>(70 kB &#8211; forr\u00e1sk\u00f3d mell\u00e9kelve)<\/td><td style=\"text-align:center\">Space Mushrooms<\/td><td style=\"text-align:center\">Igen<\/td><td style=\"text-align:center\">Igen<\/td><td style=\"width:500px\">Hozz\u00e1adja az <em>Eszk\u00f6z\u00f6k &gt; \u00datvonalvonal st\u00edlus\u00e1nak m\u00f3dos\u00edt\u00e1sa<\/em> men\u00fcpontot, amely lehet\u0151v\u00e9 teszi a felhaszn\u00e1l\u00f3 sz\u00e1m\u00e1ra, hogy <a href=\"https:\/\/fr.wikipedia.org\/wiki\/Signalisation_routi%C3%A8re_horizontale_en_France\" target=\"_blank\" rel=\"noopener\">francia \u00fatvonalvonal st\u00edlust<\/a> v\u00e1lasszon a kijel\u00f6lt vonall\u00e1ncokhoz \u00e9s azok sz\u00edn\u00e9hez (<a href=\"https:\/\/www.sweethome3d.com\/blog\/2018\/12\/10\/customization_for_the_forensic_police.html\" target=\"_blank\" rel=\"noopener\">tudj meg t\u00f6bbet<\/a>)<\/td><\/tr><tr><td><a href=\"\/storage\/plugins\/EvidenceMarkerGenerator-1.1.1.sh3p\">EvidenceMarkerGenerator-1.1.1.sh3p<\/a><br>(38 kB &#8211; forr\u00e1sk\u00f3d mell\u00e9kelve)<\/td><td style=\"text-align:center\">Space Mushrooms<\/td><td style=\"text-align:center\">Igen<\/td><td style=\"text-align:center\">Nem<\/td><td style=\"width:500px\">Hozz\u00e1adja az <em>Eszk\u00f6z\u00f6k &gt; Bizony\u00edt\u00e9kjelz\u0151 hozz\u00e1ad\u00e1sa<\/em> men\u00fcpontot, amely sz\u00e1mozott bizony\u00edt\u00e9kjelz\u0151t gener\u00e1l a tervben kijel\u00f6lt elemen (<a href=\"https:\/\/www.sweethome3d.com\/blog\/2018\/12\/10\/customization_for_the_forensic_police.html\" target=\"_blank\" rel=\"noopener\">tudj meg t\u00f6bbet<\/a>)<\/td><\/tr><tr><td><a href=\"https:\/\/sourceforge.net\/p\/sweethome3d\/plug-ins\/_discuss\/thread\/5e6557c2\/fef8\/attachment\/AdvancedEditing.sh3p\" target=\"_blank\" rel=\"noopener\">AdvancedEditing.sh3p<\/a><br>(135 kB &#8211; <a href=\"https:\/\/sourceforge.net\/p\/sweethome3d\/plug-ins\/_discuss\/thread\/5e6557c2\/fef8\/attachment\/AdvancedEditingPlugin-src.zip\" target=\"_blank\" rel=\"noopener\">forr\u00e1sk\u00f3d<\/a>)<\/td><td style=\"text-align:center\">Tobias Liefke<\/td><td style=\"text-align:center\">Igen<\/td><td style=\"text-align:center\">Igen<\/td><td style=\"width:500px\">Hozz\u00e1adja a men\u00fcpontokat&nbsp;<em>Szerkeszt\u00e9s &gt; forgat\u00e1s<\/em>,&nbsp;<em>Szerkeszt\u00e9s &gt; mozgat\u00e1s<\/em>,&nbsp;<em>Szerkeszt\u00e9s &gt; t\u00fckr\u00f6z\u00e9s<\/em>,&nbsp;<em>Szerkeszt\u00e9s &gt; \u00e1tm\u00e9retez\u00e9s, b\u00fator &gt; emel\u00e9s<\/em>,&nbsp;<em>Terv &gt; Szobapontok szerkeszt\u00e9se<\/em>,&nbsp;<em>Terv &gt; Falak \u00f6sszek\u00f6t\u00e9se<\/em>, amelyek lehet\u0151v\u00e9 teszik a kijel\u00f6lt objektumok m\u00f3dos\u00edt\u00e1s\u00e1t a tervben (<a href=\"https:\/\/www.sweethome3d.com\/support\/forum\/viewthread_thread,1757\" target=\"_blank\" rel=\"noopener\">tudj meg t\u00f6bbet<\/a>)<\/td><\/tr><tr><td><a href=\"https:\/\/sourceforge.net\/p\/sweethome3d\/plug-ins\/_discuss\/thread\/34cdde5620\/4c8d\/attachment\/Multiplier-2.2.sh3p\" target=\"_blank\" rel=\"noopener\">Multiplier-2.2.sh3p<\/a><br>(176 kB &#8211; forr\u00e1sk\u00f3d mell\u00e9kelve)<\/td><td style=\"text-align:center\">Dorin vatavu<\/td><td style=\"text-align:center\">Igen<\/td><td style=\"text-align:center\">Igen<\/td><td style=\"width:500px\">Hozz\u00e1adja az <em>Eszk\u00f6z\u00f6k &gt; Sokszoroz\u00e1s<\/em> men\u00fcpontot, amely lehet\u0151v\u00e9 teszi a kijel\u00f6lt objektumok sokszoroz\u00e1s\u00e1t \u00e9s eltol\u00e1s\u00e1t a tervben (<a href=\"https:\/\/www.sweethome3d.com\/support\/forum\/viewthread_thread,10554\" target=\"_blank\" rel=\"noopener\">tudj meg t\u00f6bbet<\/a>)<\/td><\/tr><tr><td><a href=\"https:\/\/sourceforge.net\/p\/sweethome3d\/plug-ins\/_discuss\/thread\/015d788700\/98fc\/attachment\/AutoDimensioning.sh3p\" target=\"_blank\" rel=\"noopener\">AutoDimensioning.sh3p<\/a><br>(44 kB &#8211; forr\u00e1sk\u00f3d mell\u00e9kelve)<\/td><td style=\"text-align:center\">Dorin vatavu<\/td><td style=\"text-align:center\">Igen<\/td><td style=\"text-align:center\">Igen<\/td><td style=\"width:500px\">Hozz\u00e1adja az <em>Eszk\u00f6z\u00f6k &gt; Automatikus m\u00e9retez\u00e9s<\/em> men\u00fcpontot, amely lehet\u0151v\u00e9 teszi m\u00e9retvonalak gener\u00e1l\u00e1s\u00e1t az eg\u00e9sz tervhez (<a href=\"https:\/\/www.sweethome3d.com\/support\/forum\/viewthread_thread,10955\" target=\"_blank\" rel=\"noopener\">tudj meg t\u00f6bbet<\/a>)<\/td><\/tr><tr><td><a href=\"https:\/\/sourceforge.net\/p\/sweethome3d\/plug-ins\/_discuss\/thread\/914cc4be82\/b551\/attachment\/GenerateRoof-4.5.sh3p\" target=\"_blank\" rel=\"noopener\">GenerateRoof-4.5.sh3p<\/a><br>(690 kB &#8211; forr\u00e1sk\u00f3d mell\u00e9kelve)<\/td><td style=\"text-align:center\">Dorin vatavu<br><br><\/td><td style=\"text-align:center\">N\/A<\/td><td style=\"text-align:center\">Nem<\/td><td style=\"width:500px\">Hozz\u00e1adja az <em>Eszk\u00f6z\u00f6k &gt; Tet\u0151 gener\u00e1l\u00e1sa<\/em> men\u00fcpontot, amely lehet\u0151v\u00e9 teszi tet\u0151 gener\u00e1l\u00e1s\u00e1t k\u00fcl\u00f6nb\u00f6z\u0151 d\u0151l\u00e9ssz\u00f6gekkel a kijel\u00f6lt szoba alakj\u00e1b\u00f3l (<a href=\"https:\/\/www.sweethome3d.com\/support\/forum\/viewthread_thread%2C11330\" target=\"_blank\" rel=\"noopener\">tudj meg t\u00f6bbet<\/a>)<\/td><\/tr><tr><td><a href=\"https:\/\/sourceforge.net\/p\/sweethome3d\/plug-ins\/_discuss\/thread\/182d97c5\/ad56\/attachment\/AdvancedSettingsPhotoRendering-1.4.1.sh3p\" target=\"_blank\" rel=\"noopener\">AdvancedSettings<br>PhotoRendering-1.4.1.sh3p<\/a><br>(52 kB &#8211; forr\u00e1sk\u00f3d mell\u00e9kelve)<\/td><td style=\"text-align:center\">Enko nyito<\/td><td style=\"text-align:center\">N\/A<\/td><td style=\"text-align:center\">Nem<\/td><td style=\"width:500px\">Hozz\u00e1adja az <em>Eszk\u00f6z\u00f6k &gt; Fot\u00f3renderel\u00e9s speci\u00e1lis be\u00e1ll\u00edt\u00e1sai<\/em> men\u00fcpontot, amely lehet\u0151v\u00e9 teszi a fot\u00f3renderel\u0151k \u00e1ltal haszn\u00e1lt n\u00e9h\u00e1ny <a href=\"https:\/\/sourceforge.net\/p\/sweethome3d\/code\/HEAD\/tree\/trunk\/SweetHome3D\/src\/com\/eteks\/sweethome3d\/j3d\/PhotoRenderer.properties\" target=\"_blank\" rel=\"noopener\">speci\u00e1lis tulajdons\u00e1g<\/a> m\u00f3dos\u00edt\u00e1s\u00e1t a k\u00e9t legjobb min\u0151s\u00e9gi szinten (<a href=\"https:\/\/www.sweethome3d.com\/support\/forum\/viewthread_thread,6122_offset,20\" target=\"_blank\" rel=\"noopener\">tudj meg t\u00f6bbet<\/a>)<\/td><\/tr><tr><td><a href=\"https:\/\/sourceforge.net\/p\/sweethome3d\/plug-ins\/_discuss\/thread\/40b57f75\/5282\/attachment\/PhotoVideoRendering-2.8.zip\" target=\"_blank\" rel=\"noopener\">PhotoVideoRendering-2.8.zip<\/a><br>(15 MB &#8211; SH3P f\u00e1jl + forr\u00e1sk\u00f3d mell\u00e9kelve)<\/td><td style=\"text-align:center\">Enko Nyito<\/td><td style=\"text-align:center\">N\/A<\/td><td style=\"text-align:center\">Nem<\/td><td style=\"width:500px\">Hozz\u00e1adja a <em>Fot\u00f3-vide\u00f3 renderel\u00e9s<\/em> men\u00fct, extra be\u00e1ll\u00edt\u00e1sokkal rendelkez\u0151 fot\u00f3- \u00e9s vide\u00f3renderel\u00e9si men\u00fcpontokkal (<a href=\"https:\/\/sourceforge.net\/p\/sweethome3d\/plug-ins\/18\/\" target=\"_blank\" rel=\"noopener\">tudj meg t\u00f6bbet<\/a>)<\/td><\/tr><\/tbody><\/table><\/figure>\n\n<p>Egy b\u0151v\u00edtm\u00e9ny elt\u00e1vol\u00edt\u00e1s\u00e1hoz t\u00f6r\u00f6ld a SH3P f\u00e1jlj\u00e1t a <a href=\"https:\/\/wp-test-1.sweethome3d.eu\/hu\/letoltes\/\" data-type=\"page\" data-id=\"396\">Sweet Home 3D<\/a> b\u0151v\u00edtm\u00e9nyek mapp\u00e1j\u00e1b\u00f3l, majd ind\u00edtsd \u00fajra az alkalmaz\u00e1st. Ez a mappa akkor jelenik meg, ha r\u00e1kattintasz b\u00e1rmely SH3P f\u00e1jlra, amely a <em>Haszn\u00e1lt k\u00f6nyvt\u00e1rak<\/em> panel <em>B\u0151v\u00edtm\u00e9nyek<\/em> szakasz\u00e1ban van felsorolva. Ez a panel a Sweet Home 3D <g id=\"gid_4\">N\u00e9vjegy<\/g> p\u00e1rbesz\u00e9dpanel alj\u00e1n tal\u00e1lhat\u00f3 <g id=\"gid_3\">K\u00f6nyvt\u00e1rak&#8230;<\/g> gombra kattintva jelenik meg. Ha magad szeretn\u00e9l b\u0151v\u00edtm\u00e9nyeket programozni, olvasd el a <a href=\"https:\/\/wp-test-1.sweethome3d.eu\/hu\/bovitmenyfejlesztoi-utmutato\/\" data-type=\"page\" data-id=\"4964\">B\u0151v\u00edtm\u00e9nyfejleszt\u0151i \u00fatmutat\u00f3t<\/a>.   <\/p>\n\n<figure class=\"wp-block-image size-large\"><img loading=\"lazy\" decoding=\"async\" width=\"1024\" height=\"540\" src=\"https:\/\/wp-test-1.sweethome3d.eu\/wp-content\/uploads\/2025\/06\/PlugInScratchHomeDemo3-1024x540.jpg\" alt=\"b&#x151;v&#xED;tm&#xE9;nyek\" class=\"wp-image-3616\" srcset=\"https:\/\/wp-test-1.sweethome3d.eu\/wp-content\/uploads\/2025\/06\/PlugInScratchHomeDemo3-1024x540.jpg 1024w, https:\/\/wp-test-1.sweethome3d.eu\/wp-content\/uploads\/2025\/06\/PlugInScratchHomeDemo3-360x190.jpg 360w, https:\/\/wp-test-1.sweethome3d.eu\/wp-content\/uploads\/2025\/06\/PlugInScratchHomeDemo3-247x130.jpg 247w, https:\/\/wp-test-1.sweethome3d.eu\/wp-content\/uploads\/2025\/06\/PlugInScratchHomeDemo3-768x405.jpg 768w, https:\/\/wp-test-1.sweethome3d.eu\/wp-content\/uploads\/2025\/06\/PlugInScratchHomeDemo3-400x211.jpg 400w, https:\/\/wp-test-1.sweethome3d.eu\/wp-content\/uploads\/2025\/06\/PlugInScratchHomeDemo3.jpg 1366w\" sizes=\"auto, (max-width: 1024px) 100vw, 1024px\" \/><\/figure>\n<h2 class=\"wp-block-heading\" id=\"eszkozok\"><img loading=\"lazy\" decoding=\"async\" width=\"16\" height=\"12\" src=\"https:\/\/www.sweethome3d.com\/images\/bullet.gif\"><strong>Eszk\u00f6z\u00f6k<\/strong><\/h2>\n<p>Az al\u00e1bbi t\u00e1bl\u00e1zat felsorol n\u00e9h\u00e1ny tov\u00e1bbi eszk\u00f6zt, amelyet a Space Mushrooms biztos\u00edt, \u00e9s hasznos a <a href=\"https:\/\/wp-test-1.sweethome3d.eu\/hu\/letoltes\/\" data-type=\"page\" data-id=\"396\">Sweet Home 3D<\/a>-hez. Ezek az eszk\u00f6z\u00f6k Jar futtathat\u00f3 f\u00e1jlokk\u00e9nt \u00e9rhet\u0151k el, amelyeket dupl\u00e1n kattintva ind\u00edthatsz el, miut\u00e1n a <a href=\"https:\/\/www.java.com\/\" target=\"_blank\" rel=\"noopener\">Java<\/a> telep\u00edtve van a rendszereden. macOS alatt az internetr\u0151l let\u00f6lt\u00f6tt Jar futtathat\u00f3 f\u00e1jl els\u0151 ind\u00edt\u00e1s\u00e1t \u00fagy kell elv\u00e9gezni, hogy r\u00e1kattintasz a Jar f\u00e1jlra, mik\u00f6zben lenyomva tartod a <em>ctrl<\/em> billenty\u0171t, majd kiv\u00e1lasztod a <em>Megnyit\u00e1s<\/em> opci\u00f3t a megjelen\u0151 helyi men\u00fcb\u0151l.  <\/p>\n\n<figure class=\"wp-block-flexible-table-block-table is-content-justification-center\"><table class=\"has-fixed-layout\"><thead><tr><th style=\"text-align:center\">Eszk\u00f6z<\/th><th style=\"text-align:center;width:500px\">le\u00edr\u00e1s<\/th><\/tr><\/thead><tbody><tr><td style=\"text-align:left\"><a href=\"https:\/\/sourceforge.net\/projects\/sweethome3d\/files\/FurnitureLibraryEditor\/FurnitureLibraryEditor-2.2.jar\/download\" target=\"_blank\" rel=\"noopener\">FurnitureLibraryEditor-2.2.jar<\/a><br>(14,4 MB &#8211; <a href=\"https:\/\/sourceforge.net\/projects\/sweethome3d\/files\/FurnitureLibraryEditor-source\/FurnitureLibraryEditor-2.2-src.zip\" target=\"_blank\" rel=\"noopener\">forr\u00e1sk\u00f3d<\/a>)<\/td><td style=\"width:500px\">Ez az alkalmaz\u00e1s lehet\u0151v\u00e9 teszi SH3F b\u00fatork\u00f6nyvt\u00e1r f\u00e1jl l\u00e9trehoz\u00e1s\u00e1t \u00e9s a benne tal\u00e1lhat\u00f3 3D modellek tulajdons\u00e1gainak szerkeszt\u00e9s\u00e9t (<a href=\"https:\/\/www.sweethome3d.com\/support\/forum\/viewthread_thread,1550\" target=\"_blank\" rel=\"noopener\">tudj meg t\u00f6bbet<\/a>)<\/td><\/tr><tr><td><a href=\"https:\/\/sourceforge.net\/projects\/sweethome3d\/files\/TexturesLibraryEditor\/TexturesLibraryEditor-2.1.jar\/download\" target=\"_blank\" rel=\"noopener\">TexturesLibraryEditor-2.1.jar<\/a><br>(1,2 MB &#8211; <a href=\"https:\/\/sourceforge.net\/projects\/sweethome3d\/files\/TexturesLibraryEditor-source\/TexturesLibraryEditor-2.1-src.zip\" target=\"_blank\" rel=\"noopener\">forr\u00e1sk\u00f3d<\/a>)<\/td><td style=\"width:500px\">Ez az alkalmaz\u00e1s lehet\u0151v\u00e9 teszi SH3T text\u00farak\u00f6nyvt\u00e1r f\u00e1jl l\u00e9trehoz\u00e1s\u00e1t \u00e9s a benne tal\u00e1lhat\u00f3 text\u00farak\u00e9pek tulajdons\u00e1gainak szerkeszt\u00e9s\u00e9t (<a href=\"https:\/\/www.sweethome3d.com\/support\/forum\/viewthread_thread,3502\" target=\"_blank\" rel=\"noopener\">tudj meg t\u00f6bbet<\/a>)<\/td><\/tr><tr><td><a href=\"\/storage\/downloads\/HugeFileCleaner-1.0.jar\">HugeFileCleaner-1.0.jar<\/a><br>(7 kB &#8211; forr\u00e1sk\u00f3d mell\u00e9kelve)<\/td><td style=\"width:500px\">Ez az alkalmaz\u00e1s elt\u00e1vol\u00edtja a felesleges bejegyz\u00e9seket, amelyek hatalmas SH3D f\u00e1jlokban (\u00e1ltal\u00e1ban 500 MB-n\u00e1l nagyobbak) jelenhettek meg, amelyeket a Sweet Home 3D 5.2-n\u00e9l r\u00e9gebbi verzi\u00f3ival hoztak l\u00e9tre, amikor a text\u00far\u00e1k p\u00e1rbesz\u00e9dpanelen megjelen\u0151 legut\u00f3bbi text\u00faralist\u00e1t haszn\u00e1ltad a b\u00fatorkatal\u00f3gusban tal\u00e1lhat\u00f3 3D modellek text\u00far\u00e1inak m\u00e1sol\u00e1s\u00e1ra (<a href=\"https:\/\/www.sweethome3d.com\/support\/forum\/viewthread_thread,6331_offset,21\" target=\"_blank\" rel=\"noopener\">tudj meg t\u00f6bbet<\/a>)<\/td><\/tr><tr><td><a href=\"https:\/\/apps.apple.com\/us\/app\/tape-measure\/id1437807477\" target=\"_blank\" rel=\"noopener\">M\u00e9r\u0151szalag<\/a><\/td><td style=\"width:500px\">Ez az alkalmaz\u00e1s lehet\u0151v\u00e9 teszi, hogy m\u00e9r\u00e9seket v\u00e9gezz \u00e9s pontos alaprajzot k\u00e9sz\u00edts a h\u00e1zadr\u00f3l, a k\u00f6r\u00fcl\u00f6tted l\u00e9v\u0151 t\u00e9r szkennel\u00e9s\u00e9vel \u00e9s a szob\u00e1k sarkainak megjel\u00f6l\u00e9s\u00e9vel. Ezut\u00e1n k\u00f6zvetlen\u00fcl import\u00e1lhatod az alaprajzot a Sweet Home 3d-be, hogy elkezdhesd a tervez\u00e9st. Fontos, hogy az alkalmaz\u00e1s jelenleg csak iOS-en \u00e9rhet\u0151 el.<\/td><\/tr><\/tbody><\/table><\/figure>\n","protected":false},"excerpt":{"rendered":"<p>Ez az oldal bemutatja a Sweet Home 3D-hez el\u00e9rhet\u0151 f\u0151 b\u0151v\u00edtm\u00e9nyeket \u00e9s egy\u00e9b eszk\u00f6z\u00f6ket. B\u0151v\u00edtm\u00e9nyek Az al\u00e1bbi t\u00e1bl\u00e1zat felsorolja a leg\u00e9rdekesebb b\u0151v\u00edtm\u00e9nyeket, amelyeket a Space Mushrooms vagy a fejleszt\u0151k javasoltak a Plug-ins Contributions nyomk\u00f6vet\u0151 rendszerben. Egy b\u0151v\u00edtm\u00e9ny tov\u00e1bbi funkci\u00f3kat k\u00edn\u00e1l a Sweet Home 3D-ben, \u00e9s telep\u00edthet\u0151 a SH3P f\u00e1jlj\u00e1ra dupl\u00e1n kattintva. Linux alatt, ha nem [&hellip;]<\/p>\n","protected":false},"author":2,"featured_media":10733,"parent":0,"menu_order":0,"comment_status":"closed","ping_status":"closed","template":"","meta":{"inline_featured_image":false,"footnotes":""},"class_list":["post-10736","page","type-page","status-publish","has-post-thumbnail","hentry"],"_links":{"self":[{"href":"https:\/\/wp-test-1.sweethome3d.eu\/hu\/wp-json\/wp\/v2\/pages\/10736","targetHints":{"allow":["GET"]}}],"collection":[{"href":"https:\/\/wp-test-1.sweethome3d.eu\/hu\/wp-json\/wp\/v2\/pages"}],"about":[{"href":"https:\/\/wp-test-1.sweethome3d.eu\/hu\/wp-json\/wp\/v2\/types\/page"}],"author":[{"embeddable":true,"href":"https:\/\/wp-test-1.sweethome3d.eu\/hu\/wp-json\/wp\/v2\/users\/2"}],"replies":[{"embeddable":true,"href":"https:\/\/wp-test-1.sweethome3d.eu\/hu\/wp-json\/wp\/v2\/comments?post=10736"}],"version-history":[{"count":1,"href":"https:\/\/wp-test-1.sweethome3d.eu\/hu\/wp-json\/wp\/v2\/pages\/10736\/revisions"}],"predecessor-version":[{"id":10737,"href":"https:\/\/wp-test-1.sweethome3d.eu\/hu\/wp-json\/wp\/v2\/pages\/10736\/revisions\/10737"}],"wp:featuredmedia":[{"embeddable":true,"href":"https:\/\/wp-test-1.sweethome3d.eu\/hu\/wp-json\/wp\/v2\/media\/10733"}],"wp:attachment":[{"href":"https:\/\/wp-test-1.sweethome3d.eu\/hu\/wp-json\/wp\/v2\/media?parent=10736"}],"curies":[{"name":"wp","href":"https:\/\/api.w.org\/{rel}","templated":true}]}}