{"id":11623,"date":"2025-10-01T14:26:57","date_gmt":"2025-10-01T14:26:57","guid":{"rendered":"https:\/\/wp-test-1.sweethome3d.eu\/texturak-importalasa\/"},"modified":"2025-11-03T16:43:59","modified_gmt":"2025-11-03T16:43:59","slug":"texturak-importalasa","status":"publish","type":"page","link":"https:\/\/wp-test-1.sweethome3d.eu\/hu\/texturak-importalasa\/","title":{"rendered":"Text\u00far\u00e1k import\u00e1l\u00e1sa"},"content":{"rendered":"\n<p class=\"has-text-align-center\">Ez az oldal ingyenes text\u00farak\u00e9pek forr\u00e1sait sorolja fel, amelyeket import\u00e1lhatsz a <a href=\"\/\">Sweet Home 3D<\/a>-be.<\/p>\n<h2 class=\"wp-block-heading\" id=\"elerheto-texturaforrasok\">El\u00e9rhet\u0151 text\u00faraforr\u00e1sok<\/h2><h3 class=\"wp-block-heading\" id=\"texturakonyvtarak\"><img loading=\"lazy\" decoding=\"async\" width=\"16\" height=\"12\" src=\"https:\/\/www.sweethome3d.com\/images\/bullet.gif\">Text\u00farak\u00f6nyvt\u00e1rak<\/h3>\n<p>A <a href=\"https:\/\/www.sweethome3d.com\/download.jsp\" target=\"_blank\" rel=\"noopener\">Sweet Home 3D<\/a> lehet\u0151v\u00e9 teszi, hogy egyenk\u00e9nt vagy SH3T f\u00e1jlokban t\u00e1rolt text\u00faracsoportk\u00e9nt import\u00e1lj text\u00farak\u00e9peket. Az SH3T f\u00e1jl egy text\u00farak\u00f6nyvt\u00e1r a le\u00edr\u00e1sukkal egy\u00fctt, \u00e9s k\u00f6nnyen telep\u00edthet\u0151 r\u00e1 dupla kattint\u00e1ssal, vagy a <em>B\u00fatorok &gt; Text\u00farak\u00f6nyvt\u00e1r import\u00e1l\u00e1sa<\/em> men\u00fcpont kiv\u00e1laszt\u00e1s\u00e1val a <a href=\"https:\/\/wp-test-1.sweethome3d.eu\/hu\/letoltes\/\" data-type=\"page\" data-id=\"396\">Sweet Home 3D<\/a>-ben.<br\/>Az al\u00e1bbi ZIP f\u00e1jlok SH3T f\u00e1jlt tartalmaznak, amelyet import\u00e1lhatsz a <a href=\"https:\/\/wp-test-1.sweethome3d.eu\/hu\/letoltes\/\" data-type=\"page\" data-id=\"396\">Sweet Home 3D<\/a>-be. <\/p>\n\n<ul class=\"wp-block-list\">\n<li><a href=\"https:\/\/sourceforge.net\/projects\/sweethome3d\/files\/SweetHome3D-textures\/Textures-1.3.1\/Textures-Contributions-1.3.1.zip\/download\" target=\"_blank\" rel=\"noopener\">Textures-Contributions-1.3.1.zip<\/a> (1,1 MB &#8211; 57 text\u00fara &#8211; CC-BY licenc)<\/li>\n\n\n\n<li><a href=\"https:\/\/sourceforge.net\/projects\/sweethome3d\/files\/SweetHome3D-textures\/Textures-1.3.1\/Textures-eTeksScopia-1.3.1.zip\/download\" target=\"_blank\" rel=\"noopener\">Textures-eTeksScopia-1.3.1.zip<\/a> (18,8 MB &#8211; 340 text\u00fara &#8211; CC-BY licenc)<\/li>\n<\/ul>\n\n<p>Let\u00f6ltheted a <a href=\"#download\">teljes verzi\u00f3t<\/a> is, amely m\u00e1r t\u00f6bb mint 10 000 <a href=\"https:\/\/wp-test-1.sweethome3d.eu\/hu\/modellek-importalasa-a-sweet-home-3d-be-egyedi-3d-butorok-es-targyak-hozzaadasa\/\" data-type=\"page\" data-id=\"432\">3D modellt<\/a> \u00e9s 400 text\u00far\u00e1t tartalmaz.<a href=\"https:\/\/apps.apple.com\/app\/sweet-home-3d\/id669289700\" target=\"_blank\" rel=\"noopener\"><\/a><\/p>\n\n<hr class=\"wp-block-separator has-text-color has-white-color has-alpha-channel-opacity has-white-background-color has-background is-style-wide\"\/>\n\n<div class=\"wp-block-buttons is-layout-flex wp-block-buttons-is-layout-flex\">\n<div class=\"wp-block-button btn-download btn-small\" data-wce-label=\"wce_textures_download_direct\"><a class=\"wp-block-button__link wp-element-button\" href=\"#download\" style=\"text-decoration:underline\"><img loading=\"lazy\" decoding=\"async\" width=\"20\" height=\"20\" class=\"wp-image-390\" style=\"width: 20px;\" src=\"http:\/\/wp-test-1.sweethome3d.eu\/wp-content\/uploads\/2025\/09\/download-bottom.svg\" alt=\"\"\/> T\u00f6ltse le a Sweet Home 3D-t<\/a><\/div>\n<\/div>\n\n<hr class=\"wp-block-separator has-text-color has-white-color has-alpha-channel-opacity has-white-background-color has-background is-style-wide\"\/>\n<div class=\"wp-block-image\">\n<figure class=\"aligncenter size-full\"><img loading=\"lazy\" decoding=\"async\" width=\"600\" height=\"140\" src=\"https:\/\/wp-test-1.sweethome3d.eu\/wp-content\/uploads\/2025\/10\/texturesLibraries.jpg\" alt=\"\" class=\"wp-image-4930\" srcset=\"https:\/\/wp-test-1.sweethome3d.eu\/wp-content\/uploads\/2025\/10\/texturesLibraries.jpg 600w, https:\/\/wp-test-1.sweethome3d.eu\/wp-content\/uploads\/2025\/10\/texturesLibraries-360x84.jpg 360w, https:\/\/wp-test-1.sweethome3d.eu\/wp-content\/uploads\/2025\/10\/texturesLibraries-557x130.jpg 557w, https:\/\/wp-test-1.sweethome3d.eu\/wp-content\/uploads\/2025\/10\/texturesLibraries-400x93.jpg 400w\" sizes=\"auto, (max-width: 600px) 100vw, 600px\" \/><\/figure>\n<\/div>\n<p>Vedd figyelembe, hogy az SH3T f\u00e1jl val\u00f3j\u00e1ban egyfajta ZIP f\u00e1jl, amelyb\u0151l b\u00e1rmilyen ZIP eszk\u00f6zzel kinyerheted az egyes text\u00farak\u00e9peket. Sz\u00fcks\u00e9g eset\u00e9n saj\u00e1t SH3T f\u00e1jlokat is l\u00e9trehozhatsz a let\u00f6lthet\u0151 <a href=\"https:\/\/sourceforge.net\/projects\/sweethome3d\/files\/TexturesLibraryEditor\/TexturesLibraryEditor-2.1.jar\/download\" target=\"_blank\" rel=\"noopener\">Text\u00farak\u00f6nyvt\u00e1r szerkeszt\u0151vel<\/a>. <\/p>\n<h3 class=\"wp-block-heading\" id=\"texturakat-kinalo-weboldalak\"><img loading=\"lazy\" decoding=\"async\" width=\"16\" height=\"12\" src=\"https:\/\/www.sweethome3d.com\/images\/bullet.gif\">Text\u00far\u00e1kat k\u00edn\u00e1l\u00f3 weboldalak<br><a href=\"https:\/\/apps.apple.com\/app\/sweet-home-3d\/id669289700\" data-wce-label=\"wce_textures_download_hyperlink\" target=\"_blank\" rel=\"noopener\"><\/a><\/h3>\n<p>Az al\u00e1bbi oldalak ingyenes text\u00farak\u00e9peket k\u00edn\u00e1lnak, amelyeket a <a href=\"\/\">Sweet Home 3D<\/a> text\u00faraimport\u00e1l\u00f3 var\u00e1zsl\u00f3ja t\u00e1mogat:<\/p>\n\n<figure class=\"wp-block-flexible-table-block-table is-content-justification-left td-border-0 stars-table\"><table class=\"has-fixed-layout\" style=\"border-width:0\"><tbody><tr><td><img loading=\"lazy\" decoding=\"async\" width=\"12\" height=\"12\" src=\"https:\/\/www.sweethome3d.com\/images\/star.gif\" alt=\"Csillag\"><img loading=\"lazy\" decoding=\"async\" width=\"12\" height=\"12\" src=\"https:\/\/www.sweethome3d.com\/images\/star.gif\" alt=\"Csillag\"><img loading=\"lazy\" decoding=\"async\" width=\"12\" height=\"12\" src=\"https:\/\/www.sweethome3d.com\/images\/star.gif\" alt=\"Csillag\"><\/td><td><a href=\"https:\/\/ambientcg.com\/\" target=\"_blank\" rel=\"noopener\">ambientCG<\/a> (sok z\u00f6kken\u0151mentes text\u00fara k\u00f6zkincs, SH3T k\u00f6nyvt\u00e1rk\u00e9nt is el\u00e9rhet\u0151 <a href=\"https:\/\/github.com\/fabien-michel\/sweethome3d-textures-ambientcg\" target=\"_blank\" rel=\"noopener\">itt<\/a>)<\/td><\/tr><tr><td><img loading=\"lazy\" decoding=\"async\" width=\"12\" height=\"12\" src=\"https:\/\/www.sweethome3d.com\/images\/star.gif\" alt=\"Csillag\"><img loading=\"lazy\" decoding=\"async\" width=\"12\" height=\"12\" src=\"https:\/\/www.sweethome3d.com\/images\/star.gif\" alt=\"Csillag\"><\/td><td><a href=\"https:\/\/archivetextures.net\/\" class=\"broken_link\" target=\"_blank\" rel=\"noopener\">Archive textures<\/a> (nagyon nagy v\u00e1laszt\u00e9k)<\/td><\/tr><tr><td><img loading=\"lazy\" decoding=\"async\" width=\"12\" height=\"12\" src=\"https:\/\/www.sweethome3d.com\/images\/star.gif\" alt=\"Csillag\"><img loading=\"lazy\" decoding=\"async\" width=\"12\" height=\"12\" src=\"https:\/\/www.sweethome3d.com\/images\/star.gif\" alt=\"Csillag\"><\/td><td><a href=\"https:\/\/www.sharetextures.com\/\" target=\"_blank\" rel=\"noopener\">Sharetextures<\/a> (sz\u00e9p, z\u00f6kken\u0151mentes text\u00far\u00e1k k\u00f6zkincs)<\/td><\/tr><tr><td><img loading=\"lazy\" decoding=\"async\" width=\"12\" height=\"12\" src=\"https:\/\/www.sweethome3d.com\/images\/star.gif\" alt=\"Csillag\"><img loading=\"lazy\" decoding=\"async\" width=\"12\" height=\"12\" src=\"https:\/\/www.sweethome3d.com\/images\/star.gif\" alt=\"Csillag\"><\/td><td><a href=\"https:\/\/3dtextures.me\/\" target=\"_blank\" rel=\"noopener\">3D textures<\/a> (egy m\u00e1sik oldal z\u00f6kken\u0151mentes text\u00far\u00e1kkal, k\u00f6zkincs)<\/td><\/tr><tr><td><img loading=\"lazy\" decoding=\"async\" width=\"12\" height=\"12\" src=\"https:\/\/www.sweethome3d.com\/images\/star.gif\" alt=\"Csillag\"><img loading=\"lazy\" decoding=\"async\" width=\"12\" height=\"12\" src=\"https:\/\/www.sweethome3d.com\/images\/star.gif\" alt=\"Csillag\"><\/td><td><a href=\"https:\/\/tiled-bg.blogspot.com\/p\/about.html\" target=\"_blank\" rel=\"noopener\">Free Web Gallery of Tile-able Website Backgrounds<\/a> (testreszabhat\u00f3, z\u00f6kken\u0151mentes text\u00far\u00e1k CC-BY licenc alatt el\u00e9rhet\u0151k)<\/td><\/tr><tr><td><img loading=\"lazy\" decoding=\"async\" width=\"12\" height=\"12\" src=\"https:\/\/www.sweethome3d.com\/images\/star.gif\" alt=\"Csillag\"><img loading=\"lazy\" decoding=\"async\" width=\"12\" height=\"12\" src=\"https:\/\/www.sweethome3d.com\/images\/star.gif\" alt=\"Csillag\"><\/td><td><a href=\"https:\/\/www.plaintextures.com\/\" target=\"_blank\" rel=\"noopener\">Plain textures<\/a> (nagy text\u00farav\u00e1laszt\u00e9k, de nem mindegyik z\u00f6kken\u0151mentes)<\/td><\/tr><tr><td><img loading=\"lazy\" decoding=\"async\" width=\"12\" height=\"12\" src=\"https:\/\/www.sweethome3d.com\/images\/star.gif\" alt=\"Csillag\"><img loading=\"lazy\" decoding=\"async\" width=\"12\" height=\"12\" src=\"https:\/\/www.sweethome3d.com\/images\/star.gif\" alt=\"Csillag\"><\/td><td><a href=\"https:\/\/www.cgtextures.com\/\" target=\"_blank\" rel=\"noopener\">CG Textures<\/a> (nagy text\u00farav\u00e1laszt\u00e9k, de nem mindegyik z\u00f6kken\u0151mentes)<\/td><\/tr><tr><td><img loading=\"lazy\" decoding=\"async\" width=\"12\" height=\"12\" src=\"https:\/\/www.sweethome3d.com\/images\/star.gif\" alt=\"Csillag\"><img loading=\"lazy\" decoding=\"async\" width=\"12\" height=\"12\" src=\"https:\/\/www.sweethome3d.com\/images\/star.gif\" alt=\"Csillag\"><\/td><td><a href=\"https:\/\/blender-archi.tuxfamily.org\/Textures\" target=\"_blank\" rel=\"noopener\">Blender for Architecture<\/a> (\u00e9rdekes <a href=\"https:\/\/blender-archi.tuxfamily.org\/Textures#Horizontal_maps\" target=\"_blank\" rel=\"noopener\">\u00e9gbolt text\u00far\u00e1khoz<\/a>)<\/td><\/tr><tr><td><img loading=\"lazy\" decoding=\"async\" width=\"12\" height=\"12\" src=\"https:\/\/www.sweethome3d.com\/images\/star.gif\" alt=\"Csillag\"><img loading=\"lazy\" decoding=\"async\" width=\"12\" height=\"12\" src=\"https:\/\/www.sweethome3d.com\/images\/star.gif\" alt=\"Csillag\"><\/td><td><a href=\"https:\/\/telias.gr\/textures_menu.html\" target=\"_blank\" rel=\"noopener\">Free the models<\/a> (sz\u00e9p text\u00far\u00e1k, Sweet Home 3D k\u00f6zrem\u0171k\u00f6d\u0151 k\u00e9sz\u00edtette)<\/td><\/tr><tr><td><img loading=\"lazy\" decoding=\"async\" width=\"12\" height=\"12\" src=\"https:\/\/www.sweethome3d.com\/images\/star.gif\" alt=\"Csillag\"><img loading=\"lazy\" decoding=\"async\" width=\"12\" height=\"12\" src=\"https:\/\/www.sweethome3d.com\/images\/star.gif\" alt=\"Csillag\"><\/td><td><a href=\"https:\/\/www.museumtextures.com\/\" target=\"_blank\" rel=\"noopener\">Museum Textures<\/a> (sz\u00e9p text\u00farav\u00e1laszt\u00e9k, n\u00e9h\u00e1ny z\u00f6kken\u0151mentes darabbal)<\/td><\/tr><tr><td><img loading=\"lazy\" decoding=\"async\" width=\"12\" height=\"12\" src=\"https:\/\/www.sweethome3d.com\/images\/star.gif\" alt=\"Csillag\"><\/td><td><a href=\"https:\/\/www.alterlinks.com\/textures\/\" class=\"broken_link\" target=\"_blank\" rel=\"noopener\">Alterlinks<\/a> (n\u00e9h\u00e1ny egyszer\u0171 text\u00fara)<\/td><\/tr><tr><td><img loading=\"lazy\" decoding=\"async\" width=\"12\" height=\"12\" src=\"https:\/\/www.sweethome3d.com\/images\/star.gif\" alt=\"Csillag\"><\/td><td><a href=\"https:\/\/www.hongkiat.com\/blog\/28-high-resolution-wood-textures-for-designers\/\" target=\"_blank\" rel=\"noopener\">Hongkiat.com<\/a> (fahat\u00e1s\u00fa text\u00far\u00e1k, t\u00f6bbs\u00e9g\u00fck nem z\u00f6kken\u0151mentes)<\/td><\/tr><tr><td><img loading=\"lazy\" decoding=\"async\" width=\"12\" height=\"12\" src=\"https:\/\/www.sweethome3d.com\/images\/star.gif\" alt=\"Csillag\"><\/td><td><a href=\"https:\/\/webdesignledger.com\/freebies\/40-beautiful-patterns-and-textures-for-ornate-backgrounds\" target=\"_blank\" rel=\"noopener\">WDL<\/a> (faltap\u00e9ta text\u00far\u00e1k)<\/td><\/tr><\/tbody><\/table><\/figure>\n\n<p>Ha egy fel\u00fcletet olyan text\u00far\u00e1val szeretn\u00e9l befedni, amely ism\u00e9tl\u0151dik, mint egy faltap\u00e9ta minta, v\u00e1lassz z\u00f6kken\u0151mentes text\u00far\u00e1t.<\/p>\n\n<p>A Sweet Home 3D teljes\u00edtm\u00e9ny\u00e9nek cs\u00f6kkent\u00e9s\u00e9nek elker\u00fcl\u00e9se \u00e9rdek\u00e9ben ne import\u00e1lj nagy felbont\u00e1s\u00fa k\u00e9peket (\u00e1ltal\u00e1ban a 256&#215;256 pixeles k\u00e9pek m\u00e1r j\u00f3 eredm\u00e9nyt adnak). Ha cs\u00f6kkentened kell egy k\u00e9p felbont\u00e1s\u00e1t, ink\u00e1bb a jobb JPEG min\u0151s\u00e9get r\u00e9szes\u00edtsd el\u0151nyben a nagyobb felbont\u00e1ssal szemben. <\/p>\n\n<p>K\u00e9rj\u00fck, tartsd tiszteletben az ezekr\u0151l a weboldalakr\u00f3l let\u00f6lthet\u0151 text\u00far\u00e1k licenc\u00e9t.<\/p>\n\n<figure class=\"wp-block-image size-large\"><img loading=\"lazy\" decoding=\"async\" width=\"1024\" height=\"276\" src=\"https:\/\/wp-test-1.sweethome3d.eu\/wp-content\/uploads\/2025\/06\/Textures-1024x276.jpg\" alt=\"Text&#xFA;r&#xE1;k import&#xE1;l&#xE1;sa\" class=\"wp-image-4507\" srcset=\"https:\/\/wp-test-1.sweethome3d.eu\/wp-content\/uploads\/2025\/06\/Textures-1024x276.jpg 1024w, https:\/\/wp-test-1.sweethome3d.eu\/wp-content\/uploads\/2025\/06\/Textures-360x97.jpg 360w, https:\/\/wp-test-1.sweethome3d.eu\/wp-content\/uploads\/2025\/06\/Textures-481x130.jpg 481w, https:\/\/wp-test-1.sweethome3d.eu\/wp-content\/uploads\/2025\/06\/Textures-768x207.jpg 768w, https:\/\/wp-test-1.sweethome3d.eu\/wp-content\/uploads\/2025\/06\/Textures-400x108.jpg 400w, https:\/\/wp-test-1.sweethome3d.eu\/wp-content\/uploads\/2025\/06\/Textures.jpg 1200w\" sizes=\"auto, (max-width: 1024px) 100vw, 1024px\" \/><\/figure>\n\n<hr class=\"wp-block-separator has-text-color has-white-color has-alpha-channel-opacity has-white-background-color has-background\"\/>\n\n<hr class=\"wp-block-separator has-text-color has-white-color has-alpha-channel-opacity has-white-background-color has-background\"\/>\n\n<p class=\"has-text-align-center\">K\u00f6sz\u00f6net Hans Dirkse-nek a seg\u00edts\u00e9g\u00e9\u00e9rt<\/p>\n\n<p class=\"has-text-align-center\"><a href=\"mailto:info@sweethome3d.com\">Javasolj m\u00e1s oldalakat vagy jelents be egy hib\u00e1s linket<\/a><\/p>\n\n<p class=\"has-text-align-center\"><em><em>Utols\u00f3 friss\u00edt\u00e9s: 2023.01.23.<\/em><\/em><\/p>\n","protected":false},"excerpt":{"rendered":"<p>Ez az oldal ingyenes text\u00farak\u00e9pek forr\u00e1sait sorolja fel, amelyeket import\u00e1lhatsz a Sweet Home 3D-be. El\u00e9rhet\u0151 text\u00faraforr\u00e1sok Text\u00farak\u00f6nyvt\u00e1rak A Sweet Home 3D lehet\u0151v\u00e9 teszi, hogy egyenk\u00e9nt vagy SH3T f\u00e1jlokban t\u00e1rolt text\u00faracsoportk\u00e9nt import\u00e1lj text\u00farak\u00e9peket. Az SH3T f\u00e1jl egy text\u00farak\u00f6nyvt\u00e1r a le\u00edr\u00e1sukkal egy\u00fctt, \u00e9s k\u00f6nnyen telep\u00edthet\u0151 r\u00e1 dupla kattint\u00e1ssal, vagy a B\u00fatorok &gt; Text\u00farak\u00f6nyvt\u00e1r import\u00e1l\u00e1sa men\u00fcpont kiv\u00e1laszt\u00e1s\u00e1val a [&hellip;]<\/p>\n","protected":false},"author":3,"featured_media":11615,"parent":0,"menu_order":0,"comment_status":"closed","ping_status":"closed","template":"","meta":{"inline_featured_image":false,"footnotes":""},"class_list":["post-11623","page","type-page","status-publish","has-post-thumbnail","hentry"],"_links":{"self":[{"href":"https:\/\/wp-test-1.sweethome3d.eu\/hu\/wp-json\/wp\/v2\/pages\/11623","targetHints":{"allow":["GET"]}}],"collection":[{"href":"https:\/\/wp-test-1.sweethome3d.eu\/hu\/wp-json\/wp\/v2\/pages"}],"about":[{"href":"https:\/\/wp-test-1.sweethome3d.eu\/hu\/wp-json\/wp\/v2\/types\/page"}],"author":[{"embeddable":true,"href":"https:\/\/wp-test-1.sweethome3d.eu\/hu\/wp-json\/wp\/v2\/users\/3"}],"replies":[{"embeddable":true,"href":"https:\/\/wp-test-1.sweethome3d.eu\/hu\/wp-json\/wp\/v2\/comments?post=11623"}],"version-history":[{"count":4,"href":"https:\/\/wp-test-1.sweethome3d.eu\/hu\/wp-json\/wp\/v2\/pages\/11623\/revisions"}],"predecessor-version":[{"id":11633,"href":"https:\/\/wp-test-1.sweethome3d.eu\/hu\/wp-json\/wp\/v2\/pages\/11623\/revisions\/11633"}],"wp:featuredmedia":[{"embeddable":true,"href":"https:\/\/wp-test-1.sweethome3d.eu\/hu\/wp-json\/wp\/v2\/media\/11615"}],"wp:attachment":[{"href":"https:\/\/wp-test-1.sweethome3d.eu\/hu\/wp-json\/wp\/v2\/media?parent=11623"}],"curies":[{"name":"wp","href":"https:\/\/api.w.org\/{rel}","templated":true}]}}