{"id":11757,"date":"2025-09-19T09:07:08","date_gmt":"2025-09-19T09:07:08","guid":{"rendered":"https:\/\/wp-test-1.sweethome3d.eu\/jogi-nyilatkozat\/"},"modified":"2025-11-03T17:30:38","modified_gmt":"2025-11-03T17:30:38","slug":"jogi-nyilatkozat","status":"publish","type":"page","link":"https:\/\/wp-test-1.sweethome3d.eu\/hu\/jogi-nyilatkozat\/","title":{"rendered":"Jogi nyilatkozat"},"content":{"rendered":"\n<p>A Sweet Home 3D szoftver \u00e9s a <a href=\"\/\">https:\/\/www.sweethome3d.com<\/a> weboldal kiad\u00f3ja:<br\/><\/p>\n\n<p><a href=\"https:\/\/www.spacemushrooms.it\/\" target=\"_blank\" rel=\"noopener\">Space Mushrooms srl<\/a><br\/>Via Melzi d&#8217;Eril 29<br\/>20154, Mil\u00e1n\u00f3<br\/>Olaszorsz\u00e1g<br\/>E-mail: <a href=\"mailto:info@sweethome3d.com\">info@sweethome3d.com<\/a><\/p>\n\n<p><br\/>Az <a href=\"https:\/\/www.spacemushrooms.it\/\" target=\"_blank\" rel=\"noopener\">Space Mushrooms srl<\/a> egy f\u00fcggetlen v\u00e1llalat, amelyet 2021-ben alap\u00edtottak.<\/p>\n\n<p><br\/>A Sweet Home 3D<sup>\u00ae<\/sup> bejegyzett v\u00e9djegy.<br\/>Az ezen a weboldalon eml\u00edtett egy\u00e9b kereskedelmi nevek v\u00e9djegyek vagy bejegyzett v\u00e9djegyek, tulajdonosaik tulajdon\u00e1ban vannak.<\/p>\n\n<p><br\/>A <a href=\"https:\/\/www.sweethome3d.com\/\" target=\"_blank\" rel=\"noopener\">sweethome3d.com<\/a>, <a href=\"https:\/\/www.sweethome3d.eu\/\">sweethome3d.eu<\/a>, <a href=\"https:\/\/www.sweethome3d.online\/\" target=\"_blank\" rel=\"noopener\">sweethome3d.online<\/a> \u00e9s <a href=\"https:\/\/www.sweethome2d.com\/\" target=\"_blank\" rel=\"noopener\">sweethome2d.com<\/a> t\u00e1rhelyszolg\u00e1ltat\u00f3ja:<\/p>\n\n<p>OVH<br\/>140, quai du Sartel<br\/>59100 Roubaix<br\/>Franciaorsz\u00e1g<br\/>Tel: +33 8 203 203 63<\/p>\n","protected":false},"excerpt":{"rendered":"<p>A Sweet Home 3D szoftver \u00e9s a https:\/\/www.sweethome3d.com weboldal kiad\u00f3ja: Space Mushrooms srlVia Melzi d&#8217;Eril 2920154, Mil\u00e1n\u00f3Olaszorsz\u00e1gE-mail: info@sweethome3d.com Az Space Mushrooms srl egy f\u00fcggetlen v\u00e1llalat, amelyet 2021-ben alap\u00edtottak. A Sweet Home 3D\u00ae bejegyzett v\u00e9djegy.Az ezen a weboldalon eml\u00edtett egy\u00e9b kereskedelmi nevek v\u00e9djegyek vagy bejegyzett v\u00e9djegyek, tulajdonosaik tulajdon\u00e1ban vannak. A sweethome3d.com, sweethome3d.eu, sweethome3d.online \u00e9s sweethome2d.com t\u00e1rhelyszolg\u00e1ltat\u00f3ja: [&hellip;]<\/p>\n","protected":false},"author":2,"featured_media":0,"parent":0,"menu_order":0,"comment_status":"closed","ping_status":"closed","template":"","meta":{"inline_featured_image":false,"footnotes":""},"class_list":["post-11757","page","type-page","status-publish","hentry"],"_links":{"self":[{"href":"https:\/\/wp-test-1.sweethome3d.eu\/hu\/wp-json\/wp\/v2\/pages\/11757","targetHints":{"allow":["GET"]}}],"collection":[{"href":"https:\/\/wp-test-1.sweethome3d.eu\/hu\/wp-json\/wp\/v2\/pages"}],"about":[{"href":"https:\/\/wp-test-1.sweethome3d.eu\/hu\/wp-json\/wp\/v2\/types\/page"}],"author":[{"embeddable":true,"href":"https:\/\/wp-test-1.sweethome3d.eu\/hu\/wp-json\/wp\/v2\/users\/2"}],"replies":[{"embeddable":true,"href":"https:\/\/wp-test-1.sweethome3d.eu\/hu\/wp-json\/wp\/v2\/comments?post=11757"}],"version-history":[{"count":1,"href":"https:\/\/wp-test-1.sweethome3d.eu\/hu\/wp-json\/wp\/v2\/pages\/11757\/revisions"}],"predecessor-version":[{"id":11758,"href":"https:\/\/wp-test-1.sweethome3d.eu\/hu\/wp-json\/wp\/v2\/pages\/11757\/revisions\/11758"}],"wp:attachment":[{"href":"https:\/\/wp-test-1.sweethome3d.eu\/hu\/wp-json\/wp\/v2\/media?parent=11757"}],"curies":[{"name":"wp","href":"https:\/\/api.w.org\/{rel}","templated":true}]}}