{"id":11832,"date":"2025-09-18T11:59:08","date_gmt":"2025-09-18T11:59:08","guid":{"rendered":"https:\/\/wp-test-1.sweethome3d.eu\/licenc\/"},"modified":"2025-11-03T18:44:49","modified_gmt":"2025-11-03T18:44:49","slug":"licenc","status":"publish","type":"page","link":"https:\/\/wp-test-1.sweethome3d.eu\/hu\/licenc\/","title":{"rendered":"Licenc"},"content":{"rendered":"\n<p>Sweet Home 3D, Szerz\u0151i jog (c) 2024 Space Mushrooms &lt;<a href=\"mailto:info@sweethome3d.com\">info@sweethome3d.com<\/a>&gt;<\/p>\n\n<p>A <a href=\"\/\">Sweet Home 3D<\/a> alkalmaz\u00e1s ingyenes verzi\u00f3ja, a <a href=\"https:\/\/www.sweethome3d.com\/support\/forum\/viewthread_thread,1550\" target=\"_blank\" rel=\"noopener\">B\u00fatork\u00f6nyvt\u00e1r szerkeszt\u0151<\/a> \u00e9s a <a href=\"https:\/\/www.sweethome3d.com\/support\/forum\/viewthread_thread,3502\" target=\"_blank\" rel=\"noopener\">Text\u00farak\u00f6nyvt\u00e1r szerkeszt\u0151<\/a> alkalmaz\u00e1sok, valamint a <a href=\"https:\/\/sourceforge.net\/p\/sweethome3d\/code\/HEAD\/tree\/trunk\/SweetHome3DJS\/\" target=\"_blank\" rel=\"noopener\">Sweet Home 3D JS<\/a> a <a href=\"https:\/\/www.gnu.org\/licenses\/gpl-2.0.txt\" target=\"_blank\" rel=\"noopener\">GNU General Public License<\/a> alatt terjesztettek; haszn\u00e1lhatod, m\u00e1solhatod, terjesztheted \u00e9s\/vagy m\u00f3dos\u00edthatod \u0151ket az adott licenc felt\u00e9telei szerint, ahogy azt a Free Software Foundation k\u00f6zz\u00e9tette; a licenc 2. verzi\u00f3ja, vagy (v\u00e1laszt\u00e1sod szerint) b\u00e1rmely k\u00e9s\u0151bbi verzi\u00f3ja szerint. Tov\u00e1bbi r\u00e9szletek\u00e9rt olvasd el a <a href=\"https:\/\/www.gnu.org\/licenses\/gpl-2.0.txt\" target=\"_blank\" rel=\"noopener\">GNU General Public License<\/a> felt\u00e9teleit \u00e9s a <a href=\"https:\/\/www.gnu.org\/licenses\/gpl-faq.html\" target=\"_blank\" rel=\"noopener\">GYIK<\/a>-et. <\/p>\n\n<p>Ezeket a programokat azzal a rem\u00e9nnyel terjesztj\u00fck, hogy hasznosak lesznek, azonban MINDEN GARANCIA N\u00c9LK\u00dcL; m\u00e9g a KERESKEDELMI FORGALOMBA HOZHAT\u00d3S\u00c1GRA vagy EGY ADOTT C\u00c9LRA VAL\u00d3 ALKALMASS\u00c1GRA vonatkoz\u00f3 hallgat\u00f3lagos garancia n\u00e9lk\u00fcl is.<\/p>\n\n<p>A GNU General Public License \u00e9s m\u00e1s licencek, amelyek alatt a Sweet Home 3D, Sweet Home 3D Mobile, B\u00fatork\u00f6nyvt\u00e1r szerkeszt\u0151, Text\u00farak\u00f6nyvt\u00e1r szerkeszt\u0151 alkalmaz\u00e1sok \u00e9s a Sweet Home 3D JS el\u00e9rhet\u0151k, lehet\u0151v\u00e9 teszik sz\u00e1modra, hogy k\u00f6zz\u00e9tedd az ezekkel az alkalmaz\u00e1sokkal l\u00e9trehozott dokumentumokat, ak\u00e1r szem\u00e9lyes, ak\u00e1r kereskedelmi c\u00e9lra, az \u00e1ltalad az ezekkel az alkalmaz\u00e1sokkal gener\u00e1lt dokumentumokba import\u00e1lt 3D modellek \u00e9s text\u00far\u00e1k licencei \u00e1ltal biztos\u00edtott jogok korl\u00e1tain bel\u00fcl.<br\/>Haszn\u00e1lhatod \u00e9s terjesztheted az \u00f6sszes Sweet Home 3D verzi\u00f3 alap\u00e9rtelmezett katal\u00f3gusaiban el\u00e9rhet\u0151 3D modelleket \u00e9s text\u00far\u00e1kat szem\u00e9lyes vagy kereskedelmi c\u00e9lra, valamint a <g id=\"gid_0\">ingyenes 3D modelleket<\/g> a <g id=\"gid_1\">sweethome3d.com<\/g> oldalon, \u00e9s a <g id=\"gid_2\">b\u00fatork\u00f6nyvt\u00e1rakat<\/g> vagy <g id=\"gid_3\">text\u00farak\u00f6nyvt\u00e1rakat<\/g> a <g id=\"gid_4\">SourceForge.net-en tal\u00e1lhat\u00f3 Sweet Home 3D f\u00e1jlok<\/g> k\u00f6z\u00f6tt el\u00e9rhet\u0151. Ha ezek k\u00f6z\u00fcl a 3D modellek \u00e9s text\u00far\u00e1k k\u00f6z\u00fcl n\u00e9h\u00e1nyat beillesztesz a dokumentumaidba, akkor fel kell t\u00fcntetned azok szerz\u0151j\u00e9t, amelyek a <a href=\"https:\/\/artlibre.org\/licence\/lal\/en\/\" target=\"_blank\" rel=\"noopener\">Free Art License<\/a> vagy a <a href=\"https:\/\/creativecommons.org\/licenses\/by\/3.0\/\" target=\"_blank\" rel=\"noopener\">CC-BY License<\/a> alatt terjesztettek, esetleg az al\u00e1bbihoz hasonl\u00f3 megjegyz\u00e9st haszn\u00e1lva (bele\u00e9rtve a linkeket is, hogy a felhaszn\u00e1l\u00f3k megtal\u00e1lhass\u00e1k az \u00e1ltalad haszn\u00e1lt alkot\u00e1sok szerz\u0151it):  <\/p>\n\n<div class=\"wp-block-group is-nowrap is-layout-flex wp-container-core-group-is-layout-ad2f72ca wp-block-group-is-layout-flex\">\n<div style=\"height:10px;width:0px\" aria-hidden=\"true\" class=\"wp-block-spacer wp-container-content-728072c3\"><\/div>\n\n\n\n<p><em>Projekt tervezve <a href=\"\/\">Sweet Home 3D<\/a>-vel. Tartalmaz <a href=\"https:\/\/wp-test-1.sweethome3d.eu\/hu\/ingyenes-3d-modellek\/\" data-type=\"page\" data-id=\"4869\">3D modelleket<\/a> \u00e9s <a href=\"https:\/\/wp-test-1.sweethome3d.eu\/hu\/texturak-importalasa\/\" data-type=\"page\" data-id=\"4928\">text\u00far\u00e1kat<\/a>, amelyek ingyenes licenc alatt terjesztettek. <\/em><\/p>\n<\/div>\n\n<p>Az <strong>m\u00e1s weboldalakon<\/strong> tal\u00e1lhat\u00f3 3D modellek vagy text\u00far\u00e1k haszn\u00e1lat\u00e1t \u00e9s terjeszt\u00e9s\u00e9t korl\u00e1tozhatja az a licenc, amely alatt terjesztettek, \u00e9s rajtad m\u00falik, hogy ellen\u0151rz\u00f6d a licenc\u00fcket. P\u00e9ld\u00e1ul az <a href=\"https:\/\/www.2d3dmodels.com\/3dmodels.htm\" target=\"_blank\" rel=\"noopener\">Archibit<\/a> oldalon el\u00e9rhet\u0151 3D modellek a <a href=\"https:\/\/creativecommons.org\/licenses\/by-nc-sa\/2.5\/it\/\" target=\"_blank\" rel=\"noopener\">Creative Commons BY-NC-SA<\/a> licenc alatt terjesztettek, amely tiltja a m\u0171vek kereskedelmi c\u00e9l\u00fa felhaszn\u00e1l\u00e1s\u00e1t, m\u00edg a <a href=\"https:\/\/3dwarehouse.sketchup.com\/tos#license\" target=\"_blank\" rel=\"noopener\">General Model License<\/a> 1.B \u00e9s 2.vi szakasza a <a href=\"https:\/\/3dwarehouse.sketchup.com\/\" target=\"_blank\" rel=\"noopener\">Trimble 3D Warehouse<\/a> oldalon el\u00e9rhet\u0151 modellekre vonatkoz\u00f3an lehet\u0151v\u00e9 teszi, hogy <em>\u00fczleti c\u00e9lokra (bele\u00e9rtve a kereskedelmi c\u00e9lokat is)<\/em> haszn\u00e1ld \u0151ket, de tiltja a <em>webhelyr\u0151l sz\u00e1rmaz\u00f3 tartalom \u00fajraterjeszt\u00e9s c\u00e9lj\u00e1b\u00f3l t\u00f6rt\u00e9n\u0151 \u00f6sszes\u00edt\u00e9s\u00e9t<\/em>, ami megakad\u00e1lyozza a 3D Warehouse modelleket tartalmaz\u00f3 b\u00fatork\u00f6nyvt\u00e1rak \u00fajraterjeszt\u00e9s\u00e9t. <\/p>\n\n<p>A GNU General Public License lehet\u0151v\u00e9 teszi sz\u00e1modra, hogy szabadon terjeszd ugyanazon licenc alatt a Sweet Home 3D alkalmaz\u00e1s ingyenes verzi\u00f3j\u00e1t, a B\u00fatork\u00f6nyvt\u00e1r szerkeszt\u0151 \u00e9s Text\u00farak\u00f6nyvt\u00e1r szerkeszt\u0151 alkalmaz\u00e1sokat, valamint a Sweet Home 3D JS-t is, ha mell\u00e9keled hozz\u00e1juk a <a href=\"https:\/\/www.gnu.org\/licenses\/gpl-2.0.txt\" target=\"_blank\" rel=\"noopener\">GNU General Public License<\/a> felt\u00e9teleit, \u00e9s a megfelel\u0151 helyre beilleszted a k\u00f6vetkez\u0151 szerz\u0151i jogi nyilatkozatot (lehet\u0151s\u00e9g szerint a <a href=\"\/\">https:\/\/www.sweethome3d.com<\/a> weboldalra mutat\u00f3 linkkel):<\/p>\n\n<div class=\"wp-block-group is-nowrap is-layout-flex wp-container-core-group-is-layout-ad2f72ca wp-block-group-is-layout-flex\">\n<div style=\"height:10px;width:0px\" aria-hidden=\"true\" class=\"wp-block-spacer wp-container-content-728072c3\"><\/div>\n\n\n\n<p><em><em>Sweet Home 3D, Szerz\u0151i jog (c) 2024 Space Mushrooms &lt;info@sweehome3d.com&gt;<\/em><\/em><\/p>\n<\/div>\n\n<p>Ez a szab\u00e1ly vonatkozik a <a href=\"https:\/\/sourceforge.net\/projects\/sweethome3d\/files\/SweetHome3D-viewer\/SweetHome3DJSViewer-7.5.2.zip\/download\" target=\"_blank\" rel=\"noopener\">Sweet Home 3D JS Viewer<\/a> vagy az <a href=\"https:\/\/wp-test-1.sweethome3d.eu\/hu\/sweet-home-3d-online-manager\/\" data-type=\"page\" data-id=\"398\">Online verzi\u00f3<\/a> weboldaladon t\u00f6rt\u00e9n\u0151 haszn\u00e1lat\u00e1ra is, ami egyfajta \u00fajraterjeszt\u00e9snek min\u0151s\u00fcl.<\/p>\n\n<p><em>Fontos megjegyezni, hogy a GNU General Public License tiltja azoknak a fejleszt\u0151knek, akik nem rendelkeznek a Sweet Home 3D szerz\u0151i jogaival, hogy ebb\u0151l a szoftverb\u0151l sz\u00e1rmaz\u00f3 saj\u00e1t tulajdon\u00fa programokat hozzanak l\u00e9tre, vagy azt saj\u00e1t tulajdon\u00fa programokba \u00e9p\u00edts\u00e9k be.<\/em><\/p>\n\n<p><em>Ha \u00e9rdekel a Sweet Home 3D ilyen c\u00e9l\u00fa felhaszn\u00e1l\u00e1sa, k\u00e9rj\u00fck, \u00edrj az <a href=\"mailto:info@sweethome3d.com\">info@sweethome3d.com<\/a> c\u00edmre, hogy inform\u00e1ci\u00f3t kapj az egy\u00e9b el\u00e9rhet\u0151 licencekr\u0151l, amelyek megfelelhetnek az ig\u00e9nyeidnek.<\/em><\/p>\n\n<p>A Sweet Home 3D a k\u00f6vetkez\u0151, a GNU GPL-n\u00e9l kev\u00e9sb\u00e9 korl\u00e1toz\u00f3 licencek alatt terjesztett k\u00f6nyvt\u00e1rakat is tartalmazza:<\/p>\n\n<ul class=\"wp-block-list\">\n<li>Java 3D k\u00f6nyvt\u00e1r, amely a <a href=\"https:\/\/www.opensource.org\/licenses\/bsd-license.php\" target=\"_blank\" rel=\"noopener\">BSD licenc<\/a> \u00e9s a <a href=\"https:\/\/openjdk.java.net\/legal\/gplv2+ce.html\" target=\"_blank\" rel=\"noopener\">GNU General Public License a Classpath kiv\u00e9tellel<\/a> alatt terjesztett,<\/li>\n\n\n\n<li><a href=\"https:\/\/java.sun.com\/javase\/technologies\/desktop\/media\/jmf\/\" target=\"_blank\" rel=\"noopener\">Java Media Framework<\/a> k\u00f6nyvt\u00e1r, amely a <a href=\"https:\/\/java.sun.com\/javase\/technologies\/desktop\/media\/jmf\/2.1.1\/license.html\" target=\"_blank\" rel=\"noopener\">JMF 2.1.1 Binary Code License<\/a> alatt terjesztett,<\/li>\n\n\n\n<li><a href=\"https:\/\/www.lowagie.com\/iText\/\" target=\"_blank\" rel=\"noopener\">iText<\/a> PDF nyomtat\u00e1si k\u00f6nyvt\u00e1r 2.1.7 verzi\u00f3, amely a <a href=\"https:\/\/www.gnu.org\/licenses\/old-licenses\/lgpl-2.1.txt\" target=\"_blank\" rel=\"noopener\">GNU Lesser General Public License<\/a> alatt terjesztett,<\/li>\n\n\n\n<li><a href=\"https:\/\/java.freehep.org\/\" target=\"_blank\" rel=\"noopener\">FreeHep<\/a> SVG export\u00e1l\u00f3 k\u00f6nyvt\u00e1r, amely a <a href=\"https:\/\/www.gnu.org\/licenses\/old-licenses\/lgpl-2.1.txt\" target=\"_blank\" rel=\"noopener\">GNU Lesser General Public License<\/a> alatt terjesztett,<\/li>\n\n\n\n<li><a href=\"https:\/\/xmlgraphics.apache.org\/batik\/\" target=\"_blank\" rel=\"noopener\">Batik<\/a> SVG \u00fatvonal <a href=\"https:\/\/xmlgraphics.apache.org\/batik\/\" target=\"_blank\" rel=\"noopener\"><\/a>ford\u00edt\u00f3 k\u00f6nyvt\u00e1r, amely az <a href=\"https:\/\/xmlgraphics.apache.org\/batik\/license.html\" target=\"_blank\" rel=\"noopener\">Apache License<\/a> alatt terjesztett,<\/li>\n\n\n\n<li><a href=\"https:\/\/www.eteks.com\/jeks\/\" target=\"_blank\" rel=\"noopener\">Jeks Parser calculator<\/a> k\u00f6nyvt\u00e1r matematikai kifejez\u00e9sek t\u00e1mogat\u00e1s\u00e1hoz, amely a <a href=\"https:\/\/www.gnu.org\/licenses\/old-licenses\/lgpl-2.1.txt\" target=\"_blank\" rel=\"noopener\">GNU Lesser General Public License<\/a> alatt terjesztett,<\/li>\n\n\n\n<li><a href=\"https:\/\/sunflow.sourceforge.net\/\" target=\"_blank\" rel=\"noopener\">SunFlow<\/a> glob\u00e1lis megvil\u00e1g\u00edt\u00e1s renderel\u0151 k\u00f6nyvt\u00e1r, amely az <a href=\"https:\/\/www.opensource.org\/licenses\/mit-license.php\" target=\"_blank\" rel=\"noopener\">MIT licenc<\/a> alatt terjesztett,<\/li>\n\n\n\n<li><a href=\"https:\/\/github.com\/YafaRay\" target=\"_blank\" rel=\"noopener\">YafaRay<\/a> renderel\u0151 k\u00f6nyvt\u00e1r, amely a <a href=\"https:\/\/www.gnu.org\/licenses\/old-licenses\/lgpl-2.1.txt\" target=\"_blank\" rel=\"noopener\">GNU Lesser General Public License<\/a> alatt terjesztett<a href=\"https:\/\/www.opensource.org\/licenses\/mit-license.php\" target=\"_blank\" rel=\"noopener\"><\/a>,<\/li>\n\n\n\n<li>Az ingyenes verzi\u00f3 katal\u00f3gusaiban el\u00e9rhet\u0151 <a href=\"https:\/\/wp-test-1.sweethome3d.eu\/hu\/ingyenes-3d-modellek\/\" data-type=\"page\" data-id=\"4869\">3D modellek<\/a> \u00e9s text\u00far\u00e1k a GNU GPL vagy a <a>CC-BY License<\/a> alatt terjesztettek,<\/li>\n\n\n\n<li>a <a href=\"https:\/\/wp-test-1.sweethome3d.eu\/hu\/ingyenes-3d-modellek\/\" data-type=\"page\" data-id=\"4869\">3D modellek<\/a> \u00e9s <a href=\"https:\/\/wp-test-1.sweethome3d.eu\/hu\/texturak-importalasa\/\" data-type=\"page\" data-id=\"4928\">text\u00far\u00e1k<\/a> a <a href=\"https:\/\/apps.apple.com\/app\/sweet-home-3d\/id669289700\" target=\"_blank\" rel=\"noopener\">Mac App Store<\/a>, <a href=\"https:\/\/apps.microsoft.com\/detail\/9nblggh2smtq\" target=\"_blank\" rel=\"noopener\">Microsoft Store<\/a> \u00e9s <a href=\"https:\/\/www.amazon.com\/gp\/product\/B00NLVKPDM\" target=\"_blank\" rel=\"noopener\">Amazon Store<\/a> verzi\u00f3k katal\u00f3gusaiban el\u00e9rhet\u0151 tov\u00e1bbiak a <a href=\"https:\/\/artlibre.org\/licence\/lal\/en\" target=\"_blank\" rel=\"noopener\">Free Art Licence<\/a>, a <a href=\"https:\/\/creativecommons.org\/licenses\/by\/3.0\/\" target=\"_blank\" rel=\"noopener\">CC-BY License<\/a> alatt terjesztettek, vagy a modellekt\u0151l f\u00fcgg\u0151en k\u00f6zkincsnek min\u0151s\u00fclnek.<\/li>\n<\/ul>\n\n<p>A Sweet Home 3D JS a k\u00f6vetkez\u0151 k\u00f6nyvt\u00e1rakt\u00f3l is f\u00fcgg:<\/p>\n\n<ul class=\"wp-block-list\">\n<li><a href=\"https:\/\/stuk.github.io\/jszip\/\" target=\"_blank\" rel=\"noopener\">JSZip<\/a> k\u00f6nyvt\u00e1r, amely az <a href=\"https:\/\/github.com\/Stuk\/jszip\/blob\/master\/LICENSE.markdown\" target=\"_blank\" rel=\"noopener\">MIT licenc<\/a> alatt terjesztett,<\/li>\n\n\n\n<li><a href=\"https:\/\/glmatrix.net\/\" target=\"_blank\" rel=\"noopener\">glMatrix<\/a> k\u00f6nyvt\u00e1r, amely az <a href=\"https:\/\/github.com\/toji\/gl-matrix\/blob\/master\/LICENSE.md\" target=\"_blank\" rel=\"noopener\">MIT licenc<\/a> alatt terjesztett,<\/li>\n\n\n\n<li><a href=\"https:\/\/github.com\/MikeMcl\/big.js\/\" target=\"_blank\" rel=\"noopener\">big.js<\/a> k\u00f6nyvt\u00e1r, amely az <a href=\"https:\/\/github.com\/MikeMcl\/big.js\/blob\/main\/LICENCE.md\" target=\"_blank\" rel=\"noopener\">MIT licenc<\/a> alatt terjesztett,<\/li>\n\n\n\n<li><a href=\"https:\/\/github.com\/ndebeiss\/jsXmlSaxParser\" target=\"_blank\" rel=\"noopener\">jsXmlSaxParser<\/a> k\u00f6nyvt\u00e1r, amely az <a href=\"https:\/\/raw.githubusercontent.com\/ndebeiss\/jsXmlSaxParser\/master\/LICENSE\" target=\"_blank\" rel=\"noopener\">Apache licenc<\/a> alatt terjesztett,<\/li>\n\n\n\n<li>A <code>Triangulator<\/code> oszt\u00e1ly JavaScript ford\u00edt\u00e1sa a <a href=\"https:\/\/github.com\/hharrison\/java3d-utils\" target=\"_blank\" rel=\"noopener\">Java 3D utils<\/a> k\u00f6nyvt\u00e1rban, amely a <a href=\"https:\/\/github.com\/hharrison\/java3d-utils\/blob\/master\/LICENSE.txt\" target=\"_blank\" rel=\"noopener\">BSD licenc<\/a> alatt terjesztett,<\/li>\n\n\n\n<li>A <a href=\"https:\/\/xmlgraphics.apache.org\/batik\/\" target=\"_blank\" rel=\"noopener\">Batik<\/a> SVG \u00fatvonal ford\u00edt\u00f3 k\u00f6nyvt\u00e1r JavaScript ford\u00edt\u00e1sa, amely az <a href=\"https:\/\/xmlgraphics.apache.org\/batik\/license.html\" target=\"_blank\" rel=\"noopener\">Apache License<\/a> alatt terjesztett,<\/li>\n\n\n\n<li><a href=\"https:\/\/github.com\/stleary\/JSON-java\" target=\"_blank\" rel=\"noopener\">JSON.org<\/a> k\u00f6nyvt\u00e1r, amely a <a href=\"https:\/\/github.com\/stleary\/JSON-java\/blob\/master\/LICENSE\" target=\"_blank\" rel=\"noopener\">JSON free license<\/a> alatt terjesztett,<\/li>\n\n\n\n<li>A <code>java.awt.geom<\/code> \u00e9s <code>javax.swing.undo<\/code> csomagok JavaScript ford\u00edt\u00e1sa az <a href=\"https:\/\/openjdk.java.net\/\" target=\"_blank\" rel=\"noopener\">OpenJDK<\/a> k\u00f6nyvt\u00e1rban, amely a <a href=\"https:\/\/openjdk.java.net\/legal\/gplv2+ce.html\" target=\"_blank\" rel=\"noopener\">GNU General Public License a Classpath kiv\u00e9tellel<\/a> alatt terjesztett.<\/li>\n<\/ul>\n","protected":false},"excerpt":{"rendered":"<p>Sweet Home 3D, Szerz\u0151i jog (c) 2024 Space Mushrooms &lt;info@sweethome3d.com&gt; A Sweet Home 3D alkalmaz\u00e1s ingyenes verzi\u00f3ja, a B\u00fatork\u00f6nyvt\u00e1r szerkeszt\u0151 \u00e9s a Text\u00farak\u00f6nyvt\u00e1r szerkeszt\u0151 alkalmaz\u00e1sok, valamint a Sweet Home 3D JS a GNU General Public License alatt terjesztettek; haszn\u00e1lhatod, m\u00e1solhatod, terjesztheted \u00e9s\/vagy m\u00f3dos\u00edthatod \u0151ket az adott licenc felt\u00e9telei szerint, ahogy azt a Free Software Foundation [&hellip;]<\/p>\n","protected":false},"author":2,"featured_media":0,"parent":0,"menu_order":0,"comment_status":"closed","ping_status":"closed","template":"","meta":{"inline_featured_image":false,"footnotes":""},"class_list":["post-11832","page","type-page","status-publish","hentry"],"_links":{"self":[{"href":"https:\/\/wp-test-1.sweethome3d.eu\/hu\/wp-json\/wp\/v2\/pages\/11832","targetHints":{"allow":["GET"]}}],"collection":[{"href":"https:\/\/wp-test-1.sweethome3d.eu\/hu\/wp-json\/wp\/v2\/pages"}],"about":[{"href":"https:\/\/wp-test-1.sweethome3d.eu\/hu\/wp-json\/wp\/v2\/types\/page"}],"author":[{"embeddable":true,"href":"https:\/\/wp-test-1.sweethome3d.eu\/hu\/wp-json\/wp\/v2\/users\/2"}],"replies":[{"embeddable":true,"href":"https:\/\/wp-test-1.sweethome3d.eu\/hu\/wp-json\/wp\/v2\/comments?post=11832"}],"version-history":[{"count":1,"href":"https:\/\/wp-test-1.sweethome3d.eu\/hu\/wp-json\/wp\/v2\/pages\/11832\/revisions"}],"predecessor-version":[{"id":11833,"href":"https:\/\/wp-test-1.sweethome3d.eu\/hu\/wp-json\/wp\/v2\/pages\/11832\/revisions\/11833"}],"wp:attachment":[{"href":"https:\/\/wp-test-1.sweethome3d.eu\/hu\/wp-json\/wp\/v2\/media?parent=11832"}],"curies":[{"name":"wp","href":"https:\/\/api.w.org\/{rel}","templated":true}]}}