{"id":5763,"date":"2025-09-18T11:52:32","date_gmt":"2025-09-18T11:52:32","guid":{"rendered":"https:\/\/wp-test-1.sweethome3d.eu\/dokumentacio\/"},"modified":"2025-11-03T14:02:23","modified_gmt":"2025-11-03T14:02:23","slug":"dokumentacio","status":"publish","type":"page","link":"https:\/\/wp-test-1.sweethome3d.eu\/hu\/dokumentacio\/","title":{"rendered":"Dokument\u00e1ci\u00f3"},"content":{"rendered":"<ul class=\"simpletoc-list\">\n<li><a href=\"#felhasznaloi-utmutatok\">Felhaszn\u00e1l\u00f3i \u00fatmutat\u00f3k<\/a>\n\n<\/li>\n<li><a href=\"#video-oktatoanyagok\">Vide\u00f3 oktat\u00f3anyagok<\/a>\n\n\n<\/li>\n\n<\/li>\n\n<\/li>\n\n<\/li>\n\n<li><a href=\"#fejlesztoi-utmutatok\">Fejleszt\u0151i \u00fatmutat\u00f3k<\/a>\n\n<\/li>\n<li><a href=\"#velemenyek-es-dijak\">V\u00e9lem\u00e9nyek \u00e9s d\u00edjak<\/a>\n<\/li><\/ul>\n<p class=\"has-text-align-center\">Ez az oldal a jelenleg el\u00e9rhet\u0151 dokument\u00e1ci\u00f3kat \u00edrja le a <a href=\"\/\">Sweet Home 3D<\/a>-hez.<\/p>\n<h2 class=\"wp-block-heading\" id=\"felhasznaloi-utmutatok\"><img loading=\"lazy\" decoding=\"async\" width=\"16\" height=\"12\" src=\"https:\/\/www.sweethome3d.com\/images\/bullet.gif\">Felhaszn\u00e1l\u00f3i \u00fatmutat\u00f3k<\/h2>\n<p>A <a href=\"https:\/\/wp-test-1.sweethome3d.eu\/hu\/letoltes\/\" data-type=\"page\" data-id=\"396\">Sweet Home 3D<\/a> felhaszn\u00e1l\u00f3i \u00fatmutat\u00f3ja el\u00e9rhet\u0151 <a href=\"https:\/\/wp-test-1.sweethome3d.eu\/hu\/sweet-home-3d-felhasznaloi-utmutato\/\" data-type=\"page\" data-id=\"424\">ezen az oldalon<\/a>, \u00e9s a billenty\u0171parancsainak list\u00e1ja <a href=\"\/storage\/SweetHome3DShortcuts.pdf\">ebben a dokumentumban<\/a> (PDF).<\/p>\n\n<p>A <a href=\"https:\/\/wp-test-1.sweethome3d.eu\/hu\/letoltes\/\" data-type=\"page\" data-id=\"396\">Sweet Home 3D<\/a> egy rendszeresen friss\u00edtett <a href=\"https:\/\/wp-test-1.sweethome3d.eu\/hu\/gyik\/\" data-type=\"page\" data-id=\"422\">GYIK<\/a>-et \u00e9s egy teljes s\u00fag\u00f3t is biztos\u00edt, amely el\u00e9rhet\u0151 a <em>S\u00fag\u00f3 &gt; Sweet Home 3D s\u00fag\u00f3<\/em> men\u00fcpontj\u00e1b\u00f3l.<\/p>\n\n<div class=\"wp-block-group is-nowrap is-layout-flex wp-container-core-group-is-layout-ad2f72ca wp-block-group-is-layout-flex\">\n<figure class=\"wp-block-image size-full\"><img loading=\"lazy\" decoding=\"async\" width=\"381\" height=\"284\" src=\"https:\/\/wp-test-1.sweethome3d.eu\/wp-content\/uploads\/2025\/10\/SweetHome3DHelp.png\" alt=\"Sweet Home 3D dokument&#xE1;ci&#xF3; s&#xFA;g&#xF3; \" class=\"wp-image-4791\" srcset=\"https:\/\/wp-test-1.sweethome3d.eu\/wp-content\/uploads\/2025\/10\/SweetHome3DHelp.png 381w, https:\/\/wp-test-1.sweethome3d.eu\/wp-content\/uploads\/2025\/10\/SweetHome3DHelp-360x268.png 360w, https:\/\/wp-test-1.sweethome3d.eu\/wp-content\/uploads\/2025\/10\/SweetHome3DHelp-174x130.png 174w\" sizes=\"auto, (max-width: 381px) 100vw, 381px\" \/><\/figure>\n<\/div>\n\n<p>Elolvashatod a k\u00f6vetkez\u0151, k\u00f6zrem\u0171k\u00f6d\u0151k \u00e1ltal \u00edrt \u00fatmutat\u00f3kat is:<\/p>\n\n<ul class=\"wp-block-list\">\n<li><a href=\"https:\/\/wp-test-1.sweethome3d.eu\/wp-content\/uploads\/2025\/10\/personalizedTexturesGuide.pdf\" data-type=\"attachment\" data-id=\"4801\">Hogyan k\u00e9sz\u00edts szem\u00e9lyre szabott text\u00far\u00e1kat a Sweet Home 3D-hez<\/a> (PDF) \u00edrta: Ouais, ford\u00edtotta: Hans Dirkse<\/li>\n\n\n\n<li><a href=\"https:\/\/wp-test-1.sweethome3d.eu\/wp-content\/uploads\/2025\/10\/multiLevelHouseGuide.pdf\" data-type=\"attachment\" data-id=\"4800\">Hogyan k\u00e9sz\u00edts t\u00f6bbszintes h\u00e1zat a Sweet Home 3D 3.3-as vagy kor\u00e1bbi verzi\u00f3ival<\/a> (PDF) \u00edrta: Hans Dirkse<\/li>\n\n\n\n<li><a href=\"https:\/\/wp-test-1.sweethome3d.eu\/wp-content\/uploads\/2025\/10\/pluginsUserGuide.pdf\" data-type=\"attachment\" data-id=\"4799\">\u00datmutat\u00f3 b\u0151v\u00edtm\u00e9nyekhez \u00e9s kiterjeszt\u00e9sekhez<\/a> (PDF) \u00edrta: Hans Dirkse<\/li>\n\n\n\n<li><a href=\"https:\/\/wp-test-1.sweethome3d.eu\/wp-content\/uploads\/2025\/10\/slopingCeilingGuide.pdf\" data-type=\"attachment\" data-id=\"4798\">\u00datmutat\u00f3 ferde mennyezetekhez, tet\u0151kh\u00f6z, tet\u0151ablakokhoz \u00e9s egyebekhez<\/a> (PDF) \u00edrta: Hans Dirkse<\/li>\n\n\n\n<li><a href=\"https:\/\/wp-test-1.sweethome3d.eu\/wp-content\/uploads\/2025\/10\/SVGPathMiniManualForSweetHome3D.pdf\" data-type=\"attachment\" data-id=\"4797\">\u00datmutat\u00f3 SVG \u00fatvonal kiv\u00e1g\u00e1sokhoz \u00e9s egy\u00e9b b\u00fatortulajdons\u00e1gokhoz<\/a> (PDF) \u00edrta: OKH<\/li>\n\n\n\n<li><a href=\"https:\/\/wp-test-1.sweethome3d.eu\/hu\/tippek-es-trukkok\/\" data-type=\"page\" data-id=\"426\">N\u00e9h\u00e1ny tipp a Sweet Home 3D blogban<\/a><\/li>\n<\/ul>\n<h2 class=\"wp-block-heading\" id=\"video-oktatoanyagok\"><img loading=\"lazy\" decoding=\"async\" width=\"16\" height=\"12\" src=\"https:\/\/www.sweethome3d.com\/images\/bullet.gif\">Vide\u00f3 oktat\u00f3anyagok<\/h2>\n<p>N\u00e9zd meg a k\u00f6vetkez\u0151 vide\u00f3s oktat\u00f3anyagokat, hogy megtanuld a Sweet Home 3D alapvet\u0151 funkci\u00f3inak haszn\u00e1lat\u00e1t sz\u00e1m\u00edt\u00f3g\u00e9pen \u00e9s mobilon.<\/p>\n<h3 class=\"wp-block-heading\" id=\"alaprajzok-es-szintek-tervezese\">Alaprajzok \u00e9s szintek tervez\u00e9se<\/h3>\n<div class=\"wp-block-group is-layout-grid wp-container-core-group-is-layout-da7a6a80 wp-block-group-is-layout-grid\">\n<figure class=\"wp-block-embed is-type-video is-provider-youtube wp-block-embed-youtube wp-embed-aspect-16-9 wp-has-aspect-ratio embed-responsive\"><div class=\"wp-block-embed__wrapper\">\n<iframe loading=\"lazy\" title=\"Sweet Home 3D Tutorial: Layer Control Walkthrough\" width=\"500\" height=\"281\" src=\"https:\/\/www.youtube.com\/embed\/7c5OMgbHFUs?feature=oembed\" frameborder=\"0\" allow=\"accelerometer; autoplay; clipboard-write; encrypted-media; gyroscope; picture-in-picture; web-share\" referrerpolicy=\"strict-origin-when-cross-origin\" allowfullscreen><\/iframe>\n<\/div><\/figure>\n\n\n\n<figure class=\"wp-block-embed is-type-video is-provider-youtube wp-block-embed-youtube wp-embed-aspect-16-9 wp-has-aspect-ratio embed-responsive\"><div class=\"wp-block-embed__wrapper\">\n<iframe loading=\"lazy\" title=\"Sweet Home 3D Tutorial - 1 Minute to create a balcony\" width=\"500\" height=\"281\" src=\"https:\/\/www.youtube.com\/embed\/dByMK7ezL7U?feature=oembed\" frameborder=\"0\" allow=\"accelerometer; autoplay; clipboard-write; encrypted-media; gyroscope; picture-in-picture; web-share\" referrerpolicy=\"strict-origin-when-cross-origin\" allowfullscreen><\/iframe>\n<\/div><\/figure>\n<\/div>\n<h3 class=\"wp-block-heading\" id=\"butorok-beillesztese-es-testreszabasa\">B\u00fatorok beilleszt\u00e9se \u00e9s testreszab\u00e1sa<\/h3>\n<div class=\"wp-block-group is-layout-grid wp-container-core-group-is-layout-da7a6a80 wp-block-group-is-layout-grid\">\n<figure class=\"wp-block-embed is-type-video is-provider-youtube wp-block-embed-youtube embed-responsive wp-embed-aspect-16-9 wp-has-aspect-ratio\"><div class=\"wp-block-embed__wrapper\">\n<iframe loading=\"lazy\" title=\"Sweet Home 3D Tutorial - How to customize furniture\" width=\"500\" height=\"281\" src=\"https:\/\/www.youtube.com\/embed\/5Ni5zE4q5kk?feature=oembed\" frameborder=\"0\" allow=\"accelerometer; autoplay; clipboard-write; encrypted-media; gyroscope; picture-in-picture; web-share\" referrerpolicy=\"strict-origin-when-cross-origin\" allowfullscreen><\/iframe>\n<\/div><\/figure>\n\n\n\n<figure class=\"wp-block-embed is-type-video is-provider-youtube wp-block-embed-youtube embed-responsive wp-embed-aspect-16-9 wp-has-aspect-ratio\"><div class=\"wp-block-embed__wrapper\">\n<iframe loading=\"lazy\" title=\"Sweet Home 3D Tutorial - How to create new furniture\" width=\"500\" height=\"281\" src=\"https:\/\/www.youtube.com\/embed\/4zEG8dqNy6w?feature=oembed\" frameborder=\"0\" allow=\"accelerometer; autoplay; clipboard-write; encrypted-media; gyroscope; picture-in-picture; web-share\" referrerpolicy=\"strict-origin-when-cross-origin\" allowfullscreen><\/iframe>\n<\/div><\/figure>\n\n\n\n<figure class=\"wp-block-embed is-type-video is-provider-youtube wp-block-embed-youtube embed-responsive wp-embed-aspect-16-9 wp-has-aspect-ratio\"><div class=\"wp-block-embed__wrapper\">\n<iframe loading=\"lazy\" title=\"Sweet Home 3D Tutorial - How to combine models together\" width=\"500\" height=\"281\" src=\"https:\/\/www.youtube.com\/embed\/sljp8C4WwGA?feature=oembed\" frameborder=\"0\" allow=\"accelerometer; autoplay; clipboard-write; encrypted-media; gyroscope; picture-in-picture; web-share\" referrerpolicy=\"strict-origin-when-cross-origin\" allowfullscreen><\/iframe>\n<\/div><\/figure>\n\n\n\n<figure class=\"wp-block-embed is-type-video is-provider-youtube wp-block-embed-youtube embed-responsive wp-embed-aspect-16-9 wp-has-aspect-ratio\"><div class=\"wp-block-embed__wrapper\">\n<iframe loading=\"lazy\" title=\"Sweet Home 3D Tutorial - 1 Minute to create a mirror effect\" width=\"500\" height=\"281\" src=\"https:\/\/www.youtube.com\/embed\/_Lilr9r9JvU?feature=oembed\" frameborder=\"0\" allow=\"accelerometer; autoplay; clipboard-write; encrypted-media; gyroscope; picture-in-picture; web-share\" referrerpolicy=\"strict-origin-when-cross-origin\" allowfullscreen><\/iframe>\n<\/div><\/figure>\n<\/div>\n<h3 class=\"wp-block-heading\" id=\"foto-es-videorendereles\">Fot\u00f3- \u00e9s vide\u00f3renderel\u00e9s<\/h3>\n<div class=\"wp-block-group is-layout-grid wp-container-core-group-is-layout-da7a6a80 wp-block-group-is-layout-grid\">\n<figure class=\"wp-block-embed is-type-video is-provider-youtube wp-block-embed-youtube embed-responsive wp-embed-aspect-16-9 wp-has-aspect-ratio\"><div class=\"wp-block-embed__wrapper\">\n<iframe loading=\"lazy\" title=\"Sweet Home 3D Tutorial - How to create a video rendering\" width=\"500\" height=\"281\" src=\"https:\/\/www.youtube.com\/embed\/W_ExaiIvSHU?feature=oembed\" frameborder=\"0\" allow=\"accelerometer; autoplay; clipboard-write; encrypted-media; gyroscope; picture-in-picture; web-share\" referrerpolicy=\"strict-origin-when-cross-origin\" allowfullscreen><\/iframe>\n<\/div><\/figure>\n\n\n\n<figure class=\"wp-block-embed is-type-video is-provider-youtube wp-block-embed-youtube embed-responsive wp-embed-aspect-16-9 wp-has-aspect-ratio\"><div class=\"wp-block-embed__wrapper\">\n<iframe loading=\"lazy\" title=\"Sweet Home 3D - House with terrace video tour\" width=\"500\" height=\"281\" src=\"https:\/\/www.youtube.com\/embed\/wTnmSzyTvIs?feature=oembed\" frameborder=\"0\" allow=\"accelerometer; autoplay; clipboard-write; encrypted-media; gyroscope; picture-in-picture; web-share\" referrerpolicy=\"strict-origin-when-cross-origin\" allowfullscreen><\/iframe>\n<\/div><\/figure>\n<\/div>\n<h3 class=\"wp-block-heading\" id=\"3d-nezet\">3D n\u00e9zet<\/h3>\n<div class=\"wp-block-group is-layout-grid wp-container-core-group-is-layout-da7a6a80 wp-block-group-is-layout-grid\">\n<figure class=\"wp-block-embed is-type-video is-provider-youtube wp-block-embed-youtube embed-responsive wp-embed-aspect-16-9 wp-has-aspect-ratio\"><div class=\"wp-block-embed__wrapper\">\n<iframe loading=\"lazy\" title=\"Sweet Home 3D Tutorial - 1 Minute to create a side view with dimensions\" width=\"500\" height=\"281\" src=\"https:\/\/www.youtube.com\/embed\/72Lz6qGNtr0?feature=oembed\" frameborder=\"0\" allow=\"accelerometer; autoplay; clipboard-write; encrypted-media; gyroscope; picture-in-picture; web-share\" referrerpolicy=\"strict-origin-when-cross-origin\" allowfullscreen><\/iframe>\n<\/div><\/figure>\n<\/div>\n<h3 class=\"wp-block-heading\" id=\"sweet-home-3d-mobil\">Sweet Home 3D Mobil<\/h3>\n<div class=\"wp-block-group is-layout-grid wp-container-core-group-is-layout-da7a6a80 wp-block-group-is-layout-grid\">\n<figure class=\"wp-block-embed is-type-video is-provider-youtube wp-block-embed-youtube embed-responsive wp-embed-aspect-16-9 wp-has-aspect-ratio\"><div class=\"wp-block-embed__wrapper\">\n<iframe loading=\"lazy\" title=\"Sweet Home 3D Tutorial for mobile version\" width=\"500\" height=\"281\" src=\"https:\/\/www.youtube.com\/embed\/kXd1S2xpaQk?feature=oembed\" frameborder=\"0\" allow=\"accelerometer; autoplay; clipboard-write; encrypted-media; gyroscope; picture-in-picture; web-share\" referrerpolicy=\"strict-origin-when-cross-origin\" allowfullscreen><\/iframe>\n<\/div><\/figure>\n<\/div>\n\n<p>L\u00e1togass el a <a href=\"https:\/\/www.youtube.com\/SweetHome3D\" target=\"_blank\" rel=\"noopener\">Sweet Home 3D YouTube csatorn\u00e1j\u00e1ra<\/a> tov\u00e1bbi oktat\u00f3anyagok\u00e9rt, \u00e9s olvasd el a blogbejegyz\u00e9st a <a href=\"\/blog\/2016\/11\/29\/best_video_tutorials_about_sweet_home_3d.html\">legjobb vide\u00f3s oktat\u00f3anyagokr\u00f3l<\/a>.<\/p>\n<h2 class=\"wp-block-heading\" id=\"fejlesztoi-utmutatok\">Fejleszt\u0151i \u00fatmutat\u00f3k<\/h2>\n<p>Ha szeretn\u00e9l programozni egy <a href=\"https:\/\/wp-test-1.sweethome3d.eu\/hu\/bovitmenyek-es-eszkozok\/\" data-type=\"page\" data-id=\"437\">plug-int<\/a> a <a href=\"https:\/\/wp-test-1.sweethome3d.eu\/hu\/letoltes\/\" data-type=\"page\" data-id=\"396\">Sweet Home 3D<\/a>-hez, olvasd el el\u0151sz\u00f6r a <a href=\"https:\/\/wp-test-1.sweethome3d.eu\/hu\/bovitmenyfejlesztoi-utmutato\/\" data-type=\"page\" data-id=\"4964\">plug-in fejleszt\u0151i \u00fatmutat\u00f3t<\/a>.<\/p>\n\n<p>Ha inform\u00e1ci\u00f3t keresel a <a href=\"https:\/\/wp-test-1.sweethome3d.eu\/hu\/letoltes\/\" data-type=\"page\" data-id=\"396\">Sweet Home 3D<\/a> architekt\u00far\u00e1j\u00e1r\u00f3l, akkor olvasd el:<\/p>\n\n<ul class=\"wp-block-list\">\n<li>a javadoc-kal gener\u00e1lt API-j\u00e1t, amely el\u00e9rhet\u0151 <a href=\"\/javadoc\/index.html\">online<\/a> vagy <a href=\"https:\/\/sourceforge.net\/projects\/sweethome3d\/files\/SweetHome3D-source\/SweetHome3D-7.5-src\/SweetHome3D-7.5-javadoc.zip\/download\" target=\"_blank\" rel=\"noopener\">let\u00f6lthet\u0151<\/a>,<\/li>\n\n\n\n<li>a <a href=\"https:\/\/wp-test-1.sweethome3d.eu\/hu\/bovitmenyfejlesztoi-utmutato\/\" data-type=\"page\" data-id=\"4964\">plug-in fejleszt\u0151i \u00fatmutat\u00f3 utols\u00f3 r\u00e9sz\u00e9t<\/a>, amely r\u00e9szleteket tartalmaz a Sweet Home 3D <a href=\"\/javadoc\/com\/eteks\/sweethome3d\/model\/package-summary.html\">modellj\u00e9nek<\/a> oszt\u00e1lyair\u00f3l,<\/li>\n\n\n\n<li>a francia k\u00f6nyvet, <a href=\"https:\/\/www.eteks.com\/services\/cahierswing.html\" target=\"_blank\" rel=\"noopener\">Les cahiers du programmeur Swing<\/a>, amelyet Emmanuel Puybaret \u00edrt \u00e9s az Editions Eyrolles adott ki 2006 december\u00e9ben, \u00e9s amelynek esettanulm\u00e1nya a <a href=\"\/v0.10\/SweetHome3D.jnlp\">Sweet Home 3D 0.10-es verzi\u00f3ja<\/a>.<\/li>\n<\/ul>\n\n<p>Ha le szeretn\u00e9d ford\u00edtani a <a href=\"https:\/\/wp-test-1.sweethome3d.eu\/hu\/letoltes\/\" data-type=\"page\" data-id=\"396\">Sweet Home 3D<\/a>-t a nyelvedre, olvasd el a <a href=\"https:\/\/wp-test-1.sweethome3d.eu\/hu\/forditasi-utmutato\/\" data-type=\"page\" data-id=\"5142\">ford\u00edt\u00e1si \u00fatmutat\u00f3t<\/a>.<\/p>\n<h2 class=\"wp-block-heading\" id=\"velemenyek-es-dijak\">V\u00e9lem\u00e9nyek \u00e9s d\u00edjak<\/h2>\n<p>N\u00e9h\u00e1ny v\u00e9lem\u00e9ny az interneten:<\/p>\n\n<ul class=\"wp-block-list\">\n<li><a href=\"https:\/\/www.softpedia.com\/reviews\/windows\/Sweet-Home-3D--Review-77686.shtml\" class=\"broken_link\" target=\"_blank\" rel=\"noopener\">K\u00f6nnyed\u00e9n bels\u0151\u00e9p\u00edt\u00e9sz lehetsz!<\/a> \u00e9s <a href=\"https:\/\/mac.softpedia.com\/get\/Graphics\/Sweet-Home-3D.shtml\" class=\"broken_link\" target=\"_blank\" rel=\"noopener\">Sweet Home 3D Mac-re \u2013 V\u00e9lem\u00e9ny<\/a> a <a href=\"https:\/\/www.softpedia.com\/\" target=\"_blank\" rel=\"noopener\">Softpedia<\/a>-n<\/li>\n\n\n\n<li><a href=\"https:\/\/www.linux.com\/news\/sweet-home-3d-simple-interior-design\/\" target=\"_blank\" rel=\"noopener\">Sweet Home 3D: egyszer\u0171 bels\u0151\u00e9p\u00edt\u00e9szet<\/a> a <a href=\"https:\/\/www.linux.com\/\" target=\"_blank\" rel=\"noopener\">linux.com<\/a>-on<\/li>\n\n\n\n<li><a href=\"https:\/\/www.brighthub.com\/computing\/mac-platform\/reviews\/33256.aspx\" target=\"_blank\" rel=\"noopener\">Sweet Home 3D v\u00e9lem\u00e9ny<\/a> a <a href=\"https:\/\/www.brighthub.com\/\" target=\"_blank\" rel=\"noopener\">Bright hub<\/a>-on<\/li>\n\n\n\n<li><a href=\"https:\/\/linuxlock.blogspot.com\/2011\/01\/of-software-and-soffits.html\" target=\"_blank\" rel=\"noopener\">Szoftverekr\u0151l \u00e9s mennyezeti d\u00edszl\u00e9cekr\u0151l<\/a> a <a href=\"https:\/\/linuxlock.blogspot.com\/\" target=\"_blank\" rel=\"noopener\">helios blogj\u00e1n<\/a><\/li>\n\n\n\n<li><a href=\"https:\/\/www.becoming-home.com\/2008\/04\/03\/its-better-than-moving-furniture\/\" target=\"_blank\" rel=\"noopener\">Jobb, mint b\u00fatorokat mozgatni<\/a> a <a href=\"https:\/\/www.becoming-home.com\/\" target=\"_blank\" rel=\"noopener\">becoming home<\/a>-on<\/li>\n\n\n\n<li><a href=\"https:\/\/www.g2.com\/\" class=\"broken_link\" target=\"_blank\" rel=\"noopener\">Egy amat\u0151r \u00e9p\u00edt\u00e9sz felemelked\u00e9se<\/a> Ragnvald Larsen <a href=\"https:\/\/ragnvald.medium.com\/\" class=\"broken_link\" target=\"_blank\" rel=\"noopener\">blogj\u00e1n<\/a><\/li>\n\n\n\n<li><a href=\"https:\/\/svedic.org\/personal\/free-interior-design-with-sweet-home-3d-and-sketchup\" target=\"_blank\" rel=\"noopener\">Ingyenes bels\u0151\u00e9p\u00edt\u00e9szet a Sweet Home 3D \u00e9s a SketchUp seg\u00edts\u00e9g\u00e9vel<\/a> a <a href=\"https:\/\/svedic.org\/\" target=\"_blank\" rel=\"noopener\">Svedic blogon<\/a><\/li>\n\n\n\n<li><a href=\"https:\/\/3djunkfair.blogspot.co.at\/\" target=\"_blank\" rel=\"noopener\">Az \u00e9n 3D-s lomv\u00e1s\u00e1rom<\/a> egy blog, ahol Leonhard Grugl megosztja a Sweet Home 3D-vel kapcsolatos felfedez\u00e9seit<\/li>\n\n\n\n<li><a href=\"https:\/\/listoffreeware.com\/best-free-3d-floor-plan-software-windows\/\" target=\"_blank\" rel=\"noopener\">5 legjobb ingyenes 3D alaprajz k\u00e9sz\u00edt\u0151 szoftver Windowsra<\/a> a <a href=\"https:\/\/listoffreeware.com\/\" target=\"_blank\" rel=\"noopener\">List of freeware<\/a>-en<\/li>\n\n\n\n<li><a href=\"https:\/\/sourceforge.net\/projects\/sweethome3d\/reviews\/\" target=\"_blank\" rel=\"noopener\">Felhaszn\u00e1l\u00f3i v\u00e9lem\u00e9nyek<\/a> a <a href=\"https:\/\/sourceforge.net\/\" class=\"broken_link\" target=\"_blank\" rel=\"noopener\">SourceForge.net<\/a>-en<\/li>\n<\/ul>\n\n<p>Sajt\u00f3v\u00e9lem\u00e9nyek:<\/p>\n\n<ul class=\"wp-block-list\">\n<li><a href=\"https:\/\/www.linuxpromagazine.com\/issues\/2008\/95\/projects_on_the_move\" target=\"_blank\" rel=\"noopener\">Mozg\u00e1sban l\u00e9v\u0151 projektek<\/a>, a <a href=\"https:\/\/www.linuxpromagazine.com\/issues\/2008\/95\" target=\"_blank\" rel=\"noopener\">Linux Pro Magazine 95. sz\u00e1m\u00e1ban<\/a> (2008. okt\u00f3ber)<\/li>\n<\/ul>\n\n<p>L\u00e1sd m\u00e9g a v\u00e9lem\u00e9nyeket <a href=\"https:\/\/wp-test-1.sweethome3d.eu\/hu\/dokumentacio\/\" data-type=\"page\" data-id=\"418\">franci\u00e1ul<\/a>, <a href=\"https:\/\/wp-test-1.sweethome3d.eu\/hu\/dokumentacio\/\" data-type=\"page\" data-id=\"418\">n\u00e9met\u00fcl<\/a>, <a href=\"https:\/\/wp-test-1.sweethome3d.eu\/hu\/dokumentacio\/\" data-type=\"page\" data-id=\"418\">spanyolul<\/a> \u00e9s <a href=\"https:\/\/wp-test-1.sweethome3d.eu\/hu\/dokumentacio\/\" data-type=\"page\" data-id=\"418\">oroszul<\/a>.<\/p>\n\n<hr class=\"wp-block-separator has-text-color has-white-color has-alpha-channel-opacity has-white-background-color has-background is-style-default\" \/>\n\n<div class=\"wp-block-group is-content-justification-center is-nowrap is-layout-flex wp-container-core-group-is-layout-94bc23d7 wp-block-group-is-layout-flex\">\n<figure class=\"wp-block-image size-full\"><a href=\"https:\/\/www.softpedia.com\/reviews\/mac\/Sweet-Home-3D--Review-77686.shtml\" class=\"broken_link\" target=\"_blank\" rel=\"noopener\"><img loading=\"lazy\" decoding=\"async\" width=\"157\" height=\"100\" src=\"https:\/\/wp-test-1.sweethome3d.eu\/wp-content\/uploads\/2025\/10\/softpediaAward.png\" alt=\"\" class=\"wp-image-4814\" \/><\/a><\/figure>\n\n\n\n<figure class=\"wp-block-image size-full\"><a href=\"https:\/\/sweet-home-3d.en.softonic.com\/\" target=\"_blank\" rel=\"noopener\"><img loading=\"lazy\" decoding=\"async\" width=\"167\" height=\"99\" src=\"https:\/\/wp-test-1.sweethome3d.eu\/wp-content\/uploads\/2025\/10\/softonicEditorChoice.png\" alt=\"\" class=\"wp-image-4815\" \/><\/a><\/figure>\n\n\n\n<figure class=\"wp-block-image size-full\"><a href=\"https:\/\/sweet-home-3d.software.informer.com\/\" target=\"_blank\" rel=\"noopener\"><img loading=\"lazy\" decoding=\"async\" width=\"170\" height=\"170\" src=\"https:\/\/wp-test-1.sweethome3d.eu\/wp-content\/uploads\/2025\/10\/si-award-epick5.png\" alt=\"\" class=\"wp-image-4816\" srcset=\"https:\/\/wp-test-1.sweethome3d.eu\/wp-content\/uploads\/2025\/10\/si-award-epick5.png 170w, https:\/\/wp-test-1.sweethome3d.eu\/wp-content\/uploads\/2025\/10\/si-award-epick5-130x130.png 130w\" sizes=\"auto, (max-width: 170px) 100vw, 170px\" \/><\/a><\/figure>\n\n\n\n<figure class=\"wp-block-image size-full\"><a href=\"https:\/\/maddownload.com\/education-hobby\/sweet-home-3d\/\" target=\"_blank\" rel=\"noopener\"><img loading=\"lazy\" decoding=\"async\" width=\"150\" height=\"150\" src=\"https:\/\/wp-test-1.sweethome3d.eu\/wp-content\/uploads\/2025\/10\/maddownload_editors_choice_transparent-150x150-1-150x150-1.png\" alt=\"\" class=\"wp-image-4817\" srcset=\"https:\/\/wp-test-1.sweethome3d.eu\/wp-content\/uploads\/2025\/10\/maddownload_editors_choice_transparent-150x150-1-150x150-1.png 150w, https:\/\/wp-test-1.sweethome3d.eu\/wp-content\/uploads\/2025\/10\/maddownload_editors_choice_transparent-150x150-1-150x150-1-130x130.png 130w\" sizes=\"auto, (max-width: 150px) 100vw, 150px\" \/><\/a><\/figure>\n\n\n\n<figure class=\"wp-block-image size-full\"><a href=\"https:\/\/sweet-home-3d.findmysoft.com\/\" class=\"broken_link\" target=\"_blank\" rel=\"noopener\"><img loading=\"lazy\" decoding=\"async\" width=\"158\" height=\"57\" src=\"https:\/\/wp-test-1.sweethome3d.eu\/wp-content\/uploads\/2025\/10\/review2_5_Sweet-Home-3D_award.png\" alt=\"\" class=\"wp-image-4818\" \/><\/a><\/figure>\n<\/div>\n","protected":false},"excerpt":{"rendered":"<p>Ez az oldal a jelenleg el\u00e9rhet\u0151 dokument\u00e1ci\u00f3kat \u00edrja le a Sweet Home 3D-hez. Felhaszn\u00e1l\u00f3i \u00fatmutat\u00f3k A Sweet Home 3D felhaszn\u00e1l\u00f3i \u00fatmutat\u00f3ja el\u00e9rhet\u0151 ezen az oldalon, \u00e9s a billenty\u0171parancsainak list\u00e1ja ebben a dokumentumban (PDF). A Sweet Home 3D egy rendszeresen friss\u00edtett GYIK-et \u00e9s egy teljes s\u00fag\u00f3t is biztos\u00edt, amely el\u00e9rhet\u0151 a S\u00fag\u00f3 &gt; Sweet Home 3D [&hellip;]<\/p>\n","protected":false},"author":2,"featured_media":6341,"parent":0,"menu_order":0,"comment_status":"closed","ping_status":"closed","template":"","meta":{"inline_featured_image":false,"footnotes":""},"class_list":["post-5763","page","type-page","status-publish","has-post-thumbnail","hentry"],"_links":{"self":[{"href":"https:\/\/wp-test-1.sweethome3d.eu\/hu\/wp-json\/wp\/v2\/pages\/5763","targetHints":{"allow":["GET"]}}],"collection":[{"href":"https:\/\/wp-test-1.sweethome3d.eu\/hu\/wp-json\/wp\/v2\/pages"}],"about":[{"href":"https:\/\/wp-test-1.sweethome3d.eu\/hu\/wp-json\/wp\/v2\/types\/page"}],"author":[{"embeddable":true,"href":"https:\/\/wp-test-1.sweethome3d.eu\/hu\/wp-json\/wp\/v2\/users\/2"}],"replies":[{"embeddable":true,"href":"https:\/\/wp-test-1.sweethome3d.eu\/hu\/wp-json\/wp\/v2\/comments?post=5763"}],"version-history":[{"count":8,"href":"https:\/\/wp-test-1.sweethome3d.eu\/hu\/wp-json\/wp\/v2\/pages\/5763\/revisions"}],"predecessor-version":[{"id":11486,"href":"https:\/\/wp-test-1.sweethome3d.eu\/hu\/wp-json\/wp\/v2\/pages\/5763\/revisions\/11486"}],"wp:featuredmedia":[{"embeddable":true,"href":"https:\/\/wp-test-1.sweethome3d.eu\/hu\/wp-json\/wp\/v2\/media\/6341"}],"wp:attachment":[{"href":"https:\/\/wp-test-1.sweethome3d.eu\/hu\/wp-json\/wp\/v2\/media?parent=5763"}],"curies":[{"name":"wp","href":"https:\/\/api.w.org\/{rel}","templated":true}]}}