{"id":6200,"date":"2025-09-19T09:07:08","date_gmt":"2025-09-19T09:07:08","guid":{"rendered":"https:\/\/wp-test-1.sweethome3d.eu\/adomanyok\/"},"modified":"2025-11-11T14:40:07","modified_gmt":"2025-11-11T14:40:07","slug":"adomanyok","status":"publish","type":"page","link":"https:\/\/wp-test-1.sweethome3d.eu\/hu\/adomanyok\/","title":{"rendered":"Adom\u00e1nyok"},"content":{"rendered":"\n<p class=\"has-text-align-center\">Seg\u00edtett neked a <a href=\"\/\" data-action=\"wce_test\">Sweet Home 3D<\/a> a projektedben?<br\/>Tetszik az ezen a weboldalon ny\u00fajtott t\u00e1mogat\u00e1s?<br\/>\u00c9rt\u00e9keled, hogy nincsenek hirdet\u00e9sek az oldalon?<\/p>\n\n<p class=\"has-text-align-center\">Akkor&#8230; ne habozz tov\u00e1bb! Seg\u00edtsd a <a href=\"https:\/\/wp-test-1.sweethome3d.eu\/hu\/letoltes\/\" data-type=\"page\" data-id=\"396\" data-action=\"wce_test\">Sweet Home 3D<\/a>-t \u00e9s adom\u00e1nyozz a projektnek.<br\/>Nagyon fogjuk \u00e9rt\u00e9kelni. <\/p>\n\n<p class=\"has-text-align-center\">Csak \u00edrd be az adom\u00e1nyod \u00f6sszeg\u00e9t al\u00e1bb<br\/>\u00e9s kattints a <em>Donate<\/em> Paypal gombra.<\/p>\n\n\n\t<div id=\"donate-button-container\" style=\"text-align:center; margin:2rem 0;\">\n\t\t<div id=\"donate-button\"><\/div>\n\t\t<script src=\"https:\/\/www.paypalobjects.com\/donate\/sdk\/donate-sdk.js\" charset=\"UTF-8\"><\/script>\n\t\t<script>\n\t\t\tPayPal.Donation.Button({\n\t\t\t\tenv: 'production',\n\t\t\t\thosted_button_id: 'Q2F4V9B6WMY7N',\n\t\t\t\timage: {\n\t\t\t\t\tsrc: 'https:\/\/wp-test-1.sweethome3d.eu\/wp-content\/themes\/sh3d\/assets\/img\/paypal\/btn_donateCC_LG_en_US.gif',\n\t\t\t\t\talt: 'Donate with PayPal button',\n\t\t\t\t\ttitle: 'PayPal - The safer, easier way to pay online!'\n\t\t\t\t}\n\t\t\t}).render('#donate-button');\n\t\t<\/script>\n\t<\/div>\n\n\t\n","protected":false},"excerpt":{"rendered":"<p>Seg\u00edtett neked a Sweet Home 3D a projektedben?Tetszik az ezen a weboldalon ny\u00fajtott t\u00e1mogat\u00e1s?\u00c9rt\u00e9keled, hogy nincsenek hirdet\u00e9sek az oldalon? Akkor&#8230; ne habozz tov\u00e1bb! Seg\u00edtsd a Sweet Home 3D-t \u00e9s adom\u00e1nyozz a projektnek.Nagyon fogjuk \u00e9rt\u00e9kelni. Csak \u00edrd be az adom\u00e1nyod \u00f6sszeg\u00e9t al\u00e1bb\u00e9s kattints a Donate Paypal gombra.<\/p>\n","protected":false},"author":2,"featured_media":0,"parent":0,"menu_order":0,"comment_status":"closed","ping_status":"closed","template":"","meta":{"inline_featured_image":false,"footnotes":""},"class_list":["post-6200","page","type-page","status-publish","hentry"],"_links":{"self":[{"href":"https:\/\/wp-test-1.sweethome3d.eu\/hu\/wp-json\/wp\/v2\/pages\/6200","targetHints":{"allow":["GET"]}}],"collection":[{"href":"https:\/\/wp-test-1.sweethome3d.eu\/hu\/wp-json\/wp\/v2\/pages"}],"about":[{"href":"https:\/\/wp-test-1.sweethome3d.eu\/hu\/wp-json\/wp\/v2\/types\/page"}],"author":[{"embeddable":true,"href":"https:\/\/wp-test-1.sweethome3d.eu\/hu\/wp-json\/wp\/v2\/users\/2"}],"replies":[{"embeddable":true,"href":"https:\/\/wp-test-1.sweethome3d.eu\/hu\/wp-json\/wp\/v2\/comments?post=6200"}],"version-history":[{"count":2,"href":"https:\/\/wp-test-1.sweethome3d.eu\/hu\/wp-json\/wp\/v2\/pages\/6200\/revisions"}],"predecessor-version":[{"id":6343,"href":"https:\/\/wp-test-1.sweethome3d.eu\/hu\/wp-json\/wp\/v2\/pages\/6200\/revisions\/6343"}],"wp:attachment":[{"href":"https:\/\/wp-test-1.sweethome3d.eu\/hu\/wp-json\/wp\/v2\/media?parent=6200"}],"curies":[{"name":"wp","href":"https:\/\/api.w.org\/{rel}","templated":true}]}}