{"id":6489,"date":"2025-09-18T11:00:31","date_gmt":"2025-09-18T11:00:31","guid":{"rendered":"https:\/\/wp-test-1.sweethome3d.eu\/sweet-home-3d-online-manager\/"},"modified":"2025-11-07T13:09:15","modified_gmt":"2025-11-07T13:09:15","slug":"sweet-home-3d-online-manager","status":"publish","type":"page","link":"https:\/\/wp-test-1.sweethome3d.eu\/hu\/sweet-home-3d-online-manager\/","title":{"rendered":"Sweet Home 3D Online Manager"},"content":{"rendered":"<h2 class=\"wp-block-heading has-text-align-center\" id=\"tervezd-meg-otthonodat-kozvetlenul-a-bongeszobol\">Tervezd meg otthonodat k\u00f6zvetlen\u00fcl a b\u00f6ng\u00e9sz\u0151b\u0151l<\/h2><h3 class=\"wp-block-heading has-text-align-center\" id=\"probald-ki-a-sweet-home-3d-js-online-demoverziojat\">Pr\u00f3b\u00e1ld ki a Sweet Home 3D JS Online dem\u00f3verzi\u00f3j\u00e1t<\/h3><div class=\"wp-block-image\">\n<figure class=\"aligncenter size-full\"><img loading=\"lazy\" decoding=\"async\" width=\"128\" height=\"74\" src=\"https:\/\/wp-test-1.sweethome3d.eu\/wp-content\/uploads\/2025\/09\/smartphoneTabletComputer.png\" alt=\"\" class=\"wp-image-496\"\/><\/figure>\n<\/div>\n<p class=\"has-text-align-center\">A <strong>Sweet Home 3D Online Manager<\/strong> egy hat\u00e9kony <strong>bels\u0151\u00e9p\u00edt\u00e9szeti tervez\u0151 szolg\u00e1ltat\u00e1s<\/strong>, amellyel <strong>otthonod alaprajz\u00e1t<\/strong> hozhatod l\u00e9tre k\u00f6zvetlen\u00fcl a b\u00f6ng\u00e9sz\u0151b\u0151l, telep\u00edt\u00e9s n\u00e9lk\u00fcl. <\/p>\n\n<p class=\"has-text-align-center\"><a href=\"https:\/\/www.sweethome3d.com\/SweetHome3DJSOnline.jsp\" data-type=\"link\" data-id=\"https:\/\/www.sweethome3d.com\/SweetHome3DJSOnline.jsp\" data-action=\"wce_online_testonline_hyperlink\" target=\"_blank\" rel=\"noopener\">Pr\u00f3b\u00e1ld ki a Sweet Home 3D JS Online dem\u00f3verzi\u00f3k\u00e9nt<\/a><\/p>\n\n<p class=\"has-text-align-center\">Ha a Sweet Home 3D <a href=\"https:\/\/wp-test-1.sweethome3d.eu\/hu\/letoltes\/\" data-type=\"page\" data-id=\"396\">let\u00f6lt\u00e9sre<\/a> el\u00e9rhet\u0151 verzi\u00f3j\u00e1t haszn\u00e1lod, akkor ezzel az eszk\u00f6zzel <a href=\"https:\/\/wp-test-1.sweethome3d.eu\/hu\/sweet-home-3d-felhasznaloi-utmutato\/#importing-home-blueprint\" data-type=\"link\" data-id=\"https:\/\/wp-test-1.sweethome3d.eu\/users-guide\/#importing-home-blueprint\">import\u00e1lhatod<\/a> az \u00e1ltalad tervezett otthoni f\u00e1jlt, <a href=\"https:\/\/wp-test-1.sweethome3d.eu\/hu\/sweet-home-3d-felhasznaloi-utmutato\/#editing-3d-view\" data-type=\"link\" data-id=\"https:\/\/wp-test-1.sweethome3d.eu\/users-guide\/#editing-3d-view\">megtekintheted 2D \/ 3D-ben<\/a>, m\u00f3dos\u00edthatod \u00e9s <a href=\"https:\/\/wp-test-1.sweethome3d.eu\/hu\/sweet-home-3d-felhasznaloi-utmutato\/#export-to-obj-format\" data-type=\"link\" data-id=\"https:\/\/wp-test-1.sweethome3d.eu\/users-guide\/#export-to-obj-format\">export\u00e1lhatod<\/a> \u2014 \u00edgy k\u00e9nyelmes <strong>alaprajz gener\u00e1torr\u00e1<\/strong> \u00e9s <strong>bels\u0151\u00e9p\u00edt\u00e9szeti rajzol\u00f3 szoftverr\u00e9<\/strong> v\u00e1lik.<\/p>\n\n<p class=\"has-text-align-center\"><a href=\"#download\" data-type=\"internal\" data-id=\"#download\">T\u00f6ltsd le a teljes verzi\u00f3t<\/a>, hogy hozz\u00e1f\u00e9rj t\u00f6bb mint 10 000 <a href=\"https:\/\/wp-test-1.sweethome3d.eu\/hu\/modellek-importalasa-a-sweet-home-3d-be-egyedi-3d-butorok-es-targyak-hozzaadasa\/\" data-type=\"page\" data-id=\"432\">3D modellhez<\/a>, 400 <a href=\"https:\/\/wp-test-1.sweethome3d.eu\/hu\/texturak-importalasa\/\" data-type=\"page\" data-id=\"4928\">text\u00far\u00e1hoz<\/a>, \u00e9s egyedi funkci\u00f3k hozz\u00e1ad\u00e1s\u00e1nak lehet\u0151s\u00e9g\u00e9hez egy igaz\u00e1n szem\u00e9lyre szabott <a href=\"https:\/\/wp-test-1.sweethome3d.eu\/hu\/sweet-home-3d-felhasznaloi-utmutato\/#starting-a-new-home\" data-type=\"link\" data-id=\"https:\/\/wp-test-1.sweethome3d.eu\/users-guide\/#starting-a-new-home\">tervez\u00e9si \u00e9lm\u00e9ny\u00e9rt<\/a>.<\/p>\n\n<div class=\"wp-block-buttons is-content-justification-center is-layout-flex wp-container-core-buttons-is-layout-16018d1d wp-block-buttons-is-layout-flex\">\n<div class=\"wp-block-button\" data-page=\"online\" data-append-os=\"true\"><a class=\"wp-block-button__link wp-element-button\" href=\"#download\"><img loading=\"lazy\" decoding=\"async\" width=\"21\" height=\"21\" class=\"wp-image-390\" style=\"width: 21px;\" src=\"http:\/\/wp-test-1.sweethome3d.eu\/wp-content\/uploads\/2025\/09\/download-bottom.svg\" alt=\"\"\/> T\u00f6ltse le a Sweet Home 3D-t<\/a><\/div>\n<\/div>\n<h3 class=\"wp-block-heading has-text-align-center\" id=\"hogyan-hasznald-a-sweet-home-3d-js-onlinet\">Hogyan haszn\u00e1ld a Sweet Home 3D JS online-t<\/h3>\n<p class=\"has-text-align-center\"><strong>A Sweet Home 3D online kezel\u0151<\/strong> egy olyan szolg\u00e1ltat\u00e1s, amellyel megtervezheted a <strong>h\u00e1zad elrendez\u00e9s\u00e9t<\/strong> online, b\u00e1rmely <a href=\"https:\/\/caniuse.com\/webgl\" target=\"_blank\" rel=\"noopener\">WebGL<\/a>-kompatibilis b\u00f6ng\u00e9sz\u0151vel.<\/p>\n\n<p class=\"has-text-align-center\">Ezt a szolg\u00e1ltat\u00e1st az al\u00e1bbi linkre kattintva tesztelheted, de ha szeretn\u00e9d <strong>menteni<\/strong> a tervedet, el\u0151sz\u00f6r <a href=\"https:\/\/www.sweethome3d.com\/support\/forum\/registermember\" target=\"_blank\" rel=\"noopener\">regisztr\u00e1lj<\/a> ingyenesen, majd <a href=\"https:\/\/www.sweethome3d.com\/support\/forum\/login?url=https%3A%2F%2Fwww.sweethome3d.com%2FSweetHome3DOnlineManager.jsp&amp;forumLogin=false&amp;lang=en\" target=\"_blank\" rel=\"noopener\">jelentkezz be<\/a>.<\/p>\n<div class=\"wp-block-image\">\n<figure class=\"aligncenter size-large is-resized\" data-action=\"wce_online_picture\"><img loading=\"lazy\" decoding=\"async\" width=\"1024\" height=\"768\" src=\"https:\/\/wp-test-1.sweethome3d.eu\/wp-content\/uploads\/2025\/09\/SweetHome3DJSOnlineWindows-1024x768.jpg\" alt=\"Sweet Home 3D online kezel&#x151;\" class=\"wp-image-498\" style=\"width:600px\" srcset=\"https:\/\/wp-test-1.sweethome3d.eu\/wp-content\/uploads\/2025\/09\/SweetHome3DJSOnlineWindows-1024x768.jpg 1024w, https:\/\/wp-test-1.sweethome3d.eu\/wp-content\/uploads\/2025\/09\/SweetHome3DJSOnlineWindows-173x130.jpg 173w, https:\/\/wp-test-1.sweethome3d.eu\/wp-content\/uploads\/2025\/09\/SweetHome3DJSOnlineWindows-360x270.jpg 360w, https:\/\/wp-test-1.sweethome3d.eu\/wp-content\/uploads\/2025\/09\/SweetHome3DJSOnlineWindows-768x576.jpg 768w, https:\/\/wp-test-1.sweethome3d.eu\/wp-content\/uploads\/2025\/09\/SweetHome3DJSOnlineWindows-400x300.jpg 400w, https:\/\/wp-test-1.sweethome3d.eu\/wp-content\/uploads\/2025\/09\/SweetHome3DJSOnlineWindows-120x90.jpg 120w, https:\/\/wp-test-1.sweethome3d.eu\/wp-content\/uploads\/2025\/09\/SweetHome3DJSOnlineWindows.jpg 1200w\" sizes=\"auto, (max-width: 1024px) 100vw, 1024px\" \/><\/figure>\n<\/div>","protected":false},"excerpt":{"rendered":"<p>Tervezd meg otthonodat k\u00f6zvetlen\u00fcl a b\u00f6ng\u00e9sz\u0151b\u0151l Pr\u00f3b\u00e1ld ki a Sweet Home 3D JS Online dem\u00f3verzi\u00f3j\u00e1t A Sweet Home 3D Online Manager egy hat\u00e9kony bels\u0151\u00e9p\u00edt\u00e9szeti tervez\u0151 szolg\u00e1ltat\u00e1s, amellyel otthonod alaprajz\u00e1t hozhatod l\u00e9tre k\u00f6zvetlen\u00fcl a b\u00f6ng\u00e9sz\u0151b\u0151l, telep\u00edt\u00e9s n\u00e9lk\u00fcl. Pr\u00f3b\u00e1ld ki a Sweet Home 3D JS Online dem\u00f3verzi\u00f3k\u00e9nt Ha a Sweet Home 3D let\u00f6lt\u00e9sre el\u00e9rhet\u0151 verzi\u00f3j\u00e1t haszn\u00e1lod, akkor [&hellip;]<\/p>\n","protected":false},"author":2,"featured_media":6468,"parent":0,"menu_order":0,"comment_status":"closed","ping_status":"closed","template":"","meta":{"inline_featured_image":false,"footnotes":""},"class_list":["post-6489","page","type-page","status-publish","has-post-thumbnail","hentry"],"_links":{"self":[{"href":"https:\/\/wp-test-1.sweethome3d.eu\/hu\/wp-json\/wp\/v2\/pages\/6489","targetHints":{"allow":["GET"]}}],"collection":[{"href":"https:\/\/wp-test-1.sweethome3d.eu\/hu\/wp-json\/wp\/v2\/pages"}],"about":[{"href":"https:\/\/wp-test-1.sweethome3d.eu\/hu\/wp-json\/wp\/v2\/types\/page"}],"author":[{"embeddable":true,"href":"https:\/\/wp-test-1.sweethome3d.eu\/hu\/wp-json\/wp\/v2\/users\/2"}],"replies":[{"embeddable":true,"href":"https:\/\/wp-test-1.sweethome3d.eu\/hu\/wp-json\/wp\/v2\/comments?post=6489"}],"version-history":[{"count":8,"href":"https:\/\/wp-test-1.sweethome3d.eu\/hu\/wp-json\/wp\/v2\/pages\/6489\/revisions"}],"predecessor-version":[{"id":12657,"href":"https:\/\/wp-test-1.sweethome3d.eu\/hu\/wp-json\/wp\/v2\/pages\/6489\/revisions\/12657"}],"wp:featuredmedia":[{"embeddable":true,"href":"https:\/\/wp-test-1.sweethome3d.eu\/hu\/wp-json\/wp\/v2\/media\/6468"}],"wp:attachment":[{"href":"https:\/\/wp-test-1.sweethome3d.eu\/hu\/wp-json\/wp\/v2\/media?parent=6489"}],"curies":[{"name":"wp","href":"https:\/\/api.w.org\/{rel}","templated":true}]}}