{"id":8712,"date":"2025-09-18T11:52:42","date_gmt":"2025-09-18T11:52:42","guid":{"rendered":"https:\/\/wp-test-1.sweethome3d.eu\/sweet-home-3d-funkciok\/"},"modified":"2025-11-03T16:43:36","modified_gmt":"2025-11-03T16:43:36","slug":"sweet-home-3d-funkciok","status":"publish","type":"page","link":"https:\/\/wp-test-1.sweethome3d.eu\/hu\/sweet-home-3d-funkciok\/","title":{"rendered":"Sweet Home 3D funkci\u00f3k"},"content":{"rendered":"<h2 class=\"wp-block-heading has-text-align-center\" id=\"fedezd-fel-a-sweet-home-3d-altal-kinalt-fobb-funkciokat\">Fedezd fel a Sweet Home 3D \u00e1ltal k\u00edn\u00e1lt f\u0151bb funkci\u00f3kat<\/h2>\n<p class=\"has-text-align-center\">Fedezd fel a f\u0151bb funkci\u00f3kat, amelyeket a <strong><a href=\"https:\/\/wp-test-1.sweethome3d.eu\/hu\/letoltes\/\" data-type=\"page\" data-id=\"396\">Sweet Home 3D<\/a><\/strong> k\u00edn\u00e1l,<br \/>egy ingyenes lakberendez\u00e9si alkalmaz\u00e1s, amely el\u00e9rhet\u0151 a <a href=\"https:\/\/www.sweethome3d.com\/\" target=\"_blank\" rel=\"noopener\">https:\/\/www.sweethome3d.com<\/a> c\u00edmen.<\/p>\n\n<p class=\"has-text-align-center\">A Sweet Home 3D egy hat\u00e9kony \u00e9s felhaszn\u00e1l\u00f3bar\u00e1t lakberendez\u00e9si szoftver, amely seg\u00edt r\u00e9szletes alaprajzokat \u00e9s st\u00edlusos bels\u0151\u00e9p\u00edt\u00e9szeti \u00f6tleteket k\u00f6nnyed\u00e9n l\u00e9trehozni. Ak\u00e1r profi lakberendez\u0151 vagy, ak\u00e1r csak szoba\u00f6tleteket szeretn\u00e9l kipr\u00f3b\u00e1lni, ez az eszk\u00f6z minden funkci\u00f3val rendelkezik, hogy hat\u00e9konyan tervezhess otthoni elrendez\u00e9seket. <\/p>\n<div class=\"wp-block-image\">\n<figure class=\"aligncenter size-full\"><img loading=\"lazy\" decoding=\"async\" width=\"393\" height=\"266\" src=\"https:\/\/wp-test-1.sweethome3d.eu\/wp-content\/uploads\/2025\/09\/SweetHome3DSmall.jpg\" alt=\"Sweet Home 3D funkci&#xF3;k\" class=\"wp-image-501\" srcset=\"https:\/\/wp-test-1.sweethome3d.eu\/wp-content\/uploads\/2025\/09\/SweetHome3DSmall.jpg 393w, https:\/\/wp-test-1.sweethome3d.eu\/wp-content\/uploads\/2025\/09\/SweetHome3DSmall-192x130.jpg 192w, https:\/\/wp-test-1.sweethome3d.eu\/wp-content\/uploads\/2025\/09\/SweetHome3DSmall-360x244.jpg 360w, https:\/\/wp-test-1.sweethome3d.eu\/wp-content\/uploads\/2025\/09\/SweetHome3DSmall-133x90.jpg 133w\" sizes=\"auto, (max-width: 393px) 100vw, 393px\" \/><\/figure>\n<\/div>\n<div style=\"height:50px\" aria-hidden=\"true\" class=\"wp-block-spacer\"><\/div>\n<h3 class=\"wp-block-heading has-text-align-center\" id=\"falakat-rajzolni-es-pontos-alaprajzokat-kesziteni\">Falakat rajzolni \u00e9s pontos alaprajzokat k\u00e9sz\u00edteni<\/h3>\n<hr class=\"wp-block-separator has-alpha-channel-opacity is-style-default\" \/>\n\n<div class=\"wp-block-group is-nowrap is-layout-flex wp-container-core-group-is-layout-ad2f72ca wp-block-group-is-layout-flex\">\n<div class=\"wp-block-group is-nowrap is-layout-flex wp-container-core-group-is-layout-ad2f72ca wp-block-group-is-layout-flex\">\n<p><strong>Rajzolj <\/strong>egyenes, kerek vagy ferde <strong><a href=\"https:\/\/wp-test-1.sweethome3d.eu\/hu\/sweet-home-3d-felhasznaloi-utmutato\/#drawing-walls\" data-type=\"link\" data-id=\"https:\/\/wp-test-1.sweethome3d.eu\/users-guide\/#drawing-walls\">falakat<\/a><\/strong> pontos m\u00e9retekkel eg\u00e9rrel vagy billenty\u0171zettel.<\/p>\n<\/div>\n\n\n\n<figure class=\"wp-block-image size-full is-resized\"><img loading=\"lazy\" decoding=\"async\" width=\"275\" height=\"100\" src=\"https:\/\/wp-test-1.sweethome3d.eu\/wp-content\/uploads\/2025\/09\/drawWalls.png\" alt=\"\" class=\"wp-image-504\" style=\"width:275px\" srcset=\"https:\/\/wp-test-1.sweethome3d.eu\/wp-content\/uploads\/2025\/09\/drawWalls.png 275w, https:\/\/wp-test-1.sweethome3d.eu\/wp-content\/uploads\/2025\/09\/drawWalls-248x90.png 248w\" sizes=\"auto, (max-width: 275px) 100vw, 275px\" \/><\/figure>\n<\/div>\n\n<hr class=\"wp-block-separator has-alpha-channel-opacity\" \/>\n\n<div class=\"wp-block-group is-nowrap is-layout-flex wp-container-core-group-is-layout-ad2f72ca wp-block-group-is-layout-flex\">\n<figure class=\"wp-block-image size-full is-resized\"><img loading=\"lazy\" decoding=\"async\" width=\"275\" height=\"100\" src=\"https:\/\/wp-test-1.sweethome3d.eu\/wp-content\/uploads\/2025\/09\/annotate.png\" alt=\"\" class=\"wp-image-505\" style=\"width:275px\" srcset=\"https:\/\/wp-test-1.sweethome3d.eu\/wp-content\/uploads\/2025\/09\/annotate.png 275w, https:\/\/wp-test-1.sweethome3d.eu\/wp-content\/uploads\/2025\/09\/annotate-248x90.png 248w\" sizes=\"auto, (max-width: 275px) 100vw, 275px\" \/><\/figure>\n\n\n\n<p><strong>Jegyzeteld az alaprajzot <\/strong><a href=\"https:\/\/wp-test-1.sweethome3d.eu\/hu\/sweet-home-3d-felhasznaloi-utmutato\/#drawing-rooms\" data-type=\"link\" data-id=\"https:\/\/wp-test-1.sweethome3d.eu\/users-guide\/#drawing-rooms\">szobater\u00fcletekkel<\/a>, <a href=\"https:\/\/wp-test-1.sweethome3d.eu\/hu\/sweet-home-3d-felhasznaloi-utmutato\/#drawing-dimensions\">m\u00e9retvonalakkal<\/a>, <a href=\"https:\/\/wp-test-1.sweethome3d.eu\/hu\/sweet-home-3d-felhasznaloi-utmutato\/#adding-texts\" data-type=\"link\" data-id=\"https:\/\/wp-test-1.sweethome3d.eu\/users-guide\/#adding-texts\">sz\u00f6vegekkel<\/a>, nyilakkal, \u00e9s mutasd meg az \u00e9szaki ir\u00e1nyt egy ir\u00e1nyt\u0171r\u00f3zs\u00e1val.<\/p>\n<\/div>\n<h3 class=\"wp-block-heading has-text-align-center\" id=\"ajtokat-ablakokat-butorokat-beilleszteni-es-minden-szobat-testre-szabni\">Ajt\u00f3kat, ablakokat, b\u00fatorokat beilleszteni \u00e9s minden szob\u00e1t testre szabni<\/h3>\n<hr class=\"wp-block-separator has-alpha-channel-opacity\" \/>\n\n<div class=\"wp-block-group is-nowrap is-layout-flex wp-container-core-group-is-layout-ad2f72ca wp-block-group-is-layout-flex\">\n<p><strong><a href=\"https:\/\/wp-test-1.sweethome3d.eu\/hu\/sweet-home-3d-felhasznaloi-utmutato\/#adding-doors-windows-and-furniture\">Helyezz be ajt\u00f3kat \u00e9s ablakokat<\/a><\/strong> a falakba az alaprajzba h\u00fazva \u0151ket, \u00e9s hagyd, hogy a <a href=\"https:\/\/wp-test-1.sweethome3d.eu\/hu\/letoltes\/\" data-type=\"page\" data-id=\"396\">Sweet Home 3D<\/a> kisz\u00e1m\u00edtsa a hely\u00fcket a falakban.<\/p>\n\n\n\n<figure class=\"wp-block-image size-full is-resized\"><img loading=\"lazy\" decoding=\"async\" width=\"275\" height=\"100\" src=\"https:\/\/wp-test-1.sweethome3d.eu\/wp-content\/uploads\/2025\/09\/insertDoors.png\" alt=\"\" class=\"wp-image-506\" style=\"width:275px\" srcset=\"https:\/\/wp-test-1.sweethome3d.eu\/wp-content\/uploads\/2025\/09\/insertDoors.png 275w, https:\/\/wp-test-1.sweethome3d.eu\/wp-content\/uploads\/2025\/09\/insertDoors-248x90.png 248w\" sizes=\"auto, (max-width: 275px) 100vw, 275px\" \/><\/figure>\n<\/div>\n\n<hr class=\"wp-block-separator has-alpha-channel-opacity\" \/>\n\n<div class=\"wp-block-group is-nowrap is-layout-flex wp-container-core-group-is-layout-ad2f72ca wp-block-group-is-layout-flex\">\n<figure class=\"wp-block-image size-full is-resized\"><img loading=\"lazy\" decoding=\"async\" width=\"275\" height=\"100\" src=\"https:\/\/wp-test-1.sweethome3d.eu\/wp-content\/uploads\/2025\/09\/addFurniture.png\" alt=\"\" class=\"wp-image-507\" style=\"width:275px\" srcset=\"https:\/\/wp-test-1.sweethome3d.eu\/wp-content\/uploads\/2025\/09\/addFurniture.png 275w, https:\/\/wp-test-1.sweethome3d.eu\/wp-content\/uploads\/2025\/09\/addFurniture-248x90.png 248w\" sizes=\"auto, (max-width: 275px) 100vw, 275px\" \/><\/figure>\n\n\n\n<p><strong><a href=\"https:\/\/wp-test-1.sweethome3d.eu\/hu\/sweet-home-3d-felhasznaloi-utmutato\/#adding-doors-windows-and-furniture\">Adj hozz\u00e1 b\u00fatorokat<\/a><\/strong> az alaprajzhoz egy kereshet\u0151 \u00e9s b\u0151v\u00edthet\u0151 katal\u00f3gusb\u00f3l, kateg\u00f3ri\u00e1k szerint rendezve, mint p\u00e9ld\u00e1ul konyha, nappali, h\u00e1l\u00f3szoba, f\u00fcrd\u0151szoba&#8230;<\/p>\n<\/div>\n\n<hr class=\"wp-block-separator has-alpha-channel-opacity\" \/>\n\n<div class=\"wp-block-group is-nowrap is-layout-flex wp-container-core-group-is-layout-ad2f72ca wp-block-group-is-layout-flex\">\n<p><strong><a href=\"https:\/\/wp-test-1.sweethome3d.eu\/hu\/sweet-home-3d-felhasznaloi-utmutato\/#adding-doors-windows-and-furniture\">V\u00e1ltoztasd meg a sz\u00ednt<\/a>, text\u00far\u00e1t<\/strong>, m\u00e9retet, vastags\u00e1got, elhelyezked\u00e9st \u00e9s t\u00e1jol\u00e1st a b\u00fatorok, falak, padl\u00f3k \u00e9s mennyezetek eset\u00e9ben.<\/p>\n\n\n\n<figure class=\"wp-block-image size-full is-resized\"><img loading=\"lazy\" decoding=\"async\" width=\"275\" height=\"100\" src=\"https:\/\/wp-test-1.sweethome3d.eu\/wp-content\/uploads\/2025\/09\/changeTexture.png\" alt=\"\" class=\"wp-image-508\" style=\"width:275px\" srcset=\"https:\/\/wp-test-1.sweethome3d.eu\/wp-content\/uploads\/2025\/09\/changeTexture.png 275w, https:\/\/wp-test-1.sweethome3d.eu\/wp-content\/uploads\/2025\/09\/changeTexture-248x90.png 248w\" sizes=\"auto, (max-width: 275px) 100vw, 275px\" \/><\/figure>\n<\/div>\n<h3 class=\"wp-block-heading has-text-align-center\" id=\"tervek-megtekintese-2dben-es-3dben\">Tervek megtekint\u00e9se 2D-ben \u00e9s 3D-ben<\/h3>\n<hr class=\"wp-block-separator has-alpha-channel-opacity\" \/>\n\n<div class=\"wp-block-group is-nowrap is-layout-flex wp-container-core-group-is-layout-ad2f72ca wp-block-group-is-layout-flex\">\n<figure class=\"wp-block-image size-full is-resized\"><img loading=\"lazy\" decoding=\"async\" width=\"275\" height=\"100\" src=\"https:\/\/wp-test-1.sweethome3d.eu\/wp-content\/uploads\/2025\/09\/view3D.png\" alt=\"\" class=\"wp-image-509\" style=\"width:275px\" srcset=\"https:\/\/wp-test-1.sweethome3d.eu\/wp-content\/uploads\/2025\/09\/view3D.png 275w, https:\/\/wp-test-1.sweethome3d.eu\/wp-content\/uploads\/2025\/09\/view3D-248x90.png 248w\" sizes=\"auto, (max-width: 275px) 100vw, 275px\" \/><\/figure>\n\n\n\n<p>Am\u00edg 2D-ben tervezed az otthont, <strong>egyidej\u0171leg<\/strong> <strong><a href=\"https:\/\/wp-test-1.sweethome3d.eu\/hu\/sweet-home-3d-felhasznaloi-utmutato\/#editing-3d-view\">n\u00e9zd meg 3D-ben<\/a><\/strong> fel\u00fcln\u00e9zetb\u0151l, vagy navig\u00e1lj benne egy virtu\u00e1lis l\u00e1togat\u00f3 szemsz\u00f6g\u00e9b\u0151l.<\/p>\n<\/div>\n\n<hr class=\"wp-block-separator has-alpha-channel-opacity\" \/>\n\n<div class=\"wp-block-group is-nowrap is-layout-flex wp-container-core-group-is-layout-ad2f72ca wp-block-group-is-layout-flex\">\n<p><strong>K\u00e9sz\u00edts fotorealisztikus <a href=\"https:\/\/wp-test-1.sweethome3d.eu\/hu\/sweet-home-3d-felhasznaloi-utmutato\/#creating-photos-of-the-3d-view\">k\u00e9peket<\/a><\/strong> <strong>\u00e9s <a href=\"https:\/\/wp-test-1.sweethome3d.eu\/hu\/sweet-home-3d-felhasznaloi-utmutato\/#creating-3d-videos\">vide\u00f3kat<\/a><\/strong> a f\u00e9nyek testreszab\u00e1s\u00e1nak, valamint a napszak \u00e9s a f\u00f6ldrajzi hely szerinti napf\u00e9nyhat\u00e1s szab\u00e1lyoz\u00e1s\u00e1nak lehet\u0151s\u00e9g\u00e9vel.<\/p>\n\n\n\n<figure class=\"wp-block-image size-full is-resized\"><img loading=\"lazy\" decoding=\"async\" width=\"275\" height=\"100\" src=\"https:\/\/wp-test-1.sweethome3d.eu\/wp-content\/uploads\/2025\/09\/createPhoto.jpg\" alt=\"\" class=\"wp-image-510\" style=\"width:275px\" srcset=\"https:\/\/wp-test-1.sweethome3d.eu\/wp-content\/uploads\/2025\/09\/createPhoto.jpg 275w, https:\/\/wp-test-1.sweethome3d.eu\/wp-content\/uploads\/2025\/09\/createPhoto-248x90.jpg 248w\" sizes=\"auto, (max-width: 275px) 100vw, 275px\" \/><\/figure>\n<\/div>\n<h3 class=\"wp-block-heading has-text-align-center\" id=\"importalas-es-exportalas\">Import\u00e1l\u00e1s \u00e9s export\u00e1l\u00e1s<\/h3>\n<hr class=\"wp-block-separator has-alpha-channel-opacity\" \/>\n\n<div class=\"wp-block-group is-nowrap is-layout-flex wp-container-core-group-is-layout-ad2f72ca wp-block-group-is-layout-flex\">\n<figure class=\"wp-block-image size-full is-resized\"><img loading=\"lazy\" decoding=\"async\" width=\"275\" height=\"100\" src=\"https:\/\/wp-test-1.sweethome3d.eu\/wp-content\/uploads\/2025\/09\/importFurniture.png\" alt=\"\" class=\"wp-image-511\" style=\"width:275px\" srcset=\"https:\/\/wp-test-1.sweethome3d.eu\/wp-content\/uploads\/2025\/09\/importFurniture.png 275w, https:\/\/wp-test-1.sweethome3d.eu\/wp-content\/uploads\/2025\/09\/importFurniture-248x90.png 248w\" sizes=\"auto, (max-width: 275px) 100vw, 275px\" \/><\/figure>\n\n\n\n<p><a href=\"https:\/\/wp-test-1.sweethome3d.eu\/hu\/sweet-home-3d-felhasznaloi-utmutato\/#importing-home-blueprint\"><strong>Import\u00e1lj<\/strong> alaprajzot<\/a>, hogy <a href=\"https:\/\/wp-test-1.sweethome3d.eu\/hu\/sweet-home-3d-felhasznaloi-utmutato\/#drawing-walls\" data-type=\"link\" data-id=\"https:\/\/wp-test-1.sweethome3d.eu\/users-guide\/#drawing-walls\">falakat rajzolj<\/a> r\u00e1, <a href=\"https:\/\/wp-test-1.sweethome3d.eu\/hu\/modellek-importalasa-a-sweet-home-3d-be-egyedi-3d-butorok-es-targyak-hozzaadasa\/\" data-type=\"page\" data-id=\"432\">3D modelleket<\/a> az alap\u00e9rtelmezett katal\u00f3gus kieg\u00e9sz\u00edt\u00e9s\u00e9hez, \u00e9s <a href=\"https:\/\/wp-test-1.sweethome3d.eu\/hu\/texturak-importalasa\/\" data-type=\"page\" data-id=\"4928\">text\u00far\u00e1kat<\/a> a fel\u00fcletek testreszab\u00e1s\u00e1hoz.<\/p>\n<\/div>\n\n<hr class=\"wp-block-separator has-alpha-channel-opacity\" \/>\n\n<div class=\"wp-block-group is-nowrap is-layout-flex wp-container-core-group-is-layout-ad2f72ca wp-block-group-is-layout-flex\">\n<p><strong>Nyomtass \u00e9s export\u00e1lj<\/strong> PDF-eket, bitk\u00e9p vagy vektoros grafikus k\u00e9peket, vide\u00f3kat \u00e9s 3D f\u00e1jlokat szabv\u00e1nyos f\u00e1jlform\u00e1tumokban.<\/p>\n\n\n\n<figure class=\"wp-block-image size-full is-resized\"><img loading=\"lazy\" decoding=\"async\" width=\"275\" height=\"71\" src=\"https:\/\/wp-test-1.sweethome3d.eu\/wp-content\/uploads\/2025\/09\/export.png\" alt=\"\" class=\"wp-image-512\" style=\"width:275px\" \/><\/figure>\n<\/div>\n<h3 class=\"wp-block-heading has-text-align-center\" id=\"tovabbi-informaciok\">Tov\u00e1bbi inform\u00e1ci\u00f3k<\/h3>\n<hr class=\"wp-block-separator has-alpha-channel-opacity\" \/>\n\n<div class=\"wp-block-group is-nowrap is-layout-flex wp-container-core-group-is-layout-ad2f72ca wp-block-group-is-layout-flex\">\n<figure class=\"wp-block-image size-full is-resized\"><img loading=\"lazy\" decoding=\"async\" width=\"275\" height=\"100\" src=\"https:\/\/wp-test-1.sweethome3d.eu\/wp-content\/uploads\/2025\/09\/extend.png\" alt=\"\" class=\"wp-image-513\" style=\"width:275px\" srcset=\"https:\/\/wp-test-1.sweethome3d.eu\/wp-content\/uploads\/2025\/09\/extend.png 275w, https:\/\/wp-test-1.sweethome3d.eu\/wp-content\/uploads\/2025\/09\/extend-248x90.png 248w\" sizes=\"auto, (max-width: 275px) 100vw, 275px\" \/><\/figure>\n\n\n\n<p><strong>B\u0151v\u00edtsd a Sweet Home 3D funkci\u00f3it<\/strong> Java nyelven programozott <a href=\"https:\/\/wp-test-1.sweethome3d.eu\/hu\/bovitmenyfejlesztoi-utmutato\/\" data-type=\"page\" data-id=\"4964\">be\u00e9p\u00fcl\u0151 modulokkal<\/a>, vagy egy sz\u00e1rmaztatott verzi\u00f3 <a href=\"https:\/\/wp-test-1.sweethome3d.eu\/hu\/dokumentacio\/#developers-guides\" data-type=\"link\" data-id=\"https:\/\/wp-test-1.sweethome3d.eu\/documentation\/#developers-guides\">fejleszt\u00e9s\u00e9vel<\/a>, amely a Model View Controller architekt\u00far\u00e1j\u00e1n alapul.<\/p>\n<\/div>\n\n<hr class=\"wp-block-separator has-alpha-channel-opacity\" \/>\n\n<div class=\"wp-block-group is-nowrap is-layout-flex wp-container-core-group-is-layout-ad2f72ca wp-block-group-is-layout-flex\">\n<p><strong>V\u00e1laszd ki a nyelvet<\/strong>, amely megjelenik a Sweet Home 3D felhaszn\u00e1l\u00f3i fel\u00fclet\u00e9n \u00e9s a gazdag s\u00fag\u00f3j\u00e1ban, <a href=\"https:\/\/wp-test-1.sweethome3d.eu\/hu\/forditasok\/\" type=\"page\" id=\"439\" class=\"broken_link\">29 nyelv<\/a> k\u00f6z\u00fcl.<\/p>\n\n\n\n<figure class=\"wp-block-image size-full is-resized\"><img loading=\"lazy\" decoding=\"async\" width=\"275\" height=\"38\" src=\"https:\/\/wp-test-1.sweethome3d.eu\/wp-content\/uploads\/2025\/09\/chooseLanguage.png\" alt=\"\" class=\"wp-image-514\" style=\"width:275px\" \/><\/figure>\n<\/div>\n\n<hr class=\"wp-block-separator has-alpha-channel-opacity\" \/>\n\n<div class=\"wp-block-group is-nowrap is-layout-flex wp-container-core-group-is-layout-ad2f72ca wp-block-group-is-layout-flex\">\n<figure class=\"wp-block-image size-full is-resized\"><img loading=\"lazy\" decoding=\"async\" width=\"275\" height=\"100\" src=\"https:\/\/wp-test-1.sweethome3d.eu\/wp-content\/uploads\/2025\/09\/run.png\" alt=\"\" class=\"wp-image-515\" style=\"width:275px\" srcset=\"https:\/\/wp-test-1.sweethome3d.eu\/wp-content\/uploads\/2025\/09\/run.png 275w, https:\/\/wp-test-1.sweethome3d.eu\/wp-content\/uploads\/2025\/09\/run-248x90.png 248w\" sizes=\"auto, (max-width: 275px) 100vw, 275px\" \/><\/figure>\n\n\n\n<p><strong><a href=\"https:\/\/wp-test-1.sweethome3d.eu\/hu\/letoltes\/\" data-type=\"page\" data-id=\"396\">T\u00f6ltsd le<\/a><\/strong> a Sweet Home 3D-t, hogy <strong>futtasd<\/strong> offline Windows, macOS, Linux, iOS \u00e9s Android alatt, vagy haszn\u00e1ld az <strong><a href=\"https:\/\/wp-test-1.sweethome3d.eu\/hu\/sweet-home-3d-online-manager\/\" data-type=\"page\" data-id=\"398\">online<\/a><\/strong> verzi\u00f3j\u00e1t b\u00e1rmely WebGL-t t\u00e1mogat\u00f3 b\u00f6ng\u00e9sz\u0151b\u0151l.<\/p>\n<\/div>\n\n<hr class=\"wp-block-separator has-alpha-channel-opacity\" \/>\n\n<div class=\"wp-block-group is-nowrap is-layout-flex wp-container-core-group-is-layout-ad2f72ca wp-block-group-is-layout-flex\">\n<p><strong>Tervezz <\/strong>alaprajzokat <strong>ingyen<\/strong> a Sweet Home 3D-vel, amely a <a href=\"https:\/\/www.gnu.org\/licenses\/gpl-2.0.txt\" data-type=\"link\" data-id=\"https:\/\/www.gnu.org\/licenses\/gpl-2.0.txt\" target=\"_blank\" rel=\"noopener\">GNU General Public License<\/a> alatt terjesztett, ak\u00e1r kereskedelmi c\u00e9lra is.<\/p>\n\n\n\n<figure class=\"wp-block-image size-full\"><img loading=\"lazy\" decoding=\"async\" width=\"134\" height=\"55\" src=\"https:\/\/wp-test-1.sweethome3d.eu\/wp-content\/uploads\/2025\/09\/gpl.png\" alt=\"\" class=\"wp-image-516\" style=\"object-fit:cover\" \/><\/figure>\n<\/div>\n","protected":false},"excerpt":{"rendered":"<p>Fedezd fel a Sweet Home 3D \u00e1ltal k\u00edn\u00e1lt f\u0151bb funkci\u00f3kat Fedezd fel a f\u0151bb funkci\u00f3kat, amelyeket a Sweet Home 3D k\u00edn\u00e1l,egy ingyenes lakberendez\u00e9si alkalmaz\u00e1s, amely el\u00e9rhet\u0151 a https:\/\/www.sweethome3d.com c\u00edmen. A Sweet Home 3D egy hat\u00e9kony \u00e9s felhaszn\u00e1l\u00f3bar\u00e1t lakberendez\u00e9si szoftver, amely seg\u00edt r\u00e9szletes alaprajzokat \u00e9s st\u00edlusos bels\u0151\u00e9p\u00edt\u00e9szeti \u00f6tleteket k\u00f6nnyed\u00e9n l\u00e9trehozni. Ak\u00e1r profi lakberendez\u0151 vagy, ak\u00e1r csak [&hellip;]<\/p>\n","protected":false},"author":2,"featured_media":8698,"parent":0,"menu_order":0,"comment_status":"closed","ping_status":"closed","template":"","meta":{"inline_featured_image":false,"footnotes":""},"class_list":["post-8712","page","type-page","status-publish","has-post-thumbnail","hentry"],"_links":{"self":[{"href":"https:\/\/wp-test-1.sweethome3d.eu\/hu\/wp-json\/wp\/v2\/pages\/8712","targetHints":{"allow":["GET"]}}],"collection":[{"href":"https:\/\/wp-test-1.sweethome3d.eu\/hu\/wp-json\/wp\/v2\/pages"}],"about":[{"href":"https:\/\/wp-test-1.sweethome3d.eu\/hu\/wp-json\/wp\/v2\/types\/page"}],"author":[{"embeddable":true,"href":"https:\/\/wp-test-1.sweethome3d.eu\/hu\/wp-json\/wp\/v2\/users\/2"}],"replies":[{"embeddable":true,"href":"https:\/\/wp-test-1.sweethome3d.eu\/hu\/wp-json\/wp\/v2\/comments?post=8712"}],"version-history":[{"count":6,"href":"https:\/\/wp-test-1.sweethome3d.eu\/hu\/wp-json\/wp\/v2\/pages\/8712\/revisions"}],"predecessor-version":[{"id":11628,"href":"https:\/\/wp-test-1.sweethome3d.eu\/hu\/wp-json\/wp\/v2\/pages\/8712\/revisions\/11628"}],"wp:featuredmedia":[{"embeddable":true,"href":"https:\/\/wp-test-1.sweethome3d.eu\/hu\/wp-json\/wp\/v2\/media\/8698"}],"wp:attachment":[{"href":"https:\/\/wp-test-1.sweethome3d.eu\/hu\/wp-json\/wp\/v2\/media?parent=8712"}],"curies":[{"name":"wp","href":"https:\/\/api.w.org\/{rel}","templated":true}]}}