{"id":9820,"date":"2025-10-01T15:08:20","date_gmt":"2025-10-01T15:08:20","guid":{"rendered":"https:\/\/wp-test-1.sweethome3d.eu\/exportalt-otthonok-kezeloje\/"},"modified":"2025-10-30T17:42:08","modified_gmt":"2025-10-30T17:42:08","slug":"exportalt-otthonok-kezeloje","status":"publish","type":"page","link":"https:\/\/wp-test-1.sweethome3d.eu\/hu\/exportalt-otthonok-kezeloje\/","title":{"rendered":"Export\u00e1lt otthonok kezel\u0151je"},"content":{"rendered":"\n<p class=\"has-text-align-center\">Az <a href=\"https:\/\/www.sweethome3d.com\/support\/forum\/viewthread_thread,6708\" target=\"_blank\" rel=\"noopener\">Export\u00e1l\u00e1s HTML5 be\u00e9p\u00fcl\u0151 modulba<\/a> alapjain ez a szolg\u00e1ltat\u00e1s lehet\u0151v\u00e9 teszi a regisztr\u00e1lt felhaszn\u00e1l\u00f3k sz\u00e1m\u00e1ra, hogy felt\u00f6lts\u00e9k Sweet Home 3D f\u00e1jljaikat erre a webszerverre, \u00e9s 3D-ben megtekinthess\u00e9k \u0151ket b\u00e1rmely WebGL-kompatibilis b\u00f6ng\u00e9sz\u0151vel, mint az al\u00e1bbi k\u00e9perny\u0151felv\u00e9telen l\u00e1that\u00f3 <a href=\"https:\/\/www.sweethome3d.com\/viewHome.jsp?id=1\" target=\"_blank\" rel=\"noopener\">p\u00e9ld\u00e1ban<\/a>, amely a <em>SweetHome3DExample3.sh3d<\/em> f\u00e1jlt mutatja be a <a href=\"https:\/\/wp-test-1.sweethome3d.eu\/hu\/gallery\/\" data-type=\"page\" data-id=\"400\">gal\u00e9ri\u00e1ban<\/a>.<br\/>Ha haszn\u00e1lni szeretn\u00e9d az export\u00e1lt otthonok kezel\u0151j\u00e9t, <a href=\"https:\/\/www.sweethome3d.com\/support\/forum\/registermember\" target=\"_blank\" rel=\"noopener\"><strong>regisztr\u00e1lj<\/strong><\/a> el\u0151sz\u00f6r ingyenesen a Sweet Home 3D szolg\u00e1ltat\u00e1saira, majd <a href=\"https:\/\/www.sweethome3d.com\/support\/forum\/login?url=https%3A%2F%2Fwww.sweethome3d.com%2FexportHomes.jsp&amp;forumLogin=false&amp;lang=en\" target=\"_blank\" rel=\"noopener\"><strong>jelentkezz be<\/strong><\/a>.<br\/><\/p>\n<div class=\"wp-block-image\">\n<figure class=\"aligncenter size-full\"><img loading=\"lazy\" decoding=\"async\" width=\"600\" height=\"406\" src=\"https:\/\/wp-test-1.sweethome3d.eu\/wp-content\/uploads\/2025\/10\/viewSweetHome3DExample3.jpg\" alt=\"Export&#xE1;lt otthonok kezel&#x151;je\" class=\"wp-image-4978\" srcset=\"https:\/\/wp-test-1.sweethome3d.eu\/wp-content\/uploads\/2025\/10\/viewSweetHome3DExample3.jpg 600w, https:\/\/wp-test-1.sweethome3d.eu\/wp-content\/uploads\/2025\/10\/viewSweetHome3DExample3-360x244.jpg 360w, https:\/\/wp-test-1.sweethome3d.eu\/wp-content\/uploads\/2025\/10\/viewSweetHome3DExample3-192x130.jpg 192w, https:\/\/wp-test-1.sweethome3d.eu\/wp-content\/uploads\/2025\/10\/viewSweetHome3DExample3-400x271.jpg 400w\" sizes=\"auto, (max-width: 600px) 100vw, 600px\" \/><\/figure>\n<\/div>","protected":false},"excerpt":{"rendered":"<p>Az Export\u00e1l\u00e1s HTML5 be\u00e9p\u00fcl\u0151 modulba alapjain ez a szolg\u00e1ltat\u00e1s lehet\u0151v\u00e9 teszi a regisztr\u00e1lt felhaszn\u00e1l\u00f3k sz\u00e1m\u00e1ra, hogy felt\u00f6lts\u00e9k Sweet Home 3D f\u00e1jljaikat erre a webszerverre, \u00e9s 3D-ben megtekinthess\u00e9k \u0151ket b\u00e1rmely WebGL-kompatibilis b\u00f6ng\u00e9sz\u0151vel, mint az al\u00e1bbi k\u00e9perny\u0151felv\u00e9telen l\u00e1that\u00f3 p\u00e9ld\u00e1ban, amely a SweetHome3DExample3.sh3d f\u00e1jlt mutatja be a gal\u00e9ri\u00e1ban.Ha haszn\u00e1lni szeretn\u00e9d az export\u00e1lt otthonok kezel\u0151j\u00e9t, regisztr\u00e1lj el\u0151sz\u00f6r ingyenesen a [&hellip;]<\/p>\n","protected":false},"author":3,"featured_media":9819,"parent":0,"menu_order":0,"comment_status":"closed","ping_status":"closed","template":"","meta":{"inline_featured_image":false,"footnotes":""},"class_list":["post-9820","page","type-page","status-publish","has-post-thumbnail","hentry"],"_links":{"self":[{"href":"https:\/\/wp-test-1.sweethome3d.eu\/hu\/wp-json\/wp\/v2\/pages\/9820","targetHints":{"allow":["GET"]}}],"collection":[{"href":"https:\/\/wp-test-1.sweethome3d.eu\/hu\/wp-json\/wp\/v2\/pages"}],"about":[{"href":"https:\/\/wp-test-1.sweethome3d.eu\/hu\/wp-json\/wp\/v2\/types\/page"}],"author":[{"embeddable":true,"href":"https:\/\/wp-test-1.sweethome3d.eu\/hu\/wp-json\/wp\/v2\/users\/3"}],"replies":[{"embeddable":true,"href":"https:\/\/wp-test-1.sweethome3d.eu\/hu\/wp-json\/wp\/v2\/comments?post=9820"}],"version-history":[{"count":1,"href":"https:\/\/wp-test-1.sweethome3d.eu\/hu\/wp-json\/wp\/v2\/pages\/9820\/revisions"}],"predecessor-version":[{"id":9821,"href":"https:\/\/wp-test-1.sweethome3d.eu\/hu\/wp-json\/wp\/v2\/pages\/9820\/revisions\/9821"}],"wp:featuredmedia":[{"embeddable":true,"href":"https:\/\/wp-test-1.sweethome3d.eu\/hu\/wp-json\/wp\/v2\/media\/9819"}],"wp:attachment":[{"href":"https:\/\/wp-test-1.sweethome3d.eu\/hu\/wp-json\/wp\/v2\/media?parent=9820"}],"curies":[{"name":"wp","href":"https:\/\/api.w.org\/{rel}","templated":true}]}}