{"id":8648,"date":"2025-09-18T11:52:42","date_gmt":"2025-09-18T11:52:42","guid":{"rendered":"https:\/\/wp-test-1.sweethome3d.eu\/functies-van-sweet-home-3d\/"},"modified":"2025-11-03T16:35:58","modified_gmt":"2025-11-03T16:35:58","slug":"functies-van-sweet-home-3d","status":"publish","type":"page","link":"https:\/\/wp-test-1.sweethome3d.eu\/nl\/functies-van-sweet-home-3d\/","title":{"rendered":"Functies van Sweet Home 3D"},"content":{"rendered":"<h2 class=\"wp-block-heading has-text-align-center\" id=\"ontdek-de-belangrijkste-functies-van-sweet-home-3d\">Ontdek de belangrijkste functies van Sweet Home 3D<\/h2>\n<p class=\"has-text-align-center\">Ontdek de belangrijkste functies van <strong><a href=\"https:\/\/wp-test-1.sweethome3d.eu\/nl\/download\/\" data-type=\"page\" data-id=\"396\">Sweet Home 3D<\/a><\/strong>,<br\/>een gratis interieurontwerp applicatie beschikbaar op <a href=\"https:\/\/www.sweethome3d.com\/\" target=\"_blank\" rel=\"noopener\">https:\/\/www.sweethome3d.com<\/a>.<\/p>\n\n<p class=\"has-text-align-center\">Sweet Home 3D is een krachtige en gebruiksvriendelijke interieurontwerp software die je helpt bij het maken van gedetailleerde plattegronden en stijlvolle interieuridee\u00ebn met gemak. Of je nu een professionele interieurontwerper bent of gewoon wat kameridee\u00ebn wilt uitproberen, deze tool heeft alle functies om je te helpen bij het effici\u00ebnt ontwerpen van woningindelingen. <\/p>\n<div class=\"wp-block-image\">\n<figure class=\"aligncenter size-full\"><img loading=\"lazy\" decoding=\"async\" width=\"393\" height=\"266\" src=\"https:\/\/wp-test-1.sweethome3d.eu\/wp-content\/uploads\/2025\/09\/SweetHome3DSmall.jpg\" alt=\"Sweet Home 3D Functies\" class=\"wp-image-501\" srcset=\"https:\/\/wp-test-1.sweethome3d.eu\/wp-content\/uploads\/2025\/09\/SweetHome3DSmall.jpg 393w, https:\/\/wp-test-1.sweethome3d.eu\/wp-content\/uploads\/2025\/09\/SweetHome3DSmall-192x130.jpg 192w, https:\/\/wp-test-1.sweethome3d.eu\/wp-content\/uploads\/2025\/09\/SweetHome3DSmall-360x244.jpg 360w, https:\/\/wp-test-1.sweethome3d.eu\/wp-content\/uploads\/2025\/09\/SweetHome3DSmall-133x90.jpg 133w\" sizes=\"auto, (max-width: 393px) 100vw, 393px\" \/><\/figure>\n<\/div>\n<div style=\"height:50px\" aria-hidden=\"true\" class=\"wp-block-spacer\"><\/div>\n<h3 class=\"wp-block-heading has-text-align-center\" id=\"teken-muren-en-maak-nauwkeurige-plattegronden\">Teken muren en maak nauwkeurige plattegronden<\/h3>\n<hr class=\"wp-block-separator has-alpha-channel-opacity is-style-default\"\/>\n\n<div class=\"wp-block-group is-nowrap is-layout-flex wp-container-core-group-is-layout-ad2f72ca wp-block-group-is-layout-flex\">\n<div class=\"wp-block-group is-nowrap is-layout-flex wp-container-core-group-is-layout-ad2f72ca wp-block-group-is-layout-flex\">\n<p><strong>Teken <\/strong>rechte, ronde of schuine <strong><a href=\"https:\/\/wp-test-1.sweethome3d.eu\/nl\/sweet-home-3d-gebruikershandleiding\/#drawing-walls\" data-type=\"link\" data-id=\"https:\/\/wp-test-1.sweethome3d.eu\/users-guide\/#drawing-walls\">muren<\/a><\/strong> met precieze afmetingen met behulp van de muis of het toetsenbord.<\/p>\n<\/div>\n\n\n\n<figure class=\"wp-block-image size-full is-resized\"><img loading=\"lazy\" decoding=\"async\" width=\"275\" height=\"100\" src=\"https:\/\/wp-test-1.sweethome3d.eu\/wp-content\/uploads\/2025\/09\/drawWalls.png\" alt=\"\" class=\"wp-image-504\" style=\"width:275px\" srcset=\"https:\/\/wp-test-1.sweethome3d.eu\/wp-content\/uploads\/2025\/09\/drawWalls.png 275w, https:\/\/wp-test-1.sweethome3d.eu\/wp-content\/uploads\/2025\/09\/drawWalls-248x90.png 248w\" sizes=\"auto, (max-width: 275px) 100vw, 275px\" \/><\/figure>\n<\/div>\n\n<hr class=\"wp-block-separator has-alpha-channel-opacity\"\/>\n\n<div class=\"wp-block-group is-nowrap is-layout-flex wp-container-core-group-is-layout-ad2f72ca wp-block-group-is-layout-flex\">\n<figure class=\"wp-block-image size-full is-resized\"><img loading=\"lazy\" decoding=\"async\" width=\"275\" height=\"100\" src=\"https:\/\/wp-test-1.sweethome3d.eu\/wp-content\/uploads\/2025\/09\/annotate.png\" alt=\"\" class=\"wp-image-505\" style=\"width:275px\" srcset=\"https:\/\/wp-test-1.sweethome3d.eu\/wp-content\/uploads\/2025\/09\/annotate.png 275w, https:\/\/wp-test-1.sweethome3d.eu\/wp-content\/uploads\/2025\/09\/annotate-248x90.png 248w\" sizes=\"auto, (max-width: 275px) 100vw, 275px\" \/><\/figure>\n\n\n\n<p><strong>Voorzie de plattegrond van aantekeningen <\/strong>met <a href=\"https:\/\/wp-test-1.sweethome3d.eu\/nl\/sweet-home-3d-gebruikershandleiding\/#drawing-rooms\" data-type=\"link\" data-id=\"https:\/\/wp-test-1.sweethome3d.eu\/users-guide\/#drawing-rooms\">kameroppervlaktes<\/a>, <a href=\"https:\/\/wp-test-1.sweethome3d.eu\/nl\/sweet-home-3d-gebruikershandleiding\/#drawing-dimensions\">maatlijnen<\/a>, <a href=\"https:\/\/wp-test-1.sweethome3d.eu\/nl\/sweet-home-3d-gebruikershandleiding\/#adding-texts\" data-type=\"link\" data-id=\"https:\/\/wp-test-1.sweethome3d.eu\/users-guide\/#adding-texts\">teksten<\/a>, pijlen en toon de noordrichting met een kompasroos.<\/p>\n<\/div>\n<h3 class=\"wp-block-heading has-text-align-center\" id=\"voeg-deuren-ramen-meubels-toe-en-pas-elke-kamer-aan\">Voeg deuren, ramen, meubels toe en pas elke kamer aan<\/h3>\n<hr class=\"wp-block-separator has-alpha-channel-opacity\"\/>\n\n<div class=\"wp-block-group is-nowrap is-layout-flex wp-container-core-group-is-layout-ad2f72ca wp-block-group-is-layout-flex\">\n<p><strong>Voeg <a href=\"https:\/\/wp-test-1.sweethome3d.eu\/nl\/sweet-home-3d-gebruikershandleiding\/#adding-doors-windows-and-furniture\">deuren en ramen<\/a><\/strong> toe aan muren door ze in de plattegrond te slepen, en laat <a href=\"https:\/\/wp-test-1.sweethome3d.eu\/nl\/download\/\" data-type=\"page\" data-id=\"396\">Sweet Home 3D<\/a> de openingen in de muren berekenen<\/p>\n\n\n\n<figure class=\"wp-block-image size-full is-resized\"><img loading=\"lazy\" decoding=\"async\" width=\"275\" height=\"100\" src=\"https:\/\/wp-test-1.sweethome3d.eu\/wp-content\/uploads\/2025\/09\/insertDoors.png\" alt=\"\" class=\"wp-image-506\" style=\"width:275px\" srcset=\"https:\/\/wp-test-1.sweethome3d.eu\/wp-content\/uploads\/2025\/09\/insertDoors.png 275w, https:\/\/wp-test-1.sweethome3d.eu\/wp-content\/uploads\/2025\/09\/insertDoors-248x90.png 248w\" sizes=\"auto, (max-width: 275px) 100vw, 275px\" \/><\/figure>\n<\/div>\n\n<hr class=\"wp-block-separator has-alpha-channel-opacity\"\/>\n\n<div class=\"wp-block-group is-nowrap is-layout-flex wp-container-core-group-is-layout-ad2f72ca wp-block-group-is-layout-flex\">\n<figure class=\"wp-block-image size-full is-resized\"><img loading=\"lazy\" decoding=\"async\" width=\"275\" height=\"100\" src=\"https:\/\/wp-test-1.sweethome3d.eu\/wp-content\/uploads\/2025\/09\/addFurniture.png\" alt=\"\" class=\"wp-image-507\" style=\"width:275px\" srcset=\"https:\/\/wp-test-1.sweethome3d.eu\/wp-content\/uploads\/2025\/09\/addFurniture.png 275w, https:\/\/wp-test-1.sweethome3d.eu\/wp-content\/uploads\/2025\/09\/addFurniture-248x90.png 248w\" sizes=\"auto, (max-width: 275px) 100vw, 275px\" \/><\/figure>\n\n\n\n<p><strong><a href=\"https:\/\/wp-test-1.sweethome3d.eu\/nl\/sweet-home-3d-gebruikershandleiding\/#adding-doors-windows-and-furniture\">Voeg meubels<\/a><\/strong> toe aan de plattegrond uit een doorzoekbare en uitbreidbare catalogus, georganiseerd in categorie\u00ebn zoals keuken, woonkamer, slaapkamer, badkamer&#8230;<\/p>\n<\/div>\n\n<hr class=\"wp-block-separator has-alpha-channel-opacity\"\/>\n\n<div class=\"wp-block-group is-nowrap is-layout-flex wp-container-core-group-is-layout-ad2f72ca wp-block-group-is-layout-flex\">\n<p><strong><a href=\"https:\/\/wp-test-1.sweethome3d.eu\/nl\/sweet-home-3d-gebruikershandleiding\/#adding-doors-windows-and-furniture\">Verander kleur<\/a>, textuur<\/strong>, grootte, dikte, locatie en ori\u00ebntatie van meubels, muren, vloeren en plafonds.<\/p>\n\n\n\n<figure class=\"wp-block-image size-full is-resized\"><img loading=\"lazy\" decoding=\"async\" width=\"275\" height=\"100\" src=\"https:\/\/wp-test-1.sweethome3d.eu\/wp-content\/uploads\/2025\/09\/changeTexture.png\" alt=\"\" class=\"wp-image-508\" style=\"width:275px\" srcset=\"https:\/\/wp-test-1.sweethome3d.eu\/wp-content\/uploads\/2025\/09\/changeTexture.png 275w, https:\/\/wp-test-1.sweethome3d.eu\/wp-content\/uploads\/2025\/09\/changeTexture-248x90.png 248w\" sizes=\"auto, (max-width: 275px) 100vw, 275px\" \/><\/figure>\n<\/div>\n<h3 class=\"wp-block-heading has-text-align-center\" id=\"bekijk-ontwerpen-in-2d-en-3d\">Bekijk ontwerpen in 2D en 3D<\/h3>\n<hr class=\"wp-block-separator has-alpha-channel-opacity\"\/>\n\n<div class=\"wp-block-group is-nowrap is-layout-flex wp-container-core-group-is-layout-ad2f72ca wp-block-group-is-layout-flex\">\n<figure class=\"wp-block-image size-full is-resized\"><img loading=\"lazy\" decoding=\"async\" width=\"275\" height=\"100\" src=\"https:\/\/wp-test-1.sweethome3d.eu\/wp-content\/uploads\/2025\/09\/view3D.png\" alt=\"\" class=\"wp-image-509\" style=\"width:275px\" srcset=\"https:\/\/wp-test-1.sweethome3d.eu\/wp-content\/uploads\/2025\/09\/view3D.png 275w, https:\/\/wp-test-1.sweethome3d.eu\/wp-content\/uploads\/2025\/09\/view3D-248x90.png 248w\" sizes=\"auto, (max-width: 275px) 100vw, 275px\" \/><\/figure>\n\n\n\n<p>Terwijl je het huis in 2D ontwerpt, kun je het <strong>gelijktijdig<\/strong> <strong><a href=\"https:\/\/wp-test-1.sweethome3d.eu\/nl\/sweet-home-3d-gebruikershandleiding\/#editing-3d-view\">in 3D bekijken<\/a><\/strong> vanuit een vogelperspectief, of er doorheen navigeren vanuit het perspectief van een virtuele bezoeker.<\/p>\n<\/div>\n\n<hr class=\"wp-block-separator has-alpha-channel-opacity\"\/>\n\n<div class=\"wp-block-group is-nowrap is-layout-flex wp-container-core-group-is-layout-ad2f72ca wp-block-group-is-layout-flex\">\n<p><strong>Maak fotorealistische <a href=\"https:\/\/wp-test-1.sweethome3d.eu\/nl\/sweet-home-3d-gebruikershandleiding\/#creating-photos-of-the-3d-view\">afbeeldingen<\/a><\/strong> <strong>en <a href=\"https:\/\/wp-test-1.sweethome3d.eu\/nl\/sweet-home-3d-gebruikershandleiding\/#creating-3d-videos\">video&#8217;s<\/a><\/strong> met de mogelijkheid om verlichting aan te passen en het effect van zonlicht te regelen op basis van het tijdstip van de dag en de geografische locatie.<\/p>\n\n\n\n<figure class=\"wp-block-image size-full is-resized\"><img loading=\"lazy\" decoding=\"async\" width=\"275\" height=\"100\" src=\"https:\/\/wp-test-1.sweethome3d.eu\/wp-content\/uploads\/2025\/09\/createPhoto.jpg\" alt=\"\" class=\"wp-image-510\" style=\"width:275px\" srcset=\"https:\/\/wp-test-1.sweethome3d.eu\/wp-content\/uploads\/2025\/09\/createPhoto.jpg 275w, https:\/\/wp-test-1.sweethome3d.eu\/wp-content\/uploads\/2025\/09\/createPhoto-248x90.jpg 248w\" sizes=\"auto, (max-width: 275px) 100vw, 275px\" \/><\/figure>\n<\/div>\n<h3 class=\"wp-block-heading has-text-align-center\" id=\"importeren-amp-exporteren\">Importeren &amp; exporteren<\/h3>\n<hr class=\"wp-block-separator has-alpha-channel-opacity\"\/>\n\n<div class=\"wp-block-group is-nowrap is-layout-flex wp-container-core-group-is-layout-ad2f72ca wp-block-group-is-layout-flex\">\n<figure class=\"wp-block-image size-full is-resized\"><img loading=\"lazy\" decoding=\"async\" width=\"275\" height=\"100\" src=\"https:\/\/wp-test-1.sweethome3d.eu\/wp-content\/uploads\/2025\/09\/importFurniture.png\" alt=\"\" class=\"wp-image-511\" style=\"width:275px\" srcset=\"https:\/\/wp-test-1.sweethome3d.eu\/wp-content\/uploads\/2025\/09\/importFurniture.png 275w, https:\/\/wp-test-1.sweethome3d.eu\/wp-content\/uploads\/2025\/09\/importFurniture-248x90.png 248w\" sizes=\"auto, (max-width: 275px) 100vw, 275px\" \/><\/figure>\n\n\n\n<p><a href=\"https:\/\/wp-test-1.sweethome3d.eu\/nl\/sweet-home-3d-gebruikershandleiding\/#importing-home-blueprint\"><strong>Importeer<\/strong> huisplattegronden<\/a> om <a href=\"https:\/\/wp-test-1.sweethome3d.eu\/nl\/sweet-home-3d-gebruikershandleiding\/#drawing-walls\" data-type=\"link\" data-id=\"https:\/\/wp-test-1.sweethome3d.eu\/users-guide\/#drawing-walls\">muren op te tekenen<\/a>, <a href=\"https:\/\/wp-test-1.sweethome3d.eu\/nl\/modellen-importeren-in-sweet-home-3d-voeg-aangepast-3d-meubilair-en-objecten-toe\/\" data-type=\"page\" data-id=\"432\">3D-modellen<\/a> om de standaardcatalogus aan te vullen, en <a href=\"https:\/\/wp-test-1.sweethome3d.eu\/nl\/texturen-importeren\/\" data-type=\"page\" data-id=\"4928\">texturen<\/a> om oppervlakken aan te passen.<\/p>\n<\/div>\n\n<hr class=\"wp-block-separator has-alpha-channel-opacity\"\/>\n\n<div class=\"wp-block-group is-nowrap is-layout-flex wp-container-core-group-is-layout-ad2f72ca wp-block-group-is-layout-flex\">\n<p><strong>Print en exporteer<\/strong> PDF&#8217;s, bitmap- of vectorafbeeldingen, video&#8217;s en 3D-bestanden in standaard bestandsformaten.<\/p>\n\n\n\n<figure class=\"wp-block-image size-full is-resized\"><img loading=\"lazy\" decoding=\"async\" width=\"275\" height=\"71\" src=\"https:\/\/wp-test-1.sweethome3d.eu\/wp-content\/uploads\/2025\/09\/export.png\" alt=\"\" class=\"wp-image-512\" style=\"width:275px\"\/><\/figure>\n<\/div>\n<h3 class=\"wp-block-heading has-text-align-center\" id=\"overige-info\">Overige info<\/h3>\n<hr class=\"wp-block-separator has-alpha-channel-opacity\"\/>\n\n<div class=\"wp-block-group is-nowrap is-layout-flex wp-container-core-group-is-layout-ad2f72ca wp-block-group-is-layout-flex\">\n<figure class=\"wp-block-image size-full is-resized\"><img loading=\"lazy\" decoding=\"async\" width=\"275\" height=\"100\" src=\"https:\/\/wp-test-1.sweethome3d.eu\/wp-content\/uploads\/2025\/09\/extend.png\" alt=\"\" class=\"wp-image-513\" style=\"width:275px\" srcset=\"https:\/\/wp-test-1.sweethome3d.eu\/wp-content\/uploads\/2025\/09\/extend.png 275w, https:\/\/wp-test-1.sweethome3d.eu\/wp-content\/uploads\/2025\/09\/extend-248x90.png 248w\" sizes=\"auto, (max-width: 275px) 100vw, 275px\" \/><\/figure>\n\n\n\n<p><strong>Breid de functies<\/strong> van Sweet Home 3D uit met <a href=\"https:\/\/wp-test-1.sweethome3d.eu\/plug-in-developers-guide\/\" data-type=\"page\" data-id=\"4964\">plug-ins<\/a> geprogrammeerd in Java, of door een afgeleide versie te <a href=\"https:\/\/wp-test-1.sweethome3d.eu\/nl\/documentatie\/#developers-guides\" data-type=\"link\" data-id=\"https:\/\/wp-test-1.sweethome3d.eu\/documentation\/#developers-guides\">ontwikkelen<\/a> op basis van de Model View Controller architectuur.<\/p>\n<\/div>\n\n<hr class=\"wp-block-separator has-alpha-channel-opacity\"\/>\n\n<div class=\"wp-block-group is-nowrap is-layout-flex wp-container-core-group-is-layout-ad2f72ca wp-block-group-is-layout-flex\">\n<p><strong>Kies de taal<\/strong> waarin de gebruikersinterface van Sweet Home 3D en de uitgebreide help worden weergegeven uit <a href=\"https:\/\/wp-test-1.sweethome3d.eu\/nl\/vertalingen\/\" type=\"page\" id=\"439\" class=\"broken_link\">29 talen<\/a>.<\/p>\n\n\n\n<figure class=\"wp-block-image size-full is-resized\"><img loading=\"lazy\" decoding=\"async\" width=\"275\" height=\"38\" src=\"https:\/\/wp-test-1.sweethome3d.eu\/wp-content\/uploads\/2025\/09\/chooseLanguage.png\" alt=\"\" class=\"wp-image-514\" style=\"width:275px\"\/><\/figure>\n<\/div>\n\n<hr class=\"wp-block-separator has-alpha-channel-opacity\"\/>\n\n<div class=\"wp-block-group is-nowrap is-layout-flex wp-container-core-group-is-layout-ad2f72ca wp-block-group-is-layout-flex\">\n<figure class=\"wp-block-image size-full is-resized\"><img loading=\"lazy\" decoding=\"async\" width=\"275\" height=\"100\" src=\"https:\/\/wp-test-1.sweethome3d.eu\/wp-content\/uploads\/2025\/09\/run.png\" alt=\"\" class=\"wp-image-515\" style=\"width:275px\" srcset=\"https:\/\/wp-test-1.sweethome3d.eu\/wp-content\/uploads\/2025\/09\/run.png 275w, https:\/\/wp-test-1.sweethome3d.eu\/wp-content\/uploads\/2025\/09\/run-248x90.png 248w\" sizes=\"auto, (max-width: 275px) 100vw, 275px\" \/><\/figure>\n\n\n\n<p><strong><a href=\"https:\/\/wp-test-1.sweethome3d.eu\/nl\/download\/\" data-type=\"page\" data-id=\"396\">Download<\/a><\/strong> Sweet Home 3D om het offline te <strong>gebruiken<\/strong> op Windows, macOS, Linux, iOS en Android, of gebruik de <strong><a href=\"https:\/\/wp-test-1.sweethome3d.eu\/nl\/sweet-home-3d-online-manager\/\" data-type=\"page\" data-id=\"398\">Online<\/a><\/strong> versie vanuit elke browser die WebGL ondersteunt.<\/p>\n<\/div>\n\n<hr class=\"wp-block-separator has-alpha-channel-opacity\"\/>\n\n<div class=\"wp-block-group is-nowrap is-layout-flex wp-container-core-group-is-layout-ad2f72ca wp-block-group-is-layout-flex\">\n<p><strong>Ontwerp <\/strong>huisplattegronden <strong>gratis<\/strong> met Sweet Home 3D, verspreid onder de <a href=\"https:\/\/www.gnu.org\/licenses\/gpl-2.0.txt\" data-type=\"link\" data-id=\"https:\/\/www.gnu.org\/licenses\/gpl-2.0.txt\" target=\"_blank\" rel=\"noopener\">GNU General Public License<\/a>, zelfs voor commerci\u00eble doeleinden.<\/p>\n\n\n\n<figure class=\"wp-block-image size-full\"><img loading=\"lazy\" decoding=\"async\" width=\"134\" height=\"55\" src=\"https:\/\/wp-test-1.sweethome3d.eu\/wp-content\/uploads\/2025\/09\/gpl.png\" alt=\"\" class=\"wp-image-516\" style=\"object-fit:cover\"\/><\/figure>\n<\/div>\n","protected":false},"excerpt":{"rendered":"<p>Ontdek de belangrijkste functies van Sweet Home 3D Ontdek de belangrijkste functies van Sweet Home 3D,een gratis interieurontwerp applicatie beschikbaar op https:\/\/www.sweethome3d.com. Sweet Home 3D is een krachtige en gebruiksvriendelijke interieurontwerp software die je helpt bij het maken van gedetailleerde plattegronden en stijlvolle interieuridee\u00ebn met gemak. Of je nu een professionele interieurontwerper bent of gewoon [&hellip;]<\/p>\n","protected":false},"author":2,"featured_media":8634,"parent":0,"menu_order":0,"comment_status":"closed","ping_status":"closed","template":"","meta":{"inline_featured_image":false,"footnotes":""},"class_list":["post-8648","page","type-page","status-publish","has-post-thumbnail","hentry"],"_links":{"self":[{"href":"https:\/\/wp-test-1.sweethome3d.eu\/nl\/wp-json\/wp\/v2\/pages\/8648","targetHints":{"allow":["GET"]}}],"collection":[{"href":"https:\/\/wp-test-1.sweethome3d.eu\/nl\/wp-json\/wp\/v2\/pages"}],"about":[{"href":"https:\/\/wp-test-1.sweethome3d.eu\/nl\/wp-json\/wp\/v2\/types\/page"}],"author":[{"embeddable":true,"href":"https:\/\/wp-test-1.sweethome3d.eu\/nl\/wp-json\/wp\/v2\/users\/2"}],"replies":[{"embeddable":true,"href":"https:\/\/wp-test-1.sweethome3d.eu\/nl\/wp-json\/wp\/v2\/comments?post=8648"}],"version-history":[{"count":5,"href":"https:\/\/wp-test-1.sweethome3d.eu\/nl\/wp-json\/wp\/v2\/pages\/8648\/revisions"}],"predecessor-version":[{"id":11597,"href":"https:\/\/wp-test-1.sweethome3d.eu\/nl\/wp-json\/wp\/v2\/pages\/8648\/revisions\/11597"}],"wp:featuredmedia":[{"embeddable":true,"href":"https:\/\/wp-test-1.sweethome3d.eu\/nl\/wp-json\/wp\/v2\/media\/8634"}],"wp:attachment":[{"href":"https:\/\/wp-test-1.sweethome3d.eu\/nl\/wp-json\/wp\/v2\/media?parent=8648"}],"curies":[{"name":"wp","href":"https:\/\/api.w.org\/{rel}","templated":true}]}}