{"id":10355,"date":"2025-09-18T11:53:26","date_gmt":"2025-09-18T11:53:26","guid":{"rendered":"https:\/\/wp-test-1.sweethome3d.eu\/wskazowki-i-porady\/"},"modified":"2025-10-31T10:19:14","modified_gmt":"2025-10-31T10:19:14","slug":"wskazowki-i-porady","status":"publish","type":"page","link":"https:\/\/wp-test-1.sweethome3d.eu\/pl\/wskazowki-i-porady\/","title":{"rendered":"Wskaz\u00f3wki i porady"},"content":{"rendered":"\n<p class=\"has-text-align-center\">Ta strona zawiera wskaz\u00f3wki dotycz\u0105ce <a href=\"\/\">Sweet Home 3D<\/a> opublikowane na <a href=\"https:\/\/wp-test-1.sweethome3d.eu\/blog\/\" data-type=\"page\" data-id=\"280\">blogu<\/a> i na <a href=\"https:\/\/www.youtube.com\/SweetHome3D\" target=\"_blank\" rel=\"noopener\">kanale YouTube Sweet Home 3D<\/a>.<\/p>\n\n\n\n<figure class=\"wp-block-flexible-table-block-table is-content-justification-center\"><table class=\"has-fixed-layout\" style=\"margin-top:30px\"><thead><tr><td style=\"text-align:center\">Wskaz\u00f3wki na YouTube<\/td><\/tr><\/thead><tbody><tr><td style=\"text-align:center\"><p style=\"margin-top:5px; margin-bottom:5px\"><a href=\"https:\/\/www.youtube.com\/watch?v=C7Vk5Ho0CeU\" target=\"_blank\" rel=\"noopener\">Jak tworzy\u0107 i edytowa\u0107 atrakcyjne filmy<\/a><\/p>\n\t\t    <iframe loading=\"lazy\" src=\"https:\/\/www.youtube.com\/embed\/C7Vk5Ho0CeU\" width=\"640\" height=\"360\" frameborder=\"0\" allow=\"encrypted-media\" class=\"_iub_cs_activate _iub_cs_activate-activated\" data-iub-purposes=\"3\" data-cmp-info=\"8\" async=\"false\" data-cmp-ab=\"2\"><\/iframe><\/td><\/tr><tr><td style=\"text-align:center\"><p style=\"margin-top:5px; margin-bottom:5px\"><a href=\"https:\/\/www.youtube.com\/watch?v=n2_yg-v9Xfo\" target=\"_blank\" rel=\"noopener\">Jak dostosowywa\u0107 meble<\/a><\/p>\n\t\t    <iframe loading=\"lazy\" src=\"https:\/\/www.youtube.com\/embed\/n2_yg-v9Xfo\" width=\"640\" height=\"360\" frameborder=\"0\" allow=\"encrypted-media\" class=\"_iub_cs_activate _iub_cs_activate-activated\" data-iub-purposes=\"3\" data-cmp-info=\"8\" async=\"false\" data-cmp-ab=\"2\"><\/iframe><\/td><\/tr><tr><td style=\"text-align:center\"><p style=\"margin-top:5px; margin-bottom:5px\"><a href=\"https:\/\/www.youtube.com\/watch?v=5VrmOeQC934\" target=\"_blank\" rel=\"noopener\">Jak u\u017cywa\u0107 poziom\u00f3w jako warstw<\/a><\/p>\n\t\t    <iframe loading=\"lazy\" src=\"https:\/\/www.youtube.com\/embed\/5VrmOeQC934\" width=\"640\" height=\"360\" frameborder=\"0\" allow=\"encrypted-media\" class=\"_iub_cs_activate _iub_cs_activate-activated\" data-iub-purposes=\"3\" data-cmp-info=\"8\" async=\"false\" data-cmp-ab=\"2\"><\/iframe><\/td><\/tr><tr><td style=\"text-align:center\"><p style=\"margin-top:5px; margin-bottom:5px\"><a href=\"https:\/\/www.youtube.com\/watch?v=Xe06RG_sn2Q\" target=\"_blank\" rel=\"noopener\">Jak dostosowywa\u0107 manekiny<\/a><\/p>\n\t\t    <iframe loading=\"lazy\" src=\"https:\/\/www.youtube.com\/embed\/Xe06RG_sn2Q\" width=\"640\" height=\"360\" frameborder=\"0\" allow=\"encrypted-media\" class=\"_iub_cs_activate _iub_cs_activate-activated\" data-iub-purposes=\"3\" data-cmp-info=\"8\" async=\"false\" data-cmp-ab=\"2\"><\/iframe><\/td><\/tr><tr><td style=\"text-align:center\"><p style=\"margin-top:5px; margin-bottom:5px\"><a href=\"https:\/\/www.youtube.com\/watch?v=07GjTQK8ZN0\" target=\"_blank\" rel=\"noopener\">Jak szybko zaprojektowa\u0107 otoczenie domu<\/a><\/p>\n\t\t    <iframe loading=\"lazy\" src=\"https:\/\/www.youtube.com\/embed\/07GjTQK8ZN0\" width=\"640\" height=\"360\" frameborder=\"0\" allow=\"encrypted-media\" class=\"_iub_cs_activate _iub_cs_activate-activated\" data-iub-purposes=\"3\" data-cmp-info=\"8\" async=\"false\" data-cmp-ab=\"2\"><\/iframe><\/td><\/tr><tr><td style=\"text-align:center\"><p style=\"margin-top:5px; margin-bottom:5px\"><a href=\"https:\/\/www.youtube.com\/watch?v=D5xEznLTGFQ\" target=\"_blank\" rel=\"noopener\">Jak kontrolowa\u0107 przyci\u0105ganie magnetyczne<\/a><\/p>\n\t\t    <iframe loading=\"lazy\" src=\"https:\/\/www.youtube.com\/embed\/D5xEznLTGFQ\" width=\"640\" height=\"360\" frameborder=\"0\" allow=\"encrypted-media\" class=\"_iub_cs_activate _iub_cs_activate-activated\" data-iub-purposes=\"3\" data-cmp-info=\"8\" async=\"false\" data-cmp-ab=\"2\"><\/iframe><\/td><\/tr><tr><td style=\"text-align:center\"><p style=\"margin-top:5px; margin-bottom:5px\"><a href=\"https:\/\/www.youtube.com\/watch?v=GaG9Krjb_6Q\" target=\"_blank\" rel=\"noopener\">Jak tworzy\u0107 atrakcyjne renderingi zdj\u0119\u0107<\/a><\/p>\n\t\t    <iframe loading=\"lazy\" src=\"https:\/\/www.youtube.com\/embed\/GaG9Krjb_6Q\" width=\"640\" height=\"360\" frameborder=\"0\" allow=\"encrypted-media\" class=\"_iub_cs_activate _iub_cs_activate-activated\" data-iub-purposes=\"3\" data-cmp-info=\"8\" async=\"false\" data-cmp-ab=\"2\"><\/iframe><\/td><\/tr><tr><td style=\"text-align:center\"><p style=\"margin-top:5px; margin-bottom:5px\"><a href=\"https:\/\/www.youtube.com\/watch?v=b7tpTT5EMG0\" target=\"_blank\" rel=\"noopener\">Jak projektowa\u0107 pomieszczenia na podstawie ich wymiar\u00f3w wewn\u0119trznych<\/a><\/p>\n\t\t    <iframe loading=\"lazy\" src=\"https:\/\/www.youtube.com\/embed\/b7tpTT5EMG0\" width=\"640\" height=\"360\" frameborder=\"0\" allow=\"encrypted-media\" class=\"_iub_cs_activate _iub_cs_activate-activated\" data-iub-purposes=\"3\" data-cmp-info=\"8\" async=\"false\" data-cmp-ab=\"2\"><\/iframe><\/td><\/tr><tr><td style=\"text-align:center\"><p style=\"margin-top:5px; margin-bottom:5px\"><a href=\"https:\/\/www.youtube.com\/watch?v=-Jlk_4luBJs\" target=\"_blank\" rel=\"noopener\">Jak zaprojektowa\u0107 wielopoziomowy dom na zboczu<\/a><\/p>\n\t\t    <iframe loading=\"lazy\" src=\"https:\/\/www.youtube.com\/embed\/-Jlk_4luBJs\" width=\"640\" height=\"360\" frameborder=\"0\" allow=\"encrypted-media\" class=\"_iub_cs_activate _iub_cs_activate-activated\" data-iub-purposes=\"3\" data-cmp-info=\"8\" async=\"false\" data-cmp-ab=\"2\"><\/iframe><\/td><\/tr><tr><td style=\"text-align:center\"><p style=\"margin-top:5px; margin-bottom:5px\"><a href=\"https:\/\/www.youtube.com\/watch?v=-tDaB3D5E94\" target=\"_blank\" rel=\"noopener\">Jak wy\u015bwietla\u0107 i dostosowywa\u0107 tekstury<\/a><\/p>\n\t\t    <iframe loading=\"lazy\" src=\"https:\/\/www.youtube.com\/embed\/-tDaB3D5E94\" width=\"640\" height=\"360\" frameborder=\"0\" allow=\"encrypted-media\" class=\"_iub_cs_activate _iub_cs_activate-activated\" data-iub-purposes=\"3\" data-cmp-info=\"8\" async=\"false\" data-cmp-ab=\"2\"><\/iframe><\/td><\/tr><tr><td style=\"text-align:center\"><p style=\"margin-top:5px; margin-bottom:5px\"><a href=\"https:\/\/www.youtube.com\/watch?v=BP1m3XkIF2E\" target=\"_blank\" rel=\"noopener\">Jak zmieni\u0107 obraz w ramce<\/a><\/p>\n\t\t    <iframe loading=\"lazy\" src=\"https:\/\/www.youtube.com\/embed\/BP1m3XkIF2E\" width=\"640\" height=\"360\" frameborder=\"0\" allow=\"encrypted-media\" class=\"_iub_cs_activate _iub_cs_activate-activated\" data-iub-purposes=\"3\" data-cmp-info=\"8\" async=\"false\" data-cmp-ab=\"2\"><\/iframe><\/td><\/tr><\/tbody><\/table><\/figure>\n\n<p><\/p>\n","protected":false},"excerpt":{"rendered":"<p>Ta strona zawiera wskaz\u00f3wki dotycz\u0105ce Sweet Home 3D opublikowane na blogu i na kanale YouTube Sweet Home 3D.<\/p>\n","protected":false},"author":2,"featured_media":0,"parent":0,"menu_order":0,"comment_status":"closed","ping_status":"closed","template":"","meta":{"inline_featured_image":false,"footnotes":""},"class_list":["post-10355","page","type-page","status-publish","hentry"],"_links":{"self":[{"href":"https:\/\/wp-test-1.sweethome3d.eu\/pl\/wp-json\/wp\/v2\/pages\/10355","targetHints":{"allow":["GET"]}}],"collection":[{"href":"https:\/\/wp-test-1.sweethome3d.eu\/pl\/wp-json\/wp\/v2\/pages"}],"about":[{"href":"https:\/\/wp-test-1.sweethome3d.eu\/pl\/wp-json\/wp\/v2\/types\/page"}],"author":[{"embeddable":true,"href":"https:\/\/wp-test-1.sweethome3d.eu\/pl\/wp-json\/wp\/v2\/users\/2"}],"replies":[{"embeddable":true,"href":"https:\/\/wp-test-1.sweethome3d.eu\/pl\/wp-json\/wp\/v2\/comments?post=10355"}],"version-history":[{"count":1,"href":"https:\/\/wp-test-1.sweethome3d.eu\/pl\/wp-json\/wp\/v2\/pages\/10355\/revisions"}],"predecessor-version":[{"id":10356,"href":"https:\/\/wp-test-1.sweethome3d.eu\/pl\/wp-json\/wp\/v2\/pages\/10355\/revisions\/10356"}],"wp:attachment":[{"href":"https:\/\/wp-test-1.sweethome3d.eu\/pl\/wp-json\/wp\/v2\/media?parent=10355"}],"curies":[{"name":"wp","href":"https:\/\/api.w.org\/{rel}","templated":true}]}}