{"id":10757,"date":"2025-09-18T11:56:35","date_gmt":"2025-09-18T11:56:35","guid":{"rendered":"https:\/\/wp-test-1.sweethome3d.eu\/plugins-and-tools\/"},"modified":"2025-11-11T16:36:29","modified_gmt":"2025-11-11T16:36:29","slug":"plugins-and-tools","status":"publish","type":"page","link":"https:\/\/wp-test-1.sweethome3d.eu\/pl\/plugins-and-tools\/","title":{"rendered":"Plugins and Tools"},"content":{"rendered":"<ul class=\"simpletoc-list\">\n<li><a href=\"#wtyczki\">Wtyczki<\/a>\n\n<\/li>\n<li><a href=\"#narzedzia\">Narz\u0119dzia<\/a>\n<\/li><\/ul>\n<p class=\"has-text-align-center\">Ta strona opisuje g\u0142\u00f3wne wtyczki i inne narz\u0119dzia dost\u0119pne dla <a href=\"\/\">Sweet Home 3D<\/a>.<\/p>\n<h2 class=\"wp-block-heading\" id=\"wtyczki\"><img loading=\"lazy\" decoding=\"async\" width=\"16\" height=\"12\" src=\"https:\/\/www.sweethome3d.com\/images\/bullet.gif\">Wtyczki<\/h2>\n<p>Poni\u017csza tabela zawiera list\u0119 najbardziej interesuj\u0105cych wtyczek dostarczonych przez Space Mushrooms lub przez programist\u00f3w, kt\u00f3rzy zaproponowali je w systemie \u015bledzenia <a href=\"https:\/\/sourceforge.net\/p\/sweethome3d\/plug-ins\" target=\"_blank\" rel=\"noopener\">Wk\u0142adu Wtyczek<\/a>. Wtyczka proponuje dodatkowe funkcje w <g id=\"gid_1\">Sweet Home 3D<\/g> i mo\u017ce by\u0107 zainstalowana przez dwukrotne klikni\u0119cie na jej plik SH3P. W systemie Linux, je\u015bli to nie zadzia\u0142a, zainstaluj j\u0105 za pomoc\u0105 polecenia <em>Terminal<\/em><code><em>path<\/em>\/<em>to<\/em>\/<strong>SweetHome3D<\/strong> <em>path<\/em>\/<em>to<\/em>\/<em>plugin.sh3p<\/em><\/code> lub skopiuj plik SH3P do podfolderu <code>.eteks\/sweethome3d\/plugins<\/code> w twoim folderze u\u017cytkownika.  <\/p>\n\n<figure class=\"wp-block-flexible-table-block-table is-content-justification-center\"><table class=\"has-fixed-layout\"><thead><tr><th style=\"text-align:center\">Wtyczka<\/th><th style=\"text-align:center\">Dostawca<\/th><th style=\"text-align:center\">Wsparcie cofnij\/pon\u00f3w<\/th><th style=\"text-align:center\">Obs\u0142ugiwane w Java Web Start<\/th><th style=\"text-align:center;width:500px\">Opis<\/th><\/tr><\/thead><tbody><tr><td style=\"text-align:left\"><a href=\"\/storage\/plugins\/CopyAsNewFurniturePlugin-1.3.1.sh3p\">CopyAsNewFurniturePlugin-1.3.1.sh3p<\/a><br>(29 kB &#8211; kod \u017ar\u00f3d\u0142owy do\u0142\u0105czony)<\/td><td style=\"text-align:center\">Space mushrooms<\/td><td style=\"text-align:center\">Nie dotyczy<\/td><td style=\"text-align:center\">Nie<\/td><td style=\"width:500px\">Dodaje element menu <em>Narz\u0119dzia &gt; Kopiuj jako nowy mebel<\/em>, kt\u00f3ry kopiuje wybrane obiekty w planie jako nowy mebel do schowka (<a href=\"https:\/\/www.sweethome3d.com\/support\/forum\/viewthread_thread,1331_offset,11\" target=\"_blank\" rel=\"noopener\">czytaj wi\u0119cej<\/a>)<\/td><\/tr><tr><td><a href=\"\/storage\/plugins\/ShapeGenerator-1.2.1.sh3p\">ShapeGenerator-1.2.1.sh3p<\/a><br>(53 kB &#8211; kod \u017ar\u00f3d\u0142owy do\u0142\u0105czony)<\/td><td style=\"text-align:center\">Space mushrooms<\/td><td style=\"text-align:center\">Tak<\/td><td style=\"text-align:center\">Nie<\/td><td style=\"width:500px\">Dodaje element menu <em>Narz\u0119dzia &gt; Generuj kszta\u0142t 3D<\/em>, kt\u00f3ry tworzy kszta\u0142t 3D na podstawie wsp\u00f3\u0142rz\u0119dnych 8 wierzcho\u0142k\u00f3w wprowadzonych przez u\u017cytkownika (<a href=\"https:\/\/www.sweethome3d.com\/support\/forum\/viewthread_thread,6600\" target=\"_blank\" rel=\"noopener\">czytaj wi\u0119cej<\/a>)<\/td><\/tr><tr><td><a href=\"\/storage\/plugins\/StaircaseGenerator-1.0.1.sh3p\">StaircaseGenerator-1.0.1.sh3p<\/a><br>(150 kB &#8211; kod \u017ar\u00f3d\u0142owy do\u0142\u0105czony)<\/td><td style=\"text-align:center\">Space mushrooms<br><br><\/td><td style=\"text-align:center\">Tak<\/td><td style=\"text-align:center\">Nie<\/td><td style=\"width:500px\">Dodaje element menu <em>Narz\u0119dzia &gt; Generuj schody<\/em>, kt\u00f3ry tworzy kszta\u0142t 3D schod\u00f3w na podstawie liczby stopni i ich rozmiaru (<a href=\"https:\/\/www.sweethome3d.com\/support\/forum\/viewthread_thread,12160\" target=\"_blank\" rel=\"noopener\">czytaj wi\u0119cej<\/a>)<\/td><\/tr><tr><td><a href=\"\/storage\/plugins\/TerrainGenerator-1.2.2.sh3p\">TerrainGenerator-1.2.2.sh3p<\/a><br>(111 kB &#8211; kod \u017ar\u00f3d\u0142owy do\u0142\u0105czony)<\/td><td style=\"text-align:center\">Space mushrooms<\/td><td style=\"text-align:center\">Tak<\/td><td style=\"text-align:center\">Nie<\/td><td style=\"width:500px\">Dodaje element menu <em>Narz\u0119dzia &gt; Generuj teren 3D z pomieszcze\u0144<\/em>, kt\u00f3ry tworzy kszta\u0142t 3D z powierzchni wybranych pomieszcze\u0144 zdeformowanych przez u\u017cytkownika (<a href=\"https:\/\/www.sweethome3d.com\/support\/forum\/viewthread_thread,10995\" target=\"_blank\" rel=\"noopener\">czytaj wi\u0119cej<\/a>)<\/td><\/tr><tr><td><a href=\"\/storage\/plugins\/SideView-1.1.1.sh3p\">SideView-1.1.1.sh3p<\/a><br>(44 kB &#8211; kod \u017ar\u00f3d\u0142owy do\u0142\u0105czony)<\/td><td style=\"text-align:center\">Space mushrooms<\/td><td style=\"text-align:center\">Nie dotyczy<\/td><td style=\"text-align:center\">Nie<\/td><td style=\"width:500px\">Dodaje element menu <em>Narz\u0119dzia &gt; Wy\u015bwietl widok boczny<\/em>, kt\u00f3ry pokazuje widok boczny edytowanego domu z mo\u017cliwo\u015bci\u0105 jego zapisania (<a href=\"https:\/\/www.sweethome3d.com\/support\/forum\/viewthread_thread,11011\" target=\"_blank\" rel=\"noopener\">czytaj wi\u0119cej<\/a>)<\/td><\/tr><tr><td><a href=\"\/storage\/plugins\/ExportPlanImage-1.0.3.sh3p\">ExportPlanImage-1.0.3.sh3p<\/a><br>(29 kB &#8211; kod \u017ar\u00f3d\u0142owy do\u0142\u0105czony)<\/td><td style=\"text-align:center\">Space mushrooms<\/td><td style=\"text-align:center\">Nie dotyczy<\/td><td style=\"text-align:center\">Nie<\/td><td style=\"width:500px\">Dodaje element menu <em>Meble &gt; Eksportuj plan do obrazu<\/em>, kt\u00f3ry eksportuje obraz planu do formatu PNG lub JPEG w wybranym rozmiarze<\/td><\/tr><tr><td><a href=\"\/storage\/plugins\/ExportToSH3F-1.1.1.sh3p\">ExportToSH3F-1.1.1.sh3p<\/a><br>(32 kB &#8211; kod \u017ar\u00f3d\u0142owy do\u0142\u0105czony)<\/td><td style=\"text-align:center\">Space mushrooms<\/td><td style=\"text-align:center\">Nie dotyczy<\/td><td style=\"text-align:center\">Nie<\/td><td style=\"width:500px\">Dodaje element menu <em>Meble &gt; Eksportuj zaimportowane meble do SH3F<\/em>, kt\u00f3ry eksportuje wszystkie meble zaimportowane do katalogu Sweet Home 3D do pliku SH3F (<a href=\"https:\/\/www.sweethome3d.com\/support\/forum\/viewthread_thread,966_offset,5\" target=\"_blank\" rel=\"noopener\">czytaj wi\u0119cej<\/a>)<\/td><\/tr><tr><td><a href=\"\/storage\/plugins\/ExportToSH3T-1.1.1.sh3p\">ExportToSH3T-1.1.1.sh3p<\/a><br>(30 kB &#8211; kod \u017ar\u00f3d\u0142owy do\u0142\u0105czony)<\/td><td style=\"text-align:center\">Space mushrooms<\/td><td style=\"text-align:center\">Nie dotyczy<\/td><td style=\"text-align:center\">Nie<\/td><td style=\"width:500px\">Dodaje element menu <em>Meble &gt; Eksportuj zaimportowane tekstury do SH3T<\/em>, kt\u00f3ry eksportuje wszystkie tekstury zaimportowane do katalogu Sweet Home 3D do pliku SH3T (<a href=\"https:\/\/www.sweethome3d.com\/support\/forum\/viewthread_thread,12391\" target=\"_blank\" rel=\"noopener\">czytaj wi\u0119cej<\/a>)<\/td><\/tr><tr><td><a href=\"\/storage\/plugins\/ExportToHTML5-1.9.1.sh3p\">ExportToHTML5-1.9.1.sh3p<\/a><br>(391 kB &#8211; kod \u017ar\u00f3d\u0142owy do\u0142\u0105czony)<\/td><td style=\"text-align:center\">Space mushrooms<\/td><td style=\"text-align:center\">Nie dotyczy<\/td><td style=\"text-align:center\">Nie<\/td><td style=\"width:500px\">Dodaje&nbsp;element menu <em>Narz\u0119dzia &gt; Eksportuj do HTML5<\/em>, kt\u00f3ry eksportuje widok 3D edytowanego domu do strony HTML5 widocznej w dowolnej przegl\u0105darce obs\u0142uguj\u0105cej WebGL (<a href=\"https:\/\/www.sweethome3d.com\/support\/forum\/viewthread_thread,6708\" target=\"_blank\" rel=\"noopener\">czytaj wi\u0119cej<\/a>). To narz\u0119dzie jest r\u00f3wnie\u017c dost\u0119pne poprzez &nbsp;<a href=\"https:\/\/www.sweethome3d.com\/exportHomes.jsp\" target=\"_blank\" rel=\"noopener\">Mened\u017cer wyeksportowanych dom\u00f3w<\/a>, kt\u00f3ry pozwala eksportowa\u0107 i hostowa\u0107 pliki SH3D na serwerze sweethome3d.com.<\/td><\/tr><tr><td><a href=\"\/storage\/plugins\/UpdateRoadLinesPlugin-1.0.1.sh3p\">UpdateRoadLinesPlugin-1.0.1.sh3p<\/a><br>(70 kB &#8211; kod \u017ar\u00f3d\u0142owy do\u0142\u0105czony)<\/td><td style=\"text-align:center\">Space mushrooms<\/td><td style=\"text-align:center\">Tak<\/td><td style=\"text-align:center\">Tak<\/td><td style=\"width:500px\">Dodaje element menu <em>Narz\u0119dzia &gt; Modyfikuj styl linii drogowej<\/em>, kt\u00f3ry pozwala u\u017cytkownikowi wybra\u0107 <a href=\"https:\/\/fr.wikipedia.org\/wiki\/Signalisation_routi%C3%A8re_horizontale_en_France\" target=\"_blank\" rel=\"noopener\">francuski styl linii drogowej<\/a> dla wybranych polilinii i ich kolor (<a href=\"https:\/\/www.sweethome3d.com\/blog\/2018\/12\/10\/customization_for_the_forensic_police.html\" target=\"_blank\" rel=\"noopener\">czytaj wi\u0119cej<\/a>)<\/td><\/tr><tr><td><a href=\"\/storage\/plugins\/EvidenceMarkerGenerator-1.1.1.sh3p\">EvidenceMarkerGenerator-1.1.1.sh3p<\/a><br>(38 kB &#8211; kod \u017ar\u00f3d\u0142owy do\u0142\u0105czony)<\/td><td style=\"text-align:center\">Space mushrooms<\/td><td style=\"text-align:center\">Tak<\/td><td style=\"text-align:center\">Nie<\/td><td style=\"width:500px\">Dodaje element menu <em>Narz\u0119dzia &gt; Dodaj znacznik dowodowy<\/em>, kt\u00f3ry mo\u017ce generowa\u0107 ponumerowany znacznik dowodowy na elemencie wybranym w planie (<a href=\"https:\/\/www.sweethome3d.com\/blog\/2018\/12\/10\/customization_for_the_forensic_police.html\" target=\"_blank\" rel=\"noopener\">czytaj wi\u0119cej<\/a>)<\/td><\/tr><tr><td><a href=\"https:\/\/sourceforge.net\/p\/sweethome3d\/plug-ins\/_discuss\/thread\/5e6557c2\/fef8\/attachment\/AdvancedEditing.sh3p\" target=\"_blank\" rel=\"noopener\">AdvancedEditing.sh3p<\/a><br>(135 kB &#8211; <a href=\"https:\/\/sourceforge.net\/p\/sweethome3d\/plug-ins\/_discuss\/thread\/5e6557c2\/fef8\/attachment\/AdvancedEditingPlugin-src.zip\" target=\"_blank\" rel=\"noopener\">kod \u017ar\u00f3d\u0142owy<\/a>)<\/td><td style=\"text-align:center\">Tobias Liefke<\/td><td style=\"text-align:center\">Tak<\/td><td style=\"text-align:center\">Tak<\/td><td style=\"width:500px\">Dodaje elementy menu&nbsp;<em>Edycja &gt; obr\u00f3\u0107<\/em>,&nbsp;<em>Edycja &gt; przesu\u0144<\/em>,&nbsp;<em>Edycja &gt; odbij<\/em>,&nbsp;<em>Edycja &gt; zmie\u0144 rozmiar, meble &gt; podnie\u015b<\/em>,&nbsp;<em>Plan &gt; Edytuj punkty pomieszczenia<\/em>,&nbsp;<em>Plan &gt; Po\u0142\u0105cz \u015bciany<\/em>, kt\u00f3re pozwalaj\u0105 modyfikowa\u0107 wybrane obiekty w planie (<a href=\"https:\/\/www.sweethome3d.com\/support\/forum\/viewthread_thread,1757\" target=\"_blank\" rel=\"noopener\">czytaj wi\u0119cej<\/a>)<\/td><\/tr><tr><td><a href=\"https:\/\/sourceforge.net\/p\/sweethome3d\/plug-ins\/_discuss\/thread\/34cdde5620\/4c8d\/attachment\/Multiplier-2.2.sh3p\" target=\"_blank\" rel=\"noopener\">Multiplier-2.2.sh3p<\/a><br>(176 kB &#8211; kod \u017ar\u00f3d\u0142owy do\u0142\u0105czony)<\/td><td style=\"text-align:center\">Dorin vatavu<\/td><td style=\"text-align:center\">Tak<\/td><td style=\"text-align:center\">Tak<\/td><td style=\"width:500px\">Dodaje element menu <em>Narz\u0119dzia &gt; Powiel<\/em>, kt\u00f3ry pozwala powiela\u0107 i przesuwa\u0107 wybrane obiekty w planie (<a href=\"https:\/\/www.sweethome3d.com\/support\/forum\/viewthread_thread,10554\" target=\"_blank\" rel=\"noopener\">czytaj wi\u0119cej<\/a>)<\/td><\/tr><tr><td><a href=\"https:\/\/sourceforge.net\/p\/sweethome3d\/plug-ins\/_discuss\/thread\/015d788700\/98fc\/attachment\/AutoDimensioning.sh3p\" target=\"_blank\" rel=\"noopener\">AutoDimensioning.sh3p<\/a><br>(44 kB &#8211; kod \u017ar\u00f3d\u0142owy do\u0142\u0105czony)<\/td><td style=\"text-align:center\">Dorin vatavu<\/td><td style=\"text-align:center\">Tak<\/td><td style=\"text-align:center\">Tak<\/td><td style=\"width:500px\">Dodaje element menu <em>Narz\u0119dzia &gt; Automatyczne wymiarowanie<\/em>, kt\u00f3ry pozwala generowa\u0107 linie wymiarowe dla ca\u0142ego planu (<a href=\"https:\/\/www.sweethome3d.com\/support\/forum\/viewthread_thread,10955\" target=\"_blank\" rel=\"noopener\">czytaj wi\u0119cej<\/a>)<\/td><\/tr><tr><td><a href=\"https:\/\/sourceforge.net\/p\/sweethome3d\/plug-ins\/_discuss\/thread\/914cc4be82\/b551\/attachment\/GenerateRoof-4.5.sh3p\" target=\"_blank\" rel=\"noopener\">GenerateRoof-4.5.sh3p<\/a><br>(690 kB &#8211; kod \u017ar\u00f3d\u0142owy do\u0142\u0105czony)<\/td><td style=\"text-align:center\">Dorin vatavu<br><br><\/td><td style=\"text-align:center\">Nie dotyczy<\/td><td style=\"text-align:center\">Nie<\/td><td style=\"width:500px\">Dodaje element menu <em>Narz\u0119dzia &gt; Generuj dach<\/em>, kt\u00f3ry pozwala generowa\u0107 dach o r\u00f3\u017cnych k\u0105tach nachylenia na podstawie kszta\u0142tu wybranego pomieszczenia (<a href=\"https:\/\/www.sweethome3d.com\/support\/forum\/viewthread_thread%2C11330\" target=\"_blank\" rel=\"noopener\">czytaj wi\u0119cej<\/a>)<\/td><\/tr><tr><td><a href=\"https:\/\/sourceforge.net\/p\/sweethome3d\/plug-ins\/_discuss\/thread\/182d97c5\/ad56\/attachment\/AdvancedSettingsPhotoRendering-1.4.1.sh3p\" target=\"_blank\" rel=\"noopener\">AdvancedSettings<br>PhotoRendering-1.4.1.sh3p<\/a><br>(52 kB &#8211; kod \u017ar\u00f3d\u0142owy do\u0142\u0105czony)<\/td><td style=\"text-align:center\">Enko nyito<\/td><td style=\"text-align:center\">Nie dotyczy<\/td><td style=\"text-align:center\">Nie<\/td><td style=\"width:500px\">Dodaje element menu <em>Narz\u0119dzia &gt; Zaawansowane ustawienia renderowania zdj\u0119\u0107<\/em>, kt\u00f3ry pozwala modyfikowa\u0107 niekt\u00f3re <a href=\"https:\/\/sourceforge.net\/p\/sweethome3d\/code\/HEAD\/tree\/trunk\/SweetHome3D\/src\/com\/eteks\/sweethome3d\/j3d\/PhotoRenderer.properties\" target=\"_blank\" rel=\"noopener\">zaawansowane w\u0142a\u015bciwo\u015bci<\/a> u\u017cywane przez renderery zdj\u0119\u0107 na dw\u00f3ch najlepszych poziomach jako\u015bci (<a href=\"https:\/\/www.sweethome3d.com\/support\/forum\/viewthread_thread,6122_offset,20\" target=\"_blank\" rel=\"noopener\">czytaj wi\u0119cej<\/a>)<\/td><\/tr><tr><td><a href=\"https:\/\/sourceforge.net\/p\/sweethome3d\/plug-ins\/_discuss\/thread\/40b57f75\/5282\/attachment\/PhotoVideoRendering-2.8.zip\" target=\"_blank\" rel=\"noopener\">PhotoVideoRendering-2.8.zip<\/a><br>(15 MB &#8211; plik SH3P + kod \u017ar\u00f3d\u0142owy do\u0142\u0105czony)<\/td><td style=\"text-align:center\">Enko Nyito<\/td><td style=\"text-align:center\">Nie dotyczy<\/td><td style=\"text-align:center\">Nie<\/td><td style=\"width:500px\">Dodaje menu <em>Renderowanie zdj\u0119\u0107 i wideo<\/em>, z elementami menu do renderowania zdj\u0119\u0107 i wideo z dodatkowymi ustawieniami (<a href=\"https:\/\/sourceforge.net\/p\/sweethome3d\/plug-ins\/18\/\" target=\"_blank\" rel=\"noopener\">czytaj wi\u0119cej<\/a>)<\/td><\/tr><\/tbody><\/table><\/figure>\n\n<p>Aby odinstalowa\u0107 wtyczk\u0119, usu\u0144 jej plik SH3P z folderu wtyczek <a href=\"https:\/\/wp-test-1.sweethome3d.eu\/pl\/pobierz\/\" data-type=\"page\" data-id=\"396\">Sweet Home 3D<\/a> i uruchom ponownie aplikacj\u0119. Ten folder jest wy\u015bwietlany po klikni\u0119ciu na dowolny plik SH3P wymieniony w sekcji <em>Wtyczki<\/em> panelu <em>U\u017cywane biblioteki<\/em>. Ten panel jest wy\u015bwietlany po klikni\u0119ciu przycisku <em>Biblioteki&#8230;<\/em> pokazanego na dole okna dialogowego <em>O programie<\/em> Sweet Home 3D. Je\u015bli chcesz samodzielnie zaprogramowa\u0107 wtyczki, przeczytaj <a href=\"https:\/\/wp-test-1.sweethome3d.eu\/pl\/przewodnik-dla-tworcow-wtyczek\/\" data-type=\"page\" data-id=\"4964\">Przewodnik programisty wtyczek<\/a>.   <\/p>\n\n<figure class=\"wp-block-image size-large\"><img loading=\"lazy\" decoding=\"async\" width=\"1024\" height=\"540\" src=\"https:\/\/wp-test-1.sweethome3d.eu\/wp-content\/uploads\/2025\/06\/PlugInScratchHomeDemo3-1024x540.jpg\" alt=\"wtyczki\" class=\"wp-image-3616\" srcset=\"https:\/\/wp-test-1.sweethome3d.eu\/wp-content\/uploads\/2025\/06\/PlugInScratchHomeDemo3-1024x540.jpg 1024w, https:\/\/wp-test-1.sweethome3d.eu\/wp-content\/uploads\/2025\/06\/PlugInScratchHomeDemo3-360x190.jpg 360w, https:\/\/wp-test-1.sweethome3d.eu\/wp-content\/uploads\/2025\/06\/PlugInScratchHomeDemo3-247x130.jpg 247w, https:\/\/wp-test-1.sweethome3d.eu\/wp-content\/uploads\/2025\/06\/PlugInScratchHomeDemo3-768x405.jpg 768w, https:\/\/wp-test-1.sweethome3d.eu\/wp-content\/uploads\/2025\/06\/PlugInScratchHomeDemo3-400x211.jpg 400w, https:\/\/wp-test-1.sweethome3d.eu\/wp-content\/uploads\/2025\/06\/PlugInScratchHomeDemo3.jpg 1366w\" sizes=\"auto, (max-width: 1024px) 100vw, 1024px\" \/><\/figure>\n<h2 class=\"wp-block-heading\" id=\"narzedzia\"><img loading=\"lazy\" decoding=\"async\" width=\"16\" height=\"12\" src=\"https:\/\/www.sweethome3d.com\/images\/bullet.gif\"><strong>Narz\u0119dzia<\/strong><\/h2>\n<p>Poni\u017csza tabela zawiera list\u0119 dodatkowych narz\u0119dzi dostarczonych przez Space Mushrooms, przydatnych dla <a href=\"https:\/\/wp-test-1.sweethome3d.eu\/pl\/pobierz\/\" data-type=\"page\" data-id=\"396\">Sweet Home 3D<\/a>. Narz\u0119dzia te s\u0105 dost\u0119pne jako pliki wykonywalne Jar, kt\u00f3re mo\u017cna uruchomi\u0107 poprzez dwukrotne klikni\u0119cie po zainstalowaniu <a href=\"https:\/\/www.java.com\/\" target=\"_blank\" rel=\"noopener\">Java<\/a> w systemie. W systemie macOS, pierwsze uruchomienie pliku wykonywalnego Jar pobranego z Internetu musi by\u0107 wykonane przez klikni\u0119cie na plik Jar z przytrzymanym klawiszem <em>ctrl<\/em>, a nast\u0119pnie wybranie <em>Otw\u00f3rz<\/em> w menu kontekstowym, kt\u00f3re si\u0119 pojawi.  <\/p>\n\n<figure class=\"wp-block-flexible-table-block-table is-content-justification-center\"><table class=\"has-fixed-layout\"><thead><tr><th style=\"text-align:center\">Narz\u0119dzie<\/th><th style=\"text-align:center;width:500px\">opis<\/th><\/tr><\/thead><tbody><tr><td style=\"text-align:left\"><a href=\"https:\/\/sourceforge.net\/projects\/sweethome3d\/files\/FurnitureLibraryEditor\/FurnitureLibraryEditor-2.2.jar\/download\" target=\"_blank\" rel=\"noopener\">FurnitureLibraryEditor-2.2.jar<\/a><br>(14,4 MB &#8211; <a href=\"https:\/\/sourceforge.net\/projects\/sweethome3d\/files\/FurnitureLibraryEditor-source\/FurnitureLibraryEditor-2.2-src.zip\" target=\"_blank\" rel=\"noopener\">kod \u017ar\u00f3d\u0142owy<\/a>)<\/td><td style=\"width:500px\">Ta aplikacja pozwala tworzy\u0107 plik biblioteki mebli SH3F i edytowa\u0107 w\u0142a\u015bciwo\u015bci zawartych w nim modeli 3D (<a href=\"https:\/\/www.sweethome3d.com\/support\/forum\/viewthread_thread,1550\" target=\"_blank\" rel=\"noopener\">czytaj wi\u0119cej<\/a>)<\/td><\/tr><tr><td><a href=\"https:\/\/sourceforge.net\/projects\/sweethome3d\/files\/TexturesLibraryEditor\/TexturesLibraryEditor-2.1.jar\/download\" target=\"_blank\" rel=\"noopener\">TexturesLibraryEditor-2.1.jar<\/a><br>(1,2 MB &#8211; <a href=\"https:\/\/sourceforge.net\/projects\/sweethome3d\/files\/TexturesLibraryEditor-source\/TexturesLibraryEditor-2.1-src.zip\" target=\"_blank\" rel=\"noopener\">kod \u017ar\u00f3d\u0142owy<\/a>)<\/td><td style=\"width:500px\">Ta aplikacja pozwala tworzy\u0107 plik biblioteki tekstur SH3T i edytowa\u0107 w\u0142a\u015bciwo\u015bci zawartych w nim obraz\u00f3w tekstur (<a href=\"https:\/\/www.sweethome3d.com\/support\/forum\/viewthread_thread,3502\" target=\"_blank\" rel=\"noopener\">czytaj wi\u0119cej<\/a>)<\/td><\/tr><tr><td><a href=\"\/storage\/downloads\/HugeFileCleaner-1.0.jar\">HugeFileCleaner-1.0.jar<\/a><br>(7 kB &#8211; kod \u017ar\u00f3d\u0142owy w zestawie)<\/td><td style=\"width:500px\">Ta aplikacja usuwa niepotrzebne wpisy, kt\u00f3re mog\u0142y pojawi\u0107 si\u0119 w du\u017cych plikach SH3D (zazwyczaj wi\u0119kszych ni\u017c 500 MB) utworzonych w wersjach Sweet Home 3D starszych ni\u017c 5.2, gdy u\u017cywa\u0142e\u015b ostatnio wy\u015bwietlanej listy tekstur w oknie dialogowym tekstur do kopiowania tekstur modeli 3D znajduj\u0105cych si\u0119 w katalogu mebli (<a href=\"https:\/\/www.sweethome3d.com\/support\/forum\/viewthread_thread,6331_offset,21\" target=\"_blank\" rel=\"noopener\">czytaj wi\u0119cej<\/a>)<\/td><\/tr><tr><td><a href=\"https:\/\/apps.apple.com\/us\/app\/tape-measure\/id1437807477\" target=\"_blank\" rel=\"noopener\">Tape Measure<\/a><\/td><td style=\"width:500px\">Ta aplikacja pozwala na wykonywanie pomiar\u00f3w i tworzenie dok\u0142adnego planu twojego domu poprzez skanowanie przestrzeni wok\u00f3\u0142 ciebie i zaznaczanie naro\u017cnik\u00f3w pomieszcze\u0144. Nast\u0119pnie mo\u017cesz zaimportowa\u0107 plan bezpo\u015brednio do Sweet Home 3D, aby rozpocz\u0105\u0107 projektowanie. Zauwa\u017c, \u017ce aplikacja jest obecnie dost\u0119pna tylko na iOS.<\/td><\/tr><\/tbody><\/table><\/figure>\n","protected":false},"excerpt":{"rendered":"<p>Ta strona opisuje g\u0142\u00f3wne wtyczki i inne narz\u0119dzia dost\u0119pne dla Sweet Home 3D. Wtyczki Poni\u017csza tabela zawiera list\u0119 najbardziej interesuj\u0105cych wtyczek dostarczonych przez Space Mushrooms lub przez programist\u00f3w, kt\u00f3rzy zaproponowali je w systemie \u015bledzenia Wk\u0142adu Wtyczek. Wtyczka proponuje dodatkowe funkcje w Sweet Home 3D i mo\u017ce by\u0107 zainstalowana przez dwukrotne klikni\u0119cie na jej plik SH3P. [&hellip;]<\/p>\n","protected":false},"author":2,"featured_media":10756,"parent":0,"menu_order":0,"comment_status":"closed","ping_status":"closed","template":"","meta":{"inline_featured_image":false,"footnotes":""},"class_list":["post-10757","page","type-page","status-publish","has-post-thumbnail","hentry"],"_links":{"self":[{"href":"https:\/\/wp-test-1.sweethome3d.eu\/pl\/wp-json\/wp\/v2\/pages\/10757","targetHints":{"allow":["GET"]}}],"collection":[{"href":"https:\/\/wp-test-1.sweethome3d.eu\/pl\/wp-json\/wp\/v2\/pages"}],"about":[{"href":"https:\/\/wp-test-1.sweethome3d.eu\/pl\/wp-json\/wp\/v2\/types\/page"}],"author":[{"embeddable":true,"href":"https:\/\/wp-test-1.sweethome3d.eu\/pl\/wp-json\/wp\/v2\/users\/2"}],"replies":[{"embeddable":true,"href":"https:\/\/wp-test-1.sweethome3d.eu\/pl\/wp-json\/wp\/v2\/comments?post=10757"}],"version-history":[{"count":1,"href":"https:\/\/wp-test-1.sweethome3d.eu\/pl\/wp-json\/wp\/v2\/pages\/10757\/revisions"}],"predecessor-version":[{"id":10758,"href":"https:\/\/wp-test-1.sweethome3d.eu\/pl\/wp-json\/wp\/v2\/pages\/10757\/revisions\/10758"}],"wp:featuredmedia":[{"embeddable":true,"href":"https:\/\/wp-test-1.sweethome3d.eu\/pl\/wp-json\/wp\/v2\/media\/10756"}],"wp:attachment":[{"href":"https:\/\/wp-test-1.sweethome3d.eu\/pl\/wp-json\/wp\/v2\/media?parent=10757"}],"curies":[{"name":"wp","href":"https:\/\/api.w.org\/{rel}","templated":true}]}}