{"id":11763,"date":"2025-09-19T09:07:08","date_gmt":"2025-09-19T09:07:08","guid":{"rendered":"https:\/\/wp-test-1.sweethome3d.eu\/informacje-prawne\/"},"modified":"2025-11-03T17:33:07","modified_gmt":"2025-11-03T17:33:07","slug":"informacje-prawne","status":"publish","type":"page","link":"https:\/\/wp-test-1.sweethome3d.eu\/pl\/informacje-prawne\/","title":{"rendered":"Informacje prawne"},"content":{"rendered":"\n<p>Oprogramowanie Sweet Home 3D i strona internetowa <a href=\"\/\">https:\/\/www.sweethome3d.com<\/a> s\u0105 publikowane przez:<br\/><\/p>\n\n<p><a href=\"https:\/\/www.spacemushrooms.it\/\" target=\"_blank\" rel=\"noopener\">Space Mushrooms srl<\/a><br\/>Via Melzi d&#8217;Eril 29<br\/>20154, Mediolan<br\/>W\u0142ochy<br\/>Email: <a href=\"mailto:info@sweethome3d.com\">info@sweethome3d.com<\/a><\/p>\n\n<p><br\/><a href=\"https:\/\/www.spacemushrooms.it\/\" target=\"_blank\" rel=\"noopener\">Space Mushrooms srl<\/a> to niezale\u017cna firma za\u0142o\u017cona w 2021 roku.<\/p>\n\n<p><br\/>Sweet Home 3D<sup>\u00ae<\/sup> to zarejestrowany znak towarowy.<br\/>Inne nazwy handlowe wymienione na tej stronie internetowej to znaki towarowe lub zarejestrowane znaki towarowe b\u0119d\u0105ce w\u0142asno\u015bci\u0105 ich odpowiednich w\u0142a\u015bcicieli.<\/p>\n\n<p><br\/><a href=\"https:\/\/www.sweethome3d.com\/\" target=\"_blank\" rel=\"noopener\">sweethome3d.com<\/a>, <a href=\"https:\/\/www.sweethome3d.eu\/\">sweethome3d.eu<\/a>, <a href=\"https:\/\/www.sweethome3d.online\/\" target=\"_blank\" rel=\"noopener\">sweethome3d.online<\/a> i <a href=\"https:\/\/www.sweethome2d.com\/\" target=\"_blank\" rel=\"noopener\">sweethome2d.com<\/a> s\u0105 hostowane przez:<\/p>\n\n<p>OVH<br\/>140, quai du Sartel<br\/>59100 Roubaix<br\/>Francja<br\/>Tel: +33 8 203 203 63<\/p>\n","protected":false},"excerpt":{"rendered":"<p>Oprogramowanie Sweet Home 3D i strona internetowa https:\/\/www.sweethome3d.com s\u0105 publikowane przez: Space Mushrooms srlVia Melzi d&#8217;Eril 2920154, MediolanW\u0142ochyEmail: info@sweethome3d.com Space Mushrooms srl to niezale\u017cna firma za\u0142o\u017cona w 2021 roku. Sweet Home 3D\u00ae to zarejestrowany znak towarowy.Inne nazwy handlowe wymienione na tej stronie internetowej to znaki towarowe lub zarejestrowane znaki towarowe b\u0119d\u0105ce w\u0142asno\u015bci\u0105 ich odpowiednich w\u0142a\u015bcicieli. [&hellip;]<\/p>\n","protected":false},"author":2,"featured_media":0,"parent":0,"menu_order":0,"comment_status":"closed","ping_status":"closed","template":"","meta":{"inline_featured_image":false,"footnotes":""},"class_list":["post-11763","page","type-page","status-publish","hentry"],"_links":{"self":[{"href":"https:\/\/wp-test-1.sweethome3d.eu\/pl\/wp-json\/wp\/v2\/pages\/11763","targetHints":{"allow":["GET"]}}],"collection":[{"href":"https:\/\/wp-test-1.sweethome3d.eu\/pl\/wp-json\/wp\/v2\/pages"}],"about":[{"href":"https:\/\/wp-test-1.sweethome3d.eu\/pl\/wp-json\/wp\/v2\/types\/page"}],"author":[{"embeddable":true,"href":"https:\/\/wp-test-1.sweethome3d.eu\/pl\/wp-json\/wp\/v2\/users\/2"}],"replies":[{"embeddable":true,"href":"https:\/\/wp-test-1.sweethome3d.eu\/pl\/wp-json\/wp\/v2\/comments?post=11763"}],"version-history":[{"count":1,"href":"https:\/\/wp-test-1.sweethome3d.eu\/pl\/wp-json\/wp\/v2\/pages\/11763\/revisions"}],"predecessor-version":[{"id":11764,"href":"https:\/\/wp-test-1.sweethome3d.eu\/pl\/wp-json\/wp\/v2\/pages\/11763\/revisions\/11764"}],"wp:attachment":[{"href":"https:\/\/wp-test-1.sweethome3d.eu\/pl\/wp-json\/wp\/v2\/media?parent=11763"}],"curies":[{"name":"wp","href":"https:\/\/api.w.org\/{rel}","templated":true}]}}