{"id":11838,"date":"2025-09-18T11:59:08","date_gmt":"2025-09-18T11:59:08","guid":{"rendered":"https:\/\/wp-test-1.sweethome3d.eu\/licencja\/"},"modified":"2025-11-03T18:53:46","modified_gmt":"2025-11-03T18:53:46","slug":"licencja","status":"publish","type":"page","link":"https:\/\/wp-test-1.sweethome3d.eu\/pl\/licencja\/","title":{"rendered":"Licencja"},"content":{"rendered":"\n<p>Sweet Home 3D, Copyright (c) 2024 Space Mushrooms &lt;<a href=\"mailto:info@sweethome3d.com\">info@sweethome3d.com<\/a>&gt;<\/p>\n\n<p>Darmowa wersja aplikacji <a href=\"\/\">Sweet Home 3D<\/a>, aplikacje <a href=\"https:\/\/www.sweethome3d.com\/support\/forum\/viewthread_thread,1550\" target=\"_blank\" rel=\"noopener\">Furniture Library Editor<\/a> i <a href=\"https:\/\/www.sweethome3d.com\/support\/forum\/viewthread_thread,3502\" target=\"_blank\" rel=\"noopener\">Textures Library Editor<\/a>, a tak\u017ce <a href=\"https:\/\/sourceforge.net\/p\/sweethome3d\/code\/HEAD\/tree\/trunk\/SweetHome3DJS\/\" target=\"_blank\" rel=\"noopener\">Sweet Home 3D JS<\/a> s\u0105 dystrybuowane na licencji <a href=\"https:\/\/www.gnu.org\/licenses\/gpl-2.0.txt\" target=\"_blank\" rel=\"noopener\">GNU General Public License<\/a>; mo\u017cesz ich u\u017cywa\u0107, kopiowa\u0107, rozpowszechnia\u0107 i\/lub modyfikowa\u0107 zgodnie z warunkami tej licencji opublikowanej przez Free Software Foundation; w wersji 2 Licencji lub (wed\u0142ug w\u0142asnego wyboru) dowolnej p\u00f3\u017aniejszej wersji. Aby uzyska\u0107 wi\u0119cej szczeg\u00f3\u0142\u00f3w, zapoznaj si\u0119 z warunkami <a href=\"https:\/\/www.gnu.org\/licenses\/gpl-2.0.txt\" target=\"_blank\" rel=\"noopener\">GNU General Public License<\/a> i jej <a href=\"https:\/\/www.gnu.org\/licenses\/gpl-faq.html\" target=\"_blank\" rel=\"noopener\">FAQ<\/a>. <\/p>\n\n<p>Programy te s\u0105 rozpowszechniane w nadziei, \u017ce b\u0119d\u0105 przydatne, ale BEZ \u017bADNEJ GWARANCJI; nawet bez dorozumianej gwarancji PRZYDATNO\u015aCI HANDLOWEJ lub PRZYDATNO\u015aCI DO OKRE\u015aLONEGO CELU.<\/p>\n\n<p>Licencja GNU General Public License i inne licencje, na kt\u00f3rych dost\u0119pne s\u0105 aplikacje Sweet Home 3D, Sweet Home 3D Mobile, Furniture Library Editor, Textures Library Editor i Sweet Home 3D JS, pozwalaj\u0105 na publikowanie dokument\u00f3w utworzonych za pomoc\u0105 tych aplikacji, zar\u00f3wno do u\u017cytku osobistego, jak i komercyjnego, w granicach praw przyznanych przez licencje modeli 3D i tekstur zaimportowanych do dokument\u00f3w wygenerowanych za pomoc\u0105 tych aplikacji.<br\/>Mo\u017cesz u\u017cywa\u0107 i rozpowszechnia\u0107 modele 3D i tekstury dost\u0119pne w domy\u015blnych katalogach wszystkich wersji Sweet Home 3D do u\u017cytku osobistego lub komercyjnego, a tak\u017ce <g id=\"gid_0\">darmowe modele 3D<\/g> znajduj\u0105ce si\u0119 na stronie <g id=\"gid_1\">sweethome3d.com<\/g> oraz <g id=\"gid_2\">biblioteki mebli<\/g> lub <g id=\"gid_3\">biblioteki tekstur<\/g> dost\u0119pne w\u015br\u00f3d <g id=\"gid_4\">plik\u00f3w Sweet Home 3D na SourceForge.net<\/g>. Je\u015bli zawierasz niekt\u00f3re z tych modeli 3D i tekstur w swoich dokumentach, powiniene\u015b przypisa\u0107 autorstwo tym, kt\u00f3re s\u0105 rozpowszechniane na licencji <a href=\"https:\/\/artlibre.org\/licence\/lal\/en\/\" target=\"_blank\" rel=\"noopener\">Free Art License<\/a> lub <a href=\"https:\/\/creativecommons.org\/licenses\/by\/3.0\/\" target=\"_blank\" rel=\"noopener\">CC-BY License<\/a>, najlepiej u\u017cywaj\u0105c informacji podobnej do poni\u017cszej (wraz z linkami pozwalaj\u0105cymi u\u017cytkownikom znale\u017a\u0107 autor\u00f3w wykorzystanych dzie\u0142):  <\/p>\n\n<div class=\"wp-block-group is-nowrap is-layout-flex wp-container-core-group-is-layout-ad2f72ca wp-block-group-is-layout-flex\">\n<div style=\"height:10px;width:0px\" aria-hidden=\"true\" class=\"wp-block-spacer wp-container-content-728072c3\"><\/div>\n\n\n\n<p><em>Projekt stworzony w <a href=\"\/\">Sweet Home 3D<\/a>. Zawiera <a href=\"https:\/\/wp-test-1.sweethome3d.eu\/pl\/darmowe-modele-3d\/\" data-type=\"page\" data-id=\"4869\">modele 3D<\/a> i <a href=\"https:\/\/wp-test-1.sweethome3d.eu\/pl\/importowanie-tekstur\/\" data-type=\"page\" data-id=\"4928\">tekstury<\/a> rozpowszechniane na wolnej licencji. <\/em><\/p>\n<\/div>\n\n<p>U\u017cywanie i rozpowszechnianie modeli 3D lub tekstur znalezionych na <strong>innych stronach internetowych<\/strong> mo\u017ce by\u0107 ograniczone przez licencj\u0119, na kt\u00f3rej s\u0105 one rozpowszechniane, i to do ciebie nale\u017cy sprawdzenie ich licencji. Na przyk\u0142ad, modele 3D dost\u0119pne w <a href=\"https:\/\/www.2d3dmodels.com\/3dmodels.htm\" target=\"_blank\" rel=\"noopener\">Archibit<\/a> s\u0105 rozpowszechniane na licencji <a href=\"https:\/\/creativecommons.org\/licenses\/by-nc-sa\/2.5\/it\/\" target=\"_blank\" rel=\"noopener\">Creative Commons BY-NC-SA<\/a>, kt\u00f3ra zabrania wykorzystywania dzie\u0142a do cel\u00f3w komercyjnych, podczas gdy sekcje 1.B i 2.vi <a href=\"https:\/\/3dwarehouse.sketchup.com\/tos#license\" target=\"_blank\" rel=\"noopener\">General Model License<\/a> dla modeli dost\u0119pnych w <a href=\"https:\/\/3dwarehouse.sketchup.com\/\" target=\"_blank\" rel=\"noopener\">Trimble 3D Warehouse<\/a> pozwalaj\u0105 na ich wykorzystanie do <em>cel\u00f3w biznesowych (w tym komercyjnych)<\/em>, ale zabraniaj\u0105 <em>agregowania tre\u015bci pobranych z Serwisu w celu redystrybucji<\/em>, co uniemo\u017cliwia rozpowszechnianie bibliotek mebli zawieraj\u0105cych modele z 3D Warehouse. <\/p>\n\n<p>Licencja GNU General Public License pozwala r\u00f3wnie\u017c na swobodne rozpowszechnianie na tej samej licencji darmowej wersji aplikacji Sweet Home 3D, aplikacji Furniture Library Editor i Textures Library Editor, a tak\u017ce Sweet Home 3D JS, pod warunkiem do\u0142\u0105czenia warunk\u00f3w <a href=\"https:\/\/www.gnu.org\/licenses\/gpl-2.0.txt\" target=\"_blank\" rel=\"noopener\">GNU General Public License<\/a> oraz dodania nast\u0119puj\u0105cej informacji o prawach autorskich w odpowiednim miejscu (z linkiem do strony <a href=\"\/\">https:\/\/www.sweethome3d.com<\/a>, je\u015bli to mo\u017cliwe):<\/p>\n\n<div class=\"wp-block-group is-nowrap is-layout-flex wp-container-core-group-is-layout-ad2f72ca wp-block-group-is-layout-flex\">\n<div style=\"height:10px;width:0px\" aria-hidden=\"true\" class=\"wp-block-spacer wp-container-content-728072c3\"><\/div>\n\n\n\n<p><em><em>Sweet Home 3D, Copyright (c) 2024 Space Mushrooms &lt;info@sweehome3d.com&gt;<\/em><\/em><\/p>\n<\/div>\n\n<p>Ta zasada dotyczy r\u00f3wnie\u017c korzystania z <a href=\"https:\/\/sourceforge.net\/projects\/sweethome3d\/files\/SweetHome3D-viewer\/SweetHome3DJSViewer-7.5.2.zip\/download\" target=\"_blank\" rel=\"noopener\">Sweet Home 3D JS Viewer<\/a> lub <a href=\"https:\/\/wp-test-1.sweethome3d.eu\/pl\/sweet-home-3d-online-manager\/\" data-type=\"page\" data-id=\"398\">wersji online<\/a> na twojej stronie internetowej, co jest pewnego rodzaju redystrybucj\u0105.<\/p>\n\n<p><em>Nale\u017cy zauwa\u017cy\u0107, \u017ce licencja GNU General Public License zabrania programistom, kt\u00f3rzy nie posiadaj\u0105 praw autorskich do Sweet Home 3D, tworzenia program\u00f3w w\u0142asno\u015bciowych pochodz\u0105cych z tego oprogramowania lub w\u0142\u0105czania go do program\u00f3w w\u0142asno\u015bciowych.<\/em><\/p>\n\n<p><em>Je\u015bli jeste\u015b zainteresowany Sweet Home 3D do takiego u\u017cytku, napisz na adres <a href=\"mailto:info@sweethome3d.com\">info@sweethome3d.com<\/a>, aby uzyska\u0107 informacje o innych dost\u0119pnych licencjach, kt\u00f3re mog\u0105 spe\u0142ni\u0107 twoje potrzeby.<\/em><\/p>\n\n<p>Sweet Home 3D zawiera r\u00f3wnie\u017c nast\u0119puj\u0105ce biblioteki rozpowszechniane na licencjach mniej restrykcyjnych ni\u017c GNU GPL:<\/p>\n\n<ul class=\"wp-block-list\">\n<li>Biblioteka Java 3D rozpowszechniana na licencji <a href=\"https:\/\/www.opensource.org\/licenses\/bsd-license.php\" target=\"_blank\" rel=\"noopener\">BSD license<\/a> i <a href=\"https:\/\/openjdk.java.net\/legal\/gplv2+ce.html\" target=\"_blank\" rel=\"noopener\">GNU General Public License with the Classpath Exception<\/a>,<\/li>\n\n\n\n<li>Biblioteka <a href=\"https:\/\/java.sun.com\/javase\/technologies\/desktop\/media\/jmf\/\" target=\"_blank\" rel=\"noopener\">Java Media Framework<\/a> rozpowszechniana na licencji <a href=\"https:\/\/java.sun.com\/javase\/technologies\/desktop\/media\/jmf\/2.1.1\/license.html\" target=\"_blank\" rel=\"noopener\">JMF 2.1.1 Binary Code License<\/a>,<\/li>\n\n\n\n<li>Biblioteka do drukowania PDF <a href=\"https:\/\/www.lowagie.com\/iText\/\" target=\"_blank\" rel=\"noopener\">iText<\/a> wersja 2.1.7 rozpowszechniana na licencji <a href=\"https:\/\/www.gnu.org\/licenses\/old-licenses\/lgpl-2.1.txt\" target=\"_blank\" rel=\"noopener\">GNU Lesser General Public License<\/a>,<\/li>\n\n\n\n<li>Biblioteka eksportu SVG <a href=\"https:\/\/java.freehep.org\/\" target=\"_blank\" rel=\"noopener\">FreeHep<\/a> rozpowszechniana na licencji <a href=\"https:\/\/www.gnu.org\/licenses\/old-licenses\/lgpl-2.1.txt\" target=\"_blank\" rel=\"noopener\">GNU Lesser General Public License<\/a>,<\/li>\n\n\n\n<li>Biblioteka kompilacji \u015bcie\u017cek SVG <a href=\"https:\/\/xmlgraphics.apache.org\/batik\/\" target=\"_blank\" rel=\"noopener\">Batik<\/a> <a href=\"https:\/\/xmlgraphics.apache.org\/batik\/\" target=\"_blank\" rel=\"noopener\"><\/a>rozpowszechniana na licencji <a href=\"https:\/\/xmlgraphics.apache.org\/batik\/license.html\" target=\"_blank\" rel=\"noopener\">Apache License<\/a>,<\/li>\n\n\n\n<li>Biblioteka kalkulatora <a href=\"https:\/\/www.eteks.com\/jeks\/\" target=\"_blank\" rel=\"noopener\">Jeks Parser<\/a> do obs\u0142ugi wyra\u017ce\u0144 matematycznych rozpowszechniana na licencji <a href=\"https:\/\/www.gnu.org\/licenses\/old-licenses\/lgpl-2.1.txt\" target=\"_blank\" rel=\"noopener\">GNU Lesser General Public License<\/a>,<\/li>\n\n\n\n<li>Biblioteka renderowania z globalnym o\u015bwietleniem <a href=\"https:\/\/sunflow.sourceforge.net\/\" target=\"_blank\" rel=\"noopener\">SunFlow<\/a> rozpowszechniana na licencji <a href=\"https:\/\/www.opensource.org\/licenses\/mit-license.php\" target=\"_blank\" rel=\"noopener\">MIT license<\/a>,<\/li>\n\n\n\n<li>Biblioteka renderowania <a href=\"https:\/\/github.com\/YafaRay\" target=\"_blank\" rel=\"noopener\">YafaRay<\/a> rozpowszechniana na licencji <a href=\"https:\/\/www.gnu.org\/licenses\/old-licenses\/lgpl-2.1.txt\" target=\"_blank\" rel=\"noopener\">GNU Lesser General Public License<\/a><a href=\"https:\/\/www.opensource.org\/licenses\/mit-license.php\" target=\"_blank\" rel=\"noopener\"><\/a>,<\/li>\n\n\n\n<li><a href=\"https:\/\/wp-test-1.sweethome3d.eu\/pl\/darmowe-modele-3d\/\" data-type=\"page\" data-id=\"4869\">Modele 3D<\/a> i tekstury dost\u0119pne w katalogach wersji darmowej s\u0105 rozpowszechniane na licencji GNU GPL lub <a>CC-BY License<\/a>,<\/li>\n\n\n\n<li>Dodatkowe <a href=\"https:\/\/wp-test-1.sweethome3d.eu\/pl\/darmowe-modele-3d\/\" data-type=\"page\" data-id=\"4869\">modele 3D<\/a> i <a href=\"https:\/\/wp-test-1.sweethome3d.eu\/pl\/importowanie-tekstur\/\" data-type=\"page\" data-id=\"4928\">tekstury<\/a> dost\u0119pne w katalogach wersji <a href=\"https:\/\/apps.apple.com\/app\/sweet-home-3d\/id669289700\" target=\"_blank\" rel=\"noopener\">Mac App Store<\/a>, <a href=\"https:\/\/apps.microsoft.com\/detail\/9nblggh2smtq\" target=\"_blank\" rel=\"noopener\">Microsoft Store<\/a> i <a href=\"https:\/\/www.amazon.com\/gp\/product\/B00NLVKPDM\" target=\"_blank\" rel=\"noopener\">Amazon Store<\/a> s\u0105 rozpowszechniane na licencji <a href=\"https:\/\/artlibre.org\/licence\/lal\/en\" target=\"_blank\" rel=\"noopener\">Free Art Licence<\/a>, <a href=\"https:\/\/creativecommons.org\/licenses\/by\/3.0\/\" target=\"_blank\" rel=\"noopener\">CC-BY License<\/a> lub s\u0105 dost\u0119pne w domenie publicznej, w zale\u017cno\u015bci od modeli.<\/li>\n<\/ul>\n\n<p>Sweet Home 3D JS korzysta r\u00f3wnie\u017c z nast\u0119puj\u0105cych bibliotek:<\/p>\n\n<ul class=\"wp-block-list\">\n<li>Biblioteka <a href=\"https:\/\/stuk.github.io\/jszip\/\" target=\"_blank\" rel=\"noopener\">JSZip<\/a> rozpowszechniana na licencji <a href=\"https:\/\/github.com\/Stuk\/jszip\/blob\/master\/LICENSE.markdown\" target=\"_blank\" rel=\"noopener\">MIT license<\/a>,<\/li>\n\n\n\n<li>Biblioteka <a href=\"https:\/\/glmatrix.net\/\" target=\"_blank\" rel=\"noopener\">glMatrix<\/a> rozpowszechniana na licencji <a href=\"https:\/\/github.com\/toji\/gl-matrix\/blob\/master\/LICENSE.md\" target=\"_blank\" rel=\"noopener\">MIT license<\/a>,<\/li>\n\n\n\n<li>Biblioteka <a href=\"https:\/\/github.com\/MikeMcl\/big.js\/\" target=\"_blank\" rel=\"noopener\">big.js<\/a> rozpowszechniana na licencji <a href=\"https:\/\/github.com\/MikeMcl\/big.js\/blob\/main\/LICENCE.md\" target=\"_blank\" rel=\"noopener\">MIT license<\/a>,<\/li>\n\n\n\n<li>Biblioteka <a href=\"https:\/\/github.com\/ndebeiss\/jsXmlSaxParser\" target=\"_blank\" rel=\"noopener\">jsXmlSaxParser<\/a> rozpowszechniana na licencji <a href=\"https:\/\/raw.githubusercontent.com\/ndebeiss\/jsXmlSaxParser\/master\/LICENSE\" target=\"_blank\" rel=\"noopener\">Apache license<\/a>,<\/li>\n\n\n\n<li>T\u0142umaczenie JavaScript klasy <code>Triangulator<\/code> w bibliotece <a href=\"https:\/\/github.com\/hharrison\/java3d-utils\" target=\"_blank\" rel=\"noopener\">Java 3D utils<\/a> rozpowszechniane na licencji <a href=\"https:\/\/github.com\/hharrison\/java3d-utils\/blob\/master\/LICENSE.txt\" target=\"_blank\" rel=\"noopener\">BSD license<\/a>,<\/li>\n\n\n\n<li>T\u0142umaczenie JavaScript biblioteki kompilacji \u015bcie\u017cek SVG <a href=\"https:\/\/xmlgraphics.apache.org\/batik\/\" target=\"_blank\" rel=\"noopener\">Batik<\/a> rozpowszechniane na licencji <a href=\"https:\/\/xmlgraphics.apache.org\/batik\/license.html\" target=\"_blank\" rel=\"noopener\">Apache License<\/a>,<\/li>\n\n\n\n<li>Biblioteka <a href=\"https:\/\/github.com\/stleary\/JSON-java\" target=\"_blank\" rel=\"noopener\">JSON.org<\/a> rozpowszechniana na licencji <a href=\"https:\/\/github.com\/stleary\/JSON-java\/blob\/master\/LICENSE\" target=\"_blank\" rel=\"noopener\">JSON free license<\/a>,<\/li>\n\n\n\n<li>T\u0142umaczenie JavaScript pakiet\u00f3w <code>java.awt.geom<\/code> i <code>javax.swing.undo<\/code> w bibliotece <a href=\"https:\/\/openjdk.java.net\/\" target=\"_blank\" rel=\"noopener\">OpenJDK<\/a> rozpowszechniane na licencji <a href=\"https:\/\/openjdk.java.net\/legal\/gplv2+ce.html\" target=\"_blank\" rel=\"noopener\">GNU General Public License with the Classpath Exception<\/a>.<\/li>\n<\/ul>\n","protected":false},"excerpt":{"rendered":"<p>Sweet Home 3D, Copyright (c) 2024 Space Mushrooms &lt;info@sweethome3d.com&gt; Darmowa wersja aplikacji Sweet Home 3D, aplikacje Furniture Library Editor i Textures Library Editor, a tak\u017ce Sweet Home 3D JS s\u0105 dystrybuowane na licencji GNU General Public License; mo\u017cesz ich u\u017cywa\u0107, kopiowa\u0107, rozpowszechnia\u0107 i\/lub modyfikowa\u0107 zgodnie z warunkami tej licencji opublikowanej przez Free Software Foundation; w [&hellip;]<\/p>\n","protected":false},"author":2,"featured_media":0,"parent":0,"menu_order":0,"comment_status":"closed","ping_status":"closed","template":"","meta":{"inline_featured_image":false,"footnotes":""},"class_list":["post-11838","page","type-page","status-publish","hentry"],"_links":{"self":[{"href":"https:\/\/wp-test-1.sweethome3d.eu\/pl\/wp-json\/wp\/v2\/pages\/11838","targetHints":{"allow":["GET"]}}],"collection":[{"href":"https:\/\/wp-test-1.sweethome3d.eu\/pl\/wp-json\/wp\/v2\/pages"}],"about":[{"href":"https:\/\/wp-test-1.sweethome3d.eu\/pl\/wp-json\/wp\/v2\/types\/page"}],"author":[{"embeddable":true,"href":"https:\/\/wp-test-1.sweethome3d.eu\/pl\/wp-json\/wp\/v2\/users\/2"}],"replies":[{"embeddable":true,"href":"https:\/\/wp-test-1.sweethome3d.eu\/pl\/wp-json\/wp\/v2\/comments?post=11838"}],"version-history":[{"count":1,"href":"https:\/\/wp-test-1.sweethome3d.eu\/pl\/wp-json\/wp\/v2\/pages\/11838\/revisions"}],"predecessor-version":[{"id":11839,"href":"https:\/\/wp-test-1.sweethome3d.eu\/pl\/wp-json\/wp\/v2\/pages\/11838\/revisions\/11839"}],"wp:attachment":[{"href":"https:\/\/wp-test-1.sweethome3d.eu\/pl\/wp-json\/wp\/v2\/media?parent=11838"}],"curies":[{"name":"wp","href":"https:\/\/api.w.org\/{rel}","templated":true}]}}