{"id":11874,"date":"2025-09-11T08:47:20","date_gmt":"2025-09-11T08:47:20","guid":{"rendered":"https:\/\/wp-test-1.sweethome3d.eu\/polityka-prywatnosci\/"},"modified":"2025-11-04T11:14:01","modified_gmt":"2025-11-04T11:14:01","slug":"polityka-prywatnosci","status":"publish","type":"page","link":"https:\/\/wp-test-1.sweethome3d.eu\/pl\/polityka-prywatnosci\/","title":{"rendered":"Polityka prywatno\u015bci"},"content":{"rendered":"\n<p>Space Mushrooms, w\u0142a\u015bciciel oprogramowania i praw autorskich Sweet Home 3D oraz strony internetowej <code>sweethome3d.com<\/code>, nie zbiera danych prywatnych na stronie internetowej <code>sweethome3d.com<\/code>, z wyj\u0105tkiem u\u017cytkownik\u00f3w <a href=\"https:\/\/www.sweethome3d.com\/support\/forum\/registermember\" target=\"_blank\" rel=\"noopener\">zarejestrowanych<\/a> na <a href=\"https:\/\/www.sweethome3d.com\/support\/forum\/?lang=en\" target=\"_blank\" rel=\"noopener\">forum<\/a>. Logi ruchu przechowywane na serwerze nie s\u0105 publiczne i <code>sweethome3d.com<\/code> nie wy\u015bwietla \u017cadnych reklam.<br\/>Niemniej jednak, wi\u0119kszo\u015b\u0107 stron opublikowanych na stronie internetowej <code>sweethome3d.com<\/code> wy\u015bwietla logo Sourceforge, kilka stron pokazuje filmy hostowane gdzie indziej, a forum pozwala u\u017cytkownikom udost\u0119pnia\u0107 obrazy hostowane na innych stronach internetowych. Te obrazy i filmy pochodz\u0105 z <code>sourceforge.net<\/code>, <code>youtube.com<\/code>, <code>dailymotion.com<\/code> i innych serwer\u00f3w internetowych, co potencjalnie umo\u017cliwia w\u0142a\u015bcicielom tych stron \u015bledzenie wizyt u\u017cytkownik\u00f3w na stronie internetowej <code>sweethome3d.com<\/code> wed\u0142ug w\u0142asnego uznania.  <\/p>\n\n<p>W przypadku zarejestrowanych u\u017cytkownik\u00f3w, dane przechowywane na <code>sweethome3d.com<\/code> sk\u0142adaj\u0105 si\u0119 z:<\/p>\n\n<ul class=\"wp-block-list\">\n<li>informacji podanych podczas rejestracji (co najmniej login, zaszyfrowane has\u0142o i email)<\/li>\n\n\n\n<li>ich wiadomo\u015bci opublikowanych na <a href=\"https:\/\/www.sweethome3d.com\/support\/forum\/?lang=en\" target=\"_blank\" rel=\"noopener\">forum<\/a><\/li>\n\n\n\n<li>dom\u00f3w online, kt\u00f3re stworzyli w <a href=\"https:\/\/wp-test-1.sweethome3d.eu\/pl\/sweet-home-3d-online-manager\/\" data-type=\"page\" data-id=\"398\">Sweet Home 3D Online<\/a> lub wyeksportowali w <a href=\"https:\/\/wp-test-1.sweethome3d.eu\/pl\/menedzer-wyeksportowanych-domow\/\" data-type=\"page\" data-id=\"4976\">Mened\u017cerze wyeksportowanych dom\u00f3w<\/a>.<\/li>\n<\/ul>\n\n<p>Dane dom\u00f3w s\u0105 prywatne, chyba \u017ce u\u017cytkownik wyra\u017anie zgodzi si\u0119 na ich publiczne udost\u0119pnienie. Ka\u017cdy u\u017cytkownik mo\u017ce samodzielnie pobra\u0107 swoje dane lub poprosi\u0107 o ich usuni\u0119cie w razie potrzeby, pisz\u0105c na adres <a href=\"mailto:info@sweethome3d.com\">info@sweethome3d.com<\/a>. Space Mushrooms gwarantuje, \u017ce podj\u0119to wszelkie niezb\u0119dne \u015brodki, aby zapewni\u0107, \u017ce dane dom\u00f3w u\u017cytkownik\u00f3w zarz\u0105dzane w ramach poprzedniej w\u0142asno\u015bci strony internetowej eTeks nigdy nie b\u0119d\u0105 wykorzystywane w \u017cadnym celu bez poinformowania u\u017cytkownik\u00f3w.  <\/p>\n\n<p><strong>Aplikacje Dystrybuowane Przez Sklepy Zewn\u0119trzne<\/strong><br\/>Informacje o u\u017cytkownikach, kt\u00f3rzy pobieraj\u0105 i instaluj\u0105 Sweet Home 3D lub Sweet Home 3D Mobile z Mac App Store, App Store, Microsoft Store, Google Play lub Amazon s\u0105 g\u0142\u00f3wnie zarz\u0105dzane przez te firmy. Space Mushrooms nie otrzymuje danych osobowych u\u017cytkownik\u00f3w z tych platform. <\/p>\n\n<p><strong>Analityka i \u015aledzenie w Aplikacjach<\/strong><br\/>Nasze wersje Sweet Home 3D na iOS i macOS zawieraj\u0105 Firebase Analytics do cel\u00f3w ulepszania aplikacji. Firebase Analytics zbiera dane takie jak anonimowe statystyki u\u017cytkowania aplikacji i raporty o awariach. Te dane nie s\u0105 powi\u0105zane z twoj\u0105 to\u017csamo\u015bci\u0105 i s\u0105 wykorzystywane wy\u0142\u0105cznie do poprawy funkcjonalno\u015bci aplikacji i do\u015bwiadczenia u\u017cytkownika. Nie zbieramy \u017cadnych danych osobowych, takich jak imiona czy adresy email, poprzez Firebase.   <\/p>\n\n<p>Zobacz tak\u017ce <a href=\"https:\/\/wp-test-1.sweethome3d.eu\/pl\/polityka-prywatnosci\/\" data-type=\"page\" data-id=\"3\">informacje prawne<\/a>, aby uzyska\u0107 wi\u0119cej informacji o Space Mushrooms i Sweet Home 3D.<\/p>\n","protected":false},"excerpt":{"rendered":"<p>Space Mushrooms, w\u0142a\u015bciciel oprogramowania i praw autorskich Sweet Home 3D oraz strony internetowej sweethome3d.com, nie zbiera danych prywatnych na stronie internetowej sweethome3d.com, z wyj\u0105tkiem u\u017cytkownik\u00f3w zarejestrowanych na forum. Logi ruchu przechowywane na serwerze nie s\u0105 publiczne i sweethome3d.com nie wy\u015bwietla \u017cadnych reklam.Niemniej jednak, wi\u0119kszo\u015b\u0107 stron opublikowanych na stronie internetowej sweethome3d.com wy\u015bwietla logo Sourceforge, kilka stron [&hellip;]<\/p>\n","protected":false},"author":1,"featured_media":0,"parent":0,"menu_order":0,"comment_status":"closed","ping_status":"open","template":"","meta":{"inline_featured_image":false,"footnotes":""},"class_list":["post-11874","page","type-page","status-publish","hentry"],"_links":{"self":[{"href":"https:\/\/wp-test-1.sweethome3d.eu\/pl\/wp-json\/wp\/v2\/pages\/11874","targetHints":{"allow":["GET"]}}],"collection":[{"href":"https:\/\/wp-test-1.sweethome3d.eu\/pl\/wp-json\/wp\/v2\/pages"}],"about":[{"href":"https:\/\/wp-test-1.sweethome3d.eu\/pl\/wp-json\/wp\/v2\/types\/page"}],"author":[{"embeddable":true,"href":"https:\/\/wp-test-1.sweethome3d.eu\/pl\/wp-json\/wp\/v2\/users\/1"}],"replies":[{"embeddable":true,"href":"https:\/\/wp-test-1.sweethome3d.eu\/pl\/wp-json\/wp\/v2\/comments?post=11874"}],"version-history":[{"count":1,"href":"https:\/\/wp-test-1.sweethome3d.eu\/pl\/wp-json\/wp\/v2\/pages\/11874\/revisions"}],"predecessor-version":[{"id":11875,"href":"https:\/\/wp-test-1.sweethome3d.eu\/pl\/wp-json\/wp\/v2\/pages\/11874\/revisions\/11875"}],"wp:attachment":[{"href":"https:\/\/wp-test-1.sweethome3d.eu\/pl\/wp-json\/wp\/v2\/media?parent=11874"}],"curies":[{"name":"wp","href":"https:\/\/api.w.org\/{rel}","templated":true}]}}